{"id":10343,"date":"2025-04-20T19:04:25","date_gmt":"2025-04-20T16:04:25","guid":{"rendered":"https:\/\/hand2noteguide.com\/?page_id=10343"},"modified":"2026-03-10T11:22:10","modified_gmt":"2026-03-10T08:22:10","slug":"hand2note-report-menu","status":"publish","type":"page","link":"https:\/\/hand2noteguide.com\/de\/user-manual\/hand2note-report-menu\/","title":{"rendered":"Hand2Notes &#8220;Berichte&#8221; Tool"},"content":{"rendered":"\n<p>In Hand2Note bietet der Tab \u201eBerichte\u201c ein leistungsstarkes, nahezu unbegrenztes Werkzeug zur Analyse Ihres Spiels oder des Spiels Ihrer Gegner. Dank dieser Funktion ist die F\u00e4higkeit, verschiedene Spielsituationen zu filtern, buchst\u00e4blich nur durch Ihre eigene Vorstellungskraft begrenzt.<\/p>\n\n\n\n<p>\u201eBerichte\u201c erm\u00f6glichen es Ihnen, Informationen so detailliert wie m\u00f6glich nicht nur \u00fcber die \u00fcblichen Spielsituationen zu erhalten, sondern auch auf so komplexe und unkonventionelle Fragen zu antworten, wie: \u201eWie oft folde ich, wenn ich in fr\u00fcher Position eine Continuation Bet am Flop mache, auf ein Raise meines Gegners, der am Button sitzt?\u201c<\/p>\n\n\n\n<p>In diesem Artikel betrachten wir die Navigation und die grundlegenden Funktionen dieses Tabs. Dies wird Ihnen helfen, die Mechanik der Arbeit mit \u201eBerichten\u201c zu verstehen und sich mit seinen Funktionen vertraut zu machen.<\/p>\n\n\n\n<h2 class=\"wp-block-heading\">Navigation in \u201eBerichten\u201c und Mechanik der Arbeit mit ihnen<\/h2>\n\n\n\n<p>Um den Tab \u201eBerichte\u201c zu \u00f6ffnen, finden Sie \u201eBerichte\u201c (1) im Hauptfenster und klicken Sie darauf.<\/p>\n\n\n\n<figure class=\"wp-block-image size-large\"><img loading=\"lazy\" decoding=\"async\" width=\"1024\" height=\"576\" src=\"http:\/\/hand2noteguide.com\/wp-content\/uploads\/2025\/04\/\u0411\u0435\u0437-567567567\u0438\u043c\u0435\u043d\u0438-1-1024x576.jpg\" alt=\"\" class=\"wp-image-10390\" srcset=\"https:\/\/hand2noteguide.com\/wp-content\/uploads\/2025\/04\/\u0411\u0435\u0437-567567567\u0438\u043c\u0435\u043d\u0438-1-1024x576.jpg 1024w, https:\/\/hand2noteguide.com\/wp-content\/uploads\/2025\/04\/\u0411\u0435\u0437-567567567\u0438\u043c\u0435\u043d\u0438-1-300x169.jpg 300w, https:\/\/hand2noteguide.com\/wp-content\/uploads\/2025\/04\/\u0411\u0435\u0437-567567567\u0438\u043c\u0435\u043d\u0438-1-768x432.jpg 768w, https:\/\/hand2noteguide.com\/wp-content\/uploads\/2025\/04\/\u0411\u0435\u0437-567567567\u0438\u043c\u0435\u043d\u0438-1-1536x864.jpg 1536w, https:\/\/hand2noteguide.com\/wp-content\/uploads\/2025\/04\/\u0411\u0435\u0437-567567567\u0438\u043c\u0435\u043d\u0438-1-772x434.jpg 772w, https:\/\/hand2noteguide.com\/wp-content\/uploads\/2025\/04\/\u0411\u0435\u0437-567567567\u0438\u043c\u0435\u043d\u0438-1-624x351.jpg 624w, https:\/\/hand2noteguide.com\/wp-content\/uploads\/2025\/04\/\u0411\u0435\u0437-567567567\u0438\u043c\u0435\u043d\u0438-1.jpg 1920w\" sizes=\"auto, (max-width: 1024px) 100vw, 1024px\" \/><\/figure>\n\n\n\n<p>Die Mechanik der Arbeit mit Berichten umfasst eine sequentielle B\u00fcndelung von Aktionen, n\u00e4mlich:<\/p>\n\n\n\n<ol class=\"wp-block-list\">\n<li>Zuerst m\u00fcssen wir die Frage beantworten: \u201eWessen Spiel analysieren wir?\u201c. Um ein Objekt (Spieler, Alias oder eine Gruppe von Spielern) zur Analyse auszuw\u00e4hlen, m\u00fcssen Sie auf die Schaltfl\u00e4che mit dem Spitznamen in der oberen linken Ecke des Fensters (2) klicken. Unmittelbar nach der Auswahl sehen wir in Bereich (4) und Bereich (5) die Statistiken ohne jegliche Filterung des analysierten Objekts, das wir angegeben haben.<\/li>\n\n\n\n<li>Als n\u00e4chstes m\u00fcssen wir die Frage beantworten: \u201eWelche Kriterien ben\u00f6tigen wir, um die Statistiken eines Spielers, eines Alias oder einer Gruppe von Spielern zu analysieren?\u201c Um den notwendigen Filter f\u00fcr die Statistiken zu setzen, die den Analyse-Kriterien entsprechen, finden Sie die Schaltfl\u00e4che \u201e+ Filter\u201c (3) und klicken Sie darauf. W\u00e4hlen Sie dann den gew\u00fcnschten Filter aus und wenden Sie ihn an. Danach \u00e4ndern sich die Statistiken in Bereich (4) und Bereich (5) entsprechend dem angewendeten Filter.<\/li>\n<\/ol>\n\n\n\n<h3 class=\"wp-block-heading\">Auswahl von Filtern zur Anwendung auf Statistiken<\/h3>\n\n\n\n<p>Nach dem Klicken auf die Schaltfl\u00e4che \u201e+ Filter\u201c \u00f6ffnet sich das Filterfenster. Darin k\u00f6nnen Sie einen der vorgefertigten Filter ausw\u00e4hlen, die sich in den Tabs in der Mitte des Fensters befinden. Sie k\u00f6nnen auch Ihren eigenen Filter zur Analyse erstellen, indem Sie den Stat-Editor aufrufen und auf \u201e+ Benutzerdefinierter Filter\u201c (8) klicken.<\/p>\n\n\n\n<p><em>Sie k\u00f6nnen mehrere Filter gleichzeitig verwenden. Wichtig ist, keine sich gegenseitig ausschlie\u00dfenden Filter zusammen zu verwenden; andernfalls zeigt der Bericht null Ergebnisse an.<\/em><\/p>\n\n\n\n<p>Nach der Auswahl der Filter klicken Sie auf die Schaltfl\u00e4che \u201eANWENDEN\u201c (9) &#8211; um sie in den Berichten anzuwenden.<\/p>\n\n\n\n<figure class=\"wp-block-image size-large\"><img loading=\"lazy\" decoding=\"async\" width=\"1024\" height=\"601\" src=\"http:\/\/hand2noteguide.com\/wp-content\/uploads\/2025\/04\/\u0411\u0435\u0437-\u0438\u043c7676767\u0435\u043d\u0438-2-1024x601.jpg\" alt=\"\" class=\"wp-image-10432\" srcset=\"https:\/\/hand2noteguide.com\/wp-content\/uploads\/2025\/04\/\u0411\u0435\u0437-\u0438\u043c7676767\u0435\u043d\u0438-2-1024x601.jpg 1024w, https:\/\/hand2noteguide.com\/wp-content\/uploads\/2025\/04\/\u0411\u0435\u0437-\u0438\u043c7676767\u0435\u043d\u0438-2-300x176.jpg 300w, https:\/\/hand2noteguide.com\/wp-content\/uploads\/2025\/04\/\u0411\u0435\u0437-\u0438\u043c7676767\u0435\u043d\u0438-2-768x451.jpg 768w, https:\/\/hand2noteguide.com\/wp-content\/uploads\/2025\/04\/\u0411\u0435\u0437-\u0438\u043c7676767\u0435\u043d\u0438-2-1536x901.jpg 1536w, https:\/\/hand2noteguide.com\/wp-content\/uploads\/2025\/04\/\u0411\u0435\u0437-\u0438\u043c7676767\u0435\u043d\u0438-2-772x453.jpg 772w, https:\/\/hand2noteguide.com\/wp-content\/uploads\/2025\/04\/\u0411\u0435\u0437-\u0438\u043c7676767\u0435\u043d\u0438-2-624x366.jpg 624w, https:\/\/hand2noteguide.com\/wp-content\/uploads\/2025\/04\/\u0411\u0435\u0437-\u0438\u043c7676767\u0435\u043d\u0438-2.jpg 1841w\" sizes=\"auto, (max-width: 1024px) 100vw, 1024px\" \/><\/figure>\n\n\n\n<p>Das bereitgestellte Set von Filtern, das in Tabs pr\u00e4sentiert wird, ist in Kategorien unterteilt:<\/p>\n\n\n\n<ul class=\"wp-block-list\">\n<li>Tab \u201eSchnellfilter\u201c (1) &#8211; in diesem Tab k\u00f6nnen Sie eine der wichtigsten m\u00f6glichen Aktionen eines Spielers zur Analyse ausw\u00e4hlen;<\/li>\n\n\n\n<li>Tab \u201ePositionen\u201c (2) &#8211; in diesem Tab k\u00f6nnen Sie die Position des Spielers oder seines Gegners in der Hand angeben &#8211; entweder Preflop oder Postflop;<\/li>\n\n\n\n<li>Tab \u201eAllgemein\u201c (3) erm\u00f6glicht es Ihnen, Statistiken nach den Hauptmerkmalen des Spiels selbst zu filtern. Zum Beispiel: Tischgr\u00f6\u00dfe, Big Blind, Straddle, Pokerraum, Auswahl (die Anzahl der Chips am Tisch mit dem Spieler), gespielte W\u00e4hrung, Spieltyp (Hold&#8217;em, Omaha und \u00e4hnliche), Potgr\u00f6\u00dfe und viele andere;<\/li>\n\n\n\n<li>Der Tab \u201eAktionen\u201c (4) &#8211; erm\u00f6glicht es Ihnen, eine Linie von Spieleraktionen von Stra\u00dfe zu Stra\u00dfe zur Analyse zu erstellen;<\/li>\n\n\n\n<li>Der Tab \u201eHandst\u00e4rke\u201c (5) &#8211; erm\u00f6glicht es Ihnen, f\u00fcr die Analyse die Hand (oder mehrere H\u00e4nde) festzulegen, die dem Spieler zugeteilt wurden, als die Karten ausgeteilt wurden. Auch in diesem Tab k\u00f6nnen Sie nur die H\u00e4nde zur Analyse einbeziehen, die der Spieler w\u00e4hrend des Spiels gezeigt hat (bekannte H\u00e4nde);<\/li>\n\n\n\n<li>Der Tab \u201eSession\u201c (6) &#8211; erm\u00f6glicht es Ihnen, den Zeitraum des Spiels zur Analyse auszuw\u00e4hlen. Zum Beispiel: nach Tageszeit, Wochentag, Monat des Jahres und viele andere;<\/li>\n\n\n\n<li>Der Tab \u201eTurniere\u201c (7) erm\u00f6glicht es Ihnen, turnierspezifische Kriterien zur Analyse auszuw\u00e4hlen.<\/li>\n<\/ul>\n\n\n\n<h3 class=\"wp-block-heading\">Ergebnisse anzeigen sowie durch statistische Tabs navigieren<\/h3>\n\n\n\n<p>Nach der Auswahl eines Spielers sowie der Auswahl und Anwendung von Filtern k\u00f6nnen wir alle notwendigen Informationen \u00fcber ihn in statistischer Form direkt unter der Schaltfl\u00e4che \u201e+Filter\u201c &#8211; in Feld (1) und Feld (2) sehen.<\/p>\n\n\n\n<figure class=\"wp-block-image size-large\"><img loading=\"lazy\" decoding=\"async\" width=\"1024\" height=\"573\" src=\"http:\/\/hand2noteguide.com\/wp-content\/uploads\/2025\/04\/\u0411\u0435\u0437-\u0438\u043c\u04353453\u043d\u0438-1-1024x573.jpg\" alt=\"\" class=\"wp-image-10453\" srcset=\"https:\/\/hand2noteguide.com\/wp-content\/uploads\/2025\/04\/\u0411\u0435\u0437-\u0438\u043c\u04353453\u043d\u0438-1-1024x573.jpg 1024w, https:\/\/hand2noteguide.com\/wp-content\/uploads\/2025\/04\/\u0411\u0435\u0437-\u0438\u043c\u04353453\u043d\u0438-1-300x168.jpg 300w, https:\/\/hand2noteguide.com\/wp-content\/uploads\/2025\/04\/\u0411\u0435\u0437-\u0438\u043c\u04353453\u043d\u0438-1-768x430.jpg 768w, https:\/\/hand2noteguide.com\/wp-content\/uploads\/2025\/04\/\u0411\u0435\u0437-\u0438\u043c\u04353453\u043d\u0438-1-1536x860.jpg 1536w, https:\/\/hand2noteguide.com\/wp-content\/uploads\/2025\/04\/\u0411\u0435\u0437-\u0438\u043c\u04353453\u043d\u0438-1-772x432.jpg 772w, https:\/\/hand2noteguide.com\/wp-content\/uploads\/2025\/04\/\u0411\u0435\u0437-\u0438\u043c\u04353453\u043d\u0438-1-624x349.jpg 624w, https:\/\/hand2noteguide.com\/wp-content\/uploads\/2025\/04\/\u0411\u0435\u0437-\u0438\u043c\u04353453\u043d\u0438-1.jpg 1691w\" sizes=\"auto, (max-width: 1024px) 100vw, 1024px\" \/><\/figure>\n\n\n\n<p>Das Feld (1) zeigt die Tabs:<\/p>\n\n\n\n<ul class=\"wp-block-list\">\n<li>\u201eStats\u201c &#8211; hier k\u00f6nnen Sie die wichtigsten statistischen Indikatoren wie Win Rate, VPIP, PFR, <a href=\"https:\/\/hand2noteguide.com\/de\/poker\/poker-hud-stats\/3bet-in-poker\/\">3bet<\/a> und viele andere sehen;<\/li>\n\n\n\n<li>\u201eGraph\u201c &#8211; in diesem Tab k\u00f6nnen Sie ein Diagramm der Spielergebnisse sehen &#8211; in der von Ihnen gew\u00e4hlten W\u00e4hrung oder in Big Blinds;<\/li>\n\n\n\n<li>\u201ePreflop Range\u201c &#8211; Preflop-Diagramm der H\u00e4nde, die der Spieler w\u00e4hrend des Spiels gezeigt hat;<\/li>\n\n\n\n<li>\u201eHandst\u00e4rke\u201c &#8211; zeigt die Handst\u00e4rke, die der Spieler auf verschiedenen Stra\u00dfen gespielt hat.<\/li>\n<\/ul>\n\n\n\n<p>Im Feld (2) gibt es verschiedene Tabs, in denen Sie solche Daten sehen k\u00f6nnen wie: die Liste der H\u00e4nde (\u201eH\u00e4nde\u201c), Ergebnisse des Spiels bei verschiedenen Limits (\u201eErgebnisse\u201c), Ergebnisse unter Ber\u00fccksichtigung verschiedener Preflop-Positionen des Spielers (\u201ePositionen\u201c) und viele andere.<\/p>\n\n\n\n<p><em>Auch im Feld (2) k\u00f6nnen Sie auf das \u201e+\u201c-Symbol (3) am Ende der Tab-Liste klicken und fehlende Tabs mit verschiedenen Datens\u00e4tzen hinzuf\u00fcgen (4).<\/em><\/p>\n\n\n\n<h3 class=\"wp-block-heading\">Bericht innerhalb eines Berichts<\/h3>\n\n\n\n<p>Besondere Aufmerksamkeit verdient die Funktion, einen zus\u00e4tzlichen Bericht innerhalb eines bereits erstellten zu \u00f6ffnen.<\/p>\n\n\n\n<p>Durch Klicken auf die Zeilen in bestimmten Tabs des Feldes (1) k\u00f6nnen Sie ein zus\u00e4tzliches Berichtsfenster auf der rechten Seite im Feld (2) \u00f6ffnen. Es wird bereits alle zuvor angewendeten Filter sowie die Zeile in den Tabs ber\u00fccksichtigen, die Sie ausgew\u00e4hlt haben (zum Beispiel: NL $5, 6-max).<\/p>\n\n\n\n<figure class=\"wp-block-image size-large\"><img loading=\"lazy\" decoding=\"async\" width=\"1024\" height=\"551\" src=\"http:\/\/hand2noteguide.com\/wp-content\/uploads\/2025\/04\/\u0411\u0435\u0437-\u0438\u043cSDFSDFSDF\u0435\u043d\u0438-2-1024x551.jpg\" alt=\"\" class=\"wp-image-10482\" srcset=\"https:\/\/hand2noteguide.com\/wp-content\/uploads\/2025\/04\/\u0411\u0435\u0437-\u0438\u043cSDFSDFSDF\u0435\u043d\u0438-2-1024x551.jpg 1024w, https:\/\/hand2noteguide.com\/wp-content\/uploads\/2025\/04\/\u0411\u0435\u0437-\u0438\u043cSDFSDFSDF\u0435\u043d\u0438-2-300x161.jpg 300w, https:\/\/hand2noteguide.com\/wp-content\/uploads\/2025\/04\/\u0411\u0435\u0437-\u0438\u043cSDFSDFSDF\u0435\u043d\u0438-2-768x413.jpg 768w, https:\/\/hand2noteguide.com\/wp-content\/uploads\/2025\/04\/\u0411\u0435\u0437-\u0438\u043cSDFSDFSDF\u0435\u043d\u0438-2-1536x826.jpg 1536w, https:\/\/hand2noteguide.com\/wp-content\/uploads\/2025\/04\/\u0411\u0435\u0437-\u0438\u043cSDFSDFSDF\u0435\u043d\u0438-2-772x415.jpg 772w, https:\/\/hand2noteguide.com\/wp-content\/uploads\/2025\/04\/\u0411\u0435\u0437-\u0438\u043cSDFSDFSDF\u0435\u043d\u0438-2-624x336.jpg 624w, https:\/\/hand2noteguide.com\/wp-content\/uploads\/2025\/04\/\u0411\u0435\u0437-\u0438\u043cSDFSDFSDF\u0435\u043d\u0438-2.jpg 1915w\" sizes=\"auto, (max-width: 1024px) 100vw, 1024px\" \/><\/figure>\n\n\n\n<p>Im Feld (2) k\u00f6nnen Sie Ihre eigenen Filter zus\u00e4tzlich zu den Filtern aus Feld (1) zur Analyse anwenden. Und auch den \u00dcbergang zum dritten Bericht auf der rechten Seite fortsetzen, indem Sie auf die notwendigen Zeilen in den internen Tabs der Statistiken klicken, jedoch bereits im Bereich des zweiten Berichts.<\/p>\n\n\n\n<p>Diese Funktion erm\u00f6glicht es, Statistiken auf der Grundlage zuvor erstellter Filterung zu filtern, wodurch die M\u00f6glichkeiten zur Analyse vereinfacht und unendlich erweitert werden.<\/p>\n\n\n\n<h3 class=\"wp-block-heading\">Export von H\u00e4nden aus dem Berichtsmen\u00fc<\/h3>\n\n\n\n<p>Hand2Note erm\u00f6glicht den Export von H\u00e4nden aus Berichten. Einschlie\u00dflich solcher mit auf die Statistiken angewendeten Filtern.<\/p>\n\n\n\n<p>Dies gibt uns wiederum die M\u00f6glichkeit, H\u00e4nde mit bestimmten Spielsituationen unter Ber\u00fccksichtigung der zuvor angewendeten Filter zu entladen. In Zukunft k\u00f6nnen diese H\u00e4nde beispielsweise zum Laden in eine separate Datenbank verwendet werden.<\/p>\n\n\n\n<p>Um H\u00e4nde aus den Berichten zu exportieren, w\u00e4hlen Sie den Tab \u201eH\u00e4nde\u201c (1). Klicken Sie dann in der ge\u00f6ffneten Liste der H\u00e4nde unten (2) mit der rechten Maustaste auf eine von ihnen. W\u00e4hlen Sie im Dropdown-Men\u00fc \u201eH\u00e4nde exportieren\u201c (3) und geben Sie einen Speicherort an.<\/p>\n\n\n\n<figure class=\"wp-block-image size-large\"><img loading=\"lazy\" decoding=\"async\" width=\"1024\" height=\"576\" src=\"http:\/\/hand2noteguide.com\/wp-content\/uploads\/2025\/04\/\u0411\u0435\u0437-\u0432\u0444\u044b\u0432\u0444\u044b\u0432\u0444\u0432\u0444\u044b\u0432\u0444\u044b\u0432\u0438\u043c\u0435\u043d\u0438-3-1024x576.jpg\" alt=\"\" class=\"wp-image-10500\" srcset=\"https:\/\/hand2noteguide.com\/wp-content\/uploads\/2025\/04\/\u0411\u0435\u0437-\u0432\u0444\u044b\u0432\u0444\u044b\u0432\u0444\u0432\u0444\u044b\u0432\u0444\u044b\u0432\u0438\u043c\u0435\u043d\u0438-3-1024x576.jpg 1024w, https:\/\/hand2noteguide.com\/wp-content\/uploads\/2025\/04\/\u0411\u0435\u0437-\u0432\u0444\u044b\u0432\u0444\u044b\u0432\u0444\u0432\u0444\u044b\u0432\u0444\u044b\u0432\u0438\u043c\u0435\u043d\u0438-3-300x169.jpg 300w, https:\/\/hand2noteguide.com\/wp-content\/uploads\/2025\/04\/\u0411\u0435\u0437-\u0432\u0444\u044b\u0432\u0444\u044b\u0432\u0444\u0432\u0444\u044b\u0432\u0444\u044b\u0432\u0438\u043c\u0435\u043d\u0438-3-768x432.jpg 768w, https:\/\/hand2noteguide.com\/wp-content\/uploads\/2025\/04\/\u0411\u0435\u0437-\u0432\u0444\u044b\u0432\u0444\u044b\u0432\u0444\u0432\u0444\u044b\u0432\u0444\u044b\u0432\u0438\u043c\u0435\u043d\u0438-3-1536x864.jpg 1536w, https:\/\/hand2noteguide.com\/wp-content\/uploads\/2025\/04\/\u0411\u0435\u0437-\u0432\u0444\u044b\u0432\u0444\u044b\u0432\u0444\u0432\u0444\u044b\u0432\u0444\u044b\u0432\u0438\u043c\u0435\u043d\u0438-3-772x434.jpg 772w, https:\/\/hand2noteguide.com\/wp-content\/uploads\/2025\/04\/\u0411\u0435\u0437-\u0432\u0444\u044b\u0432\u0444\u044b\u0432\u0444\u0432\u0444\u044b\u0432\u0444\u044b\u0432\u0438\u043c\u0435\u043d\u0438-3-624x351.jpg 624w, https:\/\/hand2noteguide.com\/wp-content\/uploads\/2025\/04\/\u0411\u0435\u0437-\u0432\u0444\u044b\u0432\u0444\u044b\u0432\u0444\u0432\u0444\u044b\u0432\u0444\u044b\u0432\u0438\u043c\u0435\u043d\u0438-3.jpg 1920w\" sizes=\"auto, (max-width: 1024px) 100vw, 1024px\" \/><\/figure>\n\n\n\n<p>Siehe auch: <a href=\"https:\/\/hand2note.com\/Help\/Features\/reports\" target=\"_blank\" rel=\"noreferrer noopener\">Offizielles Hand2Note-Handbuch: Berichte<\/a>.<\/p>\n","protected":false},"excerpt":{"rendered":"<p>In Hand2Note bietet der Tab \u201eBerichte\u201c ein leistungsstarkes, nahezu unbegrenztes Werkzeug zur Analyse Ihres Spiels oder des Spiels Ihrer Gegner. Dank dieser Funktion ist die F\u00e4higkeit, verschiedene Spielsituationen zu filtern, buchst\u00e4blich nur durch Ihre eigene Vorstellungskraft begrenzt. \u201eBerichte\u201c erm\u00f6glichen es Ihnen, Informationen so detailliert wie m\u00f6glich nicht nur \u00fcber die \u00fcblichen Spielsituationen zu erhalten, sondern &hellip; <a href=\"https:\/\/hand2noteguide.com\/de\/user-manual\/hand2note-report-menu\/\" class=\"more-link\">Continue reading <span class=\"screen-reader-text\">Hand2Notes &#8220;Berichte&#8221; Tool<\/span><\/a><\/p>\n","protected":false},"author":3,"featured_media":10348,"parent":9199,"menu_order":0,"comment_status":"closed","ping_status":"closed","template":"","meta":{"footnotes":""},"class_list":["post-10343","page","type-page","status-publish","has-post-thumbnail","hentry"],"translation":{"provider":"WPGlobus","version":"3.0.2","language":"de","enabled_languages":["en","ru","pt","zh","es","fr","de","it","ja"],"languages":{"en":{"title":true,"content":true,"excerpt":false},"ru":{"title":true,"content":true,"excerpt":false},"pt":{"title":true,"content":true,"excerpt":false},"zh":{"title":true,"content":true,"excerpt":false},"es":{"title":true,"content":true,"excerpt":false},"fr":{"title":true,"content":true,"excerpt":false},"de":{"title":true,"content":true,"excerpt":false},"it":{"title":true,"content":true,"excerpt":false},"ja":{"title":true,"content":true,"excerpt":false}}},"yoast_head":"<!-- This site is optimized with the Yoast SEO plugin v27.0 - https:\/\/yoast.com\/product\/yoast-seo-wordpress\/ -->\n<title>Hand2Notes &quot;Berichte&quot; Tool<\/title>\n<meta name=\"description\" content=\"Analysieren Sie Pokerstrategien wie nie zuvor mit dem \u201eBerichte\u201c-Tab von Hand2Note \u2013 filtern Sie jede Situation und gewinnen Sie tiefgehende Einblicke in Ihr Spiel.\" \/>\n<meta name=\"robots\" content=\"index, follow, max-snippet:-1, max-image-preview:large, max-video-preview:-1\" \/>\n<link rel=\"canonical\" href=\"https:\/\/hand2noteguide.com\/user-manual\/hand2note-report-menu\/\" \/>\n<meta property=\"og:locale\" content=\"de_DE\" \/>\n<meta property=\"og:type\" content=\"article\" \/>\n<meta property=\"og:title\" content=\"Hand2Notes &quot;Berichte&quot; Tool\" \/>\n<meta property=\"og:description\" content=\"Analysieren Sie Pokerstrategien wie nie zuvor mit dem \u201eBerichte\u201c-Tab von Hand2Note \u2013 filtern Sie jede Situation und gewinnen Sie tiefgehende Einblicke in Ihr Spiel.\" \/>\n<meta property=\"og:url\" content=\"https:\/\/hand2noteguide.com\/user-manual\/hand2note-report-menu\/\" \/>\n<meta property=\"og:site_name\" content=\"Hand2Note Guide\" \/>\n<meta property=\"article:modified_time\" content=\"2026-03-10T08:22:10+00:00\" \/>\n<meta property=\"og:image\" content=\"https:\/\/hand2noteguide.com\/wp-content\/uploads\/2025\/04\/\u0411\u0435\u0437-\u0438\u043c\u0435\u043d\u0438-1-5.jpg\" \/>\n\t<meta property=\"og:image:width\" content=\"1848\" \/>\n\t<meta property=\"og:image:height\" content=\"1019\" \/>\n\t<meta property=\"og:image:type\" content=\"image\/jpeg\" \/>\n<meta name=\"twitter:card\" content=\"summary_large_image\" \/>\n<meta name=\"twitter:label1\" content=\"Est. reading time\" \/>\n\t<meta name=\"twitter:data1\" content=\"7 minutes\" \/>\n<!-- \/ Yoast SEO plugin. -->","yoast_head_json":{"title":"Hand2Notes \"Berichte\" Tool","description":"Analysieren Sie Pokerstrategien wie nie zuvor mit dem \u201eBerichte\u201c-Tab von Hand2Note \u2013 filtern Sie jede Situation und gewinnen Sie tiefgehende Einblicke in Ihr Spiel.","robots":{"index":"index","follow":"follow","max-snippet":"max-snippet:-1","max-image-preview":"max-image-preview:large","max-video-preview":"max-video-preview:-1"},"canonical":"https:\/\/hand2noteguide.com\/user-manual\/hand2note-report-menu\/","og_locale":"de_DE","og_type":"article","og_title":"Hand2Notes \"Berichte\" Tool","og_description":"Analysieren Sie Pokerstrategien wie nie zuvor mit dem \u201eBerichte\u201c-Tab von Hand2Note \u2013 filtern Sie jede Situation und gewinnen Sie tiefgehende Einblicke in Ihr Spiel.","og_url":"https:\/\/hand2noteguide.com\/user-manual\/hand2note-report-menu\/","og_site_name":"Hand2Note Guide","article_modified_time":"2026-03-10T08:22:10+00:00","og_image":[{"width":1848,"height":1019,"url":"https:\/\/hand2noteguide.com\/wp-content\/uploads\/2025\/04\/\u0411\u0435\u0437-\u0438\u043c\u0435\u043d\u0438-1-5.jpg","type":"image\/jpeg"}],"twitter_card":"summary_large_image","twitter_misc":{"Est. reading time":"7 minutes"},"schema":{"@context":"https:\/\/schema.org","@graph":[]}},"jetpack_sharing_enabled":true,"_links":{"self":[{"href":"https:\/\/hand2noteguide.com\/de\/wp-json\/wp\/v2\/pages\/10343","targetHints":{"allow":["GET"]}}],"collection":[{"href":"https:\/\/hand2noteguide.com\/de\/wp-json\/wp\/v2\/pages"}],"about":[{"href":"https:\/\/hand2noteguide.com\/de\/wp-json\/wp\/v2\/types\/page"}],"author":[{"embeddable":true,"href":"https:\/\/hand2noteguide.com\/de\/wp-json\/wp\/v2\/users\/3"}],"replies":[{"embeddable":true,"href":"https:\/\/hand2noteguide.com\/de\/wp-json\/wp\/v2\/comments?post=10343"}],"version-history":[{"count":136,"href":"https:\/\/hand2noteguide.com\/de\/wp-json\/wp\/v2\/pages\/10343\/revisions"}],"predecessor-version":[{"id":15622,"href":"https:\/\/hand2noteguide.com\/de\/wp-json\/wp\/v2\/pages\/10343\/revisions\/15622"}],"up":[{"embeddable":true,"href":"https:\/\/hand2noteguide.com\/de\/wp-json\/wp\/v2\/pages\/9199"}],"wp:featuredmedia":[{"embeddable":true,"href":"https:\/\/hand2noteguide.com\/de\/wp-json\/wp\/v2\/media\/10348"}],"wp:attachment":[{"href":"https:\/\/hand2noteguide.com\/de\/wp-json\/wp\/v2\/media?parent=10343"}],"curies":[{"name":"wp","href":"https:\/\/api.w.org\/{rel}","templated":true}]}}