{"id":10534,"date":"2025-04-23T18:41:53","date_gmt":"2025-04-23T15:41:53","guid":{"rendered":"https:\/\/hand2noteguide.com\/?page_id=10534"},"modified":"2026-03-10T11:23:14","modified_gmt":"2026-03-10T08:23:14","slug":"the-multiple-players-tool-in-hand2note-range-research","status":"publish","type":"page","link":"https:\/\/hand2noteguide.com\/de\/user-manual\/the-multiple-players-tool-in-hand2note-range-research\/","title":{"rendered":"Das Tool &#8220;Mehrere Spieler&#8221; in Hand2Note (Range-Forschung)"},"content":{"rendered":"\n<p>Hand2Note erm\u00f6glicht es Ihnen, Spieler in der Datenbank nach spezifischen Filtern zu suchen und deren Statistiken zu einer Einheit zusammenzufassen.<\/p>\n\n\n\n<p>Diese Funktion ist n\u00fctzlich, wenn Sie das Spiel Ihrer Gegner analysieren. Oft reicht die Stichprobe f\u00fcr viele Statistiken nicht aus, aber indem Sie Spieler nach gemeinsamen Merkmalen kombinieren, k\u00f6nnen Sie den Mangel selbst in den seltensten Spielsituationen ausgleichen.<\/p>\n\n\n\n<h2 class=\"wp-block-heading\">Arbeiten mit der Funktion \u201eMehrere Spieler\u201c<\/h2>\n\n\n\n<p>Sie k\u00f6nnen nach Spielern anhand von Attributen suchen und deren Statistiken in zwei Formaten kombinieren:<\/p>\n\n\n\n<ul class=\"wp-block-list\">\n<li>Im Berichtsformat \u00fcber den Tab \u201eReports\u201c;<\/li>\n\n\n\n<li>Im Statistikformat \u00fcber den Tab \u201eStatistics\u201c.<\/li>\n<\/ul>\n\n\n\n<p><em>Es ist wichtig zu verstehen: Das Tool \u201eMehrere Spieler\u201c filtert die Spieler selbst, nicht die Spielsituationen, und fasst sie zu einer allgemeinen Statistik zusammen. Suchen, Zusammenf\u00fchren und andere Operationen mit Spielsituationen k\u00f6nnen separat im Tab \u201eReports\u201c durchgef\u00fchrt werden. Weitere Details finden Sie im Artikel: <a href=\"https:\/\/hand2noteguide.com\/de\/user-manual\/hand2note-report-menu\/\">Hand2Notes \u201eReports\u201c-Tool<\/a>.<\/em><\/p>\n\n\n\n<p>Um die Funktion \u201eMehrere Spieler\u201c zu \u00f6ffnen, gehen Sie entweder zu den Berichten, indem Sie auf \u201eReport\u201c(1) klicken, oder zu den Statistiken, indem Sie auf \u201eStatistics\u201c(2) klicken. Klicken Sie dann auf den Spielernamen in der oberen linken Ecke (3) und gehen Sie zu \u201eMehrere Spieler\u201c(4).<\/p>\n\n\n\n<figure class=\"wp-block-image size-large\"><img loading=\"lazy\" decoding=\"async\" width=\"1024\" height=\"576\" src=\"http:\/\/hand2noteguide.com\/wp-content\/uploads\/2025\/04\/\u0411\u0435\u0437-\u0438\u044b\u0444\u0432\u0444\u044b\u0432\u0444\u044b\u0432\u043c\u0435\u043d\u0438-1-1024x576.jpg\" alt=\"\" class=\"wp-image-10618\" srcset=\"https:\/\/hand2noteguide.com\/wp-content\/uploads\/2025\/04\/\u0411\u0435\u0437-\u0438\u044b\u0444\u0432\u0444\u044b\u0432\u0444\u044b\u0432\u043c\u0435\u043d\u0438-1-1024x576.jpg 1024w, https:\/\/hand2noteguide.com\/wp-content\/uploads\/2025\/04\/\u0411\u0435\u0437-\u0438\u044b\u0444\u0432\u0444\u044b\u0432\u0444\u044b\u0432\u043c\u0435\u043d\u0438-1-300x169.jpg 300w, https:\/\/hand2noteguide.com\/wp-content\/uploads\/2025\/04\/\u0411\u0435\u0437-\u0438\u044b\u0444\u0432\u0444\u044b\u0432\u0444\u044b\u0432\u043c\u0435\u043d\u0438-1-768x432.jpg 768w, https:\/\/hand2noteguide.com\/wp-content\/uploads\/2025\/04\/\u0411\u0435\u0437-\u0438\u044b\u0444\u0432\u0444\u044b\u0432\u0444\u044b\u0432\u043c\u0435\u043d\u0438-1-1536x864.jpg 1536w, https:\/\/hand2noteguide.com\/wp-content\/uploads\/2025\/04\/\u0411\u0435\u0437-\u0438\u044b\u0444\u0432\u0444\u044b\u0432\u0444\u044b\u0432\u043c\u0435\u043d\u0438-1-772x434.jpg 772w, https:\/\/hand2noteguide.com\/wp-content\/uploads\/2025\/04\/\u0411\u0435\u0437-\u0438\u044b\u0444\u0432\u0444\u044b\u0432\u0444\u044b\u0432\u043c\u0435\u043d\u0438-1-624x351.jpg 624w, https:\/\/hand2noteguide.com\/wp-content\/uploads\/2025\/04\/\u0411\u0435\u0437-\u0438\u044b\u0444\u0432\u0444\u044b\u0432\u0444\u044b\u0432\u043c\u0435\u043d\u0438-1.jpg 1920w\" sizes=\"auto, (max-width: 1024px) 100vw, 1024px\" \/><\/figure>\n\n\n\n<h3 class=\"wp-block-heading\">Allgemeine Navigation im Fenster \u201eMehrere Spieler\u201c<\/h3>\n\n\n\n<p><em>Bevor Sie mit \u201eMehrere Spieler\u201c arbeiten, achten Sie auf die Auswahl \u201eSpieltypen\u201c und den analysierten Spieltyp in der oberen rechten Ecke des Fensters (1). Stellen Sie bei Bedarf die erforderlichen Parameter ein.<\/em><\/p>\n\n\n\n<figure class=\"wp-block-image size-large\"><img loading=\"lazy\" decoding=\"async\" width=\"1024\" height=\"576\" src=\"http:\/\/hand2noteguide.com\/wp-content\/uploads\/2025\/04\/\u0411\u0435\u0437-\u0438\u043c\u0432\u0430\u043f\u0432\u0430\u043f\u0430\u0432\u0443\u043f\u0435\u043d\u0438-2-1024x576.jpg\" alt=\"\" class=\"wp-image-10683\" srcset=\"https:\/\/hand2noteguide.com\/wp-content\/uploads\/2025\/04\/\u0411\u0435\u0437-\u0438\u043c\u0432\u0430\u043f\u0432\u0430\u043f\u0430\u0432\u0443\u043f\u0435\u043d\u0438-2-1024x576.jpg 1024w, https:\/\/hand2noteguide.com\/wp-content\/uploads\/2025\/04\/\u0411\u0435\u0437-\u0438\u043c\u0432\u0430\u043f\u0432\u0430\u043f\u0430\u0432\u0443\u043f\u0435\u043d\u0438-2-300x169.jpg 300w, https:\/\/hand2noteguide.com\/wp-content\/uploads\/2025\/04\/\u0411\u0435\u0437-\u0438\u043c\u0432\u0430\u043f\u0432\u0430\u043f\u0430\u0432\u0443\u043f\u0435\u043d\u0438-2-768x432.jpg 768w, https:\/\/hand2noteguide.com\/wp-content\/uploads\/2025\/04\/\u0411\u0435\u0437-\u0438\u043c\u0432\u0430\u043f\u0432\u0430\u043f\u0430\u0432\u0443\u043f\u0435\u043d\u0438-2-1536x864.jpg 1536w, https:\/\/hand2noteguide.com\/wp-content\/uploads\/2025\/04\/\u0411\u0435\u0437-\u0438\u043c\u0432\u0430\u043f\u0432\u0430\u043f\u0430\u0432\u0443\u043f\u0435\u043d\u0438-2-772x434.jpg 772w, https:\/\/hand2noteguide.com\/wp-content\/uploads\/2025\/04\/\u0411\u0435\u0437-\u0438\u043c\u0432\u0430\u043f\u0432\u0430\u043f\u0430\u0432\u0443\u043f\u0435\u043d\u0438-2-624x351.jpg 624w, https:\/\/hand2noteguide.com\/wp-content\/uploads\/2025\/04\/\u0411\u0435\u0437-\u0438\u043c\u0432\u0430\u043f\u0432\u0430\u043f\u0430\u0432\u0443\u043f\u0435\u043d\u0438-2.jpg 1920w\" sizes=\"auto, (max-width: 1024px) 100vw, 1024px\" \/><\/figure>\n\n\n\n<p>Das Tool-Fenster besteht aus f\u00fcnf Hauptbl\u00f6cken:<\/p>\n\n\n\n<ul class=\"wp-block-list\">\n<li>\u201eBASE STATS\u201c(2) &#8211; Eine Liste grundlegender Filter, die Parameter wie:\n<ul class=\"wp-block-list\">\n<li>\u201eHands\u201c &#8211; die Anzahl der vom Spieler gespielten H\u00e4nde;<\/li>\n\n\n\n<li>\u201eVPIP\u201c &#8211; freiwillig Geld in den Pot auf Preflop setzen;<\/li>\n\n\n\n<li>\u201ePFR\u201c &#8211; Preflop Raise;<\/li>\n\n\n\n<li>\u201eVPIP-PFR\u201c &#8211; Unterschied zwischen VPIP und PFR;<\/li>\n<\/ul>\n<\/li>\n\n\n\n<li>\u201eWINNINGS\u201c(3) &#8211; die Liste der Filter basierend auf den Gewinnen oder Verlusten des Spielers, umfasst Parameter wie:\n<ul class=\"wp-block-list\">\n<li>\u201eWon EV\u201c &#8211; Gewinn oder Verlust auf dem Big Blind in Bezug auf den EV (Erwartungswert);<\/li>\n\n\n\n<li>\u201eWin Rate EV, bb\/100\u201c &#8211; der arithmetische Durchschnittsgewinn oder -verlust in Big Blinds f\u00fcr jede hundert H\u00e4nde in Bezug auf den EV;<\/li>\n\n\n\n<li>\u201eWon From User\u201c &#8211; Gewinne oder Verluste in Big Blinds gegen den Hero;<\/li>\n<\/ul>\n<\/li>\n\n\n\n<li>\u201eOTHER\u201c(4) &#8211; Liste anderer Filter, die auch w\u00e4hrend der Filterung angegeben werden k\u00f6nnen;<\/li>\n\n\n\n<li>\u201eADDITIONAL STATS\u201c(5) &#8211; Fenster zum Erstellen von Formeln zur Filterung basierend auf in Hand2Note verf\u00fcgbaren Statistiken;<\/li>\n\n\n\n<li>Liste der Spieler, die gem\u00e4\u00df den angegebenen Filtern gefunden wurden (6).<\/li>\n<\/ul>\n\n\n\n<p>Um die k\u00fcrzlich gesetzten Filter anzuwenden und die Statistiken der Spieler aus der Liste zu einer Einheit zusammenzufassen, sollten Sie \u201eAPPLY\u201c (7) dr\u00fccken.<\/p>\n\n\n\n<h3 class=\"wp-block-heading\">Fenster \u201eADDITIONAL STATS\u201c<\/h3>\n\n\n\n<p>Dieses Fenster erm\u00f6glicht es Ihnen, eigene Formeln zur Filterung mit Statistiken aus Hand2Note zu erstellen.<\/p>\n\n\n\n<figure class=\"wp-block-image size-large\"><img loading=\"lazy\" decoding=\"async\" width=\"1024\" height=\"576\" src=\"http:\/\/hand2noteguide.com\/wp-content\/uploads\/2025\/04\/\u0411\u0435\u0437-\u0438\u0432\u0430\u043f\u0432\u0430\u043f\u043c\u0435\u043d\u0438-3-1024x576.jpg\" alt=\"\" class=\"wp-image-10666\" srcset=\"https:\/\/hand2noteguide.com\/wp-content\/uploads\/2025\/04\/\u0411\u0435\u0437-\u0438\u0432\u0430\u043f\u0432\u0430\u043f\u043c\u0435\u043d\u0438-3-1024x576.jpg 1024w, https:\/\/hand2noteguide.com\/wp-content\/uploads\/2025\/04\/\u0411\u0435\u0437-\u0438\u0432\u0430\u043f\u0432\u0430\u043f\u043c\u0435\u043d\u0438-3-300x169.jpg 300w, https:\/\/hand2noteguide.com\/wp-content\/uploads\/2025\/04\/\u0411\u0435\u0437-\u0438\u0432\u0430\u043f\u0432\u0430\u043f\u043c\u0435\u043d\u0438-3-768x432.jpg 768w, https:\/\/hand2noteguide.com\/wp-content\/uploads\/2025\/04\/\u0411\u0435\u0437-\u0438\u0432\u0430\u043f\u0432\u0430\u043f\u043c\u0435\u043d\u0438-3-1536x864.jpg 1536w, https:\/\/hand2noteguide.com\/wp-content\/uploads\/2025\/04\/\u0411\u0435\u0437-\u0438\u0432\u0430\u043f\u0432\u0430\u043f\u043c\u0435\u043d\u0438-3-772x434.jpg 772w, https:\/\/hand2noteguide.com\/wp-content\/uploads\/2025\/04\/\u0411\u0435\u0437-\u0438\u0432\u0430\u043f\u0432\u0430\u043f\u043c\u0435\u043d\u0438-3-624x351.jpg 624w, https:\/\/hand2noteguide.com\/wp-content\/uploads\/2025\/04\/\u0411\u0435\u0437-\u0438\u0432\u0430\u043f\u0432\u0430\u043f\u043c\u0435\u043d\u0438-3.jpg 1920w\" sizes=\"auto, (max-width: 1024px) 100vw, 1024px\" \/><\/figure>\n\n\n\n<p>Durch Klicken auf \u201e+Add Stat\u2026\u201c (1) \u00f6ffnet sich das Statistikauswahlfenster (3). Hier k\u00f6nnen Sie die erforderliche Statistik als Filterparameter ausw\u00e4hlen und eine Bedingung daf\u00fcr festlegen. Durch Klicken auf \u201e+Add Stat Formula\u2026\u201c (2) \u00f6ffnet sich ein Fenster zum Erstellen einer logischen Formel, die aus mehreren Statistiken besteht (4). Hier k\u00f6nnen Sie eine Formel basierend auf mehreren Statistiken und mathematischen oder logischen Funktionen erstellen und Bedingungen f\u00fcr sie festlegen.<\/p>\n\n\n\n<p>Sie k\u00f6nnen auch den \u201eTextual Mode\u201c(5) ausw\u00e4hlen und die Formel selbst in Textform eingeben.<\/p>\n\n\n\n<h3 class=\"wp-block-heading\">Was Sie nach dem Setzen von Filtern im Spielerlistenfenster tun k\u00f6nnen<\/h3>\n\n\n\n<p>Nach dem Setzen der Filter werden im Spielerlistenfenster nur die Spieler angezeigt, die den im Filterkriterium festgelegten Parametern entsprechen.<\/p>\n\n\n\n<figure class=\"wp-block-image size-large\"><img loading=\"lazy\" decoding=\"async\" width=\"1024\" height=\"568\" src=\"http:\/\/hand2noteguide.com\/wp-content\/uploads\/2025\/04\/\u0411\u0435\u0437-\u0438\u043c\u0432\u0430\u043f\u0432\u0430\u043f\u0430\u0435\u043d\u0438-2-1024x568.jpg\" alt=\"\" class=\"wp-image-10674\" srcset=\"https:\/\/hand2noteguide.com\/wp-content\/uploads\/2025\/04\/\u0411\u0435\u0437-\u0438\u043c\u0432\u0430\u043f\u0432\u0430\u043f\u0430\u0435\u043d\u0438-2-1024x568.jpg 1024w, https:\/\/hand2noteguide.com\/wp-content\/uploads\/2025\/04\/\u0411\u0435\u0437-\u0438\u043c\u0432\u0430\u043f\u0432\u0430\u043f\u0430\u0435\u043d\u0438-2-300x166.jpg 300w, https:\/\/hand2noteguide.com\/wp-content\/uploads\/2025\/04\/\u0411\u0435\u0437-\u0438\u043c\u0432\u0430\u043f\u0432\u0430\u043f\u0430\u0435\u043d\u0438-2-768x426.jpg 768w, https:\/\/hand2noteguide.com\/wp-content\/uploads\/2025\/04\/\u0411\u0435\u0437-\u0438\u043c\u0432\u0430\u043f\u0432\u0430\u043f\u0430\u0435\u043d\u0438-2-1536x852.jpg 1536w, https:\/\/hand2noteguide.com\/wp-content\/uploads\/2025\/04\/\u0411\u0435\u0437-\u0438\u043c\u0432\u0430\u043f\u0432\u0430\u043f\u0430\u0435\u043d\u0438-2-772x428.jpg 772w, https:\/\/hand2noteguide.com\/wp-content\/uploads\/2025\/04\/\u0411\u0435\u0437-\u0438\u043c\u0432\u0430\u043f\u0432\u0430\u043f\u0430\u0435\u043d\u0438-2-624x346.jpg 624w, https:\/\/hand2noteguide.com\/wp-content\/uploads\/2025\/04\/\u0411\u0435\u0437-\u0438\u043c\u0432\u0430\u043f\u0432\u0430\u043f\u0430\u0435\u043d\u0438-2.jpg 1683w\" sizes=\"auto, (max-width: 1024px) 100vw, 1024px\" \/><\/figure>\n\n\n\n<p>Durch Klicken mit der rechten Maustaste (RMB) auf einen der Spieler in der Liste (1) \u00f6ffnet sich ein Dropdown-Men\u00fc, in dem Sie:<\/p>\n\n\n\n<ul class=\"wp-block-list\">\n<li>durch Klicken auf \u201eCopy Nickname\u201c (2) &#8211; den Namen des ausgew\u00e4hlten Spielers in die Zwischenablage kopieren;<\/li>\n\n\n\n<li>durch Klicken auf \u201eIgnore Player\u201c (3) &#8211; den ausgew\u00e4hlten Spieler beim Zusammenfassen der Statistiken ignorieren;<\/li>\n\n\n\n<li>durch Klicken auf \u201eCreate Alias\u201c (4) &#8211; ein Alias erstellen, das alle Spieler aus der Liste umfasst;<\/li>\n\n\n\n<li>durch Klicken auf \u201eColor Marker\u201c (5) &#8211; einen Farbmarker auf den ausgew\u00e4hlten Spieler setzen.<\/li>\n<\/ul>\n\n\n\n<h3 class=\"wp-block-heading\">Anzeigen der Ergebnisse der Berechnung \u201eMehrere Spieler\u201c<\/h3>\n\n\n\n<p>Nach der Konfiguration aller Einstellungen, Filter und dem Dr\u00fccken von \u201eAPPLY\u201c sehen wir das Ergebnis gem\u00e4\u00df dem ausgew\u00e4hlten Format:<\/p>\n\n\n\n<ul class=\"wp-block-list\">\n<li>in Form von Berichten (\u00fcber den Tab \u201eReports\u201c);<\/li>\n\n\n\n<li>in Form von Statistiken (\u00fcber den Tab \u201eStatistics\u201c).<\/li>\n<\/ul>\n\n\n\n<p>In den Berichten wird der erfolgreiche Abschluss der Berechnung durch die Anzeige des Wortes \u201eAlias\u201c und der Anzahl der in die Berechnung einbezogenen Spieler in der Spalte des Spielernamens (1) angezeigt. Im Bereich darunter k\u00f6nnen Sie das Ergebnis der Berechnung lesen und ihr Spiel studieren oder analysieren (2).<\/p>\n\n\n\n<figure class=\"wp-block-image size-large\"><img loading=\"lazy\" decoding=\"async\" width=\"1024\" height=\"576\" src=\"http:\/\/hand2noteguide.com\/wp-content\/uploads\/2025\/04\/\u0411\u0435\u0437dfgdfgdgf-\u0438\u043c\u0435\u043d\u0438-1-1024x576.jpg\" alt=\"\" class=\"wp-image-10688\" srcset=\"https:\/\/hand2noteguide.com\/wp-content\/uploads\/2025\/04\/\u0411\u0435\u0437dfgdfgdgf-\u0438\u043c\u0435\u043d\u0438-1-1024x576.jpg 1024w, https:\/\/hand2noteguide.com\/wp-content\/uploads\/2025\/04\/\u0411\u0435\u0437dfgdfgdgf-\u0438\u043c\u0435\u043d\u0438-1-300x169.jpg 300w, https:\/\/hand2noteguide.com\/wp-content\/uploads\/2025\/04\/\u0411\u0435\u0437dfgdfgdgf-\u0438\u043c\u0435\u043d\u0438-1-768x432.jpg 768w, https:\/\/hand2noteguide.com\/wp-content\/uploads\/2025\/04\/\u0411\u0435\u0437dfgdfgdgf-\u0438\u043c\u0435\u043d\u0438-1-1536x864.jpg 1536w, https:\/\/hand2noteguide.com\/wp-content\/uploads\/2025\/04\/\u0411\u0435\u0437dfgdfgdgf-\u0438\u043c\u0435\u043d\u0438-1-772x434.jpg 772w, https:\/\/hand2noteguide.com\/wp-content\/uploads\/2025\/04\/\u0411\u0435\u0437dfgdfgdgf-\u0438\u043c\u0435\u043d\u0438-1-624x351.jpg 624w, https:\/\/hand2noteguide.com\/wp-content\/uploads\/2025\/04\/\u0411\u0435\u0437dfgdfgdgf-\u0438\u043c\u0435\u043d\u0438-1.jpg 1920w\" sizes=\"auto, (max-width: 1024px) 100vw, 1024px\" \/><\/figure>\n\n\n\n<p>In den Statistiken wird der erfolgreiche Abschluss der Berechnung durch die Anzeige des Wortes \u201eAlias\u201c und der Anzahl der in die Berechnung einbezogenen Spieler in der Spalte des Spielernamens (1) angezeigt. Rechts vom Spielernamen k\u00f6nnen Sie Parameter wie \u201eGame Types\u201c und Popup (2) \u00fcberpr\u00fcfen oder \u00e4ndern. Im Bereich darunter k\u00f6nnen Sie das Ergebnis der Berechnung lesen und ihr Spiel studieren oder analysieren (3).<\/p>\n\n\n\n<figure class=\"wp-block-image size-large\"><img loading=\"lazy\" decoding=\"async\" width=\"1024\" height=\"576\" src=\"http:\/\/hand2noteguide.com\/wp-content\/uploads\/2025\/04\/\u0411\u0435\u0437-\u0438\u044b\u0432\u0430\u044b\u0432\u0430\u0432\u043c\u0435\u043d\u0438-2-1024x576.jpg\" alt=\"\" class=\"wp-image-10691\" srcset=\"https:\/\/hand2noteguide.com\/wp-content\/uploads\/2025\/04\/\u0411\u0435\u0437-\u0438\u044b\u0432\u0430\u044b\u0432\u0430\u0432\u043c\u0435\u043d\u0438-2-1024x576.jpg 1024w, https:\/\/hand2noteguide.com\/wp-content\/uploads\/2025\/04\/\u0411\u0435\u0437-\u0438\u044b\u0432\u0430\u044b\u0432\u0430\u0432\u043c\u0435\u043d\u0438-2-300x169.jpg 300w, https:\/\/hand2noteguide.com\/wp-content\/uploads\/2025\/04\/\u0411\u0435\u0437-\u0438\u044b\u0432\u0430\u044b\u0432\u0430\u0432\u043c\u0435\u043d\u0438-2-768x432.jpg 768w, https:\/\/hand2noteguide.com\/wp-content\/uploads\/2025\/04\/\u0411\u0435\u0437-\u0438\u044b\u0432\u0430\u044b\u0432\u0430\u0432\u043c\u0435\u043d\u0438-2-1536x864.jpg 1536w, https:\/\/hand2noteguide.com\/wp-content\/uploads\/2025\/04\/\u0411\u0435\u0437-\u0438\u044b\u0432\u0430\u044b\u0432\u0430\u0432\u043c\u0435\u043d\u0438-2-772x434.jpg 772w, https:\/\/hand2noteguide.com\/wp-content\/uploads\/2025\/04\/\u0411\u0435\u0437-\u0438\u044b\u0432\u0430\u044b\u0432\u0430\u0432\u043c\u0435\u043d\u0438-2-624x351.jpg 624w, https:\/\/hand2noteguide.com\/wp-content\/uploads\/2025\/04\/\u0411\u0435\u0437-\u0438\u044b\u0432\u0430\u044b\u0432\u0430\u0432\u043c\u0435\u043d\u0438-2.jpg 1920w\" sizes=\"auto, (max-width: 1024px) 100vw, 1024px\" \/><\/figure>\n\n\n\n<p>Siehe auch: <a href=\"https:\/\/hand2note.com\/Help\/Features\/multi-player-reports\" target=\"_blank\" rel=\"noreferrer noopener\">Offizielles Hand2Note-Handbuch: Multi-Player Reports<\/a>.<\/p>\n","protected":false},"excerpt":{"rendered":"<p>Hand2Note erm\u00f6glicht es Ihnen, Spieler in der Datenbank nach spezifischen Filtern zu suchen und deren Statistiken zu einer Einheit zusammenzufassen. Diese Funktion ist n\u00fctzlich, wenn Sie das Spiel Ihrer Gegner analysieren. Oft reicht die Stichprobe f\u00fcr viele Statistiken nicht aus, aber indem Sie Spieler nach gemeinsamen Merkmalen kombinieren, k\u00f6nnen Sie den Mangel selbst in den &hellip; <a href=\"https:\/\/hand2noteguide.com\/de\/user-manual\/the-multiple-players-tool-in-hand2note-range-research\/\" class=\"more-link\">Continue reading <span class=\"screen-reader-text\">Das Tool &#8220;Mehrere Spieler&#8221; in Hand2Note (Range-Forschung)<\/span><\/a><\/p>\n","protected":false},"author":3,"featured_media":10615,"parent":9199,"menu_order":0,"comment_status":"closed","ping_status":"closed","template":"","meta":{"footnotes":""},"class_list":["post-10534","page","type-page","status-publish","has-post-thumbnail","hentry"],"translation":{"provider":"WPGlobus","version":"3.0.2","language":"de","enabled_languages":["en","ru","pt","zh","es","fr","de","it","ja"],"languages":{"en":{"title":true,"content":true,"excerpt":false},"ru":{"title":true,"content":true,"excerpt":false},"pt":{"title":true,"content":true,"excerpt":false},"zh":{"title":true,"content":true,"excerpt":false},"es":{"title":true,"content":true,"excerpt":false},"fr":{"title":true,"content":true,"excerpt":false},"de":{"title":true,"content":true,"excerpt":false},"it":{"title":true,"content":true,"excerpt":false},"ja":{"title":true,"content":true,"excerpt":false}}},"yoast_head":"<!-- This site is optimized with the Yoast SEO plugin v27.0 - https:\/\/yoast.com\/product\/yoast-seo-wordpress\/ -->\n<title>Das Tool \u201eMehrere Spieler\u201c in Hand2Note (Range-Forschung)<\/title>\n<meta name=\"description\" content=\"Hand2Note erm\u00f6glicht es Ihnen, Spielerstatistiken nach Merkmalen zu kombinieren, um eine tiefere Analyse zu erm\u00f6glichen und die Stichprobengr\u00f6\u00dfe f\u00fcr seltene Pokersituationen zu verbessern.\" \/>\n<meta name=\"robots\" content=\"index, follow, max-snippet:-1, max-image-preview:large, max-video-preview:-1\" \/>\n<link rel=\"canonical\" href=\"https:\/\/hand2noteguide.com\/user-manual\/the-multiple-players-tool-in-hand2note-range-research\/\" \/>\n<meta property=\"og:locale\" content=\"de_DE\" \/>\n<meta property=\"og:type\" content=\"article\" \/>\n<meta property=\"og:title\" content=\"Das Tool \u201eMehrere Spieler\u201c in Hand2Note (Range-Forschung)\" \/>\n<meta property=\"og:description\" content=\"Hand2Note erm\u00f6glicht es Ihnen, Spielerstatistiken nach Merkmalen zu kombinieren, um eine tiefere Analyse zu erm\u00f6glichen und die Stichprobengr\u00f6\u00dfe f\u00fcr seltene Pokersituationen zu verbessern.\" \/>\n<meta property=\"og:url\" content=\"https:\/\/hand2noteguide.com\/user-manual\/the-multiple-players-tool-in-hand2note-range-research\/\" \/>\n<meta property=\"og:site_name\" content=\"Hand2Note Guide\" \/>\n<meta property=\"article:modified_time\" content=\"2026-03-10T08:23:14+00:00\" \/>\n<meta property=\"og:image\" content=\"https:\/\/hand2noteguide.com\/wp-content\/uploads\/2025\/04\/wp34232335893-scaled.jpg\" \/>\n\t<meta property=\"og:image:width\" content=\"2560\" \/>\n\t<meta property=\"og:image:height\" content=\"1529\" \/>\n\t<meta property=\"og:image:type\" content=\"image\/jpeg\" \/>\n<meta name=\"twitter:card\" content=\"summary_large_image\" \/>\n<meta name=\"twitter:label1\" content=\"Est. reading time\" \/>\n\t<meta name=\"twitter:data1\" content=\"5 minutes\" \/>\n<!-- \/ Yoast SEO plugin. -->","yoast_head_json":{"title":"Das Tool \u201eMehrere Spieler\u201c in Hand2Note (Range-Forschung)","description":"Hand2Note erm\u00f6glicht es Ihnen, Spielerstatistiken nach Merkmalen zu kombinieren, um eine tiefere Analyse zu erm\u00f6glichen und die Stichprobengr\u00f6\u00dfe f\u00fcr seltene Pokersituationen zu verbessern.","robots":{"index":"index","follow":"follow","max-snippet":"max-snippet:-1","max-image-preview":"max-image-preview:large","max-video-preview":"max-video-preview:-1"},"canonical":"https:\/\/hand2noteguide.com\/user-manual\/the-multiple-players-tool-in-hand2note-range-research\/","og_locale":"de_DE","og_type":"article","og_title":"Das Tool \u201eMehrere Spieler\u201c in Hand2Note (Range-Forschung)","og_description":"Hand2Note erm\u00f6glicht es Ihnen, Spielerstatistiken nach Merkmalen zu kombinieren, um eine tiefere Analyse zu erm\u00f6glichen und die Stichprobengr\u00f6\u00dfe f\u00fcr seltene Pokersituationen zu verbessern.","og_url":"https:\/\/hand2noteguide.com\/user-manual\/the-multiple-players-tool-in-hand2note-range-research\/","og_site_name":"Hand2Note Guide","article_modified_time":"2026-03-10T08:23:14+00:00","og_image":[{"width":2560,"height":1529,"url":"https:\/\/hand2noteguide.com\/wp-content\/uploads\/2025\/04\/wp34232335893-scaled.jpg","type":"image\/jpeg"}],"twitter_card":"summary_large_image","twitter_misc":{"Est. reading time":"5 minutes"},"schema":{"@context":"https:\/\/schema.org","@graph":[]}},"jetpack_sharing_enabled":true,"_links":{"self":[{"href":"https:\/\/hand2noteguide.com\/de\/wp-json\/wp\/v2\/pages\/10534","targetHints":{"allow":["GET"]}}],"collection":[{"href":"https:\/\/hand2noteguide.com\/de\/wp-json\/wp\/v2\/pages"}],"about":[{"href":"https:\/\/hand2noteguide.com\/de\/wp-json\/wp\/v2\/types\/page"}],"author":[{"embeddable":true,"href":"https:\/\/hand2noteguide.com\/de\/wp-json\/wp\/v2\/users\/3"}],"replies":[{"embeddable":true,"href":"https:\/\/hand2noteguide.com\/de\/wp-json\/wp\/v2\/comments?post=10534"}],"version-history":[{"count":71,"href":"https:\/\/hand2noteguide.com\/de\/wp-json\/wp\/v2\/pages\/10534\/revisions"}],"predecessor-version":[{"id":15623,"href":"https:\/\/hand2noteguide.com\/de\/wp-json\/wp\/v2\/pages\/10534\/revisions\/15623"}],"up":[{"embeddable":true,"href":"https:\/\/hand2noteguide.com\/de\/wp-json\/wp\/v2\/pages\/9199"}],"wp:featuredmedia":[{"embeddable":true,"href":"https:\/\/hand2noteguide.com\/de\/wp-json\/wp\/v2\/media\/10615"}],"wp:attachment":[{"href":"https:\/\/hand2noteguide.com\/de\/wp-json\/wp\/v2\/media?parent=10534"}],"curies":[{"name":"wp","href":"https:\/\/api.w.org\/{rel}","templated":true}]}}