{"id":10693,"date":"2025-04-26T19:43:00","date_gmt":"2025-04-26T16:43:00","guid":{"rendered":"https:\/\/hand2noteguide.com\/?page_id=10693"},"modified":"2026-03-10T11:24:05","modified_gmt":"2026-03-10T08:24:05","slug":"stat-sample-in-hand2note","status":"publish","type":"page","link":"https:\/\/hand2noteguide.com\/de\/user-manual\/stat-sample-in-hand2note\/","title":{"rendered":"Statistikbeispiel in Hand2Note"},"content":{"rendered":"\n<p>Jede Statistik in Hand2Note sollte nicht nur anhand ihres Wertes, sondern auch anhand ihrer Stichprobe bewertet werden.<\/p>\n\n\n\n<p>Die Stichprobe ist die Anzahl der Situationen, in denen ein Spieler eine Aktion ausf\u00fchren konnte, die durch die Statistik selbst dargestellt wird. Die Stichprobengr\u00f6\u00dfe beeinflusst die Glaubw\u00fcrdigkeit der Statistik.<\/p>\n\n\n\n<p>Zum Beispiel haben zwei verschiedene Spieler die gleichen 3-bet-Werte. Gleichzeitig hatte einer von ihnen die M\u00f6glichkeit, mehr als hundert Mal zu 3-betten, und der andere nur f\u00fcnfzehn Mal. Dementsprechend sind die Statistiken des Spielers, der mehr als hundert Mal 3-betten konnte, zuverl\u00e4ssiger.<\/p>\n\n\n\n<p>In diesem Artikel werden wir besprechen, wie man die Zuverl\u00e4ssigkeit von Statistiken basierend auf der Stichprobengr\u00f6\u00dfe bewertet. Wir werden Ihnen auch erkl\u00e4ren, wie Hand2Note dabei helfen kann.<\/p>\n\n\n\n<h2 class=\"wp-block-heading\">Wie Statistikindikatoren gebildet werden und ihre Bedeutung in der Analyse<\/h2>\n\n\n\n<p>Der Wert jeder einfachen Statistik in Hand2Note wird durch die Formel gebildet:<\/p>\n\n\n\n<pre class=\"wp-block-code\"><code>Value = Cases \/ Opportunities * 100<\/code><\/pre>\n\n\n\n<p>Wo:<\/p>\n\n\n\n<ul class=\"wp-block-list\">\n<li>Value der prozentuale H\u00e4ufigkeit ist, mit der der Spieler die durch die Statistik dargestellte Aktion ausgef\u00fchrt hat;<\/li>\n\n\n\n<li>Cases die Anzahl der Situationen ist, in denen der Spieler die durch die Statistik dargestellte Aktion ausgef\u00fchrt hat;<\/li>\n\n\n\n<li>Opportunities die Anzahl der Situationen ist, in denen ein Spieler die Aktion in der Statistik ausf\u00fchren konnte. Opportunities ist eine Stichprobe der Statistik.<br><\/li>\n<\/ul>\n\n\n\n<h3 class=\"wp-block-heading\">Beispiel zur Bildung des Wertes einer <a href=\"https:\/\/hand2noteguide.com\/de\/poker\/poker-hud-stats\/3bet-in-poker\/\">3-bet<\/a><\/h3>\n\n\n\n<p>Nehmen wir an, dass w\u00e4hrend der gesamten Zeit der Datenerfassung \u00fcber einen Spieler Gegner 163 Mal einen Open Raise gegen ihn gemacht haben. Dementsprechend konnte der Spieler 163 Mal eine 3-bet gegen sie machen &#8211; das ist die Auswahl auf der 3-bet-Statistik oder die Opportunities auf der 3-bet-Statistik. Gleichzeitig machte der Spieler nur 15 Mal eine 3-bet &#8211; das sind die Cases auf der 3-bet-Statistik.<\/p>\n\n\n\n<p>Um den Wert der 3Bet-Statistik zu berechnen, wenden wir die Formel an:<\/p>\n\n\n\n<pre class=\"wp-block-code\"><code>Value = Cases \/ Opportunities * 100<\/code><\/pre>\n\n\n\n<p>Das hei\u00dft:<\/p>\n\n\n\n<pre class=\"wp-block-code\"><code>15 \/ 163 * 100 = 9%<\/code><\/pre>\n\n\n\n<p>Der Wert der 3-bet im Beispiel betr\u00e4gt 9%.<\/p>\n\n\n\n<h3 class=\"wp-block-heading\">Bedeutung der Stichprobengr\u00f6\u00dfe f\u00fcr die Analyse<\/h3>\n\n\n\n<p>Die Stichprobengr\u00f6\u00dfe ist von \u00e4u\u00dferster Bedeutung bei der Bewertung von Statistiken \u00fcber einen Spieler. Tats\u00e4chlich gilt aus Sicht der Statistik als Wissenschaft: Je gr\u00f6\u00dfer die Stichprobe, desto zuverl\u00e4ssiger der Wert.<\/p>\n\n\n\n<p>Es gibt viele Meinungen im Poker bez\u00fcglich des minimalen Werts der Stichprobengr\u00f6\u00dfe, die ben\u00f6tigt wird, um den Statistiken zu vertrauen. Die h\u00e4ufigsten sind:<\/p>\n\n\n\n<ul class=\"wp-block-list\">\n<li>Viele Poker-Stables, deren Spieler auf mobilen Poker-Apps spielen, raten dazu, Statistiken zu vertrauen, wenn die Stichprobe 10 oder mehr betr\u00e4gt;<\/li>\n\n\n\n<li>Old-School-Pokerspieler, die auf Seiten wie PokerStars oder 888Poker spielen, sind \u00fcberzeugt, dass man Statistiken bei einer Stichprobengr\u00f6\u00dfe von 20 oder mehr vertrauen kann.<\/li>\n<\/ul>\n\n\n\n<h2 class=\"wp-block-heading\">Wie man die Anzeige der Stichprobe in Popups und <a href=\"https:\/\/hand2noteguide.com\/de\/poker\/poker-hud\/\">HUD<\/a>s in Hand2Note anpasst<\/h2>\n\n\n\n<p>In Hand2Note k\u00f6nnen Sie die Anzeige der Stichprobe &#8211; neben dem Wert der Statistik selbst &#8211; anpassen.<\/p>\n\n\n\n<figure class=\"wp-block-image size-large\"><img loading=\"lazy\" decoding=\"async\" width=\"1024\" height=\"850\" src=\"http:\/\/hand2noteguide.com\/wp-content\/uploads\/2025\/04\/\u0411\u0435\u0437-\u0438\u043c\u0435\u043d\u0438-11231233-2-1024x850.jpg\" alt=\"\" class=\"wp-image-10795\" srcset=\"https:\/\/hand2noteguide.com\/wp-content\/uploads\/2025\/04\/\u0411\u0435\u0437-\u0438\u043c\u0435\u043d\u0438-11231233-2-1024x850.jpg 1024w, https:\/\/hand2noteguide.com\/wp-content\/uploads\/2025\/04\/\u0411\u0435\u0437-\u0438\u043c\u0435\u043d\u0438-11231233-2-300x249.jpg 300w, https:\/\/hand2noteguide.com\/wp-content\/uploads\/2025\/04\/\u0411\u0435\u0437-\u0438\u043c\u0435\u043d\u0438-11231233-2-768x638.jpg 768w, https:\/\/hand2noteguide.com\/wp-content\/uploads\/2025\/04\/\u0411\u0435\u0437-\u0438\u043c\u0435\u043d\u0438-11231233-2-1536x1276.jpg 1536w, https:\/\/hand2noteguide.com\/wp-content\/uploads\/2025\/04\/\u0411\u0435\u0437-\u0438\u043c\u0435\u043d\u0438-11231233-2-772x641.jpg 772w, https:\/\/hand2noteguide.com\/wp-content\/uploads\/2025\/04\/\u0411\u0435\u0437-\u0438\u043c\u0435\u043d\u0438-11231233-2-624x518.jpg 624w, https:\/\/hand2noteguide.com\/wp-content\/uploads\/2025\/04\/\u0411\u0435\u0437-\u0438\u043c\u0435\u043d\u0438-11231233-2.jpg 1876w\" sizes=\"auto, (max-width: 1024px) 100vw, 1024px\" \/><figcaption class=\"wp-element-caption\">Links &#8211; ohne die Stichprobe; rechts &#8211; mit der Stichprobe.<\/figcaption><\/figure>\n\n\n\n<p>Um das Men\u00fc zur Stichprobeneinstellung zu \u00f6ffnen, klicken Sie auf \u201eConfiguration\u201c (1) und gehen dann zu \u201eStat Appearance\u201c (2).<\/p>\n\n\n\n<figure class=\"wp-block-image size-large\"><img loading=\"lazy\" decoding=\"async\" width=\"1024\" height=\"576\" src=\"http:\/\/hand2noteguide.com\/wp-content\/uploads\/2025\/04\/\u0411\u0435\u0437-\u0438\u043c234234\u0435\u043d\u0438-1-1024x576.jpg\" alt=\"\" class=\"wp-image-10776\" srcset=\"https:\/\/hand2noteguide.com\/wp-content\/uploads\/2025\/04\/\u0411\u0435\u0437-\u0438\u043c234234\u0435\u043d\u0438-1-1024x576.jpg 1024w, https:\/\/hand2noteguide.com\/wp-content\/uploads\/2025\/04\/\u0411\u0435\u0437-\u0438\u043c234234\u0435\u043d\u0438-1-300x169.jpg 300w, https:\/\/hand2noteguide.com\/wp-content\/uploads\/2025\/04\/\u0411\u0435\u0437-\u0438\u043c234234\u0435\u043d\u0438-1-768x432.jpg 768w, https:\/\/hand2noteguide.com\/wp-content\/uploads\/2025\/04\/\u0411\u0435\u0437-\u0438\u043c234234\u0435\u043d\u0438-1-1536x864.jpg 1536w, https:\/\/hand2noteguide.com\/wp-content\/uploads\/2025\/04\/\u0411\u0435\u0437-\u0438\u043c234234\u0435\u043d\u0438-1-772x434.jpg 772w, https:\/\/hand2noteguide.com\/wp-content\/uploads\/2025\/04\/\u0411\u0435\u0437-\u0438\u043c234234\u0435\u043d\u0438-1-624x351.jpg 624w, https:\/\/hand2noteguide.com\/wp-content\/uploads\/2025\/04\/\u0411\u0435\u0437-\u0438\u043c234234\u0435\u043d\u0438-1.jpg 1920w\" sizes=\"auto, (max-width: 1024px) 100vw, 1024px\" \/><\/figure>\n\n\n\n<p>Das Men\u00fc \u201eSample size\u201c (3) erm\u00f6glicht Ihnen die folgende Anpassung:<\/p>\n\n\n\n<ul class=\"wp-block-list\">\n<li>\u201eShow stat sample in HUD&#8221; (4) erm\u00f6glicht es Ihnen, die Anzeige der Stichprobe zu aktivieren;<\/li>\n\n\n\n<li>\u201eSample font size&#8221; (5) erm\u00f6glicht es Ihnen, die Gr\u00f6\u00dfe der Schriftart der Stichprobe anzupassen;<\/li>\n\n\n\n<li>\u201eSample font color&#8221; (6) erm\u00f6glicht es Ihnen, die Farbe der Schriftart der Stichprobe auszuw\u00e4hlen;<\/li>\n\n\n\n<li>\u201eShow stat sample when it&#8217;s less than&#8221; (7) erm\u00f6glicht es Ihnen, den minimalen Wert der Opportunities auf der Statistik anzugeben, bei dem die Stichprobe angezeigt wird;<\/li>\n\n\n\n<li>\u201eMake stat transparent if its sample is lower than&#8221; (8) erm\u00f6glicht es, die Statistik transparent zu machen, wenn ihre Stichprobe niedriger ist als in diesem Punkt angegeben;<\/li>\n\n\n\n<li>\u201eStat opacity in case of small sample&#8221; (9) erm\u00f6glicht es Ihnen, den Grad der Transparenz anzugeben, wenn \u201eMake stat transparent if its sample is lower than\u201c verwendet wird;<\/li>\n\n\n\n<li>\u201eShow stat sample in parenthesis\u201d (10) erm\u00f6glicht es Ihnen, die Stichprobe in Klammern anzugeben.<\/li>\n<\/ul>\n","protected":false},"excerpt":{"rendered":"<p>Jede Statistik in Hand2Note sollte nicht nur anhand ihres Wertes, sondern auch anhand ihrer Stichprobe bewertet werden. Die Stichprobe ist die Anzahl der Situationen, in denen ein Spieler eine Aktion ausf\u00fchren konnte, die durch die Statistik selbst dargestellt wird. Die Stichprobengr\u00f6\u00dfe beeinflusst die Glaubw\u00fcrdigkeit der Statistik. Zum Beispiel haben zwei verschiedene Spieler die gleichen 3-bet-Werte. &hellip; <a href=\"https:\/\/hand2noteguide.com\/de\/user-manual\/stat-sample-in-hand2note\/\" class=\"more-link\">Continue reading <span class=\"screen-reader-text\">Statistikbeispiel in Hand2Note<\/span><\/a><\/p>\n","protected":false},"author":3,"featured_media":10700,"parent":9199,"menu_order":0,"comment_status":"closed","ping_status":"closed","template":"","meta":{"footnotes":""},"class_list":["post-10693","page","type-page","status-publish","has-post-thumbnail","hentry"],"translation":{"provider":"WPGlobus","version":"3.0.2","language":"de","enabled_languages":["en","ru","pt","zh","es","fr","de","it","ja"],"languages":{"en":{"title":true,"content":true,"excerpt":false},"ru":{"title":true,"content":true,"excerpt":false},"pt":{"title":true,"content":true,"excerpt":false},"zh":{"title":true,"content":true,"excerpt":false},"es":{"title":true,"content":true,"excerpt":false},"fr":{"title":true,"content":true,"excerpt":false},"de":{"title":true,"content":true,"excerpt":false},"it":{"title":true,"content":true,"excerpt":false},"ja":{"title":true,"content":true,"excerpt":false}}},"yoast_head":"<!-- This site is optimized with the Yoast SEO plugin v27.0 - https:\/\/yoast.com\/product\/yoast-seo-wordpress\/ -->\n<title>Stichproben in Hand2Note<\/title>\n<meta name=\"description\" content=\"Erfahren Sie, wie die Stichprobengr\u00f6\u00dfe die Zuverl\u00e4ssigkeit von Statistiken in Hand2Note beeinflusst und wie Sie die Anzeige der Stichproben in HUDs anpassen k\u00f6nnen.\" \/>\n<meta name=\"robots\" content=\"index, follow, max-snippet:-1, max-image-preview:large, max-video-preview:-1\" \/>\n<link rel=\"canonical\" href=\"https:\/\/hand2noteguide.com\/user-manual\/stat-sample-in-hand2note\/\" \/>\n<meta property=\"og:locale\" content=\"de_DE\" \/>\n<meta property=\"og:type\" content=\"article\" \/>\n<meta property=\"og:title\" content=\"Stichproben in Hand2Note\" \/>\n<meta property=\"og:description\" content=\"Erfahren Sie, wie die Stichprobengr\u00f6\u00dfe die Zuverl\u00e4ssigkeit von Statistiken in Hand2Note beeinflusst und wie Sie die Anzeige der Stichproben in HUDs anpassen k\u00f6nnen.\" \/>\n<meta property=\"og:url\" content=\"https:\/\/hand2noteguide.com\/user-manual\/stat-sample-in-hand2note\/\" \/>\n<meta property=\"og:site_name\" content=\"Hand2Note Guide\" \/>\n<meta property=\"article:modified_time\" content=\"2026-03-10T08:24:05+00:00\" \/>\n<meta property=\"og:image\" content=\"https:\/\/hand2noteguide.com\/wp-content\/uploads\/2025\/04\/\u0411\u0435\u0437-\u0447\u0447\u044f\u0441\u044f\u0447\u0441\u0438\u043c\u0435\u043d\u0438-1.jpg\" \/>\n\t<meta property=\"og:image:width\" content=\"1920\" \/>\n\t<meta property=\"og:image:height\" content=\"1080\" \/>\n\t<meta property=\"og:image:type\" content=\"image\/jpeg\" \/>\n<meta name=\"twitter:card\" content=\"summary_large_image\" \/>\n<meta name=\"twitter:label1\" content=\"Est. reading time\" \/>\n\t<meta name=\"twitter:data1\" content=\"22 minutes\" \/>\n<!-- \/ Yoast SEO plugin. -->","yoast_head_json":{"title":"Stichproben in Hand2Note","description":"Erfahren Sie, wie die Stichprobengr\u00f6\u00dfe die Zuverl\u00e4ssigkeit von Statistiken in Hand2Note beeinflusst und wie Sie die Anzeige der Stichproben in HUDs anpassen k\u00f6nnen.","robots":{"index":"index","follow":"follow","max-snippet":"max-snippet:-1","max-image-preview":"max-image-preview:large","max-video-preview":"max-video-preview:-1"},"canonical":"https:\/\/hand2noteguide.com\/user-manual\/stat-sample-in-hand2note\/","og_locale":"de_DE","og_type":"article","og_title":"Stichproben in Hand2Note","og_description":"Erfahren Sie, wie die Stichprobengr\u00f6\u00dfe die Zuverl\u00e4ssigkeit von Statistiken in Hand2Note beeinflusst und wie Sie die Anzeige der Stichproben in HUDs anpassen k\u00f6nnen.","og_url":"https:\/\/hand2noteguide.com\/user-manual\/stat-sample-in-hand2note\/","og_site_name":"Hand2Note Guide","article_modified_time":"2026-03-10T08:24:05+00:00","og_image":[{"width":1920,"height":1080,"url":"https:\/\/hand2noteguide.com\/wp-content\/uploads\/2025\/04\/\u0411\u0435\u0437-\u0447\u0447\u044f\u0441\u044f\u0447\u0441\u0438\u043c\u0435\u043d\u0438-1.jpg","type":"image\/jpeg"}],"twitter_card":"summary_large_image","twitter_misc":{"Est. reading time":"22 minutes"},"schema":{"@context":"https:\/\/schema.org","@graph":[]}},"jetpack_sharing_enabled":true,"_links":{"self":[{"href":"https:\/\/hand2noteguide.com\/de\/wp-json\/wp\/v2\/pages\/10693","targetHints":{"allow":["GET"]}}],"collection":[{"href":"https:\/\/hand2noteguide.com\/de\/wp-json\/wp\/v2\/pages"}],"about":[{"href":"https:\/\/hand2noteguide.com\/de\/wp-json\/wp\/v2\/types\/page"}],"author":[{"embeddable":true,"href":"https:\/\/hand2noteguide.com\/de\/wp-json\/wp\/v2\/users\/3"}],"replies":[{"embeddable":true,"href":"https:\/\/hand2noteguide.com\/de\/wp-json\/wp\/v2\/comments?post=10693"}],"version-history":[{"count":94,"href":"https:\/\/hand2noteguide.com\/de\/wp-json\/wp\/v2\/pages\/10693\/revisions"}],"predecessor-version":[{"id":15624,"href":"https:\/\/hand2noteguide.com\/de\/wp-json\/wp\/v2\/pages\/10693\/revisions\/15624"}],"up":[{"embeddable":true,"href":"https:\/\/hand2noteguide.com\/de\/wp-json\/wp\/v2\/pages\/9199"}],"wp:featuredmedia":[{"embeddable":true,"href":"https:\/\/hand2noteguide.com\/de\/wp-json\/wp\/v2\/media\/10700"}],"wp:attachment":[{"href":"https:\/\/hand2noteguide.com\/de\/wp-json\/wp\/v2\/media?parent=10693"}],"curies":[{"name":"wp","href":"https:\/\/api.w.org\/{rel}","templated":true}]}}