{"id":108,"date":"2018-07-30T02:52:22","date_gmt":"2018-07-29T23:52:22","guid":{"rendered":"https:\/\/h2n312.wordpress.com\/?page_id=108"},"modified":"2025-06-04T19:18:10","modified_gmt":"2025-06-04T16:18:10","slug":"hand2note-lags","status":"publish","type":"page","link":"https:\/\/hand2noteguide.com\/de\/issues-resolving\/hand2note-lags\/","title":{"rendered":"Hand2Note friert ein oder arbeitet langsam"},"content":{"rendered":"<p>Zun\u00e4chst m\u00fcssen Sie Folgendes tun:<\/p>\n<ol>\n<li>Deaktivieren Sie das Antivirusprogramm oder f\u00fcgen Sie den Hand2Note-Installationsordner zur Ausnahmeliste hinzu<\/li>\n<li>Installieren Sie alle neuesten Windows-Updates<\/li>\n<li><a href=\"https:\/\/hand2noteguide.com\/de\/guide\/hand2note-version\/\">Aktualisieren Sie Hand2Note auf die neueste Version<\/a><\/li>\n<li><a href=\"https:\/\/hand2noteguide.com\/de\/issues-resolving\/h2n-takes-much-space\/\">Entfernen Sie Protokolldateien, deaktivieren Sie das Logging<\/a><\/li>\n<\/ol>\n<p>Wenn das Problem nach diesen Schritten weiterhin besteht, versuchen Sie eine <a href=\"https:\/\/hand2noteguide.com\/de\/issues-resolving\/reinstall\/\">vollst\u00e4ndige Neuinstallation<\/a>.<\/p>\n<p>Wenn Sie alle oben beschriebenen Schritte einschlie\u00dflich der vollst\u00e4ndigen Neuinstallation gem\u00e4\u00df den Anweisungen durchgef\u00fchrt haben und Hand2Note weiterhin einfriert oder langsam arbeitet, wenden Sie sich an den <a href=\"https:\/\/hand2noteguide.com\/de\/hand2note-official-support\/\">Support-Service<\/a>.<\/p>\n","protected":false},"excerpt":{"rendered":"<p>Zun\u00e4chst m\u00fcssen Sie Folgendes tun: Deaktivieren Sie das Antivirusprogramm oder f\u00fcgen Sie den Hand2Note-Installationsordner zur Ausnahmeliste hinzu Installieren Sie alle neuesten Windows-Updates Aktualisieren Sie Hand2Note auf die neueste Version Entfernen Sie Protokolldateien, deaktivieren Sie das Logging Wenn das Problem nach diesen Schritten weiterhin besteht, versuchen Sie eine vollst\u00e4ndige Neuinstallation. Wenn Sie alle oben beschriebenen Schritte &hellip; <a href=\"https:\/\/hand2noteguide.com\/de\/issues-resolving\/hand2note-lags\/\" class=\"more-link\">Continue reading <span class=\"screen-reader-text\">Hand2Note friert ein oder arbeitet langsam<\/span><\/a><\/p>\n","protected":false},"author":1,"featured_media":0,"parent":236,"menu_order":4,"comment_status":"closed","ping_status":"closed","template":"page-templates\/full-width-page.php","meta":{"footnotes":""},"class_list":["post-108","page","type-page","status-publish","hentry"],"translation":{"provider":"WPGlobus","version":"3.0.2","language":"de","enabled_languages":["en","ru","pt","zh","es","fr","de","it","ja"],"languages":{"en":{"title":true,"content":true,"excerpt":false},"ru":{"title":true,"content":true,"excerpt":false},"pt":{"title":true,"content":true,"excerpt":false},"zh":{"title":true,"content":true,"excerpt":false},"es":{"title":true,"content":true,"excerpt":false},"fr":{"title":true,"content":true,"excerpt":false},"de":{"title":true,"content":true,"excerpt":false},"it":{"title":true,"content":true,"excerpt":false},"ja":{"title":true,"content":true,"excerpt":false}}},"yoast_head":"<!-- This site is optimized with the Yoast SEO plugin v27.0 - https:\/\/yoast.com\/product\/yoast-seo-wordpress\/ -->\n<title>Wie man das Einfrieren oder die langsame Leistung von Hand2Note behebt<\/title>\n<meta name=\"description\" content=\"Erfahren Sie, wie Sie Probleme mit dem Einfrieren oder der langsamen Ausf\u00fchrung von Hand2Note beheben k\u00f6nnen. Folgen Sie unserer Schritt-f\u00fcr-Schritt-Anleitung, um die Leistung zu verbessern und wieder zum Spielen zur\u00fcckzukehren.\" \/>\n<meta name=\"robots\" content=\"index, follow, max-snippet:-1, max-image-preview:large, max-video-preview:-1\" \/>\n<link rel=\"canonical\" href=\"https:\/\/hand2noteguide.com\/issues-resolving\/hand2note-lags\/\" \/>\n<meta property=\"og:locale\" content=\"de_DE\" \/>\n<meta property=\"og:type\" content=\"article\" \/>\n<meta property=\"og:title\" content=\"Wie man das Einfrieren oder die langsame Leistung von Hand2Note behebt\" \/>\n<meta property=\"og:description\" content=\"Erfahren Sie, wie Sie Probleme mit dem Einfrieren oder der langsamen Ausf\u00fchrung von Hand2Note beheben k\u00f6nnen. Folgen Sie unserer Schritt-f\u00fcr-Schritt-Anleitung, um die Leistung zu verbessern und wieder zum Spielen zur\u00fcckzukehren.\" \/>\n<meta property=\"og:url\" content=\"https:\/\/hand2noteguide.com\/issues-resolving\/hand2note-lags\/\" \/>\n<meta property=\"og:site_name\" content=\"Hand2Note Guide\" \/>\n<meta property=\"article:modified_time\" content=\"2025-06-04T16:18:10+00:00\" \/>\n<meta name=\"twitter:card\" content=\"summary_large_image\" \/>\n<meta name=\"twitter:label1\" content=\"Est. reading time\" \/>\n\t<meta name=\"twitter:data1\" content=\"3 minutes\" \/>\n<!-- \/ Yoast SEO plugin. -->","yoast_head_json":{"title":"Wie man das Einfrieren oder die langsame Leistung von Hand2Note behebt","description":"Erfahren Sie, wie Sie Probleme mit dem Einfrieren oder der langsamen Ausf\u00fchrung von Hand2Note beheben k\u00f6nnen. Folgen Sie unserer Schritt-f\u00fcr-Schritt-Anleitung, um die Leistung zu verbessern und wieder zum Spielen zur\u00fcckzukehren.","robots":{"index":"index","follow":"follow","max-snippet":"max-snippet:-1","max-image-preview":"max-image-preview:large","max-video-preview":"max-video-preview:-1"},"canonical":"https:\/\/hand2noteguide.com\/issues-resolving\/hand2note-lags\/","og_locale":"de_DE","og_type":"article","og_title":"Wie man das Einfrieren oder die langsame Leistung von Hand2Note behebt","og_description":"Erfahren Sie, wie Sie Probleme mit dem Einfrieren oder der langsamen Ausf\u00fchrung von Hand2Note beheben k\u00f6nnen. Folgen Sie unserer Schritt-f\u00fcr-Schritt-Anleitung, um die Leistung zu verbessern und wieder zum Spielen zur\u00fcckzukehren.","og_url":"https:\/\/hand2noteguide.com\/issues-resolving\/hand2note-lags\/","og_site_name":"Hand2Note Guide","article_modified_time":"2025-06-04T16:18:10+00:00","twitter_card":"summary_large_image","twitter_misc":{"Est. reading time":"3 minutes"},"schema":{"@context":"https:\/\/schema.org","@graph":[]}},"jetpack_sharing_enabled":false,"_links":{"self":[{"href":"https:\/\/hand2noteguide.com\/de\/wp-json\/wp\/v2\/pages\/108","targetHints":{"allow":["GET"]}}],"collection":[{"href":"https:\/\/hand2noteguide.com\/de\/wp-json\/wp\/v2\/pages"}],"about":[{"href":"https:\/\/hand2noteguide.com\/de\/wp-json\/wp\/v2\/types\/page"}],"author":[{"embeddable":true,"href":"https:\/\/hand2noteguide.com\/de\/wp-json\/wp\/v2\/users\/1"}],"replies":[{"embeddable":true,"href":"https:\/\/hand2noteguide.com\/de\/wp-json\/wp\/v2\/comments?post=108"}],"version-history":[{"count":17,"href":"https:\/\/hand2noteguide.com\/de\/wp-json\/wp\/v2\/pages\/108\/revisions"}],"predecessor-version":[{"id":13558,"href":"https:\/\/hand2noteguide.com\/de\/wp-json\/wp\/v2\/pages\/108\/revisions\/13558"}],"up":[{"embeddable":true,"href":"https:\/\/hand2noteguide.com\/de\/wp-json\/wp\/v2\/pages\/236"}],"wp:attachment":[{"href":"https:\/\/hand2noteguide.com\/de\/wp-json\/wp\/v2\/media?parent=108"}],"curies":[{"name":"wp","href":"https:\/\/api.w.org\/{rel}","templated":true}]}}