{"id":10814,"date":"2025-05-02T20:26:05","date_gmt":"2025-05-02T17:26:05","guid":{"rendered":"https:\/\/hand2noteguide.com\/?page_id=10814"},"modified":"2026-03-10T11:24:50","modified_gmt":"2026-03-10T08:24:50","slug":"exporting-and-importing-configuration-to-hand2note","status":"publish","type":"page","link":"https:\/\/hand2noteguide.com\/de\/user-manual\/exporting-and-importing-configuration-to-hand2note\/","title":{"rendered":"Exportieren und Importieren von Konfigurationen in Hand2Note"},"content":{"rendered":"\n<p>Hand2Note erm\u00f6glicht das Speichern (Exportieren) der Konfiguration in eine spezielle Konfigurationsdatei. Ebenso das Installieren (Importieren) der Konfiguration aus einer Datei in Hand2Note.<\/p>\n\n\n\n<p>Die Konfiguration umfasst alle Statistikpakete, HUDs, Popups sowie alle Einstellungen wie die Positionen der HUD-Panels am Tisch und viele andere.<\/p>\n\n\n\n<p>Diese Funktion ist n\u00fctzlich beim Transfer von Hand2Note von einem Ger\u00e4t auf ein anderes sowie zum Speichern aller Einstellungen im Falle eines Datenverlusts.<\/p>\n\n\n\n<h2 class=\"wp-block-heading\">Exportieren der Konfiguration<\/h2>\n\n\n\n<p>Um die Konfiguration zu exportieren, suchen Sie im oberen Men\u00fc des Hand2Note-Fensters nach \u201eConfiguration\u201c (1) und klicken Sie darauf. Klicken Sie anschlie\u00dfend in der Dropdown-Liste auf \u201eExport Config\u2026\u201c (2). Geben Sie im sich \u00f6ffnenden Fenster den Speicherort und den Namen der Hand2Note-Konfigurationsdatei (3) an und klicken Sie dann auf \u201eSave\u201c (4).<\/p>\n\n\n\n<figure class=\"wp-block-image size-large\"><img loading=\"lazy\" decoding=\"async\" width=\"1024\" height=\"576\" src=\"http:\/\/hand2noteguide.com\/wp-content\/uploads\/2025\/05\/\u0411\u0435\u0437-\u0438\u043c\u043532434\u043d\u0438-1-1024x576.jpg\" alt=\"\" class=\"wp-image-10831\" srcset=\"https:\/\/hand2noteguide.com\/wp-content\/uploads\/2025\/05\/\u0411\u0435\u0437-\u0438\u043c\u043532434\u043d\u0438-1-1024x576.jpg 1024w, https:\/\/hand2noteguide.com\/wp-content\/uploads\/2025\/05\/\u0411\u0435\u0437-\u0438\u043c\u043532434\u043d\u0438-1-300x169.jpg 300w, https:\/\/hand2noteguide.com\/wp-content\/uploads\/2025\/05\/\u0411\u0435\u0437-\u0438\u043c\u043532434\u043d\u0438-1-768x432.jpg 768w, https:\/\/hand2noteguide.com\/wp-content\/uploads\/2025\/05\/\u0411\u0435\u0437-\u0438\u043c\u043532434\u043d\u0438-1-1536x864.jpg 1536w, https:\/\/hand2noteguide.com\/wp-content\/uploads\/2025\/05\/\u0411\u0435\u0437-\u0438\u043c\u043532434\u043d\u0438-1-772x434.jpg 772w, https:\/\/hand2noteguide.com\/wp-content\/uploads\/2025\/05\/\u0411\u0435\u0437-\u0438\u043c\u043532434\u043d\u0438-1-624x351.jpg 624w, https:\/\/hand2noteguide.com\/wp-content\/uploads\/2025\/05\/\u0411\u0435\u0437-\u0438\u043c\u043532434\u043d\u0438-1.jpg 1920w\" sizes=\"auto, (max-width: 1024px) 100vw, 1024px\" \/><\/figure>\n\n\n\n<p><em>Die erstellte Konfigurationsdatei muss die Dateiendung \u201e.h2nconfig\u201c haben.<\/em><\/p>\n\n\n\n<p>Die Funktion zum Exportieren und Importieren der Konfiguration umfasst nicht das Speichern und Installieren der Datenbank in Hand2Note. Um eine Datenbankmigration durchzuf\u00fchren, empfehlen wir, diesen Artikel zu lesen:<em> <\/em><a href=\"https:\/\/hand2noteguide.com\/de\/user-manual\/transferring-the-database-storage-location-as-well-as-creating-a-new-database\/\">Transferring Hand2Note Database to a New Directory<\/a>.<\/p>\n\n\n\n<h2 class=\"wp-block-heading\">Importieren der Konfiguration<\/h2>\n\n\n\n<p>Um die Konfiguration zu importieren, suchen Sie im oberen Men\u00fc des Hand2Note-Fensters nach \u201eConfiguration\u201c (1) und klicken Sie darauf. Klicken Sie anschlie\u00dfend in der Dropdown-Liste auf \u201eImport Config\u2026\u201c (2). Suchen Sie im ge\u00f6ffneten Fenster den Speicherort der Hand2Note-Konfigurationsdatei (mit der Dateiendung \u201e.h2nconfig\u201c) und w\u00e4hlen Sie sie aus (3), dann klicken Sie auf \u201eOpen\u201c (4).<\/p>\n\n\n\n<figure class=\"wp-block-image size-large\"><img loading=\"lazy\" decoding=\"async\" width=\"1024\" height=\"576\" src=\"http:\/\/hand2noteguide.com\/wp-content\/uploads\/2025\/05\/\u0411\u0435\u0437-werwer\u0438\u043c\u0435\u043d\u0438-1-1024x576.jpg\" alt=\"\" class=\"wp-image-10839\" srcset=\"https:\/\/hand2noteguide.com\/wp-content\/uploads\/2025\/05\/\u0411\u0435\u0437-werwer\u0438\u043c\u0435\u043d\u0438-1-1024x576.jpg 1024w, https:\/\/hand2noteguide.com\/wp-content\/uploads\/2025\/05\/\u0411\u0435\u0437-werwer\u0438\u043c\u0435\u043d\u0438-1-300x169.jpg 300w, https:\/\/hand2noteguide.com\/wp-content\/uploads\/2025\/05\/\u0411\u0435\u0437-werwer\u0438\u043c\u0435\u043d\u0438-1-768x432.jpg 768w, https:\/\/hand2noteguide.com\/wp-content\/uploads\/2025\/05\/\u0411\u0435\u0437-werwer\u0438\u043c\u0435\u043d\u0438-1-1536x864.jpg 1536w, https:\/\/hand2noteguide.com\/wp-content\/uploads\/2025\/05\/\u0411\u0435\u0437-werwer\u0438\u043c\u0435\u043d\u0438-1-772x434.jpg 772w, https:\/\/hand2noteguide.com\/wp-content\/uploads\/2025\/05\/\u0411\u0435\u0437-werwer\u0438\u043c\u0435\u043d\u0438-1-624x351.jpg 624w, https:\/\/hand2noteguide.com\/wp-content\/uploads\/2025\/05\/\u0411\u0435\u0437-werwer\u0438\u043c\u0435\u043d\u0438-1.jpg 1920w\" sizes=\"auto, (max-width: 1024px) 100vw, 1024px\" \/><\/figure>\n\n\n\n<p>Nach dem Importieren erlauben Sie Hand2Note, das Programm neu zu starten, damit alle \u00c4nderungen wirksam werden.<\/p>\n\n\n\n<p><em>Wenn nach dem Importieren der Konfiguration ein Problem mit Hand2Note auftritt (zum Beispiel &#8211; die Schriftarten im Verteilungscontainer haben sich ge\u00e4ndert oder der gesamte Text darin hat sich nach rechts verschoben) &#8211; starten Sie Ihren Computer neu, in den meisten F\u00e4llen behebt dies alles.<\/em><\/p>\n\n\n\n<h2 class=\"wp-block-heading\">Export und Import von Notizen<\/h2>\n\n\n\n<p>Die Export- und Importkonfigurationsfunktion umfasst keine Notizen.<\/p>\n\n\n\n<p>Um Notizen zu exportieren und zu importieren, folgen Sie den gleichen Schritten wie beim Exportieren und Importieren der Konfiguration. Suchen Sie im oberen Men\u00fc des Hand2Note-Fensters nach \u201eConfiguration\u201c (1) und klicken Sie darauf. Klicken Sie anschlie\u00dfend in der Dropdown-Liste auf \u201eExport Notes\u2026\u201c (2). Geben Sie im sich \u00f6ffnenden Fenster den Speicherort und den Dateinamen der Hand2Note-Notizen (3) an und klicken Sie dann auf \u201eSave\u201c (4).<\/p>\n\n\n\n<p><em>Die erstellte Notizdatei sollte die Dateiendung \u201e.h2nnotes\u201c haben.<\/em><\/p>\n\n\n\n<figure class=\"wp-block-image size-large\"><img loading=\"lazy\" decoding=\"async\" width=\"1024\" height=\"576\" src=\"http:\/\/hand2noteguide.com\/wp-content\/uploads\/2025\/05\/\u0411\u0435\u0437-\u0438561313767\u043c\u0435\u043d\u0438-1-1024x576.jpg\" alt=\"\" class=\"wp-image-10869\" srcset=\"https:\/\/hand2noteguide.com\/wp-content\/uploads\/2025\/05\/\u0411\u0435\u0437-\u0438561313767\u043c\u0435\u043d\u0438-1-1024x576.jpg 1024w, https:\/\/hand2noteguide.com\/wp-content\/uploads\/2025\/05\/\u0411\u0435\u0437-\u0438561313767\u043c\u0435\u043d\u0438-1-300x169.jpg 300w, https:\/\/hand2noteguide.com\/wp-content\/uploads\/2025\/05\/\u0411\u0435\u0437-\u0438561313767\u043c\u0435\u043d\u0438-1-768x432.jpg 768w, https:\/\/hand2noteguide.com\/wp-content\/uploads\/2025\/05\/\u0411\u0435\u0437-\u0438561313767\u043c\u0435\u043d\u0438-1-1536x864.jpg 1536w, https:\/\/hand2noteguide.com\/wp-content\/uploads\/2025\/05\/\u0411\u0435\u0437-\u0438561313767\u043c\u0435\u043d\u0438-1-772x434.jpg 772w, https:\/\/hand2noteguide.com\/wp-content\/uploads\/2025\/05\/\u0411\u0435\u0437-\u0438561313767\u043c\u0435\u043d\u0438-1-624x351.jpg 624w, https:\/\/hand2noteguide.com\/wp-content\/uploads\/2025\/05\/\u0411\u0435\u0437-\u0438561313767\u043c\u0435\u043d\u0438-1.jpg 1920w\" sizes=\"auto, (max-width: 1024px) 100vw, 1024px\" \/><\/figure>\n\n\n\n<p>Um Notizen zu importieren, suchen Sie im oberen Men\u00fc des Hand2Note-Fensters nach \u201eConfiguration\u201c (5) und klicken Sie darauf. Klicken Sie anschlie\u00dfend in der Dropdown-Liste auf \u201eImport Notes\u2026\u201c (6). Suchen Sie im ge\u00f6ffneten Fenster den Speicherort der Hand2Note-Notizdatei (mit der Dateiendung \u201e.h2nnotes\u201c) und w\u00e4hlen Sie sie aus (7), dann klicken Sie auf \u201eOpen\u201c (8).<\/p>\n\n\n\n<p>Das Exportieren und Importieren der Konfiguration sowie das Exportieren und Importieren von Notizen umfasst keine markierten H\u00e4nde. Um den Transfer markierter H\u00e4nde durchzuf\u00fchren, empfehlen wir, diesen Artikel zu lesen:<em> <\/em><a href=\"https:\/\/hand2noteguide.com\/de\/user-manual\/marking-hands-in-hand2note\/\">Marking Hands in Hand2Note<\/a>.<\/p>\n","protected":false},"excerpt":{"rendered":"<p>Hand2Note erm\u00f6glicht das Speichern (Exportieren) der Konfiguration in eine spezielle Konfigurationsdatei. Ebenso das Installieren (Importieren) der Konfiguration aus einer Datei in Hand2Note. Die Konfiguration umfasst alle Statistikpakete, HUDs, Popups sowie alle Einstellungen wie die Positionen der HUD-Panels am Tisch und viele andere. Diese Funktion ist n\u00fctzlich beim Transfer von Hand2Note von einem Ger\u00e4t auf ein &hellip; <a href=\"https:\/\/hand2noteguide.com\/de\/user-manual\/exporting-and-importing-configuration-to-hand2note\/\" class=\"more-link\">Continue reading <span class=\"screen-reader-text\">Exportieren und Importieren von Konfigurationen in Hand2Note<\/span><\/a><\/p>\n","protected":false},"author":3,"featured_media":10974,"parent":9199,"menu_order":0,"comment_status":"closed","ping_status":"closed","template":"","meta":{"footnotes":""},"class_list":["post-10814","page","type-page","status-publish","has-post-thumbnail","hentry"],"translation":{"provider":"WPGlobus","version":"3.0.2","language":"de","enabled_languages":["en","ru","pt","zh","es","fr","de","it","ja"],"languages":{"en":{"title":true,"content":true,"excerpt":false},"ru":{"title":true,"content":true,"excerpt":false},"pt":{"title":true,"content":true,"excerpt":false},"zh":{"title":true,"content":true,"excerpt":false},"es":{"title":true,"content":true,"excerpt":false},"fr":{"title":true,"content":true,"excerpt":false},"de":{"title":true,"content":true,"excerpt":false},"it":{"title":true,"content":true,"excerpt":false},"ja":{"title":true,"content":true,"excerpt":false}}},"yoast_head":"<!-- This site is optimized with the Yoast SEO plugin v27.0 - https:\/\/yoast.com\/product\/yoast-seo-wordpress\/ -->\n<title>Exportieren und Importieren von Konfigurationen in Hand2Note<\/title>\n<meta name=\"description\" content=\"Erfahren Sie, wie Sie Hand2Note-Konfigurationen und -Notizen exportieren und importieren, um Ihre HUD-Einstellungen sicher zu \u00fcbertragen oder zu sichern.\" \/>\n<meta name=\"robots\" content=\"index, follow, max-snippet:-1, max-image-preview:large, max-video-preview:-1\" \/>\n<link rel=\"canonical\" href=\"https:\/\/hand2noteguide.com\/user-manual\/exporting-and-importing-configuration-to-hand2note\/\" \/>\n<meta property=\"og:locale\" content=\"de_DE\" \/>\n<meta property=\"og:type\" content=\"article\" \/>\n<meta property=\"og:title\" content=\"Exportieren und Importieren von Konfigurationen in Hand2Note\" \/>\n<meta property=\"og:description\" content=\"Erfahren Sie, wie Sie Hand2Note-Konfigurationen und -Notizen exportieren und importieren, um Ihre HUD-Einstellungen sicher zu \u00fcbertragen oder zu sichern.\" \/>\n<meta property=\"og:url\" content=\"https:\/\/hand2noteguide.com\/user-manual\/exporting-and-importing-configuration-to-hand2note\/\" \/>\n<meta property=\"og:site_name\" content=\"Hand2Note Guide\" \/>\n<meta property=\"article:modified_time\" content=\"2026-03-10T08:24:50+00:00\" \/>\n<meta property=\"og:image\" content=\"https:\/\/hand2noteguide.com\/wp-content\/uploads\/2025\/05\/export-import-h2n-min.png\" \/>\n\t<meta property=\"og:image:width\" content=\"1920\" \/>\n\t<meta property=\"og:image:height\" content=\"1400\" \/>\n\t<meta property=\"og:image:type\" content=\"image\/png\" \/>\n<meta name=\"twitter:card\" content=\"summary_large_image\" \/>\n<meta name=\"twitter:label1\" content=\"Est. reading time\" \/>\n\t<meta name=\"twitter:data1\" content=\"16 minutes\" \/>\n<!-- \/ Yoast SEO plugin. -->","yoast_head_json":{"title":"Exportieren und Importieren von Konfigurationen in Hand2Note","description":"Erfahren Sie, wie Sie Hand2Note-Konfigurationen und -Notizen exportieren und importieren, um Ihre HUD-Einstellungen sicher zu \u00fcbertragen oder zu sichern.","robots":{"index":"index","follow":"follow","max-snippet":"max-snippet:-1","max-image-preview":"max-image-preview:large","max-video-preview":"max-video-preview:-1"},"canonical":"https:\/\/hand2noteguide.com\/user-manual\/exporting-and-importing-configuration-to-hand2note\/","og_locale":"de_DE","og_type":"article","og_title":"Exportieren und Importieren von Konfigurationen in Hand2Note","og_description":"Erfahren Sie, wie Sie Hand2Note-Konfigurationen und -Notizen exportieren und importieren, um Ihre HUD-Einstellungen sicher zu \u00fcbertragen oder zu sichern.","og_url":"https:\/\/hand2noteguide.com\/user-manual\/exporting-and-importing-configuration-to-hand2note\/","og_site_name":"Hand2Note Guide","article_modified_time":"2026-03-10T08:24:50+00:00","og_image":[{"width":1920,"height":1400,"url":"https:\/\/hand2noteguide.com\/wp-content\/uploads\/2025\/05\/export-import-h2n-min.png","type":"image\/png"}],"twitter_card":"summary_large_image","twitter_misc":{"Est. reading time":"16 minutes"},"schema":{"@context":"https:\/\/schema.org","@graph":[]}},"jetpack_sharing_enabled":true,"_links":{"self":[{"href":"https:\/\/hand2noteguide.com\/de\/wp-json\/wp\/v2\/pages\/10814","targetHints":{"allow":["GET"]}}],"collection":[{"href":"https:\/\/hand2noteguide.com\/de\/wp-json\/wp\/v2\/pages"}],"about":[{"href":"https:\/\/hand2noteguide.com\/de\/wp-json\/wp\/v2\/types\/page"}],"author":[{"embeddable":true,"href":"https:\/\/hand2noteguide.com\/de\/wp-json\/wp\/v2\/users\/3"}],"replies":[{"embeddable":true,"href":"https:\/\/hand2noteguide.com\/de\/wp-json\/wp\/v2\/comments?post=10814"}],"version-history":[{"count":57,"href":"https:\/\/hand2noteguide.com\/de\/wp-json\/wp\/v2\/pages\/10814\/revisions"}],"predecessor-version":[{"id":15625,"href":"https:\/\/hand2noteguide.com\/de\/wp-json\/wp\/v2\/pages\/10814\/revisions\/15625"}],"up":[{"embeddable":true,"href":"https:\/\/hand2noteguide.com\/de\/wp-json\/wp\/v2\/pages\/9199"}],"wp:featuredmedia":[{"embeddable":true,"href":"https:\/\/hand2noteguide.com\/de\/wp-json\/wp\/v2\/media\/10974"}],"wp:attachment":[{"href":"https:\/\/hand2noteguide.com\/de\/wp-json\/wp\/v2\/media?parent=10814"}],"curies":[{"name":"wp","href":"https:\/\/api.w.org\/{rel}","templated":true}]}}