{"id":11059,"date":"2025-05-10T13:34:35","date_gmt":"2025-05-10T10:34:35","guid":{"rendered":"https:\/\/hand2noteguide.com\/?page_id=11059"},"modified":"2026-03-10T11:26:40","modified_gmt":"2026-03-10T08:26:40","slug":"hand2note-sessions","status":"publish","type":"page","link":"https:\/\/hand2noteguide.com\/de\/user-manual\/hand2note-sessions\/","title":{"rendered":"&#8220;Sessions&#8221;-Werkzeug in Hand2Note"},"content":{"rendered":"\n<p>Hand2Note erm\u00f6glicht es Ihnen, Ihre Ergebnisse im Format von Spielsitzungen anzuzeigen \u2014 sowohl w\u00e4hrend des Spiels als auch nach dem Ende der Sitzung.<\/p>\n\n\n\n<p>Der Abschnitt Sessions zeigt wichtige Spielmetriken f\u00fcr die Sitzung an, wie zum Beispiel: Win Rate EV, Anzahl der gespielten H\u00e4nde, Sitzungsdauer und viele andere.<\/p>\n\n\n\n<p>Diese Funktion ist n\u00fctzlich, um Ihre aktuelle Leistung in Echtzeit zu verfolgen.<\/p>\n\n\n\n<h2 class=\"wp-block-heading\">Navigieren im \u201cSessions\u201d-Men\u00fc<\/h2>\n\n\n\n<p>Um das Sessions-Men\u00fc zu \u00f6ffnen, klicken Sie auf <strong>\u201cSessions\u201d (1)<\/strong>. Stellen Sie als N\u00e4chstes sicher, dass die Sitzungsdaten Informationen f\u00fcr den richtigen Spieler anzeigen: Klicken Sie auf das <strong>Spieler-Nickname-Symbol (2)<\/strong> und w\u00e4hlen Sie den gew\u00fcnschten Spieler aus.<\/p>\n\n\n\n<figure class=\"wp-block-image size-large\"><img loading=\"lazy\" decoding=\"async\" width=\"1024\" height=\"576\" src=\"http:\/\/hand2noteguide.com\/wp-content\/uploads\/2025\/05\/\u0411\u0435\u0437-\u0438\u043c\u0435567\u043d\u0438-1-1024x576.jpg\" alt=\"\" class=\"wp-image-11094\" srcset=\"https:\/\/hand2noteguide.com\/wp-content\/uploads\/2025\/05\/\u0411\u0435\u0437-\u0438\u043c\u0435567\u043d\u0438-1-1024x576.jpg 1024w, https:\/\/hand2noteguide.com\/wp-content\/uploads\/2025\/05\/\u0411\u0435\u0437-\u0438\u043c\u0435567\u043d\u0438-1-300x169.jpg 300w, https:\/\/hand2noteguide.com\/wp-content\/uploads\/2025\/05\/\u0411\u0435\u0437-\u0438\u043c\u0435567\u043d\u0438-1-768x432.jpg 768w, https:\/\/hand2noteguide.com\/wp-content\/uploads\/2025\/05\/\u0411\u0435\u0437-\u0438\u043c\u0435567\u043d\u0438-1-1536x864.jpg 1536w, https:\/\/hand2noteguide.com\/wp-content\/uploads\/2025\/05\/\u0411\u0435\u0437-\u0438\u043c\u0435567\u043d\u0438-1-772x434.jpg 772w, https:\/\/hand2noteguide.com\/wp-content\/uploads\/2025\/05\/\u0411\u0435\u0437-\u0438\u043c\u0435567\u043d\u0438-1-624x351.jpg 624w, https:\/\/hand2noteguide.com\/wp-content\/uploads\/2025\/05\/\u0411\u0435\u0437-\u0438\u043c\u0435567\u043d\u0438-1.jpg 1920w\" sizes=\"auto, (max-width: 1024px) 100vw, 1024px\" \/><\/figure>\n\n\n\n<p>Sie k\u00f6nnen auch den gew\u00fcnschten <strong>Zeitraum<\/strong> f\u00fcr die Sitzungs\u00fcbersicht ausw\u00e4hlen, indem Sie auf <strong>\u201cAll Time\u201d (3)<\/strong> klicken und den ben\u00f6tigten Zeitraum w\u00e4hlen. Sie k\u00f6nnen nach <strong>Spieltyp<\/strong> im Dropdown-Men\u00fc filtern, nachdem Sie auf <strong>\u201cCash\u201d<\/strong> (oder <strong>\u201cTournament\u201d<\/strong>) <strong>(4)<\/strong> geklickt haben. Ein Klick auf das <strong>Zahnradsymbol (5)<\/strong> erm\u00f6glicht es Ihnen, die <strong>sichtbaren Spalten<\/strong> in der Sitzungs\u00fcbersicht <strong>(6)<\/strong> anzupassen. Ein Klick auf eine beliebige Sitzung in der Liste <strong>(6)<\/strong> \u00f6ffnet detaillierte Informationen auf der rechten Seite: allgemeine Statistiken mit einem <strong>Gewinn\/Verlust-Diagramm (7)<\/strong> und der <strong>H\u00e4ndeliste (8)<\/strong>.<\/p>\n\n\n\n<p>Durch <strong>Linksklick (1)<\/strong> auf eine beliebige Hand in der Liste erscheint eine <strong>Detailansicht (2)<\/strong> der Hand auf der rechten Seite.<\/p>\n\n\n\n<figure class=\"wp-block-image size-large\"><img loading=\"lazy\" decoding=\"async\" width=\"1024\" height=\"700\" src=\"http:\/\/hand2noteguide.com\/wp-content\/uploads\/2025\/05\/\u0411\u0435\u0437-\u0438\u043c\u0435\u0432\u0430\u043f\u043d\u0438-2-1024x700.jpg\" alt=\"\" class=\"wp-image-11104\" srcset=\"https:\/\/hand2noteguide.com\/wp-content\/uploads\/2025\/05\/\u0411\u0435\u0437-\u0438\u043c\u0435\u0432\u0430\u043f\u043d\u0438-2-1024x700.jpg 1024w, https:\/\/hand2noteguide.com\/wp-content\/uploads\/2025\/05\/\u0411\u0435\u0437-\u0438\u043c\u0435\u0432\u0430\u043f\u043d\u0438-2-300x205.jpg 300w, https:\/\/hand2noteguide.com\/wp-content\/uploads\/2025\/05\/\u0411\u0435\u0437-\u0438\u043c\u0435\u0432\u0430\u043f\u043d\u0438-2-768x525.jpg 768w, https:\/\/hand2noteguide.com\/wp-content\/uploads\/2025\/05\/\u0411\u0435\u0437-\u0438\u043c\u0435\u0432\u0430\u043f\u043d\u0438-2-1536x1051.jpg 1536w, https:\/\/hand2noteguide.com\/wp-content\/uploads\/2025\/05\/\u0411\u0435\u0437-\u0438\u043c\u0435\u0432\u0430\u043f\u043d\u0438-2-772x528.jpg 772w, https:\/\/hand2noteguide.com\/wp-content\/uploads\/2025\/05\/\u0411\u0435\u0437-\u0438\u043c\u0435\u0432\u0430\u043f\u043d\u0438-2-624x427.jpg 624w, https:\/\/hand2noteguide.com\/wp-content\/uploads\/2025\/05\/\u0411\u0435\u0437-\u0438\u043c\u0435\u0432\u0430\u043f\u043d\u0438-2.jpg 1908w\" sizes=\"auto, (max-width: 1024px) 100vw, 1024px\" \/><\/figure>\n\n\n\n<p>Zus\u00e4tzlich erscheint ein Kontextmen\u00fc mit den folgenden Optionen, wenn Sie mit der <strong>rechten Maustaste<\/strong> auf eine beliebige Hand in der Liste klicken:<\/p>\n\n\n\n<ul class=\"wp-block-list\">\n<li><strong>\u201cOpen in Replayer\u201d (3)<\/strong> \u2013 die Hand im Replayer ansehen;<\/li>\n\n\n\n<li><strong>\u201cShow Hand Details\u201d (4)<\/strong> \u2013 Handdetails in einem separaten Fenster \u00f6ffnen;<\/li>\n\n\n\n<li><strong>\u201cAdd to Player Note\u201d (5)<\/strong> \u2013 eine Notiz zu einem beliebigen Spieler in der ausgew\u00e4hlten Hand hinzuf\u00fcgen;<\/li>\n\n\n\n<li><strong>\u201cMark Hand\u201d (6)<\/strong> \u2013 <a href=\"https:\/\/hand2noteguide.com\/de\/user-manual\/marking-hands-in-hand2note\/\">die Hand markieren<\/a> ohne Tags zu verwenden;<\/li>\n\n\n\n<li><strong>\u201cMark Hand With Tags\u2026\u201d (7)<\/strong> \u2013 die Hand mit einem ausgew\u00e4hlten Tag markieren;<\/li>\n\n\n\n<li><strong>\u201cCopy Hand History\u201d (8)<\/strong> \u2013 die Handhistorie als Text in die Zwischenablage kopieren;<\/li>\n\n\n\n<li><strong>\u201cShow Hand History\u201d (9)<\/strong> \u2013 die Handhistorie als einfachen Text \u00f6ffnen;<\/li>\n\n\n\n<li><strong>\u201cExport Hands\u201d (10)<\/strong> \u2013 alle H\u00e4nde aus der ausgew\u00e4hlten Sitzung exportieren.<\/li>\n<\/ul>\n\n\n\n<h2 class=\"wp-block-heading\">Konfiguration der Sitzungsunterbrechungszeit<\/h2>\n\n\n\n<p>Hand2Note betrachtet eine Sitzung als gestartet, wenn der Spieler am Tisch sitzt, und als beendet, wenn er alle Tische verl\u00e4sst und f\u00fcr einen festgelegten Zeitraum inaktiv bleibt (an keinem Tisch sitzt).<\/p>\n\n\n\n<p>Standardm\u00e4\u00dfig setzt Hand2Note diesen <strong>Inaktivit\u00e4tszeitraum<\/strong> auf <strong>zehn Minuten<\/strong>, aber Sie k\u00f6nnen ihn auf jeden beliebigen Wert \u00e4ndern, der Ihnen passt.<\/p>\n\n\n\n<figure class=\"wp-block-image size-large\"><img loading=\"lazy\" decoding=\"async\" width=\"1024\" height=\"576\" src=\"http:\/\/hand2noteguide.com\/wp-content\/uploads\/2025\/05\/\u0411\u0435\u0437-\u0438\u043c\u0435\u044b\u0444\u0432\u0444\u044b\u0432\u0444\u043d\u0438-3-1024x576.jpg\" alt=\"\" class=\"wp-image-11109\" srcset=\"https:\/\/hand2noteguide.com\/wp-content\/uploads\/2025\/05\/\u0411\u0435\u0437-\u0438\u043c\u0435\u044b\u0444\u0432\u0444\u044b\u0432\u0444\u043d\u0438-3-1024x576.jpg 1024w, https:\/\/hand2noteguide.com\/wp-content\/uploads\/2025\/05\/\u0411\u0435\u0437-\u0438\u043c\u0435\u044b\u0444\u0432\u0444\u044b\u0432\u0444\u043d\u0438-3-300x169.jpg 300w, https:\/\/hand2noteguide.com\/wp-content\/uploads\/2025\/05\/\u0411\u0435\u0437-\u0438\u043c\u0435\u044b\u0444\u0432\u0444\u044b\u0432\u0444\u043d\u0438-3-768x432.jpg 768w, https:\/\/hand2noteguide.com\/wp-content\/uploads\/2025\/05\/\u0411\u0435\u0437-\u0438\u043c\u0435\u044b\u0444\u0432\u0444\u044b\u0432\u0444\u043d\u0438-3-1536x864.jpg 1536w, https:\/\/hand2noteguide.com\/wp-content\/uploads\/2025\/05\/\u0411\u0435\u0437-\u0438\u043c\u0435\u044b\u0444\u0432\u0444\u044b\u0432\u0444\u043d\u0438-3-772x434.jpg 772w, https:\/\/hand2noteguide.com\/wp-content\/uploads\/2025\/05\/\u0411\u0435\u0437-\u0438\u043c\u0435\u044b\u0444\u0432\u0444\u044b\u0432\u0444\u043d\u0438-3-624x351.jpg 624w, https:\/\/hand2noteguide.com\/wp-content\/uploads\/2025\/05\/\u0411\u0435\u0437-\u0438\u043c\u0435\u044b\u0444\u0432\u0444\u044b\u0432\u0444\u043d\u0438-3.jpg 1920w\" sizes=\"auto, (max-width: 1024px) 100vw, 1024px\" \/><\/figure>\n\n\n\n<p>Um dies zu tun:<\/p>\n\n\n\n<ol class=\"wp-block-list\" start=\"1\">\n<li>Gehen Sie im Hauptfenster von Hand2Note zu <strong>\u201cConfiguration\u201d (1)<\/strong><\/li>\n\n\n\n<li>\u00d6ffnen Sie den Abschnitt <strong>\u201cOther\u201d (2)<\/strong><\/li>\n\n\n\n<li>Finden Sie die Einstellung <strong>\u201cMax break between sessions (minutes)\u201d (3)<\/strong> und geben Sie den gew\u00fcnschten Wert (in Minuten) ein<\/li>\n<\/ol>\n","protected":false},"excerpt":{"rendered":"<p>Hand2Note erm\u00f6glicht es Ihnen, Ihre Ergebnisse im Format von Spielsitzungen anzuzeigen \u2014 sowohl w\u00e4hrend des Spiels als auch nach dem Ende der Sitzung. Der Abschnitt Sessions zeigt wichtige Spielmetriken f\u00fcr die Sitzung an, wie zum Beispiel: Win Rate EV, Anzahl der gespielten H\u00e4nde, Sitzungsdauer und viele andere. Diese Funktion ist n\u00fctzlich, um Ihre aktuelle Leistung &hellip; <a href=\"https:\/\/hand2noteguide.com\/de\/user-manual\/hand2note-sessions\/\" class=\"more-link\">Continue reading <span class=\"screen-reader-text\">&#8220;Sessions&#8221;-Werkzeug in Hand2Note<\/span><\/a><\/p>\n","protected":false},"author":3,"featured_media":11062,"parent":9199,"menu_order":0,"comment_status":"closed","ping_status":"closed","template":"","meta":{"footnotes":""},"class_list":["post-11059","page","type-page","status-publish","has-post-thumbnail","hentry"],"translation":{"provider":"WPGlobus","version":"3.0.2","language":"de","enabled_languages":["en","ru","pt","zh","es","fr","de","it","ja"],"languages":{"en":{"title":true,"content":true,"excerpt":false},"ru":{"title":true,"content":true,"excerpt":false},"pt":{"title":true,"content":true,"excerpt":false},"zh":{"title":true,"content":true,"excerpt":false},"es":{"title":true,"content":true,"excerpt":false},"fr":{"title":true,"content":true,"excerpt":false},"de":{"title":true,"content":true,"excerpt":false},"it":{"title":true,"content":true,"excerpt":false},"ja":{"title":true,"content":true,"excerpt":false}}},"yoast_head":"<!-- This site is optimized with the Yoast SEO plugin v27.0 - https:\/\/yoast.com\/product\/yoast-seo-wordpress\/ -->\n<title>&quot;Sessions&quot;-Werkzeug in Hand2Note<\/title>\n<meta name=\"description\" content=\"Sehen und analysieren Sie Ihre Poker-Sitzungsergebnisse in Hand2Note. Erfahren Sie, wie Sie das Sessions-Werkzeug navigieren, um wichtige Statistiken zu verfolgen und Ihren Spiel\u00fcberpr\u00fcfungsprozess zu verbessern.\" \/>\n<meta name=\"robots\" content=\"index, follow, max-snippet:-1, max-image-preview:large, max-video-preview:-1\" \/>\n<link rel=\"canonical\" href=\"https:\/\/hand2noteguide.com\/user-manual\/hand2note-sessions\/\" \/>\n<meta property=\"og:locale\" content=\"de_DE\" \/>\n<meta property=\"og:type\" content=\"article\" \/>\n<meta property=\"og:title\" content=\"&quot;Sessions&quot;-Werkzeug in Hand2Note\" \/>\n<meta property=\"og:description\" content=\"Sehen und analysieren Sie Ihre Poker-Sitzungsergebnisse in Hand2Note. Erfahren Sie, wie Sie das Sessions-Werkzeug navigieren, um wichtige Statistiken zu verfolgen und Ihren Spiel\u00fcberpr\u00fcfungsprozess zu verbessern.\" \/>\n<meta property=\"og:url\" content=\"https:\/\/hand2noteguide.com\/user-manual\/hand2note-sessions\/\" \/>\n<meta property=\"og:site_name\" content=\"Hand2Note Guide\" \/>\n<meta property=\"article:modified_time\" content=\"2026-03-10T08:26:40+00:00\" \/>\n<meta property=\"og:image\" content=\"https:\/\/hand2noteguide.com\/wp-content\/uploads\/2025\/05\/\u0411\u0435\u0437-\u0438\u043c\u0435\u043d\u0438-1-2.jpg\" \/>\n\t<meta property=\"og:image:width\" content=\"1907\" \/>\n\t<meta property=\"og:image:height\" content=\"1022\" \/>\n\t<meta property=\"og:image:type\" content=\"image\/jpeg\" \/>\n<meta name=\"twitter:card\" content=\"summary_large_image\" \/>\n<meta name=\"twitter:label1\" content=\"Est. reading time\" \/>\n\t<meta name=\"twitter:data1\" content=\"14 minutes\" \/>\n<!-- \/ Yoast SEO plugin. -->","yoast_head_json":{"title":"\"Sessions\"-Werkzeug in Hand2Note","description":"Sehen und analysieren Sie Ihre Poker-Sitzungsergebnisse in Hand2Note. Erfahren Sie, wie Sie das Sessions-Werkzeug navigieren, um wichtige Statistiken zu verfolgen und Ihren Spiel\u00fcberpr\u00fcfungsprozess zu verbessern.","robots":{"index":"index","follow":"follow","max-snippet":"max-snippet:-1","max-image-preview":"max-image-preview:large","max-video-preview":"max-video-preview:-1"},"canonical":"https:\/\/hand2noteguide.com\/user-manual\/hand2note-sessions\/","og_locale":"de_DE","og_type":"article","og_title":"\"Sessions\"-Werkzeug in Hand2Note","og_description":"Sehen und analysieren Sie Ihre Poker-Sitzungsergebnisse in Hand2Note. Erfahren Sie, wie Sie das Sessions-Werkzeug navigieren, um wichtige Statistiken zu verfolgen und Ihren Spiel\u00fcberpr\u00fcfungsprozess zu verbessern.","og_url":"https:\/\/hand2noteguide.com\/user-manual\/hand2note-sessions\/","og_site_name":"Hand2Note Guide","article_modified_time":"2026-03-10T08:26:40+00:00","og_image":[{"width":1907,"height":1022,"url":"https:\/\/hand2noteguide.com\/wp-content\/uploads\/2025\/05\/\u0411\u0435\u0437-\u0438\u043c\u0435\u043d\u0438-1-2.jpg","type":"image\/jpeg"}],"twitter_card":"summary_large_image","twitter_misc":{"Est. reading time":"14 minutes"},"schema":{"@context":"https:\/\/schema.org","@graph":[]}},"jetpack_sharing_enabled":true,"_links":{"self":[{"href":"https:\/\/hand2noteguide.com\/de\/wp-json\/wp\/v2\/pages\/11059","targetHints":{"allow":["GET"]}}],"collection":[{"href":"https:\/\/hand2noteguide.com\/de\/wp-json\/wp\/v2\/pages"}],"about":[{"href":"https:\/\/hand2noteguide.com\/de\/wp-json\/wp\/v2\/types\/page"}],"author":[{"embeddable":true,"href":"https:\/\/hand2noteguide.com\/de\/wp-json\/wp\/v2\/users\/3"}],"replies":[{"embeddable":true,"href":"https:\/\/hand2noteguide.com\/de\/wp-json\/wp\/v2\/comments?post=11059"}],"version-history":[{"count":31,"href":"https:\/\/hand2noteguide.com\/de\/wp-json\/wp\/v2\/pages\/11059\/revisions"}],"predecessor-version":[{"id":15627,"href":"https:\/\/hand2noteguide.com\/de\/wp-json\/wp\/v2\/pages\/11059\/revisions\/15627"}],"up":[{"embeddable":true,"href":"https:\/\/hand2noteguide.com\/de\/wp-json\/wp\/v2\/pages\/9199"}],"wp:featuredmedia":[{"embeddable":true,"href":"https:\/\/hand2noteguide.com\/de\/wp-json\/wp\/v2\/media\/11062"}],"wp:attachment":[{"href":"https:\/\/hand2noteguide.com\/de\/wp-json\/wp\/v2\/media?parent=11059"}],"curies":[{"name":"wp","href":"https:\/\/api.w.org\/{rel}","templated":true}]}}