{"id":11131,"date":"2025-05-14T13:24:23","date_gmt":"2025-05-14T10:24:23","guid":{"rendered":"https:\/\/hand2noteguide.com\/?page_id=11131"},"modified":"2026-03-10T11:27:47","modified_gmt":"2026-03-10T08:27:47","slug":"the-use-and-possibilities-of-notes-in-hand2note","status":"publish","type":"page","link":"https:\/\/hand2noteguide.com\/de\/user-manual\/the-use-and-possibilities-of-notes-in-hand2note\/","title":{"rendered":"Verwendung von Notizen in Hand2Note"},"content":{"rendered":"\n<p>Hand2Note erm\u00f6glicht es Ihnen, Notizen (Kommentare) zu jedem Spieler in Form von Text oder Vorlagen zu schreiben. Sie k\u00f6nnen auch jede gespielte Hand darin einf\u00fcgen.<\/p>\n\n\n\n<p>Diese Funktion erm\u00f6glicht es Ihnen, Notizen zu Spielern zu machen, die bei der Entscheidungsfindung w\u00e4hrend einer Hand helfen.<\/p>\n\n\n\n<h2 class=\"wp-block-heading\">Wie man eine Notiz \u00fcber einen Gegner am Tisch macht<\/h2>\n\n\n\n<p>Um eine Notiz \u00fcber einen Gegner hinzuzuf\u00fcgen, finden Sie das Notizsymbol (1) im HUD und fahren Sie mit dem Mauszeiger dar\u00fcber.<\/p>\n\n\n\n<figure class=\"wp-block-image size-large\"><img loading=\"lazy\" decoding=\"async\" width=\"1024\" height=\"793\" src=\"http:\/\/hand2noteguide.com\/wp-content\/uploads\/2025\/05\/\u0411\u0435\u0437-\u0438\u043c\u0435\u043d\u0438-1-3-1024x793.jpg\" alt=\"\" class=\"wp-image-11139\" srcset=\"https:\/\/hand2noteguide.com\/wp-content\/uploads\/2025\/05\/\u0411\u0435\u0437-\u0438\u043c\u0435\u043d\u0438-1-3-1024x793.jpg 1024w, https:\/\/hand2noteguide.com\/wp-content\/uploads\/2025\/05\/\u0411\u0435\u0437-\u0438\u043c\u0435\u043d\u0438-1-3-300x232.jpg 300w, https:\/\/hand2noteguide.com\/wp-content\/uploads\/2025\/05\/\u0411\u0435\u0437-\u0438\u043c\u0435\u043d\u0438-1-3-768x594.jpg 768w, https:\/\/hand2noteguide.com\/wp-content\/uploads\/2025\/05\/\u0411\u0435\u0437-\u0438\u043c\u0435\u043d\u0438-1-3-772x598.jpg 772w, https:\/\/hand2noteguide.com\/wp-content\/uploads\/2025\/05\/\u0411\u0435\u0437-\u0438\u043c\u0435\u043d\u0438-1-3-624x483.jpg 624w, https:\/\/hand2noteguide.com\/wp-content\/uploads\/2025\/05\/\u0411\u0435\u0437-\u0438\u043c\u0435\u043d\u0438-1-3.jpg 1053w\" sizes=\"auto, (max-width: 1024px) 100vw, 1024px\" \/><figcaption class=\"wp-element-caption\">Das Beispiel verwendet das Statistik-, Popups- und HUD-Paket: &#8220;<a href=\"https:\/\/www.hudstore.poker\/products\/exploit-hud-facilitated\" target=\"_blank\" rel=\"noreferrer noopener\">Exploit HUD Facilitated<\/a>&#8220;.<\/figcaption><\/figure>\n\n\n\n<p>Wenn Sie dar\u00fcber fahren, erscheint ein Fenster, in dem Sie:<\/p>\n\n\n\n<ul class=\"wp-block-list\">\n<li>Eine Notiz \u00fcber den Spieler schreiben k\u00f6nnen (2);<\/li>\n\n\n\n<li>Eine Notiz aus Notizvorlagen hinzuf\u00fcgen k\u00f6nnen (3);<\/li>\n\n\n\n<li>Die letzte Hand, die der Gegner am Tisch gespielt hat, zur Notizliste hinzuf\u00fcgen k\u00f6nnen (4);<\/li>\n\n\n\n<li>Eine Notiz aus Vorlagen und die letzte Hand, die der Gegner am Tisch gespielt hat, zusammen in einer Zeile der Notizliste hinzuf\u00fcgen k\u00f6nnen (5).<\/li>\n<\/ul>\n\n\n\n<p>Nach dem Hinzuf\u00fcgen von Notizen k\u00f6nnen Sie diese jederzeit einsehen. Um dies zu tun, fahren Sie mit dem Mauszeiger \u00fcber das Notizsymbol im HUD (1) bei dem Spieler, \u00fcber den Sie zuvor Notizen geschrieben haben.<\/p>\n\n\n\n<p><em>Wenn Notizen \u00fcber einen Spieler geschrieben wurden, erscheint ein kleines Bleistiftbild im Notizsymbol.<\/em><\/p>\n\n\n\n<figure class=\"wp-block-image size-large\"><img loading=\"lazy\" decoding=\"async\" width=\"1024\" height=\"742\" src=\"http:\/\/hand2noteguide.com\/wp-content\/uploads\/2025\/05\/NUTS1-1-1024x742.jpg\" alt=\"\" class=\"wp-image-11236\" srcset=\"https:\/\/hand2noteguide.com\/wp-content\/uploads\/2025\/05\/NUTS1-1-1024x742.jpg 1024w, https:\/\/hand2noteguide.com\/wp-content\/uploads\/2025\/05\/NUTS1-1-300x217.jpg 300w, https:\/\/hand2noteguide.com\/wp-content\/uploads\/2025\/05\/NUTS1-1-768x557.jpg 768w, https:\/\/hand2noteguide.com\/wp-content\/uploads\/2025\/05\/NUTS1-1-772x560.jpg 772w, https:\/\/hand2noteguide.com\/wp-content\/uploads\/2025\/05\/NUTS1-1-624x452.jpg 624w, https:\/\/hand2noteguide.com\/wp-content\/uploads\/2025\/05\/NUTS1-1.jpg 1145w\" sizes=\"auto, (max-width: 1024px) 100vw, 1024px\" \/><\/figure>\n\n\n\n<p>Im n\u00e4chsten Popup-Fenster k\u00f6nnen Sie sehen:<\/p>\n\n\n\n<ul class=\"wp-block-list\">\n<li>Die hinzugef\u00fcgte letzte Hand, die der Spieler gespielt hat, und die Notizvorlage (2);<\/li>\n\n\n\n<li>Die hinzugef\u00fcgte letzte Hand, die der Spieler gespielt hat (3);<\/li>\n\n\n\n<li>Die hinzugef\u00fcgte Notiz oder die hinzugef\u00fcgte Notiz aus Notizvorlagen (4).<\/li>\n<\/ul>\n\n\n\n<p>Um hinzugef\u00fcgte Notizen zu l\u00f6schen, klicken Sie mit der rechten Maustaste (rechte Maustaste) auf eine beliebige hinzugef\u00fcgte Notiz in der Notizliste und w\u00e4hlen Sie &#8220;Notiz entfernen&#8221; (oder &#8220;Hand entfernen&#8221;, wenn Sie eine hinzugef\u00fcgte Hand aus der Notizliste l\u00f6schen).<\/p>\n\n\n\n<h3 class=\"wp-block-heading\">Wie man Vorlagen in der Notizvorlagenliste schreibt<\/h3>\n\n\n\n<p>Finden Sie das Notizsymbol (1) im HUD und fahren Sie mit dem Mauszeiger dar\u00fcber.<\/p>\n\n\n\n<figure class=\"wp-block-image size-large\"><img loading=\"lazy\" decoding=\"async\" width=\"1024\" height=\"824\" src=\"http:\/\/hand2noteguide.com\/wp-content\/uploads\/2025\/05\/\u0411\u0435\u0437-\u0438\u043c\u0435\u043d\u0444\u044b\u0432\u0438-1-1024x824.jpg\" alt=\"\" class=\"wp-image-11159\" srcset=\"https:\/\/hand2noteguide.com\/wp-content\/uploads\/2025\/05\/\u0411\u0435\u0437-\u0438\u043c\u0435\u043d\u0444\u044b\u0432\u0438-1-1024x824.jpg 1024w, https:\/\/hand2noteguide.com\/wp-content\/uploads\/2025\/05\/\u0411\u0435\u0437-\u0438\u043c\u0435\u043d\u0444\u044b\u0432\u0438-1-300x242.jpg 300w, https:\/\/hand2noteguide.com\/wp-content\/uploads\/2025\/05\/\u0411\u0435\u0437-\u0438\u043c\u0435\u043d\u0444\u044b\u0432\u0438-1-768x618.jpg 768w, https:\/\/hand2noteguide.com\/wp-content\/uploads\/2025\/05\/\u0411\u0435\u0437-\u0438\u043c\u0435\u043d\u0444\u044b\u0432\u0438-1-772x621.jpg 772w, https:\/\/hand2noteguide.com\/wp-content\/uploads\/2025\/05\/\u0411\u0435\u0437-\u0438\u043c\u0435\u043d\u0444\u044b\u0432\u0438-1-624x502.jpg 624w, https:\/\/hand2noteguide.com\/wp-content\/uploads\/2025\/05\/\u0411\u0435\u0437-\u0438\u043c\u0435\u043d\u0444\u044b\u0432\u0438-1.jpg 1036w\" sizes=\"auto, (max-width: 1024px) 100vw, 1024px\" \/><\/figure>\n\n\n\n<p>Im Popup-Fenster w\u00e4hlen Sie &#8220;+ Vorlage&#8221; (2) und dann &#8220;+ Vorlage erstellen&#8221; (3). Geben Sie dann den Text der Notizvorlage ein und klicken Sie auf &#8220;ERSTELLEN&#8221;, um sie zu speichern.<\/p>\n\n\n\n<p>Nach dem Erstellen einer Notizvorlage kann diese in der Vorlagenliste gefunden und einem Spieler hinzugef\u00fcgt werden.<\/p>\n\n\n\n<figure class=\"wp-block-image size-large\"><img loading=\"lazy\" decoding=\"async\" width=\"1024\" height=\"803\" src=\"http:\/\/hand2noteguide.com\/wp-content\/uploads\/2025\/05\/NUTS3-1-1024x803.jpg\" alt=\"\" class=\"wp-image-11232\" srcset=\"https:\/\/hand2noteguide.com\/wp-content\/uploads\/2025\/05\/NUTS3-1-1024x803.jpg 1024w, https:\/\/hand2noteguide.com\/wp-content\/uploads\/2025\/05\/NUTS3-1-300x235.jpg 300w, https:\/\/hand2noteguide.com\/wp-content\/uploads\/2025\/05\/NUTS3-1-768x602.jpg 768w, https:\/\/hand2noteguide.com\/wp-content\/uploads\/2025\/05\/NUTS3-1-772x606.jpg 772w, https:\/\/hand2noteguide.com\/wp-content\/uploads\/2025\/05\/NUTS3-1-624x489.jpg 624w, https:\/\/hand2noteguide.com\/wp-content\/uploads\/2025\/05\/NUTS3-1.jpg 1053w\" sizes=\"auto, (max-width: 1024px) 100vw, 1024px\" \/><\/figure>\n\n\n\n<p><em>Beim Erstellen von Notizvorlagen \u00fcber das HUD oder Popup f\u00fcr einen Spieler werden diese auch f\u00fcr andere Spieler sichtbar und nutzbar sein.<\/em><\/p>\n\n\n\n<h3 class=\"wp-block-heading\">F\u00e4higkeit, Notizen \u00fcber ein Popup auf einem Spieler zu erstellen, zu bearbeiten oder hinzuzuf\u00fcgen<\/h3>\n\n\n\n<p>Hand2Note erm\u00f6glicht es Ihnen, Notizen oder deren Vorlagen \u00fcber Popups auf Spielern einzugeben und zu bearbeiten, genauso wie \u00fcber HUDs.<\/p>\n\n\n\n<p>Um dies zu tun, finden Sie im ge\u00f6ffneten Popup auf einem Spieler das Label &#8220;Notizen&#8221; (1) und klicken Sie darauf. In Bereich (2) k\u00f6nnen Sie die hinzugef\u00fcgten Notizen sehen sowie die Liste wie oben gezeigt bearbeiten, indem Sie die gleichen Aktionen wie \u00fcber HUD-Fenster verwenden.<\/p>\n\n\n\n<figure class=\"wp-block-image size-full\"><img loading=\"lazy\" decoding=\"async\" width=\"828\" height=\"625\" src=\"http:\/\/hand2noteguide.com\/wp-content\/uploads\/2025\/05\/NUTS2-1.jpg\" alt=\"\" class=\"wp-image-11234\" srcset=\"https:\/\/hand2noteguide.com\/wp-content\/uploads\/2025\/05\/NUTS2-1.jpg 828w, https:\/\/hand2noteguide.com\/wp-content\/uploads\/2025\/05\/NUTS2-1-300x226.jpg 300w, https:\/\/hand2noteguide.com\/wp-content\/uploads\/2025\/05\/NUTS2-1-768x580.jpg 768w, https:\/\/hand2noteguide.com\/wp-content\/uploads\/2025\/05\/NUTS2-1-772x583.jpg 772w, https:\/\/hand2noteguide.com\/wp-content\/uploads\/2025\/05\/NUTS2-1-624x471.jpg 624w\" sizes=\"auto, (max-width: 828px) 100vw, 828px\" \/><\/figure>\n\n\n\n<h3 class=\"wp-block-heading\">Hinzuf\u00fcgen einer Notiz zu einer Statistik<\/h3>\n\n\n\n<p>In Hand2Note k\u00f6nnen Sie Notizen nicht nur \u00fcber Spieler durch HUD oder Popup hinzuf\u00fcgen, sondern auch eine Notiz zu einer beliebigen Spielerstatistik durch das Popup-Fenster auf der Statistik.<\/p>\n\n\n\n<p>Um dies zu tun, nehmen Sie im ge\u00f6ffneten Popup-Fenster auf der Statistik \u00c4nderungen vor, wie oben gezeigt, indem Sie die gleichen Aktionen wie \u00fcber HUD-Fenster verwenden.<\/p>\n\n\n\n<figure class=\"wp-block-image size-full\"><img loading=\"lazy\" decoding=\"async\" width=\"617\" height=\"711\" src=\"http:\/\/hand2noteguide.com\/wp-content\/uploads\/2025\/05\/\u0411\u0435\u0437-\u0438\u0444\u044b\u0432\u0444\u044b\u0432\u043c\u0435\u043d\u0438-1.jpg\" alt=\"\" class=\"wp-image-11181\" srcset=\"https:\/\/hand2noteguide.com\/wp-content\/uploads\/2025\/05\/\u0411\u0435\u0437-\u0438\u0444\u044b\u0432\u0444\u044b\u0432\u043c\u0435\u043d\u0438-1.jpg 617w, https:\/\/hand2noteguide.com\/wp-content\/uploads\/2025\/05\/\u0411\u0435\u0437-\u0438\u0444\u044b\u0432\u0444\u044b\u0432\u043c\u0435\u043d\u0438-1-260x300.jpg 260w, https:\/\/hand2noteguide.com\/wp-content\/uploads\/2025\/05\/\u0411\u0435\u0437-\u0438\u0444\u044b\u0432\u0444\u044b\u0432\u043c\u0435\u043d\u0438-1-542x624.jpg 542w\" sizes=\"auto, (max-width: 617px) 100vw, 617px\" \/><\/figure>\n\n\n\n<p>Die eingegebenen Notizen erscheinen im Popup auf der Statistik f\u00fcr diesen Spieler und in der Statistik, in der Sie sie eingegeben haben.<\/p>\n\n\n\n<p><em>Au\u00dferdem, wenn eine Notiz zu einer Statistik eingegeben wird, erscheint ein kleiner Punkt im HUD oder Popup-Fenster neben der Statistik selbst, der auf das Vorhandensein einer Notiz hinweist.<\/em><\/p>\n\n\n\n<h2 class=\"wp-block-heading\">Bearbeiten des Erscheinungsbildes von Notizen<\/h2>\n\n\n\n<p>Um das Men\u00fc zur Bearbeitung des Erscheinungsbildes von Notizen im Hauptfenster von Hand2Note zu \u00f6ffnen, finden Sie das Label &#8220;Konfiguration&#8221; (1) und klicken Sie darauf. W\u00e4hlen Sie dann das Men\u00fc &#8220;Notizen&#8221; (2).<\/p>\n\n\n\n<figure class=\"wp-block-image size-large\"><img loading=\"lazy\" decoding=\"async\" width=\"1024\" height=\"576\" src=\"http:\/\/hand2noteguide.com\/wp-content\/uploads\/2025\/05\/\u0411\u0435\u0437-\u0438\u043c\u0443\u043a\u0435\u0443\u043a\u0435\u0443\u043a\u0435\u0435\u043d\u0438-1-1024x576.jpg\" alt=\"\" class=\"wp-image-11178\" srcset=\"https:\/\/hand2noteguide.com\/wp-content\/uploads\/2025\/05\/\u0411\u0435\u0437-\u0438\u043c\u0443\u043a\u0435\u0443\u043a\u0435\u0443\u043a\u0435\u0435\u043d\u0438-1-1024x576.jpg 1024w, https:\/\/hand2noteguide.com\/wp-content\/uploads\/2025\/05\/\u0411\u0435\u0437-\u0438\u043c\u0443\u043a\u0435\u0443\u043a\u0435\u0443\u043a\u0435\u0435\u043d\u0438-1-300x169.jpg 300w, https:\/\/hand2noteguide.com\/wp-content\/uploads\/2025\/05\/\u0411\u0435\u0437-\u0438\u043c\u0443\u043a\u0435\u0443\u043a\u0435\u0443\u043a\u0435\u0435\u043d\u0438-1-768x432.jpg 768w, https:\/\/hand2noteguide.com\/wp-content\/uploads\/2025\/05\/\u0411\u0435\u0437-\u0438\u043c\u0443\u043a\u0435\u0443\u043a\u0435\u0443\u043a\u0435\u0435\u043d\u0438-1-1536x864.jpg 1536w, https:\/\/hand2noteguide.com\/wp-content\/uploads\/2025\/05\/\u0411\u0435\u0437-\u0438\u043c\u0443\u043a\u0435\u0443\u043a\u0435\u0443\u043a\u0435\u0435\u043d\u0438-1-772x434.jpg 772w, https:\/\/hand2noteguide.com\/wp-content\/uploads\/2025\/05\/\u0411\u0435\u0437-\u0438\u043c\u0443\u043a\u0435\u0443\u043a\u0435\u0443\u043a\u0435\u0435\u043d\u0438-1-624x351.jpg 624w, https:\/\/hand2noteguide.com\/wp-content\/uploads\/2025\/05\/\u0411\u0435\u0437-\u0438\u043c\u0443\u043a\u0435\u0443\u043a\u0435\u0443\u043a\u0435\u0435\u043d\u0438-1.jpg 1920w\" sizes=\"auto, (max-width: 1024px) 100vw, 1024px\" \/><\/figure>\n\n\n\n<p>In diesem Men\u00fc k\u00f6nnen Sie:<\/p>\n\n\n\n<ul class=\"wp-block-list\">\n<li>Die Schriftgr\u00f6\u00dfe der Notizen einstellen (3);<\/li>\n\n\n\n<li>Die Schriftfarbe der Notizen einstellen (4);<\/li>\n\n\n\n<li>Die Schriftgr\u00f6\u00dfe des Datums, an dem die Notizen eingegeben wurden, einstellen (5);<\/li>\n\n\n\n<li>Die Schriftfarbe des Datums, an dem die Notizen eingegeben wurden, einstellen (6);<\/li>\n\n\n\n<li>Den Hintergrund der Notizen einstellen (7);<\/li>\n\n\n\n<li>Die Farbe des Notizindikators auf einer Statistik einstellen (8).<\/li>\n<\/ul>\n\n\n\n<p>Alle \u00c4nderungen, die in diesem Men\u00fc vorgenommen werden, k\u00f6nnen im Vorschaufenster (9) gesehen werden.<\/p>\n\n\n\n<h2 class=\"wp-block-heading\">Exportieren und Importieren von Notizen<\/h2>\n\n\n\n<p>Um Notizen auf ein neues Ger\u00e4t oder ein anderes Hand2Note zu exportieren und zu importieren, finden Sie das Label &#8220;Konfiguration&#8221; (1) im oberen Men\u00fc des Hand2Note-Fensters und klicken Sie darauf. Klicken Sie dann in der Dropdown-Liste auf &#8220;Notizen exportieren\u2026&#8221; (2). Geben Sie im ge\u00f6ffneten Fenster den Speicherort und den Namen der Hand2Note-Notizdatei (3) an und klicken Sie auf &#8220;Speichern&#8221; (4).<\/p>\n\n\n\n<p><em>Die Notizdatei sollte nach ihrer Erstellung die Dateierweiterung &#8220;.h2nnotes&#8221; haben.<\/em><\/p>\n\n\n\n<figure class=\"wp-block-image\"><img loading=\"lazy\" decoding=\"async\" width=\"1024\" height=\"576\" src=\"http:\/\/hand2noteguide.com\/wp-content\/uploads\/2025\/05\/\u0411\u0435\u0437-\u0438561313767\u043c\u0435\u043d\u0438-1-1024x576.jpg\" alt=\"\" class=\"wp-image-10869\" srcset=\"https:\/\/hand2noteguide.com\/wp-content\/uploads\/2025\/05\/\u0411\u0435\u0437-\u0438561313767\u043c\u0435\u043d\u0438-1-1024x576.jpg 1024w, https:\/\/hand2noteguide.com\/wp-content\/uploads\/2025\/05\/\u0411\u0435\u0437-\u0438561313767\u043c\u0435\u043d\u0438-1-300x169.jpg 300w, https:\/\/hand2noteguide.com\/wp-content\/uploads\/2025\/05\/\u0411\u0435\u0437-\u0438561313767\u043c\u0435\u043d\u0438-1-768x432.jpg 768w, https:\/\/hand2noteguide.com\/wp-content\/uploads\/2025\/05\/\u0411\u0435\u0437-\u0438561313767\u043c\u0435\u043d\u0438-1-1536x864.jpg 1536w, https:\/\/hand2noteguide.com\/wp-content\/uploads\/2025\/05\/\u0411\u0435\u0437-\u0438561313767\u043c\u0435\u043d\u0438-1-772x434.jpg 772w, https:\/\/hand2noteguide.com\/wp-content\/uploads\/2025\/05\/\u0411\u0435\u0437-\u0438561313767\u043c\u0435\u043d\u0438-1-624x351.jpg 624w, https:\/\/hand2noteguide.com\/wp-content\/uploads\/2025\/05\/\u0411\u0435\u0437-\u0438561313767\u043c\u0435\u043d\u0438-1.jpg 1920w\" sizes=\"auto, (max-width: 1024px) 100vw, 1024px\" \/><\/figure>\n\n\n\n<p>Um den Import von Notizen durchzuf\u00fchren, finden Sie das Label &#8220;Konfiguration&#8221; (5) im oberen Men\u00fc des Hand2Note-Fensters und klicken Sie darauf. Klicken Sie dann in der Dropdown-Liste auf &#8220;Notizen importieren\u2026&#8221; (6). Finden Sie im ge\u00f6ffneten Fenster den Speicherort der Hand2Note-Notizdatei (mit der Dateierweiterung &#8220;.h2nnotes&#8221;) und w\u00e4hlen Sie sie aus (7), dann klicken Sie auf &#8220;\u00d6ffnen&#8221; (8).<\/p>\n\n\n\n<p>Siehe auch: <a href=\"https:\/\/hand2note.com\/Help\/Features\/notes\" target=\"_blank\" rel=\"noreferrer noopener\">Offizielles Hand2Note-Handbuch: Notizen verwenden<\/a>.<\/p>\n","protected":false},"excerpt":{"rendered":"<p>Hand2Note erm\u00f6glicht es Ihnen, Notizen (Kommentare) zu jedem Spieler in Form von Text oder Vorlagen zu schreiben. Sie k\u00f6nnen auch jede gespielte Hand darin einf\u00fcgen. Diese Funktion erm\u00f6glicht es Ihnen, Notizen zu Spielern zu machen, die bei der Entscheidungsfindung w\u00e4hrend einer Hand helfen. Wie man eine Notiz \u00fcber einen Gegner am Tisch macht Um eine &hellip; <a href=\"https:\/\/hand2noteguide.com\/de\/user-manual\/the-use-and-possibilities-of-notes-in-hand2note\/\" class=\"more-link\">Continue reading <span class=\"screen-reader-text\">Verwendung von Notizen in Hand2Note<\/span><\/a><\/p>\n","protected":false},"author":3,"featured_media":11133,"parent":9199,"menu_order":0,"comment_status":"closed","ping_status":"closed","template":"","meta":{"footnotes":""},"class_list":["post-11131","page","type-page","status-publish","has-post-thumbnail","hentry"],"translation":{"provider":"WPGlobus","version":"3.0.2","language":"de","enabled_languages":["en","ru","pt","zh","es","fr","de","it","ja"],"languages":{"en":{"title":true,"content":true,"excerpt":false},"ru":{"title":true,"content":true,"excerpt":false},"pt":{"title":true,"content":true,"excerpt":false},"zh":{"title":true,"content":true,"excerpt":false},"es":{"title":true,"content":true,"excerpt":false},"fr":{"title":true,"content":true,"excerpt":false},"de":{"title":true,"content":true,"excerpt":false},"it":{"title":true,"content":true,"excerpt":false},"ja":{"title":true,"content":true,"excerpt":false}}},"yoast_head":"<!-- This site is optimized with the Yoast SEO plugin v27.0 - https:\/\/yoast.com\/product\/yoast-seo-wordpress\/ -->\n<title>Spielernotizen in Hand2Note meistern f\u00fcr besseres Gameplay<\/title>\n<meta name=\"description\" content=\"In Hand2Note k\u00f6nnen Sie Notizen zu jedem Spieler in Form von Text oder Vorlagen schreiben. Sie k\u00f6nnen auch gespielte H\u00e4nde darin einf\u00fcgen.\" \/>\n<meta name=\"robots\" content=\"index, follow, max-snippet:-1, max-image-preview:large, max-video-preview:-1\" \/>\n<link rel=\"canonical\" href=\"https:\/\/hand2noteguide.com\/user-manual\/the-use-and-possibilities-of-notes-in-hand2note\/\" \/>\n<meta property=\"og:locale\" content=\"de_DE\" \/>\n<meta property=\"og:type\" content=\"article\" \/>\n<meta property=\"og:title\" content=\"Spielernotizen in Hand2Note meistern f\u00fcr besseres Gameplay\" \/>\n<meta property=\"og:description\" content=\"In Hand2Note k\u00f6nnen Sie Notizen zu jedem Spieler in Form von Text oder Vorlagen schreiben. Sie k\u00f6nnen auch gespielte H\u00e4nde darin einf\u00fcgen.\" \/>\n<meta property=\"og:url\" content=\"https:\/\/hand2noteguide.com\/user-manual\/the-use-and-possibilities-of-notes-in-hand2note\/\" \/>\n<meta property=\"og:site_name\" content=\"Hand2Note Guide\" \/>\n<meta property=\"article:modified_time\" content=\"2026-03-10T08:27:47+00:00\" \/>\n<meta property=\"og:image\" content=\"https:\/\/hand2noteguide.com\/wp-content\/uploads\/2025\/05\/fantasy-poker.jpg\" \/>\n\t<meta property=\"og:image:width\" content=\"1320\" \/>\n\t<meta property=\"og:image:height\" content=\"600\" \/>\n\t<meta property=\"og:image:type\" content=\"image\/jpeg\" \/>\n<meta name=\"twitter:card\" content=\"summary_large_image\" \/>\n<meta name=\"twitter:label1\" content=\"Est. reading time\" \/>\n\t<meta name=\"twitter:data1\" content=\"2 minutes\" \/>\n<!-- \/ Yoast SEO plugin. -->","yoast_head_json":{"title":"Spielernotizen in Hand2Note meistern f\u00fcr besseres Gameplay","description":"In Hand2Note k\u00f6nnen Sie Notizen zu jedem Spieler in Form von Text oder Vorlagen schreiben. Sie k\u00f6nnen auch gespielte H\u00e4nde darin einf\u00fcgen.","robots":{"index":"index","follow":"follow","max-snippet":"max-snippet:-1","max-image-preview":"max-image-preview:large","max-video-preview":"max-video-preview:-1"},"canonical":"https:\/\/hand2noteguide.com\/user-manual\/the-use-and-possibilities-of-notes-in-hand2note\/","og_locale":"de_DE","og_type":"article","og_title":"Spielernotizen in Hand2Note meistern f\u00fcr besseres Gameplay","og_description":"In Hand2Note k\u00f6nnen Sie Notizen zu jedem Spieler in Form von Text oder Vorlagen schreiben. Sie k\u00f6nnen auch gespielte H\u00e4nde darin einf\u00fcgen.","og_url":"https:\/\/hand2noteguide.com\/user-manual\/the-use-and-possibilities-of-notes-in-hand2note\/","og_site_name":"Hand2Note Guide","article_modified_time":"2026-03-10T08:27:47+00:00","og_image":[{"width":1320,"height":600,"url":"https:\/\/hand2noteguide.com\/wp-content\/uploads\/2025\/05\/fantasy-poker.jpg","type":"image\/jpeg"}],"twitter_card":"summary_large_image","twitter_misc":{"Est. reading time":"2 minutes"},"schema":{"@context":"https:\/\/schema.org","@graph":[]}},"jetpack_sharing_enabled":true,"_links":{"self":[{"href":"https:\/\/hand2noteguide.com\/de\/wp-json\/wp\/v2\/pages\/11131","targetHints":{"allow":["GET"]}}],"collection":[{"href":"https:\/\/hand2noteguide.com\/de\/wp-json\/wp\/v2\/pages"}],"about":[{"href":"https:\/\/hand2noteguide.com\/de\/wp-json\/wp\/v2\/types\/page"}],"author":[{"embeddable":true,"href":"https:\/\/hand2noteguide.com\/de\/wp-json\/wp\/v2\/users\/3"}],"replies":[{"embeddable":true,"href":"https:\/\/hand2noteguide.com\/de\/wp-json\/wp\/v2\/comments?post=11131"}],"version-history":[{"count":65,"href":"https:\/\/hand2noteguide.com\/de\/wp-json\/wp\/v2\/pages\/11131\/revisions"}],"predecessor-version":[{"id":15628,"href":"https:\/\/hand2noteguide.com\/de\/wp-json\/wp\/v2\/pages\/11131\/revisions\/15628"}],"up":[{"embeddable":true,"href":"https:\/\/hand2noteguide.com\/de\/wp-json\/wp\/v2\/pages\/9199"}],"wp:featuredmedia":[{"embeddable":true,"href":"https:\/\/hand2noteguide.com\/de\/wp-json\/wp\/v2\/media\/11133"}],"wp:attachment":[{"href":"https:\/\/hand2noteguide.com\/de\/wp-json\/wp\/v2\/media?parent=11131"}],"curies":[{"name":"wp","href":"https:\/\/api.w.org\/{rel}","templated":true}]}}