{"id":113,"date":"2018-07-30T03:04:27","date_gmt":"2018-07-30T00:04:27","guid":{"rendered":"https:\/\/h2n312.wordpress.com\/?page_id=113"},"modified":"2025-06-04T19:17:32","modified_gmt":"2025-06-04T16:17:32","slug":"hand2note-version","status":"publish","type":"page","link":"https:\/\/hand2noteguide.com\/de\/guide\/hand2note-version\/","title":{"rendered":"Verwendete Version. Hand2Note-Update."},"content":{"rendered":"\n<p>Informationen \u00fcber die von Ihnen verwendete Version werden in der unteren rechten Ecke der Software angezeigt. Die Update-Historie von Hand2Note und integrierten Modulen kann durch Klicken auf den &#8220;Updates&#8221;-Link eingesehen werden. Falls die Aufschrift nicht rot markiert ist, sind derzeit keine Updates verf\u00fcgbar und Sie verwenden die neueste Version des Produkts.<\/p>\n\n\n\n<figure class=\"wp-block-image\"><img loading=\"lazy\" decoding=\"async\" width=\"195\" height=\"52\" src=\"https:\/\/hand2noteguide.com\/wp-content\/uploads\/2019\/07\/hand2note-version-up-to-date.png\" alt=\"hand2note version up to date\" class=\"wp-image-1616\" \/><\/figure>\n\n\n\n<p>Wenn die Aufschrift rot ist, sind Updates verf\u00fcgbar, deren Installation empfohlen wird.<\/p>\n\n\n\n<figure class=\"wp-block-image\"><img loading=\"lazy\" decoding=\"async\" width=\"223\" height=\"57\" src=\"https:\/\/hand2noteguide.com\/wp-content\/uploads\/2019\/07\/hand2note-version-update.png\" alt=\"hand2note version update\" class=\"wp-image-1618\" \/><\/figure>\n\n\n\n<p>Integrierte Module k\u00f6nnen unabh\u00e4ngig im Hintergrund aktualisiert werden, unabh\u00e4ngig von der verwendeten Version der Software. Um zu sehen, wann das Modul f\u00fcr Ihren Raum zuletzt aktualisiert wurde, gehen Sie zum Ordner <em>C:\/Program Files\/Hand2Note\/external\/x64<\/em> und schauen Sie sich die zuletzt ge\u00e4nderten Daten an. Zum Beispiel wurde im untenstehenden Screenshot das Modul f\u00fcr PokerStars zuletzt am 19. Juni 2019 aktualisiert.<\/p>\n\n\n\n<figure class=\"wp-block-image\"><img loading=\"lazy\" decoding=\"async\" width=\"863\" height=\"375\" src=\"https:\/\/hand2noteguide.com\/wp-content\/uploads\/2019\/07\/hand2note-modules-update.png\" alt=\"hand2note modules update date\" class=\"wp-image-1470\" srcset=\"https:\/\/hand2noteguide.com\/wp-content\/uploads\/2019\/07\/hand2note-modules-update.png 863w, https:\/\/hand2noteguide.com\/wp-content\/uploads\/2019\/07\/hand2note-modules-update-300x130.png 300w, https:\/\/hand2noteguide.com\/wp-content\/uploads\/2019\/07\/hand2note-modules-update-768x334.png 768w, https:\/\/hand2noteguide.com\/wp-content\/uploads\/2019\/07\/hand2note-modules-update-772x335.png 772w, https:\/\/hand2noteguide.com\/wp-content\/uploads\/2019\/07\/hand2note-modules-update-624x271.png 624w\" sizes=\"auto, (max-width: 863px) 100vw, 863px\" \/><\/figure>\n","protected":false},"excerpt":{"rendered":"<p>Informationen \u00fcber die von Ihnen verwendete Version werden in der unteren rechten Ecke der Software angezeigt. Die Update-Historie von Hand2Note und integrierten Modulen kann durch Klicken auf den &#8220;Updates&#8221;-Link eingesehen werden. Falls die Aufschrift nicht rot markiert ist, sind derzeit keine Updates verf\u00fcgbar und Sie verwenden die neueste Version des Produkts. Wenn die Aufschrift rot &hellip; <a href=\"https:\/\/hand2noteguide.com\/de\/guide\/hand2note-version\/\" class=\"more-link\">Continue reading <span class=\"screen-reader-text\">Verwendete Version. Hand2Note-Update.<\/span><\/a><\/p>\n","protected":false},"author":1,"featured_media":0,"parent":74,"menu_order":0,"comment_status":"closed","ping_status":"closed","template":"page-templates\/full-width-page.php","meta":{"footnotes":""},"class_list":["post-113","page","type-page","status-publish","hentry"],"translation":{"provider":"WPGlobus","version":"3.0.2","language":"de","enabled_languages":["en","ru","pt","zh","es","fr","de","it","ja"],"languages":{"en":{"title":true,"content":true,"excerpt":false},"ru":{"title":true,"content":true,"excerpt":false},"pt":{"title":true,"content":true,"excerpt":false},"zh":{"title":true,"content":true,"excerpt":false},"es":{"title":true,"content":true,"excerpt":false},"fr":{"title":true,"content":true,"excerpt":false},"de":{"title":true,"content":true,"excerpt":false},"it":{"title":true,"content":true,"excerpt":false},"ja":{"title":true,"content":true,"excerpt":false}}},"yoast_head":"<!-- This site is optimized with the Yoast SEO plugin v27.0 - https:\/\/yoast.com\/product\/yoast-seo-wordpress\/ -->\n<title>Hand2Note Versionspr\u00fcfung: Bleiben Sie mit den neuesten Funktionen auf dem Laufenden<\/title>\n<meta name=\"description\" content=\"\u00dcberpr\u00fcfen Sie einfach Ihre Hand2Note-Version. Erfahren Sie, wie Sie auf die neuesten Funktionen aktualisieren und sicherstellen, dass Ihre Module f\u00fcr optimale Leistung auf dem neuesten Stand sind.\" \/>\n<meta name=\"robots\" content=\"index, follow, max-snippet:-1, max-image-preview:large, max-video-preview:-1\" \/>\n<link rel=\"canonical\" href=\"https:\/\/hand2noteguide.com\/guide\/hand2note-version\/\" \/>\n<meta property=\"og:locale\" content=\"de_DE\" \/>\n<meta property=\"og:type\" content=\"article\" \/>\n<meta property=\"og:title\" content=\"Hand2Note Versionspr\u00fcfung: Bleiben Sie mit den neuesten Funktionen auf dem Laufenden\" \/>\n<meta property=\"og:description\" content=\"\u00dcberpr\u00fcfen Sie einfach Ihre Hand2Note-Version. Erfahren Sie, wie Sie auf die neuesten Funktionen aktualisieren und sicherstellen, dass Ihre Module f\u00fcr optimale Leistung auf dem neuesten Stand sind.\" \/>\n<meta property=\"og:url\" content=\"https:\/\/hand2noteguide.com\/guide\/hand2note-version\/\" \/>\n<meta property=\"og:site_name\" content=\"Hand2Note Guide\" \/>\n<meta property=\"article:modified_time\" content=\"2025-06-04T16:17:32+00:00\" \/>\n<meta property=\"og:image\" content=\"https:\/\/hand2noteguide.com\/wp-content\/uploads\/2019\/07\/hand2note-version-up-to-date.png\" \/>\n<meta name=\"twitter:card\" content=\"summary_large_image\" \/>\n<meta name=\"twitter:label1\" content=\"Est. reading time\" \/>\n\t<meta name=\"twitter:data1\" content=\"5 minutes\" \/>\n<!-- \/ Yoast SEO plugin. -->","yoast_head_json":{"title":"Hand2Note Versionspr\u00fcfung: Bleiben Sie mit den neuesten Funktionen auf dem Laufenden","description":"\u00dcberpr\u00fcfen Sie einfach Ihre Hand2Note-Version. Erfahren Sie, wie Sie auf die neuesten Funktionen aktualisieren und sicherstellen, dass Ihre Module f\u00fcr optimale Leistung auf dem neuesten Stand sind.","robots":{"index":"index","follow":"follow","max-snippet":"max-snippet:-1","max-image-preview":"max-image-preview:large","max-video-preview":"max-video-preview:-1"},"canonical":"https:\/\/hand2noteguide.com\/guide\/hand2note-version\/","og_locale":"de_DE","og_type":"article","og_title":"Hand2Note Versionspr\u00fcfung: Bleiben Sie mit den neuesten Funktionen auf dem Laufenden","og_description":"\u00dcberpr\u00fcfen Sie einfach Ihre Hand2Note-Version. Erfahren Sie, wie Sie auf die neuesten Funktionen aktualisieren und sicherstellen, dass Ihre Module f\u00fcr optimale Leistung auf dem neuesten Stand sind.","og_url":"https:\/\/hand2noteguide.com\/guide\/hand2note-version\/","og_site_name":"Hand2Note Guide","article_modified_time":"2025-06-04T16:17:32+00:00","og_image":[{"url":"https:\/\/hand2noteguide.com\/wp-content\/uploads\/2019\/07\/hand2note-version-up-to-date.png","type":"","width":"","height":""}],"twitter_card":"summary_large_image","twitter_misc":{"Est. reading time":"5 minutes"},"schema":{"@context":"https:\/\/schema.org","@graph":[]}},"jetpack_sharing_enabled":false,"_links":{"self":[{"href":"https:\/\/hand2noteguide.com\/de\/wp-json\/wp\/v2\/pages\/113","targetHints":{"allow":["GET"]}}],"collection":[{"href":"https:\/\/hand2noteguide.com\/de\/wp-json\/wp\/v2\/pages"}],"about":[{"href":"https:\/\/hand2noteguide.com\/de\/wp-json\/wp\/v2\/types\/page"}],"author":[{"embeddable":true,"href":"https:\/\/hand2noteguide.com\/de\/wp-json\/wp\/v2\/users\/1"}],"replies":[{"embeddable":true,"href":"https:\/\/hand2noteguide.com\/de\/wp-json\/wp\/v2\/comments?post=113"}],"version-history":[{"count":23,"href":"https:\/\/hand2noteguide.com\/de\/wp-json\/wp\/v2\/pages\/113\/revisions"}],"predecessor-version":[{"id":13557,"href":"https:\/\/hand2noteguide.com\/de\/wp-json\/wp\/v2\/pages\/113\/revisions\/13557"}],"up":[{"embeddable":true,"href":"https:\/\/hand2noteguide.com\/de\/wp-json\/wp\/v2\/pages\/74"}],"wp:attachment":[{"href":"https:\/\/hand2noteguide.com\/de\/wp-json\/wp\/v2\/media?parent=113"}],"curies":[{"name":"wp","href":"https:\/\/api.w.org\/{rel}","templated":true}]}}