{"id":11364,"date":"2025-05-21T17:15:08","date_gmt":"2025-05-21T14:15:08","guid":{"rendered":"https:\/\/hand2noteguide.com\/?page_id=11364"},"modified":"2026-03-10T11:28:33","modified_gmt":"2026-03-10T08:28:33","slug":"game-analysis-by-session-duration","status":"publish","type":"page","link":"https:\/\/hand2noteguide.com\/de\/user-manual\/game-analysis-by-session-duration\/","title":{"rendered":"Analyse des Spiels nach Sitzungsdauer mit Hand2Note"},"content":{"rendered":"\n<p>In der Regel neigen Menschen in jeder T\u00e4tigkeit dazu, zyklische Zust\u00e4nde zu erleben: vom Erwachen zum Optimalzustand, vom Optimalzustand zur Erm\u00fcdung. Poker bildet da keine Ausnahme.<\/p>\n\n\n\n<p>In diesem Artikel zeigen wir, wie ein Spieler Hand2Note nutzen kann, um den optimalen Zeitbereich f\u00fcr Sitzungsdauern zu bestimmen.<\/p>\n\n\n\n<h2 class=\"wp-block-heading\">Bestimmung der optimalen Sitzungsdauer nach Zeit<\/h2>\n\n\n\n<div class=\"wp-block-group\"><div class=\"wp-block-group__inner-container is-layout-constrained wp-block-group-is-layout-constrained\">\n<p>Unser Indikator wird das Ergebnis im WinRate EV, bb\/100, f\u00fcr Sitzungen sein, die dauern:<\/p>\n\n\n\n<ul class=\"wp-block-list\">\n<li>von 1 bis 2 Stunden;<\/li>\n\n\n\n<li>von 2 bis 3 Stunden;<\/li>\n\n\n\n<li>von 3 bis 4 Stunden;<\/li>\n\n\n\n<li>von 4 bis 5 Stunden;<\/li>\n\n\n\n<li>von 5 bis 6 Stunden;<\/li>\n\n\n\n<li>von 6 bis 7 Stunden;<\/li>\n\n\n\n<li>von 7 bis 8 Stunden;<\/li>\n\n\n\n<li>von 8 bis 9 Stunden;<\/li>\n\n\n\n<li>von 9 bis 10 Stunden.<\/li>\n<\/ul>\n\n\n\n<h3 class=\"wp-block-heading\">Erstellung eines Sitzungsdauerberichts in Hand2Note<\/h3>\n\n\n\n<p>Um den gesamten WinRate EV, bb\/100 f\u00fcr Sitzungen einer bestimmten L\u00e4nge zu sehen, k\u00f6nnen wir das <a href=\"https:\/\/hand2noteguide.com\/de\/user-manual\/hand2note-report-menu\/\">&#8220;Reports&#8221;-Tool<\/a> in Hand2Note verwenden.<\/p>\n\n\n\n<p>Im Hauptfenster des Programms w\u00e4hlen Sie &#8220;Reports&#8221;(1) und klicken auf die &#8220;+Filter&#8221;(2) Schaltfl\u00e4che.<\/p>\n\n\n\n<figure class=\"wp-block-image size-large\"><img loading=\"lazy\" decoding=\"async\" width=\"1024\" height=\"549\" src=\"http:\/\/hand2noteguide.com\/wp-content\/uploads\/2025\/05\/123345-1-1024x549.jpg\" alt=\"\" class=\"wp-image-11681\" srcset=\"https:\/\/hand2noteguide.com\/wp-content\/uploads\/2025\/05\/123345-1-1024x549.jpg 1024w, https:\/\/hand2noteguide.com\/wp-content\/uploads\/2025\/05\/123345-1-300x161.jpg 300w, https:\/\/hand2noteguide.com\/wp-content\/uploads\/2025\/05\/123345-1-768x412.jpg 768w, https:\/\/hand2noteguide.com\/wp-content\/uploads\/2025\/05\/123345-1-1536x824.jpg 1536w, https:\/\/hand2noteguide.com\/wp-content\/uploads\/2025\/05\/123345-1-772x414.jpg 772w, https:\/\/hand2noteguide.com\/wp-content\/uploads\/2025\/05\/123345-1-624x335.jpg 624w, https:\/\/hand2noteguide.com\/wp-content\/uploads\/2025\/05\/123345-1.jpg 1919w\" sizes=\"auto, (max-width: 1024px) 100vw, 1024px\" \/><\/figure>\n<\/div><\/div>\n\n\n\n<p>Gehen Sie anschlie\u00dfend zu &#8220;Sessions&#8221;(3) und finden Sie die Zeile &#8220;Sessions length (min)&#8221;(4). Geben Sie unseren ersten Zeitbereich ein &#8211; von 1 bis 2 Stunden, in Minuten (von 60 bis 120 Minuten). Nachdem Sie den Zeitbereich eingegeben haben, klicken Sie auf &#8220;APPLY&#8221;(5), um den Filter anzuwenden.<\/p>\n\n\n\n<p>Nach dem Anwenden des Filters k\u00f6nnen wir ihn im Bereich (1) aktiv sehen.<\/p>\n\n\n\n<figure class=\"wp-block-image size-large\"><img loading=\"lazy\" decoding=\"async\" width=\"1024\" height=\"551\" src=\"http:\/\/hand2noteguide.com\/wp-content\/uploads\/2025\/05\/456456464651-1-1024x551.jpg\" alt=\"\" class=\"wp-image-11755\" srcset=\"https:\/\/hand2noteguide.com\/wp-content\/uploads\/2025\/05\/456456464651-1-1024x551.jpg 1024w, https:\/\/hand2noteguide.com\/wp-content\/uploads\/2025\/05\/456456464651-1-300x161.jpg 300w, https:\/\/hand2noteguide.com\/wp-content\/uploads\/2025\/05\/456456464651-1-768x413.jpg 768w, https:\/\/hand2noteguide.com\/wp-content\/uploads\/2025\/05\/456456464651-1-1536x826.jpg 1536w, https:\/\/hand2noteguide.com\/wp-content\/uploads\/2025\/05\/456456464651-1-772x415.jpg 772w, https:\/\/hand2noteguide.com\/wp-content\/uploads\/2025\/05\/456456464651-1-624x336.jpg 624w, https:\/\/hand2noteguide.com\/wp-content\/uploads\/2025\/05\/456456464651-1.jpg 1919w\" sizes=\"auto, (max-width: 1024px) 100vw, 1024px\" \/><\/figure>\n\n\n\n<p>Auch durch das Finden des Labels &#8220;WinRate EV, bb\/100&#8243;(2) k\u00f6nnen wir feststellen, dass der WinRate EV, bb\/100 f\u00fcr Sitzungen, die von 1 bis 2 Stunden dauern, 1,5 betr\u00e4gt.<\/p>\n\n\n\n<p>Indem wir die oben beschriebenen Aktionen wiederholen, aber neue Zeitbereiche festlegen, ist unser WinRate EV, bb\/100:<\/p>\n\n\n\n<ul class=\"wp-block-list\">\n<li>f\u00fcr eine Sitzung von 1 bis 2 Stunden \u2013 1,5;<\/li>\n\n\n\n<li>f\u00fcr eine Sitzung von 2 bis 3 Stunden \u2013 7,4;<\/li>\n\n\n\n<li>f\u00fcr eine Sitzung von 3 bis 4 Stunden \u2013 6,9;<\/li>\n\n\n\n<li>f\u00fcr eine Sitzung von 4 bis 5 Stunden \u2013 8,3;<\/li>\n\n\n\n<li>f\u00fcr eine Sitzung von 5 bis 6 Stunden \u2013 2,1;<\/li>\n\n\n\n<li>f\u00fcr eine Sitzung von 6 bis 7 Stunden \u2013 3,3;<\/li>\n\n\n\n<li>f\u00fcr eine Sitzung von 7 bis 8 Stunden \u2013 1,4;<\/li>\n\n\n\n<li>f\u00fcr eine Sitzung von 8 bis 9 Stunden \u2013 -0,8;<\/li>\n\n\n\n<li>f\u00fcr eine Sitzung von 9 bis 10 Stunden \u2013 -2,1.<\/li>\n<\/ul>\n\n\n\n<p>Am Ende kann festgestellt werden, dass das optimale Spiel im Bereich von 2 bis 5 Stunden einer Spielsitzung liegt.<\/p>\n\n\n\n<p>So k\u00f6nnen Sie Ihren optimalen Zeitbereich f\u00fcr Sitzungsdauern bestimmen.<\/p>\n\n\n\n<p>Es ist wichtig zu beachten, dass Sie eine gute Stichprobengr\u00f6\u00dfe f\u00fcr diese Art der Analyse ben\u00f6tigen. Bei kleinen Datenbanken k\u00f6nnen die Ergebnisse inkonsistent sein. In unserem Beispiel betrug die Gewinnrate f\u00fcr Sitzungen, die von 1 bis 2 Stunden dauerten, nur 1,5, w\u00e4hrend sie f\u00fcr Sitzungen von 2 bis 3 Stunden 7,4 betrug. Nat\u00fcrlich bedeutet das nicht, dass Sie immer mindestens 2 Stunden spielen m\u00fcssen. H\u00f6chstwahrscheinlich sind solche Zahlen auf eine unzureichende Stichprobengr\u00f6\u00dfe zur\u00fcckzuf\u00fchren.<\/p>\n\n\n\n<p>Worauf Sie wirklich achten sollten, ist, ab welcher Sitzungsdauer Ihre Gewinnrate zu sinken beginnt. In unserem Beispiel ist ein signifikanter R\u00fcckgang nach 5 Stunden zu sehen \u2014 und das kann als Signal interpretiert werden, dass Sie nach 4\u20135 Stunden Spiel aufh\u00f6ren und eine Pause einlegen sollten.<\/p>\n\n\n\n<p>Denken Sie daran, dass jeder individuelle Eigenschaften hat und die F\u00e4higkeit, \u00fcber mehrere Stunden gut zu spielen, von Person zu Person variiert. Wenn Sie bemerken, dass Ihre Leistung sogar nach 2 Stunden Spiel nachl\u00e4sst \u2014 ist das auch in Ordnung. Teilen Sie einfach Ihre Sitzungen in 1\u20132 Stunden Bl\u00f6cke auf und machen Sie dazwischen Pausen.<\/p>\n","protected":false},"excerpt":{"rendered":"<p>In der Regel neigen Menschen in jeder T\u00e4tigkeit dazu, zyklische Zust\u00e4nde zu erleben: vom Erwachen zum Optimalzustand, vom Optimalzustand zur Erm\u00fcdung. Poker bildet da keine Ausnahme. In diesem Artikel zeigen wir, wie ein Spieler Hand2Note nutzen kann, um den optimalen Zeitbereich f\u00fcr Sitzungsdauern zu bestimmen. Bestimmung der optimalen Sitzungsdauer nach Zeit Unser Indikator wird das &hellip; <a href=\"https:\/\/hand2noteguide.com\/de\/user-manual\/game-analysis-by-session-duration\/\" class=\"more-link\">Continue reading <span class=\"screen-reader-text\">Analyse des Spiels nach Sitzungsdauer mit Hand2Note<\/span><\/a><\/p>\n","protected":false},"author":3,"featured_media":11383,"parent":9199,"menu_order":0,"comment_status":"closed","ping_status":"closed","template":"","meta":{"footnotes":""},"class_list":["post-11364","page","type-page","status-publish","has-post-thumbnail","hentry"],"translation":{"provider":"WPGlobus","version":"3.0.2","language":"de","enabled_languages":["en","ru","pt","zh","es","fr","de","it","ja"],"languages":{"en":{"title":true,"content":true,"excerpt":false},"ru":{"title":true,"content":true,"excerpt":false},"pt":{"title":true,"content":true,"excerpt":false},"zh":{"title":true,"content":true,"excerpt":false},"es":{"title":true,"content":true,"excerpt":false},"fr":{"title":true,"content":true,"excerpt":false},"de":{"title":true,"content":true,"excerpt":false},"it":{"title":true,"content":true,"excerpt":false},"ja":{"title":true,"content":true,"excerpt":false}}},"yoast_head":"<!-- This site is optimized with the Yoast SEO plugin v27.0 - https:\/\/yoast.com\/product\/yoast-seo-wordpress\/ -->\n<title>Analyse des Spiels nach Sitzungsdauer mit Hand2Note<\/title>\n<meta name=\"description\" content=\"Erfahren Sie, wie Sie Ihre Pokerleistung anhand der Sitzungsdauer mit Hand2Note analysieren k\u00f6nnen. Finden Sie die optimale Sitzungsdauer basierend auf WinRate EV, bb\/100 Statistiken.\" \/>\n<meta name=\"robots\" content=\"index, follow, max-snippet:-1, max-image-preview:large, max-video-preview:-1\" \/>\n<link rel=\"canonical\" href=\"https:\/\/hand2noteguide.com\/user-manual\/game-analysis-by-session-duration\/\" \/>\n<meta property=\"og:locale\" content=\"de_DE\" \/>\n<meta property=\"og:type\" content=\"article\" \/>\n<meta property=\"og:title\" content=\"Analyse des Spiels nach Sitzungsdauer mit Hand2Note\" \/>\n<meta property=\"og:description\" content=\"Erfahren Sie, wie Sie Ihre Pokerleistung anhand der Sitzungsdauer mit Hand2Note analysieren k\u00f6nnen. Finden Sie die optimale Sitzungsdauer basierend auf WinRate EV, bb\/100 Statistiken.\" \/>\n<meta property=\"og:url\" content=\"https:\/\/hand2noteguide.com\/user-manual\/game-analysis-by-session-duration\/\" \/>\n<meta property=\"og:site_name\" content=\"Hand2Note Guide\" \/>\n<meta property=\"article:modified_time\" content=\"2026-03-10T08:28:33+00:00\" \/>\n<meta property=\"og:image\" content=\"https:\/\/hand2noteguide.com\/wp-content\/uploads\/2025\/05\/\u0440\u0440\u0440.jpg\" \/>\n\t<meta property=\"og:image:width\" content=\"1920\" \/>\n\t<meta property=\"og:image:height\" content=\"1080\" \/>\n\t<meta property=\"og:image:type\" content=\"image\/jpeg\" \/>\n<meta name=\"twitter:card\" content=\"summary_large_image\" \/>\n<meta name=\"twitter:label1\" content=\"Est. reading time\" \/>\n\t<meta name=\"twitter:data1\" content=\"16 minutes\" \/>\n<!-- \/ Yoast SEO plugin. -->","yoast_head_json":{"title":"Analyse des Spiels nach Sitzungsdauer mit Hand2Note","description":"Erfahren Sie, wie Sie Ihre Pokerleistung anhand der Sitzungsdauer mit Hand2Note analysieren k\u00f6nnen. Finden Sie die optimale Sitzungsdauer basierend auf WinRate EV, bb\/100 Statistiken.","robots":{"index":"index","follow":"follow","max-snippet":"max-snippet:-1","max-image-preview":"max-image-preview:large","max-video-preview":"max-video-preview:-1"},"canonical":"https:\/\/hand2noteguide.com\/user-manual\/game-analysis-by-session-duration\/","og_locale":"de_DE","og_type":"article","og_title":"Analyse des Spiels nach Sitzungsdauer mit Hand2Note","og_description":"Erfahren Sie, wie Sie Ihre Pokerleistung anhand der Sitzungsdauer mit Hand2Note analysieren k\u00f6nnen. Finden Sie die optimale Sitzungsdauer basierend auf WinRate EV, bb\/100 Statistiken.","og_url":"https:\/\/hand2noteguide.com\/user-manual\/game-analysis-by-session-duration\/","og_site_name":"Hand2Note Guide","article_modified_time":"2026-03-10T08:28:33+00:00","og_image":[{"width":1920,"height":1080,"url":"https:\/\/hand2noteguide.com\/wp-content\/uploads\/2025\/05\/\u0440\u0440\u0440.jpg","type":"image\/jpeg"}],"twitter_card":"summary_large_image","twitter_misc":{"Est. reading time":"16 minutes"},"schema":{"@context":"https:\/\/schema.org","@graph":[]}},"jetpack_sharing_enabled":true,"_links":{"self":[{"href":"https:\/\/hand2noteguide.com\/de\/wp-json\/wp\/v2\/pages\/11364","targetHints":{"allow":["GET"]}}],"collection":[{"href":"https:\/\/hand2noteguide.com\/de\/wp-json\/wp\/v2\/pages"}],"about":[{"href":"https:\/\/hand2noteguide.com\/de\/wp-json\/wp\/v2\/types\/page"}],"author":[{"embeddable":true,"href":"https:\/\/hand2noteguide.com\/de\/wp-json\/wp\/v2\/users\/3"}],"replies":[{"embeddable":true,"href":"https:\/\/hand2noteguide.com\/de\/wp-json\/wp\/v2\/comments?post=11364"}],"version-history":[{"count":64,"href":"https:\/\/hand2noteguide.com\/de\/wp-json\/wp\/v2\/pages\/11364\/revisions"}],"predecessor-version":[{"id":15629,"href":"https:\/\/hand2noteguide.com\/de\/wp-json\/wp\/v2\/pages\/11364\/revisions\/15629"}],"up":[{"embeddable":true,"href":"https:\/\/hand2noteguide.com\/de\/wp-json\/wp\/v2\/pages\/9199"}],"wp:featuredmedia":[{"embeddable":true,"href":"https:\/\/hand2noteguide.com\/de\/wp-json\/wp\/v2\/media\/11383"}],"wp:attachment":[{"href":"https:\/\/hand2noteguide.com\/de\/wp-json\/wp\/v2\/media?parent=11364"}],"curies":[{"name":"wp","href":"https:\/\/api.w.org\/{rel}","templated":true}]}}