{"id":12168,"date":"2025-05-26T09:03:09","date_gmt":"2025-05-26T06:03:09","guid":{"rendered":"https:\/\/hand2noteguide.com\/?page_id=12168"},"modified":"2026-03-10T11:30:39","modified_gmt":"2026-03-10T08:30:39","slug":"analyzing-play-based-on-distance-to-the-fish","status":"publish","type":"page","link":"https:\/\/hand2noteguide.com\/de\/user-manual\/analyzing-play-based-on-distance-to-the-fish\/","title":{"rendered":"Analyse des Spiels nach Entfernung zu Fischen mit Hand2Note"},"content":{"rendered":"\n<p>Beim Spielen mit einer ausgew\u00e4hlten (<a href=\"https:\/\/hand2noteguide.com\/de\/user-manual\/fish-game-analysis-selection-win-rate-at-fish-tables\/\">gezielten Spielweise gegen Fische<\/a>) gibt es einen wichtigen Punkt &#8211; Sie sollten bestrebt sein, in Position gegen den Fisch zu spielen. Das bedeutet, dass der gr\u00f6\u00dfte Gewinn erzielt wird, wenn der Fisch entweder als Erster oder Zweiter zu Ihrer Rechten am Tisch sitzt.<\/p>\n\n\n\n<p>In diesem Artikel zeigen wir Ihnen, wie Sie Ihre Spielergebnisse gegen verschiedene Fischpositionen am Tisch sehen k\u00f6nnen.<\/p>\n\n\n\n<h2 class=\"wp-block-heading\">Erstellen eines Berichts nach Entfernung zu Fischen mit Hand2Note<\/h2>\n\n\n\n<p>Das Tool <a href=\"https:\/\/hand2noteguide.com\/de\/user-manual\/hand2note-report-menu\/\">&#8220;Reports&#8221; in Hand2Note<\/a> hilft uns, unsere Spielergebnisse gegen verschiedene Fischpositionen zu sehen.<\/p>\n\n\n\n<p>Erinnern Sie sich zuerst an die Sitznummern am Tisch relativ zum Helden gem\u00e4\u00df dem Schema:<\/p>\n\n\n\n<figure class=\"wp-block-image size-full\"><img loading=\"lazy\" decoding=\"async\" width=\"953\" height=\"809\" src=\"http:\/\/hand2noteguide.com\/wp-content\/uploads\/2025\/05\/\u0411\u0435\u0437-\u0438\u043c\u0435\u043d\u0438-3-1.jpg\" alt=\"\" class=\"wp-image-12375\" srcset=\"https:\/\/hand2noteguide.com\/wp-content\/uploads\/2025\/05\/\u0411\u0435\u0437-\u0438\u043c\u0435\u043d\u0438-3-1.jpg 953w, https:\/\/hand2noteguide.com\/wp-content\/uploads\/2025\/05\/\u0411\u0435\u0437-\u0438\u043c\u0435\u043d\u0438-3-1-300x255.jpg 300w, https:\/\/hand2noteguide.com\/wp-content\/uploads\/2025\/05\/\u0411\u0435\u0437-\u0438\u043c\u0435\u043d\u0438-3-1-768x652.jpg 768w, https:\/\/hand2noteguide.com\/wp-content\/uploads\/2025\/05\/\u0411\u0435\u0437-\u0438\u043c\u0435\u043d\u0438-3-1-772x655.jpg 772w, https:\/\/hand2noteguide.com\/wp-content\/uploads\/2025\/05\/\u0411\u0435\u0437-\u0438\u043c\u0435\u043d\u0438-3-1-624x530.jpg 624w\" sizes=\"auto, (max-width: 953px) 100vw, 953px\" \/><\/figure>\n\n\n\n<p>\u00d6ffnen Sie als N\u00e4chstes die Reports in Hand2Note. Klicken Sie dazu auf &#8220;Reports&#8221;(1). Stellen Sie dann sicher, dass Sie den Bericht f\u00fcr sich selbst erstellen, indem Sie Bereich (2) verwenden, und klicken Sie auf &#8220;+ Filter&#8221;(3).<\/p>\n\n\n\n<figure class=\"wp-block-image size-large\"><img loading=\"lazy\" decoding=\"async\" width=\"1024\" height=\"576\" src=\"http:\/\/hand2noteguide.com\/wp-content\/uploads\/2025\/05\/\u0411\u0435\u0437-\u0438\u043c\u0435\u043d\u0438-2-2-1024x576.jpg\" alt=\"\" class=\"wp-image-12377\" srcset=\"https:\/\/hand2noteguide.com\/wp-content\/uploads\/2025\/05\/\u0411\u0435\u0437-\u0438\u043c\u0435\u043d\u0438-2-2-1024x576.jpg 1024w, https:\/\/hand2noteguide.com\/wp-content\/uploads\/2025\/05\/\u0411\u0435\u0437-\u0438\u043c\u0435\u043d\u0438-2-2-300x169.jpg 300w, https:\/\/hand2noteguide.com\/wp-content\/uploads\/2025\/05\/\u0411\u0435\u0437-\u0438\u043c\u0435\u043d\u0438-2-2-768x432.jpg 768w, https:\/\/hand2noteguide.com\/wp-content\/uploads\/2025\/05\/\u0411\u0435\u0437-\u0438\u043c\u0435\u043d\u0438-2-2-1536x864.jpg 1536w, https:\/\/hand2noteguide.com\/wp-content\/uploads\/2025\/05\/\u0411\u0435\u0437-\u0438\u043c\u0435\u043d\u0438-2-2-772x434.jpg 772w, https:\/\/hand2noteguide.com\/wp-content\/uploads\/2025\/05\/\u0411\u0435\u0437-\u0438\u043c\u0435\u043d\u0438-2-2-624x351.jpg 624w, https:\/\/hand2noteguide.com\/wp-content\/uploads\/2025\/05\/\u0411\u0435\u0437-\u0438\u043c\u0435\u043d\u0438-2-2.jpg 1920w\" sizes=\"auto, (max-width: 1024px) 100vw, 1024px\" \/><\/figure>\n\n\n\n<p>Gehen Sie im ge\u00f6ffneten Filterfenster zum Tab &#8220;General&#8221;(4). Legen Sie die Anzahl der Fische am Tisch von 1 bis 1 in Bereich (5) und das erforderliche VPIP des Fisches in Bereich (6) fest. Verwenden Sie das obige Schema, um die erforderliche Fischposition relativ zum Helden in Bereich (7) festzulegen, und klicken Sie auf &#8220;OK&#8221;(8), um den Filter anzuwenden.<\/p>\n\n\n\n<p>Nach dem Anwenden des Filters k\u00f6nnen Sie ihn in der Liste der angewendeten Filter in Bereich (1) sehen.<\/p>\n\n\n\n<figure class=\"wp-block-image size-large\"><img loading=\"lazy\" decoding=\"async\" width=\"1024\" height=\"576\" src=\"http:\/\/hand2noteguide.com\/wp-content\/uploads\/2025\/05\/\u0411\u0435\u0437-\u0438\u043c\u0435\u043d\u0438-4-1-1024x576.jpg\" alt=\"\" class=\"wp-image-12380\" srcset=\"https:\/\/hand2noteguide.com\/wp-content\/uploads\/2025\/05\/\u0411\u0435\u0437-\u0438\u043c\u0435\u043d\u0438-4-1-1024x576.jpg 1024w, https:\/\/hand2noteguide.com\/wp-content\/uploads\/2025\/05\/\u0411\u0435\u0437-\u0438\u043c\u0435\u043d\u0438-4-1-300x169.jpg 300w, https:\/\/hand2noteguide.com\/wp-content\/uploads\/2025\/05\/\u0411\u0435\u0437-\u0438\u043c\u0435\u043d\u0438-4-1-768x432.jpg 768w, https:\/\/hand2noteguide.com\/wp-content\/uploads\/2025\/05\/\u0411\u0435\u0437-\u0438\u043c\u0435\u043d\u0438-4-1-1536x864.jpg 1536w, https:\/\/hand2noteguide.com\/wp-content\/uploads\/2025\/05\/\u0411\u0435\u0437-\u0438\u043c\u0435\u043d\u0438-4-1-772x434.jpg 772w, https:\/\/hand2noteguide.com\/wp-content\/uploads\/2025\/05\/\u0411\u0435\u0437-\u0438\u043c\u0435\u043d\u0438-4-1-624x351.jpg 624w, https:\/\/hand2noteguide.com\/wp-content\/uploads\/2025\/05\/\u0411\u0435\u0437-\u0438\u043c\u0435\u043d\u0438-4-1.jpg 1920w\" sizes=\"auto, (max-width: 1024px) 100vw, 1024px\" \/><\/figure>\n\n\n\n<p>Sie k\u00f6nnen auch Ihre Spielergebnisse \u00fcberpr\u00fcfen, wenn der Fisch in der angegebenen Position relativ zu Ihnen sitzt (2).<\/p>\n\n\n\n<p>Um einen Bericht f\u00fcr eine andere Fischposition relativ zu Ihnen zu erstellen, wiederholen Sie die Schritte in den Anweisungen und legen Sie eine andere Fischposition gem\u00e4\u00df dem obigen Schema fest.<\/p>\n\n\n\n<p>Auf diese Weise k\u00f6nnen Sie Ihr Spiel in verschiedenen Sitzsituationen relativ zum Fisch bewerten und die Priorit\u00e4ten w\u00e4hlen.<\/p>\n","protected":false},"excerpt":{"rendered":"<p>Beim Spielen mit einer ausgew\u00e4hlten (gezielten Spielweise gegen Fische) gibt es einen wichtigen Punkt &#8211; Sie sollten bestrebt sein, in Position gegen den Fisch zu spielen. Das bedeutet, dass der gr\u00f6\u00dfte Gewinn erzielt wird, wenn der Fisch entweder als Erster oder Zweiter zu Ihrer Rechten am Tisch sitzt. In diesem Artikel zeigen wir Ihnen, wie &hellip; <a href=\"https:\/\/hand2noteguide.com\/de\/user-manual\/analyzing-play-based-on-distance-to-the-fish\/\" class=\"more-link\">Continue reading <span class=\"screen-reader-text\">Analyse des Spiels nach Entfernung zu Fischen mit Hand2Note<\/span><\/a><\/p>\n","protected":false},"author":3,"featured_media":12370,"parent":9199,"menu_order":0,"comment_status":"closed","ping_status":"closed","template":"","meta":{"footnotes":""},"class_list":["post-12168","page","type-page","status-publish","has-post-thumbnail","hentry"],"translation":{"provider":"WPGlobus","version":"3.0.2","language":"de","enabled_languages":["en","ru","pt","zh","es","fr","de","it","ja"],"languages":{"en":{"title":true,"content":true,"excerpt":false},"ru":{"title":true,"content":true,"excerpt":false},"pt":{"title":true,"content":true,"excerpt":false},"zh":{"title":true,"content":true,"excerpt":false},"es":{"title":true,"content":true,"excerpt":false},"fr":{"title":true,"content":true,"excerpt":false},"de":{"title":true,"content":true,"excerpt":false},"it":{"title":true,"content":true,"excerpt":false},"ja":{"title":true,"content":true,"excerpt":false}}},"yoast_head":"<!-- This site is optimized with the Yoast SEO plugin v27.0 - https:\/\/yoast.com\/product\/yoast-seo-wordpress\/ -->\n<title>Analyse des Spiels nach Entfernung zu Fischen mit Hand2Note<\/title>\n<meta name=\"description\" content=\"Erfahren Sie, wie Sie mit Hand2Note die Spielergebnisse gegen Fische in verschiedenen Tischpositionen analysieren k\u00f6nnen, um Ihre Strategie zu verbessern.\" \/>\n<meta name=\"robots\" content=\"index, follow, max-snippet:-1, max-image-preview:large, max-video-preview:-1\" \/>\n<link rel=\"canonical\" href=\"https:\/\/hand2noteguide.com\/user-manual\/analyzing-play-based-on-distance-to-the-fish\/\" \/>\n<meta property=\"og:locale\" content=\"de_DE\" \/>\n<meta property=\"og:type\" content=\"article\" \/>\n<meta property=\"og:title\" content=\"Analyse des Spiels nach Entfernung zu Fischen mit Hand2Note\" \/>\n<meta property=\"og:description\" content=\"Erfahren Sie, wie Sie mit Hand2Note die Spielergebnisse gegen Fische in verschiedenen Tischpositionen analysieren k\u00f6nnen, um Ihre Strategie zu verbessern.\" \/>\n<meta property=\"og:url\" content=\"https:\/\/hand2noteguide.com\/user-manual\/analyzing-play-based-on-distance-to-the-fish\/\" \/>\n<meta property=\"og:site_name\" content=\"Hand2Note Guide\" \/>\n<meta property=\"article:modified_time\" content=\"2026-03-10T08:30:39+00:00\" \/>\n<meta property=\"og:image\" content=\"https:\/\/hand2noteguide.com\/wp-content\/uploads\/2025\/05\/\u0411\u0435\u0437-\u0438\u043c\u0435\u043d\u0438-1-5.jpg\" \/>\n\t<meta property=\"og:image:width\" content=\"1920\" \/>\n\t<meta property=\"og:image:height\" content=\"1080\" \/>\n\t<meta property=\"og:image:type\" content=\"image\/jpeg\" \/>\n<meta name=\"twitter:card\" content=\"summary_large_image\" \/>\n<meta name=\"twitter:label1\" content=\"Est. reading time\" \/>\n\t<meta name=\"twitter:data1\" content=\"9 minutes\" \/>\n<!-- \/ Yoast SEO plugin. -->","yoast_head_json":{"title":"Analyse des Spiels nach Entfernung zu Fischen mit Hand2Note","description":"Erfahren Sie, wie Sie mit Hand2Note die Spielergebnisse gegen Fische in verschiedenen Tischpositionen analysieren k\u00f6nnen, um Ihre Strategie zu verbessern.","robots":{"index":"index","follow":"follow","max-snippet":"max-snippet:-1","max-image-preview":"max-image-preview:large","max-video-preview":"max-video-preview:-1"},"canonical":"https:\/\/hand2noteguide.com\/user-manual\/analyzing-play-based-on-distance-to-the-fish\/","og_locale":"de_DE","og_type":"article","og_title":"Analyse des Spiels nach Entfernung zu Fischen mit Hand2Note","og_description":"Erfahren Sie, wie Sie mit Hand2Note die Spielergebnisse gegen Fische in verschiedenen Tischpositionen analysieren k\u00f6nnen, um Ihre Strategie zu verbessern.","og_url":"https:\/\/hand2noteguide.com\/user-manual\/analyzing-play-based-on-distance-to-the-fish\/","og_site_name":"Hand2Note Guide","article_modified_time":"2026-03-10T08:30:39+00:00","og_image":[{"width":1920,"height":1080,"url":"https:\/\/hand2noteguide.com\/wp-content\/uploads\/2025\/05\/\u0411\u0435\u0437-\u0438\u043c\u0435\u043d\u0438-1-5.jpg","type":"image\/jpeg"}],"twitter_card":"summary_large_image","twitter_misc":{"Est. reading time":"9 minutes"},"schema":{"@context":"https:\/\/schema.org","@graph":[]}},"jetpack_sharing_enabled":true,"_links":{"self":[{"href":"https:\/\/hand2noteguide.com\/de\/wp-json\/wp\/v2\/pages\/12168","targetHints":{"allow":["GET"]}}],"collection":[{"href":"https:\/\/hand2noteguide.com\/de\/wp-json\/wp\/v2\/pages"}],"about":[{"href":"https:\/\/hand2noteguide.com\/de\/wp-json\/wp\/v2\/types\/page"}],"author":[{"embeddable":true,"href":"https:\/\/hand2noteguide.com\/de\/wp-json\/wp\/v2\/users\/3"}],"replies":[{"embeddable":true,"href":"https:\/\/hand2noteguide.com\/de\/wp-json\/wp\/v2\/comments?post=12168"}],"version-history":[{"count":37,"href":"https:\/\/hand2noteguide.com\/de\/wp-json\/wp\/v2\/pages\/12168\/revisions"}],"predecessor-version":[{"id":15631,"href":"https:\/\/hand2noteguide.com\/de\/wp-json\/wp\/v2\/pages\/12168\/revisions\/15631"}],"up":[{"embeddable":true,"href":"https:\/\/hand2noteguide.com\/de\/wp-json\/wp\/v2\/pages\/9199"}],"wp:featuredmedia":[{"embeddable":true,"href":"https:\/\/hand2noteguide.com\/de\/wp-json\/wp\/v2\/media\/12370"}],"wp:attachment":[{"href":"https:\/\/hand2noteguide.com\/de\/wp-json\/wp\/v2\/media?parent=12168"}],"curies":[{"name":"wp","href":"https:\/\/api.w.org\/{rel}","templated":true}]}}