{"id":12396,"date":"2025-05-28T16:43:37","date_gmt":"2025-05-28T13:43:37","guid":{"rendered":"https:\/\/hand2noteguide.com\/?page_id=12396"},"modified":"2026-03-10T11:31:19","modified_gmt":"2026-03-10T08:31:19","slug":"displaying-a-hud-on-a-hero","status":"publish","type":"page","link":"https:\/\/hand2noteguide.com\/de\/user-manual\/displaying-a-hud-on-a-hero\/","title":{"rendered":"Anzeige des HUDs auf Hero"},"content":{"rendered":"\n<p>Hand2Note erm\u00f6glicht es Ihnen, zus\u00e4tzlich zu den HUD-Fenstern f\u00fcr jeden Gegner ein zus\u00e4tzliches HUD-Fenster f\u00fcr den Hero anzuzeigen. Es wird die Statistiken Ihres Spiels widerspiegeln.<\/p>\n\n\n\n<p>Diese Funktion zeigt, wie Ihre Statistiken in den Augen der Gegner erscheinen k\u00f6nnten. Dies wiederum hilft, Ausbeutung von ihrer Seite zu vermeiden.<\/p>\n\n\n\n<p><em>Ausbeutung ist ein Spiel, das sich auf die Schw\u00e4chen im Spiel des Gegners konzentriert.<\/em><\/p>\n\n\n\n<h2 class=\"wp-block-heading\">Erstellen eines Hero HUDs in Hand2Note<\/h2>\n\n\n\n<p>Um das HUD auf dem Hero anzuzeigen, m\u00fcssen Sie:<\/p>\n\n\n\n<ul class=\"wp-block-list\">\n<li>Das erforderliche HUD-Panel im &#8220;HUD Editor&#8221; kopieren, um es auf dem Hero anzuzeigen;<\/li>\n\n\n\n<li>Die Parameter des kopierten HUD-Panels so einstellen, dass es nur auf dem Hero angezeigt wird;<\/li>\n\n\n\n<li>Die Datenbankstatistiken bereinigen und neu aufbauen.<\/li>\n<\/ul>\n\n\n\n<p>\u00d6ffnen Sie zuerst den HUD Editor, indem Sie auf &#8220;HUD Editor&#8221;(1) klicken.<\/p>\n\n\n\n<figure class=\"wp-block-image size-large\"><img loading=\"lazy\" decoding=\"async\" width=\"1024\" height=\"576\" src=\"http:\/\/hand2noteguide.com\/wp-content\/uploads\/2025\/05\/\u0411\u0435\u0437-\u0438\u043c\u0435\u043d\u0438-2-3-1024x576.jpg\" alt=\"\" class=\"wp-image-12412\" srcset=\"https:\/\/hand2noteguide.com\/wp-content\/uploads\/2025\/05\/\u0411\u0435\u0437-\u0438\u043c\u0435\u043d\u0438-2-3-1024x576.jpg 1024w, https:\/\/hand2noteguide.com\/wp-content\/uploads\/2025\/05\/\u0411\u0435\u0437-\u0438\u043c\u0435\u043d\u0438-2-3-300x169.jpg 300w, https:\/\/hand2noteguide.com\/wp-content\/uploads\/2025\/05\/\u0411\u0435\u0437-\u0438\u043c\u0435\u043d\u0438-2-3-768x432.jpg 768w, https:\/\/hand2noteguide.com\/wp-content\/uploads\/2025\/05\/\u0411\u0435\u0437-\u0438\u043c\u0435\u043d\u0438-2-3-1536x864.jpg 1536w, https:\/\/hand2noteguide.com\/wp-content\/uploads\/2025\/05\/\u0411\u0435\u0437-\u0438\u043c\u0435\u043d\u0438-2-3-772x434.jpg 772w, https:\/\/hand2noteguide.com\/wp-content\/uploads\/2025\/05\/\u0411\u0435\u0437-\u0438\u043c\u0435\u043d\u0438-2-3-624x351.jpg 624w, https:\/\/hand2noteguide.com\/wp-content\/uploads\/2025\/05\/\u0411\u0435\u0437-\u0438\u043c\u0435\u043d\u0438-2-3.jpg 1920w\" sizes=\"auto, (max-width: 1024px) 100vw, 1024px\" \/><\/figure>\n\n\n\n<p>Klicken Sie anschlie\u00dfend mit der rechten Maustaste (RMB) auf den Rand des HUD-Panels (2) und w\u00e4hlen Sie &#8220;Kopieren&#8221;(3) aus der Dropdown-Liste. Klicken Sie mit der rechten Maustaste (RMB) in einen freien Bereich des HUD Editors (4) und w\u00e4hlen Sie &#8220;Einf\u00fcgen&#8221;(5) aus der Dropdown-Liste. So haben wir das erforderliche HUD-Panel kopiert.<\/p>\n\n\n\n<p>Klicken Sie dann auf den Rand des kopierten HUD-Panels (1) und aktivieren Sie den Schalter &#8220;Nur auf Hero anzeigen&#8221; im Men\u00fc auf der rechten Seite (2). Jetzt haben wir die Anzeige nur auf dem Hero im kopierten HUD-Panel aktiviert.<\/p>\n\n\n\n<figure class=\"wp-block-image size-large\"><img loading=\"lazy\" decoding=\"async\" width=\"1024\" height=\"576\" src=\"http:\/\/hand2noteguide.com\/wp-content\/uploads\/2025\/05\/\u0411\u0435\u0437-\u0438\u043c\u0435\u043d\u0438-3-2-1024x576.jpg\" alt=\"\" class=\"wp-image-12413\" srcset=\"https:\/\/hand2noteguide.com\/wp-content\/uploads\/2025\/05\/\u0411\u0435\u0437-\u0438\u043c\u0435\u043d\u0438-3-2-1024x576.jpg 1024w, https:\/\/hand2noteguide.com\/wp-content\/uploads\/2025\/05\/\u0411\u0435\u0437-\u0438\u043c\u0435\u043d\u0438-3-2-300x169.jpg 300w, https:\/\/hand2noteguide.com\/wp-content\/uploads\/2025\/05\/\u0411\u0435\u0437-\u0438\u043c\u0435\u043d\u0438-3-2-768x432.jpg 768w, https:\/\/hand2noteguide.com\/wp-content\/uploads\/2025\/05\/\u0411\u0435\u0437-\u0438\u043c\u0435\u043d\u0438-3-2-1536x864.jpg 1536w, https:\/\/hand2noteguide.com\/wp-content\/uploads\/2025\/05\/\u0411\u0435\u0437-\u0438\u043c\u0435\u043d\u0438-3-2-772x434.jpg 772w, https:\/\/hand2noteguide.com\/wp-content\/uploads\/2025\/05\/\u0411\u0435\u0437-\u0438\u043c\u0435\u043d\u0438-3-2-624x351.jpg 624w, https:\/\/hand2noteguide.com\/wp-content\/uploads\/2025\/05\/\u0411\u0435\u0437-\u0438\u043c\u0435\u043d\u0438-3-2.jpg 1920w\" sizes=\"auto, (max-width: 1024px) 100vw, 1024px\" \/><\/figure>\n\n\n\n<p>Als n\u00e4chstes m\u00fcssen Sie die Datenbankstatistiken bereinigen und neu aufbauen. Finden Sie dazu das Men\u00fc \u201cDatabase\u201d (1) in der oberen Reihe des Programmfensters und klicken Sie darauf. W\u00e4hlen Sie \u201cClean &amp; Rebuild Statistics\u201d (2) aus der Dropdown-Liste und klicken Sie auf \u201cAPPLY\u201d (3) im Fenster \u201cBuild Statistics\u201d. Warten Sie, bis die Neuberechnung der Statistiken abgeschlossen ist.<\/p>\n\n\n\n<figure class=\"wp-block-image size-large\"><img loading=\"lazy\" decoding=\"async\" width=\"1024\" height=\"550\" src=\"http:\/\/hand2noteguide.com\/wp-content\/uploads\/2025\/05\/\u0421\u043d\u0438\u043c\u043e\u043a-\u044d\u043a\u0440\u0430\u043d\u0430-2025-05-28-173729-1024x550.jpg\" alt=\"\" class=\"wp-image-12414\" srcset=\"https:\/\/hand2noteguide.com\/wp-content\/uploads\/2025\/05\/\u0421\u043d\u0438\u043c\u043e\u043a-\u044d\u043a\u0440\u0430\u043d\u0430-2025-05-28-173729-1024x550.jpg 1024w, https:\/\/hand2noteguide.com\/wp-content\/uploads\/2025\/05\/\u0421\u043d\u0438\u043c\u043e\u043a-\u044d\u043a\u0440\u0430\u043d\u0430-2025-05-28-173729-300x161.jpg 300w, https:\/\/hand2noteguide.com\/wp-content\/uploads\/2025\/05\/\u0421\u043d\u0438\u043c\u043e\u043a-\u044d\u043a\u0440\u0430\u043d\u0430-2025-05-28-173729-768x413.jpg 768w, https:\/\/hand2noteguide.com\/wp-content\/uploads\/2025\/05\/\u0421\u043d\u0438\u043c\u043e\u043a-\u044d\u043a\u0440\u0430\u043d\u0430-2025-05-28-173729-1536x825.jpg 1536w, https:\/\/hand2noteguide.com\/wp-content\/uploads\/2025\/05\/\u0421\u043d\u0438\u043c\u043e\u043a-\u044d\u043a\u0440\u0430\u043d\u0430-2025-05-28-173729-772x415.jpg 772w, https:\/\/hand2noteguide.com\/wp-content\/uploads\/2025\/05\/\u0421\u043d\u0438\u043c\u043e\u043a-\u044d\u043a\u0440\u0430\u043d\u0430-2025-05-28-173729-624x335.jpg 624w, https:\/\/hand2noteguide.com\/wp-content\/uploads\/2025\/05\/\u0421\u043d\u0438\u043c\u043e\u043a-\u044d\u043a\u0440\u0430\u043d\u0430-2025-05-28-173729.jpg 1599w\" sizes=\"auto, (max-width: 1024px) 100vw, 1024px\" \/><\/figure>\n\n\n\n<p>Nach Abschluss der Berechnung k\u00f6nnen Sie das HUD-Fenster des Heros an den Tischen und im Replayer bemerken.<\/p>\n\n\n\n<figure class=\"wp-block-image size-large\"><img loading=\"lazy\" decoding=\"async\" width=\"1024\" height=\"931\" src=\"http:\/\/hand2noteguide.com\/wp-content\/uploads\/2025\/05\/Poker-Table-1024x931.jpg\" alt=\"\" class=\"wp-image-12415\" srcset=\"https:\/\/hand2noteguide.com\/wp-content\/uploads\/2025\/05\/Poker-Table-1024x931.jpg 1024w, https:\/\/hand2noteguide.com\/wp-content\/uploads\/2025\/05\/Poker-Table-300x273.jpg 300w, https:\/\/hand2noteguide.com\/wp-content\/uploads\/2025\/05\/Poker-Table-768x698.jpg 768w, https:\/\/hand2noteguide.com\/wp-content\/uploads\/2025\/05\/Poker-Table-772x702.jpg 772w, https:\/\/hand2noteguide.com\/wp-content\/uploads\/2025\/05\/Poker-Table-624x567.jpg 624w, https:\/\/hand2noteguide.com\/wp-content\/uploads\/2025\/05\/Poker-Table.jpg 1100w\" sizes=\"auto, (max-width: 1024px) 100vw, 1024px\" \/><\/figure>\n","protected":false},"excerpt":{"rendered":"<p>Hand2Note erm\u00f6glicht es Ihnen, zus\u00e4tzlich zu den HUD-Fenstern f\u00fcr jeden Gegner ein zus\u00e4tzliches HUD-Fenster f\u00fcr den Hero anzuzeigen. Es wird die Statistiken Ihres Spiels widerspiegeln. Diese Funktion zeigt, wie Ihre Statistiken in den Augen der Gegner erscheinen k\u00f6nnten. Dies wiederum hilft, Ausbeutung von ihrer Seite zu vermeiden. Ausbeutung ist ein Spiel, das sich auf die &hellip; <a href=\"https:\/\/hand2noteguide.com\/de\/user-manual\/displaying-a-hud-on-a-hero\/\" class=\"more-link\">Continue reading <span class=\"screen-reader-text\">Anzeige des HUDs auf Hero<\/span><\/a><\/p>\n","protected":false},"author":3,"featured_media":12399,"parent":9199,"menu_order":0,"comment_status":"closed","ping_status":"closed","template":"","meta":{"footnotes":""},"class_list":["post-12396","page","type-page","status-publish","has-post-thumbnail","hentry"],"translation":{"provider":"WPGlobus","version":"3.0.2","language":"de","enabled_languages":["en","ru","pt","zh","es","fr","de","it","ja"],"languages":{"en":{"title":true,"content":true,"excerpt":false},"ru":{"title":true,"content":true,"excerpt":false},"pt":{"title":true,"content":true,"excerpt":false},"zh":{"title":true,"content":true,"excerpt":false},"es":{"title":true,"content":true,"excerpt":false},"fr":{"title":true,"content":true,"excerpt":false},"de":{"title":true,"content":true,"excerpt":false},"it":{"title":true,"content":true,"excerpt":false},"ja":{"title":true,"content":true,"excerpt":false}}},"yoast_head":"<!-- This site is optimized with the Yoast SEO plugin v27.0 - https:\/\/yoast.com\/product\/yoast-seo-wordpress\/ -->\n<title>Anzeige des HUDs auf Hero mit Hand2Note<\/title>\n<meta name=\"description\" content=\"Erfahren Sie, wie Sie die Anzeige des HUD-Fensters auf dem Hero in Hand2Note einrichten, um Ihre Statistiken zu sehen und Ausbeutung durch Gegner zu vermeiden.\" \/>\n<meta name=\"robots\" content=\"index, follow, max-snippet:-1, max-image-preview:large, max-video-preview:-1\" \/>\n<link rel=\"canonical\" href=\"https:\/\/hand2noteguide.com\/user-manual\/displaying-a-hud-on-a-hero\/\" \/>\n<meta property=\"og:locale\" content=\"de_DE\" \/>\n<meta property=\"og:type\" content=\"article\" \/>\n<meta property=\"og:title\" content=\"Anzeige des HUDs auf Hero mit Hand2Note\" \/>\n<meta property=\"og:description\" content=\"Erfahren Sie, wie Sie die Anzeige des HUD-Fensters auf dem Hero in Hand2Note einrichten, um Ihre Statistiken zu sehen und Ausbeutung durch Gegner zu vermeiden.\" \/>\n<meta property=\"og:url\" content=\"https:\/\/hand2noteguide.com\/user-manual\/displaying-a-hud-on-a-hero\/\" \/>\n<meta property=\"og:site_name\" content=\"Hand2Note Guide\" \/>\n<meta property=\"article:modified_time\" content=\"2026-03-10T08:31:19+00:00\" \/>\n<meta property=\"og:image\" content=\"https:\/\/hand2noteguide.com\/wp-content\/uploads\/2025\/05\/\u0411\u0435\u0437-\u0438\u043c\u0435\u043d\u0438-1-6.jpg\" \/>\n\t<meta property=\"og:image:width\" content=\"1920\" \/>\n\t<meta property=\"og:image:height\" content=\"1080\" \/>\n\t<meta property=\"og:image:type\" content=\"image\/jpeg\" \/>\n<meta name=\"twitter:card\" content=\"summary_large_image\" \/>\n<meta name=\"twitter:label1\" content=\"Est. reading time\" \/>\n\t<meta name=\"twitter:data1\" content=\"9 minutes\" \/>\n<!-- \/ Yoast SEO plugin. -->","yoast_head_json":{"title":"Anzeige des HUDs auf Hero mit Hand2Note","description":"Erfahren Sie, wie Sie die Anzeige des HUD-Fensters auf dem Hero in Hand2Note einrichten, um Ihre Statistiken zu sehen und Ausbeutung durch Gegner zu vermeiden.","robots":{"index":"index","follow":"follow","max-snippet":"max-snippet:-1","max-image-preview":"max-image-preview:large","max-video-preview":"max-video-preview:-1"},"canonical":"https:\/\/hand2noteguide.com\/user-manual\/displaying-a-hud-on-a-hero\/","og_locale":"de_DE","og_type":"article","og_title":"Anzeige des HUDs auf Hero mit Hand2Note","og_description":"Erfahren Sie, wie Sie die Anzeige des HUD-Fensters auf dem Hero in Hand2Note einrichten, um Ihre Statistiken zu sehen und Ausbeutung durch Gegner zu vermeiden.","og_url":"https:\/\/hand2noteguide.com\/user-manual\/displaying-a-hud-on-a-hero\/","og_site_name":"Hand2Note Guide","article_modified_time":"2026-03-10T08:31:19+00:00","og_image":[{"width":1920,"height":1080,"url":"https:\/\/hand2noteguide.com\/wp-content\/uploads\/2025\/05\/\u0411\u0435\u0437-\u0438\u043c\u0435\u043d\u0438-1-6.jpg","type":"image\/jpeg"}],"twitter_card":"summary_large_image","twitter_misc":{"Est. reading time":"9 minutes"},"schema":{"@context":"https:\/\/schema.org","@graph":[]}},"jetpack_sharing_enabled":true,"_links":{"self":[{"href":"https:\/\/hand2noteguide.com\/de\/wp-json\/wp\/v2\/pages\/12396","targetHints":{"allow":["GET"]}}],"collection":[{"href":"https:\/\/hand2noteguide.com\/de\/wp-json\/wp\/v2\/pages"}],"about":[{"href":"https:\/\/hand2noteguide.com\/de\/wp-json\/wp\/v2\/types\/page"}],"author":[{"embeddable":true,"href":"https:\/\/hand2noteguide.com\/de\/wp-json\/wp\/v2\/users\/3"}],"replies":[{"embeddable":true,"href":"https:\/\/hand2noteguide.com\/de\/wp-json\/wp\/v2\/comments?post=12396"}],"version-history":[{"count":38,"href":"https:\/\/hand2noteguide.com\/de\/wp-json\/wp\/v2\/pages\/12396\/revisions"}],"predecessor-version":[{"id":15632,"href":"https:\/\/hand2noteguide.com\/de\/wp-json\/wp\/v2\/pages\/12396\/revisions\/15632"}],"up":[{"embeddable":true,"href":"https:\/\/hand2noteguide.com\/de\/wp-json\/wp\/v2\/pages\/9199"}],"wp:featuredmedia":[{"embeddable":true,"href":"https:\/\/hand2noteguide.com\/de\/wp-json\/wp\/v2\/media\/12399"}],"wp:attachment":[{"href":"https:\/\/hand2noteguide.com\/de\/wp-json\/wp\/v2\/media?parent=12396"}],"curies":[{"name":"wp","href":"https:\/\/api.w.org\/{rel}","templated":true}]}}