{"id":124,"date":"2018-07-31T22:17:50","date_gmt":"2018-07-31T19:17:50","guid":{"rendered":"https:\/\/h2n312.wordpress.com\/?page_id=124"},"modified":"2025-06-04T19:16:49","modified_gmt":"2025-06-04T16:16:49","slug":"reinstall","status":"publish","type":"page","link":"https:\/\/hand2noteguide.com\/de\/issues-resolving\/reinstall\/","title":{"rendered":"Hand2Note Neuinstallation"},"content":{"rendered":"<p>Wenn Sie sich entscheiden, Hand2Note neu zu installieren, weil es <a href=\"https:\/\/hand2noteguide.com\/de\/issues-resolving\/hand2note-lags\/\">einfriert oder langsam l\u00e4uft<\/a>, oder <a href=\"https:\/\/hand2noteguide.com\/de\/issues-resolving\/h2n-takes-much-space\/\">zu viel Speicherplatz einnimmt<\/a>, suchen Sie zun\u00e4chst nach anderen m\u00f6glichen L\u00f6sungen in den Links. M\u00f6glicherweise k\u00f6nnen Sie das Problem mit weniger radikalen Methoden l\u00f6sen.<\/p>\n<p>Um Hand2Note neu zu installieren, befolgen Sie diese Anweisungen:<\/p>\n<ol>\n<li>Starten Sie Ihren PC neu und starten Sie w\u00e4hrend der Neuinstallation keine anderen Anwendungen.<\/li>\n<li>Bevor Sie das Programm entfernen, k\u00f6nnen Sie Ihre <a href=\"https:\/\/hand2noteguide.com\/de\/guide\/moving-hud-and-settings\/\">Einstellungen<\/a>, <a href=\"https:\/\/hand2noteguide.com\/de\/guide\/where-are-notes-stored\/\">Notizen<\/a> und <a href=\"https:\/\/hand2noteguide.com\/de\/guide\/moving-marked-hands\/\">markierten H\u00e4nde<\/a> speichern, falls erforderlich.<\/li>\n<li>In einigen F\u00e4llen ist das Entfernen der <a href=\"https:\/\/hand2noteguide.com\/de\/guide\/database\/\">Datenbank<\/a> erforderlich. Wenn Sie dies tun m\u00f6chten, l\u00f6schen Sie <a href=\"https:\/\/hand2noteguide.com\/de\/guide\/database\/where-is-database-stored\/\">den Ordner, in dem die Datenbank gespeichert ist<\/a> (standardm\u00e4\u00dfig ist es <i>C:\/UsersYour\/Username\/AppData\/Roaming\/Hand2Note\/h2ndb<\/i>). Wenn Sie Ihre Datenbank behalten m\u00f6chten, \u00fcberspringen Sie diesen Schritt.<\/li>\n<li>Entfernen Sie Hand2Note \u00fcber die Systemsteuerung.<\/li>\n<li>L\u00f6schen Sie manuell alle Dateien aus dem Programmordner. Standardm\u00e4\u00dfig ist es <em>C:\/Program Files\/Hand2Note<\/em>.<\/li>\n<li><a href=\"https:\/\/hand2note.com\/?aid=c0\" target=\"_blank\" rel=\"noopener noreferrer\">Laden Sie Hand2Note herunter<\/a> und installieren Sie es, <a href=\"https:\/\/hand2noteguide.com\/de\/guide\/hand2note-version\/\">aktualisieren Sie auf die neueste Version<\/a>, falls erforderlich.<\/li>\n<li>F\u00fchren Sie Hand2Note als Administrator in der Standardkonfiguration aus (stellen Sie Ihre Konfiguration nicht wieder her), <a href=\"https:\/\/hand2noteguide.com\/de\/guide\/serial-key\/\">geben Sie den Lizenzschl\u00fcssel ein<\/a> und pr\u00fcfen Sie, ob das Problem, das vor der Neuinstallation auftrat, weiterhin besteht.<\/li>\n<li>Wenn alles in Ordnung ist, stellen Sie die zuvor gespeicherte Konfiguration in den Programmordner zur\u00fcck. Wenn Ihre Konfiguration jedoch mit verschiedenen Paketen \u00fcbers\u00e4ttigt war, w\u00e4re es eine gute L\u00f6sung, sie nicht wiederherzustellen, sondern nur die Entwickler der derzeit verwendeten HUDs zu kontaktieren und die notwendigen Pakete auf der Standardkonfiguration zu installieren.<\/li>\n<li>Wenn Sie eine Datenbank gel\u00f6scht haben, k\u00f6nnen Sie H\u00e4nde aus den <a href=\"https:\/\/hand2noteguide.com\/de\/guide\/hands-archive\/\">Programmarchiven<\/a> in eine neue Datenbank importieren.<\/li>\n<\/ol>\n","protected":false},"excerpt":{"rendered":"<p>Wenn Sie sich entscheiden, Hand2Note neu zu installieren, weil es einfriert oder langsam l\u00e4uft, oder zu viel Speicherplatz einnimmt, suchen Sie zun\u00e4chst nach anderen m\u00f6glichen L\u00f6sungen in den Links. M\u00f6glicherweise k\u00f6nnen Sie das Problem mit weniger radikalen Methoden l\u00f6sen. Um Hand2Note neu zu installieren, befolgen Sie diese Anweisungen: Starten Sie Ihren PC neu und starten &hellip; <a href=\"https:\/\/hand2noteguide.com\/de\/issues-resolving\/reinstall\/\" class=\"more-link\">Continue reading <span class=\"screen-reader-text\">Hand2Note Neuinstallation<\/span><\/a><\/p>\n","protected":false},"author":1,"featured_media":0,"parent":236,"menu_order":6,"comment_status":"closed","ping_status":"closed","template":"page-templates\/full-width-page.php","meta":{"footnotes":""},"class_list":["post-124","page","type-page","status-publish","hentry"],"translation":{"provider":"WPGlobus","version":"3.0.2","language":"de","enabled_languages":["en","ru","pt","zh","es","fr","de","it","ja"],"languages":{"en":{"title":true,"content":true,"excerpt":false},"ru":{"title":true,"content":true,"excerpt":false},"pt":{"title":true,"content":true,"excerpt":false},"zh":{"title":true,"content":true,"excerpt":false},"es":{"title":true,"content":true,"excerpt":false},"fr":{"title":true,"content":true,"excerpt":false},"de":{"title":true,"content":true,"excerpt":false},"it":{"title":true,"content":true,"excerpt":false},"ja":{"title":true,"content":true,"excerpt":false}}},"yoast_head":"<!-- This site is optimized with the Yoast SEO plugin v27.0 - https:\/\/yoast.com\/product\/yoast-seo-wordpress\/ -->\n<title>Wie man Hand2Note neu installiert: Schritt-f\u00fcr-Schritt-Anleitung<\/title>\n<meta name=\"description\" content=\"Erfahren Sie, wie Sie Hand2Note effektiv neu installieren k\u00f6nnen mit unserer Schritt-f\u00fcr-Schritt-Anleitung. L\u00f6sen Sie Leistungsprobleme und optimieren Sie Ihre Einrichtung in nur wenigen einfachen Schritten.\" \/>\n<meta name=\"robots\" content=\"index, follow, max-snippet:-1, max-image-preview:large, max-video-preview:-1\" \/>\n<link rel=\"canonical\" href=\"https:\/\/hand2noteguide.com\/issues-resolving\/reinstall\/\" \/>\n<meta property=\"og:locale\" content=\"de_DE\" \/>\n<meta property=\"og:type\" content=\"article\" \/>\n<meta property=\"og:title\" content=\"Wie man Hand2Note neu installiert: Schritt-f\u00fcr-Schritt-Anleitung\" \/>\n<meta property=\"og:description\" content=\"Erfahren Sie, wie Sie Hand2Note effektiv neu installieren k\u00f6nnen mit unserer Schritt-f\u00fcr-Schritt-Anleitung. L\u00f6sen Sie Leistungsprobleme und optimieren Sie Ihre Einrichtung in nur wenigen einfachen Schritten.\" \/>\n<meta property=\"og:url\" content=\"https:\/\/hand2noteguide.com\/issues-resolving\/reinstall\/\" \/>\n<meta property=\"og:site_name\" content=\"Hand2Note Guide\" \/>\n<meta property=\"article:modified_time\" content=\"2025-06-04T16:16:49+00:00\" \/>\n<meta name=\"twitter:card\" content=\"summary_large_image\" \/>\n<meta name=\"twitter:label1\" content=\"Est. reading time\" \/>\n\t<meta name=\"twitter:data1\" content=\"9 minutes\" \/>\n<!-- \/ Yoast SEO plugin. -->","yoast_head_json":{"title":"Wie man Hand2Note neu installiert: Schritt-f\u00fcr-Schritt-Anleitung","description":"Erfahren Sie, wie Sie Hand2Note effektiv neu installieren k\u00f6nnen mit unserer Schritt-f\u00fcr-Schritt-Anleitung. L\u00f6sen Sie Leistungsprobleme und optimieren Sie Ihre Einrichtung in nur wenigen einfachen Schritten.","robots":{"index":"index","follow":"follow","max-snippet":"max-snippet:-1","max-image-preview":"max-image-preview:large","max-video-preview":"max-video-preview:-1"},"canonical":"https:\/\/hand2noteguide.com\/issues-resolving\/reinstall\/","og_locale":"de_DE","og_type":"article","og_title":"Wie man Hand2Note neu installiert: Schritt-f\u00fcr-Schritt-Anleitung","og_description":"Erfahren Sie, wie Sie Hand2Note effektiv neu installieren k\u00f6nnen mit unserer Schritt-f\u00fcr-Schritt-Anleitung. L\u00f6sen Sie Leistungsprobleme und optimieren Sie Ihre Einrichtung in nur wenigen einfachen Schritten.","og_url":"https:\/\/hand2noteguide.com\/issues-resolving\/reinstall\/","og_site_name":"Hand2Note Guide","article_modified_time":"2025-06-04T16:16:49+00:00","twitter_card":"summary_large_image","twitter_misc":{"Est. reading time":"9 minutes"},"schema":{"@context":"https:\/\/schema.org","@graph":[]}},"jetpack_sharing_enabled":false,"_links":{"self":[{"href":"https:\/\/hand2noteguide.com\/de\/wp-json\/wp\/v2\/pages\/124","targetHints":{"allow":["GET"]}}],"collection":[{"href":"https:\/\/hand2noteguide.com\/de\/wp-json\/wp\/v2\/pages"}],"about":[{"href":"https:\/\/hand2noteguide.com\/de\/wp-json\/wp\/v2\/types\/page"}],"author":[{"embeddable":true,"href":"https:\/\/hand2noteguide.com\/de\/wp-json\/wp\/v2\/users\/1"}],"replies":[{"embeddable":true,"href":"https:\/\/hand2noteguide.com\/de\/wp-json\/wp\/v2\/comments?post=124"}],"version-history":[{"count":22,"href":"https:\/\/hand2noteguide.com\/de\/wp-json\/wp\/v2\/pages\/124\/revisions"}],"predecessor-version":[{"id":13556,"href":"https:\/\/hand2noteguide.com\/de\/wp-json\/wp\/v2\/pages\/124\/revisions\/13556"}],"up":[{"embeddable":true,"href":"https:\/\/hand2noteguide.com\/de\/wp-json\/wp\/v2\/pages\/236"}],"wp:attachment":[{"href":"https:\/\/hand2noteguide.com\/de\/wp-json\/wp\/v2\/media?parent=124"}],"curies":[{"name":"wp","href":"https:\/\/api.w.org\/{rel}","templated":true}]}}