{"id":12436,"date":"2025-05-29T16:23:34","date_gmt":"2025-05-29T13:23:34","guid":{"rendered":"https:\/\/hand2noteguide.com\/?page_id=12436"},"modified":"2026-03-10T11:32:08","modified_gmt":"2026-03-10T08:32:08","slug":"when-is-it-more-profitable-to-play-morning-or-evening","status":"publish","type":"page","link":"https:\/\/hand2noteguide.com\/de\/user-manual\/when-is-it-more-profitable-to-play-morning-or-evening\/","title":{"rendered":"Wann ist es profitabler zu spielen \u2013 morgens oder abends?"},"content":{"rendered":"\n<p>Viele Online-Pokerspieler stehen irgendwann vor der Frage, die Tageszeit zu \u00e4ndern, zu der sie spielen. Dies h\u00e4ngt oft damit zusammen, dass sie in den Eins\u00e4tzen aufsteigen oder die Pokerplattform wechseln.<\/p>\n\n\n\n<p>Nachdem man eine ausreichende Anzahl von H\u00e4nden zu einer neuen Zeit gespielt hat, entsteht der Wunsch, die Spielergebnisse mit den vorherigen Ergebnissen zu vergleichen.<\/p>\n\n\n\n<p>Hand2Note erm\u00f6glicht es Ihnen, <a href=\"https:\/\/hand2noteguide.com\/de\/user-manual\/hand2note-report-menu\/\">Spielberichte<\/a> f\u00fcr verschiedene Tageszeiten zu erstellen. Dies hilft Ihnen, Ihre Ergebnisse zu unterschiedlichen Tages- oder Nachtzeiten visuell zu sehen. Es hilft auch, die Frage zu beantworten: Sollten Sie Ihren Spielplan \u00e4ndern oder nicht.<\/p>\n\n\n\n<h2 class=\"wp-block-heading\">Erstellen eines Spielberichts f\u00fcr eine bestimmte Tageszeit mit Hand2Note<\/h2>\n\n\n\n<p>\u00d6ffnen Sie im Hauptfenster von Hand2Note die Berichte, indem Sie auf &#8220;Reports&#8221; (1) klicken. Klicken Sie dann auf &#8220;+ Filter&#8221; (2), um das Men\u00fc f\u00fcr Schnellfilter zu \u00f6ffnen, und gehen Sie zum Tab &#8220;Session&#8221; (3).<\/p>\n\n\n\n<figure class=\"wp-block-image size-large\"><img loading=\"lazy\" decoding=\"async\" width=\"1024\" height=\"576\" src=\"http:\/\/hand2noteguide.com\/wp-content\/uploads\/2025\/05\/\u0411\u0435\u0437-\u0438\u043c\u0435\u043d\u0438-2-4-1024x576.jpg\" alt=\"\" class=\"wp-image-12645\" srcset=\"https:\/\/hand2noteguide.com\/wp-content\/uploads\/2025\/05\/\u0411\u0435\u0437-\u0438\u043c\u0435\u043d\u0438-2-4-1024x576.jpg 1024w, https:\/\/hand2noteguide.com\/wp-content\/uploads\/2025\/05\/\u0411\u0435\u0437-\u0438\u043c\u0435\u043d\u0438-2-4-300x169.jpg 300w, https:\/\/hand2noteguide.com\/wp-content\/uploads\/2025\/05\/\u0411\u0435\u0437-\u0438\u043c\u0435\u043d\u0438-2-4-768x432.jpg 768w, https:\/\/hand2noteguide.com\/wp-content\/uploads\/2025\/05\/\u0411\u0435\u0437-\u0438\u043c\u0435\u043d\u0438-2-4-1536x864.jpg 1536w, https:\/\/hand2noteguide.com\/wp-content\/uploads\/2025\/05\/\u0411\u0435\u0437-\u0438\u043c\u0435\u043d\u0438-2-4-772x434.jpg 772w, https:\/\/hand2noteguide.com\/wp-content\/uploads\/2025\/05\/\u0411\u0435\u0437-\u0438\u043c\u0435\u043d\u0438-2-4-624x351.jpg 624w, https:\/\/hand2noteguide.com\/wp-content\/uploads\/2025\/05\/\u0411\u0435\u0437-\u0438\u043c\u0435\u043d\u0438-2-4.jpg 1920w\" sizes=\"auto, (max-width: 1024px) 100vw, 1024px\" \/><\/figure>\n\n\n\n<p>Geben Sie im Fenster der Sitzungsfiltereinstellungen den erforderlichen Zeitbereich f\u00fcr die Analyse neben dem Parameter &#8220;Time of Day&#8221; (4) an. Klicken Sie auf &#8220;OK&#8221; (5), um den Filter anzuwenden.<\/p>\n\n\n\n<p>Nach dem Anwenden des Filters k\u00f6nnen Sie dessen Aktivit\u00e4t im Bereich (1) sehen.<\/p>\n\n\n\n<figure class=\"wp-block-image size-large\"><img loading=\"lazy\" decoding=\"async\" width=\"1024\" height=\"576\" src=\"http:\/\/hand2noteguide.com\/wp-content\/uploads\/2025\/05\/\u0411\u0435\u0437-\u0438\u043c\u0435\u043d\u0438-3-3-1024x576.jpg\" alt=\"\" class=\"wp-image-12647\" srcset=\"https:\/\/hand2noteguide.com\/wp-content\/uploads\/2025\/05\/\u0411\u0435\u0437-\u0438\u043c\u0435\u043d\u0438-3-3-1024x576.jpg 1024w, https:\/\/hand2noteguide.com\/wp-content\/uploads\/2025\/05\/\u0411\u0435\u0437-\u0438\u043c\u0435\u043d\u0438-3-3-300x169.jpg 300w, https:\/\/hand2noteguide.com\/wp-content\/uploads\/2025\/05\/\u0411\u0435\u0437-\u0438\u043c\u0435\u043d\u0438-3-3-768x432.jpg 768w, https:\/\/hand2noteguide.com\/wp-content\/uploads\/2025\/05\/\u0411\u0435\u0437-\u0438\u043c\u0435\u043d\u0438-3-3-1536x864.jpg 1536w, https:\/\/hand2noteguide.com\/wp-content\/uploads\/2025\/05\/\u0411\u0435\u0437-\u0438\u043c\u0435\u043d\u0438-3-3-772x434.jpg 772w, https:\/\/hand2noteguide.com\/wp-content\/uploads\/2025\/05\/\u0411\u0435\u0437-\u0438\u043c\u0435\u043d\u0438-3-3-624x351.jpg 624w, https:\/\/hand2noteguide.com\/wp-content\/uploads\/2025\/05\/\u0411\u0435\u0437-\u0438\u043c\u0435\u043d\u0438-3-3.jpg 1920w\" sizes=\"auto, (max-width: 1024px) 100vw, 1024px\" \/><\/figure>\n\n\n\n<p>Unterhalb des Bereichs (1) k\u00f6nnen Sie Ihre Spielergebnisse innerhalb des angegebenen Zeitraums sehen.<\/p>\n\n\n\n<p>Auf diese Weise k\u00f6nnen Sie einen Bericht \u00fcber Ihr Spiel zu verschiedenen Tageszeiten erstellen. Durch den Vergleich von Spieldaten f\u00fcr verschiedene Zeitintervalle k\u00f6nnen Sie R\u00fcckschl\u00fcsse auf Ihre Ergebnisse ziehen, wenn Sie Ihren Spielplan \u00e4ndern.<\/p>\n","protected":false},"excerpt":{"rendered":"<p>Viele Online-Pokerspieler stehen irgendwann vor der Frage, die Tageszeit zu \u00e4ndern, zu der sie spielen. Dies h\u00e4ngt oft damit zusammen, dass sie in den Eins\u00e4tzen aufsteigen oder die Pokerplattform wechseln. Nachdem man eine ausreichende Anzahl von H\u00e4nden zu einer neuen Zeit gespielt hat, entsteht der Wunsch, die Spielergebnisse mit den vorherigen Ergebnissen zu vergleichen. Hand2Note &hellip; <a href=\"https:\/\/hand2noteguide.com\/de\/user-manual\/when-is-it-more-profitable-to-play-morning-or-evening\/\" class=\"more-link\">Continue reading <span class=\"screen-reader-text\">Wann ist es profitabler zu spielen \u2013 morgens oder abends?<\/span><\/a><\/p>\n","protected":false},"author":3,"featured_media":12692,"parent":9199,"menu_order":0,"comment_status":"closed","ping_status":"closed","template":"","meta":{"footnotes":""},"class_list":["post-12436","page","type-page","status-publish","has-post-thumbnail","hentry"],"translation":{"provider":"WPGlobus","version":"3.0.2","language":"de","enabled_languages":["en","ru","pt","zh","es","fr","de","it","ja"],"languages":{"en":{"title":true,"content":true,"excerpt":false},"ru":{"title":true,"content":true,"excerpt":false},"pt":{"title":true,"content":true,"excerpt":false},"zh":{"title":true,"content":true,"excerpt":false},"es":{"title":true,"content":true,"excerpt":false},"fr":{"title":true,"content":true,"excerpt":false},"de":{"title":true,"content":true,"excerpt":false},"it":{"title":true,"content":true,"excerpt":false},"ja":{"title":true,"content":true,"excerpt":false}}},"yoast_head":"<!-- This site is optimized with the Yoast SEO plugin v27.0 - https:\/\/yoast.com\/product\/yoast-seo-wordpress\/ -->\n<title>Wann ist es profitabler zu spielen \u2013 morgens oder abends?<\/title>\n<meta name=\"description\" content=\"Finden Sie heraus, zu welcher Tageszeit Pokerspielen profitabler ist. Vergleichen Sie die Ergebnisse und entscheiden Sie, ob Sie Ihren Spielplan \u00e4ndern sollten.\" \/>\n<meta name=\"robots\" content=\"index, follow, max-snippet:-1, max-image-preview:large, max-video-preview:-1\" \/>\n<link rel=\"canonical\" href=\"https:\/\/hand2noteguide.com\/user-manual\/when-is-it-more-profitable-to-play-morning-or-evening\/\" \/>\n<meta property=\"og:locale\" content=\"de_DE\" \/>\n<meta property=\"og:type\" content=\"article\" \/>\n<meta property=\"og:title\" content=\"Wann ist es profitabler zu spielen \u2013 morgens oder abends?\" \/>\n<meta property=\"og:description\" content=\"Finden Sie heraus, zu welcher Tageszeit Pokerspielen profitabler ist. Vergleichen Sie die Ergebnisse und entscheiden Sie, ob Sie Ihren Spielplan \u00e4ndern sollten.\" \/>\n<meta property=\"og:url\" content=\"https:\/\/hand2noteguide.com\/user-manual\/when-is-it-more-profitable-to-play-morning-or-evening\/\" \/>\n<meta property=\"og:site_name\" content=\"Hand2Note Guide\" \/>\n<meta property=\"article:modified_time\" content=\"2026-03-10T08:32:08+00:00\" \/>\n<meta property=\"og:image\" content=\"https:\/\/hand2noteguide.com\/wp-content\/uploads\/2025\/05\/day-or-night-play-min.jpg\" \/>\n\t<meta property=\"og:image:width\" content=\"1512\" \/>\n\t<meta property=\"og:image:height\" content=\"1024\" \/>\n\t<meta property=\"og:image:type\" content=\"image\/jpeg\" \/>\n<meta name=\"twitter:card\" content=\"summary_large_image\" \/>\n<meta name=\"twitter:label1\" content=\"Est. reading time\" \/>\n\t<meta name=\"twitter:data1\" content=\"8 minutes\" \/>\n<!-- \/ Yoast SEO plugin. -->","yoast_head_json":{"title":"Wann ist es profitabler zu spielen \u2013 morgens oder abends?","description":"Finden Sie heraus, zu welcher Tageszeit Pokerspielen profitabler ist. Vergleichen Sie die Ergebnisse und entscheiden Sie, ob Sie Ihren Spielplan \u00e4ndern sollten.","robots":{"index":"index","follow":"follow","max-snippet":"max-snippet:-1","max-image-preview":"max-image-preview:large","max-video-preview":"max-video-preview:-1"},"canonical":"https:\/\/hand2noteguide.com\/user-manual\/when-is-it-more-profitable-to-play-morning-or-evening\/","og_locale":"de_DE","og_type":"article","og_title":"Wann ist es profitabler zu spielen \u2013 morgens oder abends?","og_description":"Finden Sie heraus, zu welcher Tageszeit Pokerspielen profitabler ist. Vergleichen Sie die Ergebnisse und entscheiden Sie, ob Sie Ihren Spielplan \u00e4ndern sollten.","og_url":"https:\/\/hand2noteguide.com\/user-manual\/when-is-it-more-profitable-to-play-morning-or-evening\/","og_site_name":"Hand2Note Guide","article_modified_time":"2026-03-10T08:32:08+00:00","og_image":[{"width":1512,"height":1024,"url":"https:\/\/hand2noteguide.com\/wp-content\/uploads\/2025\/05\/day-or-night-play-min.jpg","type":"image\/jpeg"}],"twitter_card":"summary_large_image","twitter_misc":{"Est. reading time":"8 minutes"},"schema":{"@context":"https:\/\/schema.org","@graph":[]}},"jetpack_sharing_enabled":true,"_links":{"self":[{"href":"https:\/\/hand2noteguide.com\/de\/wp-json\/wp\/v2\/pages\/12436","targetHints":{"allow":["GET"]}}],"collection":[{"href":"https:\/\/hand2noteguide.com\/de\/wp-json\/wp\/v2\/pages"}],"about":[{"href":"https:\/\/hand2noteguide.com\/de\/wp-json\/wp\/v2\/types\/page"}],"author":[{"embeddable":true,"href":"https:\/\/hand2noteguide.com\/de\/wp-json\/wp\/v2\/users\/3"}],"replies":[{"embeddable":true,"href":"https:\/\/hand2noteguide.com\/de\/wp-json\/wp\/v2\/comments?post=12436"}],"version-history":[{"count":49,"href":"https:\/\/hand2noteguide.com\/de\/wp-json\/wp\/v2\/pages\/12436\/revisions"}],"predecessor-version":[{"id":15633,"href":"https:\/\/hand2noteguide.com\/de\/wp-json\/wp\/v2\/pages\/12436\/revisions\/15633"}],"up":[{"embeddable":true,"href":"https:\/\/hand2noteguide.com\/de\/wp-json\/wp\/v2\/pages\/9199"}],"wp:featuredmedia":[{"embeddable":true,"href":"https:\/\/hand2noteguide.com\/de\/wp-json\/wp\/v2\/media\/12692"}],"wp:attachment":[{"href":"https:\/\/hand2noteguide.com\/de\/wp-json\/wp\/v2\/media?parent=12436"}],"curies":[{"name":"wp","href":"https:\/\/api.w.org\/{rel}","templated":true}]}}