{"id":12655,"date":"2025-05-30T18:27:45","date_gmt":"2025-05-30T15:27:45","guid":{"rendered":"https:\/\/hand2noteguide.com\/?page_id=12655"},"modified":"2026-03-10T11:32:47","modified_gmt":"2026-03-10T08:32:47","slug":"setting-up-a-quick-hand-preview-hand-view","status":"publish","type":"page","link":"https:\/\/hand2noteguide.com\/de\/user-manual\/setting-up-a-quick-hand-preview-hand-view\/","title":{"rendered":"Schnelle Handbewertungs-Einrichtung"},"content":{"rendered":"\n<p>Hand2Note bietet eine praktische textbasierte Handansicht &#8211; Schnelle Handbewertung. Sie ist im <a href=\"https:\/\/hand2noteguide.com\/de\/user-manual\/hand2note-report-menu\/\">Berichte<\/a>-Bereich, in den <a href=\"https:\/\/hand2noteguide.com\/de\/user-manual\/hand2note-sessions\/\">Sessions<\/a> und auch in den <a href=\"https:\/\/hand2noteguide.com\/de\/user-manual\/the-use-and-possibilities-of-notes-in-hand2note\/\">Notizen<\/a> verf\u00fcgbar. Mit der Schnellen Handbewertung k\u00f6nnen Sie schnell die notwendige Hand aus vielen finden und analysieren.<\/p>\n\n\n\n<p>Das Erscheinungsbild der Schnellen Handbewertung kann an Ihre pers\u00f6nlichen Vorlieben angepasst werden. In diesem Artikel zeigen wir Ihnen, wo sich das Einstellungsmen\u00fc f\u00fcr das Erscheinungsbild der Schnellen Handbewertung befindet und welche Optionen es bietet.<\/p>\n\n\n\n<h2 class=\"wp-block-heading\">Einstellungsmen\u00fc f\u00fcr das Erscheinungsbild der &#8220;Handansicht&#8221;<\/h2>\n\n\n\n<p>Um das Einstellungsmen\u00fc f\u00fcr das Erscheinungsbild der Schnellen Handbewertung zu \u00f6ffnen, klicken Sie auf &#8220;Konfiguration&#8221;(1). W\u00e4hlen Sie dann das Men\u00fc &#8220;Handansicht&#8221; (2).<\/p>\n\n\n\n<figure class=\"wp-block-image size-large\"><img loading=\"lazy\" decoding=\"async\" width=\"1024\" height=\"576\" src=\"http:\/\/hand2noteguide.com\/wp-content\/uploads\/2025\/05\/\u0411\u0435\u0437-\u0438\u043c\u0435\u043d\u0438-7-1-1024x576.jpg\" alt=\"\" class=\"wp-image-12703\" srcset=\"https:\/\/hand2noteguide.com\/wp-content\/uploads\/2025\/05\/\u0411\u0435\u0437-\u0438\u043c\u0435\u043d\u0438-7-1-1024x576.jpg 1024w, https:\/\/hand2noteguide.com\/wp-content\/uploads\/2025\/05\/\u0411\u0435\u0437-\u0438\u043c\u0435\u043d\u0438-7-1-300x169.jpg 300w, https:\/\/hand2noteguide.com\/wp-content\/uploads\/2025\/05\/\u0411\u0435\u0437-\u0438\u043c\u0435\u043d\u0438-7-1-768x432.jpg 768w, https:\/\/hand2noteguide.com\/wp-content\/uploads\/2025\/05\/\u0411\u0435\u0437-\u0438\u043c\u0435\u043d\u0438-7-1-1536x864.jpg 1536w, https:\/\/hand2noteguide.com\/wp-content\/uploads\/2025\/05\/\u0411\u0435\u0437-\u0438\u043c\u0435\u043d\u0438-7-1-772x434.jpg 772w, https:\/\/hand2noteguide.com\/wp-content\/uploads\/2025\/05\/\u0411\u0435\u0437-\u0438\u043c\u0435\u043d\u0438-7-1-624x351.jpg 624w, https:\/\/hand2noteguide.com\/wp-content\/uploads\/2025\/05\/\u0411\u0435\u0437-\u0438\u043c\u0435\u043d\u0438-7-1.jpg 1920w\" sizes=\"auto, (max-width: 1024px) 100vw, 1024px\" \/><\/figure>\n\n\n\n<p>Das Einstellungsmen\u00fc f\u00fcr das Erscheinungsbild der Schnellen Handbewertung besteht aus Bl\u00f6cken:<\/p>\n\n\n\n<ul class=\"wp-block-list\">\n<li>&#8220;Farben&#8221;(3) &#8211; erm\u00f6glicht es Ihnen, die Farbe f\u00fcr jedes Element in der Reihe der Schnellen Handbewertung anzupassen;<\/li>\n\n\n\n<li>&#8220;Schriftarten&#8221;(4) &#8211; erm\u00f6glicht es Ihnen, die Schriftgr\u00f6\u00dfe f\u00fcr Textelemente in der Reihe der Schnellen Handbewertung anzupassen;<\/li>\n\n\n\n<li>&#8220;Kartengr\u00f6\u00dfe&#8221;(5) &#8211; erm\u00f6glicht es Ihnen, die Gr\u00f6\u00dfe der Kartenbilder in der Reihe der Schnellen Handbewertung anzupassen;<\/li>\n\n\n\n<li>&#8220;Optionen&#8221;(6) &#8211; erm\u00f6glicht es Ihnen, zus\u00e4tzliche Anzeigeeinstellungen zu verwenden, wie zum Beispiel:\n<ul class=\"wp-block-list\">\n<li>&#8220;Einsatzgr\u00f6\u00dfe in BB&#8221; &#8211; \u00e4ndert die Anzeige der Eins\u00e4tze von W\u00e4hrungsbetr\u00e4gen zu Big Blinds;<\/li>\n\n\n\n<li>&#8220;Gewinnbetrag in BB&#8221; &#8211; \u00e4ndert die Anzeige des Gewinn- (Verlust-)betrags von W\u00e4hrungsbetr\u00e4gen zu Big Blinds;<\/li>\n\n\n\n<li>&#8220;Aktionsbetrag anzeigen&#8221; &#8211; aktiviert oder deaktiviert die Anzeige des Gewinn- (Verlust-)betrags;<\/li>\n\n\n\n<li>&#8220;Eff. Stackgr\u00f6\u00dfe anzeigen&#8221; &#8211; aktiviert oder deaktiviert die Anzeige der effektiven Stackgr\u00f6\u00dfe;<\/li>\n\n\n\n<li>&#8220;Pot in scopies&#8221; &#8211; aktiviert oder deaktiviert die Anzeige der Potgr\u00f6\u00dfe in jeder Stra\u00dfe vor den Spieleraktionen &#8211; in Klammern;<\/li>\n\n\n\n<li>&#8220;Eff. Stackgr\u00f6\u00dfe in scopies&#8221; &#8211; aktiviert oder deaktiviert die Anzeige der effektiven Stackgr\u00f6\u00dfe &#8211; in Klammern.<\/li>\n<\/ul>\n<\/li>\n\n\n\n<li>&#8220;Vorschau&#8221;(7) &#8211; Vorschau-Bereich, erm\u00f6glicht es Ihnen, die vorgenommenen \u00c4nderungen in den &#8220;Handansicht&#8221;-Einstellungen zu sehen.<\/li>\n<\/ul>\n\n\n\n<p>So k\u00f6nnen Sie durch den Zugriff auf das Einstellungsmen\u00fc der Schnellen Handbewertung deren Erscheinungsbild an Ihre Vorlieben anpassen. Dies vereinfacht die visuelle Wahrnehmung der &#8220;Handansicht&#8221; und beschleunigt Ihre Entscheidungsfindung an den Tischen, wenn Sie <a href=\"https:\/\/hand2noteguide.com\/de\/user-manual\/the-use-and-possibilities-of-notes-in-hand2note\/\">eingeschlossene H\u00e4nde in Notizen<\/a> verwenden. Dar\u00fcber hinaus vereinfacht diese Einstellung die Suche nach der notwendigen Hand unter vielen durch jedes Schnelle Handbewertungsmen\u00fc.<\/p>\n\n\n\n<p>Siehe auch: <a href=\"https:\/\/hand2note.com\/Help\/Features\/compact-hand-view\" target=\"_blank\" rel=\"noreferrer noopener\">Offizielles Hand2Note-Handbuch: Kompakte Handansicht<\/a>.<\/p>\n","protected":false},"excerpt":{"rendered":"<p>Hand2Note bietet eine praktische textbasierte Handansicht &#8211; Schnelle Handbewertung. Sie ist im Berichte-Bereich, in den Sessions und auch in den Notizen verf\u00fcgbar. Mit der Schnellen Handbewertung k\u00f6nnen Sie schnell die notwendige Hand aus vielen finden und analysieren. Das Erscheinungsbild der Schnellen Handbewertung kann an Ihre pers\u00f6nlichen Vorlieben angepasst werden. In diesem Artikel zeigen wir Ihnen, &hellip; <a href=\"https:\/\/hand2noteguide.com\/de\/user-manual\/setting-up-a-quick-hand-preview-hand-view\/\" class=\"more-link\">Continue reading <span class=\"screen-reader-text\">Schnelle Handbewertungs-Einrichtung<\/span><\/a><\/p>\n","protected":false},"author":3,"featured_media":12745,"parent":9199,"menu_order":0,"comment_status":"closed","ping_status":"closed","template":"","meta":{"footnotes":""},"class_list":["post-12655","page","type-page","status-publish","has-post-thumbnail","hentry"],"translation":{"provider":"WPGlobus","version":"3.0.2","language":"de","enabled_languages":["en","ru","pt","zh","es","fr","de","it","ja"],"languages":{"en":{"title":true,"content":true,"excerpt":false},"ru":{"title":true,"content":true,"excerpt":false},"pt":{"title":true,"content":true,"excerpt":false},"zh":{"title":true,"content":true,"excerpt":false},"es":{"title":true,"content":true,"excerpt":false},"fr":{"title":true,"content":true,"excerpt":false},"de":{"title":true,"content":true,"excerpt":false},"it":{"title":true,"content":true,"excerpt":false},"ja":{"title":true,"content":true,"excerpt":false}}},"yoast_head":"<!-- This site is optimized with the Yoast SEO plugin v27.0 - https:\/\/yoast.com\/product\/yoast-seo-wordpress\/ -->\n<title>Schnelle Handbewertungs-Einrichtung in Hand2Note<\/title>\n<meta name=\"description\" content=\"Passen Sie das Erscheinungsbild der Schnellen Handbewertung in Hand2Note an, um die Analyse und Entscheidungsfindung am Tisch zu erleichtern. Erfahren Sie, wie Sie Stile und Optionen \u00e4ndern k\u00f6nnen.\" \/>\n<meta name=\"robots\" content=\"index, follow, max-snippet:-1, max-image-preview:large, max-video-preview:-1\" \/>\n<link rel=\"canonical\" href=\"https:\/\/hand2noteguide.com\/user-manual\/setting-up-a-quick-hand-preview-hand-view\/\" \/>\n<meta property=\"og:locale\" content=\"de_DE\" \/>\n<meta property=\"og:type\" content=\"article\" \/>\n<meta property=\"og:title\" content=\"Schnelle Handbewertungs-Einrichtung in Hand2Note\" \/>\n<meta property=\"og:description\" content=\"Passen Sie das Erscheinungsbild der Schnellen Handbewertung in Hand2Note an, um die Analyse und Entscheidungsfindung am Tisch zu erleichtern. Erfahren Sie, wie Sie Stile und Optionen \u00e4ndern k\u00f6nnen.\" \/>\n<meta property=\"og:url\" content=\"https:\/\/hand2noteguide.com\/user-manual\/setting-up-a-quick-hand-preview-hand-view\/\" \/>\n<meta property=\"og:site_name\" content=\"Hand2Note Guide\" \/>\n<meta property=\"article:modified_time\" content=\"2026-03-10T08:32:47+00:00\" \/>\n<meta property=\"og:image\" content=\"https:\/\/hand2noteguide.com\/wp-content\/uploads\/2025\/06\/\u0411\u0435\u0437-\u0438\u043c\u0435\u043d\u0438-5.jpg\" \/>\n\t<meta property=\"og:image:width\" content=\"1920\" \/>\n\t<meta property=\"og:image:height\" content=\"1080\" \/>\n\t<meta property=\"og:image:type\" content=\"image\/jpeg\" \/>\n<meta name=\"twitter:card\" content=\"summary_large_image\" \/>\n<meta name=\"twitter:label1\" content=\"Est. reading time\" \/>\n\t<meta name=\"twitter:data1\" content=\"3 minutes\" \/>\n<!-- \/ Yoast SEO plugin. -->","yoast_head_json":{"title":"Schnelle Handbewertungs-Einrichtung in Hand2Note","description":"Passen Sie das Erscheinungsbild der Schnellen Handbewertung in Hand2Note an, um die Analyse und Entscheidungsfindung am Tisch zu erleichtern. Erfahren Sie, wie Sie Stile und Optionen \u00e4ndern k\u00f6nnen.","robots":{"index":"index","follow":"follow","max-snippet":"max-snippet:-1","max-image-preview":"max-image-preview:large","max-video-preview":"max-video-preview:-1"},"canonical":"https:\/\/hand2noteguide.com\/user-manual\/setting-up-a-quick-hand-preview-hand-view\/","og_locale":"de_DE","og_type":"article","og_title":"Schnelle Handbewertungs-Einrichtung in Hand2Note","og_description":"Passen Sie das Erscheinungsbild der Schnellen Handbewertung in Hand2Note an, um die Analyse und Entscheidungsfindung am Tisch zu erleichtern. Erfahren Sie, wie Sie Stile und Optionen \u00e4ndern k\u00f6nnen.","og_url":"https:\/\/hand2noteguide.com\/user-manual\/setting-up-a-quick-hand-preview-hand-view\/","og_site_name":"Hand2Note Guide","article_modified_time":"2026-03-10T08:32:47+00:00","og_image":[{"width":1920,"height":1080,"url":"https:\/\/hand2noteguide.com\/wp-content\/uploads\/2025\/06\/\u0411\u0435\u0437-\u0438\u043c\u0435\u043d\u0438-5.jpg","type":"image\/jpeg"}],"twitter_card":"summary_large_image","twitter_misc":{"Est. reading time":"3 minutes"},"schema":{"@context":"https:\/\/schema.org","@graph":[]}},"jetpack_sharing_enabled":true,"_links":{"self":[{"href":"https:\/\/hand2noteguide.com\/de\/wp-json\/wp\/v2\/pages\/12655","targetHints":{"allow":["GET"]}}],"collection":[{"href":"https:\/\/hand2noteguide.com\/de\/wp-json\/wp\/v2\/pages"}],"about":[{"href":"https:\/\/hand2noteguide.com\/de\/wp-json\/wp\/v2\/types\/page"}],"author":[{"embeddable":true,"href":"https:\/\/hand2noteguide.com\/de\/wp-json\/wp\/v2\/users\/3"}],"replies":[{"embeddable":true,"href":"https:\/\/hand2noteguide.com\/de\/wp-json\/wp\/v2\/comments?post=12655"}],"version-history":[{"count":53,"href":"https:\/\/hand2noteguide.com\/de\/wp-json\/wp\/v2\/pages\/12655\/revisions"}],"predecessor-version":[{"id":15634,"href":"https:\/\/hand2noteguide.com\/de\/wp-json\/wp\/v2\/pages\/12655\/revisions\/15634"}],"up":[{"embeddable":true,"href":"https:\/\/hand2noteguide.com\/de\/wp-json\/wp\/v2\/pages\/9199"}],"wp:featuredmedia":[{"embeddable":true,"href":"https:\/\/hand2noteguide.com\/de\/wp-json\/wp\/v2\/media\/12745"}],"wp:attachment":[{"href":"https:\/\/hand2noteguide.com\/de\/wp-json\/wp\/v2\/media?parent=12655"}],"curies":[{"name":"wp","href":"https:\/\/api.w.org\/{rel}","templated":true}]}}