{"id":12875,"date":"2025-06-02T21:40:43","date_gmt":"2025-06-02T18:40:43","guid":{"rendered":"https:\/\/hand2noteguide.com\/?page_id=12875"},"modified":"2026-02-20T17:34:14","modified_gmt":"2026-02-20T14:34:14","slug":"hand2note-3-free-version-is-gone-what-now","status":"publish","type":"page","link":"https:\/\/hand2noteguide.com\/de\/hand2note-3-free-version-is-gone-what-now\/","title":{"rendered":"Hand2Note 3 Kostenlose Version ist weg \u2013 Was nun?"},"content":{"rendered":"\n<p><strong>Am 29. Mai 2025<\/strong> wurde die <strong>kostenlose (Basis-)Version von Hand2Note 3 offiziell eingestellt<\/strong> \ud83e\udd7a. Nach vielen Jahren im Dienst ist dieses vertrauensw\u00fcrdige Tool f\u00fcr neue oder bestehende Nutzer nicht mehr verf\u00fcgbar. Diese Entscheidung wurde vom Hand2Note-Team getroffen, und leider wird die kostenlose Version nicht zur\u00fcckkehren.<\/p>\n\n\n\n<p>Die <strong>kostenlose Version von Hand2Note<\/strong> war jahrelang ein fester Bestandteil der Pokerwelt. Tausende von Spielern verlie\u00dfen sich t\u00e4glich darauf \u2014 von kleinen Stakes-Grindern bis hin zu ernsthaften Regulars. Es war leicht, leistungsstark und vor allem \u2014 kostenlos. Wir verstehen, wie gro\u00df diese Ver\u00e4nderung ist. Viele Spieler haben ihre Routine und Spielanalyse um Hand2Note herum aufgebaut, und der Verlust dieses Tools ist frustrierend.<\/p>\n\n\n\n<p>Als <strong>offizieller Hand2Note-Wiederverk\u00e4ufer<\/strong> m\u00f6chten wir transparent sein: Dies war <strong>nicht unsere Entscheidung<\/strong>, und wir haben <strong>keine Kontrolle<\/strong> dar\u00fcber. Was wir <em>tun k\u00f6nnen<\/em>, ist, Ihnen zu helfen, voranzukommen. Unten sind zwei klare Wege, die Sie von hier aus gehen k\u00f6nnen:<\/p>\n\n\n\n<h2 class=\"wp-block-heading\">\u2705 Option 1: Holen Sie sich Hand2Note 3 PRO oder Hand2Note 4 mit Rabatt<\/h2>\n\n\n\n<p>Wenn Ihnen die kostenlose Version gefallen hat, werden Sie die vollst\u00e4ndige PRO-Version lieben. Sie k\u00f6nnen entweder auf <strong>Hand2Note 3 PRO<\/strong> oder das neue <a href=\"https:\/\/hand2noteguide.com\/de\/hand2note-4-getting-started\/\"><strong>Hand2Note 4<\/strong><\/a> mit unserem exklusiven <a href=\"https:\/\/hand2noteguide.com\/de\/promo\/\"><strong>GUIDE10-Promo-Code<\/strong><\/a> upgraden.<\/p>\n\n\n\n<p>Wenn Sie \u00fcber uns kaufen, erhalten Sie:<\/p>\n\n\n\n<ul class=\"wp-block-list\">\n<li>\ud83c\udfaf <strong>10% Rabatt<\/strong> auf jedes Abonnement<\/li>\n\n\n\n<li>\ud83c\udf81 <a href=\"https:\/\/hand2noteguide.com\/de\/hud-store\/simple-cash-pack-for-free\/\"><strong>Kostenloses Premium-HUD-Paket<\/strong><\/a><\/li>\n\n\n\n<li>\ud83d\udcf9 <a href=\"https:\/\/hand2noteguide.com\/de\/video-course\/\"><strong>Kostenloser Videokurs<\/strong><\/a>, um Ihnen zu helfen, die Software schnell zu meistern<\/li>\n<\/ul>\n\n\n\n<p>Hier sind die aktuellen Abonnementoptionen:<\/p>\n\n\n\n<ul class=\"wp-block-list\">\n<li><strong>1\ufe0f\u20e3 Hand2Note 3 PRO<\/strong> \u2013 59,90 $\/Monat oder 588 $\/Jahr<br>Mit unserem Rabatt: <strong>53,90 $\/Monat<\/strong> oder <strong>529,20 $\/Jahr<\/strong><\/li>\n\n\n\n<li><strong>2\ufe0f\u20e3 Hand2Note 4 PRO<\/strong> \u2013 59,90 $\/Monat oder 588 $\/Jahr<br>Mit unserem Rabatt: <strong>53,90 $\/Monat<\/strong> oder <strong>529,20 $\/Jahr<\/strong><\/li>\n\n\n\n<li><strong>3\ufe0f\u20e3 Hand2Note 4 Learner<\/strong> \u2013 19,90 $\/Monat oder 192 $\/Jahr<br>Mit unserem Rabatt: <strong>17,90 $\/Monat<\/strong> oder <strong>172,70 $\/Jahr<\/strong><\/li>\n<\/ul>\n\n\n\n<p><em>Hinweis:<\/em> Learner ist ein neuer Lizenztyp, der f\u00fcr Mikro-Stakes (bis zu NL25 oder 20 $ Buy-ins) entwickelt wurde und ein Limit von 200.000 H\u00e4nden in der Datenbank umfasst.<\/p>\n\n\n\n<p>Dies ist die beste Wahl, wenn Sie weiterhin das gleiche Toolset verwenden m\u00f6chten \u2014 jetzt mit vollem Zugriff, besseren Statistiken und Premium-Support.<\/p>\n\n\n\n<p style=\"margin-top:24px\">\n  <a href=\"https:\/\/hand2note3.hand2note.com\/\" class=\"article-action-link\" target=\"_blank\" rel=\"noopener\">\n     \ud83d\udfe2 Holen Sie sich Hand2Note 3 \u2192\n  <\/a>\n  <a href=\"https:\/\/hand2noteguide.com\/de\/go\/hand2note\/\" class=\"article-action-link\" target=\"_blank\" rel=\"sponsored noopener\">\n     \ud83d\udd35 Holen Sie sich Hand2Note 4 \u2192\n  <\/a>\n<\/p>\n\n\n\n<h2 class=\"wp-block-heading\">\u2705 Option 2: Probieren Sie alternative <a href=\"https:\/\/hand2noteguide.com\/de\/poker\/5-best-online-poker-software\/\">Poker-Software<\/a> aus<\/h2>\n\n\n\n<p>Wenn Sie das Gef\u00fchl haben, dass es Zeit ist, sich von Hand2Note zu verabschieden \u2014 wir verstehen das. Vielleicht m\u00f6chten Sie einen Neuanfang oder eine andere Erfahrung. Es gibt mehrere Alternativen auf dem Markt, und viele Spieler erkunden auch andere Optionen.<\/p>\n\n\n\n<p>Wir respektieren diesen Weg vollkommen. Sie sollten die Tools verwenden, die am besten zu Ihrem pers\u00f6nlichen Stil, Budget und Ihren Zielen passen.<\/p>\n\n\n\n<h2 class=\"wp-block-heading\">Abschlie\u00dfende Gedanken<\/h2>\n\n\n\n<p>Wir bedauern wirklich, dass die kostenlose Version von Hand2Note 3 eingestellt wird. Es war ein zuverl\u00e4ssiges und beliebtes Tool \u00fcber viele Jahre, und seine Einstellung hinterl\u00e4sst eine L\u00fccke in der Poker-Software-Welt.<\/p>\n\n\n\n<p>Aber wir hoffen, dass die hier geteilten Optionen Ihnen helfen, voranzukommen. Egal, ob Sie upgraden, zu CoinPoker wechseln oder etwas anderes ausprobieren \u2014 wir w\u00fcnschen Ihnen alles Gute.<\/p>\n\n\n\n<p><strong>W\u00e4hlen Sie, was am besten f\u00fcr Sie funktioniert, und viel Gl\u00fcck auf Ihrer Pokerreise!<\/strong><\/p>\n\n\n\n<p><\/p>\n","protected":false},"excerpt":{"rendered":"<p>Am 29. Mai 2025 wurde die kostenlose (Basis-)Version von Hand2Note 3 offiziell eingestellt \ud83e\udd7a. Nach vielen Jahren im Dienst ist dieses vertrauensw\u00fcrdige Tool f\u00fcr neue oder bestehende Nutzer nicht mehr verf\u00fcgbar. Diese Entscheidung wurde vom Hand2Note-Team getroffen, und leider wird die kostenlose Version nicht zur\u00fcckkehren. Die kostenlose Version von Hand2Note war jahrelang ein fester Bestandteil &hellip; <a href=\"https:\/\/hand2noteguide.com\/de\/hand2note-3-free-version-is-gone-what-now\/\" class=\"more-link\">Continue reading <span class=\"screen-reader-text\">Hand2Note 3 Kostenlose Version ist weg \u2013 Was nun?<\/span><\/a><\/p>\n","protected":false},"author":1,"featured_media":12894,"parent":0,"menu_order":0,"comment_status":"closed","ping_status":"closed","template":"","meta":{"footnotes":""},"class_list":["post-12875","page","type-page","status-publish","has-post-thumbnail","hentry"],"translation":{"provider":"WPGlobus","version":"3.0.2","language":"de","enabled_languages":["en","ru","pt","zh","es","fr","de","it","ja"],"languages":{"en":{"title":true,"content":true,"excerpt":false},"ru":{"title":true,"content":true,"excerpt":false},"pt":{"title":true,"content":true,"excerpt":false},"zh":{"title":true,"content":true,"excerpt":false},"es":{"title":true,"content":true,"excerpt":false},"fr":{"title":true,"content":true,"excerpt":false},"de":{"title":true,"content":true,"excerpt":false},"it":{"title":true,"content":true,"excerpt":false},"ja":{"title":true,"content":true,"excerpt":false}}},"yoast_head":"<!-- This site is optimized with the Yoast SEO plugin v27.0 - https:\/\/yoast.com\/product\/yoast-seo-wordpress\/ -->\n<title>Hand2Note 3 Kostenlose Version ist weg \u2013 Was nun?<\/title>\n<meta name=\"description\" content=\"Die kostenlose Version von Hand2Note 3 ist nicht mehr verf\u00fcgbar. Sehen Sie Ihre Optionen: Upgrade mit Rabatt, PRO \u00fcber CoinPoker erhalten oder Alternativen erkunden.\" \/>\n<meta name=\"robots\" content=\"index, follow, max-snippet:-1, max-image-preview:large, max-video-preview:-1\" \/>\n<link rel=\"canonical\" href=\"https:\/\/hand2noteguide.com\/fr\/hand2note-3-free-version-is-gone-what-now\/\" \/>\n<meta property=\"og:locale\" content=\"de_DE\" \/>\n<meta property=\"og:type\" content=\"article\" \/>\n<meta property=\"og:title\" content=\"Hand2Note 3 Kostenlose Version ist weg \u2013 Was nun?\" \/>\n<meta property=\"og:description\" content=\"Die kostenlose Version von Hand2Note 3 ist nicht mehr verf\u00fcgbar. Sehen Sie Ihre Optionen: Upgrade mit Rabatt, PRO \u00fcber CoinPoker erhalten oder Alternativen erkunden.\" \/>\n<meta property=\"og:url\" content=\"https:\/\/hand2noteguide.com\/fr\/hand2note-3-free-version-is-gone-what-now\/\" \/>\n<meta property=\"og:site_name\" content=\"Hand2Note Guide\" \/>\n<meta property=\"article:modified_time\" content=\"2026-02-20T14:34:14+00:00\" \/>\n<meta property=\"og:image\" content=\"https:\/\/hand2noteguide.com\/wp-content\/uploads\/2025\/06\/free-hand2note-is-over.webp\" \/>\n\t<meta property=\"og:image:width\" content=\"1212\" \/>\n\t<meta property=\"og:image:height\" content=\"843\" \/>\n\t<meta property=\"og:image:type\" content=\"image\/webp\" \/>\n<meta name=\"twitter:card\" content=\"summary_large_image\" \/>\n<meta name=\"twitter:label1\" content=\"Est. reading time\" \/>\n\t<meta name=\"twitter:data1\" content=\"3 minutes\" \/>\n<!-- \/ Yoast SEO plugin. -->","yoast_head_json":{"title":"Hand2Note 3 Kostenlose Version ist weg \u2013 Was nun?","description":"Die kostenlose Version von Hand2Note 3 ist nicht mehr verf\u00fcgbar. Sehen Sie Ihre Optionen: Upgrade mit Rabatt, PRO \u00fcber CoinPoker erhalten oder Alternativen erkunden.","robots":{"index":"index","follow":"follow","max-snippet":"max-snippet:-1","max-image-preview":"max-image-preview:large","max-video-preview":"max-video-preview:-1"},"canonical":"https:\/\/hand2noteguide.com\/fr\/hand2note-3-free-version-is-gone-what-now\/","og_locale":"de_DE","og_type":"article","og_title":"Hand2Note 3 Kostenlose Version ist weg \u2013 Was nun?","og_description":"Die kostenlose Version von Hand2Note 3 ist nicht mehr verf\u00fcgbar. Sehen Sie Ihre Optionen: Upgrade mit Rabatt, PRO \u00fcber CoinPoker erhalten oder Alternativen erkunden.","og_url":"https:\/\/hand2noteguide.com\/fr\/hand2note-3-free-version-is-gone-what-now\/","og_site_name":"Hand2Note Guide","article_modified_time":"2026-02-20T14:34:14+00:00","og_image":[{"width":1212,"height":843,"url":"https:\/\/hand2noteguide.com\/wp-content\/uploads\/2025\/06\/free-hand2note-is-over.webp","type":"image\/webp"}],"twitter_card":"summary_large_image","twitter_misc":{"Est. reading time":"3 minutes"},"schema":{"@context":"https:\/\/schema.org","@graph":[]}},"jetpack_sharing_enabled":true,"_links":{"self":[{"href":"https:\/\/hand2noteguide.com\/de\/wp-json\/wp\/v2\/pages\/12875","targetHints":{"allow":["GET"]}}],"collection":[{"href":"https:\/\/hand2noteguide.com\/de\/wp-json\/wp\/v2\/pages"}],"about":[{"href":"https:\/\/hand2noteguide.com\/de\/wp-json\/wp\/v2\/types\/page"}],"author":[{"embeddable":true,"href":"https:\/\/hand2noteguide.com\/de\/wp-json\/wp\/v2\/users\/1"}],"replies":[{"embeddable":true,"href":"https:\/\/hand2noteguide.com\/de\/wp-json\/wp\/v2\/comments?post=12875"}],"version-history":[{"count":43,"href":"https:\/\/hand2noteguide.com\/de\/wp-json\/wp\/v2\/pages\/12875\/revisions"}],"predecessor-version":[{"id":15068,"href":"https:\/\/hand2noteguide.com\/de\/wp-json\/wp\/v2\/pages\/12875\/revisions\/15068"}],"wp:featuredmedia":[{"embeddable":true,"href":"https:\/\/hand2noteguide.com\/de\/wp-json\/wp\/v2\/media\/12894"}],"wp:attachment":[{"href":"https:\/\/hand2noteguide.com\/de\/wp-json\/wp\/v2\/media?parent=12875"}],"curies":[{"name":"wp","href":"https:\/\/api.w.org\/{rel}","templated":true}]}}