{"id":13653,"date":"2025-06-18T12:19:21","date_gmt":"2025-06-18T09:19:21","guid":{"rendered":"https:\/\/hand2noteguide.com\/?page_id=13653"},"modified":"2026-03-10T11:36:18","modified_gmt":"2026-03-10T08:36:18","slug":"hud-editor-creating-a-positional-hud","status":"publish","type":"page","link":"https:\/\/hand2noteguide.com\/de\/user-manual\/hud-editor-creating-a-positional-hud\/","title":{"rendered":"HUD-Editor Teil 3: Erstellen eines Positions-HUD"},"content":{"rendered":"\n<p>Neben <a href=\"https:\/\/hand2noteguide.com\/de\/user-manual\/hud-editor-creating-a-static-hud\/\">statischen HUD-Panels<\/a> erm\u00f6glicht Hand2Note, ihnen positionsbezogene Eigenschaften zuzuweisen. Diese helfen, Platz an den Tischen zu sparen und die HUD-Fenster ergonomischer zu gestalten. Sie erm\u00f6glichen auch die automatische \u00c4nderung der Stat-Anzeigen im HUD zu relevanteren, aus der Perspektive der <a href=\"https:\/\/hand2noteguide.com\/de\/poker\/poker-positions\/\">Spielerpositionen an den Tischen<\/a>.<\/p>\n\n\n\n<p>In diesem Artikel zeigen wir Ihnen, wie Sie positionsbezogene Eigenschaften auf das HUD anwenden, das wir zuvor im Artikel <a href=\"https:\/\/hand2noteguide.com\/de\/user-manual\/hud-editor-creating-a-static-hud\/\">HUD-Editor: Erstellen eines statischen HUDs<\/a> erstellt haben. Dies wird helfen, es kompakter zu machen und die angezeigten Informationen aus der Perspektive der Spielerpositionen am Tisch relevanter zu gestalten.<\/p>\n\n\n\n<h2 class=\"wp-block-heading\">Plan zur Erstellung eines Positions-HUDs<\/h2>\n\n\n\n<p>Zuvor haben wir ein HUD erstellt, bei dem das Set von Stats folgenderma\u00dfen aussieht:<\/p>\n\n\n\n<figure class=\"wp-block-image size-large\"><img loading=\"lazy\" decoding=\"async\" width=\"1024\" height=\"576\" src=\"https:\/\/hand2noteguide.com\/wp-content\/uploads\/2025\/06\/static-hud-1024x576.jpg\" alt=\"\" class=\"wp-image-14045\" srcset=\"https:\/\/hand2noteguide.com\/wp-content\/uploads\/2025\/06\/static-hud-1024x576.jpg 1024w, https:\/\/hand2noteguide.com\/wp-content\/uploads\/2025\/06\/static-hud-300x169.jpg 300w, https:\/\/hand2noteguide.com\/wp-content\/uploads\/2025\/06\/static-hud-768x432.jpg 768w, https:\/\/hand2noteguide.com\/wp-content\/uploads\/2025\/06\/static-hud-1536x864.jpg 1536w, https:\/\/hand2noteguide.com\/wp-content\/uploads\/2025\/06\/static-hud-772x434.jpg 772w, https:\/\/hand2noteguide.com\/wp-content\/uploads\/2025\/06\/static-hud-624x351.jpg 624w, https:\/\/hand2noteguide.com\/wp-content\/uploads\/2025\/06\/static-hud.jpg 1920w\" sizes=\"auto, (max-width: 1024px) 100vw, 1024px\" \/><\/figure>\n\n\n\n<ul class=\"wp-block-list\">\n<li>Erste Zeile des HUDs, Stats in der Reihenfolge von links nach rechts: &#8220;VPIP&#8221;, &#8220;PFR&#8221;, &#8220;Fold to 3Bet&#8221;, &#8220;<a href=\"https:\/\/hand2noteguide.com\/de\/poker\/poker-hud-stats\/3bet-in-poker\/\">3Bet<\/a>&#8220;, &#8220;Fold to 4Bet&#8221;, &#8220;4Bet Range&#8221;;<\/li>\n\n\n\n<li>Zweite Zeile des HUDs, Stats in der Reihenfolge von links nach rechts: &#8220;WTSD%&#8221;, &#8220;WWSF%&#8221;, &#8220;WonSD%&#8221;, &#8220;Aggression Frq Flop%&#8221;, &#8220;Aggression Frq Turn%&#8221;, &#8220;Aggression Frq River%&#8221;;<\/li>\n\n\n\n<li>Dritte Zeile des HUDs, Stats in der Reihenfolge von links nach rechts: Gesamtanzahl der H\u00e4nde (&#8220;Hands&#8221;), &#8220;Winrate bb\/100&#8221;.<\/li>\n<\/ul>\n\n\n\n<p>In diesem Artikel werden wir das Set von Stats und deren Anzeigevariation im HUD wie folgt bearbeiten:<\/p>\n\n\n\n<ul class=\"wp-block-list\">\n<li>Erste Zeile des HUDs, Stats in der Reihenfolge von links nach rechts: &#8220;VPIP&#8221;, &#8220;PFR&#8221;, &#8220;Fold to 3Bet&#8221;, &#8220;3Bet&#8221;, &#8220;Fold to 4Bet&#8221;, &#8220;4Bet Range&#8221;;<\/li>\n\n\n\n<li>Zweite Zeile des HUDs, Stats in der Reihenfolge von links nach rechts: &#8220;WTSD%&#8221;, &#8220;WWSF%&#8221;, &#8220;WonSD%&#8221;, &#8220;Aggression Frq Flop%&#8221;, &#8220;Aggression Frq Turn%&#8221;, &#8220;Aggression Frq River%&#8221;;<\/li>\n\n\n\n<li><strong>Die dritte (neue) Zeile des HUDs wird positionsbezogene Anzeigebedingungen verwenden und Stats &#8220;RFI UTG&#8221;, &#8220;RFI EP&#8221;, &#8220;RFI MP&#8221;, &#8220;RFI CO&#8221;, &#8220;RFI BTN&#8221;, &#8220;RFI SB&#8221;, &#8220;Fold to 3Bet IP postflop&#8221;, &#8220;Fold to 3Bet OOP postflop&#8221; &#8211; entsprechend den Positionen des Spielers und des Helden &#8211; gleichzeitig anzeigen;<\/strong><\/li>\n\n\n\n<li>Vierte Zeile des HUDs, Stats in der Reihenfolge von links nach rechts: Gesamtanzahl der H\u00e4nde (&#8220;Hands&#8221;), &#8220;Winrate bb\/100&#8221;.<\/li>\n<\/ul>\n\n\n\n<h2 class=\"wp-block-heading\">Anwenden von positionsbezogenen Anzeigebedingungen<\/h2>\n\n\n\n<p>F\u00fcgen Sie zuerst eine neue Zeile zum HUD hinzu. Alle notwendigen Stats wurden zuvor im <a href=\"https:\/\/hand2noteguide.com\/de\/user-manual\/creating-a-simple-stat-continued-bet-on-the-river-in-a-3bet-pot-position\/\">Stat-Editor<\/a> erstellt.<\/p>\n\n\n\n<figure class=\"wp-block-image size-large\"><img loading=\"lazy\" decoding=\"async\" width=\"1024\" height=\"576\" src=\"http:\/\/hand2noteguide.com\/wp-content\/uploads\/2025\/06\/\u0411\u0435\u0437-\u0438\u043c\u0435\u043d\u0438-14-2-1024x576.jpg\" alt=\"\" class=\"wp-image-13707\" srcset=\"https:\/\/hand2noteguide.com\/wp-content\/uploads\/2025\/06\/\u0411\u0435\u0437-\u0438\u043c\u0435\u043d\u0438-14-2-1024x576.jpg 1024w, https:\/\/hand2noteguide.com\/wp-content\/uploads\/2025\/06\/\u0411\u0435\u0437-\u0438\u043c\u0435\u043d\u0438-14-2-300x169.jpg 300w, https:\/\/hand2noteguide.com\/wp-content\/uploads\/2025\/06\/\u0411\u0435\u0437-\u0438\u043c\u0435\u043d\u0438-14-2-768x432.jpg 768w, https:\/\/hand2noteguide.com\/wp-content\/uploads\/2025\/06\/\u0411\u0435\u0437-\u0438\u043c\u0435\u043d\u0438-14-2-1536x864.jpg 1536w, https:\/\/hand2noteguide.com\/wp-content\/uploads\/2025\/06\/\u0411\u0435\u0437-\u0438\u043c\u0435\u043d\u0438-14-2-772x434.jpg 772w, https:\/\/hand2noteguide.com\/wp-content\/uploads\/2025\/06\/\u0411\u0435\u0437-\u0438\u043c\u0435\u043d\u0438-14-2-624x351.jpg 624w, https:\/\/hand2noteguide.com\/wp-content\/uploads\/2025\/06\/\u0411\u0435\u0437-\u0438\u043c\u0435\u043d\u0438-14-2.jpg 1920w\" sizes=\"auto, (max-width: 1024px) 100vw, 1024px\" \/><figcaption class=\"wp-element-caption\">Aussehen des HUDs im Replayer mit den neuen Stats in der dritten Zeile:<\/figcaption><\/figure>\n\n\n\n<p>Nun m\u00fcssen wir positionsbezogene Eigenschaften f\u00fcr die Zellen in der dritten Zeile festlegen. Bestimmen Sie dazu zuerst, welche Zelle mit welchem Stat erscheinen soll und unter welchen Bedingungen:<\/p>\n\n\n\n<ul class=\"wp-block-list\">\n<li>Zelle mit dem Stat &#8220;RFI UTG&#8221; &#8211; wenn der Spieler in der &#8220;UTG&#8221;-Position ist;<\/li>\n\n\n\n<li>Zelle mit dem Stat &#8220;RFI EP&#8221; &#8211; wenn der Spieler in der &#8220;EP&#8221;-Position ist;<\/li>\n\n\n\n<li>Zelle mit dem Stat &#8220;RFI MP&#8221; &#8211; wenn der Spieler in der &#8220;MP&#8221;-Position ist;<\/li>\n\n\n\n<li>Zelle mit dem Stat &#8220;RFI CO&#8221; &#8211; wenn der Spieler in der &#8220;CO&#8221;-Position ist;<\/li>\n\n\n\n<li>Zelle mit dem Stat &#8220;RFI BTN&#8221; &#8211; wenn der Spieler in der &#8220;BTN&#8221;-Position ist;<\/li>\n\n\n\n<li>Zelle mit dem Stat &#8220;RFI SB&#8221; &#8211; wenn der Spieler in der &#8220;SB&#8221;-Position ist;<\/li>\n\n\n\n<li>Zelle mit dem Stat &#8220;Fold to 3Bet IP postflop&#8221; &#8211; wenn der Spieler in einer Position ist, die es ihm erm\u00f6glicht, in Position auf dem Flop, Turn oder River gegen den Helden zu sein;<\/li>\n\n\n\n<li>Zelle mit dem Stat &#8220;Fold to 3Bet OOP postflop&#8221; &#8211; wenn der Spieler in einer Position ist, die es ihm erm\u00f6glicht, au\u00dfer Position auf dem Flop, Turn oder River gegen den Helden zu sein.<\/li>\n<\/ul>\n\n\n\n<p>Um die Spielerposition als Anzeigevoraussetzung f\u00fcr die Zellen festzulegen, gehen Sie zum &#8220;HUD Editor&#8221; und w\u00e4hlen Sie die Zelle mit dem notwendigen Stat (z.B. &#8220;RFI UTG&#8221;) mit der linken Maustaste aus (1).<\/p>\n\n\n\n<figure class=\"wp-block-image size-large\"><img loading=\"lazy\" decoding=\"async\" width=\"1024\" height=\"576\" src=\"http:\/\/hand2noteguide.com\/wp-content\/uploads\/2025\/06\/\u0411\u0435\u0437-\u0438\u043c\u0435\u043d\u0438-15-1-1024x576.jpg\" alt=\"\" class=\"wp-image-13711\" srcset=\"https:\/\/hand2noteguide.com\/wp-content\/uploads\/2025\/06\/\u0411\u0435\u0437-\u0438\u043c\u0435\u043d\u0438-15-1-1024x576.jpg 1024w, https:\/\/hand2noteguide.com\/wp-content\/uploads\/2025\/06\/\u0411\u0435\u0437-\u0438\u043c\u0435\u043d\u0438-15-1-300x169.jpg 300w, https:\/\/hand2noteguide.com\/wp-content\/uploads\/2025\/06\/\u0411\u0435\u0437-\u0438\u043c\u0435\u043d\u0438-15-1-768x432.jpg 768w, https:\/\/hand2noteguide.com\/wp-content\/uploads\/2025\/06\/\u0411\u0435\u0437-\u0438\u043c\u0435\u043d\u0438-15-1-1536x864.jpg 1536w, https:\/\/hand2noteguide.com\/wp-content\/uploads\/2025\/06\/\u0411\u0435\u0437-\u0438\u043c\u0435\u043d\u0438-15-1-772x434.jpg 772w, https:\/\/hand2noteguide.com\/wp-content\/uploads\/2025\/06\/\u0411\u0435\u0437-\u0438\u043c\u0435\u043d\u0438-15-1-624x351.jpg 624w, https:\/\/hand2noteguide.com\/wp-content\/uploads\/2025\/06\/\u0411\u0435\u0437-\u0438\u043c\u0435\u043d\u0438-15-1.jpg 1920w\" sizes=\"auto, (max-width: 1024px) 100vw, 1024px\" \/><\/figure>\n\n\n\n<p>Als n\u00e4chstes finden Sie im Men\u00fc auf der rechten Seite den Parameter &#8220;Show when player position is:&#8221; und geben Sie die notwendigen Spielerpositionen an (2) (z.B. von UTG1 bis UTG4).<\/p>\n\n\n\n<p>Wiederholen Sie die Aktion mit jeder Zelle, die RFI-Stats enth\u00e4lt, und weisen Sie ihnen Positionen entsprechend den Positionen der RFI-Stats in den Zellen selbst zu.<\/p>\n\n\n\n<p>Um Anzeigeparameter f\u00fcr die Zelle mit dem Stat &#8220;Fold to 3Bet IP postflop&#8221; festzulegen, w\u00e4hlen Sie diese mit der linken Maustaste aus (1).<\/p>\n\n\n\n<figure class=\"wp-block-image size-large\"><img loading=\"lazy\" decoding=\"async\" width=\"1024\" height=\"576\" src=\"http:\/\/hand2noteguide.com\/wp-content\/uploads\/2025\/06\/\u0411\u0435\u0437-\u0438\u043c\u0435\u043d\u0438-16-2-1024x576.jpg\" alt=\"\" class=\"wp-image-13712\" srcset=\"https:\/\/hand2noteguide.com\/wp-content\/uploads\/2025\/06\/\u0411\u0435\u0437-\u0438\u043c\u0435\u043d\u0438-16-2-1024x576.jpg 1024w, https:\/\/hand2noteguide.com\/wp-content\/uploads\/2025\/06\/\u0411\u0435\u0437-\u0438\u043c\u0435\u043d\u0438-16-2-300x169.jpg 300w, https:\/\/hand2noteguide.com\/wp-content\/uploads\/2025\/06\/\u0411\u0435\u0437-\u0438\u043c\u0435\u043d\u0438-16-2-768x432.jpg 768w, https:\/\/hand2noteguide.com\/wp-content\/uploads\/2025\/06\/\u0411\u0435\u0437-\u0438\u043c\u0435\u043d\u0438-16-2-1536x864.jpg 1536w, https:\/\/hand2noteguide.com\/wp-content\/uploads\/2025\/06\/\u0411\u0435\u0437-\u0438\u043c\u0435\u043d\u0438-16-2-772x434.jpg 772w, https:\/\/hand2noteguide.com\/wp-content\/uploads\/2025\/06\/\u0411\u0435\u0437-\u0438\u043c\u0435\u043d\u0438-16-2-624x351.jpg 624w, https:\/\/hand2noteguide.com\/wp-content\/uploads\/2025\/06\/\u0411\u0435\u0437-\u0438\u043c\u0435\u043d\u0438-16-2.jpg 1920w\" sizes=\"auto, (max-width: 1024px) 100vw, 1024px\" \/><\/figure>\n\n\n\n<p>Dann finden Sie im Men\u00fc auf der rechten Seite den Parameter &#8220;Postflop position relative to hero&#8221; und setzen ihn auf &#8220;In Position&#8221; (2).<\/p>\n\n\n\n<p>Wiederholen Sie die Aktion mit der Zelle, die den Stat &#8220;Fold to 3Bet IP postflop&#8221; enth\u00e4lt, aber setzen Sie jetzt den Parameter &#8220;Postflop position relative to hero&#8221; auf &#8220;Out of Position&#8221;.<\/p>\n\n\n\n<p>Nach Abschluss der Einstellungen k\u00f6nnen Sie das Ergebnis im Replayer mit &#8220;Preview&#8221; ansehen.<\/p>\n\n\n\n<figure class=\"wp-block-image size-large\"><img loading=\"lazy\" decoding=\"async\" width=\"1024\" height=\"576\" src=\"http:\/\/hand2noteguide.com\/wp-content\/uploads\/2025\/06\/\u0411\u0435\u0437-\u0438\u043c\u0435\u043d\u0438-17-2-1024x576.jpg\" alt=\"\" class=\"wp-image-13713\" srcset=\"https:\/\/hand2noteguide.com\/wp-content\/uploads\/2025\/06\/\u0411\u0435\u0437-\u0438\u043c\u0435\u043d\u0438-17-2-1024x576.jpg 1024w, https:\/\/hand2noteguide.com\/wp-content\/uploads\/2025\/06\/\u0411\u0435\u0437-\u0438\u043c\u0435\u043d\u0438-17-2-300x169.jpg 300w, https:\/\/hand2noteguide.com\/wp-content\/uploads\/2025\/06\/\u0411\u0435\u0437-\u0438\u043c\u0435\u043d\u0438-17-2-768x432.jpg 768w, https:\/\/hand2noteguide.com\/wp-content\/uploads\/2025\/06\/\u0411\u0435\u0437-\u0438\u043c\u0435\u043d\u0438-17-2-1536x864.jpg 1536w, https:\/\/hand2noteguide.com\/wp-content\/uploads\/2025\/06\/\u0411\u0435\u0437-\u0438\u043c\u0435\u043d\u0438-17-2-772x434.jpg 772w, https:\/\/hand2noteguide.com\/wp-content\/uploads\/2025\/06\/\u0411\u0435\u0437-\u0438\u043c\u0435\u043d\u0438-17-2-624x351.jpg 624w, https:\/\/hand2noteguide.com\/wp-content\/uploads\/2025\/06\/\u0411\u0435\u0437-\u0438\u043c\u0435\u043d\u0438-17-2.jpg 1920w\" sizes=\"auto, (max-width: 1024px) 100vw, 1024px\" \/><\/figure>\n\n\n\n<p>Jetzt sind in der dritten Zeile nicht mehr als zwei Stats sichtbar. Der erste Stat links zeigt RFI entsprechend der Position, die der Spieler einnimmt. Der zweite Stat zeigt Fold to 3Bet, entsprechend der Position, die der Spieler auf dem Flop, Turn oder River gegen den Helden einnehmen kann (in Position &#8211; IP, oder au\u00dfer Position &#8211; OOP).<\/p>\n\n\n\n<p>Da wir allgemeine und positionsbezogene Anzeigeeigenschaften f\u00fcr die HUD-Zellen oder -Panels verwendet haben, ist unser HUD positionsbezogen.<\/p>\n\n\n\n<h2 class=\"wp-block-heading\">Fazit<\/h2>\n\n\n\n<p>So k\u00f6nnen Sie Platz an den Tischen sparen und die HUD-Fenster ergonomischer gestalten. Au\u00dferdem k\u00f6nnen Sie die Anzeige der notwendigen Informationen so konfigurieren, dass sie aus der Perspektive der Spielerpositionen relevanter ist.<\/p>\n\n\n\n<p><em>Einige Poker-R\u00e4ume blockieren das HUD, wenn es dynamische oder positionsbezogene Anzeigevoraussetzungen verwendet. Zum Zeitpunkt des Schreibens sind dies: <a href=\"https:\/\/hand2noteguide.com\/de\/pokerstars-hud\/\">PokerStars<\/a>, IPoker, Winamax. Wir empfehlen, dieses Detail mit dem <a href=\"https:\/\/hand2noteguide.com\/de\/hand2note-official-support\/\">Hand2Note-Support<\/a> zu kl\u00e4ren, bevor Sie das HUD bearbeiten.<\/em><\/p>\n\n\n\n<p>Im n\u00e4chsten Artikel: <a href=\"https:\/\/hand2noteguide.com\/de\/user-manual\/hud-editor-creating-a-dynamic-hud\/\">HUD-Editor: Erstellen eines dynamischen HUDs<\/a> &#8211; werden wir das HUD weiter bearbeiten und dynamische Anzeigevoraussetzungen auf seine Zellen anwenden. Dies wird ein Verst\u00e4ndnis daf\u00fcr vermitteln, wie dynamische Eigenschaften auf das HUD angewendet werden k\u00f6nnen, um es noch ergonomischer zu gestalten, mit relevanteren Stat-Anzeigen.<\/p>\n","protected":false},"excerpt":{"rendered":"<p>Neben statischen HUD-Panels erm\u00f6glicht Hand2Note, ihnen positionsbezogene Eigenschaften zuzuweisen. Diese helfen, Platz an den Tischen zu sparen und die HUD-Fenster ergonomischer zu gestalten. Sie erm\u00f6glichen auch die automatische \u00c4nderung der Stat-Anzeigen im HUD zu relevanteren, aus der Perspektive der Spielerpositionen an den Tischen. In diesem Artikel zeigen wir Ihnen, wie Sie positionsbezogene Eigenschaften auf das &hellip; <a href=\"https:\/\/hand2noteguide.com\/de\/user-manual\/hud-editor-creating-a-positional-hud\/\" class=\"more-link\">Continue reading <span class=\"screen-reader-text\">HUD-Editor Teil 3: Erstellen eines Positions-HUD<\/span><\/a><\/p>\n","protected":false},"author":3,"featured_media":13656,"parent":9199,"menu_order":0,"comment_status":"closed","ping_status":"closed","template":"","meta":{"footnotes":""},"class_list":["post-13653","page","type-page","status-publish","has-post-thumbnail","hentry"],"translation":{"provider":"WPGlobus","version":"3.0.2","language":"de","enabled_languages":["en","ru","pt","zh","es","fr","de","it","ja"],"languages":{"en":{"title":true,"content":true,"excerpt":false},"ru":{"title":true,"content":true,"excerpt":false},"pt":{"title":true,"content":true,"excerpt":false},"zh":{"title":true,"content":true,"excerpt":false},"es":{"title":true,"content":true,"excerpt":false},"fr":{"title":true,"content":true,"excerpt":false},"de":{"title":true,"content":true,"excerpt":false},"it":{"title":true,"content":true,"excerpt":false},"ja":{"title":true,"content":true,"excerpt":false}}},"yoast_head":"<!-- This site is optimized with the Yoast SEO plugin v27.0 - https:\/\/yoast.com\/product\/yoast-seo-wordpress\/ -->\n<title>Hand2Note HUD-Editor Teil 3: Erstellen eines Positions-HUD<\/title>\n<meta name=\"description\" content=\"Erfahren Sie, wie Sie Ihr HUD durch die Anwendung positionsbezogener Eigenschaften in Hand2Note kompakter und relevanter gestalten. Verbessern Sie Ergonomie und Spieleffizienz.\" \/>\n<meta name=\"robots\" content=\"index, follow, max-snippet:-1, max-image-preview:large, max-video-preview:-1\" \/>\n<link rel=\"canonical\" href=\"https:\/\/hand2noteguide.com\/user-manual\/hud-editor-creating-a-positional-hud\/\" \/>\n<meta property=\"og:locale\" content=\"de_DE\" \/>\n<meta property=\"og:type\" content=\"article\" \/>\n<meta property=\"og:title\" content=\"Hand2Note HUD-Editor Teil 3: Erstellen eines Positions-HUD\" \/>\n<meta property=\"og:description\" content=\"Erfahren Sie, wie Sie Ihr HUD durch die Anwendung positionsbezogener Eigenschaften in Hand2Note kompakter und relevanter gestalten. Verbessern Sie Ergonomie und Spieleffizienz.\" \/>\n<meta property=\"og:url\" content=\"https:\/\/hand2noteguide.com\/user-manual\/hud-editor-creating-a-positional-hud\/\" \/>\n<meta property=\"og:site_name\" content=\"Hand2Note Guide\" \/>\n<meta property=\"article:modified_time\" content=\"2026-03-10T08:36:18+00:00\" \/>\n<meta property=\"og:image\" content=\"https:\/\/hand2noteguide.com\/wp-content\/uploads\/2025\/06\/\u0411\u0435\u0437-\u0438\u043c\u0435\u043d\u0438-1-3-2.jpg\" \/>\n\t<meta property=\"og:image:width\" content=\"1920\" \/>\n\t<meta property=\"og:image:height\" content=\"1080\" \/>\n\t<meta property=\"og:image:type\" content=\"image\/jpeg\" \/>\n<meta name=\"twitter:card\" content=\"summary_large_image\" \/>\n<meta name=\"twitter:label1\" content=\"Est. reading time\" \/>\n\t<meta name=\"twitter:data1\" content=\"32 minutes\" \/>\n<!-- \/ Yoast SEO plugin. -->","yoast_head_json":{"title":"Hand2Note HUD-Editor Teil 3: Erstellen eines Positions-HUD","description":"Erfahren Sie, wie Sie Ihr HUD durch die Anwendung positionsbezogener Eigenschaften in Hand2Note kompakter und relevanter gestalten. Verbessern Sie Ergonomie und Spieleffizienz.","robots":{"index":"index","follow":"follow","max-snippet":"max-snippet:-1","max-image-preview":"max-image-preview:large","max-video-preview":"max-video-preview:-1"},"canonical":"https:\/\/hand2noteguide.com\/user-manual\/hud-editor-creating-a-positional-hud\/","og_locale":"de_DE","og_type":"article","og_title":"Hand2Note HUD-Editor Teil 3: Erstellen eines Positions-HUD","og_description":"Erfahren Sie, wie Sie Ihr HUD durch die Anwendung positionsbezogener Eigenschaften in Hand2Note kompakter und relevanter gestalten. Verbessern Sie Ergonomie und Spieleffizienz.","og_url":"https:\/\/hand2noteguide.com\/user-manual\/hud-editor-creating-a-positional-hud\/","og_site_name":"Hand2Note Guide","article_modified_time":"2026-03-10T08:36:18+00:00","og_image":[{"width":1920,"height":1080,"url":"https:\/\/hand2noteguide.com\/wp-content\/uploads\/2025\/06\/\u0411\u0435\u0437-\u0438\u043c\u0435\u043d\u0438-1-3-2.jpg","type":"image\/jpeg"}],"twitter_card":"summary_large_image","twitter_misc":{"Est. reading time":"32 minutes"},"schema":{"@context":"https:\/\/schema.org","@graph":[]}},"jetpack_sharing_enabled":true,"_links":{"self":[{"href":"https:\/\/hand2noteguide.com\/de\/wp-json\/wp\/v2\/pages\/13653","targetHints":{"allow":["GET"]}}],"collection":[{"href":"https:\/\/hand2noteguide.com\/de\/wp-json\/wp\/v2\/pages"}],"about":[{"href":"https:\/\/hand2noteguide.com\/de\/wp-json\/wp\/v2\/types\/page"}],"author":[{"embeddable":true,"href":"https:\/\/hand2noteguide.com\/de\/wp-json\/wp\/v2\/users\/3"}],"replies":[{"embeddable":true,"href":"https:\/\/hand2noteguide.com\/de\/wp-json\/wp\/v2\/comments?post=13653"}],"version-history":[{"count":70,"href":"https:\/\/hand2noteguide.com\/de\/wp-json\/wp\/v2\/pages\/13653\/revisions"}],"predecessor-version":[{"id":15637,"href":"https:\/\/hand2noteguide.com\/de\/wp-json\/wp\/v2\/pages\/13653\/revisions\/15637"}],"up":[{"embeddable":true,"href":"https:\/\/hand2noteguide.com\/de\/wp-json\/wp\/v2\/pages\/9199"}],"wp:featuredmedia":[{"embeddable":true,"href":"https:\/\/hand2noteguide.com\/de\/wp-json\/wp\/v2\/media\/13656"}],"wp:attachment":[{"href":"https:\/\/hand2noteguide.com\/de\/wp-json\/wp\/v2\/media?parent=13653"}],"curies":[{"name":"wp","href":"https:\/\/api.w.org\/{rel}","templated":true}]}}