{"id":137,"date":"2018-07-31T23:12:53","date_gmt":"2018-07-31T20:12:53","guid":{"rendered":"https:\/\/h2n312.wordpress.com\/?page_id=137"},"modified":"2025-06-04T19:16:00","modified_gmt":"2025-06-04T16:16:00","slug":"connecting-to-server","status":"publish","type":"page","link":"https:\/\/hand2noteguide.com\/de\/issues-resolving\/connecting-to-server\/","title":{"rendered":"Hand2Note h\u00e4ngt bei &#8220;Connecting to server&#8221;"},"content":{"rendered":"\n<figure class=\"wp-block-image\"><img loading=\"lazy\" decoding=\"async\" width=\"347\" height=\"474\" src=\"https:\/\/hand2noteguide.com\/wp-content\/uploads\/2018\/07\/11111111111111111111.png\" alt=\"Connecting to server\" class=\"wp-image-138\" srcset=\"https:\/\/hand2noteguide.com\/wp-content\/uploads\/2018\/07\/11111111111111111111.png 347w, https:\/\/hand2noteguide.com\/wp-content\/uploads\/2018\/07\/11111111111111111111-220x300.png 220w\" sizes=\"auto, (max-width: 347px) 100vw, 347px\" \/><\/figure>\n\n\n\n<div class=\"red-block\">\n<p><strong>\ud83d\udc49 Update 2. Juni 2025:<\/strong> Wenn Sie auf dieses Problem sto\u00dfen, haben Sie wahrscheinlich eine kostenlose Version von Hand2Note verwendet. Ab dem 29. Mai 2025 ist die <a href=\"https:\/\/hand2noteguide.com\/de\/hand2note-3-free-version-is-gone-what-now\/\"><strong>kostenlose Version von Hand2Note nicht mehr verf\u00fcgbar \ud83e\udd7a<\/strong><\/a>. Sie m\u00fcssen ein Abonnement kaufen, um Hand2Note weiterhin nutzen zu k\u00f6nnen.<\/p>\n\n<p>Es tut uns leid, Sie zu entt\u00e4uschen, aber dies war eine offizielle Entscheidung von Hand2Note und liegt au\u00dferhalb unserer Kontrolle. Wir sind der #1 Hand2Note Wiederverk\u00e4ufer und alles, was wir tun k\u00f6nnen, ist Ihnen das beste Angebot f\u00fcr den Kauf der Software zu bieten.<\/p>\n\n<p>1\ufe0f\u20e3 Wenn Sie sich entscheiden, bei Hand2Note zu bleiben, k\u00f6nnen Sie ein <strong><a href=\"https:\/\/hand2note3.hand2note.com\/?aid=c0\" target=\"_blank\" rel=\"noopener\">Hand2Note 3<\/a><\/strong> oder <strong><a href=\"https:\/\/hand2note.com?rid=2250\" target=\"_blank\" rel=\"noopener\">Hand2Note 4<\/a><\/strong> Abonnement mit unserem <a href=\"https:\/\/hand2noteguide.com\/de\/promo\/\"><strong>GUIDE10 Promo<\/strong><\/a> kaufen. Sie erhalten <strong>sofort 10% Rabatt und zus\u00e4tzliche Boni<\/strong> \u2013 kostenloses HUD und Videokurs<strong>.<\/strong><\/p>\n\n<p>2\ufe0f\u20e3 Sie k\u00f6nnen immer noch <a href=\"https:\/\/hand2noteguide.com\/de\/coinpoker-hand2note\/\">Hand2Note PRO kostenlos erhalten<\/a>, wenn Sie monatlich $300 Rake auf Coinpoker generieren.<\/p>\n\n<p>3\ufe0f\u20e3 Wenn Sie sich entscheiden, <strong>Hand2Note nicht mehr zu verwenden<\/strong>, verstehen wir das vollkommen.<\/p>\n\n<p style=\"margin-bottom:0\">Vielen Dank.<\/p>\n<\/div>\n\n\n\n<p>Diese Situation kann auftreten, wenn Module auf dem Server aktualisiert werden. Versuchen Sie zun\u00e4chst, das Fenster nicht zu schlie\u00dfen und warten Sie 15 Minuten.<\/p>\n\n\n\n<p>Wenn das Problem weiterhin besteht, f\u00fchren Sie Folgendes aus:<\/p>\n\n\n\n<ol class=\"wp-block-list\">\n<li>\u00dcberpr\u00fcfen Sie Ihre Internetverbindung<\/li>\n\n\n\n<li>Installieren Sie alle neuesten Windows-Updates<\/li>\n\n\n\n<li>Deaktivieren Sie das Antivirusprogramm<\/li>\n\n\n\n<li>Starten Sie den Router neu<\/li>\n\n\n\n<li>Stellen Sie sicher, dass Sie Hand2Note als Administrator ausf\u00fchren<\/li>\n<\/ol>\n\n\n\n<p>Wenn dies nicht hilft, verwenden Sie m\u00f6glicherweise eine alte Version des Programms. Versuchen Sie, <a href=\"https:\/\/hand2noteguide.com\/de\/issues-resolving\/reinstall\/\">Hand2Note neu zu installieren<\/a> mit dem neuesten Installer von der offiziellen Website.<\/p>\n\n\n\n<p>Wenn Hand2Note weiterhin dieselbe Meldung anzeigt, wenden Sie sich an den <a href=\"https:\/\/hand2noteguide.com\/de\/hand2note-official-support\/\">Support-Service<\/a>.<\/p>\n","protected":false},"excerpt":{"rendered":"<p>\ud83d\udc49 Update 2. Juni 2025: Wenn Sie auf dieses Problem sto\u00dfen, haben Sie wahrscheinlich eine kostenlose Version von Hand2Note verwendet. Ab dem 29. Mai 2025 ist die kostenlose Version von Hand2Note nicht mehr verf\u00fcgbar \ud83e\udd7a. Sie m\u00fcssen ein Abonnement kaufen, um Hand2Note weiterhin nutzen zu k\u00f6nnen. Es tut uns leid, Sie zu entt\u00e4uschen, aber dies &hellip; <a href=\"https:\/\/hand2noteguide.com\/de\/issues-resolving\/connecting-to-server\/\" class=\"more-link\">Continue reading <span class=\"screen-reader-text\">Hand2Note h\u00e4ngt bei &#8220;Connecting to server&#8221;<\/span><\/a><\/p>\n","protected":false},"author":1,"featured_media":0,"parent":236,"menu_order":1,"comment_status":"closed","ping_status":"closed","template":"page-templates\/full-width-page.php","meta":{"footnotes":""},"class_list":["post-137","page","type-page","status-publish","hentry"],"translation":{"provider":"WPGlobus","version":"3.0.2","language":"de","enabled_languages":["en","ru","pt","zh","es","fr","de","it","ja"],"languages":{"en":{"title":true,"content":true,"excerpt":false},"ru":{"title":true,"content":true,"excerpt":false},"pt":{"title":true,"content":true,"excerpt":false},"zh":{"title":true,"content":true,"excerpt":false},"es":{"title":true,"content":true,"excerpt":false},"fr":{"title":true,"content":true,"excerpt":false},"de":{"title":true,"content":true,"excerpt":false},"it":{"title":true,"content":true,"excerpt":false},"ja":{"title":true,"content":true,"excerpt":false}}},"yoast_head":"<!-- This site is optimized with the Yoast SEO plugin v27.0 - https:\/\/yoast.com\/product\/yoast-seo-wordpress\/ -->\n<title>Hand2Note h\u00e4ngt bei &quot;Connecting to server&quot;<\/title>\n<meta name=\"description\" content=\"Erfahren Sie, wie Sie das Problem l\u00f6sen k\u00f6nnen, wenn Hand2Note bei &quot;Connecting to server&quot; h\u00e4ngt. Folgen Sie unserer Schritt-f\u00fcr-Schritt-Anleitung, um das Problem zu beheben.\" \/>\n<meta name=\"robots\" content=\"index, follow, max-snippet:-1, max-image-preview:large, max-video-preview:-1\" \/>\n<link rel=\"canonical\" href=\"https:\/\/hand2noteguide.com\/issues-resolving\/connecting-to-server\/\" \/>\n<meta property=\"og:locale\" content=\"de_DE\" \/>\n<meta property=\"og:type\" content=\"article\" \/>\n<meta property=\"og:title\" content=\"Hand2Note h\u00e4ngt bei &quot;Connecting to server&quot;\" \/>\n<meta property=\"og:description\" content=\"Erfahren Sie, wie Sie das Problem l\u00f6sen k\u00f6nnen, wenn Hand2Note bei &quot;Connecting to server&quot; h\u00e4ngt. Folgen Sie unserer Schritt-f\u00fcr-Schritt-Anleitung, um das Problem zu beheben.\" \/>\n<meta property=\"og:url\" content=\"https:\/\/hand2noteguide.com\/issues-resolving\/connecting-to-server\/\" \/>\n<meta property=\"og:site_name\" content=\"Hand2Note Guide\" \/>\n<meta property=\"article:modified_time\" content=\"2025-06-04T16:16:00+00:00\" \/>\n<meta property=\"og:image\" content=\"https:\/\/hand2noteguide.com\/wp-content\/uploads\/2018\/07\/11111111111111111111.png\" \/>\n<meta name=\"twitter:card\" content=\"summary_large_image\" \/>\n<meta name=\"twitter:label1\" content=\"Est. reading time\" \/>\n\t<meta name=\"twitter:data1\" content=\"8 minutes\" \/>\n<!-- \/ Yoast SEO plugin. -->","yoast_head_json":{"title":"Hand2Note h\u00e4ngt bei \"Connecting to server\"","description":"Erfahren Sie, wie Sie das Problem l\u00f6sen k\u00f6nnen, wenn Hand2Note bei \"Connecting to server\" h\u00e4ngt. Folgen Sie unserer Schritt-f\u00fcr-Schritt-Anleitung, um das Problem zu beheben.","robots":{"index":"index","follow":"follow","max-snippet":"max-snippet:-1","max-image-preview":"max-image-preview:large","max-video-preview":"max-video-preview:-1"},"canonical":"https:\/\/hand2noteguide.com\/issues-resolving\/connecting-to-server\/","og_locale":"de_DE","og_type":"article","og_title":"Hand2Note h\u00e4ngt bei \"Connecting to server\"","og_description":"Erfahren Sie, wie Sie das Problem l\u00f6sen k\u00f6nnen, wenn Hand2Note bei \"Connecting to server\" h\u00e4ngt. Folgen Sie unserer Schritt-f\u00fcr-Schritt-Anleitung, um das Problem zu beheben.","og_url":"https:\/\/hand2noteguide.com\/issues-resolving\/connecting-to-server\/","og_site_name":"Hand2Note Guide","article_modified_time":"2025-06-04T16:16:00+00:00","og_image":[{"url":"https:\/\/hand2noteguide.com\/wp-content\/uploads\/2018\/07\/11111111111111111111.png","type":"","width":"","height":""}],"twitter_card":"summary_large_image","twitter_misc":{"Est. reading time":"8 minutes"},"schema":{"@context":"https:\/\/schema.org","@graph":[]}},"jetpack_sharing_enabled":false,"_links":{"self":[{"href":"https:\/\/hand2noteguide.com\/de\/wp-json\/wp\/v2\/pages\/137","targetHints":{"allow":["GET"]}}],"collection":[{"href":"https:\/\/hand2noteguide.com\/de\/wp-json\/wp\/v2\/pages"}],"about":[{"href":"https:\/\/hand2noteguide.com\/de\/wp-json\/wp\/v2\/types\/page"}],"author":[{"embeddable":true,"href":"https:\/\/hand2noteguide.com\/de\/wp-json\/wp\/v2\/users\/1"}],"replies":[{"embeddable":true,"href":"https:\/\/hand2noteguide.com\/de\/wp-json\/wp\/v2\/comments?post=137"}],"version-history":[{"count":55,"href":"https:\/\/hand2noteguide.com\/de\/wp-json\/wp\/v2\/pages\/137\/revisions"}],"predecessor-version":[{"id":13555,"href":"https:\/\/hand2noteguide.com\/de\/wp-json\/wp\/v2\/pages\/137\/revisions\/13555"}],"up":[{"embeddable":true,"href":"https:\/\/hand2noteguide.com\/de\/wp-json\/wp\/v2\/pages\/236"}],"wp:attachment":[{"href":"https:\/\/hand2noteguide.com\/de\/wp-json\/wp\/v2\/media?parent=137"}],"curies":[{"name":"wp","href":"https:\/\/api.w.org\/{rel}","templated":true}]}}