{"id":13718,"date":"2025-06-19T09:37:34","date_gmt":"2025-06-19T06:37:34","guid":{"rendered":"https:\/\/hand2noteguide.com\/?page_id=13718"},"modified":"2026-03-10T11:37:03","modified_gmt":"2026-03-10T08:37:03","slug":"hud-editor-creating-a-dynamic-hud","status":"publish","type":"page","link":"https:\/\/hand2noteguide.com\/de\/user-manual\/hud-editor-creating-a-dynamic-hud\/","title":{"rendered":"HUD-Editor Teil 4: Erstellen eines dynamischen HUDs"},"content":{"rendered":"\n<p>Hand2Note erm\u00f6glicht es Ihnen, adaptive, dynamische Anzeige-Bedingungen f\u00fcr HUD-Zellen oder -Panels anzuwenden. Dies hilft, Platz an den Tischen zu sparen und die Anzeige von Informationen anzupassen, indem sie angezeigt werden, wenn sie am relevantesten sind.<\/p>\n\n\n\n<p>In den vorherigen Artikeln, <a href=\"https:\/\/hand2noteguide.com\/de\/user-manual\/hud-editor-creating-a-static-hud\/\">HUD-Editor: Erstellen eines statischen HUDs<\/a> und <a href=\"https:\/\/hand2noteguide.com\/de\/user-manual\/hud-editor-creating-a-positional-hud\/\">HUD-Editor: Erstellen eines positionalen HUDs<\/a>, haben wir gezeigt, wie man ein statisches HUD erstellt und wie man positionale Anzeige-Bedingungen auf seine Zellen oder Panels anwendet. In diesem Artikel werden wir das HUD weiter bearbeiten, indem wir dynamische Anzeige-Eigenschaften auf seine Zellen anwenden.<\/p>\n\n\n\n<h2 class=\"wp-block-heading\">Plan zum Erstellen eines dynamischen HUDs<\/h2>\n\n\n\n<p>In den beiden vorherigen Artikeln haben wir ein HUD erstellt, bei dem der Satz von Stats folgenderma\u00dfen aussieht:<\/p>\n\n\n\n<figure class=\"wp-block-image size-large\"><img loading=\"lazy\" decoding=\"async\" width=\"1024\" height=\"576\" src=\"http:\/\/hand2noteguide.com\/wp-content\/uploads\/2025\/06\/\u0411\u0435\u0437-\u0438\u043c\u0435\u043d\u0438-17-2-1024x576.jpg\" alt=\"\" class=\"wp-image-13713\" srcset=\"https:\/\/hand2noteguide.com\/wp-content\/uploads\/2025\/06\/\u0411\u0435\u0437-\u0438\u043c\u0435\u043d\u0438-17-2-1024x576.jpg 1024w, https:\/\/hand2noteguide.com\/wp-content\/uploads\/2025\/06\/\u0411\u0435\u0437-\u0438\u043c\u0435\u043d\u0438-17-2-300x169.jpg 300w, https:\/\/hand2noteguide.com\/wp-content\/uploads\/2025\/06\/\u0411\u0435\u0437-\u0438\u043c\u0435\u043d\u0438-17-2-768x432.jpg 768w, https:\/\/hand2noteguide.com\/wp-content\/uploads\/2025\/06\/\u0411\u0435\u0437-\u0438\u043c\u0435\u043d\u0438-17-2-1536x864.jpg 1536w, https:\/\/hand2noteguide.com\/wp-content\/uploads\/2025\/06\/\u0411\u0435\u0437-\u0438\u043c\u0435\u043d\u0438-17-2-772x434.jpg 772w, https:\/\/hand2noteguide.com\/wp-content\/uploads\/2025\/06\/\u0411\u0435\u0437-\u0438\u043c\u0435\u043d\u0438-17-2-624x351.jpg 624w, https:\/\/hand2noteguide.com\/wp-content\/uploads\/2025\/06\/\u0411\u0435\u0437-\u0438\u043c\u0435\u043d\u0438-17-2.jpg 1920w\" sizes=\"auto, (max-width: 1024px) 100vw, 1024px\" \/><\/figure>\n\n\n\n<ul class=\"wp-block-list\">\n<li>Die erste Zeile des HUDs, Stats in der Reihenfolge von links nach rechts: &#8220;VPIP&#8221;, &#8220;PFR&#8221;, &#8220;Fold to 3Bet&#8221;, &#8220;3Bet&#8221;, &#8220;Fold to 4Bet&#8221;, &#8220;4Bet Range&#8221;;<\/li>\n\n\n\n<li>Die zweite Zeile des HUDs, Stats in der Reihenfolge von links nach rechts: &#8220;WTSD%&#8221;, &#8220;WWSF%&#8221;, &#8220;WonSD%&#8221;, &#8220;Aggression Frq Flop%&#8221;, &#8220;Aggression Frq Turn%&#8221;, &#8220;Aggression Frq River%&#8221;;<\/li>\n\n\n\n<li>Die dritte Zeile verwendet positionale Anzeige-Bedingungen und zeigt Stats &#8220;RFI UTG&#8221;, &#8220;RFI EP&#8221;, &#8220;RFI MP&#8221;, &#8220;RFI CO&#8221;, &#8220;RFI BTN&#8221;, &#8220;RFI SB&#8221;, &#8220;Fold to 3Bet IP postflop&#8221;, &#8220;Fold to 3Bet OOP postflop&#8221; entsprechend den Positionen der Spieler am Tisch;<\/li>\n\n\n\n<li>Die vierte Zeile des HUDs, Stats in der Reihenfolge von links nach rechts: Gesamtanzahl der H\u00e4nde (&#8220;Hands&#8221;), &#8220;Winrate bb\/100&#8221;.<\/li>\n<\/ul>\n\n\n\n<p>In diesem Artikel werden wir eine dynamische Anzeige-Bedingung auf die Zellen in der dritten Zeile anwenden (&#8220;RFI UTG&#8221;, &#8220;RFI EP&#8221;, &#8220;RFI MP&#8221;, &#8220;RFI CO&#8221;, &#8220;RFI BTN&#8221;, &#8220;RFI SB&#8221;, &#8220;Fold to 3Bet IP postflop&#8221;, &#8220;Fold to 3Bet OOP postflop&#8221;): Sie erscheinen nur, wenn der Spieler einen Open Raise macht.<\/p>\n\n\n\n<h2 class=\"wp-block-heading\">Anwenden dynamischer Anzeige-Bedingungen<\/h2>\n\n\n\n<p>Derzeit erf\u00fcllen die HUD-Fenster allgemeine und positionale Anzeige-Bedingungen. Um dynamische Anzeige-Parameter f\u00fcr eine Zelle festzulegen, gehen Sie zum &#8220;HUD Editor&#8221; und w\u00e4hlen Sie sie mit der linken Maustaste aus (1).<\/p>\n\n\n\n<figure class=\"wp-block-image size-large\"><img loading=\"lazy\" decoding=\"async\" width=\"1024\" height=\"576\" src=\"http:\/\/hand2noteguide.com\/wp-content\/uploads\/2025\/06\/\u0411\u0435\u0437-\u0438\u043c\u0435\u043d\u0438-1-6-1024x576.jpg\" alt=\"\" class=\"wp-image-13734\" srcset=\"https:\/\/hand2noteguide.com\/wp-content\/uploads\/2025\/06\/\u0411\u0435\u0437-\u0438\u043c\u0435\u043d\u0438-1-6-1024x576.jpg 1024w, https:\/\/hand2noteguide.com\/wp-content\/uploads\/2025\/06\/\u0411\u0435\u0437-\u0438\u043c\u0435\u043d\u0438-1-6-300x169.jpg 300w, https:\/\/hand2noteguide.com\/wp-content\/uploads\/2025\/06\/\u0411\u0435\u0437-\u0438\u043c\u0435\u043d\u0438-1-6-768x432.jpg 768w, https:\/\/hand2noteguide.com\/wp-content\/uploads\/2025\/06\/\u0411\u0435\u0437-\u0438\u043c\u0435\u043d\u0438-1-6-1536x864.jpg 1536w, https:\/\/hand2noteguide.com\/wp-content\/uploads\/2025\/06\/\u0411\u0435\u0437-\u0438\u043c\u0435\u043d\u0438-1-6-772x434.jpg 772w, https:\/\/hand2noteguide.com\/wp-content\/uploads\/2025\/06\/\u0411\u0435\u0437-\u0438\u043c\u0435\u043d\u0438-1-6-624x351.jpg 624w, https:\/\/hand2noteguide.com\/wp-content\/uploads\/2025\/06\/\u0411\u0435\u0437-\u0438\u043c\u0435\u043d\u0438-1-6.jpg 1920w\" sizes=\"auto, (max-width: 1024px) 100vw, 1024px\" \/><\/figure>\n\n\n\n<p>W\u00e4hlen Sie anschlie\u00dfend im Men\u00fc der zus\u00e4tzlichen Parameter rechts &#8220;Open Raise&#8221; aus dem Dropdown-Men\u00fc neben dem Parameter &#8220;Did specific action&#8221; (2). Wiederholen Sie diese Aktion f\u00fcr alle notwendigen Zellen.<\/p>\n\n\n\n<p>Nach Abschluss der Einstellungen k\u00f6nnen Sie das Ergebnis im Replayer mit &#8220;Preview&#8221; ansehen.<\/p>\n\n\n\n<p>Der Screenshot unten zeigt die HUD-Ansicht, wenn keiner der Spieler einen Open Raise gemacht hat. Wie Sie sehen k\u00f6nnen, fehlt die dritte Zeile vollst\u00e4ndig.<\/p>\n\n\n\n<figure class=\"wp-block-image size-full\"><img loading=\"lazy\" decoding=\"async\" width=\"976\" height=\"690\" src=\"http:\/\/hand2noteguide.com\/wp-content\/uploads\/2025\/06\/\u0411\u0435\u0437-\u0438\u043c\u0435\u043d\u0438-2-3.jpg\" alt=\"\" class=\"wp-image-13735\" srcset=\"https:\/\/hand2noteguide.com\/wp-content\/uploads\/2025\/06\/\u0411\u0435\u0437-\u0438\u043c\u0435\u043d\u0438-2-3.jpg 976w, https:\/\/hand2noteguide.com\/wp-content\/uploads\/2025\/06\/\u0411\u0435\u0437-\u0438\u043c\u0435\u043d\u0438-2-3-300x212.jpg 300w, https:\/\/hand2noteguide.com\/wp-content\/uploads\/2025\/06\/\u0411\u0435\u0437-\u0438\u043c\u0435\u043d\u0438-2-3-768x543.jpg 768w, https:\/\/hand2noteguide.com\/wp-content\/uploads\/2025\/06\/\u0411\u0435\u0437-\u0438\u043c\u0435\u043d\u0438-2-3-772x546.jpg 772w, https:\/\/hand2noteguide.com\/wp-content\/uploads\/2025\/06\/\u0411\u0435\u0437-\u0438\u043c\u0435\u043d\u0438-2-3-624x441.jpg 624w\" sizes=\"auto, (max-width: 976px) 100vw, 976px\" \/><\/figure>\n\n\n\n<p>Sobald jedoch ein Spieler einen Open Raise macht, erscheinen die Stats in ihrem HUD gem\u00e4\u00df den festgelegten Parametern.<\/p>\n\n\n\n<figure class=\"wp-block-image size-full\"><img loading=\"lazy\" decoding=\"async\" width=\"976\" height=\"690\" src=\"http:\/\/hand2noteguide.com\/wp-content\/uploads\/2025\/06\/\u0411\u0435\u0437-\u0438\u043c\u0435\u043d\u0438-3-2.jpg\" alt=\"\" class=\"wp-image-13736\" srcset=\"https:\/\/hand2noteguide.com\/wp-content\/uploads\/2025\/06\/\u0411\u0435\u0437-\u0438\u043c\u0435\u043d\u0438-3-2.jpg 976w, https:\/\/hand2noteguide.com\/wp-content\/uploads\/2025\/06\/\u0411\u0435\u0437-\u0438\u043c\u0435\u043d\u0438-3-2-300x212.jpg 300w, https:\/\/hand2noteguide.com\/wp-content\/uploads\/2025\/06\/\u0411\u0435\u0437-\u0438\u043c\u0435\u043d\u0438-3-2-768x543.jpg 768w, https:\/\/hand2noteguide.com\/wp-content\/uploads\/2025\/06\/\u0411\u0435\u0437-\u0438\u043c\u0435\u043d\u0438-3-2-772x546.jpg 772w, https:\/\/hand2noteguide.com\/wp-content\/uploads\/2025\/06\/\u0411\u0435\u0437-\u0438\u043c\u0435\u043d\u0438-3-2-624x441.jpg 624w\" sizes=\"auto, (max-width: 976px) 100vw, 976px\" \/><\/figure>\n\n\n\n<p>Jetzt sind in der dritten Zeile nicht mehr als zwei Stats sichtbar und nur im HUD des Spielers, der den Open Raise gemacht hat. Der erste Stat links zeigt RFI entsprechend der Position, die der Spieler einnimmt. Der zweite Stat zeigt Fold to 3Bet, entsprechend der Position, die der Spieler am Flop, Turn oder River gegen den Hero einnehmen kann (in Position &#8211; IP, oder out of position &#8211; OOP).<\/p>\n\n\n\n<p>Da wir allgemeine, positionale und dynamische Anzeige-Eigenschaften f\u00fcr die HUD-Zellen oder -Panels verwendet haben, ist unser HUD dynamisch.<\/p>\n\n\n\n<p><em>Einige Poker-R\u00e4ume blockieren den Betrieb des HUDs, wenn es dynamische oder positionale Anzeige-Bedingungen verwendet. Zum Zeitpunkt des Schreibens sind dies: <a href=\"https:\/\/hand2noteguide.com\/de\/pokerstars-hud\/\">PokerStars<\/a>, IPoker, Winamax. Wir empfehlen, dieses Detail mit dem <a href=\"https:\/\/hand2noteguide.com\/de\/hand2note-official-support\/\">Hand2Note-Support<\/a> zu \u00fcberpr\u00fcfen, bevor Sie das HUD bearbeiten.<\/em><\/p>\n\n\n\n<h2 class=\"wp-block-heading\">Fazit<\/h2>\n\n\n\n<p>So k\u00f6nnen Sie jedes dynamische HUD f\u00fcr Ihren Komfort oder Ihre Spielbed\u00fcrfnisse erstellen oder bearbeiten. Dies erm\u00f6glicht es Ihnen, mehr Platz an den Tischen zu sparen und die Anzeige von Informationen an den Moment anzupassen, in dem sie relevant sind.<\/p>\n","protected":false},"excerpt":{"rendered":"<p>Hand2Note erm\u00f6glicht es Ihnen, adaptive, dynamische Anzeige-Bedingungen f\u00fcr HUD-Zellen oder -Panels anzuwenden. Dies hilft, Platz an den Tischen zu sparen und die Anzeige von Informationen anzupassen, indem sie angezeigt werden, wenn sie am relevantesten sind. In den vorherigen Artikeln, HUD-Editor: Erstellen eines statischen HUDs und HUD-Editor: Erstellen eines positionalen HUDs, haben wir gezeigt, wie man &hellip; <a href=\"https:\/\/hand2noteguide.com\/de\/user-manual\/hud-editor-creating-a-dynamic-hud\/\" class=\"more-link\">Continue reading <span class=\"screen-reader-text\">HUD-Editor Teil 4: Erstellen eines dynamischen HUDs<\/span><\/a><\/p>\n","protected":false},"author":3,"featured_media":13720,"parent":9199,"menu_order":0,"comment_status":"closed","ping_status":"closed","template":"","meta":{"footnotes":""},"class_list":["post-13718","page","type-page","status-publish","has-post-thumbnail","hentry"],"translation":{"provider":"WPGlobus","version":"3.0.2","language":"de","enabled_languages":["en","ru","pt","zh","es","fr","de","it","ja"],"languages":{"en":{"title":true,"content":true,"excerpt":false},"ru":{"title":true,"content":true,"excerpt":false},"pt":{"title":true,"content":true,"excerpt":false},"zh":{"title":true,"content":true,"excerpt":false},"es":{"title":true,"content":true,"excerpt":false},"fr":{"title":true,"content":true,"excerpt":false},"de":{"title":true,"content":true,"excerpt":false},"it":{"title":true,"content":true,"excerpt":false},"ja":{"title":true,"content":true,"excerpt":false}}},"yoast_head":"<!-- This site is optimized with the Yoast SEO plugin v27.0 - https:\/\/yoast.com\/product\/yoast-seo-wordpress\/ -->\n<title>Hand2Note HUD-Editor Teil 4: Erstellen eines dynamischen HUDs<\/title>\n<meta name=\"description\" content=\"Erfahren Sie, wie Sie in Hand2Note ein dynamisches HUD erstellen, indem Sie adaptive Anzeige-Bedingungen anwenden, um Platz zu sparen und die Relevanz der Informationen sicherzustellen.\" \/>\n<meta name=\"robots\" content=\"index, follow, max-snippet:-1, max-image-preview:large, max-video-preview:-1\" \/>\n<link rel=\"canonical\" href=\"https:\/\/hand2noteguide.com\/user-manual\/hud-editor-creating-a-dynamic-hud\/\" \/>\n<meta property=\"og:locale\" content=\"de_DE\" \/>\n<meta property=\"og:type\" content=\"article\" \/>\n<meta property=\"og:title\" content=\"Hand2Note HUD-Editor Teil 4: Erstellen eines dynamischen HUDs\" \/>\n<meta property=\"og:description\" content=\"Erfahren Sie, wie Sie in Hand2Note ein dynamisches HUD erstellen, indem Sie adaptive Anzeige-Bedingungen anwenden, um Platz zu sparen und die Relevanz der Informationen sicherzustellen.\" \/>\n<meta property=\"og:url\" content=\"https:\/\/hand2noteguide.com\/user-manual\/hud-editor-creating-a-dynamic-hud\/\" \/>\n<meta property=\"og:site_name\" content=\"Hand2Note Guide\" \/>\n<meta property=\"article:modified_time\" content=\"2026-03-10T08:37:03+00:00\" \/>\n<meta property=\"og:image\" content=\"https:\/\/hand2noteguide.com\/wp-content\/uploads\/2025\/06\/\u0411\u0435\u0437-\u0438\u043c\u0435\u043d\u0438-1-3-3.jpg\" \/>\n\t<meta property=\"og:image:width\" content=\"1920\" \/>\n\t<meta property=\"og:image:height\" content=\"1080\" \/>\n\t<meta property=\"og:image:type\" content=\"image\/jpeg\" \/>\n<meta name=\"twitter:card\" content=\"summary_large_image\" \/>\n<meta name=\"twitter:label1\" content=\"Est. reading time\" \/>\n\t<meta name=\"twitter:data1\" content=\"20 minutes\" \/>\n<!-- \/ Yoast SEO plugin. -->","yoast_head_json":{"title":"Hand2Note HUD-Editor Teil 4: Erstellen eines dynamischen HUDs","description":"Erfahren Sie, wie Sie in Hand2Note ein dynamisches HUD erstellen, indem Sie adaptive Anzeige-Bedingungen anwenden, um Platz zu sparen und die Relevanz der Informationen sicherzustellen.","robots":{"index":"index","follow":"follow","max-snippet":"max-snippet:-1","max-image-preview":"max-image-preview:large","max-video-preview":"max-video-preview:-1"},"canonical":"https:\/\/hand2noteguide.com\/user-manual\/hud-editor-creating-a-dynamic-hud\/","og_locale":"de_DE","og_type":"article","og_title":"Hand2Note HUD-Editor Teil 4: Erstellen eines dynamischen HUDs","og_description":"Erfahren Sie, wie Sie in Hand2Note ein dynamisches HUD erstellen, indem Sie adaptive Anzeige-Bedingungen anwenden, um Platz zu sparen und die Relevanz der Informationen sicherzustellen.","og_url":"https:\/\/hand2noteguide.com\/user-manual\/hud-editor-creating-a-dynamic-hud\/","og_site_name":"Hand2Note Guide","article_modified_time":"2026-03-10T08:37:03+00:00","og_image":[{"width":1920,"height":1080,"url":"https:\/\/hand2noteguide.com\/wp-content\/uploads\/2025\/06\/\u0411\u0435\u0437-\u0438\u043c\u0435\u043d\u0438-1-3-3.jpg","type":"image\/jpeg"}],"twitter_card":"summary_large_image","twitter_misc":{"Est. reading time":"20 minutes"},"schema":{"@context":"https:\/\/schema.org","@graph":[]}},"jetpack_sharing_enabled":true,"_links":{"self":[{"href":"https:\/\/hand2noteguide.com\/de\/wp-json\/wp\/v2\/pages\/13718","targetHints":{"allow":["GET"]}}],"collection":[{"href":"https:\/\/hand2noteguide.com\/de\/wp-json\/wp\/v2\/pages"}],"about":[{"href":"https:\/\/hand2noteguide.com\/de\/wp-json\/wp\/v2\/types\/page"}],"author":[{"embeddable":true,"href":"https:\/\/hand2noteguide.com\/de\/wp-json\/wp\/v2\/users\/3"}],"replies":[{"embeddable":true,"href":"https:\/\/hand2noteguide.com\/de\/wp-json\/wp\/v2\/comments?post=13718"}],"version-history":[{"count":50,"href":"https:\/\/hand2noteguide.com\/de\/wp-json\/wp\/v2\/pages\/13718\/revisions"}],"predecessor-version":[{"id":15638,"href":"https:\/\/hand2noteguide.com\/de\/wp-json\/wp\/v2\/pages\/13718\/revisions\/15638"}],"up":[{"embeddable":true,"href":"https:\/\/hand2noteguide.com\/de\/wp-json\/wp\/v2\/pages\/9199"}],"wp:featuredmedia":[{"embeddable":true,"href":"https:\/\/hand2noteguide.com\/de\/wp-json\/wp\/v2\/media\/13720"}],"wp:attachment":[{"href":"https:\/\/hand2noteguide.com\/de\/wp-json\/wp\/v2\/media?parent=13718"}],"curies":[{"name":"wp","href":"https:\/\/api.w.org\/{rel}","templated":true}]}}