{"id":14100,"date":"2025-06-20T18:40:50","date_gmt":"2025-06-20T15:40:50","guid":{"rendered":"https:\/\/hand2noteguide.com\/?page_id=14100"},"modified":"2026-03-10T11:38:53","modified_gmt":"2026-03-10T08:38:53","slug":"bet-sizing-cetegories","status":"publish","type":"page","link":"https:\/\/hand2noteguide.com\/de\/user-manual\/bet-sizing-cetegories\/","title":{"rendered":"Festlegen von Einsatzgr\u00f6\u00dfenkategorien"},"content":{"rendered":"\n<p>Hand2Note erm\u00f6glicht es Ihnen, Einsatzgr\u00f6\u00dfenkategorien zu bearbeiten und zu erstellen, die im <a href=\"https:\/\/hand2noteguide.com\/de\/user-manual\/popup-on-stat\/\">erweiterten Popup auf Stat<\/a> angezeigt werden. Dies erm\u00f6glicht es Ihnen, nicht nur die allgemeinen statistischen Werte zu sehen, sondern sie auch je nach verschiedenen Einsatzgr\u00f6\u00dfen zu analysieren.<\/p>\n\n\n\n<p>Einsatzgr\u00f6\u00dfenkategorien werden im Popup-Fenster auf Stat im Tab &#8220;Bet Sizes&#8221; angezeigt. Sie enthalten Erl\u00e4uterungen zu den Einsatzgr\u00f6\u00dfen, die in die vom Stat betrachtete Aktion einflie\u00dfen.<\/p>\n\n\n\n<p>Zum Beispiel enth\u00e4lt der Tab &#8220;Bet Sizes&#8221; im Popup-Fenster auf dem Stat &#8220;Flop Cbet&#8221; (Continuation Bet am Flop) folgende Informationen:<\/p>\n\n\n\n<figure class=\"wp-block-image size-large\"><img loading=\"lazy\" decoding=\"async\" width=\"1024\" height=\"576\" src=\"http:\/\/hand2noteguide.com\/wp-content\/uploads\/2025\/06\/45645\u0438646456-1024x576.jpg\" alt=\"\" class=\"wp-image-14148\" srcset=\"https:\/\/hand2noteguide.com\/wp-content\/uploads\/2025\/06\/45645\u0438646456-1024x576.jpg 1024w, https:\/\/hand2noteguide.com\/wp-content\/uploads\/2025\/06\/45645\u0438646456-300x169.jpg 300w, https:\/\/hand2noteguide.com\/wp-content\/uploads\/2025\/06\/45645\u0438646456-768x432.jpg 768w, https:\/\/hand2noteguide.com\/wp-content\/uploads\/2025\/06\/45645\u0438646456-1536x864.jpg 1536w, https:\/\/hand2noteguide.com\/wp-content\/uploads\/2025\/06\/45645\u0438646456-772x434.jpg 772w, https:\/\/hand2noteguide.com\/wp-content\/uploads\/2025\/06\/45645\u0438646456-624x351.jpg 624w, https:\/\/hand2noteguide.com\/wp-content\/uploads\/2025\/06\/45645\u0438646456.jpg 1919w\" sizes=\"auto, (max-width: 1024px) 100vw, 1024px\" \/><\/figure>\n\n\n\n<ul class=\"wp-block-list\">\n<li>In Bereich (1) werden die Ranges der Flop-Cbet-Gr\u00f6\u00dfen des Spielers angezeigt, die in jeder Zeile dargestellt sind.<\/li>\n\n\n\n<li>In Bereich (2) wird die H\u00e4ufigkeit der Nutzung von Flop-Cbets des Spielers mit verschiedenen Einsatzgr\u00f6\u00dfen gezeigt.<\/li>\n\n\n\n<li>In Bereich (3) wird ein Diagramm der Verteilung der Handst\u00e4rke angezeigt, wenn der Spieler eine Flop-Cbet je nach Einsatzgr\u00f6\u00dfe macht.<\/li>\n\n\n\n<li>In Bereich (4) wird die Reaktion des Spielers auf die Aktionen der Gegner nach ihrer Flop-Cbet mit verschiedenen Einsatzgr\u00f6\u00dfen gezeigt.<\/li>\n<\/ul>\n\n\n\n<p>In diesem Artikel werden wir die Werkzeuge zum Bearbeiten und Erstellen von Einsatzgr\u00f6\u00dfenkategorien untersuchen und ein Beispiel f\u00fcr die Erstellung einer neuen Kategorie betrachten.<\/p>\n\n\n\n<h2 class=\"wp-block-heading\">Einstellungen f\u00fcr Einsatzgr\u00f6\u00dfenkategorien<\/h2>\n\n\n\n<p>Um das Einstellungsmen\u00fc f\u00fcr Einsatzgr\u00f6\u00dfenkategorien im Hauptfenster von Hand2Note zu \u00f6ffnen, w\u00e4hlen Sie &#8220;Configuration&#8221;(1) und gehen Sie dann zu &#8220;Bet Sizing Categories&#8221;(2).<\/p>\n\n\n\n<figure class=\"wp-block-image size-large\"><img loading=\"lazy\" decoding=\"async\" width=\"1024\" height=\"576\" src=\"http:\/\/hand2noteguide.com\/wp-content\/uploads\/2025\/06\/\u0411\u0435\u0437-\u0438\u043c\u0435\u043d\u0438-2-4-1024x576.jpg\" alt=\"\" class=\"wp-image-14118\" srcset=\"https:\/\/hand2noteguide.com\/wp-content\/uploads\/2025\/06\/\u0411\u0435\u0437-\u0438\u043c\u0435\u043d\u0438-2-4-1024x576.jpg 1024w, https:\/\/hand2noteguide.com\/wp-content\/uploads\/2025\/06\/\u0411\u0435\u0437-\u0438\u043c\u0435\u043d\u0438-2-4-300x169.jpg 300w, https:\/\/hand2noteguide.com\/wp-content\/uploads\/2025\/06\/\u0411\u0435\u0437-\u0438\u043c\u0435\u043d\u0438-2-4-768x432.jpg 768w, https:\/\/hand2noteguide.com\/wp-content\/uploads\/2025\/06\/\u0411\u0435\u0437-\u0438\u043c\u0435\u043d\u0438-2-4-1536x864.jpg 1536w, https:\/\/hand2noteguide.com\/wp-content\/uploads\/2025\/06\/\u0411\u0435\u0437-\u0438\u043c\u0435\u043d\u0438-2-4-772x434.jpg 772w, https:\/\/hand2noteguide.com\/wp-content\/uploads\/2025\/06\/\u0411\u0435\u0437-\u0438\u043c\u0435\u043d\u0438-2-4-624x351.jpg 624w, https:\/\/hand2noteguide.com\/wp-content\/uploads\/2025\/06\/\u0411\u0435\u0437-\u0438\u043c\u0435\u043d\u0438-2-4.jpg 1920w\" sizes=\"auto, (max-width: 1024px) 100vw, 1024px\" \/><\/figure>\n\n\n\n<p>Im Einstellungsmen\u00fc f\u00fcr Einsatzgr\u00f6\u00dfenkategorien k\u00f6nnen Sie:<\/p>\n\n\n\n<ol class=\"wp-block-list\" start=\"1\">\n<li>Eine neue Kategorie erstellen, indem Sie auf &#8220;+ Add Bet Sizing Categories&#8221; (3) klicken.<\/li>\n\n\n\n<li>Die Liste aller aktiven Einsatzgr\u00f6\u00dfenkategorien in Bereich (4) anzeigen oder bearbeiten.<\/li>\n\n\n\n<li>Einsatzgr\u00f6\u00dfenkategorien auf die Standardeinstellungen zur\u00fccksetzen, indem Sie auf &#8220;Reset to default&#8221; (5) klicken.<\/li>\n<\/ol>\n\n\n\n<p>Beschreibung der Spalten in der Liste der aktiven Einsatzgr\u00f6\u00dfenkategorien:<\/p>\n\n\n\n<figure class=\"wp-block-image size-large\"><img loading=\"lazy\" decoding=\"async\" width=\"1024\" height=\"661\" src=\"http:\/\/hand2noteguide.com\/wp-content\/uploads\/2025\/06\/\u0411\u0435\u0437-\u0438\u043c\u0435\u043d\u0438-3-3-1024x661.jpg\" alt=\"\" class=\"wp-image-14124\" srcset=\"https:\/\/hand2noteguide.com\/wp-content\/uploads\/2025\/06\/\u0411\u0435\u0437-\u0438\u043c\u0435\u043d\u0438-3-3-1024x661.jpg 1024w, https:\/\/hand2noteguide.com\/wp-content\/uploads\/2025\/06\/\u0411\u0435\u0437-\u0438\u043c\u0435\u043d\u0438-3-3-300x194.jpg 300w, https:\/\/hand2noteguide.com\/wp-content\/uploads\/2025\/06\/\u0411\u0435\u0437-\u0438\u043c\u0435\u043d\u0438-3-3-768x496.jpg 768w, https:\/\/hand2noteguide.com\/wp-content\/uploads\/2025\/06\/\u0411\u0435\u0437-\u0438\u043c\u0435\u043d\u0438-3-3-772x498.jpg 772w, https:\/\/hand2noteguide.com\/wp-content\/uploads\/2025\/06\/\u0411\u0435\u0437-\u0438\u043c\u0435\u043d\u0438-3-3-624x403.jpg 624w, https:\/\/hand2noteguide.com\/wp-content\/uploads\/2025\/06\/\u0411\u0435\u0437-\u0438\u043c\u0435\u043d\u0438-3-3.jpg 1213w\" sizes=\"auto, (max-width: 1024px) 100vw, 1024px\" \/><\/figure>\n\n\n\n<ol class=\"wp-block-list\" start=\"1\">\n<li>&#8220;Name&#8221; \u2014 der Name der Kategorie.<\/li>\n\n\n\n<li>&#8220;Action&#8221; \u2014 die vom Spieler betrachtete Aktion in der Kategorie.<\/li>\n\n\n\n<li>&#8220;Street&#8221; \u2014 die Stra\u00dfe, in der die Aktion betrachtet wird.<\/li>\n\n\n\n<li>&#8220;Bet Size \/ x&#8221; \u2014 das Verh\u00e4ltnis der Einsatzgr\u00f6\u00dfe zu &#8220;X&#8221;. Die sechste Spalte erm\u00f6glicht es Ihnen, auszuw\u00e4hlen, was &#8220;X&#8221; ist.<\/li>\n\n\n\n<li>&#8220;Eff stack size \/ x&#8221; \u2014 das Verh\u00e4ltnis des effektiven Stacks des Spielers zu &#8220;X&#8221;. Die sechste Spalte erm\u00f6glicht es Ihnen, auszuw\u00e4hlen, was &#8220;X&#8221; ist.<\/li>\n\n\n\n<li>&#8220;Where X&#8221; \u2014 die Definition des Parameters &#8220;X&#8221;. Dies kann sein:\n<ul class=\"wp-block-list\">\n<li>&#8220;Pot&#8221; \u2014 die Potgr\u00f6\u00dfe zu dem Zeitpunkt, an dem der Spieler die vom Stat betrachtete Aktion ausf\u00fchrt.<\/li>\n\n\n\n<li>&#8220;BB&#8221; \u2014 diese Option erm\u00f6glicht es Ihnen, den genauen Bereich der Einsatzgr\u00f6\u00dfen anzugeben, die in die 4. und 5. Parameter einflie\u00dfen, in Big Blinds.<\/li>\n\n\n\n<li>&#8220;M&#8221; \u2014 diese Option erm\u00f6glicht es Ihnen, den genauen Bereich der Einsatzgr\u00f6\u00dfen anzugeben, die in die 4. und 5. Parameter einflie\u00dfen, in Small Blinds.<\/li>\n\n\n\n<li>&#8220;Previous Action&#8221; \u2014 die Einsatzgr\u00f6\u00dfe des Gegners, bevor der Spieler die vom Stat betrachtete Aktion ausf\u00fchrt.<\/li>\n<\/ul>\n<\/li>\n\n\n\n<li>&#8220;Is All-in&#8221; \u2014 ob der Einsatz des Spielers ein All-in ist (ein Einsatz f\u00fcr den gesamten Stack).<\/li>\n\n\n\n<li>Verwaltung \u2014 die Kategorie in der Liste verschieben (Pfeile hoch\/runter) oder l\u00f6schen (Kreuz).<\/li>\n<\/ol>\n\n\n\n<h2 class=\"wp-block-heading\">Beispiel f\u00fcr die Erstellung einer Einsatzgr\u00f6\u00dfenkategorie: &#8220;Bet 101-135% pot&#8221;<\/h2>\n\n\n\n<p>Um eine neue Kategorie zu erstellen, klicken Sie auf &#8220;+ Add Bet Sizing Categories&#8221; (1). Die neue Kategorie erscheint am Ende der Liste (2).<\/p>\n\n\n\n<figure class=\"wp-block-image size-large\"><img loading=\"lazy\" decoding=\"async\" width=\"1024\" height=\"576\" src=\"http:\/\/hand2noteguide.com\/wp-content\/uploads\/2025\/06\/\u0411\u0435\u0437-\u0438\u043c\u0435\u043d\u0438-4-4-1024x576.jpg\" alt=\"\" class=\"wp-image-14127\" srcset=\"https:\/\/hand2noteguide.com\/wp-content\/uploads\/2025\/06\/\u0411\u0435\u0437-\u0438\u043c\u0435\u043d\u0438-4-4-1024x576.jpg 1024w, https:\/\/hand2noteguide.com\/wp-content\/uploads\/2025\/06\/\u0411\u0435\u0437-\u0438\u043c\u0435\u043d\u0438-4-4-300x169.jpg 300w, https:\/\/hand2noteguide.com\/wp-content\/uploads\/2025\/06\/\u0411\u0435\u0437-\u0438\u043c\u0435\u043d\u0438-4-4-768x432.jpg 768w, https:\/\/hand2noteguide.com\/wp-content\/uploads\/2025\/06\/\u0411\u0435\u0437-\u0438\u043c\u0435\u043d\u0438-4-4-1536x864.jpg 1536w, https:\/\/hand2noteguide.com\/wp-content\/uploads\/2025\/06\/\u0411\u0435\u0437-\u0438\u043c\u0435\u043d\u0438-4-4-772x434.jpg 772w, https:\/\/hand2noteguide.com\/wp-content\/uploads\/2025\/06\/\u0411\u0435\u0437-\u0438\u043c\u0435\u043d\u0438-4-4-624x351.jpg 624w, https:\/\/hand2noteguide.com\/wp-content\/uploads\/2025\/06\/\u0411\u0435\u0437-\u0438\u043c\u0435\u043d\u0438-4-4.jpg 1919w\" sizes=\"auto, (max-width: 1024px) 100vw, 1024px\" \/><\/figure>\n\n\n\n<p>Konfigurieren Sie anschlie\u00dfend die Kategorie:<\/p>\n\n\n\n<ol class=\"wp-block-list\">\n<li>Verwenden Sie die Pfeile in Block (8), um sie an die gew\u00fcnschte Position (9) zu verschieben.<\/li>\n\n\n\n<li>Doppelklicken Sie mit der linken Maustaste in Bereich (1), um den Namen festzulegen (im Beispiel \u2014 <em>Bet 101-135% pot<\/em>).<\/li>\n\n\n\n<li>W\u00e4hlen Sie in Bereich (2) die Aktion aus, die die Kategorie ber\u00fccksichtigen wird (im Beispiel \u2014 <em>Bet<\/em>).<\/li>\n\n\n\n<li>Geben Sie in Bereich (3) die Stra\u00dfen an, auf die sich die Aktion bezieht (im Beispiel \u2014 <em>Postflop<\/em>).<\/li>\n\n\n\n<li>Legen Sie in Bereich (4) den Einsatzgr\u00f6\u00dfenbereich als Prozentsatz des Pots fest (im Beispiel \u2014 von <em>1.01<\/em> bis <em>1.35<\/em>).<\/li>\n\n\n\n<li>Geben Sie in Bereich (5) das Verh\u00e4ltnis des effektiven Stacks des Spielers zum Pot an (im Beispiel \u2014 von <em>1.25<\/em> bis <em>\u221e<\/em>).<\/li>\n\n\n\n<li>W\u00e4hlen Sie in Bereich (6), worauf sich die Parameter aus (4) und (5) beziehen (im Beispiel \u2014 <em>Potgr\u00f6\u00dfe<\/em>).<\/li>\n\n\n\n<li>Markieren Sie in Bereich (7), ob die Kategorie All-in ber\u00fccksichtigt.<\/li>\n<\/ol>\n\n\n\n<figure class=\"wp-block-image size-large\"><img loading=\"lazy\" decoding=\"async\" width=\"1024\" height=\"576\" src=\"http:\/\/hand2noteguide.com\/wp-content\/uploads\/2025\/06\/45646456464654646-1024x576.jpg\" alt=\"\" class=\"wp-image-14135\" srcset=\"https:\/\/hand2noteguide.com\/wp-content\/uploads\/2025\/06\/45646456464654646-1024x576.jpg 1024w, https:\/\/hand2noteguide.com\/wp-content\/uploads\/2025\/06\/45646456464654646-300x169.jpg 300w, https:\/\/hand2noteguide.com\/wp-content\/uploads\/2025\/06\/45646456464654646-768x432.jpg 768w, https:\/\/hand2noteguide.com\/wp-content\/uploads\/2025\/06\/45646456464654646-1536x864.jpg 1536w, https:\/\/hand2noteguide.com\/wp-content\/uploads\/2025\/06\/45646456464654646-772x434.jpg 772w, https:\/\/hand2noteguide.com\/wp-content\/uploads\/2025\/06\/45646456464654646-624x351.jpg 624w, https:\/\/hand2noteguide.com\/wp-content\/uploads\/2025\/06\/45646456464654646.jpg 1919w\" sizes=\"auto, (max-width: 1024px) 100vw, 1024px\" \/><\/figure>\n\n\n\n<p>Nach der Konfiguration der Kategorie m\u00fcssen Sie die Datenbankstatistiken neu aufbauen, um alle vorgenommenen \u00c4nderungen anzuwenden.<\/p>\n\n\n\n<p>Dazu:<\/p>\n\n\n\n<ol class=\"wp-block-list\" start=\"1\">\n<li>Finden Sie den Punkt &#8220;Database&#8221; (1) oben im Fenster und klicken Sie darauf.<\/li>\n\n\n\n<li>W\u00e4hlen Sie im Dropdown-Men\u00fc &#8220;Clean &amp; Rebuild Statistics&#8221; (2).<\/li>\n<\/ol>\n\n\n\n<figure class=\"wp-block-image size-large\"><img loading=\"lazy\" decoding=\"async\" width=\"1024\" height=\"576\" src=\"http:\/\/hand2noteguide.com\/wp-content\/uploads\/2025\/06\/\u043f\u0440\u0430\u043f\u0440\u0430\u043f\u0440\u0430-1024x576.jpg\" alt=\"\" class=\"wp-image-14139\" srcset=\"https:\/\/hand2noteguide.com\/wp-content\/uploads\/2025\/06\/\u043f\u0440\u0430\u043f\u0440\u0430\u043f\u0440\u0430-1024x576.jpg 1024w, https:\/\/hand2noteguide.com\/wp-content\/uploads\/2025\/06\/\u043f\u0440\u0430\u043f\u0440\u0430\u043f\u0440\u0430-300x169.jpg 300w, https:\/\/hand2noteguide.com\/wp-content\/uploads\/2025\/06\/\u043f\u0440\u0430\u043f\u0440\u0430\u043f\u0440\u0430-768x432.jpg 768w, https:\/\/hand2noteguide.com\/wp-content\/uploads\/2025\/06\/\u043f\u0440\u0430\u043f\u0440\u0430\u043f\u0440\u0430-1536x864.jpg 1536w, https:\/\/hand2noteguide.com\/wp-content\/uploads\/2025\/06\/\u043f\u0440\u0430\u043f\u0440\u0430\u043f\u0440\u0430-772x434.jpg 772w, https:\/\/hand2noteguide.com\/wp-content\/uploads\/2025\/06\/\u043f\u0440\u0430\u043f\u0440\u0430\u043f\u0440\u0430-624x351.jpg 624w, https:\/\/hand2noteguide.com\/wp-content\/uploads\/2025\/06\/\u043f\u0440\u0430\u043f\u0440\u0430\u043f\u0440\u0430.jpg 1919w\" sizes=\"auto, (max-width: 1024px) 100vw, 1024px\" \/><\/figure>\n\n\n\n<p>Vor der Erstellung der neuen Einsatzgr\u00f6\u00dfenkategorie sah der Abschnitt <em>Bet Sizes<\/em> im Popup-Fenster auf Stat so aus:<\/p>\n\n\n\n<figure class=\"wp-block-image size-large\"><img loading=\"lazy\" decoding=\"async\" width=\"1024\" height=\"576\" src=\"http:\/\/hand2noteguide.com\/wp-content\/uploads\/2025\/06\/\u0411\u0435\u0437-\u0438\u043c\u0435\u043d\u0438-66565-1024x576.jpg\" alt=\"\" class=\"wp-image-14142\" srcset=\"https:\/\/hand2noteguide.com\/wp-content\/uploads\/2025\/06\/\u0411\u0435\u0437-\u0438\u043c\u0435\u043d\u0438-66565-1024x576.jpg 1024w, https:\/\/hand2noteguide.com\/wp-content\/uploads\/2025\/06\/\u0411\u0435\u0437-\u0438\u043c\u0435\u043d\u0438-66565-300x169.jpg 300w, https:\/\/hand2noteguide.com\/wp-content\/uploads\/2025\/06\/\u0411\u0435\u0437-\u0438\u043c\u0435\u043d\u0438-66565-768x432.jpg 768w, https:\/\/hand2noteguide.com\/wp-content\/uploads\/2025\/06\/\u0411\u0435\u0437-\u0438\u043c\u0435\u043d\u0438-66565-1536x864.jpg 1536w, https:\/\/hand2noteguide.com\/wp-content\/uploads\/2025\/06\/\u0411\u0435\u0437-\u0438\u043c\u0435\u043d\u0438-66565-772x434.jpg 772w, https:\/\/hand2noteguide.com\/wp-content\/uploads\/2025\/06\/\u0411\u0435\u0437-\u0438\u043c\u0435\u043d\u0438-66565-624x351.jpg 624w, https:\/\/hand2noteguide.com\/wp-content\/uploads\/2025\/06\/\u0411\u0435\u0437-\u0438\u043c\u0435\u043d\u0438-66565.jpg 1919w\" sizes=\"auto, (max-width: 1024px) 100vw, 1024px\" \/><\/figure>\n\n\n\n<p>Nach der Erstellung der neuen Kategorie und der Aktualisierung der Statistiken erscheint sie nun im selben Abschnitt im Popup-Fenster auf Stat:<\/p>\n\n\n\n<figure class=\"wp-block-image size-large\"><img loading=\"lazy\" decoding=\"async\" width=\"1024\" height=\"576\" src=\"http:\/\/hand2noteguide.com\/wp-content\/uploads\/2025\/06\/\u0411\u0435\u0437-\u0438\u043c\u0435\u043d\u0438-6\u0446\u0443\u043a\u0446\u0443\u043a-1024x576.jpg\" alt=\"\" class=\"wp-image-14144\" srcset=\"https:\/\/hand2noteguide.com\/wp-content\/uploads\/2025\/06\/\u0411\u0435\u0437-\u0438\u043c\u0435\u043d\u0438-6\u0446\u0443\u043a\u0446\u0443\u043a-1024x576.jpg 1024w, https:\/\/hand2noteguide.com\/wp-content\/uploads\/2025\/06\/\u0411\u0435\u0437-\u0438\u043c\u0435\u043d\u0438-6\u0446\u0443\u043a\u0446\u0443\u043a-300x169.jpg 300w, https:\/\/hand2noteguide.com\/wp-content\/uploads\/2025\/06\/\u0411\u0435\u0437-\u0438\u043c\u0435\u043d\u0438-6\u0446\u0443\u043a\u0446\u0443\u043a-768x432.jpg 768w, https:\/\/hand2noteguide.com\/wp-content\/uploads\/2025\/06\/\u0411\u0435\u0437-\u0438\u043c\u0435\u043d\u0438-6\u0446\u0443\u043a\u0446\u0443\u043a-1536x864.jpg 1536w, https:\/\/hand2noteguide.com\/wp-content\/uploads\/2025\/06\/\u0411\u0435\u0437-\u0438\u043c\u0435\u043d\u0438-6\u0446\u0443\u043a\u0446\u0443\u043a-772x434.jpg 772w, https:\/\/hand2noteguide.com\/wp-content\/uploads\/2025\/06\/\u0411\u0435\u0437-\u0438\u043c\u0435\u043d\u0438-6\u0446\u0443\u043a\u0446\u0443\u043a-624x351.jpg 624w, https:\/\/hand2noteguide.com\/wp-content\/uploads\/2025\/06\/\u0411\u0435\u0437-\u0438\u043c\u0435\u043d\u0438-6\u0446\u0443\u043a\u0446\u0443\u043a.jpg 1919w\" sizes=\"auto, (max-width: 1024px) 100vw, 1024px\" \/><\/figure>\n\n\n\n<p>Dies erm\u00f6glicht es Ihnen, Einsatzgr\u00f6\u00dfenkategorien f\u00fcr spezifische Bed\u00fcrfnisse anzupassen, die Analyse zu verbessern und mehr Schwachstellen im Spiel der Gegner zu finden.<\/p>\n\n\n\n<p>Beachten Sie, dass Sie auch <a href=\"https:\/\/hand2noteguide.com\/de\/user-manual\/setting-up-board-categories\/\">Board-Texturen<\/a> und <a href=\"https:\/\/hand2noteguide.com\/de\/user-manual\/setting-up-hand-ranges\/\">Handst\u00e4rkeranges<\/a> anpassen k\u00f6nnen.<\/p>\n","protected":false},"excerpt":{"rendered":"<p>Hand2Note erm\u00f6glicht es Ihnen, Einsatzgr\u00f6\u00dfenkategorien zu bearbeiten und zu erstellen, die im erweiterten Popup auf Stat angezeigt werden. Dies erm\u00f6glicht es Ihnen, nicht nur die allgemeinen statistischen Werte zu sehen, sondern sie auch je nach verschiedenen Einsatzgr\u00f6\u00dfen zu analysieren. Einsatzgr\u00f6\u00dfenkategorien werden im Popup-Fenster auf Stat im Tab &#8220;Bet Sizes&#8221; angezeigt. Sie enthalten Erl\u00e4uterungen zu den &hellip; <a href=\"https:\/\/hand2noteguide.com\/de\/user-manual\/bet-sizing-cetegories\/\" class=\"more-link\">Continue reading <span class=\"screen-reader-text\">Festlegen von Einsatzgr\u00f6\u00dfenkategorien<\/span><\/a><\/p>\n","protected":false},"author":3,"featured_media":14107,"parent":9199,"menu_order":0,"comment_status":"closed","ping_status":"closed","template":"","meta":{"footnotes":""},"class_list":["post-14100","page","type-page","status-publish","has-post-thumbnail","hentry"],"translation":{"provider":"WPGlobus","version":"3.0.2","language":"de","enabled_languages":["en","ru","pt","zh","es","fr","de","it","ja"],"languages":{"en":{"title":true,"content":true,"excerpt":false},"ru":{"title":true,"content":true,"excerpt":false},"pt":{"title":true,"content":true,"excerpt":false},"zh":{"title":true,"content":true,"excerpt":false},"es":{"title":true,"content":true,"excerpt":false},"fr":{"title":true,"content":true,"excerpt":false},"de":{"title":true,"content":true,"excerpt":false},"it":{"title":true,"content":true,"excerpt":false},"ja":{"title":true,"content":true,"excerpt":false}}},"yoast_head":"<!-- This site is optimized with the Yoast SEO plugin v27.0 - https:\/\/yoast.com\/product\/yoast-seo-wordpress\/ -->\n<title>Festlegen von Einsatzgr\u00f6\u00dfenkategorien in Hand2Note<\/title>\n<meta name=\"description\" content=\"Konfigurieren Sie Einsatzgr\u00f6\u00dfenkategorien in Hand2Note, um die Spielanalyse zu verbessern. Erfahren Sie, wie Sie Kategorien erstellen und bearbeiten, um genauere Statistiken zu erhalten.\" \/>\n<meta name=\"robots\" content=\"index, follow, max-snippet:-1, max-image-preview:large, max-video-preview:-1\" \/>\n<link rel=\"canonical\" href=\"https:\/\/hand2noteguide.com\/user-manual\/bet-sizing-cetegories\/\" \/>\n<meta property=\"og:locale\" content=\"de_DE\" \/>\n<meta property=\"og:type\" content=\"article\" \/>\n<meta property=\"og:title\" content=\"Festlegen von Einsatzgr\u00f6\u00dfenkategorien in Hand2Note\" \/>\n<meta property=\"og:description\" content=\"Konfigurieren Sie Einsatzgr\u00f6\u00dfenkategorien in Hand2Note, um die Spielanalyse zu verbessern. Erfahren Sie, wie Sie Kategorien erstellen und bearbeiten, um genauere Statistiken zu erhalten.\" \/>\n<meta property=\"og:url\" content=\"https:\/\/hand2noteguide.com\/user-manual\/bet-sizing-cetegories\/\" \/>\n<meta property=\"og:site_name\" content=\"Hand2Note Guide\" \/>\n<meta property=\"article:modified_time\" content=\"2026-03-10T08:38:53+00:00\" \/>\n<meta property=\"og:image\" content=\"https:\/\/hand2noteguide.com\/wp-content\/uploads\/2025\/06\/\u041a\u0430\u0442\u0435\u0433\u043e\u0440\u0438\u0438-\u0440\u0430\u0437\u043c\u0435\u0440\u043e\u0432-\u0441\u0442\u0430\u0432\u043e\u043a222.jpg\" \/>\n\t<meta property=\"og:image:width\" content=\"1920\" \/>\n\t<meta property=\"og:image:height\" content=\"1080\" \/>\n\t<meta property=\"og:image:type\" content=\"image\/jpeg\" \/>\n<meta name=\"twitter:card\" content=\"summary_large_image\" \/>\n<meta name=\"twitter:label1\" content=\"Est. reading time\" \/>\n\t<meta name=\"twitter:data1\" content=\"26 minutes\" \/>\n<!-- \/ Yoast SEO plugin. -->","yoast_head_json":{"title":"Festlegen von Einsatzgr\u00f6\u00dfenkategorien in Hand2Note","description":"Konfigurieren Sie Einsatzgr\u00f6\u00dfenkategorien in Hand2Note, um die Spielanalyse zu verbessern. Erfahren Sie, wie Sie Kategorien erstellen und bearbeiten, um genauere Statistiken zu erhalten.","robots":{"index":"index","follow":"follow","max-snippet":"max-snippet:-1","max-image-preview":"max-image-preview:large","max-video-preview":"max-video-preview:-1"},"canonical":"https:\/\/hand2noteguide.com\/user-manual\/bet-sizing-cetegories\/","og_locale":"de_DE","og_type":"article","og_title":"Festlegen von Einsatzgr\u00f6\u00dfenkategorien in Hand2Note","og_description":"Konfigurieren Sie Einsatzgr\u00f6\u00dfenkategorien in Hand2Note, um die Spielanalyse zu verbessern. Erfahren Sie, wie Sie Kategorien erstellen und bearbeiten, um genauere Statistiken zu erhalten.","og_url":"https:\/\/hand2noteguide.com\/user-manual\/bet-sizing-cetegories\/","og_site_name":"Hand2Note Guide","article_modified_time":"2026-03-10T08:38:53+00:00","og_image":[{"width":1920,"height":1080,"url":"https:\/\/hand2noteguide.com\/wp-content\/uploads\/2025\/06\/\u041a\u0430\u0442\u0435\u0433\u043e\u0440\u0438\u0438-\u0440\u0430\u0437\u043c\u0435\u0440\u043e\u0432-\u0441\u0442\u0430\u0432\u043e\u043a222.jpg","type":"image\/jpeg"}],"twitter_card":"summary_large_image","twitter_misc":{"Est. reading time":"26 minutes"},"schema":{"@context":"https:\/\/schema.org","@graph":[]}},"jetpack_sharing_enabled":true,"_links":{"self":[{"href":"https:\/\/hand2noteguide.com\/de\/wp-json\/wp\/v2\/pages\/14100","targetHints":{"allow":["GET"]}}],"collection":[{"href":"https:\/\/hand2noteguide.com\/de\/wp-json\/wp\/v2\/pages"}],"about":[{"href":"https:\/\/hand2noteguide.com\/de\/wp-json\/wp\/v2\/types\/page"}],"author":[{"embeddable":true,"href":"https:\/\/hand2noteguide.com\/de\/wp-json\/wp\/v2\/users\/3"}],"replies":[{"embeddable":true,"href":"https:\/\/hand2noteguide.com\/de\/wp-json\/wp\/v2\/comments?post=14100"}],"version-history":[{"count":68,"href":"https:\/\/hand2noteguide.com\/de\/wp-json\/wp\/v2\/pages\/14100\/revisions"}],"predecessor-version":[{"id":15640,"href":"https:\/\/hand2noteguide.com\/de\/wp-json\/wp\/v2\/pages\/14100\/revisions\/15640"}],"up":[{"embeddable":true,"href":"https:\/\/hand2noteguide.com\/de\/wp-json\/wp\/v2\/pages\/9199"}],"wp:featuredmedia":[{"embeddable":true,"href":"https:\/\/hand2noteguide.com\/de\/wp-json\/wp\/v2\/media\/14107"}],"wp:attachment":[{"href":"https:\/\/hand2noteguide.com\/de\/wp-json\/wp\/v2\/media?parent=14100"}],"curies":[{"name":"wp","href":"https:\/\/api.w.org\/{rel}","templated":true}]}}