{"id":14179,"date":"2025-06-22T14:52:53","date_gmt":"2025-06-22T11:52:53","guid":{"rendered":"https:\/\/hand2noteguide.com\/?page_id=14179"},"modified":"2026-03-10T11:39:54","modified_gmt":"2026-03-10T08:39:54","slug":"popup-on-stat","status":"publish","type":"page","link":"https:\/\/hand2noteguide.com\/de\/user-manual\/popup-on-stat\/","title":{"rendered":"Erweiterte Popup auf Stat"},"content":{"rendered":"\n<p>Hand2Note erm\u00f6glicht es Ihnen, ein Popup auf einem Stat anzuzeigen, indem Sie den Mauszeiger \u00fcber die Stats im Popup oder HUD bewegen oder darauf klicken. Es enth\u00e4lt detaillierte Informationen wie Preflop-Ranges, Bet-Size-Kategorien, Handst\u00e4rke-Diagramme, WinRate der Stat-Ausf\u00fchrung und viele andere.<\/p>\n\n\n\n<p>In diesem Artikel werden wir die Informationen und M\u00f6glichkeiten, die das Popup auf einem Stat bietet, detailliert betrachten.<\/p>\n\n\n\n<h2 class=\"wp-block-heading\">Wie man ein Popup auf einem Stat in Hand2Note ausl\u00f6st und welche Informationen es bietet<\/h2>\n\n\n\n<p>Das \u00d6ffnen eines Popups auf einem Stat in Hand2Note erfolgt entweder durch Bewegen des Mauszeigers \u00fcber einen Stat im HUD oder Popup oder durch Klicken auf den Stat mit der linken Maustaste (LMB). Es enth\u00e4lt detaillierte, erweiterte Informationen \u00fcber den Stat.<\/p>\n\n\n\n<p>Das Popup auf einem Stat wird in zwei Varianten angezeigt:<\/p>\n\n\n\n<ol class=\"wp-block-list\" start=\"1\">\n<li><strong>F\u00fcr Preflop-Statistiken (1)<\/strong> &#8211; zum Beispiel f\u00fcr den Stat &#8220;Raise 1st in&#8221;, der die Open-Raise-H\u00e4ufigkeit des Spielers zeigt.<\/li>\n\n\n\n<li><strong>F\u00fcr Postflop-Statistiken (2)<\/strong> &#8211; zum Beispiel f\u00fcr den Stat &#8220;Raise 1st &#8211; Continuation Bet&#8221;, der die Continuation-Bet-H\u00e4ufigkeit des Spielers auf dem Flop zeigt.<\/li>\n<\/ol>\n\n\n\n<figure class=\"wp-block-image size-large\"><img loading=\"lazy\" decoding=\"async\" width=\"1024\" height=\"576\" src=\"http:\/\/hand2noteguide.com\/wp-content\/uploads\/2025\/06\/\u044b\u0432\u0430\u043f\u0440-1024x576.jpg\" alt=\"\" class=\"wp-image-14196\" srcset=\"https:\/\/hand2noteguide.com\/wp-content\/uploads\/2025\/06\/\u044b\u0432\u0430\u043f\u0440-1024x576.jpg 1024w, https:\/\/hand2noteguide.com\/wp-content\/uploads\/2025\/06\/\u044b\u0432\u0430\u043f\u0440-300x169.jpg 300w, https:\/\/hand2noteguide.com\/wp-content\/uploads\/2025\/06\/\u044b\u0432\u0430\u043f\u0440-768x432.jpg 768w, https:\/\/hand2noteguide.com\/wp-content\/uploads\/2025\/06\/\u044b\u0432\u0430\u043f\u0440-1536x864.jpg 1536w, https:\/\/hand2noteguide.com\/wp-content\/uploads\/2025\/06\/\u044b\u0432\u0430\u043f\u0440-772x434.jpg 772w, https:\/\/hand2noteguide.com\/wp-content\/uploads\/2025\/06\/\u044b\u0432\u0430\u043f\u0440-624x351.jpg 624w, https:\/\/hand2noteguide.com\/wp-content\/uploads\/2025\/06\/\u044b\u0432\u0430\u043f\u0440.jpg 1919w\" sizes=\"auto, (max-width: 1024px) 100vw, 1024px\" \/><\/figure>\n\n\n\n<h3 class=\"wp-block-heading\">Popup auf Stat f\u00fcr Preflop-Statistiken<\/h3>\n\n\n\n<p>Das Popup auf einem Stat f\u00fcr Preflop-Statistiken enth\u00e4lt die folgenden Elemente:<\/p>\n\n\n\n<div class=\"wp-block-group is-vertical is-content-justification-center is-layout-flex wp-container-core-group-is-layout-4b2eccd6 wp-block-group-is-layout-flex\">\n<div class=\"wp-block-group is-content-justification-center is-nowrap is-layout-flex wp-container-core-group-is-layout-079bfc22 wp-block-group-is-layout-flex\">\n<figure class=\"wp-block-image size-full\"><img loading=\"lazy\" decoding=\"async\" width=\"402\" height=\"638\" src=\"http:\/\/hand2noteguide.com\/wp-content\/uploads\/2025\/06\/\u0440\u0435\u0439\u0437.jpg\" alt=\"\" class=\"wp-image-14207\" srcset=\"https:\/\/hand2noteguide.com\/wp-content\/uploads\/2025\/06\/\u0440\u0435\u0439\u0437.jpg 402w, https:\/\/hand2noteguide.com\/wp-content\/uploads\/2025\/06\/\u0440\u0435\u0439\u0437-189x300.jpg 189w, https:\/\/hand2noteguide.com\/wp-content\/uploads\/2025\/06\/\u0440\u0435\u0439\u0437-393x624.jpg 393w\" sizes=\"auto, (max-width: 402px) 100vw, 402px\" \/><\/figure>\n\n\n\n<figure class=\"wp-block-image size-full\"><img loading=\"lazy\" decoding=\"async\" width=\"403\" height=\"644\" src=\"http:\/\/hand2noteguide.com\/wp-content\/uploads\/2025\/06\/\u043a\u043e\u043b\u043b.jpg\" alt=\"\" class=\"wp-image-14208\" srcset=\"https:\/\/hand2noteguide.com\/wp-content\/uploads\/2025\/06\/\u043a\u043e\u043b\u043b.jpg 403w, https:\/\/hand2noteguide.com\/wp-content\/uploads\/2025\/06\/\u043a\u043e\u043b\u043b-188x300.jpg 188w, https:\/\/hand2noteguide.com\/wp-content\/uploads\/2025\/06\/\u043a\u043e\u043b\u043b-390x624.jpg 390w\" sizes=\"auto, (max-width: 403px) 100vw, 403px\" \/><\/figure>\n<\/div>\n\n\n\n<div class=\"wp-block-group is-content-justification-center is-nowrap is-layout-flex wp-container-core-group-is-layout-079bfc22 wp-block-group-is-layout-flex\">\n<figure class=\"wp-block-image size-full\"><img loading=\"lazy\" decoding=\"async\" width=\"403\" height=\"637\" src=\"http:\/\/hand2noteguide.com\/wp-content\/uploads\/2025\/06\/\u0447\u0435\u043a.jpg\" alt=\"\" class=\"wp-image-14204\" srcset=\"https:\/\/hand2noteguide.com\/wp-content\/uploads\/2025\/06\/\u0447\u0435\u043a.jpg 403w, https:\/\/hand2noteguide.com\/wp-content\/uploads\/2025\/06\/\u0447\u0435\u043a-190x300.jpg 190w, https:\/\/hand2noteguide.com\/wp-content\/uploads\/2025\/06\/\u0447\u0435\u043a-395x624.jpg 395w\" sizes=\"auto, (max-width: 403px) 100vw, 403px\" \/><\/figure>\n\n\n\n<figure class=\"wp-block-image size-full\"><img loading=\"lazy\" decoding=\"async\" width=\"403\" height=\"547\" src=\"http:\/\/hand2noteguide.com\/wp-content\/uploads\/2025\/06\/\u0431\u0435\u0442-\u0441\u0430\u0439\u0437\u0438\u043d\u0433.jpg\" alt=\"\" class=\"wp-image-14205\" srcset=\"https:\/\/hand2noteguide.com\/wp-content\/uploads\/2025\/06\/\u0431\u0435\u0442-\u0441\u0430\u0439\u0437\u0438\u043d\u0433.jpg 403w, https:\/\/hand2noteguide.com\/wp-content\/uploads\/2025\/06\/\u0431\u0435\u0442-\u0441\u0430\u0439\u0437\u0438\u043d\u0433-221x300.jpg 221w\" sizes=\"auto, (max-width: 403px) 100vw, 403px\" \/><\/figure>\n\n\n\n<figure class=\"wp-block-image size-large\"><img loading=\"lazy\" decoding=\"async\" width=\"1024\" height=\"779\" src=\"http:\/\/hand2noteguide.com\/wp-content\/uploads\/2025\/06\/\u0445\u0435\u043d\u0434\u0441-1024x779.jpg\" alt=\"\" class=\"wp-image-14206\" srcset=\"https:\/\/hand2noteguide.com\/wp-content\/uploads\/2025\/06\/\u0445\u0435\u043d\u0434\u0441-1024x779.jpg 1024w, https:\/\/hand2noteguide.com\/wp-content\/uploads\/2025\/06\/\u0445\u0435\u043d\u0434\u0441-300x228.jpg 300w, https:\/\/hand2noteguide.com\/wp-content\/uploads\/2025\/06\/\u0445\u0435\u043d\u0434\u0441-768x584.jpg 768w, https:\/\/hand2noteguide.com\/wp-content\/uploads\/2025\/06\/\u0445\u0435\u043d\u0434\u0441-772x587.jpg 772w, https:\/\/hand2noteguide.com\/wp-content\/uploads\/2025\/06\/\u0445\u0435\u043d\u0434\u0441-624x475.jpg 624w, https:\/\/hand2noteguide.com\/wp-content\/uploads\/2025\/06\/\u0445\u0435\u043d\u0434\u0441.jpg 1036w\" sizes=\"auto, (max-width: 1024px) 100vw, 1024px\" \/><\/figure>\n<\/div>\n<\/div>\n\n\n\n<ol class=\"wp-block-list\" start=\"1\">\n<li>Stat-Name\n<ul class=\"wp-block-list\">\n<li>Wenn Sie \u00fcber den Kreis am Ende des Namens fahren, wird die logische Bedingung des Stats angezeigt.<\/li>\n<\/ul>\n<\/li>\n\n\n\n<li>Notizen-Einrichtung\n<ul class=\"wp-block-list\">\n<li>Eine Zeile zum Einrichten von <a href=\"https:\/\/hand2noteguide.com\/de\/user-manual\/the-use-and-possibilities-of-notes-in-hand2note\/\">Notizen zum Spielerstat<\/a>.<\/li>\n<\/ul>\n<\/li>\n\n\n\n<li>Allgemeine Parameter\n<ul class=\"wp-block-list\">\n<li>Stat-Wert \u2014 Gesamtfrequenz (in %) der Stat-Ausf\u00fchrung.<\/li>\n\n\n\n<li>Stat-Wert Vs-User \u2014 Frequenz der Stat-Ausf\u00fchrung (in %), gegen Sie.<\/li>\n\n\n\n<li>Aktionsprofit \u2014 Rentabilit\u00e4t der Aktion.<\/li>\n\n\n\n<li>Gewonnene H\u00e4nde \u2014 Anzahl der gewonnenen H\u00e4nde (in %).<\/li>\n\n\n\n<li>WTSD (Went to Showdown) \u2014 H\u00e4ufigkeit des Erreichens des Showdowns.<\/li>\n\n\n\n<li>Und andere Parameter.<br><em>Alle Werte werden unter Ber\u00fccksichtigung der Stat-Bedingung berechnet.<\/em><\/li>\n<\/ul>\n<\/li>\n\n\n\n<li>&#8220;Raise&#8221;-Tab\n<ul class=\"wp-block-list\">\n<li>Wenn die Stat-Aktion ein Raise ist, wird dessen Preflop-Range (Preflop-Kategorien) angezeigt.<\/li>\n\n\n\n<li>Wenn nicht, wird die Raise-Range als alternative Aktion angezeigt.<\/li>\n<\/ul>\n<\/li>\n\n\n\n<li>&#8220;Call&#8221;-Tab\n<ul class=\"wp-block-list\">\n<li>Wenn die Stat-Aktion ein Call ist, wird dessen Preflop-Range (Preflop-Kategorien) angezeigt.<\/li>\n\n\n\n<li>Wenn nicht, wird die Call-Range als alternative Aktion angezeigt.<\/li>\n<\/ul>\n<\/li>\n\n\n\n<li>&#8220;Check&#8221;-Tab\n<ul class=\"wp-block-list\">\n<li>Wenn die Stat-Aktion ein Check ist, wird dessen Preflop-Range (Preflop-Kategorien) angezeigt.<\/li>\n\n\n\n<li>Wenn nicht, wird die Check-Range als alternative Aktion angezeigt.<\/li>\n<\/ul>\n<\/li>\n\n\n\n<li>&#8220;Bet Sizes&#8221;-Tab\n<ul class=\"wp-block-list\">\n<li>Zeigt Bet-Size-Kategorien f\u00fcr den ausgef\u00fchrten Stat an.<\/li>\n<\/ul>\n<\/li>\n\n\n\n<li>&#8220;Hands&#8221;-Tab\n<ul class=\"wp-block-list\">\n<li>Liste der H\u00e4nde des Spielers, die die Stat-Bedingung erf\u00fcllen.<\/li>\n<\/ul>\n<\/li>\n\n\n\n<li>Datenbereich\n<ul class=\"wp-block-list\">\n<li>Dieser Teil zeigt Werte an, die dem ausgew\u00e4hlten Tab entsprechen.<\/li>\n<\/ul>\n<\/li>\n<\/ol>\n\n\n\n<h3 class=\"wp-block-heading\">Popup auf Stat f\u00fcr Postflop-Statistiken<\/h3>\n\n\n\n<p>Das Popup auf einem Stat f\u00fcr Postflop-Statistiken enth\u00e4lt die folgenden Elemente:<\/p>\n\n\n\n<div class=\"wp-block-group is-vertical is-content-justification-center is-layout-flex wp-container-core-group-is-layout-4b2eccd6 wp-block-group-is-layout-flex\">\n<div class=\"wp-block-group is-content-justification-center is-nowrap is-layout-flex wp-container-core-group-is-layout-079bfc22 wp-block-group-is-layout-flex\">\n<figure class=\"wp-block-image size-full\"><img loading=\"lazy\" decoding=\"async\" width=\"491\" height=\"723\" src=\"http:\/\/hand2noteguide.com\/wp-content\/uploads\/2025\/06\/\u0440\u0435\u043d\u0436.jpg\" alt=\"\" class=\"wp-image-14224\" srcset=\"https:\/\/hand2noteguide.com\/wp-content\/uploads\/2025\/06\/\u0440\u0435\u043d\u0436.jpg 491w, https:\/\/hand2noteguide.com\/wp-content\/uploads\/2025\/06\/\u0440\u0435\u043d\u0436-204x300.jpg 204w, https:\/\/hand2noteguide.com\/wp-content\/uploads\/2025\/06\/\u0440\u0435\u043d\u0436-424x624.jpg 424w\" sizes=\"auto, (max-width: 491px) 100vw, 491px\" \/><\/figure>\n\n\n\n<figure class=\"wp-block-image size-full\"><img loading=\"lazy\" decoding=\"async\" width=\"591\" height=\"526\" src=\"http:\/\/hand2noteguide.com\/wp-content\/uploads\/2025\/06\/\u0431\u043e\u0440\u0434.jpg\" alt=\"\" class=\"wp-image-14225\" srcset=\"https:\/\/hand2noteguide.com\/wp-content\/uploads\/2025\/06\/\u0431\u043e\u0440\u0434.jpg 591w, https:\/\/hand2noteguide.com\/wp-content\/uploads\/2025\/06\/\u0431\u043e\u0440\u0434-300x267.jpg 300w\" sizes=\"auto, (max-width: 591px) 100vw, 591px\" \/><\/figure>\n<\/div>\n\n\n\n<div class=\"wp-block-group is-content-justification-center is-nowrap is-layout-flex wp-container-core-group-is-layout-35f56f29 wp-block-group-is-layout-flex\">\n<figure class=\"wp-block-image size-full\"><img loading=\"lazy\" decoding=\"async\" width=\"634\" height=\"529\" src=\"http:\/\/hand2noteguide.com\/wp-content\/uploads\/2025\/06\/\u0431\u0435\u0442-\u0441\u0430\u0439\u0437\u0438\u043d\u04332.jpg\" alt=\"\" class=\"wp-image-14226\" srcset=\"https:\/\/hand2noteguide.com\/wp-content\/uploads\/2025\/06\/\u0431\u0435\u0442-\u0441\u0430\u0439\u0437\u0438\u043d\u04332.jpg 634w, https:\/\/hand2noteguide.com\/wp-content\/uploads\/2025\/06\/\u0431\u0435\u0442-\u0441\u0430\u0439\u0437\u0438\u043d\u04332-300x250.jpg 300w, https:\/\/hand2noteguide.com\/wp-content\/uploads\/2025\/06\/\u0431\u0435\u0442-\u0441\u0430\u0439\u0437\u0438\u043d\u04332-624x521.jpg 624w\" sizes=\"auto, (max-width: 634px) 100vw, 634px\" \/><\/figure>\n\n\n\n<figure class=\"wp-block-image size-full\"><img loading=\"lazy\" decoding=\"async\" width=\"1019\" height=\"788\" src=\"http:\/\/hand2noteguide.com\/wp-content\/uploads\/2025\/06\/\u0445\u0435\u043d\u0434\u04412.jpg\" alt=\"\" class=\"wp-image-14227\" srcset=\"https:\/\/hand2noteguide.com\/wp-content\/uploads\/2025\/06\/\u0445\u0435\u043d\u0434\u04412.jpg 1019w, https:\/\/hand2noteguide.com\/wp-content\/uploads\/2025\/06\/\u0445\u0435\u043d\u0434\u04412-300x232.jpg 300w, https:\/\/hand2noteguide.com\/wp-content\/uploads\/2025\/06\/\u0445\u0435\u043d\u0434\u04412-768x594.jpg 768w, https:\/\/hand2noteguide.com\/wp-content\/uploads\/2025\/06\/\u0445\u0435\u043d\u0434\u04412-772x597.jpg 772w, https:\/\/hand2noteguide.com\/wp-content\/uploads\/2025\/06\/\u0445\u0435\u043d\u0434\u04412-624x483.jpg 624w\" sizes=\"auto, (max-width: 1019px) 100vw, 1019px\" \/><\/figure>\n<\/div>\n<\/div>\n\n\n\n<ul class=\"wp-block-list\">\n<ol class=\"wp-block-list\" start=\"1\">\n<li>Stat-Name\n<ul class=\"wp-block-list\">\n<li>Wenn Sie \u00fcber den Kreis am Ende des Namens fahren, wird die logische Bedingung des Stats angezeigt.<\/li>\n<\/ul>\n<\/li>\n\n\n\n<li>Notizen-Einrichtung\n<ul class=\"wp-block-list\">\n<li>Eine Zeile zum Einrichten von Notizen zum Spielerstat.<\/li>\n<\/ul>\n<\/li>\n\n\n\n<li>Allgemeine Parameter\n<ul class=\"wp-block-list\">\n<li>Stat-Wert \u2014 Gesamtfrequenz (in %) der Stat-Ausf\u00fchrung.<\/li>\n\n\n\n<li>Stat-Wert Vs-User \u2014 Frequenz der Stat-Ausf\u00fchrung (in %), gegen Sie.<\/li>\n\n\n\n<li>Aktionsprofit \u2014 Rentabilit\u00e4t der Aktion.<\/li>\n\n\n\n<li>Gewonnene H\u00e4nde \u2014 Anzahl der gewonnenen H\u00e4nde (in %).<\/li>\n\n\n\n<li>WTSD (Went to Showdown) \u2014 H\u00e4ufigkeit des Erreichens des Showdowns.<\/li>\n\n\n\n<li>Und andere Parameter.<br><em>Alle Werte werden unter Ber\u00fccksichtigung der Stat-Bedingung berechnet.<\/em><\/li>\n<\/ul>\n<\/li>\n\n\n\n<li>&#8220;Range&#8221;-Tab\n<ul class=\"wp-block-list\">\n<li>Zeigt den Handst\u00e4rkeinhalt in Form von Histogrammen an.<\/li>\n<\/ul>\n<\/li>\n\n\n\n<li>&#8220;Boards&#8221;-Tab\n<ul class=\"wp-block-list\">\n<li>Zeigt die Frequenzen der Stat-Ausf\u00fchrung (in %) und Handst\u00e4rke-Histogramme, verteilt auf verschiedene Board-Typen.<\/li>\n<\/ul>\n<\/li>\n\n\n\n<li>&#8220;Bet Sizes&#8221;-Tab\n<ul class=\"wp-block-list\">\n<li>Zeigt Bet-Size-Kategorien f\u00fcr den ausgef\u00fchrten Stat und ein Handst\u00e4rke-Histogramm f\u00fcr jede von ihnen an.<\/li>\n<\/ul>\n<\/li>\n\n\n\n<li>&#8220;Hands&#8221;-Tab\n<ul class=\"wp-block-list\">\n<li>Liste der H\u00e4nde des Spielers, die die Stat-Bedingung erf\u00fcllen.<\/li>\n<\/ul>\n<\/li>\n\n\n\n<li>Datenbereich\n<ul class=\"wp-block-list\">\n<li>Dieser Teil zeigt Werte an, die dem ausgew\u00e4hlten Tab entsprechen.<\/li>\n<\/ul>\n<\/li>\n<\/ol>\n<\/ul>\n\n\n\n<h2 class=\"wp-block-heading\">Einstellungen zum Ausl\u00f6sen eines Popups auf einem Stat<\/h2>\n\n\n\n<p>Das Ausl\u00f6sen eines Popups auf einem Stat im HUD oder Popup kann konfiguriert werden. Dazu gehen Sie im Hauptfenster von Hand2Note zu den Einstellungen, indem Sie &#8220;Configuration&#8221; (1) ausw\u00e4hlen. Dann \u00f6ffnen Sie das &#8220;HUD&#8221;-Men\u00fc (2).<\/p>\n\n\n\n<figure class=\"wp-block-image size-large\"><img loading=\"lazy\" decoding=\"async\" width=\"1024\" height=\"576\" src=\"http:\/\/hand2noteguide.com\/wp-content\/uploads\/2025\/06\/78778878-1024x576.jpg\" alt=\"\" class=\"wp-image-14187\" srcset=\"https:\/\/hand2noteguide.com\/wp-content\/uploads\/2025\/06\/78778878-1024x576.jpg 1024w, https:\/\/hand2noteguide.com\/wp-content\/uploads\/2025\/06\/78778878-300x169.jpg 300w, https:\/\/hand2noteguide.com\/wp-content\/uploads\/2025\/06\/78778878-768x432.jpg 768w, https:\/\/hand2noteguide.com\/wp-content\/uploads\/2025\/06\/78778878-1536x864.jpg 1536w, https:\/\/hand2noteguide.com\/wp-content\/uploads\/2025\/06\/78778878-772x434.jpg 772w, https:\/\/hand2noteguide.com\/wp-content\/uploads\/2025\/06\/78778878-624x351.jpg 624w, https:\/\/hand2noteguide.com\/wp-content\/uploads\/2025\/06\/78778878.jpg 1919w\" sizes=\"auto, (max-width: 1024px) 100vw, 1024px\" \/><\/figure>\n\n\n\n<p>In den <a href=\"https:\/\/hand2noteguide.com\/de\/user-manual\/basic-settings-for-displaying-the-hada-in-hand2note\/\">HUD-Einstellungen<\/a> k\u00f6nnen Sie auch die Anzeige des Popups auf einem Stat mit den folgenden Elementen konfigurieren:<\/p>\n\n\n\n<ul class=\"wp-block-list\">\n<li>&#8220;Open popup on stat and main popup by left and right clicks&#8221; (3) &#8211; wenn diese Option aktiviert ist, erfolgt das \u00d6ffnen eines Popups auf einem Stat durch Klicken auf den LMB auf den Stat anstelle des Bewegen des Mauszeigers;<\/li>\n\n\n\n<li>Wenn die Option &#8220;Open popup on stat and main popup by left and right clicks&#8221; deaktiviert ist, k\u00f6nnen Sie die Verz\u00f6gerung f\u00fcr das \u00d6ffnen des Popups beim \u00dcberfahren eines Stats mit der Option &#8220;Delay to open popup on stat after mouse hover (in milliseconds)&#8221; (4) einstellen (der Wert wird in Millisekunden angegeben). Die Verz\u00f6gerung ist erforderlich, damit Popups nur dann ge\u00f6ffnet werden, wenn Sie es wirklich wollen, und nicht bei jedem versehentlichen \u00dcberfahren der Stats mit der Maus flackern.<\/li>\n<\/ul>\n\n\n\n<h2 class=\"wp-block-heading\">Fazit<\/h2>\n\n\n\n<p>Das Popup auf einem Stat bietet wertvolle analytische Daten, die sowohl bei der Analyse von H\u00e4nden als auch direkt w\u00e4hrend des Spiels verwendet werden k\u00f6nnen. Die meisten Parameter sind fein einstellbar, sodass das Tool an die individuellen Bed\u00fcrfnisse des Spielers angepasst werden kann.<\/p>\n\n\n\n<p>Wir empfehlen auch, zus\u00e4tzliche Materialien zur Arbeit mit dem Popup auf einem Stat zu studieren:<\/p>\n\n\n\n<ul class=\"wp-block-list\">\n<li><a href=\"https:\/\/hand2noteguide.com\/de\/user-manual\/bet-sizing-cetegories\/\">Einstellung der Bet-Size-Kategorien<\/a><\/li>\n\n\n\n<li><a href=\"https:\/\/hand2noteguide.com\/de\/user-manual\/setting-up-board-categories\/\">Einstellung der Board-Texturen<\/a><\/li>\n\n\n\n<li><a href=\"https:\/\/hand2noteguide.com\/de\/user-manual\/setting-up-hand-ranges\/\">Einstellung der Hand-Ranges<\/a><\/li>\n<\/ul>\n","protected":false},"excerpt":{"rendered":"<p>Hand2Note erm\u00f6glicht es Ihnen, ein Popup auf einem Stat anzuzeigen, indem Sie den Mauszeiger \u00fcber die Stats im Popup oder HUD bewegen oder darauf klicken. Es enth\u00e4lt detaillierte Informationen wie Preflop-Ranges, Bet-Size-Kategorien, Handst\u00e4rke-Diagramme, WinRate der Stat-Ausf\u00fchrung und viele andere. In diesem Artikel werden wir die Informationen und M\u00f6glichkeiten, die das Popup auf einem Stat bietet, &hellip; <a href=\"https:\/\/hand2noteguide.com\/de\/user-manual\/popup-on-stat\/\" class=\"more-link\">Continue reading <span class=\"screen-reader-text\">Erweiterte Popup auf Stat<\/span><\/a><\/p>\n","protected":false},"author":3,"featured_media":14181,"parent":9199,"menu_order":0,"comment_status":"closed","ping_status":"closed","template":"","meta":{"footnotes":""},"class_list":["post-14179","page","type-page","status-publish","has-post-thumbnail","hentry"],"translation":{"provider":"WPGlobus","version":"3.0.2","language":"de","enabled_languages":["en","ru","pt","zh","es","fr","de","it","ja"],"languages":{"en":{"title":true,"content":true,"excerpt":false},"ru":{"title":true,"content":true,"excerpt":false},"pt":{"title":true,"content":true,"excerpt":false},"zh":{"title":true,"content":true,"excerpt":false},"es":{"title":true,"content":true,"excerpt":false},"fr":{"title":true,"content":true,"excerpt":false},"de":{"title":true,"content":true,"excerpt":false},"it":{"title":true,"content":true,"excerpt":false},"ja":{"title":true,"content":true,"excerpt":false}}},"yoast_head":"<!-- This site is optimized with the Yoast SEO plugin v27.0 - https:\/\/yoast.com\/product\/yoast-seo-wordpress\/ -->\n<title>Erweitertes Popup auf Stat in Hand2Note<\/title>\n<meta name=\"description\" content=\"Erfahren Sie, wie Sie erweiterte Popups auf Stat in Hand2Note zur Analyse von Preflop- und Postflop-Statistiken nutzen k\u00f6nnen, um Ihr Spiel zu verbessern.\" \/>\n<meta name=\"robots\" content=\"index, follow, max-snippet:-1, max-image-preview:large, max-video-preview:-1\" \/>\n<link rel=\"canonical\" href=\"https:\/\/hand2noteguide.com\/user-manual\/popup-on-stat\/\" \/>\n<meta property=\"og:locale\" content=\"de_DE\" \/>\n<meta property=\"og:type\" content=\"article\" \/>\n<meta property=\"og:title\" content=\"Erweitertes Popup auf Stat in Hand2Note\" \/>\n<meta property=\"og:description\" content=\"Erfahren Sie, wie Sie erweiterte Popups auf Stat in Hand2Note zur Analyse von Preflop- und Postflop-Statistiken nutzen k\u00f6nnen, um Ihr Spiel zu verbessern.\" \/>\n<meta property=\"og:url\" content=\"https:\/\/hand2noteguide.com\/user-manual\/popup-on-stat\/\" \/>\n<meta property=\"og:site_name\" content=\"Hand2Note Guide\" \/>\n<meta property=\"article:modified_time\" content=\"2026-03-10T08:39:54+00:00\" \/>\n<meta property=\"og:image\" content=\"https:\/\/hand2noteguide.com\/wp-content\/uploads\/2025\/06\/\u0411\u0435\u0437-\u0438\u043c\u0435\u043d\u0438-1-7.jpg\" \/>\n\t<meta property=\"og:image:width\" content=\"1920\" \/>\n\t<meta property=\"og:image:height\" content=\"1080\" \/>\n\t<meta property=\"og:image:type\" content=\"image\/jpeg\" \/>\n<meta name=\"twitter:card\" content=\"summary_large_image\" \/>\n<meta name=\"twitter:label1\" content=\"Est. reading time\" \/>\n\t<meta name=\"twitter:data1\" content=\"29 minutes\" \/>\n<!-- \/ Yoast SEO plugin. -->","yoast_head_json":{"title":"Erweitertes Popup auf Stat in Hand2Note","description":"Erfahren Sie, wie Sie erweiterte Popups auf Stat in Hand2Note zur Analyse von Preflop- und Postflop-Statistiken nutzen k\u00f6nnen, um Ihr Spiel zu verbessern.","robots":{"index":"index","follow":"follow","max-snippet":"max-snippet:-1","max-image-preview":"max-image-preview:large","max-video-preview":"max-video-preview:-1"},"canonical":"https:\/\/hand2noteguide.com\/user-manual\/popup-on-stat\/","og_locale":"de_DE","og_type":"article","og_title":"Erweitertes Popup auf Stat in Hand2Note","og_description":"Erfahren Sie, wie Sie erweiterte Popups auf Stat in Hand2Note zur Analyse von Preflop- und Postflop-Statistiken nutzen k\u00f6nnen, um Ihr Spiel zu verbessern.","og_url":"https:\/\/hand2noteguide.com\/user-manual\/popup-on-stat\/","og_site_name":"Hand2Note Guide","article_modified_time":"2026-03-10T08:39:54+00:00","og_image":[{"width":1920,"height":1080,"url":"https:\/\/hand2noteguide.com\/wp-content\/uploads\/2025\/06\/\u0411\u0435\u0437-\u0438\u043c\u0435\u043d\u0438-1-7.jpg","type":"image\/jpeg"}],"twitter_card":"summary_large_image","twitter_misc":{"Est. reading time":"29 minutes"},"schema":{"@context":"https:\/\/schema.org","@graph":[]}},"jetpack_sharing_enabled":true,"_links":{"self":[{"href":"https:\/\/hand2noteguide.com\/de\/wp-json\/wp\/v2\/pages\/14179","targetHints":{"allow":["GET"]}}],"collection":[{"href":"https:\/\/hand2noteguide.com\/de\/wp-json\/wp\/v2\/pages"}],"about":[{"href":"https:\/\/hand2noteguide.com\/de\/wp-json\/wp\/v2\/types\/page"}],"author":[{"embeddable":true,"href":"https:\/\/hand2noteguide.com\/de\/wp-json\/wp\/v2\/users\/3"}],"replies":[{"embeddable":true,"href":"https:\/\/hand2noteguide.com\/de\/wp-json\/wp\/v2\/comments?post=14179"}],"version-history":[{"count":68,"href":"https:\/\/hand2noteguide.com\/de\/wp-json\/wp\/v2\/pages\/14179\/revisions"}],"predecessor-version":[{"id":15641,"href":"https:\/\/hand2noteguide.com\/de\/wp-json\/wp\/v2\/pages\/14179\/revisions\/15641"}],"up":[{"embeddable":true,"href":"https:\/\/hand2noteguide.com\/de\/wp-json\/wp\/v2\/pages\/9199"}],"wp:featuredmedia":[{"embeddable":true,"href":"https:\/\/hand2noteguide.com\/de\/wp-json\/wp\/v2\/media\/14181"}],"wp:attachment":[{"href":"https:\/\/hand2noteguide.com\/de\/wp-json\/wp\/v2\/media?parent=14179"}],"curies":[{"name":"wp","href":"https:\/\/api.w.org\/{rel}","templated":true}]}}