{"id":142,"date":"2018-07-31T23:22:45","date_gmt":"2018-07-31T20:22:45","guid":{"rendered":"https:\/\/h2n312.wordpress.com\/?page_id=142"},"modified":"2026-04-24T04:25:36","modified_gmt":"2026-04-24T01:25:36","slug":"hand2note-official-support","status":"publish","type":"page","link":"https:\/\/hand2noteguide.com\/de\/hand2note-official-support\/","title":{"rendered":"Hand2Note Kundendienst"},"content":{"rendered":"\n<p>Bevor Sie den Hand2Note Kundendienst kontaktieren, schauen Sie sich die m\u00f6glichen L\u00f6sungen f\u00fcr Ihre Probleme an. Wenn Sie verstehen m\u00f6chten, wie eine bestimmte Funktion funktioniert, k\u00f6nnen Sie zuerst die Informationen im <a href=\"\/de\/user-manual\/\">Hand2Note Benutzerhandbuch<\/a> nachschlagen. Wenn Sie Probleme mit der Software haben, werfen Sie einen Blick auf den Abschnitt <a href=\"https:\/\/hand2noteguide.com\/de\/issues-resolving\/\">Fehlerbehebung<\/a>.<\/p>\n\n\n\n<p>Falls Sie keine Antworten auf Ihre Fragen finden, k\u00f6nnen Sie die Hilfe von Spezialisten in Anspruch nehmen. Das Hand2Note Support-Team arbeitet rund um die Uhr und ist immer bereit, Ihnen zu helfen. Sie k\u00f6nnen die Operatoren auf eine der folgenden Arten kontaktieren:<\/p>\n\n\n\n<ul class=\"wp-block-list\">\n<li><strong>Live-Chat:<\/strong> <a aria-label=\"undefined (opens in a new tab)\" href=\"https:\/\/hand2note.com?rid=2250\" target=\"_blank\" rel=\"noreferrer noopener\">http:\/\/www.hand2note.com\/<\/a><\/li>\n\n\n\n<li><strong>Discord:<\/strong> <a aria-label=\"undefined (opens in a new tab)\" href=\"https:\/\/discord.gg\/Hand2Note\" target=\"_blank\" rel=\"noreferrer noopener\">Hand2Note Discord Server<\/a><\/li>\n\n\n\n<li><strong>E-Mail:<\/strong> <a href=\"mailto:support@hand2note.com\" target=\"_blank\" rel=\"noreferrer noopener\">support@hand2note.com<\/a><\/li>\n<\/ul>\n\n\n<div class=\"wp-block-h2n-alert h2n-alert h2n-alert--info\"><div class=\"h2n-alert__icon\" aria-hidden=\"true\"><svg width=\"22\" height=\"22\" viewBox=\"0 0 24 24\" fill=\"none\" stroke=\"currentColor\" stroke-width=\"2\" stroke-linecap=\"round\" stroke-linejoin=\"round\"><circle cx=\"12\" cy=\"12\" r=\"10\"\/><line x1=\"12\" y1=\"16\" x2=\"12\" y2=\"12\"\/><circle cx=\"12\" cy=\"8\" r=\"1\" fill=\"currentColor\" stroke=\"none\"\/><\/svg><\/div><div class=\"h2n-alert__content\">Wenn Sie das Chat-Fenster unten rechts auf hand2note.com nicht sehen, deaktivieren Sie Werbeblocker oder nutzen Sie den privaten\/Incognito-Modus Ihres Browsers. Wenn das nicht hilft, sind die Chat-Mitarbeiter vermutlich gerade offline \u2013 versuchen Sie einen anderen Weg aus der Liste oben.<\/div><\/div>\n\n\n<p>Bitte schildern Sie Ihr Problem klar und geben Sie den Operatoren so viele Informationen wie m\u00f6glich:<\/p>\n\n\n\n<ul class=\"wp-block-list\">\n<li>Welche Version von Hand2Note haben Sie installiert?<\/li>\n\n\n\n<li>In welchem Pokerraum spielen Sie derzeit?<\/li>\n\n\n\n<li>Welche Art von Poker spielen Sie in diesem Pokerraum?<\/li>\n\n\n\n<li>Haben Sie kommerzielle HUD-Pakete installiert?&nbsp;<\/li>\n<\/ul>\n\n\n\n<p>Danke.<\/p>\n","protected":false},"excerpt":{"rendered":"<p>Bevor Sie den Hand2Note Kundendienst kontaktieren, schauen Sie sich die m\u00f6glichen L\u00f6sungen f\u00fcr Ihre Probleme an. Wenn Sie verstehen m\u00f6chten, wie eine bestimmte Funktion funktioniert, k\u00f6nnen Sie zuerst die Informationen im Hand2Note Benutzerhandbuch nachschlagen. Wenn Sie Probleme mit der Software haben, werfen Sie einen Blick auf den Abschnitt Fehlerbehebung. Falls Sie keine Antworten auf Ihre &hellip; <a href=\"https:\/\/hand2noteguide.com\/de\/hand2note-official-support\/\" class=\"more-link\">Continue reading <span class=\"screen-reader-text\">Hand2Note Kundendienst<\/span><\/a><\/p>\n","protected":false},"author":1,"featured_media":0,"parent":0,"menu_order":0,"comment_status":"closed","ping_status":"closed","template":"page-templates\/full-width-page.php","meta":{"footnotes":""},"class_list":["post-142","page","type-page","status-publish","hentry"],"translation":{"provider":"WPGlobus","version":"3.0.2","language":"de","enabled_languages":["en","ru","pt","zh","es","fr","de","it","ja"],"languages":{"en":{"title":true,"content":true,"excerpt":false},"ru":{"title":true,"content":true,"excerpt":false},"pt":{"title":true,"content":true,"excerpt":false},"zh":{"title":true,"content":true,"excerpt":false},"es":{"title":true,"content":true,"excerpt":false},"fr":{"title":true,"content":true,"excerpt":false},"de":{"title":true,"content":true,"excerpt":false},"it":{"title":true,"content":true,"excerpt":false},"ja":{"title":true,"content":true,"excerpt":false}}},"yoast_head":"<!-- This site is optimized with the Yoast SEO plugin v27.0 - https:\/\/yoast.com\/product\/yoast-seo-wordpress\/ -->\n<title>Hand2Note Kundendienst: Live-Chat, Discord, E-Mail<\/title>\n<meta name=\"description\" content=\"Das Hand2Note Support-Team arbeitet rund um die Uhr und ist immer bereit zu helfen. Sie k\u00f6nnen uns \u00fcber Live-Chat, E-Mail oder die Discord-Community kontaktieren. L\u00f6sen Sie Ihre Probleme schnell!\" \/>\n<meta name=\"robots\" content=\"index, follow, max-snippet:-1, max-image-preview:large, max-video-preview:-1\" \/>\n<link rel=\"canonical\" href=\"https:\/\/hand2noteguide.com\/hand2note-official-support\/\" \/>\n<meta property=\"og:locale\" content=\"de_DE\" \/>\n<meta property=\"og:type\" content=\"article\" \/>\n<meta property=\"og:title\" content=\"Hand2Note Kundendienst: Live-Chat, Discord, E-Mail\" \/>\n<meta property=\"og:description\" content=\"Das Hand2Note Support-Team arbeitet rund um die Uhr und ist immer bereit zu helfen. Sie k\u00f6nnen uns \u00fcber Live-Chat, E-Mail oder die Discord-Community kontaktieren. L\u00f6sen Sie Ihre Probleme schnell!\" \/>\n<meta property=\"og:url\" content=\"https:\/\/hand2noteguide.com\/hand2note-official-support\/\" \/>\n<meta property=\"og:site_name\" content=\"Hand2Note Guide\" \/>\n<meta property=\"article:modified_time\" content=\"2026-04-24T01:25:36+00:00\" \/>\n<meta name=\"twitter:card\" content=\"summary_large_image\" \/>\n<meta name=\"twitter:label1\" content=\"Est. reading time\" \/>\n\t<meta name=\"twitter:data1\" content=\"1 minute\" \/>\n<!-- \/ Yoast SEO plugin. -->","yoast_head_json":{"title":"Hand2Note Kundendienst: Live-Chat, Discord, E-Mail","description":"Das Hand2Note Support-Team arbeitet rund um die Uhr und ist immer bereit zu helfen. Sie k\u00f6nnen uns \u00fcber Live-Chat, E-Mail oder die Discord-Community kontaktieren. L\u00f6sen Sie Ihre Probleme schnell!","robots":{"index":"index","follow":"follow","max-snippet":"max-snippet:-1","max-image-preview":"max-image-preview:large","max-video-preview":"max-video-preview:-1"},"canonical":"https:\/\/hand2noteguide.com\/hand2note-official-support\/","og_locale":"de_DE","og_type":"article","og_title":"Hand2Note Kundendienst: Live-Chat, Discord, E-Mail","og_description":"Das Hand2Note Support-Team arbeitet rund um die Uhr und ist immer bereit zu helfen. Sie k\u00f6nnen uns \u00fcber Live-Chat, E-Mail oder die Discord-Community kontaktieren. L\u00f6sen Sie Ihre Probleme schnell!","og_url":"https:\/\/hand2noteguide.com\/hand2note-official-support\/","og_site_name":"Hand2Note Guide","article_modified_time":"2026-04-24T01:25:36+00:00","twitter_card":"summary_large_image","twitter_misc":{"Est. reading time":"1 minute"},"schema":{"@context":"https:\/\/schema.org","@graph":[]}},"jetpack_sharing_enabled":false,"_links":{"self":[{"href":"https:\/\/hand2noteguide.com\/de\/wp-json\/wp\/v2\/pages\/142","targetHints":{"allow":["GET"]}}],"collection":[{"href":"https:\/\/hand2noteguide.com\/de\/wp-json\/wp\/v2\/pages"}],"about":[{"href":"https:\/\/hand2noteguide.com\/de\/wp-json\/wp\/v2\/types\/page"}],"author":[{"embeddable":true,"href":"https:\/\/hand2noteguide.com\/de\/wp-json\/wp\/v2\/users\/1"}],"replies":[{"embeddable":true,"href":"https:\/\/hand2noteguide.com\/de\/wp-json\/wp\/v2\/comments?post=142"}],"version-history":[{"count":48,"href":"https:\/\/hand2noteguide.com\/de\/wp-json\/wp\/v2\/pages\/142\/revisions"}],"predecessor-version":[{"id":16405,"href":"https:\/\/hand2noteguide.com\/de\/wp-json\/wp\/v2\/pages\/142\/revisions\/16405"}],"wp:attachment":[{"href":"https:\/\/hand2noteguide.com\/de\/wp-json\/wp\/v2\/media?parent=142"}],"curies":[{"name":"wp","href":"https:\/\/api.w.org\/{rel}","templated":true}]}}