{"id":147,"date":"2018-08-01T10:53:26","date_gmt":"2018-08-01T07:53:26","guid":{"rendered":"https:\/\/h2n312.wordpress.com\/?page_id=147"},"modified":"2025-06-04T19:14:12","modified_gmt":"2025-06-04T16:14:12","slug":"failed-to-open-database-connection","status":"publish","type":"page","link":"https:\/\/hand2noteguide.com\/de\/issues-resolving\/failed-to-open-database-connection\/","title":{"rendered":"Fehler beim \u00d6ffnen der Datenbankverbindung"},"content":{"rendered":"<p>Wenn ein solcher Fehler beim Programmstart auftritt, bedeutet dies, dass Hand2Note keine Verbindung zu seinem integrierten <a href=\"https:\/\/hand2noteguide.com\/de\/guide\/database\/\">Datenbank<\/a>-Server herstellen kann. Um dieses Problem zu beheben, gehen Sie wie folgt vor:<\/p>\n<ol>\n<li>\u00d6ffnen Sie die Liste der installierten Programme und entfernen Sie alle <em>Microsoft Visual C++ Redistributable<\/em> 2013 und 2015 Pakete (lassen Sie Pakete aus anderen Jahren unber\u00fchrt).<\/li>\n<li>Laden Sie die folgenden Pakete erneut herunter und installieren Sie sie (wenn Sie ein 64-Bit-Windows haben, installieren Sie sowohl die x86- als auch die x64-Versionen):\n<ul>\n<li><a href=\"https:\/\/www.microsoft.com\/en-US\/download\/details.aspx?id=40784\" target=\"_blank\" rel=\"noopener noreferrer\">Visual C++ Redistributable Packages for Visual Studio 2013<\/a><\/li>\n<li><a href=\"https:\/\/www.microsoft.com\/en-us\/download\/details.aspx?id=48145\" target=\"_blank\" rel=\"noopener noreferrer\">Visual C++ Redistributable for Visual Studio 2015<\/a><\/li>\n<\/ul>\n<\/li>\n<li>L\u00f6schen Sie die Datei <em>DbServer.cg<\/em> aus dem Ordner <em>C:\/Program Files\/Hand2Note<\/em>. Wenn es diese Datei nicht gibt, \u00fcberspringen Sie diesen Schritt.<\/li>\n<li>Starten Sie Ihren PC neu.<\/li>\n<\/ol>\n<p>Versuchen Sie danach, Hand2Note als Administrator auszuf\u00fchren.<\/p>\n<p>Wenn der Fehler weiterhin besteht, ist h\u00f6chstwahrscheinlich Ihre Datenbank besch\u00e4digt. L\u00f6schen Sie <a href=\"https:\/\/hand2noteguide.com\/de\/guide\/database\/where-is-database-stored\/\">den Ordner mit der Datenbank<\/a> (standardm\u00e4\u00dfig ist es <em>C:\/Users\/YourUsername\/AppData\/Roaming\/Hand2Note\/h2ndb<\/em>) und starten Sie das Programm. Nach dem Start k\u00f6nnen Sie <a href=\"https:\/\/hand2noteguide.com\/de\/guide\/hands-archive\/\">Ihre H\u00e4nde aus Archiven importieren<\/a> in eine saubere Datenbank.<\/p>\n","protected":false},"excerpt":{"rendered":"<p>Wenn ein solcher Fehler beim Programmstart auftritt, bedeutet dies, dass Hand2Note keine Verbindung zu seinem integrierten Datenbank-Server herstellen kann. Um dieses Problem zu beheben, gehen Sie wie folgt vor: \u00d6ffnen Sie die Liste der installierten Programme und entfernen Sie alle Microsoft Visual C++ Redistributable 2013 und 2015 Pakete (lassen Sie Pakete aus anderen Jahren unber\u00fchrt). &hellip; <a href=\"https:\/\/hand2noteguide.com\/de\/issues-resolving\/failed-to-open-database-connection\/\" class=\"more-link\">Continue reading <span class=\"screen-reader-text\">Fehler beim \u00d6ffnen der Datenbankverbindung<\/span><\/a><\/p>\n","protected":false},"author":1,"featured_media":0,"parent":236,"menu_order":2,"comment_status":"closed","ping_status":"closed","template":"page-templates\/full-width-page.php","meta":{"footnotes":""},"class_list":["post-147","page","type-page","status-publish","hentry"],"translation":{"provider":"WPGlobus","version":"3.0.2","language":"de","enabled_languages":["en","ru","pt","zh","es","fr","de","it","ja"],"languages":{"en":{"title":true,"content":true,"excerpt":false},"ru":{"title":true,"content":true,"excerpt":false},"pt":{"title":true,"content":true,"excerpt":false},"zh":{"title":true,"content":true,"excerpt":false},"es":{"title":true,"content":true,"excerpt":false},"fr":{"title":true,"content":true,"excerpt":false},"de":{"title":true,"content":true,"excerpt":false},"it":{"title":true,"content":true,"excerpt":false},"ja":{"title":true,"content":true,"excerpt":false}}},"yoast_head":"<!-- This site is optimized with the Yoast SEO plugin v27.0 - https:\/\/yoast.com\/product\/yoast-seo-wordpress\/ -->\n<title>Hand2Note-Datenbankverbindungsfehler schnell beheben<\/title>\n<meta name=\"description\" content=\"Erfahren Sie, wie Sie Hand2Note-Datenbankverbindungsfehler mit unserer Schritt-f\u00fcr-Schritt-Anleitung beheben k\u00f6nnen. Befolgen Sie diese einfachen Schritte, um Ihre Software wieder reibungslos zum Laufen zu bringen.\" \/>\n<meta name=\"robots\" content=\"index, follow, max-snippet:-1, max-image-preview:large, max-video-preview:-1\" \/>\n<link rel=\"canonical\" href=\"https:\/\/hand2noteguide.com\/issues-resolving\/failed-to-open-database-connection\/\" \/>\n<meta property=\"og:locale\" content=\"de_DE\" \/>\n<meta property=\"og:type\" content=\"article\" \/>\n<meta property=\"og:title\" content=\"Hand2Note-Datenbankverbindungsfehler schnell beheben\" \/>\n<meta property=\"og:description\" content=\"Erfahren Sie, wie Sie Hand2Note-Datenbankverbindungsfehler mit unserer Schritt-f\u00fcr-Schritt-Anleitung beheben k\u00f6nnen. Befolgen Sie diese einfachen Schritte, um Ihre Software wieder reibungslos zum Laufen zu bringen.\" \/>\n<meta property=\"og:url\" content=\"https:\/\/hand2noteguide.com\/issues-resolving\/failed-to-open-database-connection\/\" \/>\n<meta property=\"og:site_name\" content=\"Hand2Note Guide\" \/>\n<meta property=\"article:modified_time\" content=\"2025-06-04T16:14:12+00:00\" \/>\n<meta name=\"twitter:card\" content=\"summary_large_image\" \/>\n<meta name=\"twitter:label1\" content=\"Est. reading time\" \/>\n\t<meta name=\"twitter:data1\" content=\"6 minutes\" \/>\n<!-- \/ Yoast SEO plugin. -->","yoast_head_json":{"title":"Hand2Note-Datenbankverbindungsfehler schnell beheben","description":"Erfahren Sie, wie Sie Hand2Note-Datenbankverbindungsfehler mit unserer Schritt-f\u00fcr-Schritt-Anleitung beheben k\u00f6nnen. Befolgen Sie diese einfachen Schritte, um Ihre Software wieder reibungslos zum Laufen zu bringen.","robots":{"index":"index","follow":"follow","max-snippet":"max-snippet:-1","max-image-preview":"max-image-preview:large","max-video-preview":"max-video-preview:-1"},"canonical":"https:\/\/hand2noteguide.com\/issues-resolving\/failed-to-open-database-connection\/","og_locale":"de_DE","og_type":"article","og_title":"Hand2Note-Datenbankverbindungsfehler schnell beheben","og_description":"Erfahren Sie, wie Sie Hand2Note-Datenbankverbindungsfehler mit unserer Schritt-f\u00fcr-Schritt-Anleitung beheben k\u00f6nnen. Befolgen Sie diese einfachen Schritte, um Ihre Software wieder reibungslos zum Laufen zu bringen.","og_url":"https:\/\/hand2noteguide.com\/issues-resolving\/failed-to-open-database-connection\/","og_site_name":"Hand2Note Guide","article_modified_time":"2025-06-04T16:14:12+00:00","twitter_card":"summary_large_image","twitter_misc":{"Est. reading time":"6 minutes"},"schema":{"@context":"https:\/\/schema.org","@graph":[]}},"jetpack_sharing_enabled":false,"_links":{"self":[{"href":"https:\/\/hand2noteguide.com\/de\/wp-json\/wp\/v2\/pages\/147","targetHints":{"allow":["GET"]}}],"collection":[{"href":"https:\/\/hand2noteguide.com\/de\/wp-json\/wp\/v2\/pages"}],"about":[{"href":"https:\/\/hand2noteguide.com\/de\/wp-json\/wp\/v2\/types\/page"}],"author":[{"embeddable":true,"href":"https:\/\/hand2noteguide.com\/de\/wp-json\/wp\/v2\/users\/1"}],"replies":[{"embeddable":true,"href":"https:\/\/hand2noteguide.com\/de\/wp-json\/wp\/v2\/comments?post=147"}],"version-history":[{"count":20,"href":"https:\/\/hand2noteguide.com\/de\/wp-json\/wp\/v2\/pages\/147\/revisions"}],"predecessor-version":[{"id":13553,"href":"https:\/\/hand2noteguide.com\/de\/wp-json\/wp\/v2\/pages\/147\/revisions\/13553"}],"up":[{"embeddable":true,"href":"https:\/\/hand2noteguide.com\/de\/wp-json\/wp\/v2\/pages\/236"}],"wp:attachment":[{"href":"https:\/\/hand2noteguide.com\/de\/wp-json\/wp\/v2\/media?parent=147"}],"curies":[{"name":"wp","href":"https:\/\/api.w.org\/{rel}","templated":true}]}}