{"id":14796,"date":"2026-01-21T19:18:53","date_gmt":"2026-01-21T16:18:53","guid":{"rendered":"https:\/\/hand2noteguide.com\/?page_id=14796"},"modified":"2026-03-10T11:43:05","modified_gmt":"2026-03-10T08:43:05","slug":"creating-expression-stats-in-hand2note","status":"publish","type":"page","link":"https:\/\/hand2noteguide.com\/de\/user-manual\/creating-expression-stats-in-hand2note\/","title":{"rendered":"Erstellen von Expression Stats in Hand2Note"},"content":{"rendered":"\n<p>Hand2Note erm\u00f6glicht es Ihnen, benutzerdefinierte Metriken basierend auf Formeln zu erstellen und zu verwenden \u2014 diese werden &#8220;Expression Stats&#8221; genannt. <\/p>\n\n\n\n<p>Einfache Stats zeigen nur die H\u00e4ufigkeit bestimmter Aktionen in einer Hand, wie &#8220;Open Raise&#8221; oder &#8220;Any Bet Flop&#8221;. Expression Stats, wie &#8220;Aggression Frequency&#8221; oder &#8220;4Bet Range&#8221;, sind keine Indikatoren f\u00fcr die H\u00e4ufigkeit von Aktionen und werden mit einer spezifischen mathematischen Formel berechnet, die einfache Stats als Argumente verwendet.<\/p>\n\n\n\n<p>Jeder Expression Stat ist im Wesentlichen ein mathematischer Ausdruck, bei dem:<\/p>\n\n\n\n<ul class=\"wp-block-list\">\n<li>Argumente die von Ihnen gew\u00e4hlten einfachen Stats sind.<\/li>\n\n\n\n<li>Funktionen Operationen (Addition, Multiplikation, bedingte Operatoren) sind, die die Logik der Berechnung des Expression Stats definieren.<\/li>\n<\/ul>\n\n\n\n<p>Expression Stats erm\u00f6glichen es Ihnen, die Analyse aller angezeigten Statistiken zu verfeinern oder zu vereinfachen. Zum Beispiel kann ein Spieler mit dem Stat &#8220;Aggression Frequency&#8221; vereinfachte Trends im Spielstil eines Gegners sehen. Oder er kann seine 4-Bet Range verfeinern, indem er sie nicht als Prozentsatz einer bestimmten Aktion, sondern als Prozentsatz des gesamten Handbereichs ausdr\u00fcckt \u2014 hierf\u00fcr wird der Stat &#8220;4Bet Range&#8221; verwendet.<\/p>\n\n\n\n<h2 class=\"wp-block-heading\">Beispiel zur Erstellung des Expression Stats <strong>&#8220;<\/strong>4-Bet Range<strong>&#8220;<\/strong> in Hand2Note<\/h2>\n\n\n\n<p>Die Erstellung eines Expression Stats in Hand2Note erfolgt in mehreren Schritten:<\/p>\n\n\n\n<ol class=\"wp-block-list\">\n<li>Definition der in den Stat eingebetteten logischen Formel (Definition der Stat-Logik).<\/li>\n\n\n\n<li>Erstellung der Formel f\u00fcr den Expression Stat, die f\u00fcr Hand2Note verst\u00e4ndlich ist.<\/li>\n\n\n\n<li>Erstellung des Expression Stats in Hand2Note.<\/li>\n<\/ol>\n\n\n\n<h3 class=\"wp-block-heading\">Definition der Logik des Stats <strong>&#8220;<\/strong>4-Bet Range<strong>&#8220;<\/strong><\/h3>\n\n\n\n<p>Zuerst m\u00fcssen Sie bestimmen, welche Logik im Stat &#8220;4-Bet Range&#8221; eingebettet ist:<br>Er zeigt, welchen Teil der <em>m\u00f6glichen Starth\u00e4nde<\/em> ein Spieler verwendet, um in einer bestimmten Situation (gegen einen 3-Bet eines Gegners) eine 4-Bet zu machen.<\/p>\n\n\n\n<p>Um dies zu berechnen, betrachten wir die Abfolge der Aktionen, die ein Spieler bei einer 4-Bet durchf\u00fchrt:<\/p>\n\n\n\n<ol class=\"wp-block-list\" start=\"1\">\n<li><strong>Zuerst:<\/strong> Der Spieler macht einen ersten Raise (Open Raise). Dies ist das erste Argument, das den gesamten Handbereich (100%) auf seinen <strong>Open Raise Bereich<\/strong> eingrenzt.<\/li>\n\n\n\n<li><strong>Dann:<\/strong> Wenn sein Raise eine 3-Bet erh\u00e4lt, antwortet er mit einer 4-Bet. Dies ist das zweite Argument, das seinen Open Raise Bereich weiter auf den endg\u00fcltigen <strong>4-Bet Bereich<\/strong> eingrenzt.<\/li>\n<\/ol>\n\n\n\n<p>Der erhaltene Wert wird dann durch 100 geteilt, um eine visuelle Anzeige in Prozent zu erhalten.<\/p>\n\n\n\n<p>Das logische Formel f\u00fcr den Stat &#8220;4-Bet Range&#8221; lautet daher:<\/p>\n\n\n\n<pre class=\"wp-block-code\"><code>Prozentsatz des Open Raise des Spielers * Prozentsatz der 4-Bet des Spielers \/ 100<\/code><\/pre>\n\n\n\n<h3 class=\"wp-block-heading\">Erstellung der Formel f\u00fcr den Expression Stat <strong>&#8220;<\/strong>4-Bet Range<strong>&#8220;<\/strong>, verst\u00e4ndlich f\u00fcr Hand2Note<\/h3>\n\n\n\n<p>In Hand2Note sind die Argumente in Expression Stat Formeln einfache Stats. In unserem Fall ben\u00f6tigen wir zwei einfache Stats, die wir <a href=\"https:\/\/hand2noteguide.com\/de\/user-manual\/creating-a-simple-stat-continued-bet-on-the-river-in-a-3bet-pot-position\/\">im Voraus in Hand2Note erstellt haben<\/a>:<\/p>\n\n\n\n<ul class=\"wp-block-list\">\n<li>Stat <strong>&#8220;Open Raise&#8221;<\/strong> \u2014 zeigt den Prozentsatz des Open Raise des Spielers an.<\/li>\n\n\n\n<li>Stat <strong>&#8220;4Bet&#8221;<\/strong> \u2014 zeigt den Prozentsatz der 4-Bet des Spielers an.<\/li>\n<\/ul>\n\n\n\n<p><em>In Expression Stat Formeln m\u00fcssen Sie die genauen Namen der einfachen Stats verwenden. Vermeiden Sie auch Situationen, in denen mehrere einfache Stats mit denselben Namen in der Hand2Note-Konfiguration existieren.<\/em><\/p>\n\n\n\n<p>Nun m\u00fcssen Sie die Funktionen bestimmen, die im Stat &#8220;4-Bet Range&#8221; verwendet werden.<\/p>\n\n\n\n<p>Beim Erstellen von Expression Stat Formeln sowie in &#8220;<a href=\"https:\/\/hand2noteguide.com\/de\/user-manual\/the-multiple-players-tool-in-hand2note-range-research\/\">multiple players<\/a>&#8221; und <a href=\"https:\/\/hand2noteguide.com\/de\/user-manual\/creating-and-using-badges\/\">Badges<\/a> in Hand2Note werden Funktionen verwendet:<\/p>\n\n\n\n<figure class=\"wp-block-table\"><table><tbody><tr><td>Value<\/td><td>Gibt den Ausf\u00fchrungswert des Stats in Prozent zur\u00fcck.<\/td><\/tr><tr><td>Cases<\/td><td>Gibt die Anzahl der F\u00e4lle f\u00fcr den Stat zur\u00fcck. Mit anderen Worten, es gibt die Anzahl der H\u00e4nde zur\u00fcck, in denen die Aktionen des Spielers die im Stat festgelegte Bedingung erf\u00fcllten.<\/td><\/tr><tr><td>Opps<\/td><td>Gibt die Anzahl der H\u00e4nde zur\u00fcck, in denen der Spieler die M\u00f6glichkeit hatte, die im Stat festgelegte Bedingung zu erf\u00fcllen. Dieser Wert wird auch als &#8220;Sample&#8221; f\u00fcr den Stat bezeichnet.<\/td><\/tr><tr><td>VsHeroCases<\/td><td>Gibt die Anzahl der H\u00e4nde zur\u00fcck, in denen der Spieler gegen den Hero gespielt hat und seine Aktionen die im Stat festgelegte Bedingung erf\u00fcllten.<\/td><\/tr><tr><td>vsHeroOpps<\/td><td>Gibt die Anzahl der H\u00e4nde zur\u00fcck, in denen der Spieler gegen den Hero gespielt hat und die M\u00f6glichkeit hatte, die im Stat festgelegte Bedingung mit seiner n\u00e4chsten Aktion zu erf\u00fcllen.<\/td><\/tr><tr><td>WonHandCases<\/td><td>Gibt die Anzahl der H\u00e4nde zur\u00fcck, in denen die Aktionen des Spielers die im Stat festgelegte Bedingung erf\u00fcllten und er die Hand gewann.<\/td><\/tr><tr><td>WentToSDCases<\/td><td>Gibt die Anzahl der H\u00e4nde zur\u00fcck, in denen die Aktionen des Spielers die Stat-Bedingung erf\u00fcllten und er zum Showdown ging.<\/td><\/tr><tr><td>WonHandAtSDCases<\/td><td>Die Anzahl der H\u00e4nde, in denen der Spieler, nachdem er die Stat-Bedingung erf\u00fcllt hatte, nicht nur zum Showdown ging, sondern auch gewann.<\/td><\/tr><tr><td>AmountWon<\/td><td>Gibt die Anzahl der gewonnenen Big Blinds in H\u00e4nden zur\u00fcck, die die im Stat festgelegte Bedingung erf\u00fcllten.<\/td><\/tr><tr><td>ActionProfit<\/td><td>Gibt den ActionProfit-Wert in Big Blinds in H\u00e4nden zur\u00fcck, die die im Stat festgelegte Bedingung erf\u00fcllten.<\/td><\/tr><\/tbody><\/table><\/figure>\n\n\n\n<p>Beim Verwenden jeder Funktion mit einfachen Stats muss die Funktion am Anfang geschrieben werden, gefolgt vom Namen des einfachen Stats in Klammern, zum Beispiel:<\/p>\n\n\n\n<pre class=\"wp-block-code\"><code>Cases(Open Raise)<\/code><\/pre>\n\n\n\n<p><em>Au\u00dferdem d\u00fcrfen Sie beim Schreiben von Expression Stat Formeln, bei der Arbeit mit &#8220;multiple players&#8221; oder beim Erstellen von Badges in Hand2Note den bedingten Operator <code>if<\/code> und andere mathematische Funktionen verwenden.<\/em><\/p>\n\n\n\n<p>Da in unserer Formel beide Stats (&#8220;Open Raise&#8221; und &#8220;4Bet&#8221;) ihren Ausf\u00fchrungsprozentsatz anzeigen m\u00fcssen, ben\u00f6tigen wir die <code>Value<\/code> Funktion.<\/p>\n\n\n\n<p>Das Ergebnis ist die Formel f\u00fcr den Stat &#8220;4-Bet Range&#8221;:<\/p>\n\n\n\n<pre class=\"wp-block-code\"><code><code>Value(Open Raise) * Value(4Bet) \/ 100<\/code><\/code><\/pre>\n\n\n\n<h3 class=\"wp-block-heading\">Erstellen des Expression Stats &#8220;4-Bet Range&#8221; in Hand2Note<\/h3>\n\n\n\n<p>Um einen Expression Stat in Hand2Note zu erstellen, m\u00fcssen Sie den Stat-Editor \u00f6ffnen, indem Sie mit der linken Maustaste (LMB) auf das Symbol &#8220;Stat Editor&#8221; (1) klicken. Um einen neuen Stat zu erstellen, klicken Sie auf &#8220;+ New Stat&#8221; (2), legen Sie im erscheinenden Fenster den Namen fest (3) (zum Beispiel &#8220;4-Bet Range&#8221;) und klicken Sie auf &#8220;OK&#8221; (4).<\/p>\n\n\n\n<figure class=\"wp-block-image size-large\"><img loading=\"lazy\" decoding=\"async\" width=\"1919\" height=\"1032\" src=\"http:\/\/hand2noteguide.com\/wp-content\/uploads\/2026\/01\/1-1024x551.jpg\" alt=\"\" class=\"wp-image-14834\" srcset=\"https:\/\/hand2noteguide.com\/wp-content\/uploads\/2026\/01\/1-1024x551.jpg 1024w, https:\/\/hand2noteguide.com\/wp-content\/uploads\/2026\/01\/1-300x161.jpg 300w, https:\/\/hand2noteguide.com\/wp-content\/uploads\/2026\/01\/1-768x413.jpg 768w, https:\/\/hand2noteguide.com\/wp-content\/uploads\/2026\/01\/1-1536x826.jpg 1536w, https:\/\/hand2noteguide.com\/wp-content\/uploads\/2026\/01\/1-772x415.jpg 772w, https:\/\/hand2noteguide.com\/wp-content\/uploads\/2026\/01\/1-624x336.jpg 624w, https:\/\/hand2noteguide.com\/wp-content\/uploads\/2026\/01\/1.jpg 1919w\" sizes=\"auto, (max-width: 1919px) 100vw, 1919px\" \/><\/figure>\n\n\n\n<p>Als n\u00e4chstes m\u00fcssen Sie die notwendigen Parameter f\u00fcr den erstellten Stat &#8220;4-Bet Range&#8221; festlegen. Stellen Sie zun\u00e4chst sicher, dass er nach seiner Erstellung zur Bearbeitung im Stat-Editor ge\u00f6ffnet ist (1). Gehen Sie dann zum Men\u00fc &#8220;Expression&#8221; (2) und w\u00e4hlen Sie das erforderliche Eingabebedingungsformat (3).<\/p>\n\n\n\n<figure class=\"wp-block-image size-large\"><img loading=\"lazy\" decoding=\"async\" width=\"1024\" height=\"549\" src=\"http:\/\/hand2noteguide.com\/wp-content\/uploads\/2026\/01\/2-1024x549.jpg\" alt=\"\" class=\"wp-image-14835\" srcset=\"https:\/\/hand2noteguide.com\/wp-content\/uploads\/2026\/01\/2-1024x549.jpg 1024w, https:\/\/hand2noteguide.com\/wp-content\/uploads\/2026\/01\/2-300x161.jpg 300w, https:\/\/hand2noteguide.com\/wp-content\/uploads\/2026\/01\/2-768x411.jpg 768w, https:\/\/hand2noteguide.com\/wp-content\/uploads\/2026\/01\/2-1536x823.jpg 1536w, https:\/\/hand2noteguide.com\/wp-content\/uploads\/2026\/01\/2-772x414.jpg 772w, https:\/\/hand2noteguide.com\/wp-content\/uploads\/2026\/01\/2-624x334.jpg 624w, https:\/\/hand2noteguide.com\/wp-content\/uploads\/2026\/01\/2.jpg 1919w\" sizes=\"auto, (max-width: 1024px) 100vw, 1024px\" \/><\/figure>\n\n\n\n<p><em>In diesem Beispiel betrachten wir die Eingabe der Stat-Ausf\u00fchrungsbedingung im &#8220;Textual Mode&#8221;. Sie k\u00f6nnen auch das regul\u00e4re Eingabebedingungsformat verwenden \u2014 dies beeinflusst das Ergebnis nicht, sondern bietet nur die M\u00f6glichkeit, die Bedingung auf eine f\u00fcr Sie bequeme Weise zu bearbeiten.<\/em><\/p>\n\n\n\n<p>Geben Sie als n\u00e4chstes im Formeleingabebereich die zuvor erstellte Formel f\u00fcr den Indikator &#8220;4-Bet Range&#8221; ein (4). Wenn die Formel korrekt eingegeben wurde, sollte darunter ein gr\u00fcnes H\u00e4kchen erscheinen (5).<\/p>\n\n\n\n<p>So werden Expression Stats im Hand2Note-Programm am Beispiel des Indikators &#8220;4-Bet Range&#8221; erstellt. Jetzt kann er in HUDs und Popups verwendet werden. Um Expression Stats korrekt in HUDs hinzuzuf\u00fcgen und zu verwenden, empfehlen wir die Lekt\u00fcre der Artikel:<\/p>\n\n\n\n<ul class=\"wp-block-list\">\n<li>&#8220;<a href=\"https:\/\/hand2noteguide.com\/de\/user-manual\/hud-editor-features-and-navigation\/\">HUD Editor Teil 1: Funktionen und Navigation<\/a>&#8220;<\/li>\n\n\n\n<li>&#8220;<a href=\"https:\/\/hand2noteguide.com\/de\/user-manual\/hud-editor-creating-a-static-hud\/\">HUD Editor Teil 2: Erstellen eines statischen HUDs<\/a>&#8220;<\/li>\n\n\n\n<li>&#8220;<a href=\"https:\/\/hand2noteguide.com\/de\/user-manual\/hud-editor-creating-a-positional-hud\/\">HUD Editor Teil 3: Erstellen eines positionsabh\u00e4ngigen HUDs<\/a>&#8220;<\/li>\n\n\n\n<li>&#8220;<a href=\"https:\/\/hand2noteguide.com\/de\/user-manual\/hud-editor-creating-a-dynamic-hud\/\">HUD Editor Teil 4: Erstellen eines dynamischen HUDs<\/a>&#8220;<\/li>\n<\/ul>\n\n\n\n<h2 class=\"wp-block-heading\">Fazit<\/h2>\n\n\n\n<p>Das Verst\u00e4ndnis der Funktionsweise von Expression Stats er\u00f6ffnet den Weg zu einer verfeinerten Spielanalyse mit Hand2Note. Wie wir gesehen haben, zeigen sie nicht nur Zahlen an, sondern <strong>offenbaren Verbindungen<\/strong> zwischen Aktionen, indem sie rohe H\u00e4ufigkeitsdaten in bedeutungsvolle strategische Indikatoren verwandeln.<\/p>\n\n\n\n<p>So beherrschen Sie nicht nur eine Programmfunktion, sondern <strong>verschiedene Analysen der Spiele von Gegnern<\/strong>. Jetzt k\u00f6nnen Sie Stats konstruieren, um Hypothesen \u00fcber das Spielverhalten von Gegnern zu testen und rohe Daten in personalisierte und strategisch bedeutsame Metriken zu verwandeln. Beginnen Sie mit einfachen Formeln, experimentieren Sie \u2014 und Ihre HUDs und Popups werden eine neue, detaillierte Sprache der Strategie sprechen.<\/p>\n","protected":false},"excerpt":{"rendered":"<p>Hand2Note erm\u00f6glicht es Ihnen, benutzerdefinierte Metriken basierend auf Formeln zu erstellen und zu verwenden \u2014 diese werden &#8220;Expression Stats&#8221; genannt. Einfache Stats zeigen nur die H\u00e4ufigkeit bestimmter Aktionen in einer Hand, wie &#8220;Open Raise&#8221; oder &#8220;Any Bet Flop&#8221;. Expression Stats, wie &#8220;Aggression Frequency&#8221; oder &#8220;4Bet Range&#8221;, sind keine Indikatoren f\u00fcr die H\u00e4ufigkeit von Aktionen und &hellip; <a href=\"https:\/\/hand2noteguide.com\/de\/user-manual\/creating-expression-stats-in-hand2note\/\" class=\"more-link\">Continue reading <span class=\"screen-reader-text\">Erstellen von Expression Stats in Hand2Note<\/span><\/a><\/p>\n","protected":false},"author":3,"featured_media":14799,"parent":9199,"menu_order":0,"comment_status":"closed","ping_status":"closed","template":"","meta":{"footnotes":""},"class_list":["post-14796","page","type-page","status-publish","has-post-thumbnail","hentry"],"translation":{"provider":"WPGlobus","version":"3.0.2","language":"de","enabled_languages":["en","ru","pt","zh","es","fr","de","it","ja"],"languages":{"en":{"title":true,"content":true,"excerpt":false},"ru":{"title":true,"content":true,"excerpt":false},"pt":{"title":true,"content":true,"excerpt":false},"zh":{"title":true,"content":true,"excerpt":false},"es":{"title":true,"content":true,"excerpt":false},"fr":{"title":true,"content":true,"excerpt":false},"de":{"title":true,"content":true,"excerpt":false},"it":{"title":true,"content":true,"excerpt":false},"ja":{"title":true,"content":true,"excerpt":false}}},"yoast_head":"<!-- This site is optimized with the Yoast SEO plugin v27.0 - https:\/\/yoast.com\/product\/yoast-seo-wordpress\/ -->\n<title>Erstellen und Verwenden von Expression Stats in Hand2Note<\/title>\n<meta name=\"description\" content=\"Erfahren Sie, wie Sie Expression Stats in Hand2Note erstellen und verwenden, um die Spielanalyse und strategische Entscheidungen im Poker zu verbessern.\" \/>\n<meta name=\"robots\" content=\"index, follow, max-snippet:-1, max-image-preview:large, max-video-preview:-1\" \/>\n<link rel=\"canonical\" href=\"https:\/\/hand2noteguide.com\/user-manual\/creating-expression-stats-in-hand2note\/\" \/>\n<meta property=\"og:locale\" content=\"de_DE\" \/>\n<meta property=\"og:type\" content=\"article\" \/>\n<meta property=\"og:title\" content=\"Erstellen und Verwenden von Expression Stats in Hand2Note\" \/>\n<meta property=\"og:description\" content=\"Erfahren Sie, wie Sie Expression Stats in Hand2Note erstellen und verwenden, um die Spielanalyse und strategische Entscheidungen im Poker zu verbessern.\" \/>\n<meta property=\"og:url\" content=\"https:\/\/hand2noteguide.com\/user-manual\/creating-expression-stats-in-hand2note\/\" \/>\n<meta property=\"og:site_name\" content=\"Hand2Note Guide\" \/>\n<meta property=\"article:modified_time\" content=\"2026-03-10T08:43:05+00:00\" \/>\n<meta property=\"og:image\" content=\"https:\/\/hand2noteguide.com\/wp-content\/uploads\/2026\/01\/\u0411\u0435\u0437-\u0438\u043c\u0435\u043d\u0438-1.jpg\" \/>\n\t<meta property=\"og:image:width\" content=\"1000\" \/>\n\t<meta property=\"og:image:height\" content=\"750\" \/>\n\t<meta property=\"og:image:type\" content=\"image\/jpeg\" \/>\n<meta name=\"twitter:card\" content=\"summary_large_image\" \/>\n<meta name=\"twitter:label1\" content=\"Est. reading time\" \/>\n\t<meta name=\"twitter:data1\" content=\"7 minutes\" \/>\n<!-- \/ Yoast SEO plugin. -->","yoast_head_json":{"title":"Erstellen und Verwenden von Expression Stats in Hand2Note","description":"Erfahren Sie, wie Sie Expression Stats in Hand2Note erstellen und verwenden, um die Spielanalyse und strategische Entscheidungen im Poker zu verbessern.","robots":{"index":"index","follow":"follow","max-snippet":"max-snippet:-1","max-image-preview":"max-image-preview:large","max-video-preview":"max-video-preview:-1"},"canonical":"https:\/\/hand2noteguide.com\/user-manual\/creating-expression-stats-in-hand2note\/","og_locale":"de_DE","og_type":"article","og_title":"Erstellen und Verwenden von Expression Stats in Hand2Note","og_description":"Erfahren Sie, wie Sie Expression Stats in Hand2Note erstellen und verwenden, um die Spielanalyse und strategische Entscheidungen im Poker zu verbessern.","og_url":"https:\/\/hand2noteguide.com\/user-manual\/creating-expression-stats-in-hand2note\/","og_site_name":"Hand2Note Guide","article_modified_time":"2026-03-10T08:43:05+00:00","og_image":[{"width":1000,"height":750,"url":"https:\/\/hand2noteguide.com\/wp-content\/uploads\/2026\/01\/\u0411\u0435\u0437-\u0438\u043c\u0435\u043d\u0438-1.jpg","type":"image\/jpeg"}],"twitter_card":"summary_large_image","twitter_misc":{"Est. reading time":"7 minutes"},"schema":{"@context":"https:\/\/schema.org","@graph":[]}},"jetpack_sharing_enabled":true,"_links":{"self":[{"href":"https:\/\/hand2noteguide.com\/de\/wp-json\/wp\/v2\/pages\/14796","targetHints":{"allow":["GET"]}}],"collection":[{"href":"https:\/\/hand2noteguide.com\/de\/wp-json\/wp\/v2\/pages"}],"about":[{"href":"https:\/\/hand2noteguide.com\/de\/wp-json\/wp\/v2\/types\/page"}],"author":[{"embeddable":true,"href":"https:\/\/hand2noteguide.com\/de\/wp-json\/wp\/v2\/users\/3"}],"replies":[{"embeddable":true,"href":"https:\/\/hand2noteguide.com\/de\/wp-json\/wp\/v2\/comments?post=14796"}],"version-history":[{"count":58,"href":"https:\/\/hand2noteguide.com\/de\/wp-json\/wp\/v2\/pages\/14796\/revisions"}],"predecessor-version":[{"id":15644,"href":"https:\/\/hand2noteguide.com\/de\/wp-json\/wp\/v2\/pages\/14796\/revisions\/15644"}],"up":[{"embeddable":true,"href":"https:\/\/hand2noteguide.com\/de\/wp-json\/wp\/v2\/pages\/9199"}],"wp:featuredmedia":[{"embeddable":true,"href":"https:\/\/hand2noteguide.com\/de\/wp-json\/wp\/v2\/media\/14799"}],"wp:attachment":[{"href":"https:\/\/hand2noteguide.com\/de\/wp-json\/wp\/v2\/media?parent=14796"}],"curies":[{"name":"wp","href":"https:\/\/api.w.org\/{rel}","templated":true}]}}