{"id":1556,"date":"2019-07-09T13:50:42","date_gmt":"2019-07-09T10:50:42","guid":{"rendered":"http:\/\/hand2noteguide.com\/?page_id=1556"},"modified":"2025-06-04T17:42:09","modified_gmt":"2025-06-04T14:42:09","slug":"different-huds-in-different-rooms","status":"publish","type":"page","link":"https:\/\/hand2noteguide.com\/de\/guide\/hud\/different-huds-in-different-rooms\/","title":{"rendered":"Verwendung verschiedener HUDs in unterschiedlichen R\u00e4umen"},"content":{"rendered":"\n<p>Wenn Sie in mehreren R\u00e4umen spielen und in jedem oder einigen von ihnen unterschiedliche HUD- und Popup-Profile verwenden m\u00f6chten, bietet Ihnen Hand2Note diese M\u00f6glichkeit. Um die Anzeige bestimmter HUDs in bestimmten R\u00e4umen zu konfigurieren, folgen Sie den unten stehenden Anweisungen.<\/p>\n\n\n\n<p>Gehen Sie zu <em>Configuration<\/em> \u2192 <em>Game Types<\/em>. Zun\u00e4chst k\u00f6nnen Sie die Einstellungen auf die Standardwerte zur\u00fccksetzen, um sicherzustellen, dass Sie keine Parameter versehentlich ge\u00e4ndert haben.<\/p>\n\n\n\n<figure class=\"wp-block-image\"><img loading=\"lazy\" decoding=\"async\" width=\"845\" height=\"753\" src=\"https:\/\/hand2noteguide.com\/wp-content\/uploads\/2019\/07\/hand2note-game-types-reset-to-default.png\" alt=\"hand2note game types reset to default\" class=\"wp-image-1589\" srcset=\"https:\/\/hand2noteguide.com\/wp-content\/uploads\/2019\/07\/hand2note-game-types-reset-to-default.png 845w, https:\/\/hand2noteguide.com\/wp-content\/uploads\/2019\/07\/hand2note-game-types-reset-to-default-300x267.png 300w, https:\/\/hand2noteguide.com\/wp-content\/uploads\/2019\/07\/hand2note-game-types-reset-to-default-768x684.png 768w, https:\/\/hand2noteguide.com\/wp-content\/uploads\/2019\/07\/hand2note-game-types-reset-to-default-772x688.png 772w, https:\/\/hand2noteguide.com\/wp-content\/uploads\/2019\/07\/hand2note-game-types-reset-to-default-624x556.png 624w\" sizes=\"auto, (max-width: 845px) 100vw, 845px\" \/><\/figure>\n\n\n\n<p>Stellen Sie die Profile ein, die standardm\u00e4\u00dfig in den meisten R\u00e4umen verwendet werden sollen. F\u00fcr Cash Games sind die Standard-Spieltypen <em>NL CASH 3-10 MAX<\/em> und <em>NL CASH HU<\/em>.<\/p>\n\n\n\n<figure class=\"wp-block-image\"><img loading=\"lazy\" decoding=\"async\" width=\"655\" height=\"365\" src=\"https:\/\/hand2noteguide.com\/wp-content\/uploads\/2019\/07\/hand2note-default-cash-game-types.png\" alt=\"hand2note default cash game types\" class=\"wp-image-1590\" srcset=\"https:\/\/hand2noteguide.com\/wp-content\/uploads\/2019\/07\/hand2note-default-cash-game-types.png 655w, https:\/\/hand2noteguide.com\/wp-content\/uploads\/2019\/07\/hand2note-default-cash-game-types-300x167.png 300w, https:\/\/hand2noteguide.com\/wp-content\/uploads\/2019\/07\/hand2note-default-cash-game-types-624x348.png 624w\" sizes=\"auto, (max-width: 655px) 100vw, 655px\" \/><\/figure>\n\n\n\n<p>Wenn Sie nicht m\u00f6chten, dass die Statistiken f\u00fcr Heads-Up separat gez\u00e4hlt werden, entfernen Sie einfach den Typ <em>NL CASH HU<\/em> und setzen Sie im <em>NL CASH 3-10 MAX<\/em> den Filter \u201ePlayers in the hand\u201c auf \u201evon 2 bis 10\u201c.<\/p>\n\n\n\n<figure class=\"wp-block-image\"><img loading=\"lazy\" decoding=\"async\" width=\"659\" height=\"469\" src=\"https:\/\/hand2noteguide.com\/wp-content\/uploads\/2019\/07\/hand2note-cash-2-10-max-game-type.png\" alt=\"hand2note cash 2-10 max game type\" class=\"wp-image-1591\" srcset=\"https:\/\/hand2noteguide.com\/wp-content\/uploads\/2019\/07\/hand2note-cash-2-10-max-game-type.png 659w, https:\/\/hand2noteguide.com\/wp-content\/uploads\/2019\/07\/hand2note-cash-2-10-max-game-type-300x214.png 300w, https:\/\/hand2noteguide.com\/wp-content\/uploads\/2019\/07\/hand2note-cash-2-10-max-game-type-624x444.png 624w\" sizes=\"auto, (max-width: 659px) 100vw, 659px\" \/><\/figure>\n\n\n\n<p>Nun m\u00fcssen Sie separate Spieltypen f\u00fcr die R\u00e4ume erstellen, in denen Sie ein HUD sehen m\u00f6chten, das sich von dem unterscheidet, was Sie im vorherigen Schritt angegeben haben. Um einen neuen Spieltyp hinzuzuf\u00fcgen, klicken Sie unten in der Liste der vorhandenen Typen auf das \u201e+\u201c. Geben Sie einen beliebigen Namen und den Filter \u201eRoom\u201c an. Erstellte Typen m\u00fcssen an den Anfang der Liste gesetzt werden.<\/p>\n\n\n\n<figure class=\"wp-block-image\"><img loading=\"lazy\" decoding=\"async\" width=\"669\" height=\"617\" src=\"https:\/\/hand2noteguide.com\/wp-content\/uploads\/2019\/07\/hand2note-pokerstars-game-type-1.png\" alt=\"hand2note pokerstars game type\" class=\"wp-image-1592\" srcset=\"https:\/\/hand2noteguide.com\/wp-content\/uploads\/2019\/07\/hand2note-pokerstars-game-type-1.png 669w, https:\/\/hand2noteguide.com\/wp-content\/uploads\/2019\/07\/hand2note-pokerstars-game-type-1-300x277.png 300w, https:\/\/hand2noteguide.com\/wp-content\/uploads\/2019\/07\/hand2note-pokerstars-game-type-1-624x575.png 624w\" sizes=\"auto, (max-width: 669px) 100vw, 669px\" \/><\/figure>\n\n\n\n<p>Nach den \u00c4nderungen ist es notwendig, die <a href=\"https:\/\/hand2noteguide.com\/de\/guide\/rebuild-stats\/\">Statistiken neu zu erstellen<\/a>, damit die neuen Spieleinstellungen auf die gesamte <a href=\"https:\/\/hand2noteguide.com\/de\/guide\/database\/\">Datenbank<\/a> angewendet werden.<\/p>\n","protected":false},"excerpt":{"rendered":"<p>Wenn Sie in mehreren R\u00e4umen spielen und in jedem oder einigen von ihnen unterschiedliche HUD- und Popup-Profile verwenden m\u00f6chten, bietet Ihnen Hand2Note diese M\u00f6glichkeit. Um die Anzeige bestimmter HUDs in bestimmten R\u00e4umen zu konfigurieren, folgen Sie den unten stehenden Anweisungen. Gehen Sie zu Configuration \u2192 Game Types. Zun\u00e4chst k\u00f6nnen Sie die Einstellungen auf die Standardwerte &hellip; <a href=\"https:\/\/hand2noteguide.com\/de\/guide\/hud\/different-huds-in-different-rooms\/\" class=\"more-link\">Continue reading <span class=\"screen-reader-text\">Verwendung verschiedener HUDs in unterschiedlichen R\u00e4umen<\/span><\/a><\/p>\n","protected":false},"author":1,"featured_media":0,"parent":372,"menu_order":0,"comment_status":"closed","ping_status":"closed","template":"page-templates\/full-width-page.php","meta":{"footnotes":""},"class_list":["post-1556","page","type-page","status-publish","hentry"],"translation":{"provider":"WPGlobus","version":"3.0.2","language":"de","enabled_languages":["en","ru","pt","zh","es","fr","de","it","ja"],"languages":{"en":{"title":true,"content":true,"excerpt":false},"ru":{"title":true,"content":true,"excerpt":false},"pt":{"title":true,"content":true,"excerpt":false},"zh":{"title":true,"content":true,"excerpt":false},"es":{"title":true,"content":true,"excerpt":false},"fr":{"title":true,"content":true,"excerpt":false},"de":{"title":true,"content":true,"excerpt":false},"it":{"title":true,"content":true,"excerpt":false},"ja":{"title":true,"content":true,"excerpt":false}}},"yoast_head":"<!-- This site is optimized with the Yoast SEO plugin v27.0 - https:\/\/yoast.com\/product\/yoast-seo-wordpress\/ -->\n<title>Anpassen von HUD-Profilen f\u00fcr verschiedene Poker-R\u00e4ume<\/title>\n<meta name=\"description\" content=\"Erfahren Sie, wie Sie HUD- und Popup-Profile f\u00fcr verschiedene Poker-R\u00e4ume mit Hand2Note anpassen k\u00f6nnen. Folgen Sie unserer Schritt-f\u00fcr-Schritt-Anleitung, um Ihre Pokerstrategie zu optimieren.\" \/>\n<meta name=\"robots\" content=\"index, follow, max-snippet:-1, max-image-preview:large, max-video-preview:-1\" \/>\n<link rel=\"canonical\" href=\"https:\/\/hand2noteguide.com\/guide\/hud\/different-huds-in-different-rooms\/\" \/>\n<meta property=\"og:locale\" content=\"de_DE\" \/>\n<meta property=\"og:type\" content=\"article\" \/>\n<meta property=\"og:title\" content=\"Anpassen von HUD-Profilen f\u00fcr verschiedene Poker-R\u00e4ume\" \/>\n<meta property=\"og:description\" content=\"Erfahren Sie, wie Sie HUD- und Popup-Profile f\u00fcr verschiedene Poker-R\u00e4ume mit Hand2Note anpassen k\u00f6nnen. Folgen Sie unserer Schritt-f\u00fcr-Schritt-Anleitung, um Ihre Pokerstrategie zu optimieren.\" \/>\n<meta property=\"og:url\" content=\"https:\/\/hand2noteguide.com\/guide\/hud\/different-huds-in-different-rooms\/\" \/>\n<meta property=\"og:site_name\" content=\"Hand2Note Guide\" \/>\n<meta property=\"article:modified_time\" content=\"2025-06-04T14:42:09+00:00\" \/>\n<meta property=\"og:image\" content=\"https:\/\/hand2noteguide.com\/wp-content\/uploads\/2019\/07\/handnote-game-types-reset-to-default.png\" \/>\n<meta name=\"twitter:card\" content=\"summary_large_image\" \/>\n<meta name=\"twitter:label1\" content=\"Est. reading time\" \/>\n\t<meta name=\"twitter:data1\" content=\"7 minutes\" \/>\n<!-- \/ Yoast SEO plugin. -->","yoast_head_json":{"title":"Anpassen von HUD-Profilen f\u00fcr verschiedene Poker-R\u00e4ume","description":"Erfahren Sie, wie Sie HUD- und Popup-Profile f\u00fcr verschiedene Poker-R\u00e4ume mit Hand2Note anpassen k\u00f6nnen. Folgen Sie unserer Schritt-f\u00fcr-Schritt-Anleitung, um Ihre Pokerstrategie zu optimieren.","robots":{"index":"index","follow":"follow","max-snippet":"max-snippet:-1","max-image-preview":"max-image-preview:large","max-video-preview":"max-video-preview:-1"},"canonical":"https:\/\/hand2noteguide.com\/guide\/hud\/different-huds-in-different-rooms\/","og_locale":"de_DE","og_type":"article","og_title":"Anpassen von HUD-Profilen f\u00fcr verschiedene Poker-R\u00e4ume","og_description":"Erfahren Sie, wie Sie HUD- und Popup-Profile f\u00fcr verschiedene Poker-R\u00e4ume mit Hand2Note anpassen k\u00f6nnen. Folgen Sie unserer Schritt-f\u00fcr-Schritt-Anleitung, um Ihre Pokerstrategie zu optimieren.","og_url":"https:\/\/hand2noteguide.com\/guide\/hud\/different-huds-in-different-rooms\/","og_site_name":"Hand2Note Guide","article_modified_time":"2025-06-04T14:42:09+00:00","og_image":[{"url":"https:\/\/hand2noteguide.com\/wp-content\/uploads\/2019\/07\/handnote-game-types-reset-to-default.png","type":"","width":"","height":""}],"twitter_card":"summary_large_image","twitter_misc":{"Est. reading time":"7 minutes"},"schema":{"@context":"https:\/\/schema.org","@graph":[]}},"jetpack_sharing_enabled":true,"_links":{"self":[{"href":"https:\/\/hand2noteguide.com\/de\/wp-json\/wp\/v2\/pages\/1556","targetHints":{"allow":["GET"]}}],"collection":[{"href":"https:\/\/hand2noteguide.com\/de\/wp-json\/wp\/v2\/pages"}],"about":[{"href":"https:\/\/hand2noteguide.com\/de\/wp-json\/wp\/v2\/types\/page"}],"author":[{"embeddable":true,"href":"https:\/\/hand2noteguide.com\/de\/wp-json\/wp\/v2\/users\/1"}],"replies":[{"embeddable":true,"href":"https:\/\/hand2noteguide.com\/de\/wp-json\/wp\/v2\/comments?post=1556"}],"version-history":[{"count":30,"href":"https:\/\/hand2noteguide.com\/de\/wp-json\/wp\/v2\/pages\/1556\/revisions"}],"predecessor-version":[{"id":13510,"href":"https:\/\/hand2noteguide.com\/de\/wp-json\/wp\/v2\/pages\/1556\/revisions\/13510"}],"up":[{"embeddable":true,"href":"https:\/\/hand2noteguide.com\/de\/wp-json\/wp\/v2\/pages\/372"}],"wp:attachment":[{"href":"https:\/\/hand2noteguide.com\/de\/wp-json\/wp\/v2\/media?parent=1556"}],"curies":[{"name":"wp","href":"https:\/\/api.w.org\/{rel}","templated":true}]}}