{"id":15713,"date":"2026-03-13T13:27:46","date_gmt":"2026-03-13T10:27:46","guid":{"rendered":"https:\/\/hand2noteguide.com\/?page_id=15713"},"modified":"2026-03-13T13:37:20","modified_gmt":"2026-03-13T10:37:20","slug":"the_use_of_limp_limp-fold_and_limp-raise_stats","status":"publish","type":"page","link":"https:\/\/hand2noteguide.com\/de\/user-manual\/the_use_of_limp_limp-fold_and_limp-raise_stats\/","title":{"rendered":"Wie man Fish-Ranges analysiert: Limp, Limp-Raise und Limp-Fold"},"content":{"rendered":"\n<p>Wenn wir am Tisch auf einen Freizeitspieler treffen, w\u00e4re es ein Fehler zu denken: <em>\u201eEr spielt schlecht, also sollte ich gewinnen.\u201c<\/em> Es ist trotzdem wichtig, sein Spiel aus der Perspektive \u201eRange vs. Range\u201c zu bewerten. Allerdings ist es nicht immer einfach, seine Range zu verstehen. Die meisten Freizeitspieler bevorzugen eine Strategie mit hoher Limp-Frequenz und wenigen Raises, andere verwenden gro\u00dfe Preflop-Raises mit sehr wenigen Limps, und die kleinste Gruppe hat ungef\u00e4hr ausgeglichene Limp- und Raise-Frequenzen preflop.<\/p>\n\n\n\n<p>In diesem Artikel zeigen wir, <strong>wie dir das Verst\u00e4ndnis der Preflop-Muster von Freizeitspielern hilft, H\u00e4nde korrekt gegen sie zu spielen und konstant Pots zu gewinnen<\/strong>.<\/p>\n\n\n\n<h2 class=\"wp-block-heading\">Spiel gegen einen \u201eVIP\u201c-Fish<\/h2>\n\n\n\n<p><em>Die Handanalyse wurde mit H2N Version 4.1.226 und <a href=\"https:\/\/www.hudstore.poker\/products\/pbcp-hud\" target=\"_blank\" rel=\"noreferrer noopener\">PBCP HUD<\/a> durchgef\u00fchrt.<\/em><\/p>\n\n\n\n<p>Wie k\u00f6nnen wir die Verteilung der gesamten Range eines Freizeitspielers auf verschiedene Lines verstehen, um unsere Strategie f\u00fcr die Hand aufzubauen?<\/p>\n\n\n\n<p>Daf\u00fcr verwende ich die Statistiken Limp, Limp-Fold und Limp-Raise. In meinem HUD werden sie als Total angezeigt, und im Popup sind sie nach Position aufgeschl\u00fcsselt.<\/p>\n\n\n\n<p>Schauen wir uns ein konkretes Beispiel an. In dieser Hand hat der Gegner Stats von VPIP 79% und PFR 4%. Das ist ein klassisches Beispiel f\u00fcr einen \u201eVIP\u201c-Fish, der viel zu viele Pots spielt, aber vor dem Flop nur selten Aggression zeigt. Gegen solche Gegner zu spielen hat einen stark positiven Erwartungswert, weil ihre Ranges viel zu weit und anf\u00e4llig sind.<\/p>\n\n\n\n<figure class=\"wp-block-image size-full\"><img loading=\"lazy\" decoding=\"async\" width=\"221\" height=\"77\" src=\"https:\/\/hand2noteguide.com\/wp-content\/uploads\/2026\/03\/1.png\" alt=\"\" class=\"wp-image-15741\" \/><\/figure>\n\n\n\n<p>Hier ist die Hand selbst:<\/p>\n\n\n\n<figure class=\"wp-block-image size-full\"><img loading=\"lazy\" decoding=\"async\" width=\"480\" height=\"689\" src=\"https:\/\/hand2noteguide.com\/wp-content\/uploads\/2026\/03\/2.png\" alt=\"\" class=\"wp-image-15742\" srcset=\"https:\/\/hand2noteguide.com\/wp-content\/uploads\/2026\/03\/2.png 480w, https:\/\/hand2noteguide.com\/wp-content\/uploads\/2026\/03\/2-209x300.png 209w\" sizes=\"auto, (max-width: 480px) 100vw, 480px\" \/><\/figure>\n\n\n\n<p>Ich sitze im SB mit einem Pocket Pair \u2014 2 2. Ich mache einen Standard-Isolation-Raise, bekomme aber ein Limp-Raise. Seine durchschnittliche Limp-Range kann man auf etwa 70% sch\u00e4tzen, w\u00e4hrend sein Limp-Raise etwa 5\u20136% betr\u00e4gt, was bedeutet, dass die gesamte Range hier wahrscheinlich nicht mehr als 3\u20135% ausmacht. Bei einer solchen Verteilung wird seine Range stark in Richtung starker H\u00e4nde gewichtet sein, mit einer kleinen Anzahl zuf\u00e4lliger H\u00e4nde als Beimischung.<\/p>\n\n\n\n<p>Der Raise betr\u00e4gt 8bb, und mit 22 muss ich nur noch 3,5bb bezahlen, um das Min-3-Bet zu callen, was durch die Pot Odds gerechtfertigt ist.<\/p>\n\n\n\n<p>Der Flop kommt Ax \u2014 schlecht f\u00fcr mich, weil alle AQ\u2013AK-H\u00e4nde damit treffen. Ohne zus\u00e4tzliche Equity w\u00fcrde ich 22 einfach folden. Aber ich habe einen Gutshot. Ich brauche 22,5% Equity, um zu callen. Ich habe 6 lebende Outs, also ist es ein Call.<\/p>\n\n\n\n<p>Der Turn bringt +K.<\/p>\n\n\n\n<p>Der Gegner checkt behind, was mir eine Chance auf dem River gibt.<\/p>\n\n\n\n<p>Der River ist eine Blank (8x).<\/p>\n\n\n\n<p>Wie bewerte ich seine Range auf dem River? Der Gegner hat Aggressionsfrequenzen von 15\/17\/42, daher muss ich davon ausgehen, dass er einige Slowplays wie TP2K, Top Two Pair oder Sets wie AA oder KK hat (etwa 15\u201317 Kombos slowplayed), die ich niemals zum Folden bringen werde. Auf der anderen Seite gibt es H\u00e4nde wie TT\u2013QQ und KJ\u2013KQ, die sich auf dem Turn verbessert haben (sagen wir etwa 25 Kombos). Dazu kommt eine kleine Menge zuf\u00e4lliger H\u00e4nde (5\u20137 Kombos).<\/p>\n\n\n\n<p>So spielt er in Position:<\/p>\n\n\n\n<figure class=\"wp-block-image size-full\"><img loading=\"lazy\" decoding=\"async\" width=\"216\" height=\"249\" src=\"https:\/\/hand2noteguide.com\/wp-content\/uploads\/2026\/03\/3.png\" alt=\"\" class=\"wp-image-15744\" \/><\/figure>\n\n\n\n<p>Ich entschied mich zu versuchen, ihn aus Two-Pair-\u00e4hnlichen H\u00e4nden zu folden. Gegen solche Gegner braucht man ein gro\u00dfes Sizing \u2014 eine Potbet oder sogar eine Overbet. Der Showdown sah so aus:<\/p>\n\n\n\n<figure class=\"wp-block-image size-full\"><img loading=\"lazy\" decoding=\"async\" width=\"437\" height=\"128\" src=\"https:\/\/hand2noteguide.com\/wp-content\/uploads\/2026\/03\/4.png\" alt=\"\" class=\"wp-image-15746\" srcset=\"https:\/\/hand2noteguide.com\/wp-content\/uploads\/2026\/03\/4.png 437w, https:\/\/hand2noteguide.com\/wp-content\/uploads\/2026\/03\/4-300x88.png 300w\" sizes=\"auto, (max-width: 437px) 100vw, 437px\" \/><\/figure>\n\n\n\n<p>Nach der Bewertung seiner Range scheint es, dass ich meine Fold Equity falsch eingesch\u00e4tzt habe. Wenn ich geplant habe, eine bestimmte Kategorie von H\u00e4nden zum Folden zu bringen, und das nicht gelungen ist, war der Bluff schlecht. Allerdings wurde die Range des Gegners selbst korrekt verstanden.<\/p>\n\n\n\n<h2 class=\"wp-block-heading\">Spiel gegen einen durchschnittlichen Freizeitspieler<\/h2>\n\n\n\n<p>Diese Hand wurde gegen einen Freizeitspieler mit Stats um 45\/6 und einer hohen Limp-Raise-Frequenz gespielt. Hier sind die Limp-Statistiken meines Gegners:<\/p>\n\n\n\n<figure class=\"wp-block-image size-full\"><img loading=\"lazy\" decoding=\"async\" width=\"191\" height=\"76\" src=\"https:\/\/hand2noteguide.com\/wp-content\/uploads\/2026\/03\/5.png\" alt=\"\" class=\"wp-image-15753\" \/><\/figure>\n\n\n\n<p>Der gro\u00dfe Unterschied in der Limp-Raise-Frequenz zwischen EP\u2013MP und CO\u2013BU f\u00e4llt sofort auf. Das erfordert entsprechende Anpassungen. Gegen die ersten beiden Positionen brauchst du eine solide Range und musst bereit sein, gegen eine 14\u201316% 3-Bet-Range zu spielen, w\u00e4hrend du gegen die sp\u00e4teren Positionen beim Isolieren oft automatisch Profit erzielen kannst, was dir erlaubt, deine Isolation-Raise-Range zu erweitern.<\/p>\n\n\n\n<p>Hier ist die Hand selbst:<\/p>\n\n\n\n<figure class=\"wp-block-image size-full\"><img loading=\"lazy\" decoding=\"async\" width=\"484\" height=\"685\" src=\"https:\/\/hand2noteguide.com\/wp-content\/uploads\/2026\/03\/6.png\" alt=\"\" class=\"wp-image-15754\" srcset=\"https:\/\/hand2noteguide.com\/wp-content\/uploads\/2026\/03\/6.png 484w, https:\/\/hand2noteguide.com\/wp-content\/uploads\/2026\/03\/6-212x300.png 212w\" sizes=\"auto, (max-width: 484px) 100vw, 484px\" \/><\/figure>\n\n\n\n<p>Preflop ist das eine gro\u00dfartige Hand, um einen solchen Gegner zu isolieren. Sie ist hoch, blockt einige seiner Raise-H\u00e4nde und hat gute Equity, wenn sie postflop trifft.<\/p>\n\n\n\n<p>Der Flop kommt Kx \u2014 ich habe Top Pair mit schwachem Kicker. Aber um eine Strategie f\u00fcr die Hand aufzubauen, m\u00fcssen wir seine Range bewerten. Er limpt 21% der H\u00e4nde, davon raist er etwa ein Viertel, foldet zwei Drittel und callt etwa 15\u201320%, was ungef\u00e4hr 3,5\u20134% entspricht. Bei dieser Verteilung sollte die Calling-Range haupts\u00e4chlich aus mittelstarken H\u00e4nden bestehen.<\/p>\n\n\n\n<p>Ich m\u00f6chte noch einmal betonen: Ohne die Statistiken Limp, Limp-Raise und Limp-Fold w\u00fcrde ich diese Hand h\u00f6chstwahrscheinlich auf eine Standardweise spielen. Aber die Stats des Gegners sind nicht Standard, also muss ich Anpassungen vornehmen.<\/p>\n\n\n\n<p>Meine Hand liegt ungef\u00e4hr an der Grenze zwischen zwei oder drei Streets Value.<\/p>\n\n\n\n<p>Hier sind die Informationen, die wir \u00fcber sein Spiel in Limp-Call-Spots haben:<\/p>\n\n\n\n<figure class=\"wp-block-image size-full\"><img loading=\"lazy\" decoding=\"async\" width=\"257\" height=\"490\" src=\"https:\/\/hand2noteguide.com\/wp-content\/uploads\/2026\/03\/7.png\" alt=\"\" class=\"wp-image-15755\" srcset=\"https:\/\/hand2noteguide.com\/wp-content\/uploads\/2026\/03\/7.png 257w, https:\/\/hand2noteguide.com\/wp-content\/uploads\/2026\/03\/7-157x300.png 157w\" sizes=\"auto, (max-width: 257px) 100vw, 257px\" \/><\/figure>\n\n\n\n<p>Da ich wei\u00df, dass dieser Gegner postflop gerne h\u00e4ufig bettet und raist, wenn er in Position ist, habe ich meine Strategie um eine kleine Flop-Bet aufgebaut, um seine Calling-Range zu erweitern, gefolgt von einem gesch\u00fctzten Check, um ihm die M\u00f6glichkeit zu geben zu bluffen.<\/p>\n\n\n\n<p>Ich habe mich auf folgendes Popup gest\u00fctzt:<\/p>\n\n\n\n<figure class=\"wp-block-image size-full\"><img loading=\"lazy\" decoding=\"async\" width=\"221\" height=\"241\" src=\"https:\/\/hand2noteguide.com\/wp-content\/uploads\/2026\/03\/8.png\" alt=\"\" class=\"wp-image-15756\" \/><\/figure>\n\n\n\n<p>Leider hat der Gegner weder Turn noch River gebettet und stattdessen beim Showdown Folgendes gezeigt:<\/p>\n\n\n\n<figure class=\"wp-block-image size-full\"><img loading=\"lazy\" decoding=\"async\" width=\"416\" height=\"125\" src=\"https:\/\/hand2noteguide.com\/wp-content\/uploads\/2026\/03\/9.png\" alt=\"\" class=\"wp-image-15757\" srcset=\"https:\/\/hand2noteguide.com\/wp-content\/uploads\/2026\/03\/9.png 416w, https:\/\/hand2noteguide.com\/wp-content\/uploads\/2026\/03\/9-300x90.png 300w\" sizes=\"auto, (max-width: 416px) 100vw, 416px\" \/><\/figure>\n\n\n\n<p>Er traf auf dem Turn Second Pair und entschied sich vern\u00fcnftigerweise dagegen, seinen Showdown-Value in einen Bluff zu verwandeln. Allerdings m\u00f6chte ich darauf hinweisen, dass er den Flop \u00fcbercallt hat \u2014 seine Hand sollte dort eigentlich folden. Das deutet darauf hin, dass sein Plan war, mich mit aggressiven Aktionen aus dem Pot zu dr\u00e4ngen.<\/p>\n\n\n\n<h2 class=\"wp-block-heading\">Fazit<\/h2>\n\n\n\n<p>Das Verst\u00e4ndnis der Ranges der Gegner ist wahrscheinlich der Hauptunterschied zwischen einem Profi und einem Freizeitspieler. Und wie wir in den beiden obigen Beispielen gesehen haben, ist dieses Verst\u00e4ndnis ohne hochwertige Statistiken schlicht unm\u00f6glich.<\/p>\n\n\n\n<p>Wenn du also das n\u00e4chste Mal am Tisch sitzt und einen \u201eFish\u201c dir gegen\u00fcber siehst, denke nicht: \u201eIch werde ihn zerst\u00f6ren, weil er schlecht ist.\u201c Denke stattdessen: \u201eWas wei\u00df ich \u00fcber sein Limp-Raise? Wie oft slowplayt er? Mit welchen H\u00e4nden callt er den Flop?\u201c \u00d6ffne dein Popup \u2014 das, das wir gelernt haben zu erstellen \u2014 und schau nach. In diesen trockenen Zahlen steht bereits die ganze Geschichte der Hand, die du gleich spielen wirst. Du musst nur noch Pocket Deuces nicht mit Assen auf dem River verwechseln und im richtigen Moment auf Check klicken.<\/p>\n\n\n\n<p>Heute haben wir uns angeschaut, wie uns die Statistiken \u201eLimp\u201c, \u201eLimp-Raise\u201c und \u201eLimp-Fold\u201c helfen, ein Bild von der Range eines Gegners zu erstellen. Und denk daran: Sie m\u00fcssen zusammen betrachtet werden, und erst danach solltest du deine Spielstrategie auf der Grundlage der spezifischen Range aufbauen, die du ihm gibst.<\/p>\n","protected":false},"excerpt":{"rendered":"<p>Wenn wir am Tisch auf einen Freizeitspieler treffen, w\u00e4re es ein Fehler zu denken: \u201eEr spielt schlecht, also sollte ich gewinnen.\u201c Es ist trotzdem wichtig, sein Spiel aus der Perspektive \u201eRange vs. Range\u201c zu bewerten. Allerdings ist es nicht immer einfach, seine Range zu verstehen. Die meisten Freizeitspieler bevorzugen eine Strategie mit hoher Limp-Frequenz und &hellip; <a href=\"https:\/\/hand2noteguide.com\/de\/user-manual\/the_use_of_limp_limp-fold_and_limp-raise_stats\/\" class=\"more-link\">Continue reading <span class=\"screen-reader-text\">Wie man Fish-Ranges analysiert: Limp, Limp-Raise und Limp-Fold<\/span><\/a><\/p>\n","protected":false},"author":18,"featured_media":15716,"parent":9199,"menu_order":0,"comment_status":"closed","ping_status":"closed","template":"","meta":{"footnotes":""},"class_list":["post-15713","page","type-page","status-publish","has-post-thumbnail","hentry"],"translation":{"provider":"WPGlobus","version":"3.0.2","language":"de","enabled_languages":["en","ru","pt","zh","es","fr","de","it","ja"],"languages":{"en":{"title":true,"content":true,"excerpt":false},"ru":{"title":true,"content":true,"excerpt":false},"pt":{"title":true,"content":true,"excerpt":false},"zh":{"title":true,"content":true,"excerpt":false},"es":{"title":true,"content":true,"excerpt":false},"fr":{"title":true,"content":true,"excerpt":false},"de":{"title":true,"content":true,"excerpt":false},"it":{"title":true,"content":true,"excerpt":false},"ja":{"title":true,"content":true,"excerpt":false}}},"yoast_head":"<!-- This site is optimized with the Yoast SEO plugin v27.0 - https:\/\/yoast.com\/product\/yoast-seo-wordpress\/ -->\n<title>Fish-Ranges analysieren: Limp- &amp; Limp-Raise-Stats<\/title>\n<meta name=\"description\" content=\"Lerne, wie Limp-, Limp-Raise- und Limp-Fold-Stats Fish-Ranges sch\u00e4tzen, Isolationsraises anpassen und profitable Postflop-Lines finden.\" \/>\n<meta name=\"robots\" content=\"index, follow, max-snippet:-1, max-image-preview:large, max-video-preview:-1\" \/>\n<link rel=\"canonical\" href=\"https:\/\/hand2noteguide.com\/user-manual\/the_use_of_limp_limp-fold_and_limp-raise_stats\/\" \/>\n<meta property=\"og:locale\" content=\"de_DE\" \/>\n<meta property=\"og:type\" content=\"article\" \/>\n<meta property=\"og:title\" content=\"Fish-Ranges analysieren: Limp- &amp; Limp-Raise-Stats\" \/>\n<meta property=\"og:description\" content=\"Lerne, wie Limp-, Limp-Raise- und Limp-Fold-Stats Fish-Ranges sch\u00e4tzen, Isolationsraises anpassen und profitable Postflop-Lines finden.\" \/>\n<meta property=\"og:url\" content=\"https:\/\/hand2noteguide.com\/user-manual\/the_use_of_limp_limp-fold_and_limp-raise_stats\/\" \/>\n<meta property=\"og:site_name\" content=\"Hand2Note Guide\" \/>\n<meta property=\"article:modified_time\" content=\"2026-03-13T10:37:20+00:00\" \/>\n<meta property=\"og:image\" content=\"https:\/\/hand2noteguide.com\/wp-content\/uploads\/2026\/03\/\u0413\u043b\u0430\u0432\u043d\u0430\u044f-\u0432\u0441-\u043b\u0438\u043c\u043f-1024x540.png\" \/>\n\t<meta property=\"og:image:width\" content=\"1024\" \/>\n\t<meta property=\"og:image:height\" content=\"540\" \/>\n\t<meta property=\"og:image:type\" content=\"image\/png\" \/>\n<meta name=\"twitter:card\" content=\"summary_large_image\" \/>\n<meta name=\"twitter:label1\" content=\"Est. reading time\" \/>\n\t<meta name=\"twitter:data1\" content=\"7 minutes\" \/>\n<!-- \/ Yoast SEO plugin. -->","yoast_head_json":{"title":"Fish-Ranges analysieren: Limp- & Limp-Raise-Stats","description":"Lerne, wie Limp-, Limp-Raise- und Limp-Fold-Stats Fish-Ranges sch\u00e4tzen, Isolationsraises anpassen und profitable Postflop-Lines finden.","robots":{"index":"index","follow":"follow","max-snippet":"max-snippet:-1","max-image-preview":"max-image-preview:large","max-video-preview":"max-video-preview:-1"},"canonical":"https:\/\/hand2noteguide.com\/user-manual\/the_use_of_limp_limp-fold_and_limp-raise_stats\/","og_locale":"de_DE","og_type":"article","og_title":"Fish-Ranges analysieren: Limp- & Limp-Raise-Stats","og_description":"Lerne, wie Limp-, Limp-Raise- und Limp-Fold-Stats Fish-Ranges sch\u00e4tzen, Isolationsraises anpassen und profitable Postflop-Lines finden.","og_url":"https:\/\/hand2noteguide.com\/user-manual\/the_use_of_limp_limp-fold_and_limp-raise_stats\/","og_site_name":"Hand2Note Guide","article_modified_time":"2026-03-13T10:37:20+00:00","og_image":[{"width":1024,"height":540,"url":"https:\/\/hand2noteguide.com\/wp-content\/uploads\/2026\/03\/\u0413\u043b\u0430\u0432\u043d\u0430\u044f-\u0432\u0441-\u043b\u0438\u043c\u043f-1024x540.png","type":"image\/png"}],"twitter_card":"summary_large_image","twitter_misc":{"Est. reading time":"7 minutes"},"schema":{"@context":"https:\/\/schema.org","@graph":[]}},"jetpack_sharing_enabled":true,"_links":{"self":[{"href":"https:\/\/hand2noteguide.com\/de\/wp-json\/wp\/v2\/pages\/15713","targetHints":{"allow":["GET"]}}],"collection":[{"href":"https:\/\/hand2noteguide.com\/de\/wp-json\/wp\/v2\/pages"}],"about":[{"href":"https:\/\/hand2noteguide.com\/de\/wp-json\/wp\/v2\/types\/page"}],"author":[{"embeddable":true,"href":"https:\/\/hand2noteguide.com\/de\/wp-json\/wp\/v2\/users\/18"}],"replies":[{"embeddable":true,"href":"https:\/\/hand2noteguide.com\/de\/wp-json\/wp\/v2\/comments?post=15713"}],"version-history":[{"count":19,"href":"https:\/\/hand2noteguide.com\/de\/wp-json\/wp\/v2\/pages\/15713\/revisions"}],"predecessor-version":[{"id":15907,"href":"https:\/\/hand2noteguide.com\/de\/wp-json\/wp\/v2\/pages\/15713\/revisions\/15907"}],"up":[{"embeddable":true,"href":"https:\/\/hand2noteguide.com\/de\/wp-json\/wp\/v2\/pages\/9199"}],"wp:featuredmedia":[{"embeddable":true,"href":"https:\/\/hand2noteguide.com\/de\/wp-json\/wp\/v2\/media\/15716"}],"wp:attachment":[{"href":"https:\/\/hand2noteguide.com\/de\/wp-json\/wp\/v2\/media?parent=15713"}],"curies":[{"name":"wp","href":"https:\/\/api.w.org\/{rel}","templated":true}]}}