{"id":15922,"date":"2026-03-28T13:03:50","date_gmt":"2026-03-28T10:03:50","guid":{"rendered":"https:\/\/hand2noteguide.com\/?page_id=15922"},"modified":"2026-03-28T13:12:22","modified_gmt":"2026-03-28T10:12:22","slug":"hand2note_popup_editor_creating_a_professional_popup","status":"publish","type":"page","link":"https:\/\/hand2noteguide.com\/de\/user-manual\/hand2note_popup_editor_creating_a_professional_popup\/","title":{"rendered":"Hand2Note Popup Editor: Erstellen eines professionellen Popups"},"content":{"rendered":"\n<p>Letztes Mal haben wir die \u201eKennenlernphase\u201c abgeschlossen: Wir haben gelernt, uns im Popup Editor zurechtzufinden und ein einfaches Popup erstellt.<\/p>\n\n\n\n<p>Heute ist das Ziel ambitionierter \u2014 wir erstellen ein komplexes, mehrstufiges Tool. Wir schauen uns an, wie man Tabs zu einem Popup hinzuf\u00fcgt, Postflop-Handst\u00e4rke-Histogramme integriert, Preflop-Diagramme nutzt und detaillierte Stats f\u00fcr eine tiefere Spielanalyse konfiguriert.<\/p>\n\n\n\n<h2 class=\"wp-block-heading\">Wie wird das fertige Popup aussehen?<\/h2>\n\n\n\n<p>Zuvor haben wir bei der Arbeit im Popup Editor ein Popup erstellt, das so aussieht:<\/p>\n\n\n\n<figure class=\"wp-block-image size-large\"><img loading=\"lazy\" decoding=\"async\" width=\"1024\" height=\"540\" src=\"https:\/\/hand2noteguide.com\/wp-content\/uploads\/2026\/03\/\u041f\u0440\u0438\u043c\u0435\u0440-\u043f\u043e\u043f\u0430\u043f\u0430-1024x540.jpg\" alt=\"\" class=\"wp-image-15441\" srcset=\"https:\/\/hand2noteguide.com\/wp-content\/uploads\/2026\/03\/\u041f\u0440\u0438\u043c\u0435\u0440-\u043f\u043e\u043f\u0430\u043f\u0430-1024x540.jpg 1024w, https:\/\/hand2noteguide.com\/wp-content\/uploads\/2026\/03\/\u041f\u0440\u0438\u043c\u0435\u0440-\u043f\u043e\u043f\u0430\u043f\u0430-300x158.jpg 300w, https:\/\/hand2noteguide.com\/wp-content\/uploads\/2026\/03\/\u041f\u0440\u0438\u043c\u0435\u0440-\u043f\u043e\u043f\u0430\u043f\u0430-768x405.jpg 768w, https:\/\/hand2noteguide.com\/wp-content\/uploads\/2026\/03\/\u041f\u0440\u0438\u043c\u0435\u0440-\u043f\u043e\u043f\u0430\u043f\u0430-1536x811.jpg 1536w, https:\/\/hand2noteguide.com\/wp-content\/uploads\/2026\/03\/\u041f\u0440\u0438\u043c\u0435\u0440-\u043f\u043e\u043f\u0430\u043f\u0430-2048x1081.jpg 2048w, https:\/\/hand2noteguide.com\/wp-content\/uploads\/2026\/03\/\u041f\u0440\u0438\u043c\u0435\u0440-\u043f\u043e\u043f\u0430\u043f\u0430-772x407.jpg 772w\" sizes=\"auto, (max-width: 1024px) 100vw, 1024px\" \/><\/figure>\n\n\n\n<p>Jetzt ist es Zeit f\u00fcr ein Upgrade: Wir f\u00fcgen verschachtelte Tabs, grafische Range-Darstellungen und weitere Elemente hinzu, die einfache Stats in ein vollwertiges Analyse-Tool verwandeln:<\/p>\n\n\n\n<figure class=\"wp-block-image size-large\"><img loading=\"lazy\" decoding=\"async\" width=\"1024\" height=\"540\" src=\"https:\/\/hand2noteguide.com\/wp-content\/uploads\/2026\/03\/\u0421\u043b\u043e\u0436\u043d\u044b\u0439-\u043f\u043e\u043f\u0430\u043f-\u043f\u0440\u0435\u0432\u044c\u044e-1024x540.jpg\" alt=\"\" class=\"wp-image-15935\" srcset=\"https:\/\/hand2noteguide.com\/wp-content\/uploads\/2026\/03\/\u0421\u043b\u043e\u0436\u043d\u044b\u0439-\u043f\u043e\u043f\u0430\u043f-\u043f\u0440\u0435\u0432\u044c\u044e-1024x540.jpg 1024w, https:\/\/hand2noteguide.com\/wp-content\/uploads\/2026\/03\/\u0421\u043b\u043e\u0436\u043d\u044b\u0439-\u043f\u043e\u043f\u0430\u043f-\u043f\u0440\u0435\u0432\u044c\u044e-300x158.jpg 300w, https:\/\/hand2noteguide.com\/wp-content\/uploads\/2026\/03\/\u0421\u043b\u043e\u0436\u043d\u044b\u0439-\u043f\u043e\u043f\u0430\u043f-\u043f\u0440\u0435\u0432\u044c\u044e-768x405.jpg 768w, https:\/\/hand2noteguide.com\/wp-content\/uploads\/2026\/03\/\u0421\u043b\u043e\u0436\u043d\u044b\u0439-\u043f\u043e\u043f\u0430\u043f-\u043f\u0440\u0435\u0432\u044c\u044e-1536x811.jpg 1536w, https:\/\/hand2noteguide.com\/wp-content\/uploads\/2026\/03\/\u0421\u043b\u043e\u0436\u043d\u044b\u0439-\u043f\u043e\u043f\u0430\u043f-\u043f\u0440\u0435\u0432\u044c\u044e-2048x1081.jpg 2048w, https:\/\/hand2noteguide.com\/wp-content\/uploads\/2026\/03\/\u0421\u043b\u043e\u0436\u043d\u044b\u0439-\u043f\u043e\u043f\u0430\u043f-\u043f\u0440\u0435\u0432\u044c\u044e-772x407.jpg 772w\" sizes=\"auto, (max-width: 1024px) 100vw, 1024px\" \/><\/figure>\n\n\n\n<h2 class=\"wp-block-heading\">Erstellen eines neuen Popup-Tabs<\/h2>\n\n\n\n<p>Verwenden Sie die im Artikel \u201e<a href=\"https:\/\/hand2noteguide.com\/de\/user-manual\/popup_editor_navigation_and_creating_a_simple_popup_in_hand2note\/\" id=\"https:\/\/hand2noteguide.com\/user-manual\/popup_editor_navigation_and_creating_a_simple_popup_in_hand2note\/\">Hand2Note Popup Editor: Erstellen eines einfachen Popups<\/a>\u201c beschriebenen Methoden, um einen neuen Tab im Popup zu erstellen, ein Popup Panel darauf anzuwenden und ihn mit den ben\u00f6tigten Stats und Beschriftungen zu f\u00fcllen. F\u00fcr dieses Beispiel haben wir die <a href=\"https:\/\/hand2noteguide.com\/de\/user-manual\/creating-a-simple-stat-continued-bet-on-the-river-in-a-3bet-pot-position\/\" id=\"https:\/\/hand2noteguide.com\/user-manual\/creating-a-simple-stat-continued-bet-on-the-river-in-a-3bet-pot-position\/\">erforderlichen Stats<\/a> im Voraus erstellt. Ein Beispiel f\u00fcr den neu erstellten \u201eRFI+\u201c-Tab:<\/p>\n\n\n\n<figure class=\"wp-block-image size-large\"><img loading=\"lazy\" decoding=\"async\" width=\"1024\" height=\"540\" src=\"https:\/\/hand2noteguide.com\/wp-content\/uploads\/2026\/03\/\u0421\u043b\u043e\u0436\u043d\u044b\u0439-\u043f\u043e\u043f\u0430\u043f-1-1024x540.jpg\" alt=\"\" class=\"wp-image-15965\" srcset=\"https:\/\/hand2noteguide.com\/wp-content\/uploads\/2026\/03\/\u0421\u043b\u043e\u0436\u043d\u044b\u0439-\u043f\u043e\u043f\u0430\u043f-1-1024x540.jpg 1024w, https:\/\/hand2noteguide.com\/wp-content\/uploads\/2026\/03\/\u0421\u043b\u043e\u0436\u043d\u044b\u0439-\u043f\u043e\u043f\u0430\u043f-1-300x158.jpg 300w, https:\/\/hand2noteguide.com\/wp-content\/uploads\/2026\/03\/\u0421\u043b\u043e\u0436\u043d\u044b\u0439-\u043f\u043e\u043f\u0430\u043f-1-768x405.jpg 768w, https:\/\/hand2noteguide.com\/wp-content\/uploads\/2026\/03\/\u0421\u043b\u043e\u0436\u043d\u044b\u0439-\u043f\u043e\u043f\u0430\u043f-1-1536x811.jpg 1536w, https:\/\/hand2noteguide.com\/wp-content\/uploads\/2026\/03\/\u0421\u043b\u043e\u0436\u043d\u044b\u0439-\u043f\u043e\u043f\u0430\u043f-1-2048x1081.jpg 2048w, https:\/\/hand2noteguide.com\/wp-content\/uploads\/2026\/03\/\u0421\u043b\u043e\u0436\u043d\u044b\u0439-\u043f\u043e\u043f\u0430\u043f-1-772x407.jpg 772w\" sizes=\"auto, (max-width: 1024px) 100vw, 1024px\" \/><\/figure>\n\n\n\n<h3 class=\"wp-block-heading\">Postflop-Histogramme hinzuf\u00fcgen<\/h3>\n\n\n\n<p>Beginnen wir damit, Postflop-Histogramme neben den Stats hinzuzuf\u00fcgen, die die Continuation-Bet-Frequenz eines Spielers widerspiegeln.<\/p>\n\n\n\n<figure class=\"wp-block-image size-large\"><img loading=\"lazy\" decoding=\"async\" width=\"1024\" height=\"540\" src=\"https:\/\/hand2noteguide.com\/wp-content\/uploads\/2026\/03\/\u0421\u043b\u043e\u0436\u043d\u044b\u0439-\u043f\u043e\u043f\u0430\u043f-2-1024x540.jpg\" alt=\"\" class=\"wp-image-15967\" srcset=\"https:\/\/hand2noteguide.com\/wp-content\/uploads\/2026\/03\/\u0421\u043b\u043e\u0436\u043d\u044b\u0439-\u043f\u043e\u043f\u0430\u043f-2-1024x540.jpg 1024w, https:\/\/hand2noteguide.com\/wp-content\/uploads\/2026\/03\/\u0421\u043b\u043e\u0436\u043d\u044b\u0439-\u043f\u043e\u043f\u0430\u043f-2-300x158.jpg 300w, https:\/\/hand2noteguide.com\/wp-content\/uploads\/2026\/03\/\u0421\u043b\u043e\u0436\u043d\u044b\u0439-\u043f\u043e\u043f\u0430\u043f-2-768x405.jpg 768w, https:\/\/hand2noteguide.com\/wp-content\/uploads\/2026\/03\/\u0421\u043b\u043e\u0436\u043d\u044b\u0439-\u043f\u043e\u043f\u0430\u043f-2-1536x811.jpg 1536w, https:\/\/hand2noteguide.com\/wp-content\/uploads\/2026\/03\/\u0421\u043b\u043e\u0436\u043d\u044b\u0439-\u043f\u043e\u043f\u0430\u043f-2-2048x1081.jpg 2048w, https:\/\/hand2noteguide.com\/wp-content\/uploads\/2026\/03\/\u0421\u043b\u043e\u0436\u043d\u044b\u0439-\u043f\u043e\u043f\u0430\u043f-2-772x407.jpg 772w\" sizes=\"auto, (max-width: 1024px) 100vw, 1024px\" \/><\/figure>\n\n\n\n<p>Um ein Histogramm hinzuzuf\u00fcgen, klicken Sie mit der rechten Maustaste auf die gew\u00fcnschte Zelle. W\u00e4hlen Sie dann im erscheinenden Men\u00fc \u201eInsert\u201c und anschlie\u00dfend \u201ePostflop histogram\u201c aus der Dropdown-Liste.<\/p>\n\n\n\n<figure class=\"wp-block-image size-large\"><img loading=\"lazy\" decoding=\"async\" width=\"1024\" height=\"540\" src=\"https:\/\/hand2noteguide.com\/wp-content\/uploads\/2026\/03\/\u0421\u043b\u043e\u0436\u043d\u044b\u0439-\u043f\u043e\u043f\u0430\u043f-4-1024x540.jpg\" alt=\"\" class=\"wp-image-15971\" srcset=\"https:\/\/hand2noteguide.com\/wp-content\/uploads\/2026\/03\/\u0421\u043b\u043e\u0436\u043d\u044b\u0439-\u043f\u043e\u043f\u0430\u043f-4-1024x540.jpg 1024w, https:\/\/hand2noteguide.com\/wp-content\/uploads\/2026\/03\/\u0421\u043b\u043e\u0436\u043d\u044b\u0439-\u043f\u043e\u043f\u0430\u043f-4-300x158.jpg 300w, https:\/\/hand2noteguide.com\/wp-content\/uploads\/2026\/03\/\u0421\u043b\u043e\u0436\u043d\u044b\u0439-\u043f\u043e\u043f\u0430\u043f-4-768x405.jpg 768w, https:\/\/hand2noteguide.com\/wp-content\/uploads\/2026\/03\/\u0421\u043b\u043e\u0436\u043d\u044b\u0439-\u043f\u043e\u043f\u0430\u043f-4-1536x811.jpg 1536w, https:\/\/hand2noteguide.com\/wp-content\/uploads\/2026\/03\/\u0421\u043b\u043e\u0436\u043d\u044b\u0439-\u043f\u043e\u043f\u0430\u043f-4-2048x1081.jpg 2048w, https:\/\/hand2noteguide.com\/wp-content\/uploads\/2026\/03\/\u0421\u043b\u043e\u0436\u043d\u044b\u0439-\u043f\u043e\u043f\u0430\u043f-4-772x407.jpg 772w\" sizes=\"auto, (max-width: 1024px) 100vw, 1024px\" \/><\/figure>\n\n\n\n<p>Um das Postflop-Histogramm \u00fcber die ben\u00f6tigte Anzahl von Zellen zu strecken, w\u00e4hlen Sie diese aus, klicken Sie mit der rechten Maustaste und w\u00e4hlen Sie \u201eMerge\u201c. Wichtige Regel: Beim Zusammenf\u00fchren muss sich die Zelle mit dem Histogramm immer in der oberen linken Ecke des ausgew\u00e4hlten Bereichs befinden.<\/p>\n\n\n\n<p>Nun m\u00fcssen Sie festlegen, welche Stat jedes Histogramm anzeigen soll.<\/p>\n\n\n\n<figure class=\"wp-block-image size-large\"><img loading=\"lazy\" decoding=\"async\" width=\"1024\" height=\"540\" src=\"https:\/\/hand2noteguide.com\/wp-content\/uploads\/2026\/03\/\u0421\u043b\u043e\u0436\u043d\u044b\u0439-\u043f\u043e\u043f\u0430\u043f-5-1024x540.jpg\" alt=\"\" class=\"wp-image-15973\" srcset=\"https:\/\/hand2noteguide.com\/wp-content\/uploads\/2026\/03\/\u0421\u043b\u043e\u0436\u043d\u044b\u0439-\u043f\u043e\u043f\u0430\u043f-5-1024x540.jpg 1024w, https:\/\/hand2noteguide.com\/wp-content\/uploads\/2026\/03\/\u0421\u043b\u043e\u0436\u043d\u044b\u0439-\u043f\u043e\u043f\u0430\u043f-5-300x158.jpg 300w, https:\/\/hand2noteguide.com\/wp-content\/uploads\/2026\/03\/\u0421\u043b\u043e\u0436\u043d\u044b\u0439-\u043f\u043e\u043f\u0430\u043f-5-768x405.jpg 768w, https:\/\/hand2noteguide.com\/wp-content\/uploads\/2026\/03\/\u0421\u043b\u043e\u0436\u043d\u044b\u0439-\u043f\u043e\u043f\u0430\u043f-5-1536x811.jpg 1536w, https:\/\/hand2noteguide.com\/wp-content\/uploads\/2026\/03\/\u0421\u043b\u043e\u0436\u043d\u044b\u0439-\u043f\u043e\u043f\u0430\u043f-5-2048x1081.jpg 2048w, https:\/\/hand2noteguide.com\/wp-content\/uploads\/2026\/03\/\u0421\u043b\u043e\u0436\u043d\u044b\u0439-\u043f\u043e\u043f\u0430\u043f-5-772x407.jpg 772w\" sizes=\"auto, (max-width: 1024px) 100vw, 1024px\" \/><\/figure>\n\n\n\n<p>Um einem Histogramm eine Stat zuzuweisen, \u00f6ffnen Sie das Navigationsmen\u00fc \u201eStats\u201c auf der linken Seite des Fensters, suchen die gew\u00fcnschte Stat und ziehen sie direkt auf das Histogramm.<\/p>\n\n\n\n<h3 class=\"wp-block-heading\">Innere Tabs erstellen und Preflop-Diagramme hinzuf\u00fcgen<\/h3>\n\n\n\n<p>Schauen wir uns nun an, wie man innere Tabs hinzuf\u00fcgt und darin Preflop-Diagramme f\u00fcr die ben\u00f6tigten Stats platziert.<\/p>\n\n\n\n<p>Klicken Sie mit der rechten Maustaste auf einen leeren Bereich im Popup-Arbeitsbereich und w\u00e4hlen Sie \u201eInner Tabs\u201c \u2014 dadurch wird ein leeres Panel mit inneren Tabs hinzugef\u00fcgt.<\/p>\n\n\n\n<figure class=\"wp-block-image size-large\"><img loading=\"lazy\" decoding=\"async\" width=\"1024\" height=\"540\" src=\"https:\/\/hand2noteguide.com\/wp-content\/uploads\/2026\/03\/\u0421\u043b\u043e\u0436\u043d\u044b\u0439-\u043f\u043e\u043f\u0430\u043f-6-1024x540.jpg\" alt=\"\" class=\"wp-image-15980\" srcset=\"https:\/\/hand2noteguide.com\/wp-content\/uploads\/2026\/03\/\u0421\u043b\u043e\u0436\u043d\u044b\u0439-\u043f\u043e\u043f\u0430\u043f-6-1024x540.jpg 1024w, https:\/\/hand2noteguide.com\/wp-content\/uploads\/2026\/03\/\u0421\u043b\u043e\u0436\u043d\u044b\u0439-\u043f\u043e\u043f\u0430\u043f-6-300x158.jpg 300w, https:\/\/hand2noteguide.com\/wp-content\/uploads\/2026\/03\/\u0421\u043b\u043e\u0436\u043d\u044b\u0439-\u043f\u043e\u043f\u0430\u043f-6-768x405.jpg 768w, https:\/\/hand2noteguide.com\/wp-content\/uploads\/2026\/03\/\u0421\u043b\u043e\u0436\u043d\u044b\u0439-\u043f\u043e\u043f\u0430\u043f-6-1536x811.jpg 1536w, https:\/\/hand2noteguide.com\/wp-content\/uploads\/2026\/03\/\u0421\u043b\u043e\u0436\u043d\u044b\u0439-\u043f\u043e\u043f\u0430\u043f-6-2048x1081.jpg 2048w, https:\/\/hand2noteguide.com\/wp-content\/uploads\/2026\/03\/\u0421\u043b\u043e\u0436\u043d\u044b\u0439-\u043f\u043e\u043f\u0430\u043f-6-772x407.jpg 772w\" sizes=\"auto, (max-width: 1024px) 100vw, 1024px\" \/><\/figure>\n\n\n\n<p>Passen Sie anschlie\u00dfend die Darstellung an: Um die Tabs kompakter zu machen, klicken Sie auf das Zahnradsymbol oben rechts und aktivieren Sie den Schalter \u201eSmaller Tabs\u201c. Erstellen Sie danach die ben\u00f6tigte Anzahl an Tabs und benennen Sie sie um \u2014 klicken Sie auf den Tab-Namen und w\u00e4hlen Sie \u201eRename\u201c, dann vergeben Sie einen passenden Namen. Wiederholen Sie diese Schritte f\u00fcr jeden Tab, zum Beispiel: \u201eRFI EP\u201c, \u201eRFI MP\u201c, \u201eRFI CO\u201c, \u201eRFI BTN\u201c, \u201eRFI SB\u201c.<\/p>\n\n\n\n<figure class=\"wp-block-image size-large\"><img loading=\"lazy\" decoding=\"async\" width=\"1024\" height=\"540\" src=\"https:\/\/hand2noteguide.com\/wp-content\/uploads\/2026\/03\/\u0421\u043b\u043e\u0436\u043d\u044b\u0439-\u043f\u043e\u043f\u0430\u043f-7-1024x540.jpg\" alt=\"\" class=\"wp-image-15981\" srcset=\"https:\/\/hand2noteguide.com\/wp-content\/uploads\/2026\/03\/\u0421\u043b\u043e\u0436\u043d\u044b\u0439-\u043f\u043e\u043f\u0430\u043f-7-1024x540.jpg 1024w, https:\/\/hand2noteguide.com\/wp-content\/uploads\/2026\/03\/\u0421\u043b\u043e\u0436\u043d\u044b\u0439-\u043f\u043e\u043f\u0430\u043f-7-300x158.jpg 300w, https:\/\/hand2noteguide.com\/wp-content\/uploads\/2026\/03\/\u0421\u043b\u043e\u0436\u043d\u044b\u0439-\u043f\u043e\u043f\u0430\u043f-7-768x405.jpg 768w, https:\/\/hand2noteguide.com\/wp-content\/uploads\/2026\/03\/\u0421\u043b\u043e\u0436\u043d\u044b\u0439-\u043f\u043e\u043f\u0430\u043f-7-1536x811.jpg 1536w, https:\/\/hand2noteguide.com\/wp-content\/uploads\/2026\/03\/\u0421\u043b\u043e\u0436\u043d\u044b\u0439-\u043f\u043e\u043f\u0430\u043f-7-2048x1081.jpg 2048w, https:\/\/hand2noteguide.com\/wp-content\/uploads\/2026\/03\/\u0421\u043b\u043e\u0436\u043d\u044b\u0439-\u043f\u043e\u043f\u0430\u043f-7-772x407.jpg 772w\" sizes=\"auto, (max-width: 1024px) 100vw, 1024px\" \/><\/figure>\n\n\n\n<p>Nun m\u00fcssen Sie jedem der erstellten inneren Tabs ein Preflop-Diagramm hinzuf\u00fcgen. Klicken Sie dazu mit der rechten Maustaste auf einen leeren Bereich innerhalb des gew\u00fcnschten Tabs und w\u00e4hlen Sie \u201ePreflop Diagram\u201c.<\/p>\n\n\n\n<figure class=\"wp-block-image size-large\"><img loading=\"lazy\" decoding=\"async\" width=\"1024\" height=\"540\" src=\"https:\/\/hand2noteguide.com\/wp-content\/uploads\/2026\/03\/\u0421\u043b\u043e\u0436\u043d\u044b\u0439-\u043f\u043e\u043f\u0430\u043f-8-1024x540.jpg\" alt=\"\" class=\"wp-image-15983\" srcset=\"https:\/\/hand2noteguide.com\/wp-content\/uploads\/2026\/03\/\u0421\u043b\u043e\u0436\u043d\u044b\u0439-\u043f\u043e\u043f\u0430\u043f-8-1024x540.jpg 1024w, https:\/\/hand2noteguide.com\/wp-content\/uploads\/2026\/03\/\u0421\u043b\u043e\u0436\u043d\u044b\u0439-\u043f\u043e\u043f\u0430\u043f-8-300x158.jpg 300w, https:\/\/hand2noteguide.com\/wp-content\/uploads\/2026\/03\/\u0421\u043b\u043e\u0436\u043d\u044b\u0439-\u043f\u043e\u043f\u0430\u043f-8-768x405.jpg 768w, https:\/\/hand2noteguide.com\/wp-content\/uploads\/2026\/03\/\u0421\u043b\u043e\u0436\u043d\u044b\u0439-\u043f\u043e\u043f\u0430\u043f-8-1536x811.jpg 1536w, https:\/\/hand2noteguide.com\/wp-content\/uploads\/2026\/03\/\u0421\u043b\u043e\u0436\u043d\u044b\u0439-\u043f\u043e\u043f\u0430\u043f-8-2048x1081.jpg 2048w, https:\/\/hand2noteguide.com\/wp-content\/uploads\/2026\/03\/\u0421\u043b\u043e\u0436\u043d\u044b\u0439-\u043f\u043e\u043f\u0430\u043f-8-772x407.jpg 772w\" sizes=\"auto, (max-width: 1024px) 100vw, 1024px\" \/><\/figure>\n\n\n\n<p>Anschlie\u00dfend m\u00fcssen Sie festlegen, welche Stat jedes Diagramm anzeigen soll.<\/p>\n\n\n\n<figure class=\"wp-block-image size-large\"><img loading=\"lazy\" decoding=\"async\" width=\"1024\" height=\"540\" src=\"https:\/\/hand2noteguide.com\/wp-content\/uploads\/2026\/03\/\u0421\u043b\u043e\u0436\u043d\u044b\u0439-\u043f\u043e\u043f\u0430\u043f-9-1024x540.jpg\" alt=\"\" class=\"wp-image-15984\" srcset=\"https:\/\/hand2noteguide.com\/wp-content\/uploads\/2026\/03\/\u0421\u043b\u043e\u0436\u043d\u044b\u0439-\u043f\u043e\u043f\u0430\u043f-9-1024x540.jpg 1024w, https:\/\/hand2noteguide.com\/wp-content\/uploads\/2026\/03\/\u0421\u043b\u043e\u0436\u043d\u044b\u0439-\u043f\u043e\u043f\u0430\u043f-9-300x158.jpg 300w, https:\/\/hand2noteguide.com\/wp-content\/uploads\/2026\/03\/\u0421\u043b\u043e\u0436\u043d\u044b\u0439-\u043f\u043e\u043f\u0430\u043f-9-768x405.jpg 768w, https:\/\/hand2noteguide.com\/wp-content\/uploads\/2026\/03\/\u0421\u043b\u043e\u0436\u043d\u044b\u0439-\u043f\u043e\u043f\u0430\u043f-9-1536x811.jpg 1536w, https:\/\/hand2noteguide.com\/wp-content\/uploads\/2026\/03\/\u0421\u043b\u043e\u0436\u043d\u044b\u0439-\u043f\u043e\u043f\u0430\u043f-9-2048x1081.jpg 2048w, https:\/\/hand2noteguide.com\/wp-content\/uploads\/2026\/03\/\u0421\u043b\u043e\u0436\u043d\u044b\u0439-\u043f\u043e\u043f\u0430\u043f-9-772x407.jpg 772w\" sizes=\"auto, (max-width: 1024px) 100vw, 1024px\" \/><\/figure>\n\n\n\n<p>Um einem Diagramm eine Stat hinzuzuf\u00fcgen, \u00f6ffnen Sie das Navigationsmen\u00fc \u201eStats\u201c auf der linken Seite des Fensters, suchen die gew\u00fcnschte Stat und ziehen sie direkt auf das Diagramm.<\/p>\n\n\n\n<p>Erstellen Sie auf die gleiche Weise Tabs und f\u00fcgen Sie Preflop-Diagramme f\u00fcr jede Stat hinzu, die Sie anzeigen m\u00f6chten. Danach kann die Erstellung eines komplexen, professionellen Popups als abgeschlossen betrachtet werden.<\/p>\n\n\n\n<h2 class=\"wp-block-heading\">Fazit<\/h2>\n\n\n\n<p>Zusammenfassend l\u00e4sst sich sagen, dass die Erstellung eines komplexen Popups aus mehreren logischen Schritten besteht, die Sie nun beherrschen.<\/p>\n\n\n\n<p>Zuerst wurde die Oberfl\u00e4che durch visuelle Postflop-Histogramme erweitert, die Continuation-Bet-Frequenzen anzeigen, und anschlie\u00dfend ein System aus inneren Tabs organisiert. Dank dieser Tabs k\u00f6nnen mehrere Preflop-Diagramme gleichzeitig dargestellt und \u00fcbersichtlich strukturiert werden. Das Ergebnis ist ein kompaktes, aber leistungsstarkes Tool: Statt verstreuter Zahlen haben Sie nun visuelle Darstellungen von Ranges und wichtigen aggressiven Aktionen, wodurch die Analyse schneller und pr\u00e4ziser wird.<\/p>\n","protected":false},"excerpt":{"rendered":"<p>Letztes Mal haben wir die \u201eKennenlernphase\u201c abgeschlossen: Wir haben gelernt, uns im Popup Editor zurechtzufinden und ein einfaches Popup erstellt. Heute ist das Ziel ambitionierter \u2014 wir erstellen ein komplexes, mehrstufiges Tool. Wir schauen uns an, wie man Tabs zu einem Popup hinzuf\u00fcgt, Postflop-Handst\u00e4rke-Histogramme integriert, Preflop-Diagramme nutzt und detaillierte Stats f\u00fcr eine tiefere Spielanalyse konfiguriert. &hellip; <a href=\"https:\/\/hand2noteguide.com\/de\/user-manual\/hand2note_popup_editor_creating_a_professional_popup\/\" class=\"more-link\">Continue reading <span class=\"screen-reader-text\">Hand2Note Popup Editor: Erstellen eines professionellen Popups<\/span><\/a><\/p>\n","protected":false},"author":3,"featured_media":15927,"parent":9199,"menu_order":0,"comment_status":"closed","ping_status":"closed","template":"","meta":{"footnotes":""},"class_list":["post-15922","page","type-page","status-publish","has-post-thumbnail","hentry"],"translation":{"provider":"WPGlobus","version":"3.0.2","language":"de","enabled_languages":["en","ru","pt","zh","es","fr","de","it","ja"],"languages":{"en":{"title":true,"content":true,"excerpt":false},"ru":{"title":true,"content":true,"excerpt":false},"pt":{"title":true,"content":true,"excerpt":false},"zh":{"title":true,"content":true,"excerpt":false},"es":{"title":true,"content":true,"excerpt":false},"fr":{"title":true,"content":true,"excerpt":false},"de":{"title":true,"content":true,"excerpt":false},"it":{"title":true,"content":true,"excerpt":false},"ja":{"title":true,"content":true,"excerpt":false}}},"yoast_head":"<!-- This site is optimized with the Yoast SEO plugin v27.0 - https:\/\/yoast.com\/product\/yoast-seo-wordpress\/ -->\n<title>Pro-Popup in Hand2Note erstellen<\/title>\n<meta name=\"description\" content=\"Lerne, ein Pro-Popup in Hand2Note zu erstellen: Tabs, Histogramme, Preflop-Diagramme und detaillierte Stats f\u00fcr effektive Pokeranalyse\" \/>\n<meta name=\"robots\" content=\"index, follow, max-snippet:-1, max-image-preview:large, max-video-preview:-1\" \/>\n<link rel=\"canonical\" href=\"https:\/\/hand2noteguide.com\/user-manual\/hand2note_popup_editor_creating_a_professional_popup\/\" \/>\n<meta property=\"og:locale\" content=\"de_DE\" \/>\n<meta property=\"og:type\" content=\"article\" \/>\n<meta property=\"og:title\" content=\"Pro-Popup in Hand2Note erstellen\" \/>\n<meta property=\"og:description\" content=\"Lerne, ein Pro-Popup in Hand2Note zu erstellen: Tabs, Histogramme, Preflop-Diagramme und detaillierte Stats f\u00fcr effektive Pokeranalyse\" \/>\n<meta property=\"og:url\" content=\"https:\/\/hand2noteguide.com\/user-manual\/hand2note_popup_editor_creating_a_professional_popup\/\" \/>\n<meta property=\"og:site_name\" content=\"Hand2Note Guide\" \/>\n<meta property=\"article:modified_time\" content=\"2026-03-28T10:12:22+00:00\" \/>\n<meta property=\"og:image\" content=\"https:\/\/hand2noteguide.com\/wp-content\/uploads\/2026\/03\/\u0413\u043b\u0430\u0432\u043d\u0430\u044f-\u0441\u043b\u043e\u0436\u043d\u044b\u0435-\u043f\u043e\u043f\u0430\u043f\u044b-1-1024x540.png\" \/>\n\t<meta property=\"og:image:width\" content=\"1024\" \/>\n\t<meta property=\"og:image:height\" content=\"540\" \/>\n\t<meta property=\"og:image:type\" content=\"image\/png\" \/>\n<meta name=\"twitter:card\" content=\"summary_large_image\" \/>\n<meta name=\"twitter:label1\" content=\"Est. reading time\" \/>\n\t<meta name=\"twitter:data1\" content=\"5 minutes\" \/>\n<!-- \/ Yoast SEO plugin. -->","yoast_head_json":{"title":"Pro-Popup in Hand2Note erstellen","description":"Lerne, ein Pro-Popup in Hand2Note zu erstellen: Tabs, Histogramme, Preflop-Diagramme und detaillierte Stats f\u00fcr effektive Pokeranalyse","robots":{"index":"index","follow":"follow","max-snippet":"max-snippet:-1","max-image-preview":"max-image-preview:large","max-video-preview":"max-video-preview:-1"},"canonical":"https:\/\/hand2noteguide.com\/user-manual\/hand2note_popup_editor_creating_a_professional_popup\/","og_locale":"de_DE","og_type":"article","og_title":"Pro-Popup in Hand2Note erstellen","og_description":"Lerne, ein Pro-Popup in Hand2Note zu erstellen: Tabs, Histogramme, Preflop-Diagramme und detaillierte Stats f\u00fcr effektive Pokeranalyse","og_url":"https:\/\/hand2noteguide.com\/user-manual\/hand2note_popup_editor_creating_a_professional_popup\/","og_site_name":"Hand2Note Guide","article_modified_time":"2026-03-28T10:12:22+00:00","og_image":[{"width":1024,"height":540,"url":"https:\/\/hand2noteguide.com\/wp-content\/uploads\/2026\/03\/\u0413\u043b\u0430\u0432\u043d\u0430\u044f-\u0441\u043b\u043e\u0436\u043d\u044b\u0435-\u043f\u043e\u043f\u0430\u043f\u044b-1-1024x540.png","type":"image\/png"}],"twitter_card":"summary_large_image","twitter_misc":{"Est. reading time":"5 minutes"},"schema":{"@context":"https:\/\/schema.org","@graph":[]}},"jetpack_sharing_enabled":true,"_links":{"self":[{"href":"https:\/\/hand2noteguide.com\/de\/wp-json\/wp\/v2\/pages\/15922","targetHints":{"allow":["GET"]}}],"collection":[{"href":"https:\/\/hand2noteguide.com\/de\/wp-json\/wp\/v2\/pages"}],"about":[{"href":"https:\/\/hand2noteguide.com\/de\/wp-json\/wp\/v2\/types\/page"}],"author":[{"embeddable":true,"href":"https:\/\/hand2noteguide.com\/de\/wp-json\/wp\/v2\/users\/3"}],"replies":[{"embeddable":true,"href":"https:\/\/hand2noteguide.com\/de\/wp-json\/wp\/v2\/comments?post=15922"}],"version-history":[{"count":41,"href":"https:\/\/hand2noteguide.com\/de\/wp-json\/wp\/v2\/pages\/15922\/revisions"}],"predecessor-version":[{"id":16008,"href":"https:\/\/hand2noteguide.com\/de\/wp-json\/wp\/v2\/pages\/15922\/revisions\/16008"}],"up":[{"embeddable":true,"href":"https:\/\/hand2noteguide.com\/de\/wp-json\/wp\/v2\/pages\/9199"}],"wp:featuredmedia":[{"embeddable":true,"href":"https:\/\/hand2noteguide.com\/de\/wp-json\/wp\/v2\/media\/15927"}],"wp:attachment":[{"href":"https:\/\/hand2noteguide.com\/de\/wp-json\/wp\/v2\/media?parent=15922"}],"curies":[{"name":"wp","href":"https:\/\/api.w.org\/{rel}","templated":true}]}}