{"id":15941,"date":"2026-03-19T11:27:39","date_gmt":"2026-03-19T08:27:39","guid":{"rendered":"https:\/\/hand2noteguide.com\/?page_id=15941"},"modified":"2026-03-19T15:21:39","modified_gmt":"2026-03-19T12:21:39","slug":"hand2note-pro-pricing-reduced-in-2026","status":"publish","type":"page","link":"https:\/\/hand2noteguide.com\/de\/user-manual\/hand2note-pro-pricing-reduced-in-2026\/","title":{"rendered":"Hand2Note Pro-Preise 2026 gesenkt"},"content":{"rendered":"\n\n<p>Das Hand2Note-Team hat die Pro-Preise aktualisiert, um das Abonnement f\u00fcr die Poker-Community zug\u00e4nglicher zu machen. Wenn du auf einen besseren Zeitpunkt f\u00fcr ein Upgrade gewartet hast, ist jetzt ein sehr guter Moment.<\/p>\n\n\n\n<p>Der <a href=\"https:\/\/hand2noteguide.com\/de\/promo\/\">GUIDE10 Promo-Code<\/a> funktioniert weiterhin mit den neuen Preisen, bietet 10 % zus\u00e4tzlichen Rabatt sowie professionelle HUD-Konfiguration und einen Videokurs.<\/p>\n\n\n\n<figure class=\"wp-block-image size-large\"><img decoding=\"async\" src=\"https:\/\/hand2noteguide.com\/wp-content\/uploads\/2026\/03\/hand2note-discord-pro-pricing-drop.png\" alt=\"Ank\u00fcndigung der Pro-Preissenkung im Hand2Note-Discord\" \/><figcaption>Quelle: <a href=\"https:\/\/discord.gg\/hand2note\">offizieller Hand2Note-Discord-Kanal<\/a>.<\/figcaption><\/figure>\n\n\n\n<h2 class=\"wp-block-heading\">Alte und neue Hand2Note Pro-Preise<\/h2>\n\n\n\n<figure class=\"wp-block-table\"><table><thead><tr><th>Plan<\/th><th>Abrechnungsoption<\/th><th>Alter Preis<\/th><th>Neuer Preis<\/th><th>Neuer Preis mit GUIDE10<\/th><\/tr><\/thead><tbody><tr><td>Pro<\/td><td>Monatlich (1 Monat)<\/td><td>$61.25 \/ Monat<\/td><td>$49.00 \/ Monat<\/td><td>$44.10 \/ Monat<\/td><\/tr><tr><td>Pro<\/td><td>J\u00e4hrlich (12 Monate)<\/td><td>$49.00 \/ Monat ($588.00 gesamt)<\/td><td>$39.00 \/ Monat ($468.00 gesamt)<\/td><td>$35.10 \/ Monat ($421.20 gesamt)<\/td><\/tr><\/tbody><\/table><\/figure>\n\n\n\n<h2 class=\"wp-block-heading\">Warum dieses Update wichtig ist<\/h2>\n\n\n\n<p>Hand2Note 4 entwickelt sich aktuell sehr aktiv weiter. Die Entwickler stehen im engen Kontakt mit den Nutzern, sammeln fortlaufend Feedback und setzen es in Produktpriorit\u00e4ten um.<\/p>\n\n\n\n<p>In den Jahren 2025-2026 hat Hand2Note viele wichtige Verbesserungen und neue Funktionen erhalten. Lies hier unseren detaillierten \u00dcberblick: <a href=\"https:\/\/hand2noteguide.com\/de\/user-manual\/how_hand2note_has_changed_major_recent_updates\/\">Wie sich Hand2Note ver\u00e4ndert hat: wichtigste aktuelle Updates<\/a>.<\/p>\n\n\n\n<p>Derzeit ist Hand2Note 4 in hervorragender Form. Wenn du die kostenpflichtige Version noch nicht genutzt hast oder noch auf Hand2Note 3 bist, ist jetzt ein sehr guter Zeitpunkt f\u00fcr den Umstieg.<\/p>\n\n\n\n<p>Zum schnellen Einstieg nutze diesen Guide: <a href=\"https:\/\/hand2noteguide.com\/de\/hand2note-4-getting-started\/\">Einstiegsleitfaden f\u00fcr Hand2Note 4<\/a>.<\/p>\n\n\n\n<p>Und um den maximalen Nutzen aus deinem Pro-Abo zu holen, schau dir unseren <a href=\"https:\/\/hand2noteguide.com\/de\/user-manual\/\">vollst\u00e4ndigen Hand2Note-4-Guide-Hub<\/a> an.<\/p>\n","protected":false},"excerpt":{"rendered":"<p>Das Hand2Note-Team hat die Pro-Preise aktualisiert, um das Abonnement f\u00fcr die Poker-Community zug\u00e4nglicher zu machen. Wenn du auf einen besseren Zeitpunkt f\u00fcr ein Upgrade gewartet hast, ist jetzt ein sehr guter Moment. Der GUIDE10 Promo-Code funktioniert weiterhin mit den neuen Preisen, bietet 10 % zus\u00e4tzlichen Rabatt sowie professionelle HUD-Konfiguration und einen Videokurs. Alte und neue &hellip; <a href=\"https:\/\/hand2noteguide.com\/de\/user-manual\/hand2note-pro-pricing-reduced-in-2026\/\" class=\"more-link\">Continue reading <span class=\"screen-reader-text\">Hand2Note Pro-Preise 2026 gesenkt<\/span><\/a><\/p>\n","protected":false},"author":1,"featured_media":15957,"parent":9199,"menu_order":0,"comment_status":"closed","ping_status":"closed","template":"","meta":{"footnotes":""},"class_list":["post-15941","page","type-page","status-publish","has-post-thumbnail","hentry"],"translation":{"provider":"WPGlobus","version":"3.0.2","language":"de","enabled_languages":["en","ru","pt","zh","es","fr","de","it","ja"],"languages":{"en":{"title":true,"content":true,"excerpt":false},"ru":{"title":true,"content":true,"excerpt":false},"pt":{"title":true,"content":true,"excerpt":false},"zh":{"title":true,"content":true,"excerpt":false},"es":{"title":true,"content":true,"excerpt":false},"fr":{"title":true,"content":true,"excerpt":false},"de":{"title":true,"content":true,"excerpt":false},"it":{"title":true,"content":true,"excerpt":false},"ja":{"title":true,"content":true,"excerpt":false}}},"yoast_head":"<!-- This site is optimized with the Yoast SEO plugin v27.0 - https:\/\/yoast.com\/product\/yoast-seo-wordpress\/ -->\n<title>Hand2Note Pro: Preise 2026 gesenkt<\/title>\n<meta name=\"description\" content=\"Hand2Note Pro 2026 g\u00fcnstiger: neue Preise, Alt vs. Neu vergleichen und extra 10% Rabatt mit dem Code GUIDE10.\" \/>\n<meta name=\"robots\" content=\"index, follow, max-snippet:-1, max-image-preview:large, max-video-preview:-1\" \/>\n<link rel=\"canonical\" href=\"https:\/\/hand2noteguide.com\/user-manual\/hand2note-pro-pricing-reduced-in-2026\/\" \/>\n<meta property=\"og:locale\" content=\"de_DE\" \/>\n<meta property=\"og:type\" content=\"article\" \/>\n<meta property=\"og:title\" content=\"Hand2Note Pro: Preise 2026 gesenkt\" \/>\n<meta property=\"og:description\" content=\"Hand2Note Pro 2026 g\u00fcnstiger: neue Preise, Alt vs. Neu vergleichen und extra 10% Rabatt mit dem Code GUIDE10.\" \/>\n<meta property=\"og:url\" content=\"https:\/\/hand2noteguide.com\/user-manual\/hand2note-pro-pricing-reduced-in-2026\/\" \/>\n<meta property=\"og:site_name\" content=\"Hand2Note Guide\" \/>\n<meta property=\"article:modified_time\" content=\"2026-03-19T12:21:39+00:00\" \/>\n<meta property=\"og:image\" content=\"https:\/\/hand2noteguide.com\/wp-content\/uploads\/2026\/03\/price-reduced-scaled.webp\" \/>\n\t<meta property=\"og:image:width\" content=\"2560\" \/>\n\t<meta property=\"og:image:height\" content=\"1351\" \/>\n\t<meta property=\"og:image:type\" content=\"image\/webp\" \/>\n<meta name=\"twitter:card\" content=\"summary_large_image\" \/>\n<meta name=\"twitter:label1\" content=\"Est. reading time\" \/>\n\t<meta name=\"twitter:data1\" content=\"2 minutes\" \/>\n<!-- \/ Yoast SEO plugin. -->","yoast_head_json":{"title":"Hand2Note Pro: Preise 2026 gesenkt","description":"Hand2Note Pro 2026 g\u00fcnstiger: neue Preise, Alt vs. Neu vergleichen und extra 10% Rabatt mit dem Code GUIDE10.","robots":{"index":"index","follow":"follow","max-snippet":"max-snippet:-1","max-image-preview":"max-image-preview:large","max-video-preview":"max-video-preview:-1"},"canonical":"https:\/\/hand2noteguide.com\/user-manual\/hand2note-pro-pricing-reduced-in-2026\/","og_locale":"de_DE","og_type":"article","og_title":"Hand2Note Pro: Preise 2026 gesenkt","og_description":"Hand2Note Pro 2026 g\u00fcnstiger: neue Preise, Alt vs. Neu vergleichen und extra 10% Rabatt mit dem Code GUIDE10.","og_url":"https:\/\/hand2noteguide.com\/user-manual\/hand2note-pro-pricing-reduced-in-2026\/","og_site_name":"Hand2Note Guide","article_modified_time":"2026-03-19T12:21:39+00:00","og_image":[{"width":2560,"height":1351,"url":"https:\/\/hand2noteguide.com\/wp-content\/uploads\/2026\/03\/price-reduced-scaled.webp","type":"image\/webp"}],"twitter_card":"summary_large_image","twitter_misc":{"Est. reading time":"2 minutes"},"schema":{"@context":"https:\/\/schema.org","@graph":[]}},"jetpack_sharing_enabled":true,"_links":{"self":[{"href":"https:\/\/hand2noteguide.com\/de\/wp-json\/wp\/v2\/pages\/15941","targetHints":{"allow":["GET"]}}],"collection":[{"href":"https:\/\/hand2noteguide.com\/de\/wp-json\/wp\/v2\/pages"}],"about":[{"href":"https:\/\/hand2noteguide.com\/de\/wp-json\/wp\/v2\/types\/page"}],"author":[{"embeddable":true,"href":"https:\/\/hand2noteguide.com\/de\/wp-json\/wp\/v2\/users\/1"}],"replies":[{"embeddable":true,"href":"https:\/\/hand2noteguide.com\/de\/wp-json\/wp\/v2\/comments?post=15941"}],"version-history":[{"count":14,"href":"https:\/\/hand2noteguide.com\/de\/wp-json\/wp\/v2\/pages\/15941\/revisions"}],"predecessor-version":[{"id":15956,"href":"https:\/\/hand2noteguide.com\/de\/wp-json\/wp\/v2\/pages\/15941\/revisions\/15956"}],"up":[{"embeddable":true,"href":"https:\/\/hand2noteguide.com\/de\/wp-json\/wp\/v2\/pages\/9199"}],"wp:featuredmedia":[{"embeddable":true,"href":"https:\/\/hand2noteguide.com\/de\/wp-json\/wp\/v2\/media\/15957"}],"wp:attachment":[{"href":"https:\/\/hand2noteguide.com\/de\/wp-json\/wp\/v2\/media?parent=15941"}],"curies":[{"name":"wp","href":"https:\/\/api.w.org\/{rel}","templated":true}]}}