{"id":1629,"date":"2019-07-18T11:51:02","date_gmt":"2019-07-18T08:51:02","guid":{"rendered":"http:\/\/hand2noteguide.com\/?page_id=1629"},"modified":"2025-06-04T17:41:18","modified_gmt":"2025-06-04T14:41:18","slug":"asia-loss-of-hands","status":"publish","type":"page","link":"https:\/\/hand2noteguide.com\/de\/issues-resolving\/asia-loss-of-hands\/","title":{"rendered":"Verlust von H\u00e4nden in asiatischen R\u00e4umen"},"content":{"rendered":"\n<p>Gelegentlich kann es vorkommen, dass Hand2Note einige H\u00e4nde verliert, w\u00e4hrend man in <a href=\"https:\/\/hand2noteguide.com\/de\/asian\/\">asiatischen R\u00e4umen<\/a> spielt, aufgrund der Besonderheiten des Prozesses der Handerfassung aus diesen Apps. Asiatische R\u00e4ume speichern \u00fcberhaupt keine Handhistorien, Hand2Note erfasst alle H\u00e4nde direkt aus dem Datenverkehr. Der kleinste Ausfall im Netzwerk kann zu Paketverlusten und infolgedessen zum Verlust von H\u00e4nden f\u00fchren.<\/p>\n\n\n\n<p>Das Hand2Note-Team arbeitet hart daran, die Stabilit\u00e4t zu verbessern, und die Verluste \u00fcberschreiten nicht 1-2% der Gesamtzahl der H\u00e4nde. Verluste treten zu zuf\u00e4lligen Zeitpunkten auf, sodass sie das Gesamtergebnis praktisch nicht beeinflussen und, was am wichtigsten ist, den Wert der Stats auf lange Sicht nicht beeintr\u00e4chtigen.<\/p>\n\n\n\n<p>Einige Dinge, die Sie tun k\u00f6nnen, um die Wahrscheinlichkeit von Verlusten zu verringern:<\/p>\n\n\n\n<ol class=\"wp-block-list\"><li>Verwenden Sie eine stabile Internetverbindung<\/li><li><a href=\"https:\/\/hand2noteguide.com\/de\/guide\/hand2note-version\/\">Halten<\/a> Sie Hand2Note auf dem neuesten Stand<\/li><li>F\u00fcgen Sie Hand2Note in die Ausnahmeliste Ihres Antivirusprogramms hinzu<\/li><li>F\u00fchren Sie Hand2Note und den Emulator immer als Administrator aus<\/li><\/ol>\n\n\n\n<p>Wenn Sie feststellen, dass Hand2Note viel mehr H\u00e4nde als gew\u00f6hnlich verliert, wenden Sie sich bitte an den <a href=\"https:\/\/hand2noteguide.com\/de\/hand2note-official-support\/\">Kundensupport<\/a>.<\/p>\n","protected":false},"excerpt":{"rendered":"<p>Gelegentlich kann es vorkommen, dass Hand2Note einige H\u00e4nde verliert, w\u00e4hrend man in asiatischen R\u00e4umen spielt, aufgrund der Besonderheiten des Prozesses der Handerfassung aus diesen Apps. Asiatische R\u00e4ume speichern \u00fcberhaupt keine Handhistorien, Hand2Note erfasst alle H\u00e4nde direkt aus dem Datenverkehr. Der kleinste Ausfall im Netzwerk kann zu Paketverlusten und infolgedessen zum Verlust von H\u00e4nden f\u00fchren. Das &hellip; <a href=\"https:\/\/hand2noteguide.com\/de\/issues-resolving\/asia-loss-of-hands\/\" class=\"more-link\">Continue reading <span class=\"screen-reader-text\">Verlust von H\u00e4nden in asiatischen R\u00e4umen<\/span><\/a><\/p>\n","protected":false},"author":1,"featured_media":0,"parent":236,"menu_order":0,"comment_status":"closed","ping_status":"closed","template":"page-templates\/full-width-page.php","meta":{"footnotes":""},"class_list":["post-1629","page","type-page","status-publish","hentry"],"translation":{"provider":"WPGlobus","version":"3.0.2","language":"de","enabled_languages":["en","ru","pt","zh","es","fr","de","it","ja"],"languages":{"en":{"title":true,"content":true,"excerpt":false},"ru":{"title":true,"content":true,"excerpt":false},"pt":{"title":true,"content":true,"excerpt":false},"zh":{"title":true,"content":true,"excerpt":false},"es":{"title":true,"content":true,"excerpt":false},"fr":{"title":true,"content":true,"excerpt":false},"de":{"title":true,"content":true,"excerpt":false},"it":{"title":true,"content":true,"excerpt":false},"ja":{"title":true,"content":true,"excerpt":false}}},"yoast_head":"<!-- This site is optimized with the Yoast SEO plugin v27.0 - https:\/\/yoast.com\/product\/yoast-seo-wordpress\/ -->\n<title>Verhinderung von Handverlust in asiatischen Pokerr\u00e4umen mit Hand2Note<\/title>\n<meta name=\"description\" content=\"Erfahren Sie, wie Sie den Handverlust in asiatischen Pokerr\u00e4umen mit Hand2Note minimieren k\u00f6nnen. Befolgen Sie unsere Tipps f\u00fcr eine stabile Verbindung und optimale Softwareleistung.\" \/>\n<meta name=\"robots\" content=\"index, follow, max-snippet:-1, max-image-preview:large, max-video-preview:-1\" \/>\n<link rel=\"canonical\" href=\"https:\/\/hand2noteguide.com\/issues-resolving\/asia-loss-of-hands\/\" \/>\n<meta property=\"og:locale\" content=\"de_DE\" \/>\n<meta property=\"og:type\" content=\"article\" \/>\n<meta property=\"og:title\" content=\"Verhinderung von Handverlust in asiatischen Pokerr\u00e4umen mit Hand2Note\" \/>\n<meta property=\"og:description\" content=\"Erfahren Sie, wie Sie den Handverlust in asiatischen Pokerr\u00e4umen mit Hand2Note minimieren k\u00f6nnen. Befolgen Sie unsere Tipps f\u00fcr eine stabile Verbindung und optimale Softwareleistung.\" \/>\n<meta property=\"og:url\" content=\"https:\/\/hand2noteguide.com\/issues-resolving\/asia-loss-of-hands\/\" \/>\n<meta property=\"og:site_name\" content=\"Hand2Note Guide\" \/>\n<meta property=\"article:modified_time\" content=\"2025-06-04T14:41:18+00:00\" \/>\n<meta name=\"twitter:card\" content=\"summary_large_image\" \/>\n<meta name=\"twitter:label1\" content=\"Est. reading time\" \/>\n\t<meta name=\"twitter:data1\" content=\"6 minutes\" \/>\n<!-- \/ Yoast SEO plugin. -->","yoast_head_json":{"title":"Verhinderung von Handverlust in asiatischen Pokerr\u00e4umen mit Hand2Note","description":"Erfahren Sie, wie Sie den Handverlust in asiatischen Pokerr\u00e4umen mit Hand2Note minimieren k\u00f6nnen. Befolgen Sie unsere Tipps f\u00fcr eine stabile Verbindung und optimale Softwareleistung.","robots":{"index":"index","follow":"follow","max-snippet":"max-snippet:-1","max-image-preview":"max-image-preview:large","max-video-preview":"max-video-preview:-1"},"canonical":"https:\/\/hand2noteguide.com\/issues-resolving\/asia-loss-of-hands\/","og_locale":"de_DE","og_type":"article","og_title":"Verhinderung von Handverlust in asiatischen Pokerr\u00e4umen mit Hand2Note","og_description":"Erfahren Sie, wie Sie den Handverlust in asiatischen Pokerr\u00e4umen mit Hand2Note minimieren k\u00f6nnen. Befolgen Sie unsere Tipps f\u00fcr eine stabile Verbindung und optimale Softwareleistung.","og_url":"https:\/\/hand2noteguide.com\/issues-resolving\/asia-loss-of-hands\/","og_site_name":"Hand2Note Guide","article_modified_time":"2025-06-04T14:41:18+00:00","twitter_card":"summary_large_image","twitter_misc":{"Est. reading time":"6 minutes"},"schema":{"@context":"https:\/\/schema.org","@graph":[]}},"jetpack_sharing_enabled":true,"_links":{"self":[{"href":"https:\/\/hand2noteguide.com\/de\/wp-json\/wp\/v2\/pages\/1629","targetHints":{"allow":["GET"]}}],"collection":[{"href":"https:\/\/hand2noteguide.com\/de\/wp-json\/wp\/v2\/pages"}],"about":[{"href":"https:\/\/hand2noteguide.com\/de\/wp-json\/wp\/v2\/types\/page"}],"author":[{"embeddable":true,"href":"https:\/\/hand2noteguide.com\/de\/wp-json\/wp\/v2\/users\/1"}],"replies":[{"embeddable":true,"href":"https:\/\/hand2noteguide.com\/de\/wp-json\/wp\/v2\/comments?post=1629"}],"version-history":[{"count":19,"href":"https:\/\/hand2noteguide.com\/de\/wp-json\/wp\/v2\/pages\/1629\/revisions"}],"predecessor-version":[{"id":13509,"href":"https:\/\/hand2noteguide.com\/de\/wp-json\/wp\/v2\/pages\/1629\/revisions\/13509"}],"up":[{"embeddable":true,"href":"https:\/\/hand2noteguide.com\/de\/wp-json\/wp\/v2\/pages\/236"}],"wp:attachment":[{"href":"https:\/\/hand2noteguide.com\/de\/wp-json\/wp\/v2\/media?parent=1629"}],"curies":[{"name":"wp","href":"https:\/\/api.w.org\/{rel}","templated":true}]}}