{"id":166,"date":"2018-08-01T15:43:21","date_gmt":"2018-08-01T12:43:21","guid":{"rendered":"https:\/\/h2n312.wordpress.com\/?page_id=166"},"modified":"2025-06-04T19:11:45","modified_gmt":"2025-06-04T16:11:45","slug":"export-hands","status":"publish","type":"page","link":"https:\/\/hand2noteguide.com\/de\/guide\/export-hands\/","title":{"rendered":"H\u00e4nde aus Hand2Note exportieren"},"content":{"rendered":"<p>Hand2Note <a href=\"https:\/\/hand2noteguide.com\/de\/guide\/hands-archive\/\">speichert standardm\u00e4\u00dfig alle verarbeiteten H\u00e4nde<\/a>, sodass Sie Hand-Histories aus Archivordnern entnehmen k\u00f6nnen.<\/p>\n<p>Wenn Sie alle H\u00e4nde auf einem anderen Ger\u00e4t in Hand2Note importieren m\u00f6chten, k\u00f6nnen Sie einfach <a href=\"https:\/\/hand2noteguide.com\/de\/guide\/database\/move-database-to-another-pc\/\">die gesamte Datenbank kopieren<\/a>.<\/p>\n<p>Hand-Histories eines bestimmten Spielers f\u00fcr einen bestimmten Zeitraum k\u00f6nnen \u00fcber den Reports-Bereich exportiert werden. Gehen Sie dazu wie folgt vor:<\/p>\n<ol>\n<li>Gehen Sie zum Reports-Bereich.<br \/>\n<img loading=\"lazy\" decoding=\"async\" class=\"alignnone size-full wp-image-967\" src=\"https:\/\/hand2noteguide.com\/wp-content\/uploads\/2019\/05\/hand2note-reports-menu.png\" alt=\"hand2note reports menu\" width=\"311\" height=\"144\" srcset=\"https:\/\/hand2noteguide.com\/wp-content\/uploads\/2019\/05\/hand2note-reports-menu.png 311w, https:\/\/hand2noteguide.com\/wp-content\/uploads\/2019\/05\/hand2note-reports-menu-300x139.png 300w\" sizes=\"auto, (max-width: 311px) 100vw, 311px\" \/><\/li>\n<li>Geben Sie den Nickname des Spielers oder <a href=\"https:\/\/hand2noteguide.com\/de\/guide\/alias\/\">Alias<\/a> ein, w\u00e4hlen Sie den gew\u00fcnschten Datumsbereich. Wenn Sie m\u00f6chten, k\u00f6nnen Sie auch andere Filter festlegen.<br \/>\n<img loading=\"lazy\" decoding=\"async\" class=\"alignnone size-full wp-image-968\" src=\"https:\/\/hand2noteguide.com\/wp-content\/uploads\/2019\/05\/hand2note-reports-set-hero-and-date-range.png\" alt=\"hand2note reports set hero and date range\" width=\"1092\" height=\"494\" srcset=\"https:\/\/hand2noteguide.com\/wp-content\/uploads\/2019\/05\/hand2note-reports-set-hero-and-date-range.png 1092w, https:\/\/hand2noteguide.com\/wp-content\/uploads\/2019\/05\/hand2note-reports-set-hero-and-date-range-300x136.png 300w, https:\/\/hand2noteguide.com\/wp-content\/uploads\/2019\/05\/hand2note-reports-set-hero-and-date-range-768x347.png 768w, https:\/\/hand2noteguide.com\/wp-content\/uploads\/2019\/05\/hand2note-reports-set-hero-and-date-range-1024x463.png 1024w, https:\/\/hand2noteguide.com\/wp-content\/uploads\/2019\/05\/hand2note-reports-set-hero-and-date-range-772x349.png 772w, https:\/\/hand2noteguide.com\/wp-content\/uploads\/2019\/05\/hand2note-reports-set-hero-and-date-range-624x282.png 624w\" sizes=\"auto, (max-width: 1092px) 100vw, 1092px\" \/><\/li>\n<li>Klicken Sie mit der rechten Maustaste auf die Ergebnisse und w\u00e4hlen Sie &#8220;Export all hands&#8221;.<br \/>\n<img loading=\"lazy\" decoding=\"async\" class=\"alignnone size-full wp-image-969\" src=\"https:\/\/hand2noteguide.com\/wp-content\/uploads\/2019\/05\/hand2note-export-hands-from-reports.png\" alt=\"hand2note export hands from reports\" width=\"705\" height=\"251\" srcset=\"https:\/\/hand2noteguide.com\/wp-content\/uploads\/2019\/05\/hand2note-export-hands-from-reports.png 705w, https:\/\/hand2noteguide.com\/wp-content\/uploads\/2019\/05\/hand2note-export-hands-from-reports-300x107.png 300w, https:\/\/hand2noteguide.com\/wp-content\/uploads\/2019\/05\/hand2note-export-hands-from-reports-624x222.png 624w\" sizes=\"auto, (max-width: 705px) 100vw, 705px\" \/><\/li>\n<li>Geben Sie im erscheinenden Fenster den Exportpfad an und klicken Sie auf &#8220;Select Folder&#8221;. Der Exportvorgang wird gestartet.<br \/>\n<img loading=\"lazy\" decoding=\"async\" class=\"alignnone size-full wp-image-974\" src=\"https:\/\/hand2noteguide.com\/wp-content\/uploads\/2019\/05\/hand2note-export-process-1.png\" alt=\"hand2note export process\" width=\"437\" height=\"296\" srcset=\"https:\/\/hand2noteguide.com\/wp-content\/uploads\/2019\/05\/hand2note-export-process-1.png 437w, https:\/\/hand2noteguide.com\/wp-content\/uploads\/2019\/05\/hand2note-export-process-1-300x203.png 300w\" sizes=\"auto, (max-width: 437px) 100vw, 437px\" \/><\/li>\n<li>Warten Sie, bis der Export abgeschlossen ist.<br \/>\n<img loading=\"lazy\" decoding=\"async\" class=\"alignnone size-full wp-image-971\" src=\"https:\/\/hand2noteguide.com\/wp-content\/uploads\/2019\/05\/hand2note-export-completed.png\" alt=\"hand2note export completed\" width=\"198\" height=\"186\" \/><\/li>\n<\/ol>\n","protected":false},"excerpt":{"rendered":"<p>Hand2Note speichert standardm\u00e4\u00dfig alle verarbeiteten H\u00e4nde, sodass Sie Hand-Histories aus Archivordnern entnehmen k\u00f6nnen. Wenn Sie alle H\u00e4nde auf einem anderen Ger\u00e4t in Hand2Note importieren m\u00f6chten, k\u00f6nnen Sie einfach die gesamte Datenbank kopieren. Hand-Histories eines bestimmten Spielers f\u00fcr einen bestimmten Zeitraum k\u00f6nnen \u00fcber den Reports-Bereich exportiert werden. Gehen Sie dazu wie folgt vor: Gehen Sie zum &hellip; <a href=\"https:\/\/hand2noteguide.com\/de\/guide\/export-hands\/\" class=\"more-link\">Continue reading <span class=\"screen-reader-text\">H\u00e4nde aus Hand2Note exportieren<\/span><\/a><\/p>\n","protected":false},"author":1,"featured_media":0,"parent":74,"menu_order":0,"comment_status":"closed","ping_status":"closed","template":"page-templates\/full-width-page.php","meta":{"footnotes":""},"class_list":["post-166","page","type-page","status-publish","hentry"],"translation":{"provider":"WPGlobus","version":"3.0.2","language":"de","enabled_languages":["en","ru","pt","zh","es","fr","de","it","ja"],"languages":{"en":{"title":true,"content":true,"excerpt":false},"ru":{"title":true,"content":true,"excerpt":false},"pt":{"title":true,"content":true,"excerpt":false},"zh":{"title":true,"content":true,"excerpt":false},"es":{"title":true,"content":true,"excerpt":false},"fr":{"title":true,"content":true,"excerpt":false},"de":{"title":true,"content":true,"excerpt":false},"it":{"title":true,"content":true,"excerpt":false},"ja":{"title":true,"content":true,"excerpt":false}}},"yoast_head":"<!-- This site is optimized with the Yoast SEO plugin v27.0 - https:\/\/yoast.com\/product\/yoast-seo-wordpress\/ -->\n<title>Wie man Pokerh\u00e4nde m\u00fchelos aus Hand2Note exportiert<\/title>\n<meta name=\"description\" content=\"Erfahren Sie, wie Sie Pokerh\u00e4nde einfach aus Hand2Note exportieren. Folgen Sie unserer Schritt-f\u00fcr-Schritt-Anleitung, um Hand-Histories zu speichern und auf ein anderes Ger\u00e4t zu \u00fcbertragen.\" \/>\n<meta name=\"robots\" content=\"index, follow, max-snippet:-1, max-image-preview:large, max-video-preview:-1\" \/>\n<link rel=\"canonical\" href=\"https:\/\/hand2noteguide.com\/guide\/export-hands\/\" \/>\n<meta property=\"og:locale\" content=\"de_DE\" \/>\n<meta property=\"og:type\" content=\"article\" \/>\n<meta property=\"og:title\" content=\"Wie man Pokerh\u00e4nde m\u00fchelos aus Hand2Note exportiert\" \/>\n<meta property=\"og:description\" content=\"Erfahren Sie, wie Sie Pokerh\u00e4nde einfach aus Hand2Note exportieren. Folgen Sie unserer Schritt-f\u00fcr-Schritt-Anleitung, um Hand-Histories zu speichern und auf ein anderes Ger\u00e4t zu \u00fcbertragen.\" \/>\n<meta property=\"og:url\" content=\"https:\/\/hand2noteguide.com\/guide\/export-hands\/\" \/>\n<meta property=\"og:site_name\" content=\"Hand2Note Guide\" \/>\n<meta property=\"article:modified_time\" content=\"2025-06-04T16:11:45+00:00\" \/>\n<meta property=\"og:image\" content=\"https:\/\/hand2noteguide.com\/wp-content\/uploads\/2018\/08\/d0b1d0b5d0b7d18bd0bcd18fd0bdd0bdd18bd0b91.png\" \/>\n<meta name=\"twitter:card\" content=\"summary_large_image\" \/>\n<meta name=\"twitter:label1\" content=\"Est. reading time\" \/>\n\t<meta name=\"twitter:data1\" content=\"4 minutes\" \/>\n<!-- \/ Yoast SEO plugin. -->","yoast_head_json":{"title":"Wie man Pokerh\u00e4nde m\u00fchelos aus Hand2Note exportiert","description":"Erfahren Sie, wie Sie Pokerh\u00e4nde einfach aus Hand2Note exportieren. Folgen Sie unserer Schritt-f\u00fcr-Schritt-Anleitung, um Hand-Histories zu speichern und auf ein anderes Ger\u00e4t zu \u00fcbertragen.","robots":{"index":"index","follow":"follow","max-snippet":"max-snippet:-1","max-image-preview":"max-image-preview:large","max-video-preview":"max-video-preview:-1"},"canonical":"https:\/\/hand2noteguide.com\/guide\/export-hands\/","og_locale":"de_DE","og_type":"article","og_title":"Wie man Pokerh\u00e4nde m\u00fchelos aus Hand2Note exportiert","og_description":"Erfahren Sie, wie Sie Pokerh\u00e4nde einfach aus Hand2Note exportieren. Folgen Sie unserer Schritt-f\u00fcr-Schritt-Anleitung, um Hand-Histories zu speichern und auf ein anderes Ger\u00e4t zu \u00fcbertragen.","og_url":"https:\/\/hand2noteguide.com\/guide\/export-hands\/","og_site_name":"Hand2Note Guide","article_modified_time":"2025-06-04T16:11:45+00:00","og_image":[{"url":"https:\/\/hand2noteguide.com\/wp-content\/uploads\/2018\/08\/d0b1d0b5d0b7d18bd0bcd18fd0bdd0bdd18bd0b91.png","type":"","width":"","height":""}],"twitter_card":"summary_large_image","twitter_misc":{"Est. reading time":"4 minutes"},"schema":{"@context":"https:\/\/schema.org","@graph":[]}},"jetpack_sharing_enabled":false,"_links":{"self":[{"href":"https:\/\/hand2noteguide.com\/de\/wp-json\/wp\/v2\/pages\/166","targetHints":{"allow":["GET"]}}],"collection":[{"href":"https:\/\/hand2noteguide.com\/de\/wp-json\/wp\/v2\/pages"}],"about":[{"href":"https:\/\/hand2noteguide.com\/de\/wp-json\/wp\/v2\/types\/page"}],"author":[{"embeddable":true,"href":"https:\/\/hand2noteguide.com\/de\/wp-json\/wp\/v2\/users\/1"}],"replies":[{"embeddable":true,"href":"https:\/\/hand2noteguide.com\/de\/wp-json\/wp\/v2\/comments?post=166"}],"version-history":[{"count":17,"href":"https:\/\/hand2noteguide.com\/de\/wp-json\/wp\/v2\/pages\/166\/revisions"}],"predecessor-version":[{"id":13550,"href":"https:\/\/hand2noteguide.com\/de\/wp-json\/wp\/v2\/pages\/166\/revisions\/13550"}],"up":[{"embeddable":true,"href":"https:\/\/hand2noteguide.com\/de\/wp-json\/wp\/v2\/pages\/74"}],"wp:attachment":[{"href":"https:\/\/hand2noteguide.com\/de\/wp-json\/wp\/v2\/media?parent=166"}],"curies":[{"name":"wp","href":"https:\/\/api.w.org\/{rel}","templated":true}]}}