{"id":1730,"date":"2020-03-07T03:33:45","date_gmt":"2020-03-07T00:33:45","guid":{"rendered":"http:\/\/hand2noteguide.com\/?page_id=1730"},"modified":"2025-06-04T17:40:27","modified_gmt":"2025-06-04T14:40:27","slug":"hand2note-for-free","status":"publish","type":"page","link":"https:\/\/hand2noteguide.com\/de\/hand2note-for-free\/","title":{"rendered":"Hand2Note kostenlos erhalten (Hand2Note Crack)"},"content":{"rendered":"\n<p>Viele Pokerspieler suchen nach einem Hand2Note Crack. Aber in diesem Fall ben\u00f6tigen Sie keinen Crack im herk\u00f6mmlichen Sinne. Sie k\u00f6nnen Hand2Note ganz einfach nutzen, ohne etwas zu bezahlen!<\/p>\n\n\n\n<div class=\"red-block\">\n<p><strong>\ud83d\udc49 Update 2. Juni 2025:<\/strong> Leider ist ab dem 29. Mai 2025 die <a href=\"https:\/\/hand2noteguide.com\/de\/hand2note-3-free-version-is-gone-what-now\/\"><strong>kostenlose Version von Hand2Note nicht mehr verf\u00fcgbar \ud83e\udd7a<\/strong><\/a>. Sie m\u00fcssen ein Abonnement kaufen, um Hand2Note weiterhin nutzen zu k\u00f6nnen.<\/p>\n\n<p>Es tut uns leid, Sie entt\u00e4uschen zu m\u00fcssen, aber dies war eine offizielle Entscheidung von Hand2Note und liegt au\u00dferhalb unserer Kontrolle. Wir sind der #1 Hand2Note Wiederverk\u00e4ufer und alles, was wir tun k\u00f6nnen, ist Ihnen das beste Angebot f\u00fcr den Kauf der Software zu bieten.<\/p>\n\n<p>1\ufe0f\u20e3 Wenn Sie sich entscheiden, bei Hand2Note zu bleiben, k\u00f6nnen Sie ein <strong><a href=\"https:\/\/hand2note3.hand2note.com\/?aid=c0\" target=\"_blank\" rel=\"noopener\">Hand2Note 3<\/a><\/strong> oder <strong><a href=\"https:\/\/hand2note.com?rid=2250\" target=\"_blank\" rel=\"noopener\">Hand2Note 4<\/a><\/strong> Abonnement mit unserem <a href=\"https:\/\/hand2noteguide.com\/de\/promo\/\"><strong>GUIDE10 Promo<\/strong><\/a> kaufen. Sie erhalten <strong>einen sofortigen 10% Rabatt und zus\u00e4tzliche Boni<\/strong> \u2013&nbsp;ein kostenloses HUD und einen Videokurs<strong>.<\/strong><\/p>\n\n<p>2\ufe0f\u20e3 Sie k\u00f6nnen immer noch <a href=\"https:\/\/hand2noteguide.com\/de\/coinpoker-hand2note\/\">Hand2Note PRO kostenlos erhalten<\/a>, wenn Sie monatlich $300 Rake auf Coinpoker generieren.<\/p>\n\n<p>3\ufe0f\u20e3 Wenn Sie sich entscheiden, <strong>Hand2Note nicht mehr zu nutzen<\/strong>, verstehen wir das vollkommen.<\/p>\n\n<p style=\"margin-bottom:0\">Danke.<\/p>\n<\/div>\n\n\n\n<p>Die Software ist v\u00f6llig kostenlos f\u00fcr alle Eins\u00e4tze, jedoch mit einigen Einschr\u00e4nkungen in der Funktionalit\u00e4t. Aber die kostenpflichtigen Funktionen sind am Anfang nicht wirklich wichtig. Alles, was Sie jetzt tun m\u00fcssen, ist <a href=\"https:\/\/hand2note.com\/\" target=\"_blank\" aria-label=\"undefined (\u00f6ffnet in einem neuen Tab)\" rel=\"noreferrer noopener\"><strong>die kostenlose Hand2Note Version herunterzuladen und zu installieren<\/strong><\/a>.<\/p>\n\n\n\n<figure class=\"wp-block-image\"><img loading=\"lazy\" decoding=\"async\" width=\"800\" height=\"554\" src=\"https:\/\/hand2noteguide.com\/wp-content\/uploads\/2020\/03\/hand2note-free-version-2.png\" alt=\"hand2note free version\" class=\"wp-image-1736\" srcset=\"https:\/\/hand2noteguide.com\/wp-content\/uploads\/2020\/03\/hand2note-free-version-2.png 800w, https:\/\/hand2noteguide.com\/wp-content\/uploads\/2020\/03\/hand2note-free-version-2-300x208.png 300w, https:\/\/hand2noteguide.com\/wp-content\/uploads\/2020\/03\/hand2note-free-version-2-768x532.png 768w, https:\/\/hand2noteguide.com\/wp-content\/uploads\/2020\/03\/hand2note-free-version-2-772x535.png 772w, https:\/\/hand2noteguide.com\/wp-content\/uploads\/2020\/03\/hand2note-free-version-2-624x432.png 624w\" sizes=\"auto, (max-width: 800px) 100vw, 800px\" \/><figcaption class=\"wp-element-caption\">Hand2Note kostenlose Version<\/figcaption><\/figure>\n\n\n\n<p>Bitte beachten Sie, dass Sie auch ein <a href=\"https:\/\/hand2noteguide.com\/de\/free-hud\/\">kostenloses HUD erhalten<\/a> k\u00f6nnen. So m\u00fcssen Sie kein Geld ausgeben, um <a href=\"https:\/\/hand2noteguide.com\/de\/best-poker-tracker-software\/\">die fortschrittlichste Poker-Software<\/a> zu nutzen.<\/p>\n\n\n\n<h2 class=\"wp-block-heading\">Was sind die Einschr\u00e4nkungen?<\/h2>\n\n\n\n<p>Die fortschrittlichsten Funktionen von Hand2Note wie das positionale und dynamische HUD, <a href=\"https:\/\/hand2noteguide.com\/de\/guide\/range-research\/\">Range Research<\/a>, Decision Analysis und erweiterte Popups auf Statistiken sind in der kostenlosen Version nicht verf\u00fcgbar. Aber selbst mit diesen Einschr\u00e4nkungen ist Hand2Note weitaus besser als Holdem Manager und Poker Tracker. Wenn Sie also den besten Tracker kostenlos bekommen k\u00f6nnen, sollten Sie es auf jeden Fall tun, oder?<\/p>\n\n\n\n<div class=\"green-block\">\n<p style=\"margin-bottom:10px\">\ud83d\ude80 <b>Generieren Sie $300 Rake<\/b> auf <a href=\"\/de\/coinpoker-hand2note\/\"><b>CoinPoker<\/b><\/a> und Sie erhalten <b>Hand2Note PRO kostenlos!<\/b><\/p>\n<p style=\"margin-bottom:0px\"><a href=\"\/de\/coinpoker-hand2note\/\"><b>Erfahren Sie mehr \u2192<\/b><\/a><\/p>\n<\/div>\n\n\n\n<h2 class=\"wp-block-heading\">Gibt es einen Crack f\u00fcr die Vollversion?<\/h2>\n\n\n\n<p>Nein, aber Sie k\u00f6nnen eine kostenlose Testphase von 30 Tagen erhalten. Au\u00dferdem gibt es eine 14-t\u00e4gige kostenlose Testphase f\u00fcr <a href=\"https:\/\/hand2noteguide.com\/de\/asian\/\">asiatische Apps<\/a>. W\u00e4hrend der Testphase k\u00f6nnen Sie alle Funktionen der Software nutzen, au\u00dfer Range Research. Nach Ablauf der Testphase wechselt Hand2Note automatisch zu einer kostenlosen Version namens BASE. Sie m\u00fcssen nichts tun und verlieren keine Daten.<\/p>\n\n\n\n<p>Es ist jedoch erw\u00e4hnenswert, dass die kostenpflichtige Version von Hand2Note Ihnen <a href=\"https:\/\/hand2noteguide.com\/de\/why-purchase-hand2note\/\">die fortschrittlichsten Funktionen<\/a> bietet. Nachdem Sie die kostenlose Version genutzt haben, k\u00f6nnen Sie \u00fcber den Kauf nachdenken. Mit Hilfe der Tools k\u00f6nnen Sie Ihr Spiel erheblich verbessern und sich einen Vorteil gegen\u00fcber Ihren Gegnern verschaffen.<\/p>\n\n\n\n<figure class=\"wp-block-image size-large\"><img loading=\"lazy\" decoding=\"async\" width=\"721\" height=\"551\" src=\"https:\/\/hand2noteguide.com\/wp-content\/uploads\/2020\/07\/hand2note-extended-popup.png\" alt=\"\" class=\"wp-image-3199\" srcset=\"https:\/\/hand2noteguide.com\/wp-content\/uploads\/2020\/07\/hand2note-extended-popup.png 721w, https:\/\/hand2noteguide.com\/wp-content\/uploads\/2020\/07\/hand2note-extended-popup-300x229.png 300w, https:\/\/hand2noteguide.com\/wp-content\/uploads\/2020\/07\/hand2note-extended-popup-624x477.png 624w\" sizes=\"auto, (max-width: 721px) 100vw, 721px\" \/><figcaption class=\"wp-element-caption\">Hand2Note erweiterte Popups sind nur mit PRO oder EDGE Lizenz verf\u00fcgbar<\/figcaption><\/figure>\n\n\n\n<h2 class=\"wp-block-heading\">Wie passt man sich an die neue Software an?<\/h2>\n\n\n\n<p>Die Hand2Note Software kann ziemlich kompliziert sein, aber es lohnt sich <a href=\"\/de\/why-hand2note\/\">definitiv, sie zu studieren<\/a>. Schauen Sie sich zuerst das <a aria-label=\"offizielles Handbuch (\u00f6ffnet in einem neuen Tab)\" rel=\"noreferrer noopener\" href=\"https:\/\/hand2note.com\/Help\/\" target=\"_blank\">offizielle Handbuch<\/a> an. Es ist ebenfalls v\u00f6llig kostenlos und enth\u00e4lt eine Beschreibung aller Funktionen. Wenn Sie es zu gro\u00df und kompliziert finden, achten Sie auf meine <a href=\"https:\/\/hand2noteguide.com\/de\/video-course\/\">Poker-Trainingsvideos<\/a> und <a href=\"https:\/\/hand2noteguide.com\/de\/training\/\">pers\u00f6nlichen Coaching-Angebote<\/a>. Es wird Ihnen helfen, Hand2Note sehr schnell und effizient zu lernen.<\/p>\n\n\n\n<h2 class=\"wp-block-heading\">Abschlie\u00dfend<\/h2>\n\n\n\n<p>Hand2Note ist die leistungsst\u00e4rkste und fortschrittlichste Poker-Software. Die Verwendung moderner Software in den aktuellen Pokerbedingungen ist sehr wichtig. Und im Moment ist sie kostenlos f\u00fcr alle Eins\u00e4tze. Ein Hand2Note Crack ist nicht n\u00f6tig, nutzen Sie einfach die offizielle Version. Sie sollten diese Gelegenheit nutzen, um Ihr Spiel auf die n\u00e4chste Stufe zu heben.<\/p>\n","protected":false},"excerpt":{"rendered":"<p>Viele Pokerspieler suchen nach einem Hand2Note Crack. Aber in diesem Fall ben\u00f6tigen Sie keinen Crack im herk\u00f6mmlichen Sinne. Sie k\u00f6nnen Hand2Note ganz einfach nutzen, ohne etwas zu bezahlen! \ud83d\udc49 Update 2. Juni 2025: Leider ist ab dem 29. Mai 2025 die kostenlose Version von Hand2Note nicht mehr verf\u00fcgbar \ud83e\udd7a. Sie m\u00fcssen ein Abonnement kaufen, um &hellip; <a href=\"https:\/\/hand2noteguide.com\/de\/hand2note-for-free\/\" class=\"more-link\">Continue reading <span class=\"screen-reader-text\">Hand2Note kostenlos erhalten (Hand2Note Crack)<\/span><\/a><\/p>\n","protected":false},"author":1,"featured_media":0,"parent":0,"menu_order":0,"comment_status":"closed","ping_status":"closed","template":"page-templates\/full-width-page.php","meta":{"footnotes":""},"class_list":["post-1730","page","type-page","status-publish","hentry"],"translation":{"provider":"WPGlobus","version":"3.0.2","language":"de","enabled_languages":["en","ru","pt","zh","es","fr","de","it","ja"],"languages":{"en":{"title":true,"content":true,"excerpt":false},"ru":{"title":true,"content":true,"excerpt":false},"pt":{"title":true,"content":true,"excerpt":false},"zh":{"title":true,"content":true,"excerpt":false},"es":{"title":true,"content":true,"excerpt":false},"fr":{"title":true,"content":true,"excerpt":false},"de":{"title":true,"content":true,"excerpt":false},"it":{"title":true,"content":true,"excerpt":false},"ja":{"title":true,"content":true,"excerpt":false}}},"yoast_head":"<!-- This site is optimized with the Yoast SEO plugin v27.0 - https:\/\/yoast.com\/product\/yoast-seo-wordpress\/ -->\n<title>Hand2Note (Crack) JETZT KOSTENLOS - Hand2Note Guide<\/title>\n<meta name=\"description\" content=\"Hand2Note ist die beste Poker-Tracker-Software auf dem Markt. Beginnen Sie, dieses Pokerprogramm kostenlos mit einem cleveren Hand2Note Crack zu nutzen!\" \/>\n<meta name=\"robots\" content=\"index, follow, max-snippet:-1, max-image-preview:large, max-video-preview:-1\" \/>\n<link rel=\"canonical\" href=\"https:\/\/hand2noteguide.com\/hand2note-for-free\/\" \/>\n<meta property=\"og:locale\" content=\"de_DE\" \/>\n<meta property=\"og:type\" content=\"article\" \/>\n<meta property=\"og:title\" content=\"Hand2Note (Crack) JETZT KOSTENLOS - Hand2Note Guide\" \/>\n<meta property=\"og:description\" content=\"Hand2Note ist die beste Poker-Tracker-Software auf dem Markt. Beginnen Sie, dieses Pokerprogramm kostenlos mit einem cleveren Hand2Note Crack zu nutzen!\" \/>\n<meta property=\"og:url\" content=\"https:\/\/hand2noteguide.com\/hand2note-for-free\/\" \/>\n<meta property=\"og:site_name\" content=\"Hand2Note Guide\" \/>\n<meta property=\"article:modified_time\" content=\"2025-06-04T14:40:27+00:00\" \/>\n<meta property=\"og:image\" content=\"https:\/\/hand2noteguide.com\/wp-content\/uploads\/2020\/03\/hand2note-free-version-2.png\" \/>\n<meta name=\"twitter:card\" content=\"summary_large_image\" \/>\n<meta name=\"twitter:label1\" content=\"Est. reading time\" \/>\n\t<meta name=\"twitter:data1\" content=\"20 minutes\" \/>\n<!-- \/ Yoast SEO plugin. -->","yoast_head_json":{"title":"Hand2Note (Crack) JETZT KOSTENLOS - Hand2Note Guide","description":"Hand2Note ist die beste Poker-Tracker-Software auf dem Markt. Beginnen Sie, dieses Pokerprogramm kostenlos mit einem cleveren Hand2Note Crack zu nutzen!","robots":{"index":"index","follow":"follow","max-snippet":"max-snippet:-1","max-image-preview":"max-image-preview:large","max-video-preview":"max-video-preview:-1"},"canonical":"https:\/\/hand2noteguide.com\/hand2note-for-free\/","og_locale":"de_DE","og_type":"article","og_title":"Hand2Note (Crack) JETZT KOSTENLOS - Hand2Note Guide","og_description":"Hand2Note ist die beste Poker-Tracker-Software auf dem Markt. Beginnen Sie, dieses Pokerprogramm kostenlos mit einem cleveren Hand2Note Crack zu nutzen!","og_url":"https:\/\/hand2noteguide.com\/hand2note-for-free\/","og_site_name":"Hand2Note Guide","article_modified_time":"2025-06-04T14:40:27+00:00","og_image":[{"url":"https:\/\/hand2noteguide.com\/wp-content\/uploads\/2020\/03\/hand2note-free-version-2.png","type":"","width":"","height":""}],"twitter_card":"summary_large_image","twitter_misc":{"Est. reading time":"20 minutes"},"schema":{"@context":"https:\/\/schema.org","@graph":[]}},"jetpack_sharing_enabled":true,"_links":{"self":[{"href":"https:\/\/hand2noteguide.com\/de\/wp-json\/wp\/v2\/pages\/1730","targetHints":{"allow":["GET"]}}],"collection":[{"href":"https:\/\/hand2noteguide.com\/de\/wp-json\/wp\/v2\/pages"}],"about":[{"href":"https:\/\/hand2noteguide.com\/de\/wp-json\/wp\/v2\/types\/page"}],"author":[{"embeddable":true,"href":"https:\/\/hand2noteguide.com\/de\/wp-json\/wp\/v2\/users\/1"}],"replies":[{"embeddable":true,"href":"https:\/\/hand2noteguide.com\/de\/wp-json\/wp\/v2\/comments?post=1730"}],"version-history":[{"count":110,"href":"https:\/\/hand2noteguide.com\/de\/wp-json\/wp\/v2\/pages\/1730\/revisions"}],"predecessor-version":[{"id":13508,"href":"https:\/\/hand2noteguide.com\/de\/wp-json\/wp\/v2\/pages\/1730\/revisions\/13508"}],"wp:attachment":[{"href":"https:\/\/hand2noteguide.com\/de\/wp-json\/wp\/v2\/media?parent=1730"}],"curies":[{"name":"wp","href":"https:\/\/api.w.org\/{rel}","templated":true}]}}