{"id":1759,"date":"2020-03-07T09:42:57","date_gmt":"2020-03-07T06:42:57","guid":{"rendered":"http:\/\/hand2noteguide.com\/?page_id=1759"},"modified":"2025-06-04T17:39:12","modified_gmt":"2025-06-04T14:39:12","slug":"hand2note-hud","status":"publish","type":"page","link":"https:\/\/hand2noteguide.com\/de\/hand2note-hud\/","title":{"rendered":"Hand2Note HUD: Welches ist besser?"},"content":{"rendered":"\n<p>Angenommen, Sie haben Hand2Note bereits installiert und verwenden es. H\u00f6chstwahrscheinlich sind Sie auf die wichtige Frage gesto\u00dfen: Welches Hand2Note HUD ist besser zu verwenden? Muss ich das HUD selbst konfigurieren? Oder lohnt es sich nicht, Zeit zu verschwenden, und es ist besser, eine fertige L\u00f6sung zu finden? In diesem Artikel versuchen wir herauszufinden, was die beste Option f\u00fcr Sie ist.<\/p>\n\n\n\n<h2 class=\"wp-block-heading\">Probieren Sie die Standardprofile aus<\/h2>\n\n\n\n<p>Es gibt viele verschiedene HUDs f\u00fcr Hand2Note. Zun\u00e4chst gibt es zwei Standardprofile, die standardm\u00e4\u00dfig im Programm enthalten sind. Wenn wir &#8220;Profil&#8221; oder &#8220;Pack&#8221; sagen, meinen wir das Set aus Stats, HUD und Popups. Zu Beginn k\u00f6nnen Sie das Standard-HUD verwenden. Es enth\u00e4lt nur die grundlegendsten und wichtigsten Informationen: Spitzname, VPIP, PFR und die Anzahl der H\u00e4nde.<\/p>\n\n\n\n<figure class=\"wp-block-image\"><img loading=\"lazy\" decoding=\"async\" width=\"681\" height=\"436\" src=\"https:\/\/hand2noteguide.com\/wp-content\/uploads\/2020\/03\/hand2note-default-hud-1.png\" alt=\"hand2note default HUD\" class=\"wp-image-1820\" srcset=\"https:\/\/hand2noteguide.com\/wp-content\/uploads\/2020\/03\/hand2note-default-hud-1.png 681w, https:\/\/hand2noteguide.com\/wp-content\/uploads\/2020\/03\/hand2note-default-hud-1-300x192.png 300w, https:\/\/hand2noteguide.com\/wp-content\/uploads\/2020\/03\/hand2note-default-hud-1-624x400.png 624w\" sizes=\"auto, (max-width: 681px) 100vw, 681px\" \/><figcaption>Hand2Note Standard-HUD<\/figcaption><\/figure>\n\n\n\n<h2 class=\"wp-block-heading\">Erstellen Sie Ihr eigenes Hand2Note HUD<\/h2>\n\n\n\n<p>Wenn Sie denken, dass das einfache Standard-HUD nicht ausreicht, k\u00f6nnen Sie verschiedene Optionen in Betracht ziehen. In erster Linie wird niemand ein passenderes HUD f\u00fcr Sie erstellen als Sie selbst. Und da Hand2Note Ihnen flexible und intuitive Werkzeuge bietet, k\u00f6nnen Sie Ihr eigenes Profil erstellen.<\/p>\n\n\n\n<figure class=\"wp-block-image\"><img loading=\"lazy\" decoding=\"async\" width=\"1024\" height=\"611\" src=\"https:\/\/hand2noteguide.com\/wp-content\/uploads\/2020\/03\/hand2note-hud-editor-1024x611.png\" alt=\"hand2note hud editor\" class=\"wp-image-1825\" srcset=\"https:\/\/hand2noteguide.com\/wp-content\/uploads\/2020\/03\/hand2note-hud-editor-1024x611.png 1024w, https:\/\/hand2noteguide.com\/wp-content\/uploads\/2020\/03\/hand2note-hud-editor-300x179.png 300w, https:\/\/hand2noteguide.com\/wp-content\/uploads\/2020\/03\/hand2note-hud-editor-768x458.png 768w, https:\/\/hand2noteguide.com\/wp-content\/uploads\/2020\/03\/hand2note-hud-editor-772x460.png 772w, https:\/\/hand2noteguide.com\/wp-content\/uploads\/2020\/03\/hand2note-hud-editor-624x372.png 624w, https:\/\/hand2noteguide.com\/wp-content\/uploads\/2020\/03\/hand2note-hud-editor.png 1489w\" sizes=\"auto, (max-width: 1024px) 100vw, 1024px\" \/><figcaption>Hand2Note HUD-Editor<\/figcaption><\/figure>\n\n\n\n<p>Es ist erw\u00e4hnenswert, dass, obwohl der Prozess der Erstellung von HUD, Popups und Stats nicht so kompliziert ist, er viel Zeit in Anspruch nehmen kann.<\/p>\n\n\n\n<h2 class=\"wp-block-heading\">Erkunden Sie kommerzielle HUDs<\/h2>\n\n\n\n<p>Wenn Sie Zeit sparen m\u00f6chten, sollten Sie auf fertige L\u00f6sungen achten. Der <a href=\"https:\/\/hand2noteguide.com\/de\/hud-store\/\">Hand2Note HUD&amp;Popup Store<\/a> enth\u00e4lt die besten Pakete f\u00fcr verschiedene Spieltypen. Alle HUDs werden in Zusammenarbeit mit professionellen Spielern erstellt und \u00fcber eine lange Distanz gut getestet. Au\u00dferdem sind alle Profile in unserem Store zur Bearbeitung offen, sodass Sie sie nach Belieben anpassen k\u00f6nnen.<\/p>\n\n\n\n<figure class=\"wp-block-image size-large\"><img loading=\"lazy\" decoding=\"async\" width=\"1024\" height=\"508\" src=\"https:\/\/hand2noteguide.com\/wp-content\/uploads\/2020\/07\/hand2note-best-hud-1-1024x508.png\" alt=\"hand2note commercial popup\" class=\"wp-image-3261\" srcset=\"https:\/\/hand2noteguide.com\/wp-content\/uploads\/2020\/07\/hand2note-best-hud-1-1024x508.png 1024w, https:\/\/hand2noteguide.com\/wp-content\/uploads\/2020\/07\/hand2note-best-hud-1-300x149.png 300w, https:\/\/hand2noteguide.com\/wp-content\/uploads\/2020\/07\/hand2note-best-hud-1-768x381.png 768w, https:\/\/hand2noteguide.com\/wp-content\/uploads\/2020\/07\/hand2note-best-hud-1-772x383.png 772w, https:\/\/hand2noteguide.com\/wp-content\/uploads\/2020\/07\/hand2note-best-hud-1-624x310.png 624w, https:\/\/hand2noteguide.com\/wp-content\/uploads\/2020\/07\/hand2note-best-hud-1.png 1155w\" sizes=\"auto, (max-width: 1024px) 100vw, 1024px\" \/><figcaption>Beispiel eines kommerziellen Popups. Es ist Teil des Venom-Pakets aus dem Store<\/figcaption><\/figure>\n\n\n\n<h2 class=\"wp-block-heading\">Bestellen Sie ein privates HUD<\/h2>\n\n\n\n<p>Falls Ihnen keines der fertigen kommerziellen HUDs gef\u00e4llt, Sie aber dennoch Zeit sparen m\u00f6chten, k\u00f6nnen Sie ein <a href=\"https:\/\/hand2noteguide.com\/de\/hud-store\/custom-hud-order\/\">privates HUD bestellen<\/a>. Diese Option w\u00e4re auch gro\u00dfartig f\u00fcr Spieler, die von anderen Trackern zu Hand2Note <a href=\"https:\/\/hand2noteguide.com\/de\/switch-from-hm2\/\">wechseln<\/a> m\u00f6chten. Das professionelle Team wird das HUD nach Ihrem Vorlagenentwurf gestalten. Alle Stats werden getestet, um sicherzustellen, dass alles korrekt funktioniert.<\/p>\n\n\n\n<div class=\"wpcf7 no-js\" id=\"wpcf7-f4410-o1\" lang=\"en-US\" dir=\"ltr\" data-wpcf7-id=\"4410\">\n<div class=\"screen-reader-response\"><p role=\"status\" aria-live=\"polite\" aria-atomic=\"true\"><\/p> <ul><\/ul><\/div>\n<form action=\"\/de\/wp-json\/wp\/v2\/pages\/1759#wpcf7-f4410-o1\" method=\"post\" class=\"wpcf7-form init\" aria-label=\"Contact form\" novalidate=\"novalidate\" data-status=\"init\">\n<fieldset class=\"hidden-fields-container\"><input type=\"hidden\" name=\"_wpcf7\" value=\"4410\" \/><input type=\"hidden\" name=\"_wpcf7_version\" value=\"6.1.5\" \/><input type=\"hidden\" name=\"_wpcf7_locale\" value=\"en_US\" \/><input type=\"hidden\" name=\"_wpcf7_unit_tag\" value=\"wpcf7-f4410-o1\" \/><input type=\"hidden\" name=\"_wpcf7_container_post\" value=\"0\" \/><input type=\"hidden\" name=\"_wpcf7_posted_data_hash\" value=\"\" \/><input type=\"hidden\" name=\"_wpcf7_recaptcha_response\" value=\"\" \/>\n<\/fieldset>\n<p>Your Email, Skype or Discord<br \/>\n<span class=\"wpcf7-form-control-wrap\" data-name=\"Contact\"><input size=\"40\" maxlength=\"400\" class=\"wpcf7-form-control wpcf7-text wpcf7-validates-as-required\" aria-required=\"true\" aria-invalid=\"false\" value=\"\" type=\"text\" name=\"Contact\" \/><\/span>\n<\/p>\n<p style=\"margin:-18px 0 20px 0\" class=\"secure-payment\">We'll contact you in the preferred way.\n<\/p>\n<p>Briefly describe your request<br \/>\n<span class=\"wpcf7-form-control-wrap\" data-name=\"Info\"><textarea cols=\"40\" rows=\"10\" maxlength=\"2000\" class=\"wpcf7-form-control wpcf7-textarea\" aria-invalid=\"false\" name=\"Info\"><\/textarea><\/span>\n<\/p>\n<p style=\"margin:-18px 0 20px 0\" class=\"secure-payment\">You may also leave the field empty for now, we can discuss the details personally.\n<\/p>\n<p><input class=\"wpcf7-form-control wpcf7-submit has-spinner\" type=\"submit\" value=\"Send\" \/>\n<\/p><div class=\"wpcf7-response-output\" aria-hidden=\"true\"><\/div>\n<\/form>\n<\/div>\n\n\n\n\n<h2 class=\"wp-block-heading\">Verwenden Sie das automatische HUD<\/h2>\n\n\n\n<p>Die letzte Option in der Liste ist das <a aria-label=\"Auto HUD (\u00f6ffnet sich in einem neuen Tab)\" href=\"https:\/\/www.hand2note.com\/Help\/pages\/AutoHud\/\" target=\"_blank\" rel=\"noreferrer noopener\">Auto HUD<\/a>. Dies ist die neue Hand2Note-Funktion. Sie zeigt Ihnen automatisch die relevantesten Statistiken f\u00fcr die aktuelle Spielsituation. Sie m\u00fcssen nichts einrichten, um es zum Laufen zu bringen. Es ist eine sehr n\u00fctzliche Funktion, aber die meisten Spieler verwenden sie als Erg\u00e4nzung zum Haupt-HUD. Wahrscheinlich reicht das Standard-HUD + Auto HUD aus und Sie m\u00fcssen keine kommerziellen Pakete suchen oder Zeit mit der Anpassung des HUDs verbringen.<\/p>\n\n\n\n<figure class=\"wp-block-image\"><img loading=\"lazy\" decoding=\"async\" width=\"396\" height=\"252\" src=\"https:\/\/hand2noteguide.com\/wp-content\/uploads\/2020\/03\/hand2note-auto-hud.png\" alt=\"hand2note auto hud\" class=\"wp-image-1843\" srcset=\"https:\/\/hand2noteguide.com\/wp-content\/uploads\/2020\/03\/hand2note-auto-hud.png 396w, https:\/\/hand2noteguide.com\/wp-content\/uploads\/2020\/03\/hand2note-auto-hud-300x191.png 300w\" sizes=\"auto, (max-width: 396px) 100vw, 396px\" \/><figcaption>Beispiel f\u00fcr ein Hand2Note Auto HUD: Es zeigt den Open-Raise-Statistikwert eines Spielers, wenn er tats\u00e4chlich einen Open Raise macht<\/figcaption><\/figure>\n\n\n\n<p>Das Auto HUD ist nur im PRO-Abonnement verf\u00fcgbar. Sie k\u00f6nnen also die <a href=\"https:\/\/hand2noteguide.com\/de\/promo\/\">PRO-Version mit Rabatt kaufen<\/a>, um Zugriff auf diese Funktion zu erhalten.<\/p>\n\n\n\n<h2 class=\"wp-block-heading\">Fazit<\/h2>\n\n\n\n<p>Es gibt viele verschiedene HUD-Optionen f\u00fcr Hand2Note. Sie k\u00f6nnen:<\/p>\n\n\n\n<ul class=\"wp-block-list\"><li>Standard-HUD-Profile verwenden;<\/li><li>Ihr eigenes HUD mit Hand2Note-Tools erstellen;<\/li><li>ein fertiges Paket aus unserem Store kaufen;<\/li><li>ein privates HUD bestellen;<\/li><li>die brandneue Auto-HUD-Funktion verwenden.<\/li><\/ul>\n\n\n\n<p>Achten Sie auf alle m\u00f6glichen Optionen und w\u00e4hlen Sie das beste HUD f\u00fcr sich aus.<\/p>\n","protected":false},"excerpt":{"rendered":"<p>Angenommen, Sie haben Hand2Note bereits installiert und verwenden es. H\u00f6chstwahrscheinlich sind Sie auf die wichtige Frage gesto\u00dfen: Welches Hand2Note HUD ist besser zu verwenden? Muss ich das HUD selbst konfigurieren? Oder lohnt es sich nicht, Zeit zu verschwenden, und es ist besser, eine fertige L\u00f6sung zu finden? In diesem Artikel versuchen wir herauszufinden, was die &hellip; <a href=\"https:\/\/hand2noteguide.com\/de\/hand2note-hud\/\" class=\"more-link\">Continue reading <span class=\"screen-reader-text\">Hand2Note HUD: Welches ist besser?<\/span><\/a><\/p>\n","protected":false},"author":1,"featured_media":0,"parent":0,"menu_order":0,"comment_status":"closed","ping_status":"closed","template":"page-templates\/full-width-page.php","meta":{"footnotes":""},"class_list":["post-1759","page","type-page","status-publish","hentry"],"translation":{"provider":"WPGlobus","version":"3.0.2","language":"de","enabled_languages":["en","ru","pt","zh","es","fr","de","it","ja"],"languages":{"en":{"title":true,"content":true,"excerpt":false},"ru":{"title":true,"content":true,"excerpt":false},"pt":{"title":true,"content":true,"excerpt":false},"zh":{"title":true,"content":true,"excerpt":false},"es":{"title":true,"content":true,"excerpt":false},"fr":{"title":true,"content":true,"excerpt":false},"de":{"title":true,"content":true,"excerpt":false},"it":{"title":true,"content":true,"excerpt":false},"ja":{"title":true,"content":true,"excerpt":false}}},"yoast_head":"<!-- This site is optimized with the Yoast SEO plugin v27.0 - https:\/\/yoast.com\/product\/yoast-seo-wordpress\/ -->\n<title>Bestes Hand2Note HUD: W\u00e4hlen Sie die richtige Option f\u00fcr sich<\/title>\n<meta name=\"description\" content=\"Wie erkennt man, welches Hand2Note HUD besser ist und wie man es verwendet? Lesen Sie diesen Artikel und Sie werden schnell das passende HUD f\u00fcr Ihre Bed\u00fcrfnisse finden.\" \/>\n<meta name=\"robots\" content=\"index, follow, max-snippet:-1, max-image-preview:large, max-video-preview:-1\" \/>\n<link rel=\"canonical\" href=\"https:\/\/hand2noteguide.com\/hand2note-hud\/\" \/>\n<meta property=\"og:locale\" content=\"de_DE\" \/>\n<meta property=\"og:type\" content=\"article\" \/>\n<meta property=\"og:title\" content=\"Bestes Hand2Note HUD: W\u00e4hlen Sie die richtige Option f\u00fcr sich\" \/>\n<meta property=\"og:description\" content=\"Wie erkennt man, welches Hand2Note HUD besser ist und wie man es verwendet? Lesen Sie diesen Artikel und Sie werden schnell das passende HUD f\u00fcr Ihre Bed\u00fcrfnisse finden.\" \/>\n<meta property=\"og:url\" content=\"https:\/\/hand2noteguide.com\/hand2note-hud\/\" \/>\n<meta property=\"og:site_name\" content=\"Hand2Note Guide\" \/>\n<meta property=\"article:modified_time\" content=\"2025-06-04T14:39:12+00:00\" \/>\n<meta property=\"og:image\" content=\"https:\/\/hand2noteguide.com\/wp-content\/uploads\/2020\/03\/hand2note-default-hud-1.png\" \/>\n<meta name=\"twitter:card\" content=\"summary_large_image\" \/>\n<meta name=\"twitter:label1\" content=\"Est. reading time\" \/>\n\t<meta name=\"twitter:data1\" content=\"18 minutes\" \/>\n<!-- \/ Yoast SEO plugin. -->","yoast_head_json":{"title":"Bestes Hand2Note HUD: W\u00e4hlen Sie die richtige Option f\u00fcr sich","description":"Wie erkennt man, welches Hand2Note HUD besser ist und wie man es verwendet? Lesen Sie diesen Artikel und Sie werden schnell das passende HUD f\u00fcr Ihre Bed\u00fcrfnisse finden.","robots":{"index":"index","follow":"follow","max-snippet":"max-snippet:-1","max-image-preview":"max-image-preview:large","max-video-preview":"max-video-preview:-1"},"canonical":"https:\/\/hand2noteguide.com\/hand2note-hud\/","og_locale":"de_DE","og_type":"article","og_title":"Bestes Hand2Note HUD: W\u00e4hlen Sie die richtige Option f\u00fcr sich","og_description":"Wie erkennt man, welches Hand2Note HUD besser ist und wie man es verwendet? Lesen Sie diesen Artikel und Sie werden schnell das passende HUD f\u00fcr Ihre Bed\u00fcrfnisse finden.","og_url":"https:\/\/hand2noteguide.com\/hand2note-hud\/","og_site_name":"Hand2Note Guide","article_modified_time":"2025-06-04T14:39:12+00:00","og_image":[{"url":"https:\/\/hand2noteguide.com\/wp-content\/uploads\/2020\/03\/hand2note-default-hud-1.png","type":"","width":"","height":""}],"twitter_card":"summary_large_image","twitter_misc":{"Est. reading time":"18 minutes"},"schema":{"@context":"https:\/\/schema.org","@graph":[]}},"jetpack_sharing_enabled":true,"_links":{"self":[{"href":"https:\/\/hand2noteguide.com\/de\/wp-json\/wp\/v2\/pages\/1759","targetHints":{"allow":["GET"]}}],"collection":[{"href":"https:\/\/hand2noteguide.com\/de\/wp-json\/wp\/v2\/pages"}],"about":[{"href":"https:\/\/hand2noteguide.com\/de\/wp-json\/wp\/v2\/types\/page"}],"author":[{"embeddable":true,"href":"https:\/\/hand2noteguide.com\/de\/wp-json\/wp\/v2\/users\/1"}],"replies":[{"embeddable":true,"href":"https:\/\/hand2noteguide.com\/de\/wp-json\/wp\/v2\/comments?post=1759"}],"version-history":[{"count":71,"href":"https:\/\/hand2noteguide.com\/de\/wp-json\/wp\/v2\/pages\/1759\/revisions"}],"predecessor-version":[{"id":13507,"href":"https:\/\/hand2noteguide.com\/de\/wp-json\/wp\/v2\/pages\/1759\/revisions\/13507"}],"wp:attachment":[{"href":"https:\/\/hand2noteguide.com\/de\/wp-json\/wp\/v2\/media?parent=1759"}],"curies":[{"name":"wp","href":"https:\/\/api.w.org\/{rel}","templated":true}]}}