{"id":1766,"date":"2020-03-09T07:11:39","date_gmt":"2020-03-09T04:11:39","guid":{"rendered":"http:\/\/hand2noteguide.com\/?page_id=1766"},"modified":"2025-06-04T17:38:05","modified_gmt":"2025-06-04T14:38:05","slug":"free-hud","status":"publish","type":"page","link":"https:\/\/hand2noteguide.com\/de\/free-hud\/","title":{"rendered":"Kostenloses HUD"},"content":{"rendered":"\n<p>\ud83d\udcdd&nbsp;<em>Letzte Aktualisierung: 16. Februar 2025.<\/em><\/p>\n\n\n\n<p>Sie k\u00f6nnen ganz einfach <a href=\"https:\/\/hand2noteguide.com\/de\/hand2note-for-free\/\">Hand2Note kostenlos nutzen<\/a>, ohne Cracks. Aber wie bekommt man ein kostenloses Hand2Note HUD? Es gibt einige m\u00f6gliche Optionen, die wir in diesem Artikel betrachten werden.<\/p>\n\n\n\n<p>Alle unten genannten HUDs sind sowohl f\u00fcr die&nbsp;<a href=\"https:\/\/hand2noteguide.com\/de\/basic-setup\/\">Hand2Note 3<\/a>&#8211; als auch f\u00fcr die&nbsp;<a href=\"https:\/\/hand2noteguide.com\/de\/hand2note-4-getting-started\/\">Hand2Note 4<\/a>-Versionen geeignet.<\/p>\n\n\n\n<h2 class=\"wp-block-heading\">Erhalten Sie das kostenlose Cosmos HUD von Roman Belousov<\/h2>\n\n\n\n<p>Zuallererst bieten wir ein v\u00f6llig kostenloses HUD von <a aria-label=\"undefined (\u00f6ffnet in einem neuen Tab)\" href=\"https:\/\/hudstore.poker\/vendors\/belousov-roman\" target=\"_blank\" rel=\"noreferrer noopener\">Roman Belousov<\/a> an &#8211; dem offiziellen Hand2Note HUD-Experten. Es gibt zwei Versionen f\u00fcr Cash- und Turnierspieler. Beide Versionen enthalten die relevantesten und n\u00fctzlichsten Statistiken.<\/p>\n\n\n\n<figure class=\"wp-block-gallery has-nested-images columns-default is-cropped wp-block-gallery-1 is-layout-flex wp-block-gallery-is-layout-flex\">\n<figure class=\"wp-block-image size-large\"><img loading=\"lazy\" decoding=\"async\" width=\"1024\" height=\"737\" data-id=\"9049\" src=\"http:\/\/hand2noteguide.com\/wp-content\/uploads\/2025\/02\/cosmos-free-cash-1024x737.webp\" alt=\"Cosmos Free Cash Poker HUD\" class=\"wp-image-9049\" srcset=\"https:\/\/hand2noteguide.com\/wp-content\/uploads\/2025\/02\/cosmos-free-cash-1024x737.webp 1024w, https:\/\/hand2noteguide.com\/wp-content\/uploads\/2025\/02\/cosmos-free-cash-300x216.webp 300w, https:\/\/hand2noteguide.com\/wp-content\/uploads\/2025\/02\/cosmos-free-cash-768x553.webp 768w, https:\/\/hand2noteguide.com\/wp-content\/uploads\/2025\/02\/cosmos-free-cash-1536x1106.webp 1536w, https:\/\/hand2noteguide.com\/wp-content\/uploads\/2025\/02\/cosmos-free-cash-772x556.webp 772w, https:\/\/hand2noteguide.com\/wp-content\/uploads\/2025\/02\/cosmos-free-cash-624x449.webp 624w, https:\/\/hand2noteguide.com\/wp-content\/uploads\/2025\/02\/cosmos-free-cash.webp 1560w\" sizes=\"auto, (max-width: 1024px) 100vw, 1024px\" \/><\/figure>\n\n\n\n<figure class=\"wp-block-image size-large\"><img loading=\"lazy\" decoding=\"async\" width=\"1024\" height=\"728\" data-id=\"9048\" src=\"http:\/\/hand2noteguide.com\/wp-content\/uploads\/2025\/02\/cosmos-free-mtt-1024x728.webp\" alt=\"Cosmos Free MTT Poker HUD\" class=\"wp-image-9048\" srcset=\"https:\/\/hand2noteguide.com\/wp-content\/uploads\/2025\/02\/cosmos-free-mtt-1024x728.webp 1024w, https:\/\/hand2noteguide.com\/wp-content\/uploads\/2025\/02\/cosmos-free-mtt-300x213.webp 300w, https:\/\/hand2noteguide.com\/wp-content\/uploads\/2025\/02\/cosmos-free-mtt-768x546.webp 768w, https:\/\/hand2noteguide.com\/wp-content\/uploads\/2025\/02\/cosmos-free-mtt-1536x1093.webp 1536w, https:\/\/hand2noteguide.com\/wp-content\/uploads\/2025\/02\/cosmos-free-mtt-772x549.webp 772w, https:\/\/hand2noteguide.com\/wp-content\/uploads\/2025\/02\/cosmos-free-mtt-624x444.webp 624w, https:\/\/hand2noteguide.com\/wp-content\/uploads\/2025\/02\/cosmos-free-mtt.webp 1590w\" sizes=\"auto, (max-width: 1024px) 100vw, 1024px\" \/><\/figure>\n<\/figure>\n\n\n\n<p>Dieses Poker-HUD enth\u00e4lt keine positionsabh\u00e4ngigen und dynamischen Optionen, sodass Sie es als Ihr Haupt-<a href=\"https:\/\/hand2noteguide.com\/de\/pokerstars-hud\/\">HUD f\u00fcr PokerStars<\/a> verwenden k\u00f6nnen. Es entspricht vollst\u00e4ndig den Richtlinien dieses Raumes. Alle zus\u00e4tzlichen Statistiken f\u00fcr verschiedene Positionen befinden sich in Popups.<\/p>\n\n\n\n<p style=\"margin-top:24px\"><a style=\"font-weight:bold !important;background-color: #2682a9\" href=\"\/de\/free-hud\/get-hand2note-cosmos-hud\/\" class=\"article-action-link\">Cosmos HUD erhalten \u2192<\/a><\/p>\n\n\n\n<h2 class=\"wp-block-heading\">Erhalten Sie das Simple Cash HUD von Nick Korolev<\/h2>\n\n\n\n<p>Wenn Sie ein regelm\u00e4\u00dfiger Spieler von Cash Games sind, schauen Sie sich das <a aria-label=\"undefined (\u00f6ffnet in einem neuen Tab)\" href=\"https:\/\/hudstore.poker\/products\/simple-cash\" target=\"_blank\" rel=\"noreferrer noopener\">Simple Cash<\/a>-Paket von <a href=\"https:\/\/hand2noteguide.com\/de\/about-us\/\">Nick Korolev<\/a> an &#8211; Mitglied des Hand2Note-Teams und Cash Games-Profi. Es enth\u00e4lt 3 einfache, aber effektive HUDs mit speziellen Popups, die jeder Zelle zugeordnet sind.<\/p>\n\n\n\n<figure class=\"wp-block-gallery has-nested-images columns-default is-cropped wp-block-gallery-2 is-layout-flex wp-block-gallery-is-layout-flex\">\n<figure class=\"wp-block-image size-large\"><img loading=\"lazy\" decoding=\"async\" width=\"1024\" height=\"737\" data-id=\"9046\" src=\"http:\/\/hand2noteguide.com\/wp-content\/uploads\/2025\/02\/simple-cash-hud-1024x737.webp\" alt=\"Simple Cash Hand2Note HUD\" class=\"wp-image-9046\" srcset=\"https:\/\/hand2noteguide.com\/wp-content\/uploads\/2025\/02\/simple-cash-hud-1024x737.webp 1024w, https:\/\/hand2noteguide.com\/wp-content\/uploads\/2025\/02\/simple-cash-hud-300x216.webp 300w, https:\/\/hand2noteguide.com\/wp-content\/uploads\/2025\/02\/simple-cash-hud-768x552.webp 768w, https:\/\/hand2noteguide.com\/wp-content\/uploads\/2025\/02\/simple-cash-hud-1536x1105.webp 1536w, https:\/\/hand2noteguide.com\/wp-content\/uploads\/2025\/02\/simple-cash-hud-772x555.webp 772w, https:\/\/hand2noteguide.com\/wp-content\/uploads\/2025\/02\/simple-cash-hud-624x449.webp 624w, https:\/\/hand2noteguide.com\/wp-content\/uploads\/2025\/02\/simple-cash-hud.webp 1607w\" sizes=\"auto, (max-width: 1024px) 100vw, 1024px\" \/><figcaption class=\"wp-element-caption\">HUD<\/figcaption><\/figure>\n\n\n\n<figure class=\"wp-block-image size-large\"><img loading=\"lazy\" decoding=\"async\" width=\"1024\" height=\"706\" data-id=\"9045\" src=\"http:\/\/hand2noteguide.com\/wp-content\/uploads\/2025\/02\/simple-cash-popup-1024x706.webp\" alt=\"Simple Cash Hand2Note Popup\" class=\"wp-image-9045\" srcset=\"https:\/\/hand2noteguide.com\/wp-content\/uploads\/2025\/02\/simple-cash-popup-1024x706.webp 1024w, https:\/\/hand2noteguide.com\/wp-content\/uploads\/2025\/02\/simple-cash-popup-300x207.webp 300w, https:\/\/hand2noteguide.com\/wp-content\/uploads\/2025\/02\/simple-cash-popup-768x530.webp 768w, https:\/\/hand2noteguide.com\/wp-content\/uploads\/2025\/02\/simple-cash-popup-1536x1059.webp 1536w, https:\/\/hand2noteguide.com\/wp-content\/uploads\/2025\/02\/simple-cash-popup-772x533.webp 772w, https:\/\/hand2noteguide.com\/wp-content\/uploads\/2025\/02\/simple-cash-popup-624x430.webp 624w, https:\/\/hand2noteguide.com\/wp-content\/uploads\/2025\/02\/simple-cash-popup.webp 1731w\" sizes=\"auto, (max-width: 1024px) 100vw, 1024px\" \/><figcaption class=\"wp-element-caption\">Popup<\/figcaption><\/figure>\n<\/figure>\n\n\n\n<p>Sie k\u00f6nnen Simple Cash und 6 weitere HUDs f\u00fcr alle Spieltypen kostenlos als Teil der <a href=\"https:\/\/hand2noteguide.com\/de\/promo\/\">GUIDE10-Promo<\/a> erhalten.<\/p>\n\n\n\n<p style=\"margin-top:24px\"><a style=\"font-weight:bold !important\" href=\"\/de\/hud-store\/simple-cash-pack-for-free\/\" class=\"article-action-link\">Simple Cash HUD erhalten \u2192<\/a><\/p>\n\n\n\n<h2 class=\"wp-block-heading\">Probieren Sie das Standard-HUD aus<\/h2>\n\n\n\n<p>Dar\u00fcber hinaus k\u00f6nnen Sie das Standard-Hand2Note-HUD und die Popup-Profile verwenden, die standardm\u00e4\u00dfig in der Software enthalten sind. Sie hei\u00dfen &#8220;default&#8221; und &#8220;PokerMaster default&#8221;. Diese Profile enthalten einen grundlegenden Satz von Statistiken, der f\u00fcr den Anfang ausreichen wird. Erfahrenere Spieler k\u00f6nnen dieses HUD auch in <a href=\"https:\/\/hand2noteguide.com\/de\/asian\/\">asiatischen Apps<\/a> n\u00fctzlich finden, zum Beispiel.<\/p>\n\n\n\n<figure class=\"wp-block-image\"><img loading=\"lazy\" decoding=\"async\" width=\"728\" height=\"455\" src=\"https:\/\/hand2noteguide.com\/wp-content\/uploads\/2020\/03\/hand2note-default-hud-2.png\" alt=\"hand2note default hud\" class=\"wp-image-1850\" srcset=\"https:\/\/hand2noteguide.com\/wp-content\/uploads\/2020\/03\/hand2note-default-hud-2.png 728w, https:\/\/hand2noteguide.com\/wp-content\/uploads\/2020\/03\/hand2note-default-hud-2-300x188.png 300w, https:\/\/hand2noteguide.com\/wp-content\/uploads\/2020\/03\/hand2note-default-hud-2-624x390.png 624w\" sizes=\"auto, (max-width: 728px) 100vw, 728px\" \/><figcaption class=\"wp-element-caption\">Hand2Note Standard-HUD<\/figcaption><\/figure>\n\n\n\n<p>Das Standard-Popup enth\u00e4lt detailliertere Informationen \u00fcber den Spieler.<\/p>\n\n\n\n<figure class=\"wp-block-image\"><img loading=\"lazy\" decoding=\"async\" width=\"687\" height=\"686\" src=\"https:\/\/hand2noteguide.com\/wp-content\/uploads\/2020\/03\/hand2note-default-popup.png\" alt=\"hand2note default popup\" class=\"wp-image-1851\" srcset=\"https:\/\/hand2noteguide.com\/wp-content\/uploads\/2020\/03\/hand2note-default-popup.png 687w, https:\/\/hand2noteguide.com\/wp-content\/uploads\/2020\/03\/hand2note-default-popup-150x150.png 150w, https:\/\/hand2noteguide.com\/wp-content\/uploads\/2020\/03\/hand2note-default-popup-300x300.png 300w, https:\/\/hand2noteguide.com\/wp-content\/uploads\/2020\/03\/hand2note-default-popup-96x96.png 96w, https:\/\/hand2noteguide.com\/wp-content\/uploads\/2020\/03\/hand2note-default-popup-624x624.png 624w\" sizes=\"auto, (max-width: 687px) 100vw, 687px\" \/><figcaption class=\"wp-element-caption\">Hand2Note Standard-Popup<\/figcaption><\/figure>\n\n\n\n<p>Diese Standard-HUDs und Popups sind v\u00f6llig kostenlos und werden standardm\u00e4\u00dfig mit dem Programm geliefert. So k\u00f6nnen Sie Hand2Note mit diesem kostenlosen HUD verwenden. Es sind keine zus\u00e4tzlichen Einstellungen erforderlich, folgen Sie einfach den <a href=\"https:\/\/hand2noteguide.com\/de\/basic-setup\/\">Anweisungen zur Ersteinrichtung<\/a>.<\/p>\n\n\n\n<h2 class=\"wp-block-heading\">Passen Sie das HUD an Ihre Bed\u00fcrfnisse an<\/h2>\n\n\n\n<p>Sie k\u00f6nnen das HUD auch modifizieren und einige Statistiken hinzuf\u00fcgen, um es informativer zu gestalten. Sie m\u00fcssen den HUD-Editor verwenden. Er hat eine ziemlich intuitive Benutzeroberfl\u00e4che. F\u00fcgen Sie einfach neue Zeilen oder Spalten hinzu und ziehen Sie die ben\u00f6tigten Statistiken aus der Liste auf der linken Seite des Bildschirms in die Zellen. Es gibt viele fertige Statistiken in Hand2Note wie <a href=\"https:\/\/hand2noteguide.com\/de\/poker\/poker-hud-stats\/3bet-in-poker\/\">3Bet<\/a>, 4Bet, Squeeze usw.<\/p>\n\n\n\n<figure class=\"wp-block-image\"><img loading=\"lazy\" decoding=\"async\" width=\"1024\" height=\"584\" src=\"https:\/\/hand2noteguide.com\/wp-content\/uploads\/2020\/03\/hand2note-modify-hud-1024x584.png\" alt=\"hand2note modify hud\" class=\"wp-image-1853\" srcset=\"https:\/\/hand2noteguide.com\/wp-content\/uploads\/2020\/03\/hand2note-modify-hud-1024x584.png 1024w, https:\/\/hand2noteguide.com\/wp-content\/uploads\/2020\/03\/hand2note-modify-hud-300x171.png 300w, https:\/\/hand2noteguide.com\/wp-content\/uploads\/2020\/03\/hand2note-modify-hud-768x438.png 768w, https:\/\/hand2noteguide.com\/wp-content\/uploads\/2020\/03\/hand2note-modify-hud-772x441.png 772w, https:\/\/hand2noteguide.com\/wp-content\/uploads\/2020\/03\/hand2note-modify-hud-624x356.png 624w, https:\/\/hand2noteguide.com\/wp-content\/uploads\/2020\/03\/hand2note-modify-hud.png 1088w\" sizes=\"auto, (max-width: 1024px) 100vw, 1024px\" \/><figcaption class=\"wp-element-caption\">Standard-HUD im Editor modifizieren<\/figcaption><\/figure>\n\n\n\n<p>Sie k\u00f6nnen auch ein neues Profil erstellen und ein komplexeres HUD-Profil f\u00fcr Ihre Bed\u00fcrfnisse erstellen. HUD- und Statistik-Editoren sind in der kostenlosen Version von Hand2Note verf\u00fcgbar. Der Prozess der Erstellung eines professionellen HUDs wird im Detail im <a aria-label=\"undefined (\u00f6ffnet in einem neuen Tab)\" href=\"https:\/\/nickjames.teachable.com\/courses\/hand2note-professional-usage\/lectures\/14423550?utm_source=hand2noteguide.com&amp;utm_medium=referral&amp;utm_campaign=hand2noteguide.com\" target=\"_blank\" rel=\"noreferrer noopener\">Videokurs<\/a> beschrieben.<\/p>\n\n\n\n<h2 class=\"wp-block-heading\">Erw\u00e4gen Sie ein fortschrittlicheres HUD<\/h2>\n\n\n\n<p>Sie k\u00f6nnen mit einem kostenlosen HUD in Hand2Note beginnen, wie wir oben besprochen haben. Aber es ist nur ein statisches HUD, das nicht die volle Leistung der besten Poker-Tracker-Software widerspiegelt. Wenn Sie bereit sind, auf die n\u00e4chste Stufe zu gehen, achten Sie auf <a href=\"https:\/\/hand2noteguide.com\/de\/hud-store\/\">fortschrittlichere Poker-HUDs<\/a>.<\/p>\n\n\n\n<figure class=\"wp-block-image size-large\"><img loading=\"lazy\" decoding=\"async\" width=\"1024\" height=\"735\" src=\"http:\/\/hand2noteguide.com\/wp-content\/uploads\/2025\/02\/pro-cash-hud-1024x735.webp\" alt=\"\" class=\"wp-image-9053\" srcset=\"https:\/\/hand2noteguide.com\/wp-content\/uploads\/2025\/02\/pro-cash-hud-1024x735.webp 1024w, https:\/\/hand2noteguide.com\/wp-content\/uploads\/2025\/02\/pro-cash-hud-300x215.webp 300w, https:\/\/hand2noteguide.com\/wp-content\/uploads\/2025\/02\/pro-cash-hud-768x551.webp 768w, https:\/\/hand2noteguide.com\/wp-content\/uploads\/2025\/02\/pro-cash-hud-1536x1102.webp 1536w, https:\/\/hand2noteguide.com\/wp-content\/uploads\/2025\/02\/pro-cash-hud-772x554.webp 772w, https:\/\/hand2noteguide.com\/wp-content\/uploads\/2025\/02\/pro-cash-hud-624x448.webp 624w, https:\/\/hand2noteguide.com\/wp-content\/uploads\/2025\/02\/pro-cash-hud.webp 1557w\" sizes=\"auto, (max-width: 1024px) 100vw, 1024px\" \/><figcaption class=\"wp-element-caption\">Beispiel f\u00fcr ein Hand2Note-Positions-HUD: <a href=\"https:\/\/hand2noteguide.com\/de\/hud-store\/pro-cash\/\">PRO Cash Pack<\/a><\/figcaption><\/figure>\n\n\n\n<p>Neben dem positionsabh\u00e4ngigen und dynamischen HUD erhalten Sie eine Vielzahl anderer Poker-Tools, die Ihnen helfen, die Qualit\u00e4t Ihres Spiels erheblich zu verbessern. Werfen Sie einen Blick auf unsere <a href=\"https:\/\/hand2noteguide.com\/de\/why-purchase-hand2note\/\">\u00dcbersicht \u00fcber diese Funktionen<\/a>.<\/p>\n\n\n\n<p>Wenn Sie sich schlie\u00dflich entscheiden, Ihre Hand2Note-Version zu aktualisieren, vergessen Sie nicht, den <strong>GUIDE10<\/strong>-Gutschein zu verwenden, um <a href=\"https:\/\/hand2noteguide.com\/de\/promo\/\">einen Rabatt und ein Bonus-HUD<\/a> zu erhalten.<\/p>\n","protected":false},"excerpt":{"rendered":"<p>\ud83d\udcdd&nbsp;Letzte Aktualisierung: 16. Februar 2025. Sie k\u00f6nnen ganz einfach Hand2Note kostenlos nutzen, ohne Cracks. Aber wie bekommt man ein kostenloses Hand2Note HUD? Es gibt einige m\u00f6gliche Optionen, die wir in diesem Artikel betrachten werden. Alle unten genannten HUDs sind sowohl f\u00fcr die&nbsp;Hand2Note 3&#8211; als auch f\u00fcr die&nbsp;Hand2Note 4-Versionen geeignet. Erhalten Sie das kostenlose Cosmos HUD &hellip; <a href=\"https:\/\/hand2noteguide.com\/de\/free-hud\/\" class=\"more-link\">Continue reading <span class=\"screen-reader-text\">Kostenloses HUD<\/span><\/a><\/p>\n","protected":false},"author":1,"featured_media":0,"parent":0,"menu_order":0,"comment_status":"closed","ping_status":"closed","template":"page-templates\/full-width-page.php","meta":{"footnotes":""},"class_list":["post-1766","page","type-page","status-publish","hentry"],"translation":{"provider":"WPGlobus","version":"3.0.2","language":"de","enabled_languages":["en","ru","pt","zh","es","fr","de","it","ja"],"languages":{"en":{"title":true,"content":true,"excerpt":false},"ru":{"title":true,"content":true,"excerpt":false},"pt":{"title":true,"content":true,"excerpt":false},"zh":{"title":true,"content":true,"excerpt":false},"es":{"title":true,"content":true,"excerpt":false},"fr":{"title":true,"content":true,"excerpt":false},"de":{"title":true,"content":true,"excerpt":false},"it":{"title":true,"content":true,"excerpt":false},"ja":{"title":true,"content":true,"excerpt":false}}},"yoast_head":"<!-- This site is optimized with the Yoast SEO plugin v27.0 - https:\/\/yoast.com\/product\/yoast-seo-wordpress\/ -->\n<title>Hand2Note Kostenloses HUD f\u00fcr Poker \u2013 Cash- und MTT-Versionen<\/title>\n<meta name=\"description\" content=\"Erhalten Sie ein v\u00f6llig kostenloses Hand2Note HUD f\u00fcr Cash Games oder Turniere. Beginnen Sie mit der besten Poker-Tracker-Software mit einem kostenlosen HUD und verschaffen Sie sich einen Vorteil gegen\u00fcber Ihren Gegnern!\" \/>\n<meta name=\"robots\" content=\"index, follow, max-snippet:-1, max-image-preview:large, max-video-preview:-1\" \/>\n<link rel=\"canonical\" href=\"https:\/\/hand2noteguide.com\/zh\/free-hud\/\" \/>\n<meta property=\"og:locale\" content=\"de_DE\" \/>\n<meta property=\"og:type\" content=\"article\" \/>\n<meta property=\"og:title\" content=\"Hand2Note Kostenloses HUD f\u00fcr Poker \u2013 Cash- und MTT-Versionen\" \/>\n<meta property=\"og:description\" content=\"Erhalten Sie ein v\u00f6llig kostenloses Hand2Note HUD f\u00fcr Cash Games oder Turniere. Beginnen Sie mit der besten Poker-Tracker-Software mit einem kostenlosen HUD und verschaffen Sie sich einen Vorteil gegen\u00fcber Ihren Gegnern!\" \/>\n<meta property=\"og:url\" content=\"https:\/\/hand2noteguide.com\/zh\/free-hud\/\" \/>\n<meta property=\"og:site_name\" content=\"Hand2Note Guide\" \/>\n<meta property=\"article:modified_time\" content=\"2025-06-04T14:38:05+00:00\" \/>\n<meta property=\"og:image\" content=\"http:\/\/hand2noteguide.com\/wp-content\/uploads\/2025\/02\/cosmos-free-cash-1024x737.webp\" \/>\n<meta name=\"twitter:card\" content=\"summary_large_image\" \/>\n<meta name=\"twitter:label1\" content=\"Est. reading time\" \/>\n\t<meta name=\"twitter:data1\" content=\"20 minutes\" \/>\n<!-- \/ Yoast SEO plugin. -->","yoast_head_json":{"title":"Hand2Note Kostenloses HUD f\u00fcr Poker \u2013 Cash- und MTT-Versionen","description":"Erhalten Sie ein v\u00f6llig kostenloses Hand2Note HUD f\u00fcr Cash Games oder Turniere. Beginnen Sie mit der besten Poker-Tracker-Software mit einem kostenlosen HUD und verschaffen Sie sich einen Vorteil gegen\u00fcber Ihren Gegnern!","robots":{"index":"index","follow":"follow","max-snippet":"max-snippet:-1","max-image-preview":"max-image-preview:large","max-video-preview":"max-video-preview:-1"},"canonical":"https:\/\/hand2noteguide.com\/zh\/free-hud\/","og_locale":"de_DE","og_type":"article","og_title":"Hand2Note Kostenloses HUD f\u00fcr Poker \u2013 Cash- und MTT-Versionen","og_description":"Erhalten Sie ein v\u00f6llig kostenloses Hand2Note HUD f\u00fcr Cash Games oder Turniere. Beginnen Sie mit der besten Poker-Tracker-Software mit einem kostenlosen HUD und verschaffen Sie sich einen Vorteil gegen\u00fcber Ihren Gegnern!","og_url":"https:\/\/hand2noteguide.com\/zh\/free-hud\/","og_site_name":"Hand2Note Guide","article_modified_time":"2025-06-04T14:38:05+00:00","og_image":[{"url":"http:\/\/hand2noteguide.com\/wp-content\/uploads\/2025\/02\/cosmos-free-cash-1024x737.webp","type":"","width":"","height":""}],"twitter_card":"summary_large_image","twitter_misc":{"Est. reading time":"20 minutes"},"schema":{"@context":"https:\/\/schema.org","@graph":[]}},"jetpack_sharing_enabled":true,"_links":{"self":[{"href":"https:\/\/hand2noteguide.com\/de\/wp-json\/wp\/v2\/pages\/1766","targetHints":{"allow":["GET"]}}],"collection":[{"href":"https:\/\/hand2noteguide.com\/de\/wp-json\/wp\/v2\/pages"}],"about":[{"href":"https:\/\/hand2noteguide.com\/de\/wp-json\/wp\/v2\/types\/page"}],"author":[{"embeddable":true,"href":"https:\/\/hand2noteguide.com\/de\/wp-json\/wp\/v2\/users\/1"}],"replies":[{"embeddable":true,"href":"https:\/\/hand2noteguide.com\/de\/wp-json\/wp\/v2\/comments?post=1766"}],"version-history":[{"count":132,"href":"https:\/\/hand2noteguide.com\/de\/wp-json\/wp\/v2\/pages\/1766\/revisions"}],"predecessor-version":[{"id":13506,"href":"https:\/\/hand2noteguide.com\/de\/wp-json\/wp\/v2\/pages\/1766\/revisions\/13506"}],"wp:attachment":[{"href":"https:\/\/hand2noteguide.com\/de\/wp-json\/wp\/v2\/media?parent=1766"}],"curies":[{"name":"wp","href":"https:\/\/api.w.org\/{rel}","templated":true}]}}