{"id":199,"date":"2018-08-01T16:43:30","date_gmt":"2018-08-01T13:43:30","guid":{"rendered":"https:\/\/h2n312.wordpress.com\/?page_id=199"},"modified":"2025-06-04T19:10:22","modified_gmt":"2025-06-04T16:10:22","slug":"move-database-to-another-drive","status":"publish","type":"page","link":"https:\/\/hand2noteguide.com\/de\/guide\/database\/move-database-to-another-drive\/","title":{"rendered":"Wie man die Datenbank auf ein anderes Laufwerk verschiebt"},"content":{"rendered":"<p>Standardm\u00e4\u00dfig wird die Hand2Note <a href=\"https:\/\/hand2noteguide.com\/de\/guide\/database\/where-is-database-stored\/\">Datenbank auf dem C-Laufwerk gespeichert<\/a>. Wenn Sie m\u00f6chten, k\u00f6nnen Sie den Speicherort der Datenbank \u00e4ndern, zum Beispiel, wenn Ihnen auf diesem Laufwerk der freie Speicherplatz ausgeht.<\/p>\n<p>Um die Datenbankdateien in ein anderes Verzeichnis zu verschieben, gehen Sie wie folgt vor:<\/p>\n<ol>\n<li>Gehen Sie zu <em>Configuration \u2192 Database<\/em>.<\/li>\n<li>Klicken Sie auf <em>Open Folder<\/em>.<\/li>\n<li>Verschieben Sie den Inhalt des ge\u00f6ffneten Ordners in das gew\u00fcnschte Verzeichnis.<\/li>\n<li>Klicken Sie auf <em>Change folder<\/em> und legen Sie den Pfad zu dem Ordner fest, in den Sie die Dateien im vorherigen Schritt verschoben haben.<\/li>\n<li>Warten Sie, bis Hand2Note neu gestartet wird.<\/li>\n<\/ol>\n","protected":false},"excerpt":{"rendered":"<p>Standardm\u00e4\u00dfig wird die Hand2Note Datenbank auf dem C-Laufwerk gespeichert. Wenn Sie m\u00f6chten, k\u00f6nnen Sie den Speicherort der Datenbank \u00e4ndern, zum Beispiel, wenn Ihnen auf diesem Laufwerk der freie Speicherplatz ausgeht. Um die Datenbankdateien in ein anderes Verzeichnis zu verschieben, gehen Sie wie folgt vor: Gehen Sie zu Configuration \u2192 Database. Klicken Sie auf Open Folder. &hellip; <a href=\"https:\/\/hand2noteguide.com\/de\/guide\/database\/move-database-to-another-drive\/\" class=\"more-link\">Continue reading <span class=\"screen-reader-text\">Wie man die Datenbank auf ein anderes Laufwerk verschiebt<\/span><\/a><\/p>\n","protected":false},"author":1,"featured_media":0,"parent":221,"menu_order":0,"comment_status":"closed","ping_status":"closed","template":"page-templates\/full-width-page.php","meta":{"footnotes":""},"class_list":["post-199","page","type-page","status-publish","hentry"],"translation":{"provider":"WPGlobus","version":"3.0.2","language":"de","enabled_languages":["en","ru","pt","zh","es","fr","de","it","ja"],"languages":{"en":{"title":true,"content":true,"excerpt":false},"ru":{"title":true,"content":true,"excerpt":false},"pt":{"title":true,"content":true,"excerpt":false},"zh":{"title":true,"content":true,"excerpt":false},"es":{"title":true,"content":true,"excerpt":false},"fr":{"title":true,"content":true,"excerpt":false},"de":{"title":true,"content":true,"excerpt":false},"it":{"title":true,"content":true,"excerpt":false},"ja":{"title":true,"content":true,"excerpt":false}}},"yoast_head":"<!-- This site is optimized with the Yoast SEO plugin v27.0 - https:\/\/yoast.com\/product\/yoast-seo-wordpress\/ -->\n<title>Wie man die Hand2Note-Datenbank einfach auf ein anderes Laufwerk verschiebt<\/title>\n<meta name=\"description\" content=\"Erfahren Sie, wie Sie Ihre Hand2Note-Datenbank auf ein anderes Laufwerk verlegen, um Speicherplatz freizugeben und die Leistung zu optimieren. Folgen Sie unserer einfachen Schritt-f\u00fcr-Schritt-Anleitung.\" \/>\n<meta name=\"robots\" content=\"index, follow, max-snippet:-1, max-image-preview:large, max-video-preview:-1\" \/>\n<link rel=\"canonical\" href=\"https:\/\/hand2noteguide.com\/guide\/database\/move-database-to-another-drive\/\" \/>\n<meta property=\"og:locale\" content=\"de_DE\" \/>\n<meta property=\"og:type\" content=\"article\" \/>\n<meta property=\"og:title\" content=\"Wie man die Hand2Note-Datenbank einfach auf ein anderes Laufwerk verschiebt\" \/>\n<meta property=\"og:description\" content=\"Erfahren Sie, wie Sie Ihre Hand2Note-Datenbank auf ein anderes Laufwerk verlegen, um Speicherplatz freizugeben und die Leistung zu optimieren. Folgen Sie unserer einfachen Schritt-f\u00fcr-Schritt-Anleitung.\" \/>\n<meta property=\"og:url\" content=\"https:\/\/hand2noteguide.com\/guide\/database\/move-database-to-another-drive\/\" \/>\n<meta property=\"og:site_name\" content=\"Hand2Note Guide\" \/>\n<meta property=\"article:modified_time\" content=\"2025-06-04T16:10:22+00:00\" \/>\n<meta name=\"twitter:card\" content=\"summary_large_image\" \/>\n<meta name=\"twitter:label1\" content=\"Est. reading time\" \/>\n\t<meta name=\"twitter:data1\" content=\"3 minutes\" \/>\n<!-- \/ Yoast SEO plugin. -->","yoast_head_json":{"title":"Wie man die Hand2Note-Datenbank einfach auf ein anderes Laufwerk verschiebt","description":"Erfahren Sie, wie Sie Ihre Hand2Note-Datenbank auf ein anderes Laufwerk verlegen, um Speicherplatz freizugeben und die Leistung zu optimieren. Folgen Sie unserer einfachen Schritt-f\u00fcr-Schritt-Anleitung.","robots":{"index":"index","follow":"follow","max-snippet":"max-snippet:-1","max-image-preview":"max-image-preview:large","max-video-preview":"max-video-preview:-1"},"canonical":"https:\/\/hand2noteguide.com\/guide\/database\/move-database-to-another-drive\/","og_locale":"de_DE","og_type":"article","og_title":"Wie man die Hand2Note-Datenbank einfach auf ein anderes Laufwerk verschiebt","og_description":"Erfahren Sie, wie Sie Ihre Hand2Note-Datenbank auf ein anderes Laufwerk verlegen, um Speicherplatz freizugeben und die Leistung zu optimieren. Folgen Sie unserer einfachen Schritt-f\u00fcr-Schritt-Anleitung.","og_url":"https:\/\/hand2noteguide.com\/guide\/database\/move-database-to-another-drive\/","og_site_name":"Hand2Note Guide","article_modified_time":"2025-06-04T16:10:22+00:00","twitter_card":"summary_large_image","twitter_misc":{"Est. reading time":"3 minutes"},"schema":{"@context":"https:\/\/schema.org","@graph":[]}},"jetpack_sharing_enabled":false,"_links":{"self":[{"href":"https:\/\/hand2noteguide.com\/de\/wp-json\/wp\/v2\/pages\/199","targetHints":{"allow":["GET"]}}],"collection":[{"href":"https:\/\/hand2noteguide.com\/de\/wp-json\/wp\/v2\/pages"}],"about":[{"href":"https:\/\/hand2noteguide.com\/de\/wp-json\/wp\/v2\/types\/page"}],"author":[{"embeddable":true,"href":"https:\/\/hand2noteguide.com\/de\/wp-json\/wp\/v2\/users\/1"}],"replies":[{"embeddable":true,"href":"https:\/\/hand2noteguide.com\/de\/wp-json\/wp\/v2\/comments?post=199"}],"version-history":[{"count":12,"href":"https:\/\/hand2noteguide.com\/de\/wp-json\/wp\/v2\/pages\/199\/revisions"}],"predecessor-version":[{"id":13548,"href":"https:\/\/hand2noteguide.com\/de\/wp-json\/wp\/v2\/pages\/199\/revisions\/13548"}],"up":[{"embeddable":true,"href":"https:\/\/hand2noteguide.com\/de\/wp-json\/wp\/v2\/pages\/221"}],"wp:attachment":[{"href":"https:\/\/hand2noteguide.com\/de\/wp-json\/wp\/v2\/media?parent=199"}],"curies":[{"name":"wp","href":"https:\/\/api.w.org\/{rel}","templated":true}]}}