{"id":208,"date":"2018-08-01T20:09:20","date_gmt":"2018-08-01T17:09:20","guid":{"rendered":"https:\/\/h2n312.wordpress.com\/?page_id=208"},"modified":"2025-06-04T19:08:27","modified_gmt":"2025-06-04T16:08:27","slug":"create-database","status":"publish","type":"page","link":"https:\/\/hand2noteguide.com\/de\/guide\/database\/create-database\/","title":{"rendered":"Wie man eine neue Datenbank erstellt"},"content":{"rendered":"<p>Um eine neue Datenbank zu erstellen:<\/p>\n<ol>\n<li>Gehen Sie zu <em>Configuration \u2192 Database<\/em>.<\/li>\n<li>Klicken Sie auf \u00ab<em>Create database&#8230;<\/em>\u00bb.<\/li>\n<li>Geben Sie den Namen der neuen Datenbank ein.<\/li>\n<li>Klicken Sie auf \u00ab<em>Activate<\/em>\u00bb.<\/li>\n<li>Warten Sie, w\u00e4hrend Hand2Note neu startet.<\/li>\n<li>Nun k\u00f6nnen Sie zur\u00fcck zu <em>Configuration<\/em>\u00a0\u2192 <em>Database<\/em> gehen und die alte Datenbank l\u00f6schen, falls n\u00f6tig.<\/li>\n<\/ol>\n<p>Sie k\u00f6nnen H\u00e4nde in eine neue Datenbank importieren, indem Sie sie entweder vorher <a href=\"https:\/\/hand2noteguide.com\/de\/guide\/export-hands\/\">aus der alten Datenbank exportieren<\/a> oder aus <a href=\"https:\/\/hand2noteguide.com\/de\/guide\/hands-archive\/\">Archivordnern<\/a>.<\/p>\n","protected":false},"excerpt":{"rendered":"<p>Um eine neue Datenbank zu erstellen: Gehen Sie zu Configuration \u2192 Database. Klicken Sie auf \u00abCreate database&#8230;\u00bb. Geben Sie den Namen der neuen Datenbank ein. Klicken Sie auf \u00abActivate\u00bb. Warten Sie, w\u00e4hrend Hand2Note neu startet. Nun k\u00f6nnen Sie zur\u00fcck zu Configuration\u00a0\u2192 Database gehen und die alte Datenbank l\u00f6schen, falls n\u00f6tig. Sie k\u00f6nnen H\u00e4nde in eine &hellip; <a href=\"https:\/\/hand2noteguide.com\/de\/guide\/database\/create-database\/\" class=\"more-link\">Continue reading <span class=\"screen-reader-text\">Wie man eine neue Datenbank erstellt<\/span><\/a><\/p>\n","protected":false},"author":1,"featured_media":0,"parent":221,"menu_order":0,"comment_status":"closed","ping_status":"closed","template":"page-templates\/full-width-page.php","meta":{"footnotes":""},"class_list":["post-208","page","type-page","status-publish","hentry"],"translation":{"provider":"WPGlobus","version":"3.0.2","language":"de","enabled_languages":["en","ru","pt","zh","es","fr","de","it","ja"],"languages":{"en":{"title":true,"content":true,"excerpt":false},"ru":{"title":true,"content":true,"excerpt":false},"pt":{"title":true,"content":true,"excerpt":false},"zh":{"title":true,"content":true,"excerpt":false},"es":{"title":true,"content":true,"excerpt":false},"fr":{"title":true,"content":true,"excerpt":false},"de":{"title":true,"content":true,"excerpt":false},"it":{"title":true,"content":true,"excerpt":false},"ja":{"title":true,"content":true,"excerpt":false}}},"yoast_head":"<!-- This site is optimized with the Yoast SEO plugin v27.0 - https:\/\/yoast.com\/product\/yoast-seo-wordpress\/ -->\n<title>Erstellen einer neuen Datenbank in Hand2Note: Schritt-f\u00fcr-Schritt-Anleitung<\/title>\n<meta name=\"description\" content=\"Erfahren Sie, wie Sie mit unserer einfachen Schritt-f\u00fcr-Schritt-Anleitung eine neue Datenbank in Hand2Note erstellen. Befolgen Sie diese Anweisungen, um Ihre Poker-Daten effizient zu verwalten.\" \/>\n<meta name=\"robots\" content=\"index, follow, max-snippet:-1, max-image-preview:large, max-video-preview:-1\" \/>\n<link rel=\"canonical\" href=\"https:\/\/hand2noteguide.com\/guide\/database\/create-database\/\" \/>\n<meta property=\"og:locale\" content=\"de_DE\" \/>\n<meta property=\"og:type\" content=\"article\" \/>\n<meta property=\"og:title\" content=\"Erstellen einer neuen Datenbank in Hand2Note: Schritt-f\u00fcr-Schritt-Anleitung\" \/>\n<meta property=\"og:description\" content=\"Erfahren Sie, wie Sie mit unserer einfachen Schritt-f\u00fcr-Schritt-Anleitung eine neue Datenbank in Hand2Note erstellen. Befolgen Sie diese Anweisungen, um Ihre Poker-Daten effizient zu verwalten.\" \/>\n<meta property=\"og:url\" content=\"https:\/\/hand2noteguide.com\/guide\/database\/create-database\/\" \/>\n<meta property=\"og:site_name\" content=\"Hand2Note Guide\" \/>\n<meta property=\"article:modified_time\" content=\"2025-06-04T16:08:27+00:00\" \/>\n<meta name=\"twitter:card\" content=\"summary_large_image\" \/>\n<meta name=\"twitter:label1\" content=\"Est. reading time\" \/>\n\t<meta name=\"twitter:data1\" content=\"2 minutes\" \/>\n<!-- \/ Yoast SEO plugin. -->","yoast_head_json":{"title":"Erstellen einer neuen Datenbank in Hand2Note: Schritt-f\u00fcr-Schritt-Anleitung","description":"Erfahren Sie, wie Sie mit unserer einfachen Schritt-f\u00fcr-Schritt-Anleitung eine neue Datenbank in Hand2Note erstellen. Befolgen Sie diese Anweisungen, um Ihre Poker-Daten effizient zu verwalten.","robots":{"index":"index","follow":"follow","max-snippet":"max-snippet:-1","max-image-preview":"max-image-preview:large","max-video-preview":"max-video-preview:-1"},"canonical":"https:\/\/hand2noteguide.com\/guide\/database\/create-database\/","og_locale":"de_DE","og_type":"article","og_title":"Erstellen einer neuen Datenbank in Hand2Note: Schritt-f\u00fcr-Schritt-Anleitung","og_description":"Erfahren Sie, wie Sie mit unserer einfachen Schritt-f\u00fcr-Schritt-Anleitung eine neue Datenbank in Hand2Note erstellen. Befolgen Sie diese Anweisungen, um Ihre Poker-Daten effizient zu verwalten.","og_url":"https:\/\/hand2noteguide.com\/guide\/database\/create-database\/","og_site_name":"Hand2Note Guide","article_modified_time":"2025-06-04T16:08:27+00:00","twitter_card":"summary_large_image","twitter_misc":{"Est. reading time":"2 minutes"},"schema":{"@context":"https:\/\/schema.org","@graph":[]}},"jetpack_sharing_enabled":false,"_links":{"self":[{"href":"https:\/\/hand2noteguide.com\/de\/wp-json\/wp\/v2\/pages\/208","targetHints":{"allow":["GET"]}}],"collection":[{"href":"https:\/\/hand2noteguide.com\/de\/wp-json\/wp\/v2\/pages"}],"about":[{"href":"https:\/\/hand2noteguide.com\/de\/wp-json\/wp\/v2\/types\/page"}],"author":[{"embeddable":true,"href":"https:\/\/hand2noteguide.com\/de\/wp-json\/wp\/v2\/users\/1"}],"replies":[{"embeddable":true,"href":"https:\/\/hand2noteguide.com\/de\/wp-json\/wp\/v2\/comments?post=208"}],"version-history":[{"count":15,"href":"https:\/\/hand2noteguide.com\/de\/wp-json\/wp\/v2\/pages\/208\/revisions"}],"predecessor-version":[{"id":13546,"href":"https:\/\/hand2noteguide.com\/de\/wp-json\/wp\/v2\/pages\/208\/revisions\/13546"}],"up":[{"embeddable":true,"href":"https:\/\/hand2noteguide.com\/de\/wp-json\/wp\/v2\/pages\/221"}],"wp:attachment":[{"href":"https:\/\/hand2noteguide.com\/de\/wp-json\/wp\/v2\/media?parent=208"}],"curies":[{"name":"wp","href":"https:\/\/api.w.org\/{rel}","templated":true}]}}