{"id":221,"date":"2018-08-01T20:21:23","date_gmt":"2018-08-01T17:21:23","guid":{"rendered":"https:\/\/h2n312.wordpress.com\/?page_id=221"},"modified":"2025-06-04T19:07:47","modified_gmt":"2025-06-04T16:07:47","slug":"database","status":"publish","type":"page","link":"https:\/\/hand2noteguide.com\/de\/guide\/database\/","title":{"rendered":"Datenbank"},"content":{"rendered":"<p>Hand2Note <a href=\"http:\/\/www.hand2note.com\/Help\/Index\/Database\" target=\"_blank\" rel=\"noopener noreferrer\">verwendet<\/a> standardm\u00e4\u00dfig seinen integrierten Datenbankserver.<\/p>\n<p>Die Datenbankverwaltung erfolgt unter <em>Configuration \u2192 Database<\/em>.<\/p>\n<p>Es kann jeweils nur eine Datenbank aktiv sein. Sie k\u00f6nnen nur inaktive Datenbanken l\u00f6schen.<\/p>\n<p>Das Zusammenf\u00fchren von zwei Datenbanken zu einer ist nicht m\u00f6glich. Sie k\u00f6nnen nur manuell <a href=\"https:\/\/hand2noteguide.com\/de\/guide\/export-hands\/\">H\u00e4nde exportieren<\/a> aus einer Datenbank und in eine andere importieren.<\/p>\n<p>Beachten Sie, dass die <a href=\"https:\/\/hand2noteguide.com\/de\/guide\/where-are-notes-stored\/\">Notizen und Farbmarkierungen nicht in der Datenbank gespeichert sind<\/a>.<\/p>\n\n<!-- Page-list plugin v.5.2 wordpress.org\/plugins\/page-list\/ -->\n<ul class=\"page-list subpages-page-list \">\n<li class=\"page_item page-item-196\"><a href=\"https:\/\/hand2noteguide.com\/de\/guide\/database\/where-is-database-stored\/\">Wo wird die Datenbank gespeichert?<\/a><\/li>\n<li class=\"page_item page-item-199\"><a href=\"https:\/\/hand2noteguide.com\/de\/guide\/database\/move-database-to-another-drive\/\">Wie man die Datenbank auf ein anderes Laufwerk verschiebt<\/a><\/li>\n<li class=\"page_item page-item-160\"><a href=\"https:\/\/hand2noteguide.com\/de\/guide\/database\/move-database-to-another-pc\/\">Wie man die Datenbank auf einen anderen PC verschiebt<\/a><\/li>\n<li class=\"page_item page-item-208\"><a href=\"https:\/\/hand2noteguide.com\/de\/guide\/database\/create-database\/\">Wie man eine neue Datenbank erstellt<\/a><\/li>\n<li class=\"page_item page-item-204\"><a href=\"https:\/\/hand2noteguide.com\/de\/guide\/database\/delete-hands\/\">Wie man H\u00e4nde aus der Datenbank l\u00f6scht<\/a><\/li>\n\n<\/ul>\n","protected":false},"excerpt":{"rendered":"<p>Hand2Note verwendet standardm\u00e4\u00dfig seinen integrierten Datenbankserver. Die Datenbankverwaltung erfolgt unter Configuration \u2192 Database. Es kann jeweils nur eine Datenbank aktiv sein. Sie k\u00f6nnen nur inaktive Datenbanken l\u00f6schen. Das Zusammenf\u00fchren von zwei Datenbanken zu einer ist nicht m\u00f6glich. Sie k\u00f6nnen nur manuell H\u00e4nde exportieren aus einer Datenbank und in eine andere importieren. Beachten Sie, dass die &hellip; <a href=\"https:\/\/hand2noteguide.com\/de\/guide\/database\/\" class=\"more-link\">Continue reading <span class=\"screen-reader-text\">Datenbank<\/span><\/a><\/p>\n","protected":false},"author":1,"featured_media":0,"parent":74,"menu_order":0,"comment_status":"closed","ping_status":"closed","template":"page-templates\/full-width-page.php","meta":{"footnotes":""},"class_list":["post-221","page","type-page","status-publish","hentry"],"translation":{"provider":"WPGlobus","version":"3.0.2","language":"de","enabled_languages":["en","ru","pt","zh","es","fr","de","it","ja"],"languages":{"en":{"title":true,"content":true,"excerpt":false},"ru":{"title":true,"content":true,"excerpt":false},"pt":{"title":true,"content":true,"excerpt":false},"zh":{"title":true,"content":true,"excerpt":false},"es":{"title":true,"content":true,"excerpt":false},"fr":{"title":true,"content":true,"excerpt":false},"de":{"title":true,"content":true,"excerpt":false},"it":{"title":true,"content":true,"excerpt":false},"ja":{"title":true,"content":true,"excerpt":false}}},"yoast_head":"<!-- This site is optimized with the Yoast SEO plugin v27.0 - https:\/\/yoast.com\/product\/yoast-seo-wordpress\/ -->\n<title>Datenbankverwaltung in Hand2Note 3<\/title>\n<meta name=\"description\" content=\"Erfahren Sie, wie Sie Ihre Hand2Note 3-Datenbank effizient verwalten. Entdecken Sie Tipps zum Aktivieren, L\u00f6schen und m\u00fchelosen Exportieren von H\u00e4nden zwischen Datenbanken.\" \/>\n<meta name=\"robots\" content=\"index, follow, max-snippet:-1, max-image-preview:large, max-video-preview:-1\" \/>\n<link rel=\"canonical\" href=\"https:\/\/hand2noteguide.com\/guide\/database\/\" \/>\n<meta property=\"og:locale\" content=\"de_DE\" \/>\n<meta property=\"og:type\" content=\"article\" \/>\n<meta property=\"og:title\" content=\"Datenbankverwaltung in Hand2Note 3\" \/>\n<meta property=\"og:description\" content=\"Erfahren Sie, wie Sie Ihre Hand2Note 3-Datenbank effizient verwalten. Entdecken Sie Tipps zum Aktivieren, L\u00f6schen und m\u00fchelosen Exportieren von H\u00e4nden zwischen Datenbanken.\" \/>\n<meta property=\"og:url\" content=\"https:\/\/hand2noteguide.com\/guide\/database\/\" \/>\n<meta property=\"og:site_name\" content=\"Hand2Note Guide\" \/>\n<meta property=\"article:modified_time\" content=\"2025-06-04T16:07:47+00:00\" \/>\n<meta name=\"twitter:card\" content=\"summary_large_image\" \/>\n<meta name=\"twitter:label1\" content=\"Est. reading time\" \/>\n\t<meta name=\"twitter:data1\" content=\"3 minutes\" \/>\n<!-- \/ Yoast SEO plugin. -->","yoast_head_json":{"title":"Datenbankverwaltung in Hand2Note 3","description":"Erfahren Sie, wie Sie Ihre Hand2Note 3-Datenbank effizient verwalten. Entdecken Sie Tipps zum Aktivieren, L\u00f6schen und m\u00fchelosen Exportieren von H\u00e4nden zwischen Datenbanken.","robots":{"index":"index","follow":"follow","max-snippet":"max-snippet:-1","max-image-preview":"max-image-preview:large","max-video-preview":"max-video-preview:-1"},"canonical":"https:\/\/hand2noteguide.com\/guide\/database\/","og_locale":"de_DE","og_type":"article","og_title":"Datenbankverwaltung in Hand2Note 3","og_description":"Erfahren Sie, wie Sie Ihre Hand2Note 3-Datenbank effizient verwalten. Entdecken Sie Tipps zum Aktivieren, L\u00f6schen und m\u00fchelosen Exportieren von H\u00e4nden zwischen Datenbanken.","og_url":"https:\/\/hand2noteguide.com\/guide\/database\/","og_site_name":"Hand2Note Guide","article_modified_time":"2025-06-04T16:07:47+00:00","twitter_card":"summary_large_image","twitter_misc":{"Est. reading time":"3 minutes"},"schema":{"@context":"https:\/\/schema.org","@graph":[]}},"jetpack_sharing_enabled":false,"_links":{"self":[{"href":"https:\/\/hand2noteguide.com\/de\/wp-json\/wp\/v2\/pages\/221","targetHints":{"allow":["GET"]}}],"collection":[{"href":"https:\/\/hand2noteguide.com\/de\/wp-json\/wp\/v2\/pages"}],"about":[{"href":"https:\/\/hand2noteguide.com\/de\/wp-json\/wp\/v2\/types\/page"}],"author":[{"embeddable":true,"href":"https:\/\/hand2noteguide.com\/de\/wp-json\/wp\/v2\/users\/1"}],"replies":[{"embeddable":true,"href":"https:\/\/hand2noteguide.com\/de\/wp-json\/wp\/v2\/comments?post=221"}],"version-history":[{"count":17,"href":"https:\/\/hand2noteguide.com\/de\/wp-json\/wp\/v2\/pages\/221\/revisions"}],"predecessor-version":[{"id":13545,"href":"https:\/\/hand2noteguide.com\/de\/wp-json\/wp\/v2\/pages\/221\/revisions\/13545"}],"up":[{"embeddable":true,"href":"https:\/\/hand2noteguide.com\/de\/wp-json\/wp\/v2\/pages\/74"}],"wp:attachment":[{"href":"https:\/\/hand2noteguide.com\/de\/wp-json\/wp\/v2\/media?parent=221"}],"curies":[{"name":"wp","href":"https:\/\/api.w.org\/{rel}","templated":true}]}}