{"id":2253,"date":"2020-06-30T19:06:22","date_gmt":"2020-06-30T16:06:22","guid":{"rendered":"http:\/\/hand2noteguide.com\/?page_id=2253"},"modified":"2025-06-04T17:36:38","modified_gmt":"2025-06-04T14:36:38","slug":"basic-setup","status":"publish","type":"page","link":"https:\/\/hand2noteguide.com\/de\/basic-setup\/","title":{"rendered":"Hand2Note 3: Grundeinrichtung"},"content":{"rendered":"\n<p>Heute ist ein Meilensteintag in Ihrer Pokerkarriere, da Sie beginnen, die beste Poker-Tracker-Software zu verwenden. Wir sorgen daf\u00fcr, dass Ihre Hand2Note-Reise reibungslos und effizient verl\u00e4uft.<\/p>\n\n\n\n<p>Die Einrichtung von Hand2Note ist sehr einfach und erfordert praktisch keine Aktionen von Ihnen. Folgen Sie den einfachen Schritten unten, um Hand2Note bei PokerStars oder einer anderen unterst\u00fctzten Seite zu verwenden.<\/p>\n\n\n\n<div class=\"red-block\">\n<p style=\"margin-bottom:0\">\u26a0\ufe0f Diese Anleitung beschreibt, wie man mit Hand2Note 3 beginnt, das jetzt veraltet ist. Wir empfehlen, <a href=\"https:\/\/hand2noteguide.com\/de\/hand2note-4-getting-started\/\"><strong>mit Hand2Note 4 zu beginnen<\/strong><\/a>.<\/p>\n<\/div>\n\n\n\n<h2 class=\"wp-block-heading\">1. Download &amp; Installation<\/h2>\n\n\n\n<p>Um zu beginnen, <a href=\"https:\/\/h2n-uptoyou.azureedge.net\/main\/Hand2NoteInstaller.exe\" target=\"_blank\" aria-label=\"undefined (\u00f6ffnet in einem neuen Tab)\" rel=\"noreferrer noopener nofollow\">laden Sie Hand2Note 3 herunter<\/a> und installieren Sie das Programm. Die Installation ist einfach: F\u00fchren Sie die Installationsdatei aus, klicken Sie auf &#8220;Weiter&#8221; und dann auf &#8220;Installieren&#8221;. Keine zus\u00e4tzliche Software ist erforderlich, damit Hand2Note ordnungsgem\u00e4\u00df funktioniert.<\/p>\n\n\n\n<figure class=\"wp-block-image size-large\"><img loading=\"lazy\" decoding=\"async\" width=\"495\" height=\"392\" src=\"https:\/\/hand2noteguide.com\/wp-content\/uploads\/2020\/04\/install-hand2note.png\" alt=\"\" class=\"wp-image-2256\" srcset=\"https:\/\/hand2noteguide.com\/wp-content\/uploads\/2020\/04\/install-hand2note.png 495w, https:\/\/hand2noteguide.com\/wp-content\/uploads\/2020\/04\/install-hand2note-300x238.png 300w\" sizes=\"auto, (max-width: 495px) 100vw, 495px\" \/><figcaption class=\"wp-element-caption\">Hand2Note-Installation<\/figcaption><\/figure>\n\n\n\n<div class=\"green-block\">\n<p style=\"margin-bottom:0\">\u261d Wir empfehlen Ihnen auch, ein <a href=\"https:\/\/hand2note3.hand2note.com\/?aid=c0\" target=\"_blank\" rel=\"noopener\">Hand2Note.com<\/a>-Konto zu erstellen. Sie werden es in Zukunft ben\u00f6tigen, um Ihre Lizenz zu verwalten, HUDs zuzuweisen usw.<\/p><\/div>\n\n\n\n<h2 class=\"wp-block-heading\">2. Kostenlose Testversion nutzen oder Lizenz kaufen<\/h2>\n\n\n\n<p>Unmittelbar nach der Installation von Hand2Note wird eine kostenlose Testphase von 30 Tagen aktiviert. Es sind auch keine Einstellungen Ihrerseits erforderlich. Es gibt eine separate 14-t\u00e4gige Testversion f\u00fcr <a href=\"https:\/\/hand2noteguide.com\/de\/asian\/\">asiatische R\u00e4ume<\/a>. Diese wird ebenfalls automatisch aktiviert, wenn Sie Ihre Raum-Anwendung zum ersten Mal mit Hand2Note starten.<\/p>\n\n\n\n<figure class=\"wp-block-image size-large\"><img loading=\"lazy\" decoding=\"async\" width=\"423\" height=\"92\" src=\"https:\/\/hand2noteguide.com\/wp-content\/uploads\/2020\/04\/hand2note-trial.png\" alt=\"\" class=\"wp-image-2258\" srcset=\"https:\/\/hand2noteguide.com\/wp-content\/uploads\/2020\/04\/hand2note-trial.png 423w, https:\/\/hand2noteguide.com\/wp-content\/uploads\/2020\/04\/hand2note-trial-300x65.png 300w\" sizes=\"auto, (max-width: 423px) 100vw, 423px\" \/><figcaption class=\"wp-element-caption\">Hand2Note kostenlose Testversion<\/figcaption><\/figure>\n\n\n\n<p>W\u00e4hrend der Testphase sind alle Hand2Note-Funktionen verf\u00fcgbar, au\u00dfer <a href=\"https:\/\/hand2noteguide.com\/de\/guide\/range-research\/\">Range Research<\/a>.<\/p>\n\n\n\n<p>Nach Ablauf der Testphase wechselt Hand2Note automatisch zu einer <a href=\"https:\/\/hand2noteguide.com\/de\/hand2note-for-free\/\">kostenlosen Version<\/a>. Sie verlieren keine Daten und k\u00f6nnen weiterhin die grundlegenden Funktionen der Software nutzen.<\/p>\n\n\n\n<div class=\"green-block\">\n<p>\ud83d\udc49 Wenn Sie ein professioneller Spieler sind oder einer werden m\u00f6chten, empfehlen wir, eine kostenpflichtige Lizenz zu erwerben. Schauen Sie sich an, <a href=\"https:\/\/hand2noteguide.com\/de\/why-purchase-hand2note\/\">welche Vorteile<\/a> Sie mit dem kostenpflichtigen Abonnementplan erhalten.<\/p>\n<p style=\"margin-bottom:0\">Stellen Sie sicher, dass Sie den <strong><a href=\"https:\/\/hand2noteguide.com\/de\/promo\/\"><b>GUIDE10-Promo-Code<\/b><\/a> verwenden, um einen 10% Rabatt, ein <a href=\"\/de\/hud-store\/simple-cash-pack-for-free\/\"><b>Bonus-HUD<\/b><\/a> und einen <a href=\"\/de\/video-course\/\"><b>Videokurs<\/b><\/a> kostenlos zu erhalten.<\/strong><\/p><\/div>\n\n\n\n<h2 class=\"wp-block-heading\">3. HUD starten<\/h2>\n\n\n\n<p>HandNote hat einen eingebauten Raum-Support, sodass keine spezielle Einrichtung erforderlich ist. Alles, was Sie f\u00fcr den Start des HUDs ben\u00f6tigen, ist, Hand2Note und die Anwendung Ihres Raums zu starten.<\/p>\n\n\n\n<figure class=\"wp-block-image size-large\"><img loading=\"lazy\" decoding=\"async\" width=\"1024\" height=\"693\" src=\"https:\/\/hand2noteguide.com\/wp-content\/uploads\/2020\/03\/hand2note-pokerstars-1024x693.png\" alt=\"hand2note pokerstars\" class=\"wp-image-2016\" srcset=\"https:\/\/hand2noteguide.com\/wp-content\/uploads\/2020\/03\/hand2note-pokerstars-1024x693.png 1024w, https:\/\/hand2noteguide.com\/wp-content\/uploads\/2020\/03\/hand2note-pokerstars-300x203.png 300w, https:\/\/hand2noteguide.com\/wp-content\/uploads\/2020\/03\/hand2note-pokerstars-768x520.png 768w, https:\/\/hand2noteguide.com\/wp-content\/uploads\/2020\/03\/hand2note-pokerstars-772x522.png 772w, https:\/\/hand2noteguide.com\/wp-content\/uploads\/2020\/03\/hand2note-pokerstars-624x422.png 624w, https:\/\/hand2noteguide.com\/wp-content\/uploads\/2020\/03\/hand2note-pokerstars.png 1045w\" sizes=\"auto, (max-width: 1024px) 100vw, 1024px\" \/><figcaption class=\"wp-element-caption\"><a href=\"https:\/\/hand2noteguide.com\/de\/pokerstars-hud\/\">Mit Hand2Note HUD bei PokerStars spielen<\/a><\/figcaption><\/figure>\n\n\n\n<p>Nach dem ersten Start sehen Sie ein Standard-HUD mit den grundlegendsten Statistiken: <em>VPIP\/PFR\/hands<\/em>. Sie k\u00f6nnen auch unser <a href=\"https:\/\/hand2noteguide.com\/de\/free-hud\/\">kostenloses HUD<\/a> verwenden. Wenn Sie ein fortgeschritteneres HUD ben\u00f6tigen, bieten wir auch <a href=\"https:\/\/hand2noteguide.com\/de\/hud-store\/\">die besten HUD-Profile f\u00fcr Hand2Note<\/a> an.<\/p>\n\n\n\n<p>Wenn das HUD nicht angezeigt wird, folgen Sie <a href=\"https:\/\/hand2noteguide.com\/de\/issues-resolving\/hud-not-showing\/\">diesen Anweisungen<\/a>. Wenn sie nicht helfen, k\u00f6nnen Sie den <a href=\"https:\/\/hand2noteguide.com\/de\/hand2note-official-support\/\">Support<\/a> kontaktieren.<\/p>\n\n\n\n<h2 class=\"wp-block-heading\">Was kommt als N\u00e4chstes?<\/h2>\n\n\n\n<p>Nachdem Sie Hand2Note installiert und das HUD gestartet haben, k\u00f6nnen Sie die Software im Detail studieren und spezifischere Einstellungen vornehmen. Hand2Note bietet eine unglaubliche Auswahl an Tools zur Optimierung des Spielprozesses und der Analyse au\u00dferhalb des Tisches.<\/p>\n\n\n\n<p>Zuerst k\u00f6nnen Sie sich mit dem <a href=\"https:\/\/hand2noteguide.com\/de\/guide\/\">Handbuch<\/a> vertraut machen.<\/p>\n\n\n\n<div class=\"green-block\">\n<p style=\"margin-bottom:0\">\ud83d\udca1 Wir empfehlen, den Artikel <a href=\"https:\/\/www.hudstore.poker\/hand2note-must-read-starting-tips\" target=\"_blank\" rel=\"noopener\"><b>Hand2Note: Must-Read Starting Tips<\/b><\/a> zu lesen.<\/p><\/div>\n\n\n\n<p>F\u00fcr ein schnelleres und effizienteres Erlernen aller Softwarefunktionen achten Sie auf den <a href=\"https:\/\/hand2noteguide.com\/de\/video-course\/\">Videokurs zur professionellen Nutzung von Hand2Note<\/a> sowie auf <a href=\"\/de\/training\/\">pers\u00f6nliches Coaching<\/a>.<\/p>\n","protected":false},"excerpt":{"rendered":"<p>Heute ist ein Meilensteintag in Ihrer Pokerkarriere, da Sie beginnen, die beste Poker-Tracker-Software zu verwenden. Wir sorgen daf\u00fcr, dass Ihre Hand2Note-Reise reibungslos und effizient verl\u00e4uft. Die Einrichtung von Hand2Note ist sehr einfach und erfordert praktisch keine Aktionen von Ihnen. Folgen Sie den einfachen Schritten unten, um Hand2Note bei PokerStars oder einer anderen unterst\u00fctzten Seite zu &hellip; <a href=\"https:\/\/hand2noteguide.com\/de\/basic-setup\/\" class=\"more-link\">Continue reading <span class=\"screen-reader-text\">Hand2Note 3: Grundeinrichtung<\/span><\/a><\/p>\n","protected":false},"author":1,"featured_media":0,"parent":0,"menu_order":0,"comment_status":"closed","ping_status":"closed","template":"page-templates\/full-width-page.php","meta":{"footnotes":""},"class_list":["post-2253","page","type-page","status-publish","hentry"],"translation":{"provider":"WPGlobus","version":"3.0.2","language":"de","enabled_languages":["en","ru","pt","zh","es","fr","de","it","ja"],"languages":{"en":{"title":true,"content":true,"excerpt":false},"ru":{"title":true,"content":true,"excerpt":false},"pt":{"title":true,"content":true,"excerpt":false},"zh":{"title":true,"content":true,"excerpt":false},"es":{"title":true,"content":true,"excerpt":false},"fr":{"title":true,"content":true,"excerpt":false},"de":{"title":true,"content":true,"excerpt":false},"it":{"title":true,"content":true,"excerpt":false},"ja":{"title":true,"content":true,"excerpt":false}}},"yoast_head":"<!-- This site is optimized with the Yoast SEO plugin v27.0 - https:\/\/yoast.com\/product\/yoast-seo-wordpress\/ -->\n<title>Hand2Note 3 Einrichtung: Installation, Lizenz, HUD starten<\/title>\n<meta name=\"description\" content=\"Richten Sie alles ein, um die beste Poker-Tracker-Software zu nutzen. Schritt-f\u00fcr-Schritt-Anleitung zur Installation von Hand2Note, zum Erhalt einer kostenlosen Lizenz und des besten HUD.\" \/>\n<meta name=\"robots\" content=\"index, follow, max-snippet:-1, max-image-preview:large, max-video-preview:-1\" \/>\n<link rel=\"canonical\" href=\"https:\/\/hand2noteguide.com\/ja\/basic-setup\/\" \/>\n<meta property=\"og:locale\" content=\"de_DE\" \/>\n<meta property=\"og:type\" content=\"article\" \/>\n<meta property=\"og:title\" content=\"Hand2Note 3 Einrichtung: Installation, Lizenz, HUD starten\" \/>\n<meta property=\"og:description\" content=\"Richten Sie alles ein, um die beste Poker-Tracker-Software zu nutzen. Schritt-f\u00fcr-Schritt-Anleitung zur Installation von Hand2Note, zum Erhalt einer kostenlosen Lizenz und des besten HUD.\" \/>\n<meta property=\"og:url\" content=\"https:\/\/hand2noteguide.com\/ja\/basic-setup\/\" \/>\n<meta property=\"og:site_name\" content=\"Hand2Note Guide\" \/>\n<meta property=\"article:modified_time\" content=\"2025-06-04T14:36:38+00:00\" \/>\n<meta property=\"og:image\" content=\"https:\/\/hand2noteguide.com\/wp-content\/uploads\/2020\/04\/install-hand2note.png\" \/>\n<meta name=\"twitter:card\" content=\"summary_large_image\" \/>\n<meta name=\"twitter:label1\" content=\"Est. reading time\" \/>\n\t<meta name=\"twitter:data1\" content=\"17 minutes\" \/>\n<!-- \/ Yoast SEO plugin. -->","yoast_head_json":{"title":"Hand2Note 3 Einrichtung: Installation, Lizenz, HUD starten","description":"Richten Sie alles ein, um die beste Poker-Tracker-Software zu nutzen. Schritt-f\u00fcr-Schritt-Anleitung zur Installation von Hand2Note, zum Erhalt einer kostenlosen Lizenz und des besten HUD.","robots":{"index":"index","follow":"follow","max-snippet":"max-snippet:-1","max-image-preview":"max-image-preview:large","max-video-preview":"max-video-preview:-1"},"canonical":"https:\/\/hand2noteguide.com\/ja\/basic-setup\/","og_locale":"de_DE","og_type":"article","og_title":"Hand2Note 3 Einrichtung: Installation, Lizenz, HUD starten","og_description":"Richten Sie alles ein, um die beste Poker-Tracker-Software zu nutzen. Schritt-f\u00fcr-Schritt-Anleitung zur Installation von Hand2Note, zum Erhalt einer kostenlosen Lizenz und des besten HUD.","og_url":"https:\/\/hand2noteguide.com\/ja\/basic-setup\/","og_site_name":"Hand2Note Guide","article_modified_time":"2025-06-04T14:36:38+00:00","og_image":[{"url":"https:\/\/hand2noteguide.com\/wp-content\/uploads\/2020\/04\/install-hand2note.png","type":"","width":"","height":""}],"twitter_card":"summary_large_image","twitter_misc":{"Est. reading time":"17 minutes"},"schema":{"@context":"https:\/\/schema.org","@graph":[]}},"jetpack_sharing_enabled":true,"_links":{"self":[{"href":"https:\/\/hand2noteguide.com\/de\/wp-json\/wp\/v2\/pages\/2253","targetHints":{"allow":["GET"]}}],"collection":[{"href":"https:\/\/hand2noteguide.com\/de\/wp-json\/wp\/v2\/pages"}],"about":[{"href":"https:\/\/hand2noteguide.com\/de\/wp-json\/wp\/v2\/types\/page"}],"author":[{"embeddable":true,"href":"https:\/\/hand2noteguide.com\/de\/wp-json\/wp\/v2\/users\/1"}],"replies":[{"embeddable":true,"href":"https:\/\/hand2noteguide.com\/de\/wp-json\/wp\/v2\/comments?post=2253"}],"version-history":[{"count":85,"href":"https:\/\/hand2noteguide.com\/de\/wp-json\/wp\/v2\/pages\/2253\/revisions"}],"predecessor-version":[{"id":13505,"href":"https:\/\/hand2noteguide.com\/de\/wp-json\/wp\/v2\/pages\/2253\/revisions\/13505"}],"wp:attachment":[{"href":"https:\/\/hand2noteguide.com\/de\/wp-json\/wp\/v2\/media?parent=2253"}],"curies":[{"name":"wp","href":"https:\/\/api.w.org\/{rel}","templated":true}]}}