{"id":2285,"date":"2020-05-25T17:49:54","date_gmt":"2020-05-25T14:49:54","guid":{"rendered":"http:\/\/hand2noteguide.com\/?page_id=2285"},"modified":"2025-06-04T17:34:25","modified_gmt":"2025-06-04T14:34:25","slug":"why-purchase-hand2note","status":"publish","type":"page","link":"https:\/\/hand2noteguide.com\/de\/why-purchase-hand2note\/","title":{"rendered":"Warum Hand2Note kaufen?"},"content":{"rendered":"\n<p>Wir haben bereits festgestellt, warum es sich lohnt, <a href=\"https:\/\/hand2noteguide.com\/de\/why-hand2note\/\">Hand2Note Software zu verwenden<\/a>. Und wie Sie vielleicht schon wissen, k\u00f6nnen Sie <a href=\"https:\/\/hand2noteguide.com\/de\/hand2note-for-free\/\">Hand2Note kostenlos nutzen<\/a> und sogar ein <a href=\"https:\/\/hand2noteguide.com\/de\/free-hud\/\">kostenloses HUD erhalten<\/a>. Warum also etwas kaufen? In diesem Artikel zeigen wir Ihnen die herausragenden M\u00f6glichkeiten, die Sie mit einem kostenpflichtigen Hand2Note PRO-Abonnement erhalten k\u00f6nnen.<\/p>\n\n\n\n<h2 class=\"wp-block-heading\">1. Smart Reports (Neu in <a href=\"https:\/\/hand2noteguide.com\/de\/hand2note-4-getting-started\/\">Hand2Note 4<\/a>)<\/h2>\n\n\n\n<p>Hand2Note bietet Ihnen eine Vielzahl von fertigen Berichten, in denen Sie Ihr Spiel und das Ihrer Gegner gr\u00fcndlich studieren k\u00f6nnen. Erkunden Sie das Spiel aus allen m\u00f6glichen Blickwinkeln. Detaillierte Aufschl\u00fcsselung nach allen Spielz\u00fcgen, Positionen, Einsatzgr\u00f6\u00dfen, Board-Texturen und vielem mehr.<\/p>\n\n\n\n<figure class=\"wp-block-gallery has-nested-images columns-default is-cropped wp-block-gallery-1 is-layout-flex wp-block-gallery-is-layout-flex\">\n<figure class=\"wp-block-image size-large\"><img loading=\"lazy\" decoding=\"async\" width=\"1024\" height=\"671\" data-id=\"9210\" src=\"https:\/\/hand2noteguide.com\/wp-content\/uploads\/2025\/03\/h2n4-1-min-1024x671.png\" alt=\"Hand2Note 4 Reports\" class=\"wp-image-9210\" srcset=\"https:\/\/hand2noteguide.com\/wp-content\/uploads\/2025\/03\/h2n4-1-min-1024x671.png 1024w, https:\/\/hand2noteguide.com\/wp-content\/uploads\/2025\/03\/h2n4-1-min-300x197.png 300w, https:\/\/hand2noteguide.com\/wp-content\/uploads\/2025\/03\/h2n4-1-min-768x503.png 768w, https:\/\/hand2noteguide.com\/wp-content\/uploads\/2025\/03\/h2n4-1-min-1536x1006.png 1536w, https:\/\/hand2noteguide.com\/wp-content\/uploads\/2025\/03\/h2n4-1-min-2048x1342.png 2048w, https:\/\/hand2noteguide.com\/wp-content\/uploads\/2025\/03\/h2n4-1-min-772x506.png 772w, https:\/\/hand2noteguide.com\/wp-content\/uploads\/2025\/03\/h2n4-1-min-624x409.png 624w\" sizes=\"auto, (max-width: 1024px) 100vw, 1024px\" \/><\/figure>\n\n\n\n<figure class=\"wp-block-image size-large\"><img loading=\"lazy\" decoding=\"async\" width=\"1024\" height=\"670\" data-id=\"9209\" src=\"https:\/\/hand2noteguide.com\/wp-content\/uploads\/2025\/03\/h2n4-2-min-1024x670.png\" alt=\"Hand2Note 4 Select Report\" class=\"wp-image-9209\" srcset=\"https:\/\/hand2noteguide.com\/wp-content\/uploads\/2025\/03\/h2n4-2-min-1024x670.png 1024w, https:\/\/hand2noteguide.com\/wp-content\/uploads\/2025\/03\/h2n4-2-min-300x196.png 300w, https:\/\/hand2noteguide.com\/wp-content\/uploads\/2025\/03\/h2n4-2-min-768x503.png 768w, https:\/\/hand2noteguide.com\/wp-content\/uploads\/2025\/03\/h2n4-2-min-1536x1005.png 1536w, https:\/\/hand2noteguide.com\/wp-content\/uploads\/2025\/03\/h2n4-2-min-2048x1340.png 2048w, https:\/\/hand2noteguide.com\/wp-content\/uploads\/2025\/03\/h2n4-2-min-772x505.png 772w, https:\/\/hand2noteguide.com\/wp-content\/uploads\/2025\/03\/h2n4-2-min-624x408.png 624w\" sizes=\"auto, (max-width: 1024px) 100vw, 1024px\" \/><\/figure>\n<\/figure>\n\n\n\n<h2 class=\"wp-block-heading\">2. Bequemes und effektives HUD<\/h2>\n\n\n\n<p>Mit einer kostenlosen Hand2Note-Version k\u00f6nnen Sie nur ein statisches HUD verwenden. Ein statisches HUD zeigt Ihnen denselben Satz von Statistiken f\u00fcr alle Gegner in jeder Phase einer Hand. Dies ist ein klassisches HUD, das Sie m\u00f6glicherweise bereits in anderen veralteten Trackern verwendet haben.<\/p>\n\n\n\n<figure class=\"wp-block-image size-large is-resized\"><img loading=\"lazy\" decoding=\"async\" src=\"https:\/\/hand2noteguide.com\/wp-content\/uploads\/2020\/05\/pro-cash-hud.png\" alt=\"\" class=\"wp-image-2348\" width=\"587\" height=\"482\" srcset=\"https:\/\/hand2noteguide.com\/wp-content\/uploads\/2020\/05\/pro-cash-hud.png 783w, https:\/\/hand2noteguide.com\/wp-content\/uploads\/2020\/05\/pro-cash-hud-300x246.png 300w, https:\/\/hand2noteguide.com\/wp-content\/uploads\/2020\/05\/pro-cash-hud-768x631.png 768w, https:\/\/hand2noteguide.com\/wp-content\/uploads\/2020\/05\/pro-cash-hud-772x634.png 772w, https:\/\/hand2noteguide.com\/wp-content\/uploads\/2020\/05\/pro-cash-hud-624x512.png 624w\" sizes=\"auto, (max-width: 587px) 100vw, 587px\" \/><\/figure>\n\n\n\n<p>Hand2Note erm\u00f6glicht es Ihnen, ein positionsabh\u00e4ngiges und dynamisches HUD zu verwenden. Solch ein HUD kann Ihnen unterschiedliche Statistiken f\u00fcr folgende Situationen anzeigen:<\/p>\n\n\n\n<ul class=\"wp-block-list\">\n<li>Regs und Fische;<\/li>\n\n\n\n<li>Spieler auf verschiedenen Positionen;<\/li>\n\n\n\n<li>Spieler mit unterschiedlichen Stackgr\u00f6\u00dfen;<\/li>\n\n\n\n<li>Spieler, die vor oder nach dem Hero im Preflop agieren;<\/li>\n\n\n\n<li>Spieler, die IP oder OOP zum Hero sind;<\/li>\n\n\n\n<li>usw.<\/li>\n<\/ul>\n\n\n\n<p>Sie k\u00f6nnen viele Statistiken in Ihrem HUD haben, aber nur die relevanten Statistiken f\u00fcr die aktuelle Situation und den Spieler werden angezeigt.<\/p>\n\n\n\n<p>In unserem Store finden Sie <a href=\"https:\/\/hand2noteguide.com\/de\/hud-store\/\">die besten HUD-Profile f\u00fcr Hand2Note<\/a>.<\/p>\n\n\n\n<h2 class=\"wp-block-heading\">3. Automatische God-mode Popups f\u00fcr jede Statistik<\/h2>\n\n\n\n<p>Hand2Note generiert automatisch ein erweitertes Popup f\u00fcr jede Statistik in Ihrem HUD. Dieses Popup enth\u00e4lt \u00e4u\u00dferst n\u00fctzliche Daten in verschiedenen Formaten. Sie k\u00f6nnen in Sekundenbruchteilen viele wichtige Informationen \u00fcber Ihre Gegner direkt im Spiel erhalten. Es erm\u00f6glicht Ihnen, schnell Schw\u00e4chen zu finden und Ihre Gegner am Tisch aggressiv auszunutzen.<\/p>\n\n\n\n<figure class=\"wp-block-gallery has-nested-images columns-default is-cropped wp-block-gallery-2 is-layout-flex wp-block-gallery-is-layout-flex\">\n<figure class=\"wp-block-image size-full\"><img loading=\"lazy\" decoding=\"async\" width=\"816\" height=\"1327\" data-id=\"9211\" src=\"https:\/\/hand2noteguide.com\/wp-content\/uploads\/2025\/03\/popup0-min.png\" alt=\"\" class=\"wp-image-9211\" srcset=\"https:\/\/hand2noteguide.com\/wp-content\/uploads\/2025\/03\/popup0-min.png 816w, https:\/\/hand2noteguide.com\/wp-content\/uploads\/2025\/03\/popup0-min-184x300.png 184w, https:\/\/hand2noteguide.com\/wp-content\/uploads\/2025\/03\/popup0-min-630x1024.png 630w, https:\/\/hand2noteguide.com\/wp-content\/uploads\/2025\/03\/popup0-min-768x1249.png 768w, https:\/\/hand2noteguide.com\/wp-content\/uploads\/2025\/03\/popup0-min-772x1255.png 772w, https:\/\/hand2noteguide.com\/wp-content\/uploads\/2025\/03\/popup0-min-384x624.png 384w\" sizes=\"auto, (max-width: 816px) 100vw, 816px\" \/><figcaption class=\"wp-element-caption\">Preflop<\/figcaption><\/figure>\n\n\n\n<figure class=\"wp-block-image size-full\"><img loading=\"lazy\" decoding=\"async\" width=\"934\" height=\"1635\" data-id=\"9215\" src=\"https:\/\/hand2noteguide.com\/wp-content\/uploads\/2025\/03\/postflop-min.png\" alt=\"\" class=\"wp-image-9215\" srcset=\"https:\/\/hand2noteguide.com\/wp-content\/uploads\/2025\/03\/postflop-min.png 934w, https:\/\/hand2noteguide.com\/wp-content\/uploads\/2025\/03\/postflop-min-171x300.png 171w, https:\/\/hand2noteguide.com\/wp-content\/uploads\/2025\/03\/postflop-min-585x1024.png 585w, https:\/\/hand2noteguide.com\/wp-content\/uploads\/2025\/03\/postflop-min-768x1344.png 768w, https:\/\/hand2noteguide.com\/wp-content\/uploads\/2025\/03\/postflop-min-877x1536.png 877w, https:\/\/hand2noteguide.com\/wp-content\/uploads\/2025\/03\/postflop-min-772x1351.png 772w, https:\/\/hand2noteguide.com\/wp-content\/uploads\/2025\/03\/postflop-min-356x624.png 356w\" sizes=\"auto, (max-width: 934px) 100vw, 934px\" \/><figcaption class=\"wp-element-caption\">Postflop<\/figcaption><\/figure>\n<\/figure>\n\n\n\n<h2 class=\"wp-block-heading\">4. Erkundung der Tendenzen der Gegner (MDA)<\/h2>\n\n\n\n<p>Sie k\u00f6nnen den gesamten Pool der Spieler, mit denen Sie spielen, gr\u00fcndlich erkunden. Sie werden herausfinden, wie verschiedene Spielertypen in unterschiedlichen Situationen agieren. Sie werden ihre Ranges und Frequenzen in allen m\u00f6glichen Spielszenarien kennen. Zum Beispiel:<\/p>\n\n\n\n<ul class=\"wp-block-list\">\n<li>Welche Range verwenden Fische, um preflop zu 4betten?<\/li>\n\n\n\n<li>Wie oft setzen Regs den zweiten Barrel im 3bet-Pot auf einer Flush-Completing-Karte?<\/li>\n\n\n\n<li>Mit welcher Range und wie oft overbetten Fische den River?<\/li>\n\n\n\n<li>usw.<\/li>\n<\/ul>\n\n\n\n<p>Dieses Wissen wird Ihr Verst\u00e4ndnis daf\u00fcr, wie Sie den maximalen Wert aus Ihren Gegnern ziehen k\u00f6nnen, erheblich verbessern.<\/p>\n\n\n\n<figure class=\"wp-block-image size-large\"><img loading=\"lazy\" decoding=\"async\" width=\"1024\" height=\"643\" src=\"https:\/\/hand2noteguide.com\/wp-content\/uploads\/2025\/03\/RANGE_RESEARCH-NEW-m-1024x643.png\" alt=\"Hand2Note 4 Range Research\" class=\"wp-image-9217\" srcset=\"https:\/\/hand2noteguide.com\/wp-content\/uploads\/2025\/03\/RANGE_RESEARCH-NEW-m-1024x643.png 1024w, https:\/\/hand2noteguide.com\/wp-content\/uploads\/2025\/03\/RANGE_RESEARCH-NEW-m-300x188.png 300w, https:\/\/hand2noteguide.com\/wp-content\/uploads\/2025\/03\/RANGE_RESEARCH-NEW-m-768x482.png 768w, https:\/\/hand2noteguide.com\/wp-content\/uploads\/2025\/03\/RANGE_RESEARCH-NEW-m-1536x965.png 1536w, https:\/\/hand2noteguide.com\/wp-content\/uploads\/2025\/03\/RANGE_RESEARCH-NEW-m-2048x1287.png 2048w, https:\/\/hand2noteguide.com\/wp-content\/uploads\/2025\/03\/RANGE_RESEARCH-NEW-m-772x485.png 772w, https:\/\/hand2noteguide.com\/wp-content\/uploads\/2025\/03\/RANGE_RESEARCH-NEW-m-624x392.png 624w\" sizes=\"auto, (max-width: 1024px) 100vw, 1024px\" \/><\/figure>\n\n\n\n<h2 class=\"wp-block-heading\">5. Analyse der Rentabilit\u00e4t all Ihrer Linien<\/h2>\n\n\n\n<p>Die Untersuchung der Rentabilit\u00e4t all Ihrer Entscheidungen wird mit Hand2Note sehr einfach und effektiv. Sie k\u00f6nnen all Ihre Aktionen in jeder m\u00f6glichen Spielsituation \u00fcberpr\u00fcfen. Sie k\u00f6nnen Antworten auf folgende Fragen finden:<\/p>\n\n\n\n<ul class=\"wp-block-list\">\n<li>Was ist besser, callen oder 3betten mit suited Aces gegen CO Open Raise?<\/li>\n\n\n\n<li>Lohnt es sich, mittlere Connectors von UTG zu \u00f6ffnen oder nicht?<\/li>\n\n\n\n<li>Wie baue ich meine Bet- und Check-Range im Postflop auf?<\/li>\n\n\n\n<li>usw.<\/li>\n<\/ul>\n\n\n\n<figure class=\"wp-block-image size-large\"><img loading=\"lazy\" decoding=\"async\" width=\"1024\" height=\"306\" src=\"https:\/\/hand2noteguide.com\/wp-content\/uploads\/2025\/03\/image-1-1024x306.png\" alt=\"\" class=\"wp-image-9227\" srcset=\"https:\/\/hand2noteguide.com\/wp-content\/uploads\/2025\/03\/image-1-1024x306.png 1024w, https:\/\/hand2noteguide.com\/wp-content\/uploads\/2025\/03\/image-1-300x90.png 300w, https:\/\/hand2noteguide.com\/wp-content\/uploads\/2025\/03\/image-1-768x230.png 768w, https:\/\/hand2noteguide.com\/wp-content\/uploads\/2025\/03\/image-1-1536x460.png 1536w, https:\/\/hand2noteguide.com\/wp-content\/uploads\/2025\/03\/image-1-2048x613.png 2048w, https:\/\/hand2noteguide.com\/wp-content\/uploads\/2025\/03\/image-1-772x231.png 772w, https:\/\/hand2noteguide.com\/wp-content\/uploads\/2025\/03\/image-1-624x187.png 624w\" sizes=\"auto, (max-width: 1024px) 100vw, 1024px\" \/><\/figure>\n\n\n\n<div class=\"green-block\">\n<p style=\"margin-bottom:0\">Lernen Sie, wie Sie alle Funktionen Schritt f\u00fcr Schritt mit unserem <a href=\"\/de\/video-course\/\">\ud83d\udc68\u200d\ud83c\udfeb <b>Hand2Note Videokurs<\/b><\/a> nutzen.<\/p>\n<\/div>\n\n\n\n<h2 class=\"wp-block-heading\">6. Breite Abdeckung unterst\u00fctzter Pokerseiten<\/h2>\n\n\n\n<p>Hand2Note unterst\u00fctzt fast alle Pokerr\u00e4ume. Au\u00dferdem ben\u00f6tigen Sie keine zus\u00e4tzliche Software wie Handkonverter mehr. Hand2Note enth\u00e4lt integrierte Module zur Verarbeitung von H\u00e4nden in allen m\u00f6glichen Formaten. Au\u00dferdem aktualisieren die Entwickler diese Module immer schnell bei \u00c4nderungen seitens der R\u00e4ume.<\/p>\n\n\n\n<figure class=\"wp-block-image size-large\"><img loading=\"lazy\" decoding=\"async\" width=\"1024\" height=\"767\" src=\"http:\/\/hand2noteguide.com\/wp-content\/uploads\/2025\/04\/coinpoker-hud-min-1024x767.png\" alt=\"\" class=\"wp-image-10568\" srcset=\"https:\/\/hand2noteguide.com\/wp-content\/uploads\/2025\/04\/coinpoker-hud-min-1024x767.png 1024w, https:\/\/hand2noteguide.com\/wp-content\/uploads\/2025\/04\/coinpoker-hud-min-300x225.png 300w, https:\/\/hand2noteguide.com\/wp-content\/uploads\/2025\/04\/coinpoker-hud-min-768x575.png 768w, https:\/\/hand2noteguide.com\/wp-content\/uploads\/2025\/04\/coinpoker-hud-min-1536x1150.png 1536w, https:\/\/hand2noteguide.com\/wp-content\/uploads\/2025\/04\/coinpoker-hud-min-2048x1533.png 2048w, https:\/\/hand2noteguide.com\/wp-content\/uploads\/2025\/04\/coinpoker-hud-min-772x578.png 772w, https:\/\/hand2noteguide.com\/wp-content\/uploads\/2025\/04\/coinpoker-hud-min-624x467.png 624w\" sizes=\"auto, (max-width: 1024px) 100vw, 1024px\" \/><\/figure>\n\n\n\n<p>Wo auch immer Sie spielen &#8211; <a href=\"https:\/\/hand2noteguide.com\/de\/pokerstars-hud\/\">PokerStars<\/a>, <a href=\"https:\/\/hand2noteguide.com\/de\/pokerbros-hud\/\">PokerBros<\/a>, <a href=\"https:\/\/hand2noteguide.com\/de\/coinpoker-hud\/\">CoinPoker<\/a> oder auf einer anderen weniger bekannten Seite &#8211; Hand2Note ist f\u00fcr Sie geeignet.<\/p>\n\n\n\n<h2 class=\"wp-block-heading\">7. Premium-Support<\/h2>\n\n\n\n<p><a href=\"https:\/\/hand2noteguide.com\/de\/hand2note-official-support\/\">24\/7 Support<\/a> ist im Abonnementpreis enthalten. Jegliche technischen Probleme oder allgemeinen Fragen zur Software werden von Support-Mitarbeitern, die die App-Funktionalit\u00e4t gr\u00fcndlich kennen und Erfahrung im professionellen Poker haben, umgehend gel\u00f6st.<\/p>\n\n\n\n<p>Durch den Kauf eines Hand2Note-Abonnements werden Sie Mitglied eines Eliteclubs der st\u00e4rksten Spieler!<\/p>\n\n\n\n<p style=\"margin-top:24px\"><a style=\"font-weight:bold !important\" class=\"article-action-link\" href=\"https:\/\/hand2noteguide.com\/de\/hand2note-4-getting-started\/\">Beginnen Sie mit der Nutzung von Hand2Note &rarr;<\/a><\/p>\n","protected":false},"excerpt":{"rendered":"<p>Wir haben bereits festgestellt, warum es sich lohnt, Hand2Note Software zu verwenden. Und wie Sie vielleicht schon wissen, k\u00f6nnen Sie Hand2Note kostenlos nutzen und sogar ein kostenloses HUD erhalten. Warum also etwas kaufen? In diesem Artikel zeigen wir Ihnen die herausragenden M\u00f6glichkeiten, die Sie mit einem kostenpflichtigen Hand2Note PRO-Abonnement erhalten k\u00f6nnen. 1. Smart Reports (Neu &hellip; <a href=\"https:\/\/hand2noteguide.com\/de\/why-purchase-hand2note\/\" class=\"more-link\">Continue reading <span class=\"screen-reader-text\">Warum Hand2Note kaufen?<\/span><\/a><\/p>\n","protected":false},"author":1,"featured_media":10164,"parent":0,"menu_order":0,"comment_status":"closed","ping_status":"closed","template":"page-templates\/full-width-page.php","meta":{"footnotes":""},"class_list":["post-2285","page","type-page","status-publish","has-post-thumbnail","hentry"],"translation":{"provider":"WPGlobus","version":"3.0.2","language":"de","enabled_languages":["en","ru","pt","zh","es","fr","de","it","ja"],"languages":{"en":{"title":true,"content":true,"excerpt":false},"ru":{"title":true,"content":true,"excerpt":false},"pt":{"title":true,"content":true,"excerpt":false},"zh":{"title":true,"content":true,"excerpt":false},"es":{"title":true,"content":true,"excerpt":false},"fr":{"title":true,"content":true,"excerpt":false},"de":{"title":true,"content":true,"excerpt":false},"it":{"title":true,"content":true,"excerpt":false},"ja":{"title":true,"content":true,"excerpt":false}}},"yoast_head":"<!-- This site is optimized with the Yoast SEO plugin v27.0 - https:\/\/yoast.com\/product\/yoast-seo-wordpress\/ -->\n<title>Warum Hand2Note kaufen? 7 unwiderlegbare Gr\u00fcnde<\/title>\n<meta name=\"description\" content=\"Zweifeln Sie noch, ob Sie Hand2Note ben\u00f6tigen? Hier ist ein \u00dcberblick \u00fcber 7 unwiderlegbare Gr\u00fcnde, Hand2Note PRO zu verwenden, um Ihre Pokerkarriere auf das n\u00e4chste Level zu heben.\" \/>\n<meta name=\"robots\" content=\"index, follow, max-snippet:-1, max-image-preview:large, max-video-preview:-1\" \/>\n<link rel=\"canonical\" href=\"https:\/\/hand2noteguide.com\/ru\/why-purchase-hand2note\/\" \/>\n<meta property=\"og:locale\" content=\"de_DE\" \/>\n<meta property=\"og:type\" content=\"article\" \/>\n<meta property=\"og:title\" content=\"Warum Hand2Note kaufen? 7 unwiderlegbare Gr\u00fcnde\" \/>\n<meta property=\"og:description\" content=\"Zweifeln Sie noch, ob Sie Hand2Note ben\u00f6tigen? Hier ist ein \u00dcberblick \u00fcber 7 unwiderlegbare Gr\u00fcnde, Hand2Note PRO zu verwenden, um Ihre Pokerkarriere auf das n\u00e4chste Level zu heben.\" \/>\n<meta property=\"og:url\" content=\"https:\/\/hand2noteguide.com\/ru\/why-purchase-hand2note\/\" \/>\n<meta property=\"og:site_name\" content=\"Hand2Note Guide\" \/>\n<meta property=\"article:modified_time\" content=\"2025-06-04T14:34:25+00:00\" \/>\n<meta property=\"og:image\" content=\"https:\/\/hand2noteguide.com\/wp-content\/uploads\/2025\/04\/h2n4-1-min-2048x1342-1.png\" \/>\n\t<meta property=\"og:image:width\" content=\"700\" \/>\n\t<meta property=\"og:image:height\" content=\"458\" \/>\n\t<meta property=\"og:image:type\" content=\"image\/png\" \/>\n<meta name=\"twitter:card\" content=\"summary_large_image\" \/>\n<meta name=\"twitter:label1\" content=\"Est. reading time\" \/>\n\t<meta name=\"twitter:data1\" content=\"21 minutes\" \/>\n<!-- \/ Yoast SEO plugin. -->","yoast_head_json":{"title":"Warum Hand2Note kaufen? 7 unwiderlegbare Gr\u00fcnde","description":"Zweifeln Sie noch, ob Sie Hand2Note ben\u00f6tigen? Hier ist ein \u00dcberblick \u00fcber 7 unwiderlegbare Gr\u00fcnde, Hand2Note PRO zu verwenden, um Ihre Pokerkarriere auf das n\u00e4chste Level zu heben.","robots":{"index":"index","follow":"follow","max-snippet":"max-snippet:-1","max-image-preview":"max-image-preview:large","max-video-preview":"max-video-preview:-1"},"canonical":"https:\/\/hand2noteguide.com\/ru\/why-purchase-hand2note\/","og_locale":"de_DE","og_type":"article","og_title":"Warum Hand2Note kaufen? 7 unwiderlegbare Gr\u00fcnde","og_description":"Zweifeln Sie noch, ob Sie Hand2Note ben\u00f6tigen? Hier ist ein \u00dcberblick \u00fcber 7 unwiderlegbare Gr\u00fcnde, Hand2Note PRO zu verwenden, um Ihre Pokerkarriere auf das n\u00e4chste Level zu heben.","og_url":"https:\/\/hand2noteguide.com\/ru\/why-purchase-hand2note\/","og_site_name":"Hand2Note Guide","article_modified_time":"2025-06-04T14:34:25+00:00","og_image":[{"width":700,"height":458,"url":"https:\/\/hand2noteguide.com\/wp-content\/uploads\/2025\/04\/h2n4-1-min-2048x1342-1.png","type":"image\/png"}],"twitter_card":"summary_large_image","twitter_misc":{"Est. reading time":"21 minutes"},"schema":{"@context":"https:\/\/schema.org","@graph":[]}},"jetpack_sharing_enabled":true,"_links":{"self":[{"href":"https:\/\/hand2noteguide.com\/de\/wp-json\/wp\/v2\/pages\/2285","targetHints":{"allow":["GET"]}}],"collection":[{"href":"https:\/\/hand2noteguide.com\/de\/wp-json\/wp\/v2\/pages"}],"about":[{"href":"https:\/\/hand2noteguide.com\/de\/wp-json\/wp\/v2\/types\/page"}],"author":[{"embeddable":true,"href":"https:\/\/hand2noteguide.com\/de\/wp-json\/wp\/v2\/users\/1"}],"replies":[{"embeddable":true,"href":"https:\/\/hand2noteguide.com\/de\/wp-json\/wp\/v2\/comments?post=2285"}],"version-history":[{"count":136,"href":"https:\/\/hand2noteguide.com\/de\/wp-json\/wp\/v2\/pages\/2285\/revisions"}],"predecessor-version":[{"id":13503,"href":"https:\/\/hand2noteguide.com\/de\/wp-json\/wp\/v2\/pages\/2285\/revisions\/13503"}],"wp:featuredmedia":[{"embeddable":true,"href":"https:\/\/hand2noteguide.com\/de\/wp-json\/wp\/v2\/media\/10164"}],"wp:attachment":[{"href":"https:\/\/hand2noteguide.com\/de\/wp-json\/wp\/v2\/media?parent=2285"}],"curies":[{"name":"wp","href":"https:\/\/api.w.org\/{rel}","templated":true}]}}