{"id":236,"date":"2018-08-02T13:05:22","date_gmt":"2018-08-02T10:05:22","guid":{"rendered":"https:\/\/h2n312.wordpress.com\/?page_id=236"},"modified":"2025-06-04T19:06:58","modified_gmt":"2025-06-04T16:06:58","slug":"issues-resolving","status":"publish","type":"page","link":"https:\/\/hand2noteguide.com\/de\/issues-resolving\/","title":{"rendered":"Fehlerbehebung"},"content":{"rendered":"\n<p>In diesem Abschnitt finden Sie Anleitungen zur L\u00f6sung der h\u00e4ufigsten Probleme, die bei der Verwendung von Hand2Note auftreten k\u00f6nnen.<\/p>\n\n\n\n<p>In den meisten F\u00e4llen funktioniert Hand2Note reibungslos, aber manchmal treten bei jeder Pokersoftware Probleme auf. Im Fall von Hand2Note k\u00f6nnten es HUD- oder Datenbankprobleme sein oder kritische Fehler, die bei der Verwendung des Programms auftreten. In der folgenden Liste haben wir L\u00f6sungen f\u00fcr die meisten dieser Probleme.<\/p>\n\n\n\n<h2 class=\"wp-block-heading\">L\u00f6sungen f\u00fcr typische Hand2Note-Probleme<\/h2>\n\n\n\n<ul class=\"page-list subpages-page-list \">\n<li><a href=\"https:\/\/hand2noteguide.com\/de\/issues-resolving\/hud-not-showing\/\"><strong>HUD funktioniert nicht<\/strong><\/a><\/li>\n<li><a href=\"https:\/\/hand2noteguide.com\/de\/issues-resolving\/dashes-instead-of-stats\/\">Striche statt Statistiken oder 0 H\u00e4nde bei Spielern im HUD<\/a><\/li>\n<li><a href=\"https:\/\/hand2noteguide.com\/de\/issues-resolving\/asia-loss-of-hands\/\">Verlust von H\u00e4nden in asiatischen R\u00e4umen<\/a><\/li>\n<li class=\"page_item page-item-137\"><a href=\"https:\/\/hand2noteguide.com\/de\/issues-resolving\/connecting-to-server\/\">Hand2Note h\u00e4ngt bei \u201eVerbindung zum Server\u201c<\/a><\/li>\n<li><a href=\"https:\/\/hand2noteguide.com\/de\/issues-resolving\/failed-to-open-database-connection\/\">Datenbankverbindung konnte nicht ge\u00f6ffnet werden<\/a><\/li>\n<li><a href=\"https:\/\/hand2noteguide.com\/de\/issues-resolving\/h2n-takes-much-space\/\">Hand2Note nimmt zu viel Speicherplatz ein<\/a><\/li>\n<li><a href=\"https:\/\/hand2noteguide.com\/de\/issues-resolving\/hand2note-lags\/\">Hand2Note friert ein oder arbeitet langsam<\/a><\/li>\n<li><a href=\"https:\/\/hand2noteguide.com\/de\/issues-resolving\/crash-when-entering-reports\/\">Hand2Note st\u00fcrzt ab beim Aufrufen von Sessions\/Reports<\/a><\/li>\n<li><a href=\"https:\/\/hand2noteguide.com\/de\/issues-resolving\/reinstall\/\">Neuinstallation von Hand2Note<\/a><\/li>\n\n<\/ul>\n\n\n\n<p>Wenn Ihr Fall nicht aufgef\u00fchrt ist oder das Problem nach Durchf\u00fchrung der empfohlenen Ma\u00dfnahmen weiterhin besteht, kontaktieren Sie den <a href=\"https:\/\/hand2noteguide.com\/de\/hand2note-official-support\/\">Hand2Note-Support<\/a>. Das Team wird Ihnen schnell bei der L\u00f6sung Ihrer Probleme helfen.<\/p>\n","protected":false},"excerpt":{"rendered":"<p>Solving the most common problems when using Hand2Note<\/p>\n","protected":false},"author":1,"featured_media":0,"parent":0,"menu_order":6,"comment_status":"closed","ping_status":"closed","template":"page-templates\/full-width-page.php","meta":{"footnotes":""},"class_list":["post-236","page","type-page","status-publish","hentry"],"translation":{"provider":"WPGlobus","version":"3.0.2","language":"de","enabled_languages":["en","ru","pt","zh","es","fr","de","it","ja"],"languages":{"en":{"title":true,"content":true,"excerpt":true},"ru":{"title":true,"content":true,"excerpt":true},"pt":{"title":true,"content":true,"excerpt":false},"zh":{"title":true,"content":true,"excerpt":true},"es":{"title":true,"content":true,"excerpt":false},"fr":{"title":true,"content":true,"excerpt":false},"de":{"title":true,"content":true,"excerpt":false},"it":{"title":true,"content":true,"excerpt":false},"ja":{"title":true,"content":true,"excerpt":false}}},"yoast_head":"<!-- This site is optimized with the Yoast SEO plugin v27.0 - https:\/\/yoast.com\/product\/yoast-seo-wordpress\/ -->\n<title>Fehlerbehebung. Kein HUD, Datenbankfehler - Hand2Note Anleitung<\/title>\n<meta name=\"description\" content=\"Finden Sie L\u00f6sungen f\u00fcr h\u00e4ufige Hand2Note-Probleme wie HUD-Fehler und Datenbankprobleme. Erhalten Sie schnelle L\u00f6sungen und Unterst\u00fctzung, um reibungslose Pokersitzungen zu gew\u00e4hrleisten.\" \/>\n<meta name=\"robots\" content=\"index, follow, max-snippet:-1, max-image-preview:large, max-video-preview:-1\" \/>\n<link rel=\"canonical\" href=\"https:\/\/hand2noteguide.com\/issues-resolving\/\" \/>\n<meta property=\"og:locale\" content=\"de_DE\" \/>\n<meta property=\"og:type\" content=\"article\" \/>\n<meta property=\"og:title\" content=\"Fehlerbehebung. Kein HUD, Datenbankfehler - Hand2Note Anleitung\" \/>\n<meta property=\"og:description\" content=\"Finden Sie L\u00f6sungen f\u00fcr h\u00e4ufige Hand2Note-Probleme wie HUD-Fehler und Datenbankprobleme. Erhalten Sie schnelle L\u00f6sungen und Unterst\u00fctzung, um reibungslose Pokersitzungen zu gew\u00e4hrleisten.\" \/>\n<meta property=\"og:url\" content=\"https:\/\/hand2noteguide.com\/issues-resolving\/\" \/>\n<meta property=\"og:site_name\" content=\"Hand2Note Guide\" \/>\n<meta property=\"article:modified_time\" content=\"2025-06-04T16:06:58+00:00\" \/>\n<meta name=\"twitter:card\" content=\"summary_large_image\" \/>\n<meta name=\"twitter:label1\" content=\"Est. reading time\" \/>\n\t<meta name=\"twitter:data1\" content=\"6 minutes\" \/>\n<!-- \/ Yoast SEO plugin. -->","yoast_head_json":{"title":"Fehlerbehebung. Kein HUD, Datenbankfehler - Hand2Note Anleitung","description":"Finden Sie L\u00f6sungen f\u00fcr h\u00e4ufige Hand2Note-Probleme wie HUD-Fehler und Datenbankprobleme. Erhalten Sie schnelle L\u00f6sungen und Unterst\u00fctzung, um reibungslose Pokersitzungen zu gew\u00e4hrleisten.","robots":{"index":"index","follow":"follow","max-snippet":"max-snippet:-1","max-image-preview":"max-image-preview:large","max-video-preview":"max-video-preview:-1"},"canonical":"https:\/\/hand2noteguide.com\/issues-resolving\/","og_locale":"de_DE","og_type":"article","og_title":"Fehlerbehebung. Kein HUD, Datenbankfehler - Hand2Note Anleitung","og_description":"Finden Sie L\u00f6sungen f\u00fcr h\u00e4ufige Hand2Note-Probleme wie HUD-Fehler und Datenbankprobleme. Erhalten Sie schnelle L\u00f6sungen und Unterst\u00fctzung, um reibungslose Pokersitzungen zu gew\u00e4hrleisten.","og_url":"https:\/\/hand2noteguide.com\/issues-resolving\/","og_site_name":"Hand2Note Guide","article_modified_time":"2025-06-04T16:06:58+00:00","twitter_card":"summary_large_image","twitter_misc":{"Est. reading time":"6 minutes"},"schema":{"@context":"https:\/\/schema.org","@graph":[]}},"jetpack_sharing_enabled":false,"_links":{"self":[{"href":"https:\/\/hand2noteguide.com\/de\/wp-json\/wp\/v2\/pages\/236","targetHints":{"allow":["GET"]}}],"collection":[{"href":"https:\/\/hand2noteguide.com\/de\/wp-json\/wp\/v2\/pages"}],"about":[{"href":"https:\/\/hand2noteguide.com\/de\/wp-json\/wp\/v2\/types\/page"}],"author":[{"embeddable":true,"href":"https:\/\/hand2noteguide.com\/de\/wp-json\/wp\/v2\/users\/1"}],"replies":[{"embeddable":true,"href":"https:\/\/hand2noteguide.com\/de\/wp-json\/wp\/v2\/comments?post=236"}],"version-history":[{"count":36,"href":"https:\/\/hand2noteguide.com\/de\/wp-json\/wp\/v2\/pages\/236\/revisions"}],"predecessor-version":[{"id":13544,"href":"https:\/\/hand2noteguide.com\/de\/wp-json\/wp\/v2\/pages\/236\/revisions\/13544"}],"wp:attachment":[{"href":"https:\/\/hand2noteguide.com\/de\/wp-json\/wp\/v2\/media?parent=236"}],"curies":[{"name":"wp","href":"https:\/\/api.w.org\/{rel}","templated":true}]}}