{"id":243,"date":"2018-08-02T13:24:59","date_gmt":"2018-08-02T10:24:59","guid":{"rendered":"https:\/\/h2n312.wordpress.com\/?page_id=243"},"modified":"2025-06-04T19:06:04","modified_gmt":"2025-06-04T16:06:04","slug":"serial-key","status":"publish","type":"page","link":"https:\/\/hand2noteguide.com\/de\/guide\/serial-key\/","title":{"rendered":"Lizenzschl\u00fcssel"},"content":{"rendered":"\n<p>Der Hand2Note-Lizenzschl\u00fcssel wird lebenslang ausgestellt, wenn Sie ein beliebiges <a href=\"https:\/\/hand2noteguide.com\/de\/guide\/choose-subscription\/\">Abonnement<\/a> erwerben. Alle Ihre Abonnements und Lizenzen f\u00fcr <a href=\"http:\/\/www.hand2note.com\/Shop\" target=\"_blank\" rel=\"noreferrer noopener\">kommerziellen Pakete<\/a> werden diesem Schl\u00fcssel zugeordnet.<\/p>\n\n\n\n<p>Sie k\u00f6nnen Ihren Schl\u00fcssel jederzeit in <a href=\"http:\/\/www.hand2note.com\/Profile\" target=\"_blank\" rel=\"noreferrer noopener\">Ihrem Profil<\/a> auf der offiziellen Website finden.<\/p>\n\n\n\n<p>Der Schl\u00fcssel muss in der Software unter <em>Konfiguration \u2192 Andere Optionen \u2192 Lizenz<\/em> eingegeben werden:<\/p>\n\n\n\n<figure class=\"wp-block-image\"><img loading=\"lazy\" decoding=\"async\" width=\"1024\" height=\"926\" src=\"https:\/\/hand2noteguide.com\/wp-content\/uploads\/2019\/05\/hand2note-enter-license-key-1024x926.png\" alt=\"hand2note enter license key\" class=\"wp-image-951\" srcset=\"https:\/\/hand2noteguide.com\/wp-content\/uploads\/2019\/05\/hand2note-enter-license-key-1024x926.png 1024w, https:\/\/hand2noteguide.com\/wp-content\/uploads\/2019\/05\/hand2note-enter-license-key-300x271.png 300w, https:\/\/hand2noteguide.com\/wp-content\/uploads\/2019\/05\/hand2note-enter-license-key-768x694.png 768w, https:\/\/hand2noteguide.com\/wp-content\/uploads\/2019\/05\/hand2note-enter-license-key-772x698.png 772w, https:\/\/hand2noteguide.com\/wp-content\/uploads\/2019\/05\/hand2note-enter-license-key-624x564.png 624w, https:\/\/hand2noteguide.com\/wp-content\/uploads\/2019\/05\/hand2note-enter-license-key.png 1052w\" sizes=\"auto, (max-width: 1024px) 100vw, 1024px\" \/><figcaption class=\"wp-element-caption\">Serienschl\u00fcssel in Hand2Note eingeben<\/figcaption><\/figure>\n\n\n\n<p>Sie k\u00f6nnen Ihren Schl\u00fcssel auf beliebig vielen Computern verwenden, jedoch nicht gleichzeitig. Wenn Sie Hand2Note mit demselben Schl\u00fcssel auf zwei PCs gleichzeitig ausf\u00fchren, wird das Programm auf allen Ger\u00e4ten heruntergefahren.<\/p>\n","protected":false},"excerpt":{"rendered":"<p>Der Hand2Note-Lizenzschl\u00fcssel wird lebenslang ausgestellt, wenn Sie ein beliebiges Abonnement erwerben. Alle Ihre Abonnements und Lizenzen f\u00fcr kommerziellen Pakete werden diesem Schl\u00fcssel zugeordnet. Sie k\u00f6nnen Ihren Schl\u00fcssel jederzeit in Ihrem Profil auf der offiziellen Website finden. Der Schl\u00fcssel muss in der Software unter Konfiguration \u2192 Andere Optionen \u2192 Lizenz eingegeben werden: Sie k\u00f6nnen Ihren Schl\u00fcssel &hellip; <a href=\"https:\/\/hand2noteguide.com\/de\/guide\/serial-key\/\" class=\"more-link\">Continue reading <span class=\"screen-reader-text\">Lizenzschl\u00fcssel<\/span><\/a><\/p>\n","protected":false},"author":1,"featured_media":0,"parent":74,"menu_order":0,"comment_status":"closed","ping_status":"closed","template":"page-templates\/full-width-page.php","meta":{"footnotes":""},"class_list":["post-243","page","type-page","status-publish","hentry"],"translation":{"provider":"WPGlobus","version":"3.0.2","language":"de","enabled_languages":["en","ru","pt","zh","es","fr","de","it","ja"],"languages":{"en":{"title":true,"content":true,"excerpt":false},"ru":{"title":true,"content":true,"excerpt":false},"pt":{"title":true,"content":true,"excerpt":false},"zh":{"title":true,"content":true,"excerpt":false},"es":{"title":true,"content":true,"excerpt":false},"fr":{"title":true,"content":true,"excerpt":false},"de":{"title":true,"content":true,"excerpt":false},"it":{"title":true,"content":true,"excerpt":false},"ja":{"title":true,"content":true,"excerpt":false}}},"yoast_head":"<!-- This site is optimized with the Yoast SEO plugin v27.0 - https:\/\/yoast.com\/product\/yoast-seo-wordpress\/ -->\n<title>Wo man den Lizenzschl\u00fcssel in Hand2Note 3 eingibt<\/title>\n<meta name=\"description\" content=\"Erfahren Sie, wie Sie Ihren Hand2Note-Lizenzschl\u00fcssel finden und eingeben. Sorgen Sie f\u00fcr einen reibungslosen Betrieb, indem Sie unserer Anleitung folgen, um Ihren Schl\u00fcssel auf mehreren Ger\u00e4ten zu verwalten.\" \/>\n<meta name=\"robots\" content=\"index, follow, max-snippet:-1, max-image-preview:large, max-video-preview:-1\" \/>\n<link rel=\"canonical\" href=\"https:\/\/hand2noteguide.com\/ru\/guide\/serial-key\/\" \/>\n<meta property=\"og:locale\" content=\"de_DE\" \/>\n<meta property=\"og:type\" content=\"article\" \/>\n<meta property=\"og:title\" content=\"Wo man den Lizenzschl\u00fcssel in Hand2Note 3 eingibt\" \/>\n<meta property=\"og:description\" content=\"Erfahren Sie, wie Sie Ihren Hand2Note-Lizenzschl\u00fcssel finden und eingeben. Sorgen Sie f\u00fcr einen reibungslosen Betrieb, indem Sie unserer Anleitung folgen, um Ihren Schl\u00fcssel auf mehreren Ger\u00e4ten zu verwalten.\" \/>\n<meta property=\"og:url\" content=\"https:\/\/hand2noteguide.com\/ru\/guide\/serial-key\/\" \/>\n<meta property=\"og:site_name\" content=\"Hand2Note Guide\" \/>\n<meta property=\"article:modified_time\" content=\"2025-06-04T16:06:04+00:00\" \/>\n<meta property=\"og:image\" content=\"https:\/\/hand2noteguide.com\/wp-content\/uploads\/2018\/08\/hand2note-d0bbd0b8d186d0b5d0bdd0b7d0b8d0bed0bdd0bdd18bd0b9-d0bad0bbd18ed187.png\" \/>\n<meta name=\"twitter:card\" content=\"summary_large_image\" \/>\n<meta name=\"twitter:label1\" content=\"Est. reading time\" \/>\n\t<meta name=\"twitter:data1\" content=\"3 minutes\" \/>\n<!-- \/ Yoast SEO plugin. -->","yoast_head_json":{"title":"Wo man den Lizenzschl\u00fcssel in Hand2Note 3 eingibt","description":"Erfahren Sie, wie Sie Ihren Hand2Note-Lizenzschl\u00fcssel finden und eingeben. Sorgen Sie f\u00fcr einen reibungslosen Betrieb, indem Sie unserer Anleitung folgen, um Ihren Schl\u00fcssel auf mehreren Ger\u00e4ten zu verwalten.","robots":{"index":"index","follow":"follow","max-snippet":"max-snippet:-1","max-image-preview":"max-image-preview:large","max-video-preview":"max-video-preview:-1"},"canonical":"https:\/\/hand2noteguide.com\/ru\/guide\/serial-key\/","og_locale":"de_DE","og_type":"article","og_title":"Wo man den Lizenzschl\u00fcssel in Hand2Note 3 eingibt","og_description":"Erfahren Sie, wie Sie Ihren Hand2Note-Lizenzschl\u00fcssel finden und eingeben. Sorgen Sie f\u00fcr einen reibungslosen Betrieb, indem Sie unserer Anleitung folgen, um Ihren Schl\u00fcssel auf mehreren Ger\u00e4ten zu verwalten.","og_url":"https:\/\/hand2noteguide.com\/ru\/guide\/serial-key\/","og_site_name":"Hand2Note Guide","article_modified_time":"2025-06-04T16:06:04+00:00","og_image":[{"url":"https:\/\/hand2noteguide.com\/wp-content\/uploads\/2018\/08\/hand2note-d0bbd0b8d186d0b5d0bdd0b7d0b8d0bed0bdd0bdd18bd0b9-d0bad0bbd18ed187.png","type":"","width":"","height":""}],"twitter_card":"summary_large_image","twitter_misc":{"Est. reading time":"3 minutes"},"schema":{"@context":"https:\/\/schema.org","@graph":[]}},"jetpack_sharing_enabled":false,"_links":{"self":[{"href":"https:\/\/hand2noteguide.com\/de\/wp-json\/wp\/v2\/pages\/243","targetHints":{"allow":["GET"]}}],"collection":[{"href":"https:\/\/hand2noteguide.com\/de\/wp-json\/wp\/v2\/pages"}],"about":[{"href":"https:\/\/hand2noteguide.com\/de\/wp-json\/wp\/v2\/types\/page"}],"author":[{"embeddable":true,"href":"https:\/\/hand2noteguide.com\/de\/wp-json\/wp\/v2\/users\/1"}],"replies":[{"embeddable":true,"href":"https:\/\/hand2noteguide.com\/de\/wp-json\/wp\/v2\/comments?post=243"}],"version-history":[{"count":20,"href":"https:\/\/hand2noteguide.com\/de\/wp-json\/wp\/v2\/pages\/243\/revisions"}],"predecessor-version":[{"id":13543,"href":"https:\/\/hand2noteguide.com\/de\/wp-json\/wp\/v2\/pages\/243\/revisions\/13543"}],"up":[{"embeddable":true,"href":"https:\/\/hand2noteguide.com\/de\/wp-json\/wp\/v2\/pages\/74"}],"wp:attachment":[{"href":"https:\/\/hand2noteguide.com\/de\/wp-json\/wp\/v2\/media?parent=243"}],"curies":[{"name":"wp","href":"https:\/\/api.w.org\/{rel}","templated":true}]}}