{"id":254,"date":"2018-08-02T17:03:27","date_gmt":"2018-08-02T14:03:27","guid":{"rendered":"https:\/\/h2n312.wordpress.com\/?page_id=254"},"modified":"2025-06-04T19:05:11","modified_gmt":"2025-06-04T16:05:11","slug":"where-are-notes-stored","status":"publish","type":"page","link":"https:\/\/hand2noteguide.com\/de\/guide\/where-are-notes-stored\/","title":{"rendered":"Wo werden die Notizen gespeichert?"},"content":{"rendered":"<p><a href=\"https:\/\/hand2noteguide.com\/de\/guide\/notes-on-players\/\">Notizen<\/a> und Farbmarkierungen werden im Ordner <em>Notes<\/em> im Hand2Note-Installationsverzeichnis gespeichert (<em>C:\/Program Files\/Hand2Note\/<\/em> standardm\u00e4\u00dfig).<\/p>\n<p><img loading=\"lazy\" decoding=\"async\" class=\"alignnone size-full wp-image-949\" src=\"https:\/\/hand2noteguide.com\/wp-content\/uploads\/2019\/05\/hand2note-notes-folder.png\" alt=\"hand2note notes folder\" width=\"1012\" height=\"734\" srcset=\"https:\/\/hand2noteguide.com\/wp-content\/uploads\/2019\/05\/hand2note-notes-folder.png 1012w, https:\/\/hand2noteguide.com\/wp-content\/uploads\/2019\/05\/hand2note-notes-folder-300x218.png 300w, https:\/\/hand2noteguide.com\/wp-content\/uploads\/2019\/05\/hand2note-notes-folder-768x557.png 768w, https:\/\/hand2noteguide.com\/wp-content\/uploads\/2019\/05\/hand2note-notes-folder-772x560.png 772w, https:\/\/hand2noteguide.com\/wp-content\/uploads\/2019\/05\/hand2note-notes-folder-624x453.png 624w\" sizes=\"auto, (max-width: 1012px) 100vw, 1012px\" \/><\/p>\n<p>Um Notizen zu verschieben, reicht es aus, diesen Ordner zu kopieren und im gleichen Verzeichnis auf einem anderen Computer abzulegen.<\/p>\n","protected":false},"excerpt":{"rendered":"<p>Notizen und Farbmarkierungen werden im Ordner Notes im Hand2Note-Installationsverzeichnis gespeichert (C:\/Program Files\/Hand2Note\/ standardm\u00e4\u00dfig). Um Notizen zu verschieben, reicht es aus, diesen Ordner zu kopieren und im gleichen Verzeichnis auf einem anderen Computer abzulegen.<\/p>\n","protected":false},"author":1,"featured_media":0,"parent":74,"menu_order":0,"comment_status":"closed","ping_status":"closed","template":"page-templates\/full-width-page.php","meta":{"footnotes":""},"class_list":["post-254","page","type-page","status-publish","hentry"],"translation":{"provider":"WPGlobus","version":"3.0.2","language":"de","enabled_languages":["en","ru","pt","zh","es","fr","de","it","ja"],"languages":{"en":{"title":true,"content":true,"excerpt":false},"ru":{"title":true,"content":true,"excerpt":false},"pt":{"title":true,"content":true,"excerpt":false},"zh":{"title":true,"content":true,"excerpt":false},"es":{"title":true,"content":true,"excerpt":false},"fr":{"title":true,"content":true,"excerpt":false},"de":{"title":true,"content":true,"excerpt":false},"it":{"title":true,"content":true,"excerpt":false},"ja":{"title":true,"content":true,"excerpt":false}}},"yoast_head":"<!-- This site is optimized with the Yoast SEO plugin v27.0 - https:\/\/yoast.com\/product\/yoast-seo-wordpress\/ -->\n<title>Wo Sie Ihre Hand2Note-Notizen finden und \u00fcbertragen k\u00f6nnen<\/title>\n<meta name=\"description\" content=\"Erfahren Sie, wie Sie Ihre Hand2Note-Notizen einfach finden und \u00fcbertragen k\u00f6nnen. Folgen Sie unserem Leitfaden, um sicherzustellen, dass Ihre Notizen sicher auf einen neuen Computer \u00fcbertragen werden.\" \/>\n<meta name=\"robots\" content=\"index, follow, max-snippet:-1, max-image-preview:large, max-video-preview:-1\" \/>\n<link rel=\"canonical\" href=\"https:\/\/hand2noteguide.com\/guide\/where-are-notes-stored\/\" \/>\n<meta property=\"og:locale\" content=\"de_DE\" \/>\n<meta property=\"og:type\" content=\"article\" \/>\n<meta property=\"og:title\" content=\"Wo Sie Ihre Hand2Note-Notizen finden und \u00fcbertragen k\u00f6nnen\" \/>\n<meta property=\"og:description\" content=\"Erfahren Sie, wie Sie Ihre Hand2Note-Notizen einfach finden und \u00fcbertragen k\u00f6nnen. Folgen Sie unserem Leitfaden, um sicherzustellen, dass Ihre Notizen sicher auf einen neuen Computer \u00fcbertragen werden.\" \/>\n<meta property=\"og:url\" content=\"https:\/\/hand2noteguide.com\/guide\/where-are-notes-stored\/\" \/>\n<meta property=\"og:site_name\" content=\"Hand2Note Guide\" \/>\n<meta property=\"article:modified_time\" content=\"2025-06-04T16:05:11+00:00\" \/>\n<meta property=\"og:image\" content=\"https:\/\/hand2noteguide.com\/wp-content\/uploads\/2018\/08\/hand2note-d0bfd0b0d0bfd0bad0b0-notes.png\" \/>\n<meta name=\"twitter:card\" content=\"summary_large_image\" \/>\n<meta name=\"twitter:label1\" content=\"Est. reading time\" \/>\n\t<meta name=\"twitter:data1\" content=\"1 minute\" \/>\n<!-- \/ Yoast SEO plugin. -->","yoast_head_json":{"title":"Wo Sie Ihre Hand2Note-Notizen finden und \u00fcbertragen k\u00f6nnen","description":"Erfahren Sie, wie Sie Ihre Hand2Note-Notizen einfach finden und \u00fcbertragen k\u00f6nnen. Folgen Sie unserem Leitfaden, um sicherzustellen, dass Ihre Notizen sicher auf einen neuen Computer \u00fcbertragen werden.","robots":{"index":"index","follow":"follow","max-snippet":"max-snippet:-1","max-image-preview":"max-image-preview:large","max-video-preview":"max-video-preview:-1"},"canonical":"https:\/\/hand2noteguide.com\/guide\/where-are-notes-stored\/","og_locale":"de_DE","og_type":"article","og_title":"Wo Sie Ihre Hand2Note-Notizen finden und \u00fcbertragen k\u00f6nnen","og_description":"Erfahren Sie, wie Sie Ihre Hand2Note-Notizen einfach finden und \u00fcbertragen k\u00f6nnen. Folgen Sie unserem Leitfaden, um sicherzustellen, dass Ihre Notizen sicher auf einen neuen Computer \u00fcbertragen werden.","og_url":"https:\/\/hand2noteguide.com\/guide\/where-are-notes-stored\/","og_site_name":"Hand2Note Guide","article_modified_time":"2025-06-04T16:05:11+00:00","og_image":[{"url":"https:\/\/hand2noteguide.com\/wp-content\/uploads\/2018\/08\/hand2note-d0bfd0b0d0bfd0bad0b0-notes.png","type":"","width":"","height":""}],"twitter_card":"summary_large_image","twitter_misc":{"Est. reading time":"1 minute"},"schema":{"@context":"https:\/\/schema.org","@graph":[]}},"jetpack_sharing_enabled":false,"_links":{"self":[{"href":"https:\/\/hand2noteguide.com\/de\/wp-json\/wp\/v2\/pages\/254","targetHints":{"allow":["GET"]}}],"collection":[{"href":"https:\/\/hand2noteguide.com\/de\/wp-json\/wp\/v2\/pages"}],"about":[{"href":"https:\/\/hand2noteguide.com\/de\/wp-json\/wp\/v2\/types\/page"}],"author":[{"embeddable":true,"href":"https:\/\/hand2noteguide.com\/de\/wp-json\/wp\/v2\/users\/1"}],"replies":[{"embeddable":true,"href":"https:\/\/hand2noteguide.com\/de\/wp-json\/wp\/v2\/comments?post=254"}],"version-history":[{"count":12,"href":"https:\/\/hand2noteguide.com\/de\/wp-json\/wp\/v2\/pages\/254\/revisions"}],"predecessor-version":[{"id":13542,"href":"https:\/\/hand2noteguide.com\/de\/wp-json\/wp\/v2\/pages\/254\/revisions\/13542"}],"up":[{"embeddable":true,"href":"https:\/\/hand2noteguide.com\/de\/wp-json\/wp\/v2\/pages\/74"}],"wp:attachment":[{"href":"https:\/\/hand2noteguide.com\/de\/wp-json\/wp\/v2\/media?parent=254"}],"curies":[{"name":"wp","href":"https:\/\/api.w.org\/{rel}","templated":true}]}}