{"id":256,"date":"2018-08-02T17:08:05","date_gmt":"2018-08-02T14:08:05","guid":{"rendered":"https:\/\/h2n312.wordpress.com\/?page_id=256"},"modified":"2025-06-04T19:04:30","modified_gmt":"2025-06-04T16:04:30","slug":"moving-hud-and-settings","status":"publish","type":"page","link":"https:\/\/hand2noteguide.com\/de\/guide\/moving-hud-and-settings\/","title":{"rendered":"Verschieben von HUD und Einstellungen"},"content":{"rendered":"<p>Alle verwendeten <a href=\"https:\/\/hand2noteguide.com\/de\/guide\/hud\/\">HUDs und Popups<\/a> sowie Benutzereinstellungen werden im <em>Config<\/em>-Ordner im Hand2Note-Installationsverzeichnis gespeichert (<em>C:\/Program Files\/Hand2Note\/<\/em> standardm\u00e4\u00dfig).<\/p>\n<p><img loading=\"lazy\" decoding=\"async\" class=\"alignnone size-full wp-image-939\" src=\"https:\/\/hand2noteguide.com\/wp-content\/uploads\/2019\/05\/hand2note-config-folder.png\" alt=\"hand2note config folder\" width=\"1037\" height=\"735\" srcset=\"https:\/\/hand2noteguide.com\/wp-content\/uploads\/2019\/05\/hand2note-config-folder.png 1037w, https:\/\/hand2noteguide.com\/wp-content\/uploads\/2019\/05\/hand2note-config-folder-300x213.png 300w, https:\/\/hand2noteguide.com\/wp-content\/uploads\/2019\/05\/hand2note-config-folder-768x544.png 768w, https:\/\/hand2noteguide.com\/wp-content\/uploads\/2019\/05\/hand2note-config-folder-1024x726.png 1024w, https:\/\/hand2noteguide.com\/wp-content\/uploads\/2019\/05\/hand2note-config-folder-772x547.png 772w, https:\/\/hand2noteguide.com\/wp-content\/uploads\/2019\/05\/hand2note-config-folder-624x442.png 624w\" sizes=\"auto, (max-width: 1037px) 100vw, 1037px\" \/><\/p>\n<p>Wenn Sie die Einstellungen vor der <a href=\"https:\/\/hand2noteguide.com\/de\/issues-resolving\/reinstall\/\">Deinstallation von Hand2Note<\/a> speichern m\u00fcssen, machen Sie einfach eine Kopie des <em>Config<\/em>-Ordners und bewahren Sie sie an einem sicheren Ort auf.<\/p>\n<p>Wenn Sie Ihre HUDs oder Einstellungen mit einem Freund teilen oder auf ein anderes Ger\u00e4t \u00fcbertragen m\u00f6chten, reicht es ebenfalls aus, eine Kopie des <em>Config<\/em>-Ordners zu erstellen und sie in das Hand2Note-Installationsverzeichnis auf einem anderen Computer zu legen.<\/p>\n<p>Siehe auch:<\/p>\n<ul>\n<li><a href=\"https:\/\/hand2noteguide.com\/de\/guide\/database\/move-database-to-another-pc\/\">Verschieben der Datenbank<\/a><\/li>\n<li><a href=\"https:\/\/hand2noteguide.com\/de\/guide\/where-are-notes-stored\/\">Verschieben von Notizen<\/a><\/li>\n<li><a href=\"https:\/\/hand2noteguide.com\/de\/guide\/moving-marked-hands\/\">Verschieben von markierten H\u00e4nden<\/a><\/li>\n<\/ul>\n","protected":false},"excerpt":{"rendered":"<p>Alle verwendeten HUDs und Popups sowie Benutzereinstellungen werden im Config-Ordner im Hand2Note-Installationsverzeichnis gespeichert (C:\/Program Files\/Hand2Note\/ standardm\u00e4\u00dfig). Wenn Sie die Einstellungen vor der Deinstallation von Hand2Note speichern m\u00fcssen, machen Sie einfach eine Kopie des Config-Ordners und bewahren Sie sie an einem sicheren Ort auf. Wenn Sie Ihre HUDs oder Einstellungen mit einem Freund teilen oder auf &hellip; <a href=\"https:\/\/hand2noteguide.com\/de\/guide\/moving-hud-and-settings\/\" class=\"more-link\">Continue reading <span class=\"screen-reader-text\">Verschieben von HUD und Einstellungen<\/span><\/a><\/p>\n","protected":false},"author":1,"featured_media":0,"parent":74,"menu_order":0,"comment_status":"closed","ping_status":"closed","template":"page-templates\/full-width-page.php","meta":{"footnotes":""},"class_list":["post-256","page","type-page","status-publish","hentry"],"translation":{"provider":"WPGlobus","version":"3.0.2","language":"de","enabled_languages":["en","ru","pt","zh","es","fr","de","it","ja"],"languages":{"en":{"title":true,"content":true,"excerpt":false},"ru":{"title":true,"content":true,"excerpt":false},"pt":{"title":true,"content":true,"excerpt":false},"zh":{"title":true,"content":true,"excerpt":false},"es":{"title":true,"content":true,"excerpt":false},"fr":{"title":true,"content":true,"excerpt":false},"de":{"title":true,"content":true,"excerpt":false},"it":{"title":true,"content":true,"excerpt":false},"ja":{"title":true,"content":true,"excerpt":false}}},"yoast_head":"<!-- This site is optimized with the Yoast SEO plugin v27.0 - https:\/\/yoast.com\/product\/yoast-seo-wordpress\/ -->\n<title>So verschieben Sie HUD und Einstellungen in Hand2Note einfach<\/title>\n<meta name=\"description\" content=\"Erfahren Sie, wie Sie Ihr HUD und Ihre Einstellungen in Hand2Note einfach verschieben k\u00f6nnen. Folgen Sie unserer Schritt-f\u00fcr-Schritt-Anleitung, um Ihre Konfigurationen sicher zu speichern, zu teilen oder zu \u00fcbertragen.\" \/>\n<meta name=\"robots\" content=\"index, follow, max-snippet:-1, max-image-preview:large, max-video-preview:-1\" \/>\n<link rel=\"canonical\" href=\"https:\/\/hand2noteguide.com\/guide\/moving-hud-and-settings\/\" \/>\n<meta property=\"og:locale\" content=\"de_DE\" \/>\n<meta property=\"og:type\" content=\"article\" \/>\n<meta property=\"og:title\" content=\"So verschieben Sie HUD und Einstellungen in Hand2Note einfach\" \/>\n<meta property=\"og:description\" content=\"Erfahren Sie, wie Sie Ihr HUD und Ihre Einstellungen in Hand2Note einfach verschieben k\u00f6nnen. Folgen Sie unserer Schritt-f\u00fcr-Schritt-Anleitung, um Ihre Konfigurationen sicher zu speichern, zu teilen oder zu \u00fcbertragen.\" \/>\n<meta property=\"og:url\" content=\"https:\/\/hand2noteguide.com\/guide\/moving-hud-and-settings\/\" \/>\n<meta property=\"og:site_name\" content=\"Hand2Note Guide\" \/>\n<meta property=\"article:modified_time\" content=\"2025-06-04T16:04:30+00:00\" \/>\n<meta property=\"og:image\" content=\"https:\/\/hand2noteguide.com\/wp-content\/uploads\/2018\/08\/hand2note-d0bfd0b0d0bfd0bad0b0-config.png\" \/>\n<meta name=\"twitter:card\" content=\"summary_large_image\" \/>\n<meta name=\"twitter:label1\" content=\"Est. reading time\" \/>\n\t<meta name=\"twitter:data1\" content=\"4 minutes\" \/>\n<!-- \/ Yoast SEO plugin. -->","yoast_head_json":{"title":"So verschieben Sie HUD und Einstellungen in Hand2Note einfach","description":"Erfahren Sie, wie Sie Ihr HUD und Ihre Einstellungen in Hand2Note einfach verschieben k\u00f6nnen. Folgen Sie unserer Schritt-f\u00fcr-Schritt-Anleitung, um Ihre Konfigurationen sicher zu speichern, zu teilen oder zu \u00fcbertragen.","robots":{"index":"index","follow":"follow","max-snippet":"max-snippet:-1","max-image-preview":"max-image-preview:large","max-video-preview":"max-video-preview:-1"},"canonical":"https:\/\/hand2noteguide.com\/guide\/moving-hud-and-settings\/","og_locale":"de_DE","og_type":"article","og_title":"So verschieben Sie HUD und Einstellungen in Hand2Note einfach","og_description":"Erfahren Sie, wie Sie Ihr HUD und Ihre Einstellungen in Hand2Note einfach verschieben k\u00f6nnen. Folgen Sie unserer Schritt-f\u00fcr-Schritt-Anleitung, um Ihre Konfigurationen sicher zu speichern, zu teilen oder zu \u00fcbertragen.","og_url":"https:\/\/hand2noteguide.com\/guide\/moving-hud-and-settings\/","og_site_name":"Hand2Note Guide","article_modified_time":"2025-06-04T16:04:30+00:00","og_image":[{"url":"https:\/\/hand2noteguide.com\/wp-content\/uploads\/2018\/08\/hand2note-d0bfd0b0d0bfd0bad0b0-config.png","type":"","width":"","height":""}],"twitter_card":"summary_large_image","twitter_misc":{"Est. reading time":"4 minutes"},"schema":{"@context":"https:\/\/schema.org","@graph":[]}},"jetpack_sharing_enabled":false,"_links":{"self":[{"href":"https:\/\/hand2noteguide.com\/de\/wp-json\/wp\/v2\/pages\/256","targetHints":{"allow":["GET"]}}],"collection":[{"href":"https:\/\/hand2noteguide.com\/de\/wp-json\/wp\/v2\/pages"}],"about":[{"href":"https:\/\/hand2noteguide.com\/de\/wp-json\/wp\/v2\/types\/page"}],"author":[{"embeddable":true,"href":"https:\/\/hand2noteguide.com\/de\/wp-json\/wp\/v2\/users\/1"}],"replies":[{"embeddable":true,"href":"https:\/\/hand2noteguide.com\/de\/wp-json\/wp\/v2\/comments?post=256"}],"version-history":[{"count":12,"href":"https:\/\/hand2noteguide.com\/de\/wp-json\/wp\/v2\/pages\/256\/revisions"}],"predecessor-version":[{"id":13541,"href":"https:\/\/hand2noteguide.com\/de\/wp-json\/wp\/v2\/pages\/256\/revisions\/13541"}],"up":[{"embeddable":true,"href":"https:\/\/hand2noteguide.com\/de\/wp-json\/wp\/v2\/pages\/74"}],"wp:attachment":[{"href":"https:\/\/hand2noteguide.com\/de\/wp-json\/wp\/v2\/media?parent=256"}],"curies":[{"name":"wp","href":"https:\/\/api.w.org\/{rel}","templated":true}]}}