{"id":2853,"date":"2020-07-07T20:51:39","date_gmt":"2020-07-07T17:51:39","guid":{"rendered":"http:\/\/hand2noteguide.com\/?page_id=2853"},"modified":"2026-02-22T15:24:12","modified_gmt":"2026-02-22T12:24:12","slug":"best-poker-tracker-software","status":"publish","type":"page","link":"https:\/\/hand2noteguide.com\/de\/best-poker-tracker-software\/","title":{"rendered":"Die beste Poker-Tracking-Software: Hand2Note vs HM3 &amp; PT4"},"content":{"rendered":"\n<p><a href=\"https:\/\/hand2note.com\/\" target=\"_blank\" aria-label=\"undefined (opens in a new tab)\" rel=\"noreferrer noopener\">Hand2Note<\/a> ist der unangefochtene Marktf\u00fchrer unter allen Poker-Trackern auf dem Markt. Mit der Ver\u00f6ffentlichung von <strong>Hand2Note 4<\/strong> ist der Abstand zwischen H2N und \u00e4lteren Alternativen wie Holdem Manager 3 oder PokerTracker 4 noch gr\u00f6\u00dfer geworden. Es handelt sich nicht nur um ein inkrementelles Update \u2014 es ist ein komplett neu entwickeltes Produkt mit fortschrittlichen Reports, interaktiver Analyse und deutlich verbesserter Leistung. Sie finden H2N auch in fast jedem <a href=\"https:\/\/hand2noteguide.com\/de\/poker\/5-best-online-poker-software\/\">Ranking der besten Poker-Software<\/a>.<\/p>\n\n\n\n<p>Schauen wir uns genau an, warum Hand2Note der beste Poker-Tracker ist, den Sie derzeit nutzen k\u00f6nnen \u2014 und was Version 4 zu einem echten Gamechanger macht.<\/p>\n\n\n\n<h2 class=\"wp-block-heading\">1. Was ist neu in Hand2Note 4<\/h2>\n\n\n\n<p>Hand2Note 4 wurde \u00fcber drei Jahre Entwicklungszeit von Grund auf neu aufgebaut \u2014 und das Ergebnis ist ein deutlich leistungsf\u00e4higeres Tool.<\/p>\n\n\n\n<figure class=\"wp-block-image size-large\"><img loading=\"lazy\" decoding=\"async\" width=\"1024\" height=\"705\" src=\"https:\/\/hand2noteguide.com\/wp-content\/uploads\/2025\/04\/hand2note4-new-min-1024x705.png\" alt=\"Hand2Note 4 Poker-Tracker-Software\" class=\"wp-image-9780\" srcset=\"https:\/\/hand2noteguide.com\/wp-content\/uploads\/2025\/04\/hand2note4-new-min-1024x705.png 1024w, https:\/\/hand2noteguide.com\/wp-content\/uploads\/2025\/04\/hand2note4-new-min-300x207.png 300w, https:\/\/hand2noteguide.com\/wp-content\/uploads\/2025\/04\/hand2note4-new-min-768x529.png 768w, https:\/\/hand2noteguide.com\/wp-content\/uploads\/2025\/04\/hand2note4-new-min-1536x1058.png 1536w, https:\/\/hand2noteguide.com\/wp-content\/uploads\/2025\/04\/hand2note4-new-min-2048x1411.png 2048w, https:\/\/hand2noteguide.com\/wp-content\/uploads\/2025\/04\/hand2note4-new-min-772x532.png 772w, https:\/\/hand2noteguide.com\/wp-content\/uploads\/2025\/04\/hand2note4-new-min-624x430.png 624w\" sizes=\"auto, (max-width: 1024px) 100vw, 1024px\" \/><figcaption class=\"wp-element-caption\">Hand2Note 4 \u2014 beste Poker-Tracker-Software<\/figcaption><\/figure>\n\n\n\n<p>Hier sind die gr\u00f6\u00dften Verbesserungen im Vergleich zur Vorg\u00e4ngerversion:<\/p>\n\n\n\n<ul class=\"wp-block-list\">\n<li><strong><a href=\"https:\/\/hand2noteguide.com\/de\/user-manual\/hand2note-report-menu\/\">Smart Reports<\/a><\/strong> \u2014 die Software zeigt automatisch die relevantesten Statistiken f\u00fcr jeden angewendeten Filter an. W\u00e4hlen Sie einen Continuation Bet Flop-Filter, und H2N4 zeigt sofort die Reaktionen der Gegner, Barrel-Frequenzen und mehr.<\/li>\n\n\n\n<li><strong>Interactive Reports<\/strong> \u2014 klicken Sie auf eine beliebige Statistik, um einen detaillierten Unterbericht aufzurufen. So k\u00f6nnen Sie Reports miteinander verkn\u00fcpfen und Gegnertendenzen in Echtzeit erkunden.<\/li>\n\n\n\n<li><strong><a href=\"https:\/\/hand2noteguide.com\/de\/user-manual\/creating-a-simple-stat-continued-bet-on-the-river-in-a-3bet-pot-position\/\">Custom Filters<\/a><\/strong> \u2014 erstellen Sie eigene Filter f\u00fcr jedes Szenario, das Sie untersuchen m\u00f6chten (z. B. alle Spots, in denen ein Gegner mit der H\u00e4lfte des Pots c-bettet).<\/li>\n\n\n\n<li><strong>50 % kleinere Datenbank<\/strong> \u2014 aktuelle Updates haben die Datenbankgr\u00f6\u00dfe halbiert, mit Optionen zum Ausschlie\u00dfen von Handhistory-Dateien oder Reports aus dem Speicher, was den Statistikaufbau um das 2- bis 3-Fache beschleunigt.<\/li>\n\n\n\n<li><strong>Neu gestalteter Hand-Replayer<\/strong> \u2014 \u00fcbersichtlichere Oberfl\u00e4che mit einer Smartphone-Modus-Option.<\/li>\n\n\n\n<li><strong><a href=\"https:\/\/hand2noteguide.com\/de\/user-manual\/the-multiple-players-tool-in-hand2note-range-research\/\">Multi-Player Reports<\/a><\/strong> \u2014 das Range Research-Tool wurde umbenannt und verbessert, wodurch die Spielerpool-Analyse schneller und intuitiver wird.<\/li>\n\n\n\n<li><strong>6-Card Omaha und Bomb Pot-Unterst\u00fctzung<\/strong> \u2014 erweiterte Spieltyp-Abdeckung.<\/li>\n\n\n\n<li><strong>Anonyme Tisch-Verfolgung<\/strong> \u2014 eindeutige Spieler-IDs f\u00fcr die Statistikverfolgung an anonymen\/Inkognito-Tischen.<\/li>\n<\/ul>\n\n\n\n<p>Hand2Note 4 ist vollst\u00e4ndig konform mit den Nutzungsbedingungen von PokerStars und ist in mehreren Sprachen verf\u00fcgbar, darunter Englisch, Russisch, Chinesisch, Spanisch und Portugiesisch.<\/p>\n\n\n\n<h2 class=\"wp-block-heading\">2. Fortschrittliches HUD<\/h2>\n\n\n\n<p>Die Hauptfunktion jedes Poker-Trackers ist das <a href=\"https:\/\/hand2noteguide.com\/de\/poker\/poker-hud\/\">Poker-HUD<\/a> \u2014 es erm\u00f6glicht Ihnen, Echtzeit-Statistiken \u00fcber Ihre Gegner direkt am Tisch zu sehen. Jeder ernsthafte Pokerspieler nutzt w\u00e4hrend seiner Sessions ein HUD.<\/p>\n\n\n\n<figure class=\"wp-block-image size-large\"><img decoding=\"async\" src=\"https:\/\/hand2noteguide.com\/wp-content\/uploads\/2026\/02\/pppoker-hud-with-hand2note.webp\" alt=\"PPPoker HUD mit Hand2Note\" \/><figcaption class=\"wp-element-caption\">Hand2Note HUD auf PPPoker<\/figcaption><\/figure>\n\n\n\n<p>Wenn Sie \u00e4ltere Tracker verwendet haben, kennen Sie die typische HUD-Erfahrung: eine statische Reihe von Zahlen, die st\u00e4ndig f\u00fcr jeden Spieler angezeigt werden. Hand2Note hebt dies auf ein v\u00f6llig anderes Niveau mit positionsabh\u00e4ngigen und dynamischen HUD-Optionen. Das bedeutet, dass sich das HUD anpasst und Ihnen die relevantesten Daten f\u00fcr jeden Gegner anzeigt, abh\u00e4ngig von:<\/p>\n\n\n\n<ul class=\"wp-block-list\">\n<li><a href=\"https:\/\/hand2noteguide.com\/de\/poker\/poker-positions\/\">Position des Spielers<\/a>;<\/li>\n\n\n\n<li>effektiver Stackgr\u00f6\u00dfe;<\/li>\n\n\n\n<li>Stichprobengr\u00f6\u00dfe der H\u00e4nde;<\/li>\n\n\n\n<li><a href=\"https:\/\/hand2noteguide.com\/de\/poker\/poker-actions\/\">Aktion in der Hand<\/a>;<\/li>\n\n\n\n<li>und mehr.<\/li>\n<\/ul>\n\n\n\n<p>Dar\u00fcber hinaus bietet Hand2Note exklusive HUD-Funktionen, die kein anderer Tracker hat:<\/p>\n\n\n\n<ul class=\"wp-block-list\">\n<li><strong>HUD ab der ersten Hand<\/strong> \u2014 Sie erhalten sofort Daten, ohne auf den Aufbau einer Stichprobe warten zu m\u00fcssen;<\/li>\n\n\n\n<li><strong>Last Showdown Indicator<\/strong> \u2014 sehen Sie sofort den letzten Showdown eines jeden Gegners;<\/li>\n\n\n\n<li><strong>Automatisches Ausblenden beim Fold<\/strong> \u2014 das HUD verschwindet, wenn Sie folden, und h\u00e4lt den Tisch \u00fcbersichtlich;<\/li>\n\n\n\n<li><strong>HUD-Tabs und Hotkeys<\/strong> \u2014 wechseln Sie zwischen Statistik-Panels, ohne Popups zu \u00f6ffnen.<\/li>\n<\/ul>\n\n\n\n<p>Sie k\u00f6nnen Tausende von Statistiken in Ihrem HUD haben, sehen aber nur die relevantesten Daten f\u00fcr den aktuellen Spot und Gegnertyp. Besuchen Sie unseren <a href=\"https:\/\/hand2noteguide.com\/de\/hud-store\/\">HUD-Store<\/a>, um die beste HUD-Option f\u00fcr Hand2Note zu finden.<\/p>\n\n\n\n<h2 class=\"wp-block-heading\">3. Datenbankanalyse und Reports<\/h2>\n\n\n\n<p>Hand2Note ist weit mehr als ein einfaches HUD-Anzeige-Tool. Es bietet herausragende Instrumente f\u00fcr die tiefgehende Analyse Ihres eigenen Spiels und der Tendenzen Ihrer Gegner.<\/p>\n\n\n\n<figure class=\"wp-block-image size-large\"><img decoding=\"async\" src=\"https:\/\/hand2noteguide.com\/wp-content\/uploads\/2026\/02\/multi-player-report-h2n-scaled.webp\" alt=\"Hand2Note Multi-Player Reports Funktion\" \/><figcaption class=\"wp-element-caption\">Multi-Player Reports in Hand2Note 4<\/figcaption><\/figure>\n\n\n\n<p>Mit den Smart Reports, Interactive Reports und Custom Filters von Hand2Note 4 ist die Analysetiefe unerreicht. Sie k\u00f6nnen Antworten auf kritische Fragen \u00fcber Ihre Gegner finden:<\/p>\n\n\n\n<ul class=\"wp-block-list\">\n<li>Wie konstruieren sie ihre <a href=\"https:\/\/blog.freebetrange.com\/article\/poker-preflop-ranges-a-comprehensive-guide\" target=\"_blank\" aria-label=\"undefined (opens in a new tab)\" rel=\"noreferrer noopener\">Ranges<\/a>?<\/li>\n\n\n\n<li>In welchen Spots <a href=\"https:\/\/hand2noteguide.com\/de\/poker\/poker-bluff\/\">bluffen<\/a> sie zu oft oder zu selten?<\/li>\n\n\n\n<li>Wie hoch sind die Frequenzen bestimmter Aktionen auf verschiedenen Board-Texturen bei unterschiedlichen Bet-Sizings?<\/li>\n<\/ul>\n\n\n\n<p>Um alle Funktionen von Hand2Note schnell und effektiv zu erlernen, besuchen Sie unser <a href=\"https:\/\/hand2noteguide.com\/de\/training\/\">Coaching-Angebot<\/a> oder unseren <a href=\"https:\/\/hand2noteguide.com\/de\/video-course\/\">vollst\u00e4ndigen Hand2Note-Videokurs<\/a>.<\/p>\n\n\n\n<h2 class=\"wp-block-heading\">4. Geschwindigkeit und Leistung<\/h2>\n\n\n\n<p>Hand2Note 4 basiert auf einer optimierten Engine, die moderne Mehrkernprozessoren und RAM voll ausnutzt. Der Geschwindigkeitsunterschied im Vergleich zu PokerTracker 4 oder Holdem Manager 3 ist erheblich:<\/p>\n\n\n\n<ul class=\"wp-block-list\">\n<li><strong>Importgeschwindigkeit<\/strong> \u2014 in Benchmarks als \u201esehr hoch&#8221; bewertet, w\u00e4hrend PT4 als \u201eniedrig&#8221; und HM3 als \u201emittel&#8221; eingestuft wird.<\/li>\n\n\n\n<li><strong>Datenbankoptimierung<\/strong> \u2014 aktuelle Updates haben die Datenbankgr\u00f6\u00dfe um 50 % reduziert, und der Statistikaufbau l\u00e4uft 2- bis 3-mal schneller mit Optionen zum Ausschlie\u00dfen unn\u00f6tiger Daten aus dem Speicher.<\/li>\n\n\n\n<li><strong>Massive Datenbanken<\/strong> \u2014 Hand2Note verarbeitet \u00fcber 240 Millionen H\u00e4nde reibungslos, w\u00e4hrend \u00e4ltere Tracker bei gro\u00dfen Datens\u00e4tzen oft deutlich langsamer werden.<\/li>\n\n\n\n<li><strong>Report- und Popup-Geschwindigkeit<\/strong> \u2014 Reports laden schnell, selbst bei gro\u00dfen Datenbanken, und Popups \u00f6ffnen sich ohne sp\u00fcrbare Verz\u00f6gerung.<\/li>\n<\/ul>\n\n\n\n<p>Gleichzeitig ist die Software gut optimiert und l\u00e4uft auch auf bescheidener Hardware fl\u00fcssig.<\/p>\n\n\n\n<figure class=\"wp-block-image size-large\"><img decoding=\"async\" src=\"https:\/\/hand2noteguide.com\/wp-content\/uploads\/2026\/01\/hand2note-import-speed.webp\" alt=\"Hand2Note Importgeschwindigkeits-Benchmark\" \/><figcaption class=\"wp-element-caption\">Importgeschwindigkeit von Hand2Note<\/figcaption><\/figure>\n\n\n\n<h2 class=\"wp-block-heading\">5. \u00dcber 50 unterst\u00fctzte Pokerr\u00e4ume<\/h2>\n\n\n\n<p>Hand2Note unterst\u00fctzt mehr als 50 Pokerseiten und -Apps, darunter alle gro\u00dfen Netzwerke und viele weniger bekannte Plattformen. Die prim\u00e4r unterst\u00fctzten R\u00e4ume mit vollst\u00e4ndiger nativer Integration umfassen PokerStars, PartyPoker, Winamax, iPoker, Winning Network und 888.<\/p>\n\n\n\n<p>Dar\u00fcber hinaus bietet Hand2Note HUD und Tracking f\u00fcr eine Vielzahl weiterer R\u00e4ume: <a href=\"https:\/\/hand2noteguide.com\/de\/pokerstars-hud\/\">PokerStars<\/a>, <a href=\"https:\/\/hand2noteguide.com\/de\/pokerbros-hud\/\">PokerBros<\/a>, Ignition, BetOnline, Chico, CoinPoker und Dutzende mehr.<\/p>\n\n\n\n<p>Unterst\u00fctzte Spieltypen umfassen No Limit Hold&#8217;em, PLO, PLO5, 6-Card Omaha, Short Deck (6+), Limit sowie Cash- und MTT-Formate einschlie\u00dflich Zoom\/Fast-Fold-Varianten.<\/p>\n\n\n\n<h2 class=\"wp-block-heading\">6. Hand2Note vs PokerTracker 4 vs Holdem Manager 3<\/h2>\n\n\n\n<p>So schneidet Hand2Note im Vergleich zu den beiden anderen beliebten Poker-Trackern ab (basierend auf dem <a href=\"https:\/\/hand2note.com\/Help\/hand2note-vs-other-tools\" target=\"_blank\" rel=\"noreferrer noopener\">offiziellen Vergleich<\/a>):<\/p>\n\n\n\n<figure class=\"wp-block-table is-style-stripes\"><table><thead><tr><th>Funktion<\/th><th>Hand2Note 4<\/th><th>PokerTracker 4<\/th><th>Holdem Manager 3<\/th><\/tr><\/thead><tbody><tr><td><strong>HUD<\/strong><\/td><td>Positionell, dynamisch, Auto-Ausblendung, Tabs, Hotkeys<\/td><td>Nur statisch<\/td><td>Nur statisch<\/td><\/tr><tr><td><strong>HUD ab der ersten Hand<\/strong><\/td><td>Ja<\/td><td>Nein<\/td><td>Nein<\/td><\/tr><tr><td><strong>Smart Reports<\/strong><\/td><td>Ja<\/td><td>Nein<\/td><td>Nein<\/td><\/tr><tr><td><strong>Interactive Reports<\/strong><\/td><td>Ja<\/td><td>Nein<\/td><td>Nein<\/td><\/tr><tr><td><strong>Custom Filters<\/strong><\/td><td>Ja<\/td><td>Nein<\/td><td>Nein<\/td><\/tr><tr><td><strong>Range-Visualisierung<\/strong><\/td><td>Preflop + Postflop + Mixing<\/td><td>Nein<\/td><td>Preflop + Postflop via NoteCaddy (kein Mixing)<\/td><\/tr><tr><td><strong>Bet-Sizing-Verteilung<\/strong><\/td><td>Bei jeder Statistik<\/td><td>Nein<\/td><td>Nein<\/td><\/tr><tr><td><strong>Action Profit<\/strong><\/td><td>Ja<\/td><td>Nein<\/td><td>Via NoteCaddy<\/td><\/tr><tr><td><strong>Notizen mit H\u00e4nden<\/strong><\/td><td>Ja \u2014 Vorlagen, H\u00e4nde in Notizen, Notizen zu Statistiken<\/td><td>Text + Autonotizen<\/td><td>Text + Autonotizen (via NoteCaddy)<\/td><\/tr><tr><td><strong>Importgeschwindigkeit<\/strong><\/td><td>Sehr hoch<\/td><td>Niedrig<\/td><td>Mittel<\/td><\/tr><tr><td><strong>Report-Leistung<\/strong><\/td><td>Sehr hoch<\/td><td>Niedrig<\/td><td>Mittel<\/td><\/tr><tr><td><strong>Unterst\u00fctzte R\u00e4ume<\/strong><\/td><td>50+<\/td><td>15+<\/td><td>15+<\/td><\/tr><tr><td><strong>Preise<\/strong><\/td><td>49 $\/Monat (j\u00e4hrlich) oder 62,50 $\/Monat<\/td><td>99,99 $ + ~40 $\/Jahr f\u00fcr Updates<\/td><td>100 $ + ~60 $\/Jahr f\u00fcr Updates<\/td><\/tr><\/tbody><\/table><figcaption class=\"wp-element-caption\">Vergleich Hand2Note vs PokerTracker 4 vs Holdem Manager 3<\/figcaption><\/figure>\n\n\n\n<p>Wie der Vergleich zeigt, bietet Hand2Note ein grundlegend anderes Funktionsniveau \u2014 von Smart Reports und Interactive Reports bis hin zu positionsbezogenem HUD und Echtzeit-Range-Visualisierung. Wenn Sie Poker ernst nehmen, ist Hand2Note die klare Wahl.<\/p>\n\n","protected":false},"excerpt":{"rendered":"<p>Hand2Note ist der unangefochtene Marktf\u00fchrer unter allen Poker-Trackern auf dem Markt. Mit der Ver\u00f6ffentlichung von Hand2Note 4 ist der Abstand zwischen H2N und \u00e4lteren Alternativen wie Holdem Manager 3 oder PokerTracker 4 noch gr\u00f6\u00dfer geworden. Es handelt sich nicht nur um ein inkrementelles Update \u2014 es ist ein komplett neu entwickeltes Produkt mit fortschrittlichen Reports, &hellip; <a href=\"https:\/\/hand2noteguide.com\/de\/best-poker-tracker-software\/\" class=\"more-link\">Continue reading <span class=\"screen-reader-text\">Die beste Poker-Tracking-Software: Hand2Note vs HM3 &amp; PT4<\/span><\/a><\/p>\n","protected":false},"author":1,"featured_media":15286,"parent":0,"menu_order":0,"comment_status":"closed","ping_status":"closed","template":"","meta":{"footnotes":""},"class_list":["post-2853","page","type-page","status-publish","has-post-thumbnail","hentry"],"translation":{"provider":"WPGlobus","version":"3.0.2","language":"de","enabled_languages":["en","ru","pt","zh","es","fr","de","it","ja"],"languages":{"en":{"title":true,"content":true,"excerpt":false},"ru":{"title":true,"content":true,"excerpt":false},"pt":{"title":true,"content":true,"excerpt":false},"zh":{"title":true,"content":true,"excerpt":false},"es":{"title":true,"content":true,"excerpt":false},"fr":{"title":true,"content":true,"excerpt":false},"de":{"title":true,"content":true,"excerpt":false},"it":{"title":true,"content":true,"excerpt":false},"ja":{"title":true,"content":true,"excerpt":false}}},"yoast_head":"<!-- This site is optimized with the Yoast SEO plugin v27.0 - https:\/\/yoast.com\/product\/yoast-seo-wordpress\/ -->\n<title>Die beste Poker-Tracking-Software: Hand2Note vs HM3 &amp; PT4<\/title>\n<meta name=\"description\" content=\"Hand2Note 4 ist die beste Poker-Tracking-Software des Jahres 2026. Erhalten Sie erweiterte HUD- und Analysetools. Schneller Vergleich mit HM3 und PT4.\" \/>\n<meta name=\"robots\" content=\"index, follow, max-snippet:-1, max-image-preview:large, max-video-preview:-1\" \/>\n<link rel=\"canonical\" href=\"https:\/\/hand2noteguide.com\/best-poker-tracker-software\/\" \/>\n<meta property=\"og:locale\" content=\"de_DE\" \/>\n<meta property=\"og:type\" content=\"article\" \/>\n<meta property=\"og:title\" content=\"Die beste Poker-Tracking-Software: Hand2Note vs HM3 &amp; PT4\" \/>\n<meta property=\"og:description\" content=\"Hand2Note 4 ist die beste Poker-Tracking-Software des Jahres 2026. Erhalten Sie erweiterte HUD- und Analysetools. Schneller Vergleich mit HM3 und PT4.\" \/>\n<meta property=\"og:url\" content=\"https:\/\/hand2noteguide.com\/best-poker-tracker-software\/\" \/>\n<meta property=\"og:site_name\" content=\"Hand2Note Guide\" \/>\n<meta property=\"article:modified_time\" content=\"2026-02-22T12:24:12+00:00\" \/>\n<meta property=\"og:image\" content=\"https:\/\/hand2noteguide.com\/wp-content\/uploads\/2026\/02\/best-poker-hud.jpg\" \/>\n\t<meta property=\"og:image:width\" content=\"1024\" \/>\n\t<meta property=\"og:image:height\" content=\"559\" \/>\n\t<meta property=\"og:image:type\" content=\"image\/jpeg\" \/>\n<meta name=\"twitter:card\" content=\"summary_large_image\" \/>\n<meta name=\"twitter:label1\" content=\"Est. reading time\" \/>\n\t<meta name=\"twitter:data1\" content=\"7 minutes\" \/>\n<!-- \/ Yoast SEO plugin. -->","yoast_head_json":{"title":"Die beste Poker-Tracking-Software: Hand2Note vs HM3 & PT4","description":"Hand2Note 4 ist die beste Poker-Tracking-Software des Jahres 2026. Erhalten Sie erweiterte HUD- und Analysetools. Schneller Vergleich mit HM3 und PT4.","robots":{"index":"index","follow":"follow","max-snippet":"max-snippet:-1","max-image-preview":"max-image-preview:large","max-video-preview":"max-video-preview:-1"},"canonical":"https:\/\/hand2noteguide.com\/best-poker-tracker-software\/","og_locale":"de_DE","og_type":"article","og_title":"Die beste Poker-Tracking-Software: Hand2Note vs HM3 & PT4","og_description":"Hand2Note 4 ist die beste Poker-Tracking-Software des Jahres 2026. Erhalten Sie erweiterte HUD- und Analysetools. Schneller Vergleich mit HM3 und PT4.","og_url":"https:\/\/hand2noteguide.com\/best-poker-tracker-software\/","og_site_name":"Hand2Note Guide","article_modified_time":"2026-02-22T12:24:12+00:00","og_image":[{"width":1024,"height":559,"url":"https:\/\/hand2noteguide.com\/wp-content\/uploads\/2026\/02\/best-poker-hud.jpg","type":"image\/jpeg"}],"twitter_card":"summary_large_image","twitter_misc":{"Est. reading time":"7 minutes"},"schema":{"@context":"https:\/\/schema.org","@graph":[]}},"jetpack_sharing_enabled":true,"_links":{"self":[{"href":"https:\/\/hand2noteguide.com\/de\/wp-json\/wp\/v2\/pages\/2853","targetHints":{"allow":["GET"]}}],"collection":[{"href":"https:\/\/hand2noteguide.com\/de\/wp-json\/wp\/v2\/pages"}],"about":[{"href":"https:\/\/hand2noteguide.com\/de\/wp-json\/wp\/v2\/types\/page"}],"author":[{"embeddable":true,"href":"https:\/\/hand2noteguide.com\/de\/wp-json\/wp\/v2\/users\/1"}],"replies":[{"embeddable":true,"href":"https:\/\/hand2noteguide.com\/de\/wp-json\/wp\/v2\/comments?post=2853"}],"version-history":[{"count":87,"href":"https:\/\/hand2noteguide.com\/de\/wp-json\/wp\/v2\/pages\/2853\/revisions"}],"predecessor-version":[{"id":15304,"href":"https:\/\/hand2noteguide.com\/de\/wp-json\/wp\/v2\/pages\/2853\/revisions\/15304"}],"wp:featuredmedia":[{"embeddable":true,"href":"https:\/\/hand2noteguide.com\/de\/wp-json\/wp\/v2\/media\/15286"}],"wp:attachment":[{"href":"https:\/\/hand2noteguide.com\/de\/wp-json\/wp\/v2\/media?parent=2853"}],"curies":[{"name":"wp","href":"https:\/\/api.w.org\/{rel}","templated":true}]}}