{"id":2898,"date":"2020-07-08T06:43:42","date_gmt":"2020-07-08T03:43:42","guid":{"rendered":"http:\/\/hand2noteguide.com\/?page_id=2898"},"modified":"2026-02-21T21:21:02","modified_gmt":"2026-02-21T18:21:02","slug":"pokerbros-hud","status":"publish","type":"page","link":"https:\/\/hand2noteguide.com\/de\/pokerbros-hud\/","title":{"rendered":"PokerBros HUD"},"content":{"rendered":"\n<p>PokerBros ist eine der beliebtesten chinesischen mobilen Pokeranwendungen. In diesem Raum gibt es viele verschiedene Spiele mit einem sehr schwachen Spielerpool. Die Verwendung eines HUDs in PokerBros wird Ihnen helfen, die Qualit\u00e4t Ihrer Entscheidungen zu verbessern und Ihre Gegner effektiv auszunutzen.<\/p>\n\n\n\n<h2 class=\"wp-block-heading\">Erhalten Sie ein reibungsloses und genaues PokerBros HUD mit Hand2Note<\/h2>\n\n\n\n<p><strong>Hand2Note<\/strong> ist die beste Poker-Tracking-Software zur Anzeige von HUDs in asiatischen Apps. Und es unterst\u00fctzt auch vollst\u00e4ndig den PokerBros-Raum. Sie k\u00f6nnen das PokerBros HUD mit Hand2Note kostenlos mit einer <strong>14-t\u00e4gigen Testphase<\/strong> nutzen. Nach Ablauf Ihrer Testphase k\u00f6nnen Sie die Hand2Note <strong>PRO-Lizenz mit einem 10% Rabatt<\/strong> mit unserem <a href=\"https:\/\/hand2noteguide.com\/de\/promo\/\">GUIDE10 Promo-Code<\/a> erwerben.<\/p>\n\n\n<div class=\"wp-block-h2n-cta-button\" style=\"text-align: left;\"><a href=\"https:\/\/hand2noteguide.com\/de\/go\/hand2note\/\" class=\"btn btn-primary\" target=\"_blank\" rel=\"noopener noreferrer nofollow sponsored\">Hand2Note HUD herunterladen<\/a><\/div>\n\n\n<p>Das Hand2Note HUD ist <strong>schnell, kompakt und genau<\/strong>. Es passt perfekt zu asiatischen Apps, in denen das Spiel sehr dynamisch ist, Sie weder gen\u00fcgend Samples von den Gegnern haben noch viel Platz f\u00fcr HUD-Panels an den Tischen.<\/p>\n\n\n\n<figure class=\"wp-block-image size-large\"><img loading=\"lazy\" decoding=\"async\" width=\"416\" height=\"765\" src=\"https:\/\/hand2noteguide.com\/wp-content\/uploads\/2020\/07\/pokerbros-hud.png\" alt=\"PokerBros HUD\" class=\"wp-image-2927\" srcset=\"https:\/\/hand2noteguide.com\/wp-content\/uploads\/2020\/07\/pokerbros-hud.png 416w, https:\/\/hand2noteguide.com\/wp-content\/uploads\/2020\/07\/pokerbros-hud-163x300.png 163w, https:\/\/hand2noteguide.com\/wp-content\/uploads\/2020\/07\/pokerbros-hud-339x624.png 339w\" sizes=\"auto, (max-width: 416px) 100vw, 416px\" \/><figcaption class=\"wp-element-caption\">PokerBros HUD mit Hand2Note<\/figcaption><\/figure>\n\n\n\n<p>Standardm\u00e4\u00dfig wird ein einfaches HUD mit den h\u00e4ufigsten Statistiken an den Tischen angezeigt. Sie k\u00f6nnen auch <a href=\"https:\/\/hand2noteguide.com\/de\/hud-store\/\">komplexere und effektivere HUDs<\/a> in unserem Store erhalten.<\/p>\n\n\n\n<h2 class=\"wp-block-heading\">Wie richtet man es ein?<\/h2>\n\n\n\n<p>Es ist sehr einfach. <strong>Starten Sie einfach Hand2Note und den PokerBros-Tisch gleichzeitig<\/strong>. Das HUD erscheint automatisch direkt am Tisch. Werfen Sie einen Blick auf unser <a href=\"https:\/\/hand2noteguide.com\/de\/hand2note-4-getting-started\/\">Einstiegshandbuch<\/a>.<\/p>\n\n\n<div class=\"wp-block-h2n-alert h2n-alert h2n-alert--info\"><div class=\"h2n-alert__icon\" aria-hidden=\"true\"><svg width=\"22\" height=\"22\" viewBox=\"0 0 24 24\" fill=\"none\" stroke=\"currentColor\" stroke-width=\"2\" stroke-linecap=\"round\" stroke-linejoin=\"round\"><circle cx=\"12\" cy=\"12\" r=\"10\"\/><line x1=\"12\" y1=\"16\" x2=\"12\" y2=\"12\"\/><circle cx=\"12\" cy=\"8\" r=\"1\" fill=\"currentColor\" stroke=\"none\"\/><\/svg><\/div><div class=\"h2n-alert__content\">Wir empfehlen dringend, unserer <a href=\"https:\/\/hand2noteguide.com\/de\/user-manual\/configuring-hand2note-to-play-in-applications-via-an-emulator-using-the-example-of-pokerbros\/\">Anleitung zur Einrichtung von Hand2Note f\u00fcr das Spielen in Apps \u00fcber einen Emulator<\/a> zu folgen, die auf der Erfahrung des Hand2Note-Support-Teams basiert, um einen stabilen und langfristigen HUD-Betrieb an Ihren Tischen zu gew\u00e4hrleisten.<\/div><\/div>\n\n\n<p>Multi-Tabling wird ebenfalls unterst\u00fctzt, sodass Sie so viele Tische \u00f6ffnen k\u00f6nnen, wie Sie m\u00f6chten. Hand2Note wird H\u00e4nde von jedem von ihnen erfassen.<\/p>\n\n\n\n<figure class=\"wp-block-image size-large\"><img loading=\"lazy\" decoding=\"async\" width=\"1024\" height=\"609\" src=\"https:\/\/hand2noteguide.com\/wp-content\/uploads\/2020\/07\/hand2note-asian-1024x609.png\" alt=\"\" class=\"wp-image-2976\" srcset=\"https:\/\/hand2noteguide.com\/wp-content\/uploads\/2020\/07\/hand2note-asian-1024x609.png 1024w, https:\/\/hand2noteguide.com\/wp-content\/uploads\/2020\/07\/hand2note-asian-300x179.png 300w, https:\/\/hand2noteguide.com\/wp-content\/uploads\/2020\/07\/hand2note-asian-768x457.png 768w, https:\/\/hand2noteguide.com\/wp-content\/uploads\/2020\/07\/hand2note-asian-772x459.png 772w, https:\/\/hand2noteguide.com\/wp-content\/uploads\/2020\/07\/hand2note-asian-624x371.png 624w, https:\/\/hand2noteguide.com\/wp-content\/uploads\/2020\/07\/hand2note-asian.png 1531w\" sizes=\"auto, (max-width: 1024px) 100vw, 1024px\" \/><figcaption class=\"wp-element-caption\">Poker HUD auf mehreren Emulatoren gleichzeitig ausf\u00fchren<\/figcaption><\/figure>\n\n\n\n<p>Wenn das HUD nach dem Start von Hand2Note und der PokerBros-App nicht funktioniert, folgen Sie unserem <a href=\"https:\/\/hand2noteguide.com\/de\/user-manual\/hand2note4-hud-problem\/\">Schritt-f\u00fcr-Schritt-Fehlerbehebungsleitfaden<\/a>, um das Problem zu l\u00f6sen. Wenn das nicht hilft, k\u00f6nnen Sie den <a href=\"https:\/\/hand2noteguide.com\/de\/hand2note-official-support\/\">Support kontaktieren<\/a>.<\/p>\n\n\n\n<p>Bitte beachten Sie, dass Hand2Note auch mit anderen Apps wie <a href=\"https:\/\/hand2noteguide.com\/de\/pppoker-hud\/\">PPPoker<\/a> oder <a href=\"https:\/\/hand2noteguide.com\/de\/coinpoker-hud\/\">CoinPoker<\/a> funktioniert.<\/p>\n\n\n\n<h2 class=\"wp-block-heading\">Was ist mit anderen Hand2Note-Funktionen?<\/h2>\n\n\n\n<p>Neben dem HUD bietet Ihnen Hand2Note viele weitere professionelle Werkzeuge f\u00fcr das Spiel und die Analyse. Schauen Sie sich unsere <a href=\"\/de\/why-purchase-hand2note\/\">\u00dcbersicht \u00fcber die herausragenden M\u00f6glichkeiten von Hand2Note<\/a> an, die Sie mit einem PRO-Abonnement erhalten. Sie sollten definitiv in Betracht ziehen, sie zu nutzen. Mit den F\u00e4higkeiten von Hand2Note k\u00f6nnen Sie Ihre Poker-Routine auf die n\u00e4chste Stufe heben. Dies gilt sowohl f\u00fcr das Spiel als auch f\u00fcr die Analyse au\u00dferhalb des Tisches. Hand2Note erm\u00f6glicht es Ihnen, Ihre F\u00e4higkeiten in alle Richtungen zu entwickeln.<\/p>\n\n\n\n<p>Im Jahr 2026 ist die neueste Version von <strong>Hand2Note 4<\/strong> noch leistungsorientierter und funktionsreicher geworden. Hand2Note ist jetzt eine noch bessere Wahl f\u00fcr die Anzeige Ihres HUDs auf PokerBros. Die Software ist perfekt optimiert, um die hohen Ressourcenanforderungen moderner Android-Emulatoren zu bew\u00e4ltigen.<\/p>\n\n\n\n<figure class=\"wp-block-image size-large\"><img loading=\"lazy\" decoding=\"async\" width=\"1024\" height=\"594\" src=\"http:\/\/hand2noteguide.com\/wp-content\/uploads\/2026\/02\/hand2note4-sessions-1-1024x594.png\" alt=\"Hand2Note 4 Oberfl\u00e4che\" class=\"wp-image-15256\" srcset=\"https:\/\/hand2noteguide.com\/wp-content\/uploads\/2026\/02\/hand2note4-sessions-1-1024x594.png 1024w, https:\/\/hand2noteguide.com\/wp-content\/uploads\/2026\/02\/hand2note4-sessions-1-300x174.png 300w, https:\/\/hand2noteguide.com\/wp-content\/uploads\/2026\/02\/hand2note4-sessions-1-768x445.png 768w, https:\/\/hand2noteguide.com\/wp-content\/uploads\/2026\/02\/hand2note4-sessions-1-1536x890.png 1536w, https:\/\/hand2noteguide.com\/wp-content\/uploads\/2026\/02\/hand2note4-sessions-1-2048x1187.png 2048w, https:\/\/hand2noteguide.com\/wp-content\/uploads\/2026\/02\/hand2note4-sessions-1-772x447.png 772w\" sizes=\"auto, (max-width: 1024px) 100vw, 1024px\" \/><figcaption class=\"wp-element-caption\">Hand2Note 4 Oberfl\u00e4che<\/figcaption><\/figure>\n","protected":false},"excerpt":{"rendered":"<p>PokerBros ist eine der beliebtesten chinesischen mobilen Pokeranwendungen. In diesem Raum gibt es viele verschiedene Spiele mit einem sehr schwachen Spielerpool. Die Verwendung eines HUDs in PokerBros wird Ihnen helfen, die Qualit\u00e4t Ihrer Entscheidungen zu verbessern und Ihre Gegner effektiv auszunutzen. Erhalten Sie ein reibungsloses und genaues PokerBros HUD mit Hand2Note Hand2Note ist die beste &hellip; <a href=\"https:\/\/hand2noteguide.com\/de\/pokerbros-hud\/\" class=\"more-link\">Continue reading <span class=\"screen-reader-text\">PokerBros HUD<\/span><\/a><\/p>\n","protected":false},"author":1,"featured_media":0,"parent":0,"menu_order":0,"comment_status":"closed","ping_status":"closed","template":"","meta":{"footnotes":""},"class_list":["post-2898","page","type-page","status-publish","hentry"],"translation":{"provider":"WPGlobus","version":"3.0.2","language":"de","enabled_languages":["en","ru","pt","zh","es","fr","de","it","ja"],"languages":{"en":{"title":true,"content":true,"excerpt":false},"ru":{"title":true,"content":true,"excerpt":false},"pt":{"title":true,"content":true,"excerpt":false},"zh":{"title":true,"content":true,"excerpt":false},"es":{"title":true,"content":true,"excerpt":false},"fr":{"title":true,"content":true,"excerpt":false},"de":{"title":true,"content":true,"excerpt":false},"it":{"title":true,"content":true,"excerpt":false},"ja":{"title":true,"content":true,"excerpt":false}}},"yoast_head":"<!-- This site is optimized with the Yoast SEO plugin v27.0 - https:\/\/yoast.com\/product\/yoast-seo-wordpress\/ -->\n<title>Schnelles und genaues PokerBros HUD - Hand2Note Guide<\/title>\n<meta name=\"description\" content=\"Verwenden Sie ein schnelles, effektives und genaues HUD in PokerBros und anderen asiatischen Apps. Hand2Note bietet Ihnen das beste HUD und Popups f\u00fcr chinesische R\u00e4ume.\" \/>\n<meta name=\"robots\" content=\"index, follow, max-snippet:-1, max-image-preview:large, max-video-preview:-1\" \/>\n<link rel=\"canonical\" href=\"https:\/\/hand2noteguide.com\/zh\/pokerbros-hud\/\" \/>\n<meta property=\"og:locale\" content=\"de_DE\" \/>\n<meta property=\"og:type\" content=\"article\" \/>\n<meta property=\"og:title\" content=\"Schnelles und genaues PokerBros HUD - Hand2Note Guide\" \/>\n<meta property=\"og:description\" content=\"Verwenden Sie ein schnelles, effektives und genaues HUD in PokerBros und anderen asiatischen Apps. Hand2Note bietet Ihnen das beste HUD und Popups f\u00fcr chinesische R\u00e4ume.\" \/>\n<meta property=\"og:url\" content=\"https:\/\/hand2noteguide.com\/zh\/pokerbros-hud\/\" \/>\n<meta property=\"og:site_name\" content=\"Hand2Note Guide\" \/>\n<meta property=\"article:modified_time\" content=\"2026-02-21T18:21:02+00:00\" \/>\n<meta property=\"og:image\" content=\"https:\/\/hand2noteguide.com\/wp-content\/uploads\/2020\/07\/pokerbros-hud.png\" \/>\n<meta name=\"twitter:card\" content=\"summary_large_image\" \/>\n<meta name=\"twitter:label1\" content=\"Est. reading time\" \/>\n\t<meta name=\"twitter:data1\" content=\"3 minutes\" \/>\n<!-- \/ Yoast SEO plugin. -->","yoast_head_json":{"title":"Schnelles und genaues PokerBros HUD - Hand2Note Guide","description":"Verwenden Sie ein schnelles, effektives und genaues HUD in PokerBros und anderen asiatischen Apps. Hand2Note bietet Ihnen das beste HUD und Popups f\u00fcr chinesische R\u00e4ume.","robots":{"index":"index","follow":"follow","max-snippet":"max-snippet:-1","max-image-preview":"max-image-preview:large","max-video-preview":"max-video-preview:-1"},"canonical":"https:\/\/hand2noteguide.com\/zh\/pokerbros-hud\/","og_locale":"de_DE","og_type":"article","og_title":"Schnelles und genaues PokerBros HUD - Hand2Note Guide","og_description":"Verwenden Sie ein schnelles, effektives und genaues HUD in PokerBros und anderen asiatischen Apps. Hand2Note bietet Ihnen das beste HUD und Popups f\u00fcr chinesische R\u00e4ume.","og_url":"https:\/\/hand2noteguide.com\/zh\/pokerbros-hud\/","og_site_name":"Hand2Note Guide","article_modified_time":"2026-02-21T18:21:02+00:00","og_image":[{"url":"https:\/\/hand2noteguide.com\/wp-content\/uploads\/2020\/07\/pokerbros-hud.png","type":"","width":"","height":""}],"twitter_card":"summary_large_image","twitter_misc":{"Est. reading time":"3 minutes"},"schema":{"@context":"https:\/\/schema.org","@graph":[]}},"jetpack_sharing_enabled":true,"_links":{"self":[{"href":"https:\/\/hand2noteguide.com\/de\/wp-json\/wp\/v2\/pages\/2898","targetHints":{"allow":["GET"]}}],"collection":[{"href":"https:\/\/hand2noteguide.com\/de\/wp-json\/wp\/v2\/pages"}],"about":[{"href":"https:\/\/hand2noteguide.com\/de\/wp-json\/wp\/v2\/types\/page"}],"author":[{"embeddable":true,"href":"https:\/\/hand2noteguide.com\/de\/wp-json\/wp\/v2\/users\/1"}],"replies":[{"embeddable":true,"href":"https:\/\/hand2noteguide.com\/de\/wp-json\/wp\/v2\/comments?post=2898"}],"version-history":[{"count":88,"href":"https:\/\/hand2noteguide.com\/de\/wp-json\/wp\/v2\/pages\/2898\/revisions"}],"predecessor-version":[{"id":15260,"href":"https:\/\/hand2noteguide.com\/de\/wp-json\/wp\/v2\/pages\/2898\/revisions\/15260"}],"wp:attachment":[{"href":"https:\/\/hand2noteguide.com\/de\/wp-json\/wp\/v2\/media?parent=2898"}],"curies":[{"name":"wp","href":"https:\/\/api.w.org\/{rel}","templated":true}]}}