{"id":296,"date":"2018-08-03T14:54:27","date_gmt":"2018-08-03T11:54:27","guid":{"rendered":"https:\/\/h2n312.wordpress.com\/?page_id=296"},"modified":"2025-06-04T19:02:21","modified_gmt":"2025-06-04T16:02:21","slug":"upgrade-subscription","status":"publish","type":"page","link":"https:\/\/hand2noteguide.com\/de\/guide\/upgrade-subscription\/","title":{"rendered":"Wie kann man den Abonnementplan upgraden\/downgraden?"},"content":{"rendered":"<p>Um Ihren <a href=\"https:\/\/hand2noteguide.com\/de\/guide\/choose-subscription\/\">Abonnementplan<\/a> zu \u00e4ndern, m\u00fcssen Sie lediglich mindestens 1 Monat des gew\u00fcnschten Abonnements kaufen.<\/p>\n<p>Die verbleibenden Tage im vorherigen Plan gehen nicht verloren, sondern werden automatisch in ein neues Abonnement umgewandelt.<\/p>\n<p>Zum Beispiel:<\/p>\n<ol>\n<li>Sie haben noch 12 Tage im BEGINNER-Abonnement \u00fcbrig und entscheiden sich, auf EDGE zu upgraden. Nach dem Kauf eines Monats EDGE haben Sie 34 Tage EDGE auf Ihrem Konto (31 Tage aus dem Kauf + 3 Tage als Umrechnung von 12 Tagen BEGINNER)<\/li>\n<li>Sie haben noch 20 Tage im HYPER f\u00fcr <a href=\"https:\/\/hand2noteguide.com\/de\/asian\/\">asiatische R\u00e4ume<\/a> und m\u00f6chten es auf die STANDARD-Version downgraden. Sie kaufen einfach 1 Monat STANDARD, und 71 Tage dieses Abonnements werden auf Ihrem Konto aktiv sein (31 Tage aus dem Kauf + 40 Tage als Umrechnung von 20 Tagen HYPER)<\/li>\n<\/ol>\n","protected":false},"excerpt":{"rendered":"<p>Um Ihren Abonnementplan zu \u00e4ndern, m\u00fcssen Sie lediglich mindestens 1 Monat des gew\u00fcnschten Abonnements kaufen. Die verbleibenden Tage im vorherigen Plan gehen nicht verloren, sondern werden automatisch in ein neues Abonnement umgewandelt. Zum Beispiel: Sie haben noch 12 Tage im BEGINNER-Abonnement \u00fcbrig und entscheiden sich, auf EDGE zu upgraden. Nach dem Kauf eines Monats EDGE &hellip; <a href=\"https:\/\/hand2noteguide.com\/de\/guide\/upgrade-subscription\/\" class=\"more-link\">Continue reading <span class=\"screen-reader-text\">Wie kann man den Abonnementplan upgraden\/downgraden?<\/span><\/a><\/p>\n","protected":false},"author":1,"featured_media":0,"parent":74,"menu_order":0,"comment_status":"closed","ping_status":"closed","template":"page-templates\/full-width-page.php","meta":{"footnotes":""},"class_list":["post-296","page","type-page","status-publish","hentry"],"translation":{"provider":"WPGlobus","version":"3.0.2","language":"de","enabled_languages":["en","ru","pt","zh","es","fr","de","it","ja"],"languages":{"en":{"title":true,"content":true,"excerpt":false},"ru":{"title":true,"content":true,"excerpt":false},"pt":{"title":true,"content":true,"excerpt":false},"zh":{"title":true,"content":true,"excerpt":false},"es":{"title":true,"content":true,"excerpt":false},"fr":{"title":true,"content":true,"excerpt":false},"de":{"title":true,"content":true,"excerpt":false},"it":{"title":true,"content":true,"excerpt":false},"ja":{"title":true,"content":true,"excerpt":false}}},"yoast_head":"<!-- This site is optimized with the Yoast SEO plugin v27.0 - https:\/\/yoast.com\/product\/yoast-seo-wordpress\/ -->\n<title>Ihren Abonnementplan einfach upgraden oder downgraden<\/title>\n<meta name=\"description\" content=\"Erfahren Sie, wie Sie Ihren Abonnementplan einfach \u00e4ndern k\u00f6nnen. Upgraden oder downgraden, ohne verbleibende Tage zu verlieren. Folgen Sie unserer Schritt-f\u00fcr-Schritt-Anleitung f\u00fcr einen reibungslosen \u00dcbergang.\" \/>\n<meta name=\"robots\" content=\"index, follow, max-snippet:-1, max-image-preview:large, max-video-preview:-1\" \/>\n<link rel=\"canonical\" href=\"https:\/\/hand2noteguide.com\/guide\/upgrade-subscription\/\" \/>\n<meta property=\"og:locale\" content=\"de_DE\" \/>\n<meta property=\"og:type\" content=\"article\" \/>\n<meta property=\"og:title\" content=\"Ihren Abonnementplan einfach upgraden oder downgraden\" \/>\n<meta property=\"og:description\" content=\"Erfahren Sie, wie Sie Ihren Abonnementplan einfach \u00e4ndern k\u00f6nnen. Upgraden oder downgraden, ohne verbleibende Tage zu verlieren. Folgen Sie unserer Schritt-f\u00fcr-Schritt-Anleitung f\u00fcr einen reibungslosen \u00dcbergang.\" \/>\n<meta property=\"og:url\" content=\"https:\/\/hand2noteguide.com\/guide\/upgrade-subscription\/\" \/>\n<meta property=\"og:site_name\" content=\"Hand2Note Guide\" \/>\n<meta property=\"article:modified_time\" content=\"2025-06-04T16:02:21+00:00\" \/>\n<meta name=\"twitter:card\" content=\"summary_large_image\" \/>\n<meta name=\"twitter:label1\" content=\"Est. reading time\" \/>\n\t<meta name=\"twitter:data1\" content=\"4 minutes\" \/>\n<!-- \/ Yoast SEO plugin. -->","yoast_head_json":{"title":"Ihren Abonnementplan einfach upgraden oder downgraden","description":"Erfahren Sie, wie Sie Ihren Abonnementplan einfach \u00e4ndern k\u00f6nnen. Upgraden oder downgraden, ohne verbleibende Tage zu verlieren. Folgen Sie unserer Schritt-f\u00fcr-Schritt-Anleitung f\u00fcr einen reibungslosen \u00dcbergang.","robots":{"index":"index","follow":"follow","max-snippet":"max-snippet:-1","max-image-preview":"max-image-preview:large","max-video-preview":"max-video-preview:-1"},"canonical":"https:\/\/hand2noteguide.com\/guide\/upgrade-subscription\/","og_locale":"de_DE","og_type":"article","og_title":"Ihren Abonnementplan einfach upgraden oder downgraden","og_description":"Erfahren Sie, wie Sie Ihren Abonnementplan einfach \u00e4ndern k\u00f6nnen. Upgraden oder downgraden, ohne verbleibende Tage zu verlieren. Folgen Sie unserer Schritt-f\u00fcr-Schritt-Anleitung f\u00fcr einen reibungslosen \u00dcbergang.","og_url":"https:\/\/hand2noteguide.com\/guide\/upgrade-subscription\/","og_site_name":"Hand2Note Guide","article_modified_time":"2025-06-04T16:02:21+00:00","twitter_card":"summary_large_image","twitter_misc":{"Est. reading time":"4 minutes"},"schema":{"@context":"https:\/\/schema.org","@graph":[]}},"jetpack_sharing_enabled":false,"_links":{"self":[{"href":"https:\/\/hand2noteguide.com\/de\/wp-json\/wp\/v2\/pages\/296","targetHints":{"allow":["GET"]}}],"collection":[{"href":"https:\/\/hand2noteguide.com\/de\/wp-json\/wp\/v2\/pages"}],"about":[{"href":"https:\/\/hand2noteguide.com\/de\/wp-json\/wp\/v2\/types\/page"}],"author":[{"embeddable":true,"href":"https:\/\/hand2noteguide.com\/de\/wp-json\/wp\/v2\/users\/1"}],"replies":[{"embeddable":true,"href":"https:\/\/hand2noteguide.com\/de\/wp-json\/wp\/v2\/comments?post=296"}],"version-history":[{"count":12,"href":"https:\/\/hand2noteguide.com\/de\/wp-json\/wp\/v2\/pages\/296\/revisions"}],"predecessor-version":[{"id":13538,"href":"https:\/\/hand2noteguide.com\/de\/wp-json\/wp\/v2\/pages\/296\/revisions\/13538"}],"up":[{"embeddable":true,"href":"https:\/\/hand2noteguide.com\/de\/wp-json\/wp\/v2\/pages\/74"}],"wp:attachment":[{"href":"https:\/\/hand2noteguide.com\/de\/wp-json\/wp\/v2\/media?parent=296"}],"curies":[{"name":"wp","href":"https:\/\/api.w.org\/{rel}","templated":true}]}}