{"id":316,"date":"2018-08-04T12:04:57","date_gmt":"2018-08-04T09:04:57","guid":{"rendered":"https:\/\/h2n312.wordpress.com\/?page_id=316"},"modified":"2025-06-04T19:00:46","modified_gmt":"2025-06-04T16:00:46","slug":"alias","status":"publish","type":"page","link":"https:\/\/hand2noteguide.com\/de\/guide\/alias\/","title":{"rendered":"Spieler-Alias"},"content":{"rendered":"<p>Alias erm\u00f6glicht es Ihnen, die zusammengefassten Ergebnisse mehrerer Spieler zu \u00fcberpr\u00fcfen. Diese Funktion ist n\u00fctzlich, wenn Sie in mehreren R\u00e4umen spielen oder mehrere Konten in einem Raum verwenden, zum Beispiel in <a href=\"https:\/\/hand2noteguide.com\/de\/asian\/\">PokerMaster<\/a>. Es kann auch relevant sein, wenn Sie die zusammengefassten Berichte einer bestimmten Gruppe von Gegnern sehen m\u00f6chten.<\/p>\n<p>Um ein Alias von Konten zu erstellen, gehen Sie zu <em>Settings \u2192 Alias<\/em>. Erstellen Sie ein neues Alias, geben Sie einen Namen ein und f\u00fcgen Sie dann eine beliebige Anzahl von Konten hinzu.<\/p>\n<p><img loading=\"lazy\" decoding=\"async\" class=\"alignnone size-full wp-image-848\" src=\"https:\/\/hand2noteguide.com\/wp-content\/uploads\/2019\/05\/hand2note-create-alias.png\" alt=\"hand2note create alias\" width=\"1147\" height=\"935\" srcset=\"https:\/\/hand2noteguide.com\/wp-content\/uploads\/2019\/05\/hand2note-create-alias.png 1147w, https:\/\/hand2noteguide.com\/wp-content\/uploads\/2019\/05\/hand2note-create-alias-300x245.png 300w, https:\/\/hand2noteguide.com\/wp-content\/uploads\/2019\/05\/hand2note-create-alias-768x626.png 768w, https:\/\/hand2noteguide.com\/wp-content\/uploads\/2019\/05\/hand2note-create-alias-1024x835.png 1024w, https:\/\/hand2noteguide.com\/wp-content\/uploads\/2019\/05\/hand2note-create-alias-772x629.png 772w, https:\/\/hand2noteguide.com\/wp-content\/uploads\/2019\/05\/hand2note-create-alias-624x509.png 624w\" sizes=\"auto, (max-width: 1147px) 100vw, 1147px\" \/><\/p>\n<p>Wenn Sie die Option &#8220;Integrate into HUD&#8221; aktivieren, werden die Statistiken aller Spieler aus dem Alias zusammengef\u00fchrt, das hei\u00dft, die zusammengef\u00fchrten Statistiken aller Spieler aus dem Alias werden im HUD f\u00fcr jeden hinzugef\u00fcgten Spieler angezeigt.<\/p>\n<p>Jetzt k\u00f6nnen Sie die zusammengefassten Ergebnisse der Spieler aus dem Alias im Reports- oder Sessions-Bereich sehen, indem Sie den Namen des Alias als Hero ausw\u00e4hlen.<\/p>\n<p><img loading=\"lazy\" decoding=\"async\" class=\"alignnone size-full wp-image-852\" src=\"https:\/\/hand2noteguide.com\/wp-content\/uploads\/2019\/05\/hand2note-alias-reports.png\" alt=\"hand2note alias reports\" width=\"1082\" height=\"515\" srcset=\"https:\/\/hand2noteguide.com\/wp-content\/uploads\/2019\/05\/hand2note-alias-reports.png 1082w, https:\/\/hand2noteguide.com\/wp-content\/uploads\/2019\/05\/hand2note-alias-reports-300x143.png 300w, https:\/\/hand2noteguide.com\/wp-content\/uploads\/2019\/05\/hand2note-alias-reports-768x366.png 768w, https:\/\/hand2noteguide.com\/wp-content\/uploads\/2019\/05\/hand2note-alias-reports-1024x487.png 1024w, https:\/\/hand2noteguide.com\/wp-content\/uploads\/2019\/05\/hand2note-alias-reports-772x367.png 772w, https:\/\/hand2noteguide.com\/wp-content\/uploads\/2019\/05\/hand2note-alias-reports-624x297.png 624w\" sizes=\"auto, (max-width: 1082px) 100vw, 1082px\" \/><\/p>\n<p>Das erstellte Alias wird auch in der Liste der Spieler im Hauptfenster des Programms angezeigt, und Sie k\u00f6nnen darauf doppelklicken, um ein allgemeines Popup mit kombinierten Statistiken zu \u00f6ffnen.<\/p>\n<p><img loading=\"lazy\" decoding=\"async\" class=\"alignnone size-full wp-image-851\" src=\"https:\/\/hand2noteguide.com\/wp-content\/uploads\/2019\/05\/hand2note-search-alias-1.png\" alt=\"hand2note search alias\" width=\"929\" height=\"199\" srcset=\"https:\/\/hand2noteguide.com\/wp-content\/uploads\/2019\/05\/hand2note-search-alias-1.png 929w, https:\/\/hand2noteguide.com\/wp-content\/uploads\/2019\/05\/hand2note-search-alias-1-300x64.png 300w, https:\/\/hand2noteguide.com\/wp-content\/uploads\/2019\/05\/hand2note-search-alias-1-768x165.png 768w, https:\/\/hand2noteguide.com\/wp-content\/uploads\/2019\/05\/hand2note-search-alias-1-772x165.png 772w, https:\/\/hand2noteguide.com\/wp-content\/uploads\/2019\/05\/hand2note-search-alias-1-624x134.png 624w\" sizes=\"auto, (max-width: 929px) 100vw, 929px\" \/><\/p>\n","protected":false},"excerpt":{"rendered":"<p>Alias erm\u00f6glicht es Ihnen, die zusammengefassten Ergebnisse mehrerer Spieler zu \u00fcberpr\u00fcfen. Diese Funktion ist n\u00fctzlich, wenn Sie in mehreren R\u00e4umen spielen oder mehrere Konten in einem Raum verwenden, zum Beispiel in PokerMaster. Es kann auch relevant sein, wenn Sie die zusammengefassten Berichte einer bestimmten Gruppe von Gegnern sehen m\u00f6chten. Um ein Alias von Konten zu &hellip; <a href=\"https:\/\/hand2noteguide.com\/de\/guide\/alias\/\" class=\"more-link\">Continue reading <span class=\"screen-reader-text\">Spieler-Alias<\/span><\/a><\/p>\n","protected":false},"author":1,"featured_media":0,"parent":74,"menu_order":0,"comment_status":"closed","ping_status":"closed","template":"page-templates\/full-width-page.php","meta":{"footnotes":""},"class_list":["post-316","page","type-page","status-publish","hentry"],"translation":{"provider":"WPGlobus","version":"3.0.2","language":"de","enabled_languages":["en","ru","pt","zh","es","fr","de","it","ja"],"languages":{"en":{"title":true,"content":true,"excerpt":false},"ru":{"title":true,"content":true,"excerpt":false},"pt":{"title":true,"content":true,"excerpt":false},"zh":{"title":true,"content":true,"excerpt":false},"es":{"title":true,"content":true,"excerpt":false},"fr":{"title":true,"content":true,"excerpt":false},"de":{"title":true,"content":true,"excerpt":false},"it":{"title":true,"content":true,"excerpt":false},"ja":{"title":true,"content":true,"excerpt":false}}},"yoast_head":"<!-- This site is optimized with the Yoast SEO plugin v27.0 - https:\/\/yoast.com\/product\/yoast-seo-wordpress\/ -->\n<title>&quot;Spieler-Aliase meistern f\u00fcr bessere Poker-Statistik-Analyse&quot;<\/title>\n<meta name=\"description\" content=\"&quot;Erfahren Sie, wie Sie Spieler-Aliase in Hand2Note verwenden, um Statistiken \u00fcber mehrere Konten hinweg zu konsolidieren und Ihre Pokerstrategie und -analyse zu verbessern.&quot;\" \/>\n<meta name=\"robots\" content=\"index, follow, max-snippet:-1, max-image-preview:large, max-video-preview:-1\" \/>\n<link rel=\"canonical\" href=\"https:\/\/hand2noteguide.com\/guide\/alias\/\" \/>\n<meta property=\"og:locale\" content=\"de_DE\" \/>\n<meta property=\"og:type\" content=\"article\" \/>\n<meta property=\"og:title\" content=\"&quot;Spieler-Aliase meistern f\u00fcr bessere Poker-Statistik-Analyse&quot;\" \/>\n<meta property=\"og:description\" content=\"&quot;Erfahren Sie, wie Sie Spieler-Aliase in Hand2Note verwenden, um Statistiken \u00fcber mehrere Konten hinweg zu konsolidieren und Ihre Pokerstrategie und -analyse zu verbessern.&quot;\" \/>\n<meta property=\"og:url\" content=\"https:\/\/hand2noteguide.com\/guide\/alias\/\" \/>\n<meta property=\"og:site_name\" content=\"Hand2Note Guide\" \/>\n<meta property=\"article:modified_time\" content=\"2025-06-04T16:00:46+00:00\" \/>\n<meta property=\"og:image\" content=\"https:\/\/hand2noteguide.com\/wp-content\/uploads\/2019\/05\/hand2note-create-alias.png\" \/>\n<meta name=\"twitter:card\" content=\"summary_large_image\" \/>\n<meta name=\"twitter:label1\" content=\"Est. reading time\" \/>\n\t<meta name=\"twitter:data1\" content=\"5 minutes\" \/>\n<!-- \/ Yoast SEO plugin. -->","yoast_head_json":{"title":"\"Spieler-Aliase meistern f\u00fcr bessere Poker-Statistik-Analyse\"","description":"\"Erfahren Sie, wie Sie Spieler-Aliase in Hand2Note verwenden, um Statistiken \u00fcber mehrere Konten hinweg zu konsolidieren und Ihre Pokerstrategie und -analyse zu verbessern.\"","robots":{"index":"index","follow":"follow","max-snippet":"max-snippet:-1","max-image-preview":"max-image-preview:large","max-video-preview":"max-video-preview:-1"},"canonical":"https:\/\/hand2noteguide.com\/guide\/alias\/","og_locale":"de_DE","og_type":"article","og_title":"\"Spieler-Aliase meistern f\u00fcr bessere Poker-Statistik-Analyse\"","og_description":"\"Erfahren Sie, wie Sie Spieler-Aliase in Hand2Note verwenden, um Statistiken \u00fcber mehrere Konten hinweg zu konsolidieren und Ihre Pokerstrategie und -analyse zu verbessern.\"","og_url":"https:\/\/hand2noteguide.com\/guide\/alias\/","og_site_name":"Hand2Note Guide","article_modified_time":"2025-06-04T16:00:46+00:00","og_image":[{"url":"https:\/\/hand2noteguide.com\/wp-content\/uploads\/2019\/05\/hand2note-create-alias.png","type":"","width":"","height":""}],"twitter_card":"summary_large_image","twitter_misc":{"Est. reading time":"5 minutes"},"schema":{"@context":"https:\/\/schema.org","@graph":[]}},"jetpack_sharing_enabled":false,"_links":{"self":[{"href":"https:\/\/hand2noteguide.com\/de\/wp-json\/wp\/v2\/pages\/316","targetHints":{"allow":["GET"]}}],"collection":[{"href":"https:\/\/hand2noteguide.com\/de\/wp-json\/wp\/v2\/pages"}],"about":[{"href":"https:\/\/hand2noteguide.com\/de\/wp-json\/wp\/v2\/types\/page"}],"author":[{"embeddable":true,"href":"https:\/\/hand2noteguide.com\/de\/wp-json\/wp\/v2\/users\/1"}],"replies":[{"embeddable":true,"href":"https:\/\/hand2noteguide.com\/de\/wp-json\/wp\/v2\/comments?post=316"}],"version-history":[{"count":12,"href":"https:\/\/hand2noteguide.com\/de\/wp-json\/wp\/v2\/pages\/316\/revisions"}],"predecessor-version":[{"id":13536,"href":"https:\/\/hand2noteguide.com\/de\/wp-json\/wp\/v2\/pages\/316\/revisions\/13536"}],"up":[{"embeddable":true,"href":"https:\/\/hand2noteguide.com\/de\/wp-json\/wp\/v2\/pages\/74"}],"wp:attachment":[{"href":"https:\/\/hand2noteguide.com\/de\/wp-json\/wp\/v2\/media?parent=316"}],"curies":[{"name":"wp","href":"https:\/\/api.w.org\/{rel}","templated":true}]}}