{"id":324,"date":"2018-08-04T12:21:08","date_gmt":"2018-08-04T09:21:08","guid":{"rendered":"https:\/\/h2n312.wordpress.com\/?page_id=324"},"modified":"2025-06-04T19:00:02","modified_gmt":"2025-06-04T16:00:02","slug":"crash-when-entering-reports","status":"publish","type":"page","link":"https:\/\/hand2noteguide.com\/de\/issues-resolving\/crash-when-entering-reports\/","title":{"rendered":"Hand2Note st\u00fcrzt ab beim Aufrufen von Sessions\/Reports"},"content":{"rendered":"<p>Wenn Hand2Note mit einem kritischen <em>System.InvalidOperationException<\/em>-Fehler abst\u00fcrzt, wenn Sie versuchen, den Bereich Reports oder Sessions aufzurufen, kann dieses Problem meist durch ein einfaches <a href=\"https:\/\/hand2noteguide.com\/de\/guide\/rebuild-stats\/\">Neuerstellen der Statistiken<\/a> gel\u00f6st werden. Klicken Sie im Hauptfenster auf \u00ab<em>Clear stats<\/em>\u00bb, dann auf \u00ab<em>Build stats<\/em>\u00bb, und warten Sie, bis der Vorgang abgeschlossen ist.<\/p>\n<p><img loading=\"lazy\" decoding=\"async\" class=\"alignnone size-full wp-image-651\" src=\"https:\/\/hand2noteguide.com\/wp-content\/uploads\/2018\/11\/hand2note-rebuild-stats.png\" alt=\"Hand2Note rebuild stats\" width=\"477\" height=\"120\" srcset=\"https:\/\/hand2noteguide.com\/wp-content\/uploads\/2018\/11\/hand2note-rebuild-stats.png 477w, https:\/\/hand2noteguide.com\/wp-content\/uploads\/2018\/11\/hand2note-rebuild-stats-300x75.png 300w\" sizes=\"auto, (max-width: 477px) 100vw, 477px\" \/><\/p>\n<p>Wenn das Problem weiterhin besteht, versuchen Sie, eine <a href=\"https:\/\/hand2noteguide.com\/de\/guide\/database\/create-database\/\">neue Datenbank zu erstellen<\/a> und die notwendigen H\u00e4nde darin zu importieren. Wenn auch dies nicht hilft, versuchen Sie, das Programm gem\u00e4\u00df den Anweisungen <a href=\"https:\/\/hand2noteguide.com\/de\/issues-resolving\/reinstall\/\">neu zu installieren<\/a>.<\/p>\n<p>Falls keine der oben genannten Ma\u00dfnahmen funktioniert, wenden Sie sich an den <a href=\"https:\/\/hand2noteguide.com\/de\/hand2note-official-support\/\">Support-Service<\/a>.<\/p>\n","protected":false},"excerpt":{"rendered":"<p>Wenn Hand2Note mit einem kritischen System.InvalidOperationException-Fehler abst\u00fcrzt, wenn Sie versuchen, den Bereich Reports oder Sessions aufzurufen, kann dieses Problem meist durch ein einfaches Neuerstellen der Statistiken gel\u00f6st werden. Klicken Sie im Hauptfenster auf \u00abClear stats\u00bb, dann auf \u00abBuild stats\u00bb, und warten Sie, bis der Vorgang abgeschlossen ist. Wenn das Problem weiterhin besteht, versuchen Sie, eine &hellip; <a href=\"https:\/\/hand2noteguide.com\/de\/issues-resolving\/crash-when-entering-reports\/\" class=\"more-link\">Continue reading <span class=\"screen-reader-text\">Hand2Note st\u00fcrzt ab beim Aufrufen von Sessions\/Reports<\/span><\/a><\/p>\n","protected":false},"author":1,"featured_media":0,"parent":236,"menu_order":5,"comment_status":"closed","ping_status":"closed","template":"page-templates\/full-width-page.php","meta":{"footnotes":""},"class_list":["post-324","page","type-page","status-publish","hentry"],"translation":{"provider":"WPGlobus","version":"3.0.2","language":"de","enabled_languages":["en","ru","pt","zh","es","fr","de","it","ja"],"languages":{"en":{"title":true,"content":true,"excerpt":false},"ru":{"title":true,"content":true,"excerpt":false},"pt":{"title":true,"content":true,"excerpt":false},"zh":{"title":true,"content":true,"excerpt":false},"es":{"title":true,"content":true,"excerpt":false},"fr":{"title":true,"content":true,"excerpt":false},"de":{"title":true,"content":true,"excerpt":false},"it":{"title":true,"content":true,"excerpt":false},"ja":{"title":true,"content":true,"excerpt":false}}},"yoast_head":"<!-- This site is optimized with the Yoast SEO plugin v27.0 - https:\/\/yoast.com\/product\/yoast-seo-wordpress\/ -->\n<title>Hand2Note-Abst\u00fcrze in Sessions oder Reports einfach beheben<\/title>\n<meta name=\"description\" content=\"Erfahren Sie, wie Sie Hand2Note-Abst\u00fcrze in Sessions oder Reports mit einfachen Schritten beheben k\u00f6nnen. Erstellen Sie Statistiken neu, erstellen Sie eine neue Datenbank oder installieren Sie das Programm neu.\" \/>\n<meta name=\"robots\" content=\"index, follow, max-snippet:-1, max-image-preview:large, max-video-preview:-1\" \/>\n<link rel=\"canonical\" href=\"https:\/\/hand2noteguide.com\/issues-resolving\/crash-when-entering-reports\/\" \/>\n<meta property=\"og:locale\" content=\"de_DE\" \/>\n<meta property=\"og:type\" content=\"article\" \/>\n<meta property=\"og:title\" content=\"Hand2Note-Abst\u00fcrze in Sessions oder Reports einfach beheben\" \/>\n<meta property=\"og:description\" content=\"Erfahren Sie, wie Sie Hand2Note-Abst\u00fcrze in Sessions oder Reports mit einfachen Schritten beheben k\u00f6nnen. Erstellen Sie Statistiken neu, erstellen Sie eine neue Datenbank oder installieren Sie das Programm neu.\" \/>\n<meta property=\"og:url\" content=\"https:\/\/hand2noteguide.com\/issues-resolving\/crash-when-entering-reports\/\" \/>\n<meta property=\"og:site_name\" content=\"Hand2Note Guide\" \/>\n<meta property=\"article:modified_time\" content=\"2025-06-04T16:00:02+00:00\" \/>\n<meta property=\"og:image\" content=\"https:\/\/hand2noteguide.com\/wp-content\/uploads\/2018\/08\/hand2note-d0bfd0b5d180d0b5d181d182d180d0bed0b8d182d18c-d181d182d0b0d182d0b8d181d182d0b8d0bad183.png\" \/>\n<meta name=\"twitter:card\" content=\"summary_large_image\" \/>\n<meta name=\"twitter:label1\" content=\"Est. reading time\" \/>\n\t<meta name=\"twitter:data1\" content=\"3 minutes\" \/>\n<!-- \/ Yoast SEO plugin. -->","yoast_head_json":{"title":"Hand2Note-Abst\u00fcrze in Sessions oder Reports einfach beheben","description":"Erfahren Sie, wie Sie Hand2Note-Abst\u00fcrze in Sessions oder Reports mit einfachen Schritten beheben k\u00f6nnen. Erstellen Sie Statistiken neu, erstellen Sie eine neue Datenbank oder installieren Sie das Programm neu.","robots":{"index":"index","follow":"follow","max-snippet":"max-snippet:-1","max-image-preview":"max-image-preview:large","max-video-preview":"max-video-preview:-1"},"canonical":"https:\/\/hand2noteguide.com\/issues-resolving\/crash-when-entering-reports\/","og_locale":"de_DE","og_type":"article","og_title":"Hand2Note-Abst\u00fcrze in Sessions oder Reports einfach beheben","og_description":"Erfahren Sie, wie Sie Hand2Note-Abst\u00fcrze in Sessions oder Reports mit einfachen Schritten beheben k\u00f6nnen. Erstellen Sie Statistiken neu, erstellen Sie eine neue Datenbank oder installieren Sie das Programm neu.","og_url":"https:\/\/hand2noteguide.com\/issues-resolving\/crash-when-entering-reports\/","og_site_name":"Hand2Note Guide","article_modified_time":"2025-06-04T16:00:02+00:00","og_image":[{"url":"https:\/\/hand2noteguide.com\/wp-content\/uploads\/2018\/08\/hand2note-d0bfd0b5d180d0b5d181d182d180d0bed0b8d182d18c-d181d182d0b0d182d0b8d181d182d0b8d0bad183.png","type":"","width":"","height":""}],"twitter_card":"summary_large_image","twitter_misc":{"Est. reading time":"3 minutes"},"schema":{"@context":"https:\/\/schema.org","@graph":[]}},"jetpack_sharing_enabled":false,"_links":{"self":[{"href":"https:\/\/hand2noteguide.com\/de\/wp-json\/wp\/v2\/pages\/324","targetHints":{"allow":["GET"]}}],"collection":[{"href":"https:\/\/hand2noteguide.com\/de\/wp-json\/wp\/v2\/pages"}],"about":[{"href":"https:\/\/hand2noteguide.com\/de\/wp-json\/wp\/v2\/types\/page"}],"author":[{"embeddable":true,"href":"https:\/\/hand2noteguide.com\/de\/wp-json\/wp\/v2\/users\/1"}],"replies":[{"embeddable":true,"href":"https:\/\/hand2noteguide.com\/de\/wp-json\/wp\/v2\/comments?post=324"}],"version-history":[{"count":13,"href":"https:\/\/hand2noteguide.com\/de\/wp-json\/wp\/v2\/pages\/324\/revisions"}],"predecessor-version":[{"id":13535,"href":"https:\/\/hand2noteguide.com\/de\/wp-json\/wp\/v2\/pages\/324\/revisions\/13535"}],"up":[{"embeddable":true,"href":"https:\/\/hand2noteguide.com\/de\/wp-json\/wp\/v2\/pages\/236"}],"wp:attachment":[{"href":"https:\/\/hand2noteguide.com\/de\/wp-json\/wp\/v2\/media?parent=324"}],"curies":[{"name":"wp","href":"https:\/\/api.w.org\/{rel}","templated":true}]}}