{"id":3334,"date":"2020-07-14T07:17:17","date_gmt":"2020-07-14T04:17:17","guid":{"rendered":"http:\/\/hand2noteguide.com\/?page_id=3334"},"modified":"2026-02-21T21:01:32","modified_gmt":"2026-02-21T18:01:32","slug":"hud-not-showing","status":"publish","type":"page","link":"https:\/\/hand2noteguide.com\/de\/issues-resolving\/hud-not-showing\/","title":{"rendered":"HUD wird nicht angezeigt. Was tun?"},"content":{"rendered":"<div class=\"wp-block-h2n-alert h2n-alert h2n-alert--danger\"><div class=\"h2n-alert__icon\" aria-hidden=\"true\"><svg width=\"22\" height=\"22\" viewBox=\"0 0 24 24\" fill=\"none\" stroke=\"currentColor\" stroke-width=\"2\" stroke-linecap=\"round\" stroke-linejoin=\"round\"><polygon points=\"7.86 2 16.14 2 22 7.86 22 16.14 16.14 22 7.86 22 2 16.14 2 7.86 7.86 2\"\/><line x1=\"12\" y1=\"8\" x2=\"12\" y2=\"12\"\/><circle cx=\"12\" cy=\"16\" r=\"1\" fill=\"currentColor\" stroke=\"none\"\/><\/svg><\/div><div class=\"h2n-alert__content\">Dies ist eine Fehlerbehebungsanleitung f\u00fcr Hand2Note 3, das inzwischen veraltet ist. Die aktuellste Anleitung zur Behebung von HUD-Problemen in <strong>Hand2Note 4<\/strong> finden Sie in unserem <a href=\"https:\/\/hand2noteguide.com\/de\/user-manual\/hand2note4-hud-problem\/\">Leitfaden zur HUD-Problembehebung in Hand2Note 4<\/a>.<\/div><\/div>\n\n\n<p>Normalerweise erscheint das HUD automatisch, wenn Sie Hand2Note und die Pokerraum-Anwendung gleichzeitig ausf\u00fchren. Aber was tun, wenn das Hand2Note HUD aus irgendeinem Grund nicht angezeigt wird? In diesem Artikel bieten wir Ihnen eine Schritt-f\u00fcr-Schritt-Anleitung, um das Problem mit dem fehlenden HUD zu l\u00f6sen.<\/p>\n\n\n\n<figure class=\"wp-block-image size-large\"><img loading=\"lazy\" decoding=\"async\" width=\"913\" height=\"608\" src=\"https:\/\/hand2noteguide.com\/wp-content\/uploads\/2020\/07\/hand2note-hud-not-showing.png\" alt=\"hand2note hud not showing\" class=\"wp-image-3365\" srcset=\"https:\/\/hand2noteguide.com\/wp-content\/uploads\/2020\/07\/hand2note-hud-not-showing.png 913w, https:\/\/hand2noteguide.com\/wp-content\/uploads\/2020\/07\/hand2note-hud-not-showing-300x200.png 300w, https:\/\/hand2noteguide.com\/wp-content\/uploads\/2020\/07\/hand2note-hud-not-showing-768x511.png 768w, https:\/\/hand2noteguide.com\/wp-content\/uploads\/2020\/07\/hand2note-hud-not-showing-772x514.png 772w, https:\/\/hand2noteguide.com\/wp-content\/uploads\/2020\/07\/hand2note-hud-not-showing-624x416.png 624w\" sizes=\"auto, (max-width: 913px) 100vw, 913px\" \/><figcaption class=\"wp-element-caption\">Hand2Note und Pokerraum sind ge\u00f6ffnet, aber das HUD funktioniert nicht<\/figcaption><\/figure>\n\n\n\n<p>Gut, dann lassen Sie uns das Problem l\u00f6sen. Unser Leitfaden wird einfache Schritte enthalten (\u00fcberspringen Sie sie nicht, sie k\u00f6nnen helfen!) und auch spezifischere.<\/p>\n\n\n\n<h2 class=\"wp-block-heading\">1. Stellen Sie sicher, dass Sie eine unterst\u00fctzte App verwenden<\/h2>\n\n\n\n<p>Wenn Sie versuchen, das HUD auf den beliebtesten Seiten wie <a href=\"https:\/\/hand2noteguide.com\/de\/pokerstars-hud\/\">PokerStars<\/a> zu erhalten, k\u00f6nnen Sie sicher zum n\u00e4chsten Schritt \u00fcbergehen. Aber wenn es sich um einen weniger popul\u00e4ren Raum handelt, m\u00fcssen Sie sicherstellen, dass er von Hand2Note unterst\u00fctzt wird. Werfen Sie einen Blick auf die Liste der <a href=\"https:\/\/hand2note.com\/Help\/pages\/SupportedRooms\/\">unterst\u00fctzten Apps<\/a> und \u00fcberpr\u00fcfen Sie es. (Es gibt eine separate Liste der <a href=\"https:\/\/hand2noteguide.com\/de\/asian\/\">unterst\u00fctzten asiatischen R\u00e4ume<\/a>). Wenn Ihre App nicht in der Liste ist, funktioniert das Hand2Note HUD dort offensichtlich nicht.<\/p>\n\n\n\n<h2 class=\"wp-block-heading\">2. Aktualisieren Sie Hand2Note auf die neueste Version<\/h2>\n\n\n\n<p>Es ist besser, die Hand2Note-Software auf dem neuesten Stand zu halten, da die neueste Version m\u00f6glicherweise Korrekturen f\u00fcr die Probleme mit Ihrem Raum enth\u00e4lt. Wenn Sie also die Aufschrift &#8220;Updates&#8221; in Rot sehen, klicken Sie darauf und installieren Sie alle verf\u00fcgbaren Updates.<\/p>\n\n\n\n<figure class=\"wp-block-image size-large\"><img loading=\"lazy\" decoding=\"async\" width=\"514\" height=\"248\" src=\"https:\/\/hand2noteguide.com\/wp-content\/uploads\/2020\/07\/hand2note-update.png\" alt=\"\" class=\"wp-image-3368\" srcset=\"https:\/\/hand2noteguide.com\/wp-content\/uploads\/2020\/07\/hand2note-update.png 514w, https:\/\/hand2noteguide.com\/wp-content\/uploads\/2020\/07\/hand2note-update-300x145.png 300w\" sizes=\"auto, (max-width: 514px) 100vw, 514px\" \/><figcaption class=\"wp-element-caption\">Aktualisieren Sie Hand2Note, um das HUD zum Laufen zu bringen<\/figcaption><\/figure>\n\n\n\n<h2 class=\"wp-block-heading\">3. Installieren Sie Windows-Updates<\/h2>\n\n\n\n<p>Wir empfehlen, auch alle verf\u00fcgbaren Windows-Updates zu installieren. In einigen F\u00e4llen kann dies helfen, das Hand2Note HUD-Problem zu l\u00f6sen. Aber selbst wenn es bei diesem Problem in Ihrem Fall nicht hilft, ist es dennoch n\u00fctzlich f\u00fcr einen stabileren Betrieb der Hand2Note-Software.<\/p>\n\n\n\n<figure class=\"wp-block-image size-large\"><img loading=\"lazy\" decoding=\"async\" width=\"700\" height=\"278\" src=\"https:\/\/hand2noteguide.com\/wp-content\/uploads\/2020\/07\/windows-update.png\" alt=\"\" class=\"wp-image-3370\" srcset=\"https:\/\/hand2noteguide.com\/wp-content\/uploads\/2020\/07\/windows-update.png 700w, https:\/\/hand2noteguide.com\/wp-content\/uploads\/2020\/07\/windows-update-300x119.png 300w, https:\/\/hand2noteguide.com\/wp-content\/uploads\/2020\/07\/windows-update-624x248.png 624w\" sizes=\"auto, (max-width: 700px) 100vw, 700px\" \/><figcaption class=\"wp-element-caption\">Windows-Updates k\u00f6nnen ebenfalls hilfreich sein<\/figcaption><\/figure>\n\n\n\n<h2 class=\"wp-block-heading\">4. F\u00fchren Sie alle Apps als Administrator aus<\/h2>\n\n\n\n<p>Hand2Note wird standardm\u00e4\u00dfig als Administrator ausgef\u00fchrt. Aber Ihre Pokerraum-App tut dies m\u00f6glicherweise nicht. Wenn Sie also Ihren Raum \u00f6ffnen, klicken Sie mit der rechten Maustaste auf das entsprechende Symbol und w\u00e4hlen Sie &#8220;Als Administrator ausf\u00fchren&#8221;. Wenn Sie in asiatischen Apps \u00fcber den Android-Emulator spielen, k\u00f6nnen Sie diesen Schritt \u00fcberspringen.<\/p>\n\n\n\n<figure class=\"wp-block-image size-large\"><img loading=\"lazy\" decoding=\"async\" width=\"393\" height=\"273\" src=\"https:\/\/hand2noteguide.com\/wp-content\/uploads\/2020\/07\/pokerstars-admin.png\" alt=\"\" class=\"wp-image-3372\" srcset=\"https:\/\/hand2noteguide.com\/wp-content\/uploads\/2020\/07\/pokerstars-admin.png 393w, https:\/\/hand2noteguide.com\/wp-content\/uploads\/2020\/07\/pokerstars-admin-300x208.png 300w\" sizes=\"auto, (max-width: 393px) 100vw, 393px\" \/><figcaption class=\"wp-element-caption\">F\u00fchren Sie die Pokerraum-App als Administrator aus<\/figcaption><\/figure>\n\n\n\n<h2 class=\"wp-block-heading\">5. \u00dcberpr\u00fcfen Sie, ob Ihre Hand2Note-Lizenz aktiv ist<\/h2>\n\n\n\n<p>Wenn Sie das HUD in einem der europ\u00e4ischen oder amerikanischen R\u00e4ume anzeigen m\u00f6chten, passt die <a href=\"https:\/\/hand2noteguide.com\/de\/hand2note-for-free\/\">kostenlose Version von Hand2Note<\/a> zu Ihnen. Sie k\u00f6nnen diesen Schritt also \u00fcberspringen. Aber wenn Sie versuchen, das HUD in <a href=\"https:\/\/hand2noteguide.com\/de\/pokerbros-hud\/\">PokerBros<\/a>, <a href=\"https:\/\/hand2noteguide.com\/de\/pppoker-hud\/\">PPPoker<\/a> oder einer anderen asiatischen App zu verwenden, ben\u00f6tigen Sie eine aktive Lizenz. Es kann sich um eine kostenlose Testphase f\u00fcr asiatische R\u00e4ume oder ein ASIA- oder PRO-Abonnement handeln. Wenn Sie diese nicht haben, k\u00f6nnen Sie sie mit unserem Promo-Code <a href=\"https:\/\/hand2noteguide.com\/de\/promo\/\">verg\u00fcnstigt kaufen<\/a>. Wir empfehlen die PRO-Version, da sie <a href=\"https:\/\/hand2noteguide.com\/de\/why-purchase-hand2note\/\">alle erweiterten Funktionen<\/a> der Software enth\u00e4lt.<\/p>\n\n\n\n<figure class=\"wp-block-image size-large\"><img loading=\"lazy\" decoding=\"async\" width=\"445\" height=\"445\" src=\"https:\/\/hand2noteguide.com\/wp-content\/uploads\/2020\/07\/hand2note-range-pro.png\" alt=\"\" class=\"wp-image-3376\" srcset=\"https:\/\/hand2noteguide.com\/wp-content\/uploads\/2020\/07\/hand2note-range-pro.png 445w, https:\/\/hand2noteguide.com\/wp-content\/uploads\/2020\/07\/hand2note-range-pro-300x300.png 300w, https:\/\/hand2noteguide.com\/wp-content\/uploads\/2020\/07\/hand2note-range-pro-150x150.png 150w, https:\/\/hand2noteguide.com\/wp-content\/uploads\/2020\/07\/hand2note-range-pro-96x96.png 96w\" sizes=\"auto, (max-width: 445px) 100vw, 445px\" \/><figcaption class=\"wp-element-caption\">Poker-Hand-Range-Diagramme sind Teil der Hand2Note PRO-Version<\/figcaption><\/figure>\n\n\n\n<h2 class=\"wp-block-heading\">6. Einfach warten<\/h2>\n\n\n\n<p>Das HUD erscheint m\u00f6glicherweise nicht sofort, wenn Sie Hand2Note zum ersten Mal im Raum verwenden. Versuchen Sie also einfach, ein paar Minuten zu warten. Bitte beachten Sie, dass Sie nicht am Tisch sitzen m\u00fcssen, um das HUD zu erhalten. Hand2Note sollte das HUD auf den Gegnern anzeigen, auch wenn Sie nur das Spiel beobachten.<\/p>\n\n\n\n<figure class=\"wp-block-image size-large\"><img loading=\"lazy\" decoding=\"async\" width=\"650\" height=\"476\" src=\"https:\/\/hand2noteguide.com\/wp-content\/uploads\/2020\/07\/hand2note-pokerstars-hud.png\" alt=\"\" class=\"wp-image-3374\" srcset=\"https:\/\/hand2noteguide.com\/wp-content\/uploads\/2020\/07\/hand2note-pokerstars-hud.png 650w, https:\/\/hand2noteguide.com\/wp-content\/uploads\/2020\/07\/hand2note-pokerstars-hud-300x220.png 300w, https:\/\/hand2noteguide.com\/wp-content\/uploads\/2020\/07\/hand2note-pokerstars-hud-624x457.png 624w\" sizes=\"auto, (max-width: 650px) 100vw, 650px\" \/><figcaption class=\"wp-element-caption\">Hand2Note HUD wird im Beobachtungsmodus auf PokerStars angezeigt<\/figcaption><\/figure>\n\n\n\n<h2 class=\"wp-block-heading\">7. Starten Sie alles zweimal neu<\/h2>\n\n\n\n<p>Es ist offensichtlich, aber in einer ziemlich gro\u00dfen Anzahl von F\u00e4llen kann dies helfen. Versuchen Sie also, Folgendes neu zu starten:<\/p>\n\n\n\n<ul class=\"wp-block-list\">\n<li>Ihren PC;<\/li>\n\n\n\n<li>WLAN-Router;<\/li>\n\n\n\n<li>Hand2Note;<\/li>\n\n\n\n<li>die Pokerraum-App.<\/li>\n<\/ul>\n\n\n\n<p>Sie m\u00fcssen dies nicht jedes Mal tun. Es ist nur einmal erforderlich, damit Hand2Note Ihren App-Verkehr erfassen kann.<\/p>\n\n\n\n<h2 class=\"wp-block-heading\">8. Was, wenn nichts geholfen hat?<\/h2>\n\n\n\n<p>Wenn Sie alle Schritte abgeschlossen haben, aber immer noch kein HUD an den Tischen vorhanden ist, gibt es m\u00f6glicherweise ein spezifisches Problem in Ihrer Konfiguration. Oder es kann auch ein allgemeines Hand2Note-Problem nach dem Update einer bestimmten Raum-App sein. Bitte kontaktieren Sie das <a href=\"https:\/\/hand2noteguide.com\/de\/hand2note-official-support\/\">Hand2Note-Support-Team<\/a>. Sie werden Ihnen die neuesten Informationen \u00fcber bestimmte R\u00e4ume geben und helfen, das HUD zu erhalten, wenn auf der Hand2Note-Seite alles in Ordnung ist.<\/p>\n\n\n\n<p style=\"margin-top:24px\"><a style=\"font-weight:bold !important\" href=\"\/de\/hand2note-official-support\/\" class=\"article-action-link\">Kontaktieren Sie das Hand2Note-Support-Team \u2192<\/a><\/p>\n","protected":false},"excerpt":{"rendered":"<p>Normalerweise erscheint das HUD automatisch, wenn Sie Hand2Note und die Pokerraum-Anwendung gleichzeitig ausf\u00fchren. Aber was tun, wenn das Hand2Note HUD aus irgendeinem Grund nicht angezeigt wird? In diesem Artikel bieten wir Ihnen eine Schritt-f\u00fcr-Schritt-Anleitung, um das Problem mit dem fehlenden HUD zu l\u00f6sen. Gut, dann lassen Sie uns das Problem l\u00f6sen. Unser Leitfaden wird einfache &hellip; <a href=\"https:\/\/hand2noteguide.com\/de\/issues-resolving\/hud-not-showing\/\" class=\"more-link\">Continue reading <span class=\"screen-reader-text\">HUD wird nicht angezeigt. Was tun?<\/span><\/a><\/p>\n","protected":false},"author":1,"featured_media":0,"parent":236,"menu_order":0,"comment_status":"closed","ping_status":"closed","template":"","meta":{"footnotes":""},"class_list":["post-3334","page","type-page","status-publish","hentry"],"translation":{"provider":"WPGlobus","version":"3.0.2","language":"de","enabled_languages":["en","ru","pt","zh","es","fr","de","it","ja"],"languages":{"en":{"title":true,"content":true,"excerpt":false},"ru":{"title":true,"content":true,"excerpt":false},"pt":{"title":true,"content":true,"excerpt":false},"zh":{"title":true,"content":true,"excerpt":false},"es":{"title":true,"content":true,"excerpt":false},"fr":{"title":true,"content":true,"excerpt":false},"de":{"title":true,"content":true,"excerpt":false},"it":{"title":true,"content":true,"excerpt":false},"ja":{"title":true,"content":true,"excerpt":false}}},"yoast_head":"<!-- This site is optimized with the Yoast SEO plugin v27.0 - https:\/\/yoast.com\/product\/yoast-seo-wordpress\/ -->\n<title>Hand2Note HUD funktioniert nicht? 7 Schritte zur L\u00f6sung des &quot;Kein HUD&quot;-Problems<\/title>\n<meta name=\"description\" content=\"Wenn das Hand2Note HUD aus irgendeinem Grund nicht funktioniert, keine Sorge. Wir bieten eine Schritt-f\u00fcr-Schritt-Anleitung zur L\u00f6sung des &quot;Kein HUD&quot;-Problems. Sie werden das HUD in Ihrem Pokerraum erhalten.\" \/>\n<meta name=\"robots\" content=\"index, follow, max-snippet:-1, max-image-preview:large, max-video-preview:-1\" \/>\n<link rel=\"canonical\" href=\"https:\/\/hand2noteguide.com\/issues-resolving\/hud-not-showing\/\" \/>\n<meta property=\"og:locale\" content=\"de_DE\" \/>\n<meta property=\"og:type\" content=\"article\" \/>\n<meta property=\"og:title\" content=\"Hand2Note HUD funktioniert nicht? 7 Schritte zur L\u00f6sung des &quot;Kein HUD&quot;-Problems\" \/>\n<meta property=\"og:description\" content=\"Wenn das Hand2Note HUD aus irgendeinem Grund nicht funktioniert, keine Sorge. Wir bieten eine Schritt-f\u00fcr-Schritt-Anleitung zur L\u00f6sung des &quot;Kein HUD&quot;-Problems. Sie werden das HUD in Ihrem Pokerraum erhalten.\" \/>\n<meta property=\"og:url\" content=\"https:\/\/hand2noteguide.com\/issues-resolving\/hud-not-showing\/\" \/>\n<meta property=\"og:site_name\" content=\"Hand2Note Guide\" \/>\n<meta property=\"article:modified_time\" content=\"2026-02-21T18:01:32+00:00\" \/>\n<meta property=\"og:image\" content=\"https:\/\/hand2noteguide.com\/wp-content\/uploads\/2020\/07\/hand2note-hud-not-showing.png\" \/>\n<meta name=\"twitter:card\" content=\"summary_large_image\" \/>\n<meta name=\"twitter:label1\" content=\"Est. reading time\" \/>\n\t<meta name=\"twitter:data1\" content=\"23 minutes\" \/>\n<!-- \/ Yoast SEO plugin. -->","yoast_head_json":{"title":"Hand2Note HUD funktioniert nicht? 7 Schritte zur L\u00f6sung des \"Kein HUD\"-Problems","description":"Wenn das Hand2Note HUD aus irgendeinem Grund nicht funktioniert, keine Sorge. Wir bieten eine Schritt-f\u00fcr-Schritt-Anleitung zur L\u00f6sung des \"Kein HUD\"-Problems. Sie werden das HUD in Ihrem Pokerraum erhalten.","robots":{"index":"index","follow":"follow","max-snippet":"max-snippet:-1","max-image-preview":"max-image-preview:large","max-video-preview":"max-video-preview:-1"},"canonical":"https:\/\/hand2noteguide.com\/issues-resolving\/hud-not-showing\/","og_locale":"de_DE","og_type":"article","og_title":"Hand2Note HUD funktioniert nicht? 7 Schritte zur L\u00f6sung des \"Kein HUD\"-Problems","og_description":"Wenn das Hand2Note HUD aus irgendeinem Grund nicht funktioniert, keine Sorge. Wir bieten eine Schritt-f\u00fcr-Schritt-Anleitung zur L\u00f6sung des \"Kein HUD\"-Problems. Sie werden das HUD in Ihrem Pokerraum erhalten.","og_url":"https:\/\/hand2noteguide.com\/issues-resolving\/hud-not-showing\/","og_site_name":"Hand2Note Guide","article_modified_time":"2026-02-21T18:01:32+00:00","og_image":[{"url":"https:\/\/hand2noteguide.com\/wp-content\/uploads\/2020\/07\/hand2note-hud-not-showing.png","type":"","width":"","height":""}],"twitter_card":"summary_large_image","twitter_misc":{"Est. reading time":"23 minutes"},"schema":{"@context":"https:\/\/schema.org","@graph":[]}},"jetpack_sharing_enabled":true,"_links":{"self":[{"href":"https:\/\/hand2noteguide.com\/de\/wp-json\/wp\/v2\/pages\/3334","targetHints":{"allow":["GET"]}}],"collection":[{"href":"https:\/\/hand2noteguide.com\/de\/wp-json\/wp\/v2\/pages"}],"about":[{"href":"https:\/\/hand2noteguide.com\/de\/wp-json\/wp\/v2\/types\/page"}],"author":[{"embeddable":true,"href":"https:\/\/hand2noteguide.com\/de\/wp-json\/wp\/v2\/users\/1"}],"replies":[{"embeddable":true,"href":"https:\/\/hand2noteguide.com\/de\/wp-json\/wp\/v2\/comments?post=3334"}],"version-history":[{"count":60,"href":"https:\/\/hand2noteguide.com\/de\/wp-json\/wp\/v2\/pages\/3334\/revisions"}],"predecessor-version":[{"id":13498,"href":"https:\/\/hand2noteguide.com\/de\/wp-json\/wp\/v2\/pages\/3334\/revisions\/13498"}],"up":[{"embeddable":true,"href":"https:\/\/hand2noteguide.com\/de\/wp-json\/wp\/v2\/pages\/236"}],"wp:attachment":[{"href":"https:\/\/hand2noteguide.com\/de\/wp-json\/wp\/v2\/media?parent=3334"}],"curies":[{"name":"wp","href":"https:\/\/api.w.org\/{rel}","templated":true}]}}