{"id":3424,"date":"2020-07-15T21:57:55","date_gmt":"2020-07-15T18:57:55","guid":{"rendered":"http:\/\/hand2noteguide.com\/?page_id=3424"},"modified":"2026-02-21T20:59:35","modified_gmt":"2026-02-21T17:59:35","slug":"range-research","status":"publish","type":"page","link":"https:\/\/hand2noteguide.com\/de\/guide\/range-research\/","title":{"rendered":"Range Research (Poker MDA)"},"content":{"rendered":"<div class=\"wp-block-h2n-alert h2n-alert h2n-alert--danger\"><div class=\"h2n-alert__icon\" aria-hidden=\"true\"><svg width=\"22\" height=\"22\" viewBox=\"0 0 24 24\" fill=\"none\" stroke=\"currentColor\" stroke-width=\"2\" stroke-linecap=\"round\" stroke-linejoin=\"round\"><polygon points=\"7.86 2 16.14 2 22 7.86 22 16.14 16.14 22 7.86 22 2 16.14 2 7.86 7.86 2\"\/><line x1=\"12\" y1=\"8\" x2=\"12\" y2=\"12\"\/><circle cx=\"12\" cy=\"16\" r=\"1\" fill=\"currentColor\" stroke=\"none\"\/><\/svg><\/div><div class=\"h2n-alert__content\">Range Research ist eine veraltete Funktion von Hand2Note 3, das inzwischen nicht mehr aktuell ist. In der neuesten Version Hand2Note 4 wurde Range Research durch <strong>Multiple Player Reports<\/strong> ersetzt. Lesen Sie unseren <a href=\"https:\/\/hand2noteguide.com\/de\/user-manual\/the-multiple-players-tool-in-hand2note-range-research\/\">Leitfaden zum Multiple Player Reports Tool<\/a>.<\/div><\/div>\n\n\n<p>Range Research ist ein <a href=\"https:\/\/hand2note.com\/\" target=\"_blank\" aria-label=\"undefined (opens in a new tab)\" rel=\"noreferrer noopener\">Hand2Note<\/a> Poker-Tool, das es Ihnen erm\u00f6glicht, die Tendenzen des Spielerpools zu erkunden. Es ist eine der leistungsst\u00e4rksten Funktionen von Hand2Note. Range Research ist nur in den PRO- oder EDGE-Abonnementpl\u00e4nen verf\u00fcgbar. Wenn Sie noch keine Lizenz haben, k\u00f6nnen Sie sie <a href=\"https:\/\/hand2noteguide.com\/de\/promo\/\">mit unserem Hand2Note-Gutschein mit Rabatt kaufen<\/a>.<\/p>\n\n\n\n<p>Die Range Research-Funktion bietet Ihnen unglaubliche M\u00f6glichkeiten, das Spiel Ihres Gegners gr\u00fcndlich zu untersuchen. Sie k\u00f6nnen herausfinden:<\/p>\n\n\n\n<ul class=\"wp-block-list\">\n<li>welche Frequenzen und Ranges die besten Regulars verwenden;<\/li>\n\n\n\n<li>wie aggressiv Fische den <a href=\"https:\/\/hand2noteguide.com\/de\/poker\/poker-streets\/\">River<\/a> auf spezifischen Board-Texturen \u00fcberbetten;<\/li>\n\n\n\n<li>wie tight Regulars auf Preflop in spezifischen <a href=\"https:\/\/hand2noteguide.com\/de\/poker\/poker-positions\/\">Positionen<\/a> 4-betten;<\/li>\n\n\n\n<li>und viele andere.<\/li>\n<\/ul>\n\n\n\n<figure class=\"wp-block-image size-large\"><img loading=\"lazy\" decoding=\"async\" width=\"1024\" height=\"566\" src=\"https:\/\/hand2noteguide.com\/wp-content\/uploads\/2020\/07\/Hand2Note-Range-Research-1024x566.png\" alt=\"Hand2Note Range Research\" class=\"wp-image-3459\" srcset=\"https:\/\/hand2noteguide.com\/wp-content\/uploads\/2020\/07\/Hand2Note-Range-Research-1024x566.png 1024w, https:\/\/hand2noteguide.com\/wp-content\/uploads\/2020\/07\/Hand2Note-Range-Research-300x166.png 300w, https:\/\/hand2noteguide.com\/wp-content\/uploads\/2020\/07\/Hand2Note-Range-Research-768x424.png 768w, https:\/\/hand2noteguide.com\/wp-content\/uploads\/2020\/07\/Hand2Note-Range-Research-772x426.png 772w, https:\/\/hand2noteguide.com\/wp-content\/uploads\/2020\/07\/Hand2Note-Range-Research-624x345.png 624w, https:\/\/hand2noteguide.com\/wp-content\/uploads\/2020\/07\/Hand2Note-Range-Research.png 1249w\" sizes=\"auto, (max-width: 1024px) 100vw, 1024px\" \/><figcaption class=\"wp-element-caption\">Range Research Startfenster<\/figcaption><\/figure>\n\n\n\n<p>So k\u00f6nnen Sie Wissen dar\u00fcber erlangen, wie Pokerspieler mit spezifischen Kriterien in allen m\u00f6glichen Spielszenarien spielen.<\/p>\n\n\n\n<h2 class=\"wp-block-heading\">Wie benutzt man Range Research?<\/h2>\n\n\n\n<p>Das Grundprinzip der Arbeit mit diesem Tool ist wie folgt:<\/p>\n\n\n\n<ol class=\"wp-block-list\">\n<li>Sie legen die Berichtsparameter und spezifische Kriterien zur Filterung von Spielern fest.<\/li>\n\n\n\n<li>Hand2Note durchsucht Ihre Datenbank und findet alle Spieler, deren Statistiken den angegebenen Parametern entsprechen.<\/li>\n\n\n\n<li>Sie sehen das Popup mit einer kombinierten Stichprobe aller gefundenen Spieler.<\/li>\n<\/ol>\n\n\n\n<p>Zum Beispiel erstellen wir einen einfachen Bericht f\u00fcr Regular-Spieler. \u00d6ffnen Sie Range Research, erstellen Sie einen neuen Bericht und benennen Sie ihn &#8220;Alle Regs&#8221;. W\u00e4hlen Sie Ihren Spieltyp und setzen Sie den &#8220;Ist Reg&#8221;-Filter im Base Stats-Block. Dann klicken Sie auf &#8220;Build&#8221;.<\/p>\n\n\n\n<figure class=\"wp-block-image size-large\"><img loading=\"lazy\" decoding=\"async\" width=\"1024\" height=\"594\" src=\"https:\/\/hand2noteguide.com\/wp-content\/uploads\/2020\/07\/range-research-regs-report-1024x594.png\" alt=\"Range Research report for regular players\" class=\"wp-image-3473\" srcset=\"https:\/\/hand2noteguide.com\/wp-content\/uploads\/2020\/07\/range-research-regs-report-1024x594.png 1024w, https:\/\/hand2noteguide.com\/wp-content\/uploads\/2020\/07\/range-research-regs-report-300x174.png 300w, https:\/\/hand2noteguide.com\/wp-content\/uploads\/2020\/07\/range-research-regs-report-768x446.png 768w, https:\/\/hand2noteguide.com\/wp-content\/uploads\/2020\/07\/range-research-regs-report-772x448.png 772w, https:\/\/hand2noteguide.com\/wp-content\/uploads\/2020\/07\/range-research-regs-report-624x362.png 624w, https:\/\/hand2noteguide.com\/wp-content\/uploads\/2020\/07\/range-research-regs-report.png 1125w\" sizes=\"auto, (max-width: 1024px) 100vw, 1024px\" \/><figcaption class=\"wp-element-caption\">Einstellung des Range Research-Berichts f\u00fcr Regular-Spieler<\/figcaption><\/figure>\n\n\n\n<p>Als Ergebnis erhielten wir das allgemeine Popup mit zusammengefassten Statistiken f\u00fcr alle Regs aus der Datenbank. Wir k\u00f6nnen ihre Frequenzen und Ranges-Zusammensetzungen in verschiedenen Spielsituationen untersuchen.<\/p>\n\n\n\n<figure class=\"wp-block-image size-large\"><img loading=\"lazy\" decoding=\"async\" width=\"1024\" height=\"639\" src=\"https:\/\/hand2noteguide.com\/wp-content\/uploads\/2020\/07\/range-research-result-1024x639.png\" alt=\"Range Research results\" class=\"wp-image-3475\" srcset=\"https:\/\/hand2noteguide.com\/wp-content\/uploads\/2020\/07\/range-research-result-1024x639.png 1024w, https:\/\/hand2noteguide.com\/wp-content\/uploads\/2020\/07\/range-research-result-300x187.png 300w, https:\/\/hand2noteguide.com\/wp-content\/uploads\/2020\/07\/range-research-result-768x479.png 768w, https:\/\/hand2noteguide.com\/wp-content\/uploads\/2020\/07\/range-research-result-772x482.png 772w, https:\/\/hand2noteguide.com\/wp-content\/uploads\/2020\/07\/range-research-result-624x389.png 624w, https:\/\/hand2noteguide.com\/wp-content\/uploads\/2020\/07\/range-research-result.png 1154w\" sizes=\"auto, (max-width: 1024px) 100vw, 1024px\" \/><figcaption class=\"wp-element-caption\">Ergebnis-Popup mit kombinierter Stichprobe aller Regulars<\/figcaption><\/figure>\n\n\n\n<p>In unserem Beispiel haben wir die Standardkonfiguration verwendet, sodass wir das Standard-Allgemein-Popup als Ergebnis unseres Berichts erhalten haben. Aber Sie k\u00f6nnen auch fortgeschrittenere Popups verwenden, um alle m\u00f6glichen Linien, Gr\u00f6\u00dfen und Board-Texturen gr\u00fcndlich zu untersuchen.<\/p>\n\n\n\n<p>Werfen Sie einen Blick auf die speziellen <a aria-label=\"undefined (opens in a new tab)\" href=\"https:\/\/hand2noteguide.com\/de\/hud-store\/#package_tank_mda\" target=\"_blank\" rel=\"noreferrer noopener\">Range Research Popups-Pakete<\/a> in unserem Store.<\/p>\n\n\n\n<figure class=\"wp-block-image size-large\"><img loading=\"lazy\" decoding=\"async\" width=\"1024\" height=\"951\" src=\"http:\/\/hand2noteguide.com\/wp-content\/uploads\/2020\/08\/3a-preflop-Overall-1024x951.png\" alt=\"\" class=\"wp-image-3636\" srcset=\"https:\/\/hand2noteguide.com\/wp-content\/uploads\/2020\/08\/3a-preflop-Overall-1024x951.png 1024w, https:\/\/hand2noteguide.com\/wp-content\/uploads\/2020\/08\/3a-preflop-Overall-300x279.png 300w, https:\/\/hand2noteguide.com\/wp-content\/uploads\/2020\/08\/3a-preflop-Overall-768x714.png 768w, https:\/\/hand2noteguide.com\/wp-content\/uploads\/2020\/08\/3a-preflop-Overall-772x717.png 772w, https:\/\/hand2noteguide.com\/wp-content\/uploads\/2020\/08\/3a-preflop-Overall-624x580.png 624w, https:\/\/hand2noteguide.com\/wp-content\/uploads\/2020\/08\/3a-preflop-Overall.png 1158w\" sizes=\"auto, (max-width: 1024px) 100vw, 1024px\" \/><figcaption class=\"wp-element-caption\">Dieses Popup ist Teil des <a href=\"https:\/\/hand2noteguide.com\/de\/hud-store\/tank-mda\/\" target=\"_blank\" aria-label=\"undefined (opens in a new tab)\" rel=\"noreferrer noopener\">TANK MDA<\/a> Pakets<\/figcaption><\/figure>\n\n\n\n<h2 class=\"wp-block-heading\">Ich m\u00f6chte mehr lernen<\/h2>\n\n\n\n<p>Wenn Sie alle Funktionen von Hand2Note und Range Research studieren m\u00f6chten, achten Sie auf meinen <a href=\"https:\/\/hand2noteguide.com\/de\/video-course\/\">Videokurs<\/a>.<\/p>\n\n\n\n<figure class=\"wp-block-image size-large\"><a href=\"https:\/\/nickjames.teachable.com\/courses\/hand2note-professional-usage\/lectures\/14423550?utm_source=hand2noteguide.com&amp;utm_medium=referral&amp;utm_campaign=hand2noteguide.com\" target=\"_blank\" rel=\"noopener noreferrer\"><img loading=\"lazy\" decoding=\"async\" width=\"954\" height=\"652\" src=\"http:\/\/hand2noteguide.com\/wp-content\/uploads\/2020\/09\/hand2note-video-course-2.png\" alt=\"\" class=\"wp-image-4040\" srcset=\"https:\/\/hand2noteguide.com\/wp-content\/uploads\/2020\/09\/hand2note-video-course-2.png 954w, https:\/\/hand2noteguide.com\/wp-content\/uploads\/2020\/09\/hand2note-video-course-2-300x205.png 300w, https:\/\/hand2noteguide.com\/wp-content\/uploads\/2020\/09\/hand2note-video-course-2-768x525.png 768w, https:\/\/hand2noteguide.com\/wp-content\/uploads\/2020\/09\/hand2note-video-course-2-772x528.png 772w, https:\/\/hand2noteguide.com\/wp-content\/uploads\/2020\/09\/hand2note-video-course-2-624x426.png 624w\" sizes=\"auto, (max-width: 954px) 100vw, 954px\" \/><\/a><figcaption class=\"wp-element-caption\">Ein Teil des <a href=\"https:\/\/hand2noteguide.com\/de\/video-course\/\">Hand2Note Videokurses<\/a><\/figcaption><\/figure>\n\n\n\n<p>Es ist ein vollst\u00e4ndiger Kurs, der alle Hand2Note-Funktionen abdeckt. Aber selbst wenn Sie nur Range Research lernen m\u00f6chten, empfehle ich Ihnen, den gesamten Kurs zu absolvieren. Es gibt viele Nebenthemen, die Ihre Arbeit mit Range Research und die Effizienz Ihrer Analyse insgesamt erheblich verbessern k\u00f6nnen:<\/p>\n\n\n\n<ul class=\"wp-block-list\">\n<li>Reg\/Fish-Erkennungssystem<\/li>\n\n\n\n<li>Plain und Expression Stats in Hand2Note<\/li>\n\n\n\n<li>Erweitertes Popup auf Stat (einschlie\u00dflich Preflop- und Postflop-Diagrammen)<\/li>\n\n\n\n<li>Board-Texturen-Anpassung<\/li>\n\n\n\n<li>usw.<\/li>\n<\/ul>\n\n\n\n<p>Nach Abschluss des Kurses haben Sie alle notwendigen Kenntnisse, um professionell mit Range Research und Hand2Note im Allgemeinen zu arbeiten.<\/p>\n\n\n\n<p>Alternativ k\u00f6nnen Sie <a href=\"https:\/\/hand2noteguide.com\/de\/training\/\">Coaching-Sitzungen<\/a> nutzen. Dies k\u00f6nnte eine gute Option sein, wenn Sie eine Reihe spezifischer Fragen haben und nach einem pers\u00f6nlicheren Ansatz suchen.<\/p>\n","protected":false},"excerpt":{"rendered":"<p>Range Research ist ein Hand2Note Poker-Tool, das es Ihnen erm\u00f6glicht, die Tendenzen des Spielerpools zu erkunden. Es ist eine der leistungsst\u00e4rksten Funktionen von Hand2Note. Range Research ist nur in den PRO- oder EDGE-Abonnementpl\u00e4nen verf\u00fcgbar. Wenn Sie noch keine Lizenz haben, k\u00f6nnen Sie sie mit unserem Hand2Note-Gutschein mit Rabatt kaufen. Die Range Research-Funktion bietet Ihnen unglaubliche &hellip; <a href=\"https:\/\/hand2noteguide.com\/de\/guide\/range-research\/\" class=\"more-link\">Continue reading <span class=\"screen-reader-text\">Range Research (Poker MDA)<\/span><\/a><\/p>\n","protected":false},"author":1,"featured_media":0,"parent":74,"menu_order":0,"comment_status":"closed","ping_status":"closed","template":"","meta":{"footnotes":""},"class_list":["post-3424","page","type-page","status-publish","hentry"],"translation":{"provider":"WPGlobus","version":"3.0.2","language":"de","enabled_languages":["en","ru","pt","zh","es","fr","de","it","ja"],"languages":{"en":{"title":true,"content":true,"excerpt":false},"ru":{"title":true,"content":true,"excerpt":false},"pt":{"title":true,"content":true,"excerpt":false},"zh":{"title":true,"content":true,"excerpt":false},"es":{"title":true,"content":true,"excerpt":false},"fr":{"title":true,"content":true,"excerpt":false},"de":{"title":true,"content":true,"excerpt":false},"it":{"title":true,"content":true,"excerpt":false},"ja":{"title":true,"content":true,"excerpt":false}}},"yoast_head":"<!-- This site is optimized with the Yoast SEO plugin v27.0 - https:\/\/yoast.com\/product\/yoast-seo-wordpress\/ -->\n<title>Range Research in Hand2Note: Spielerpool-Statistiken mit MDA erkunden<\/title>\n<meta name=\"description\" content=\"Erfahren Sie, wie Sie Range Research in Hand2Note nutzen, um die Tendenzen und Frequenzen des Spielerpools zu analysieren. Erstellen Sie benutzerdefinierte Berichte und verbessern Sie Ihre Strategie mit MDA.\" \/>\n<meta name=\"robots\" content=\"index, follow, max-snippet:-1, max-image-preview:large, max-video-preview:-1\" \/>\n<link rel=\"canonical\" href=\"https:\/\/hand2noteguide.com\/guide\/range-research\/\" \/>\n<meta property=\"og:locale\" content=\"de_DE\" \/>\n<meta property=\"og:type\" content=\"article\" \/>\n<meta property=\"og:title\" content=\"Range Research in Hand2Note: Spielerpool-Statistiken mit MDA erkunden\" \/>\n<meta property=\"og:description\" content=\"Erfahren Sie, wie Sie Range Research in Hand2Note nutzen, um die Tendenzen und Frequenzen des Spielerpools zu analysieren. Erstellen Sie benutzerdefinierte Berichte und verbessern Sie Ihre Strategie mit MDA.\" \/>\n<meta property=\"og:url\" content=\"https:\/\/hand2noteguide.com\/guide\/range-research\/\" \/>\n<meta property=\"og:site_name\" content=\"Hand2Note Guide\" \/>\n<meta property=\"article:modified_time\" content=\"2026-02-21T17:59:35+00:00\" \/>\n<meta property=\"og:image\" content=\"https:\/\/hand2noteguide.com\/wp-content\/uploads\/2020\/07\/Hand2Note-Range-Research-1024x566.png\" \/>\n<meta name=\"twitter:card\" content=\"summary_large_image\" \/>\n<meta name=\"twitter:label1\" content=\"Est. reading time\" \/>\n\t<meta name=\"twitter:data1\" content=\"17 minutes\" \/>\n<!-- \/ Yoast SEO plugin. -->","yoast_head_json":{"title":"Range Research in Hand2Note: Spielerpool-Statistiken mit MDA erkunden","description":"Erfahren Sie, wie Sie Range Research in Hand2Note nutzen, um die Tendenzen und Frequenzen des Spielerpools zu analysieren. Erstellen Sie benutzerdefinierte Berichte und verbessern Sie Ihre Strategie mit MDA.","robots":{"index":"index","follow":"follow","max-snippet":"max-snippet:-1","max-image-preview":"max-image-preview:large","max-video-preview":"max-video-preview:-1"},"canonical":"https:\/\/hand2noteguide.com\/guide\/range-research\/","og_locale":"de_DE","og_type":"article","og_title":"Range Research in Hand2Note: Spielerpool-Statistiken mit MDA erkunden","og_description":"Erfahren Sie, wie Sie Range Research in Hand2Note nutzen, um die Tendenzen und Frequenzen des Spielerpools zu analysieren. Erstellen Sie benutzerdefinierte Berichte und verbessern Sie Ihre Strategie mit MDA.","og_url":"https:\/\/hand2noteguide.com\/guide\/range-research\/","og_site_name":"Hand2Note Guide","article_modified_time":"2026-02-21T17:59:35+00:00","og_image":[{"url":"https:\/\/hand2noteguide.com\/wp-content\/uploads\/2020\/07\/Hand2Note-Range-Research-1024x566.png","type":"","width":"","height":""}],"twitter_card":"summary_large_image","twitter_misc":{"Est. reading time":"17 minutes"},"schema":{"@context":"https:\/\/schema.org","@graph":[]}},"jetpack_sharing_enabled":true,"_links":{"self":[{"href":"https:\/\/hand2noteguide.com\/de\/wp-json\/wp\/v2\/pages\/3424","targetHints":{"allow":["GET"]}}],"collection":[{"href":"https:\/\/hand2noteguide.com\/de\/wp-json\/wp\/v2\/pages"}],"about":[{"href":"https:\/\/hand2noteguide.com\/de\/wp-json\/wp\/v2\/types\/page"}],"author":[{"embeddable":true,"href":"https:\/\/hand2noteguide.com\/de\/wp-json\/wp\/v2\/users\/1"}],"replies":[{"embeddable":true,"href":"https:\/\/hand2noteguide.com\/de\/wp-json\/wp\/v2\/comments?post=3424"}],"version-history":[{"count":51,"href":"https:\/\/hand2noteguide.com\/de\/wp-json\/wp\/v2\/pages\/3424\/revisions"}],"predecessor-version":[{"id":15254,"href":"https:\/\/hand2noteguide.com\/de\/wp-json\/wp\/v2\/pages\/3424\/revisions\/15254"}],"up":[{"embeddable":true,"href":"https:\/\/hand2noteguide.com\/de\/wp-json\/wp\/v2\/pages\/74"}],"wp:attachment":[{"href":"https:\/\/hand2noteguide.com\/de\/wp-json\/wp\/v2\/media?parent=3424"}],"curies":[{"name":"wp","href":"https:\/\/api.w.org\/{rel}","templated":true}]}}