{"id":367,"date":"2018-08-10T15:06:46","date_gmt":"2018-08-10T12:06:46","guid":{"rendered":"https:\/\/h2n312.wordpress.com\/?page_id=367"},"modified":"2025-06-04T18:59:16","modified_gmt":"2025-06-04T15:59:16","slug":"add-aggression-wtsd","status":"publish","type":"page","link":"https:\/\/hand2noteguide.com\/de\/guide\/hud\/add-aggression-wtsd\/","title":{"rendered":"Wie man Aggressions- und Showdown-Stats in das HUD einf\u00fcgt"},"content":{"rendered":"<p>Stats wie AF, Afq, wtsd, w$sd, wwsf sind <a href=\"https:\/\/hand2noteguide.com\/de\/guide\/creating-stats\/expression\/\">Expression Stats<\/a>. Um sie in das HUD einzuf\u00fcgen, gehen Sie wie folgt vor:<\/p>\n<ol>\n<li>Klicken Sie mit der rechten Maustaste auf eine Zelle und w\u00e4hlen Sie <em>Einf\u00fcgen \u2192 Expression stat&#8230;<br \/>\n<img loading=\"lazy\" decoding=\"async\" class=\"alignnone size-full wp-image-843\" src=\"https:\/\/hand2noteguide.com\/wp-content\/uploads\/2019\/05\/hand2note-insert-expression-stat-into-hud.png\" alt=\"hand2note insert expression stat into HUD\" width=\"505\" height=\"463\" srcset=\"https:\/\/hand2noteguide.com\/wp-content\/uploads\/2019\/05\/hand2note-insert-expression-stat-into-hud.png 505w, https:\/\/hand2noteguide.com\/wp-content\/uploads\/2019\/05\/hand2note-insert-expression-stat-into-hud-300x275.png 300w\" sizes=\"auto, (max-width: 505px) 100vw, 505px\" \/><br \/>\n<\/em><\/li>\n<li>Im erscheinenden Suchfenster beginnen Sie, den Namen des Stats einzugeben:<br \/>\n<img loading=\"lazy\" decoding=\"async\" class=\"alignnone size-full wp-image-369\" src=\"https:\/\/hand2noteguide.com\/wp-content\/uploads\/2018\/08\/hand2note-aggression-stat-search.png\" alt=\"Hand2Note aggression stat search\" width=\"287\" height=\"332\" srcset=\"https:\/\/hand2noteguide.com\/wp-content\/uploads\/2018\/08\/hand2note-aggression-stat-search.png 287w, https:\/\/hand2noteguide.com\/wp-content\/uploads\/2018\/08\/hand2note-aggression-stat-search-259x300.png 259w\" sizes=\"auto, (max-width: 287px) 100vw, 287px\" \/><br \/>\nStandard-Showdown-Stats hei\u00dfen so:<br \/>\n<img loading=\"lazy\" decoding=\"async\" class=\"alignnone size-full wp-image-370\" src=\"https:\/\/hand2noteguide.com\/wp-content\/uploads\/2018\/08\/hand2note-showdown-stats-list.png\" alt=\"Hand2Note showdown stats list\" width=\"165\" height=\"88\" \/><\/li>\n<li>W\u00e4hlen Sie das gew\u00fcnschte Stat aus und klicken Sie auf <em>OK<\/em><\/li>\n<\/ol>\n","protected":false},"excerpt":{"rendered":"<p>Stats wie AF, Afq, wtsd, w$sd, wwsf sind Expression Stats. Um sie in das HUD einzuf\u00fcgen, gehen Sie wie folgt vor: Klicken Sie mit der rechten Maustaste auf eine Zelle und w\u00e4hlen Sie Einf\u00fcgen \u2192 Expression stat&#8230; Im erscheinenden Suchfenster beginnen Sie, den Namen des Stats einzugeben: Standard-Showdown-Stats hei\u00dfen so: W\u00e4hlen Sie das gew\u00fcnschte Stat &hellip; <a href=\"https:\/\/hand2noteguide.com\/de\/guide\/hud\/add-aggression-wtsd\/\" class=\"more-link\">Continue reading <span class=\"screen-reader-text\">Wie man Aggressions- und Showdown-Stats in das HUD einf\u00fcgt<\/span><\/a><\/p>\n","protected":false},"author":1,"featured_media":0,"parent":372,"menu_order":0,"comment_status":"closed","ping_status":"closed","template":"page-templates\/full-width-page.php","meta":{"footnotes":""},"class_list":["post-367","page","type-page","status-publish","hentry"],"translation":{"provider":"WPGlobus","version":"3.0.2","language":"de","enabled_languages":["en","ru","pt","zh","es","fr","de","it","ja"],"languages":{"en":{"title":true,"content":true,"excerpt":false},"ru":{"title":true,"content":true,"excerpt":false},"pt":{"title":true,"content":true,"excerpt":false},"zh":{"title":true,"content":true,"excerpt":false},"es":{"title":true,"content":true,"excerpt":false},"fr":{"title":true,"content":true,"excerpt":false},"de":{"title":true,"content":true,"excerpt":false},"it":{"title":true,"content":true,"excerpt":false},"ja":{"title":true,"content":true,"excerpt":false}}},"yoast_head":"<!-- This site is optimized with the Yoast SEO plugin v27.0 - https:\/\/yoast.com\/product\/yoast-seo-wordpress\/ -->\n<title>F\u00fcgen Sie Aggressions- und Showdown-Stats zu Ihrem Poker-HUD hinzu<\/title>\n<meta name=\"description\" content=\"Erfahren Sie, wie Sie Aggressions- und Showdown-Stats einfach zu Ihrem Poker-HUD hinzuf\u00fcgen k\u00f6nnen. Verbessern Sie Ihre Spielstrategie mit diesen essenziellen Poker-Statistiken.\" \/>\n<meta name=\"robots\" content=\"index, follow, max-snippet:-1, max-image-preview:large, max-video-preview:-1\" \/>\n<link rel=\"canonical\" href=\"https:\/\/hand2noteguide.com\/guide\/hud\/add-aggression-wtsd\/\" \/>\n<meta property=\"og:locale\" content=\"de_DE\" \/>\n<meta property=\"og:type\" content=\"article\" \/>\n<meta property=\"og:title\" content=\"F\u00fcgen Sie Aggressions- und Showdown-Stats zu Ihrem Poker-HUD hinzu\" \/>\n<meta property=\"og:description\" content=\"Erfahren Sie, wie Sie Aggressions- und Showdown-Stats einfach zu Ihrem Poker-HUD hinzuf\u00fcgen k\u00f6nnen. Verbessern Sie Ihre Spielstrategie mit diesen essenziellen Poker-Statistiken.\" \/>\n<meta property=\"og:url\" content=\"https:\/\/hand2noteguide.com\/guide\/hud\/add-aggression-wtsd\/\" \/>\n<meta property=\"og:site_name\" content=\"Hand2Note Guide\" \/>\n<meta property=\"article:modified_time\" content=\"2025-06-04T15:59:16+00:00\" \/>\n<meta property=\"og:image\" content=\"https:\/\/hand2noteguide.com\/wp-content\/uploads\/2019\/05\/hand2note-insert-expression-stat-into-hud.png\" \/>\n<meta name=\"twitter:card\" content=\"summary_large_image\" \/>\n<meta name=\"twitter:label1\" content=\"Est. reading time\" \/>\n\t<meta name=\"twitter:data1\" content=\"2 minutes\" \/>\n<!-- \/ Yoast SEO plugin. -->","yoast_head_json":{"title":"F\u00fcgen Sie Aggressions- und Showdown-Stats zu Ihrem Poker-HUD hinzu","description":"Erfahren Sie, wie Sie Aggressions- und Showdown-Stats einfach zu Ihrem Poker-HUD hinzuf\u00fcgen k\u00f6nnen. Verbessern Sie Ihre Spielstrategie mit diesen essenziellen Poker-Statistiken.","robots":{"index":"index","follow":"follow","max-snippet":"max-snippet:-1","max-image-preview":"max-image-preview:large","max-video-preview":"max-video-preview:-1"},"canonical":"https:\/\/hand2noteguide.com\/guide\/hud\/add-aggression-wtsd\/","og_locale":"de_DE","og_type":"article","og_title":"F\u00fcgen Sie Aggressions- und Showdown-Stats zu Ihrem Poker-HUD hinzu","og_description":"Erfahren Sie, wie Sie Aggressions- und Showdown-Stats einfach zu Ihrem Poker-HUD hinzuf\u00fcgen k\u00f6nnen. Verbessern Sie Ihre Spielstrategie mit diesen essenziellen Poker-Statistiken.","og_url":"https:\/\/hand2noteguide.com\/guide\/hud\/add-aggression-wtsd\/","og_site_name":"Hand2Note Guide","article_modified_time":"2025-06-04T15:59:16+00:00","og_image":[{"url":"https:\/\/hand2noteguide.com\/wp-content\/uploads\/2019\/05\/hand2note-insert-expression-stat-into-hud.png","type":"","width":"","height":""}],"twitter_card":"summary_large_image","twitter_misc":{"Est. reading time":"2 minutes"},"schema":{"@context":"https:\/\/schema.org","@graph":[]}},"jetpack_sharing_enabled":false,"_links":{"self":[{"href":"https:\/\/hand2noteguide.com\/de\/wp-json\/wp\/v2\/pages\/367","targetHints":{"allow":["GET"]}}],"collection":[{"href":"https:\/\/hand2noteguide.com\/de\/wp-json\/wp\/v2\/pages"}],"about":[{"href":"https:\/\/hand2noteguide.com\/de\/wp-json\/wp\/v2\/types\/page"}],"author":[{"embeddable":true,"href":"https:\/\/hand2noteguide.com\/de\/wp-json\/wp\/v2\/users\/1"}],"replies":[{"embeddable":true,"href":"https:\/\/hand2noteguide.com\/de\/wp-json\/wp\/v2\/comments?post=367"}],"version-history":[{"count":12,"href":"https:\/\/hand2noteguide.com\/de\/wp-json\/wp\/v2\/pages\/367\/revisions"}],"predecessor-version":[{"id":13534,"href":"https:\/\/hand2noteguide.com\/de\/wp-json\/wp\/v2\/pages\/367\/revisions\/13534"}],"up":[{"embeddable":true,"href":"https:\/\/hand2noteguide.com\/de\/wp-json\/wp\/v2\/pages\/372"}],"wp:attachment":[{"href":"https:\/\/hand2noteguide.com\/de\/wp-json\/wp\/v2\/media?parent=367"}],"curies":[{"name":"wp","href":"https:\/\/api.w.org\/{rel}","templated":true}]}}