{"id":372,"date":"2018-08-10T15:08:01","date_gmt":"2018-08-10T12:08:01","guid":{"rendered":"https:\/\/h2n312.wordpress.com\/?page_id=372"},"modified":"2025-06-04T18:58:31","modified_gmt":"2025-06-04T15:58:31","slug":"hud","status":"publish","type":"page","link":"https:\/\/hand2noteguide.com\/de\/guide\/hud\/","title":{"rendered":"HUD"},"content":{"rendered":"\n<h2 class=\"wp-block-heading\">Standardprofile<\/h2>\n\n\n\n<p>Hand2Note wird mit zwei Standardprofilen von HUDs und Popups geliefert &#8211; <em>default<\/em> und <em>PokerMaster default<\/em>. Sie enthalten ein grundlegendes Set von Stats, das f\u00fcr ein sicheres Spiel auf der Anfangsstufe ausreicht. Diese HUDs k\u00f6nnen jedoch auch von erfahrenen Regulars genutzt werden, zum Beispiel in <a href=\"https:\/\/hand2noteguide.com\/de\/asian\/\">asiatischen R\u00e4umen<\/a>, wo die Stichprobe der Spieler oft nicht ausreicht, um komplexe HUDs produktiv zu nutzen.<\/p>\n\n\n\n<h2 class=\"wp-block-heading\">HUD-Erstellung<\/h2>\n\n\n\n<p>Hand2Note bietet sehr flexible Werkzeuge zur Gestaltung Ihres HUDs. Wenn Sie ein HUD selbst erstellen m\u00f6chten, lesen Sie zun\u00e4chst die Anleitungen zur <a rel=\"noreferrer noopener\" href=\"http:\/\/www.hand2note.com\/Help\/Index\/HUDCustomization\" target=\"_blank\">Erstellung eines HUDs<\/a> und zur <a href=\"https:\/\/hand2noteguide.com\/de\/guide\/creating-stats\/\">Erstellung von Stats<\/a>. Sie k\u00f6nnen auch <a href=\"https:\/\/hand2noteguide.com\/de\/training\/\">pers\u00f6nliche Lektionen<\/a> zur Erstellung eines HUDs beliebiger Komplexit\u00e4t nehmen.<\/p>\n\n\n\n\n<!-- Page-list plugin v.5.2 wordpress.org\/plugins\/page-list\/ -->\n<ul class=\"page-list \">\n<li class=\"page_item page-item-367\"><a href=\"https:\/\/hand2noteguide.com\/de\/guide\/hud\/add-aggression-wtsd\/\">Wie man Aggressions- und Showdown-Stats in das HUD einf\u00fcgt<\/a><\/li>\n<li class=\"page_item page-item-402\"><a href=\"https:\/\/hand2noteguide.com\/de\/guide\/hud\/add-hands-counter\/\">Wie f\u00fcgt man einen Handz\u00e4hler ein?<\/a><\/li>\n<li class=\"page_item page-item-396\"><a href=\"https:\/\/hand2noteguide.com\/de\/guide\/hud\/add-abbreviations\/\">Wie f\u00fcgt man Abk\u00fcrzungen zu Stats hinzu?<\/a><\/li>\n<li class=\"page_item page-item-375\"><a href=\"https:\/\/hand2noteguide.com\/de\/guide\/hud\/add-nickname-winrate-stacksize\/\">Wie man Nickname, Winrate und Stackgr\u00f6\u00dfe in das HUD einf\u00fcgt<\/a><\/li>\n\n<\/ul>\n\n\n\n<h2 class=\"wp-block-heading\">Import von HM2\/PT4<\/h2>\n\n\n\n<p>Der automatische HUD-Import von anderen Trackern wird nicht unterst\u00fctzt. Wenn Sie also Ihr HUD und Popups von einem anderen Tracker importieren m\u00f6chten, nutzen Sie den <a rel=\"noreferrer noopener\" href=\"http:\/\/www.hand2note.com\/Help\/Index\/OrderCustomHUD\" target=\"_blank\">privaten HUD-Bestellservice<\/a>. Bitte beachten Sie, dass dieser Service kostenpflichtig ist. Lesen Sie die Informationen auf dem Link sorgf\u00e4ltig durch. Wenn Sie mit den Bedingungen einverstanden sind, senden Sie eine Anfrage an den <a href=\"https:\/\/hand2noteguide.com\/de\/hand2note-official-support\/\">Support-Service<\/a>.<\/p>\n\n\n\n<h2 class=\"wp-block-heading\">Fertige Pakete<\/h2>\n\n\n\n<p>Sie k\u00f6nnen eines der fertigen kommerziellen Pakete im <a rel=\"noreferrer noopener\" href=\"http:\/\/www.hand2note.com\/Shop\" target=\"_blank\">offiziellen Shop<\/a> ausw\u00e4hlen. Die Paketentwickler bieten in der Regel kostenlose Testzeitr\u00e4ume f\u00fcr ihre Produkte an. Daher k\u00f6nnen Sie die Autoren kontaktieren und mehrere Optionen ausprobieren, um dann die f\u00fcr Sie am besten geeignete auszuw\u00e4hlen. Die Kontaktdaten der Entwickler finden Sie in der Beschreibung jedes Produkts im Shop. Bitte beachten Sie, dass Sie zur Nutzung kommerzieller Pakete einen <a href=\"https:\/\/hand2noteguide.com\/de\/guide\/serial-key\/\">Hand2Note-Lizenzschl\u00fcssel<\/a> ben\u00f6tigen. Das hei\u00dft, Sie m\u00fcssen mindestens einmal ein <a href=\"https:\/\/hand2noteguide.com\/de\/guide\/choose-subscription\/\">Abonnement<\/a> kaufen. Wenn Sie Mikroeins\u00e4tze spielen, ist es nicht notwendig, das Abonnement zu erneuern.<\/p>\n\n\n\n<h2 class=\"wp-block-heading\">HUD FAQ<\/h2>\n\n\n\n\n<!-- Page-list plugin v.5.2 wordpress.org\/plugins\/page-list\/ -->\n<ul class=\"page-list \">\n<li class=\"page_item page-item-1556\"><a href=\"https:\/\/hand2noteguide.com\/de\/guide\/hud\/different-huds-in-different-rooms\/\">Verwendung verschiedener HUDs in unterschiedlichen R\u00e4umen<\/a><\/li>\n<li class=\"page_item page-item-379\"><a href=\"https:\/\/hand2noteguide.com\/de\/guide\/hud\/activate-session-hud\/\">So aktivieren Sie das Session HUD<\/a><\/li>\n<li class=\"page_item page-item-409\"><a href=\"https:\/\/hand2noteguide.com\/de\/guide\/hud\/hero-hud\/\">Wie erh\u00e4lt man ein HUD f\u00fcr Hero?<\/a><\/li>\n<li class=\"page_item page-item-472\"><a href=\"https:\/\/hand2noteguide.com\/de\/guide\/hud\/disable-hud\/\">Wie man das HUD deaktiviert<\/a><\/li>\n<li class=\"page_item page-item-452\"><a href=\"https:\/\/hand2noteguide.com\/de\/guide\/hud\/divide-stats-sh-fr\/\">Wie teilt man Statistiken nach der Anzahl der Spieler (SH\/FR)?<\/a><\/li>\n<li class=\"page_item page-item-1527\"><a href=\"https:\/\/hand2noteguide.com\/de\/guide\/hud\/switch-profile\/\">Wie man das HUD-Profil wechselt<\/a><\/li>\n\n<\/ul>\n\n\n\n<h2 class=\"wp-block-heading\">Kostenloses HUD<\/h2>\n\n\n\n<p>Verpassen Sie nicht die Gelegenheit, unser Angebot f\u00fcr ein <a href=\"https:\/\/hand2noteguide.com\/de\/free-hud\/\">kostenloses professionelles HUD<\/a> zu nutzen.<\/p>\n","protected":false},"excerpt":{"rendered":"<p>Standardprofile Hand2Note wird mit zwei Standardprofilen von HUDs und Popups geliefert &#8211; default und PokerMaster default. Sie enthalten ein grundlegendes Set von Stats, das f\u00fcr ein sicheres Spiel auf der Anfangsstufe ausreicht. Diese HUDs k\u00f6nnen jedoch auch von erfahrenen Regulars genutzt werden, zum Beispiel in asiatischen R\u00e4umen, wo die Stichprobe der Spieler oft nicht ausreicht, &hellip; <a href=\"https:\/\/hand2noteguide.com\/de\/guide\/hud\/\" class=\"more-link\">Continue reading <span class=\"screen-reader-text\">HUD<\/span><\/a><\/p>\n","protected":false},"author":1,"featured_media":0,"parent":74,"menu_order":0,"comment_status":"closed","ping_status":"closed","template":"page-templates\/full-width-page.php","meta":{"footnotes":""},"class_list":["post-372","page","type-page","status-publish","hentry"],"translation":{"provider":"WPGlobus","version":"3.0.2","language":"de","enabled_languages":["en","ru","pt","zh","es","fr","de","it","ja"],"languages":{"en":{"title":true,"content":true,"excerpt":false},"ru":{"title":true,"content":true,"excerpt":false},"pt":{"title":true,"content":true,"excerpt":false},"zh":{"title":true,"content":true,"excerpt":false},"es":{"title":true,"content":true,"excerpt":false},"fr":{"title":true,"content":true,"excerpt":false},"de":{"title":true,"content":true,"excerpt":false},"it":{"title":true,"content":true,"excerpt":false},"ja":{"title":true,"content":true,"excerpt":false}}},"yoast_head":"<!-- This site is optimized with the Yoast SEO plugin v27.0 - https:\/\/yoast.com\/product\/yoast-seo-wordpress\/ -->\n<title>Ihre HUD-Optionen in Hand2Note 3<\/title>\n<meta name=\"description\" content=\"Erstellen Sie Ihr eigenes HUD, kaufen Sie eines der fertigen Pakete oder importieren Sie ein HUD von einem anderen Tracker. Erhalten Sie ein kostenloses positionsbasiertes HUD oder nehmen Sie an einem pers\u00f6nlichen HUD-Erstellungstraining teil.\" \/>\n<meta name=\"robots\" content=\"index, follow, max-snippet:-1, max-image-preview:large, max-video-preview:-1\" \/>\n<link rel=\"canonical\" href=\"https:\/\/hand2noteguide.com\/guide\/hud\/\" \/>\n<meta property=\"og:locale\" content=\"de_DE\" \/>\n<meta property=\"og:type\" content=\"article\" \/>\n<meta property=\"og:title\" content=\"Ihre HUD-Optionen in Hand2Note 3\" \/>\n<meta property=\"og:description\" content=\"Erstellen Sie Ihr eigenes HUD, kaufen Sie eines der fertigen Pakete oder importieren Sie ein HUD von einem anderen Tracker. Erhalten Sie ein kostenloses positionsbasiertes HUD oder nehmen Sie an einem pers\u00f6nlichen HUD-Erstellungstraining teil.\" \/>\n<meta property=\"og:url\" content=\"https:\/\/hand2noteguide.com\/guide\/hud\/\" \/>\n<meta property=\"og:site_name\" content=\"Hand2Note Guide\" \/>\n<meta property=\"article:modified_time\" content=\"2025-06-04T15:58:31+00:00\" \/>\n<meta name=\"twitter:card\" content=\"summary_large_image\" \/>\n<meta name=\"twitter:label1\" content=\"Est. reading time\" \/>\n\t<meta name=\"twitter:data1\" content=\"10 minutes\" \/>\n<!-- \/ Yoast SEO plugin. -->","yoast_head_json":{"title":"Ihre HUD-Optionen in Hand2Note 3","description":"Erstellen Sie Ihr eigenes HUD, kaufen Sie eines der fertigen Pakete oder importieren Sie ein HUD von einem anderen Tracker. Erhalten Sie ein kostenloses positionsbasiertes HUD oder nehmen Sie an einem pers\u00f6nlichen HUD-Erstellungstraining teil.","robots":{"index":"index","follow":"follow","max-snippet":"max-snippet:-1","max-image-preview":"max-image-preview:large","max-video-preview":"max-video-preview:-1"},"canonical":"https:\/\/hand2noteguide.com\/guide\/hud\/","og_locale":"de_DE","og_type":"article","og_title":"Ihre HUD-Optionen in Hand2Note 3","og_description":"Erstellen Sie Ihr eigenes HUD, kaufen Sie eines der fertigen Pakete oder importieren Sie ein HUD von einem anderen Tracker. Erhalten Sie ein kostenloses positionsbasiertes HUD oder nehmen Sie an einem pers\u00f6nlichen HUD-Erstellungstraining teil.","og_url":"https:\/\/hand2noteguide.com\/guide\/hud\/","og_site_name":"Hand2Note Guide","article_modified_time":"2025-06-04T15:58:31+00:00","twitter_card":"summary_large_image","twitter_misc":{"Est. reading time":"10 minutes"},"schema":{"@context":"https:\/\/schema.org","@graph":[]}},"jetpack_sharing_enabled":false,"_links":{"self":[{"href":"https:\/\/hand2noteguide.com\/de\/wp-json\/wp\/v2\/pages\/372","targetHints":{"allow":["GET"]}}],"collection":[{"href":"https:\/\/hand2noteguide.com\/de\/wp-json\/wp\/v2\/pages"}],"about":[{"href":"https:\/\/hand2noteguide.com\/de\/wp-json\/wp\/v2\/types\/page"}],"author":[{"embeddable":true,"href":"https:\/\/hand2noteguide.com\/de\/wp-json\/wp\/v2\/users\/1"}],"replies":[{"embeddable":true,"href":"https:\/\/hand2noteguide.com\/de\/wp-json\/wp\/v2\/comments?post=372"}],"version-history":[{"count":44,"href":"https:\/\/hand2noteguide.com\/de\/wp-json\/wp\/v2\/pages\/372\/revisions"}],"predecessor-version":[{"id":13533,"href":"https:\/\/hand2noteguide.com\/de\/wp-json\/wp\/v2\/pages\/372\/revisions\/13533"}],"up":[{"embeddable":true,"href":"https:\/\/hand2noteguide.com\/de\/wp-json\/wp\/v2\/pages\/74"}],"wp:attachment":[{"href":"https:\/\/hand2noteguide.com\/de\/wp-json\/wp\/v2\/media?parent=372"}],"curies":[{"name":"wp","href":"https:\/\/api.w.org\/{rel}","templated":true}]}}